{"id":5459,"date":"2025-11-01T20:00:15","date_gmt":"2025-11-01T20:00:15","guid":{"rendered":"https:\/\/edmpco.com\/?post_type=product&#038;p=5459"},"modified":"2026-03-18T04:50:09","modified_gmt":"2026-03-18T04:50:09","slug":"mk32h","status":"publish","type":"product","link":"https:\/\/edmpco.com\/es\/product\/mk32h\/","title":{"rendered":"Mk32H"},"content":{"rendered":"<p>El Mk32H es un medidor de electricidad monof\u00e1sico compacto de riel DIN dise\u00f1ado por EDMI Limitad, ampliamente implementado durante la \u00faltima d\u00e9cada en numerosas empresas de servicios p\u00fablicos. Tiene un historial comprobado en la implementaci\u00f3n de soluciones inteligentes de medici\u00f3n de electricidad pospago y prepago.<\/p>\n","protected":false},"excerpt":{"rendered":"<p>El Mk32H es un medidor de electricidad monof\u00e1sico compacto de riel DIN dise\u00f1ado por EDMI Limitad, ampliamente implementado durante la \u00faltima d\u00e9cada en numerosas empresas de servicios p\u00fablicos. Tiene un historial comprobado en la implementaci\u00f3n de soluciones inteligentes de medici\u00f3n de electricidad pospago y prepago.<\/p>\n<p><a class=\"psacp-rdmr-btn\" href=\"https:\/\/edmpco.com\/wp-content\/uploads\/2025\/11\/MK32H-WITHOIUT-IDIS.pdf\" target=\"_blank\" rel=\"noopener\">Ficha informativa<\/a><\/p>\n","protected":false},"featured_media":6419,"comment_status":"open","ping_status":"closed","template":"","meta":[],"product_brand":[],"product_cat":[15],"product_tag":[],"class_list":{"0":"post-5459","1":"product","2":"type-product","3":"status-publish","4":"has-post-thumbnail","6":"product_cat-electricity-meters","8":"first","9":"instock","10":"featured","11":"shipping-taxable","12":"product-type-simple"},"yoast_head":"<!-- This site is optimized with the Yoast SEO plugin v27.4 - https:\/\/yoast.com\/product\/yoast-seo-wordpress\/ -->\n<title>Mk32H<\/title>\n<meta name=\"robots\" content=\"index, follow, max-snippet:-1, max-image-preview:large, max-video-preview:-1\" \/>\n<link rel=\"canonical\" href=\"https:\/\/edmpco.com\/es\/product\/mk32h\/\" \/>\n<meta property=\"og:locale\" content=\"es_ES\" \/>\n<meta property=\"og:locale:alternate\" content=\"en_US\" \/>\n<meta property=\"og:locale:alternate\" content=\"fr_FR\" \/>\n<meta property=\"og:type\" content=\"article\" \/>\n<meta property=\"og:title\" content=\"Mk32H\" \/>\n<meta property=\"og:description\" content=\"El Mk32H es un medidor de electricidad monof\u00e1sico compacto de riel DIN dise\u00f1ado por EDMI Limitad, ampliamente implementado durante la \u00faltima d\u00e9cada en numerosas empresas de servicios p\u00fablicos. Tiene un historial comprobado en la implementaci\u00f3n de soluciones inteligentes de medici\u00f3n de electricidad pospago y prepago.  Ficha informativa\" \/>\n<meta property=\"og:url\" content=\"https:\/\/edmpco.com\/es\/product\/mk32h\/\" \/>\n<meta property=\"og:site_name\" content=\"Edmpco\" \/>\n<meta property=\"article:modified_time\" content=\"2026-03-18T04:50:09+00:00\" \/>\n<meta property=\"og:image\" content=\"https:\/\/edmpco.com\/wp-content\/uploads\/2025\/11\/MK32H.jpg\" \/>\n\t<meta property=\"og:image:width\" content=\"1458\" \/>\n\t<meta property=\"og:image:height\" content=\"1875\" \/>\n\t<meta property=\"og:image:type\" content=\"image\/jpeg\" \/>\n<meta name=\"twitter:card\" content=\"summary_large_image\" \/>\n<meta name=\"twitter:label1\" content=\"Tiempo de lectura\" \/>\n\t<meta name=\"twitter:data1\" content=\"1 minuto\" \/>\n<script type=\"application\/ld+json\" class=\"yoast-schema-graph\">{\"@context\":\"https:\\\/\\\/schema.org\",\"@graph\":[{\"@type\":\"WebPage\",\"@id\":\"https:\\\/\\\/edmpco.com\\\/fr\\\/product\\\/mk32h\\\/\",\"url\":\"https:\\\/\\\/edmpco.com\\\/fr\\\/product\\\/mk32h\\\/\",\"name\":\"Mk32H\",\"isPartOf\":{\"@id\":\"https:\\\/\\\/edmpco.com\\\/#website\"},\"primaryImageOfPage\":{\"@id\":\"https:\\\/\\\/edmpco.com\\\/fr\\\/product\\\/mk32h\\\/#primaryimage\"},\"image\":{\"@id\":\"https:\\\/\\\/edmpco.com\\\/fr\\\/product\\\/mk32h\\\/#primaryimage\"},\"thumbnailUrl\":\"https:\\\/\\\/edmpco.com\\\/wp-content\\\/uploads\\\/2025\\\/11\\\/MK32H.jpg\",\"datePublished\":\"2025-11-01T20:00:15+00:00\",\"dateModified\":\"2026-03-18T04:50:09+00:00\",\"breadcrumb\":{\"@id\":\"https:\\\/\\\/edmpco.com\\\/fr\\\/product\\\/mk32h\\\/#breadcrumb\"},\"inLanguage\":\"es-ES\",\"potentialAction\":[{\"@type\":\"ReadAction\",\"target\":[\"https:\\\/\\\/edmpco.com\\\/fr\\\/product\\\/mk32h\\\/\"]}]},{\"@type\":\"ImageObject\",\"inLanguage\":\"es-ES\",\"@id\":\"https:\\\/\\\/edmpco.com\\\/fr\\\/product\\\/mk32h\\\/#primaryimage\",\"url\":\"https:\\\/\\\/edmpco.com\\\/wp-content\\\/uploads\\\/2025\\\/11\\\/MK32H.jpg\",\"contentUrl\":\"https:\\\/\\\/edmpco.com\\\/wp-content\\\/uploads\\\/2025\\\/11\\\/MK32H.jpg\",\"width\":1458,\"height\":1875},{\"@type\":\"BreadcrumbList\",\"@id\":\"https:\\\/\\\/edmpco.com\\\/fr\\\/product\\\/mk32h\\\/#breadcrumb\",\"itemListElement\":[{\"@type\":\"ListItem\",\"position\":1,\"name\":\"Home\",\"item\":\"https:\\\/\\\/edmpco.com\\\/\"},{\"@type\":\"ListItem\",\"position\":2,\"name\":\"Shop\",\"item\":\"https:\\\/\\\/edmpco.com\\\/shop\\\/\"},{\"@type\":\"ListItem\",\"position\":3,\"name\":\"Mk32H\"}]},{\"@type\":\"WebSite\",\"@id\":\"https:\\\/\\\/edmpco.com\\\/#website\",\"url\":\"https:\\\/\\\/edmpco.com\\\/\",\"name\":\"Edmpco\",\"description\":\"Engineering, Design, Management & Planning | Product Show\",\"publisher\":{\"@id\":\"https:\\\/\\\/edmpco.com\\\/#organization\"},\"potentialAction\":[{\"@type\":\"SearchAction\",\"target\":{\"@type\":\"EntryPoint\",\"urlTemplate\":\"https:\\\/\\\/edmpco.com\\\/?s={search_term_string}\"},\"query-input\":{\"@type\":\"PropertyValueSpecification\",\"valueRequired\":true,\"valueName\":\"search_term_string\"}}],\"inLanguage\":\"es-ES\"},{\"@type\":\"Organization\",\"@id\":\"https:\\\/\\\/edmpco.com\\\/#organization\",\"name\":\"Edmpco\",\"url\":\"https:\\\/\\\/edmpco.com\\\/\",\"logo\":{\"@type\":\"ImageObject\",\"inLanguage\":\"es-ES\",\"@id\":\"https:\\\/\\\/edmpco.com\\\/#\\\/schema\\\/logo\\\/image\\\/\",\"url\":\"https:\\\/\\\/edmpco.com\\\/wp-content\\\/uploads\\\/2025\\\/10\\\/EDMP.svg\",\"contentUrl\":\"https:\\\/\\\/edmpco.com\\\/wp-content\\\/uploads\\\/2025\\\/10\\\/EDMP.svg\",\"width\":350,\"height\":105,\"caption\":\"Edmpco\"},\"image\":{\"@id\":\"https:\\\/\\\/edmpco.com\\\/#\\\/schema\\\/logo\\\/image\\\/\"}}]}<\/script>\n<!-- \/ Yoast SEO plugin. -->","yoast_head_json":{"title":"Mk32H","robots":{"index":"index","follow":"follow","max-snippet":"max-snippet:-1","max-image-preview":"max-image-preview:large","max-video-preview":"max-video-preview:-1"},"canonical":"https:\/\/edmpco.com\/es\/product\/mk32h\/","og_locale":"es_ES","og_type":"article","og_title":"[:en]Mk32H[:es]Mk32H[:fr]Mk32H[:] - Edmpco","og_description":"El Mk32H es un medidor de electricidad monof\u00e1sico compacto de riel DIN dise\u00f1ado por EDMI Limitad, ampliamente implementado durante la \u00faltima d\u00e9cada en numerosas empresas de servicios p\u00fablicos. Tiene un historial comprobado en la implementaci\u00f3n de soluciones inteligentes de medici\u00f3n de electricidad pospago y prepago.  Ficha informativa","og_url":"https:\/\/edmpco.com\/es\/product\/mk32h\/","og_site_name":"Edmpco","article_modified_time":"2026-03-18T04:50:09+00:00","og_image":[{"width":1458,"height":1875,"url":"https:\/\/edmpco.com\/wp-content\/uploads\/2025\/11\/MK32H.jpg","type":"image\/jpeg"}],"twitter_card":"summary_large_image","twitter_misc":{"Tiempo de lectura":"1 minuto"},"schema":{"@context":"https:\/\/schema.org","@graph":[{"@type":"WebPage","@id":"https:\/\/edmpco.com\/fr\/product\/mk32h\/","url":"https:\/\/edmpco.com\/fr\/product\/mk32h\/","name":"Mk32H","isPartOf":{"@id":"https:\/\/edmpco.com\/#website"},"primaryImageOfPage":{"@id":"https:\/\/edmpco.com\/fr\/product\/mk32h\/#primaryimage"},"image":{"@id":"https:\/\/edmpco.com\/fr\/product\/mk32h\/#primaryimage"},"thumbnailUrl":"https:\/\/edmpco.com\/wp-content\/uploads\/2025\/11\/MK32H.jpg","datePublished":"2025-11-01T20:00:15+00:00","dateModified":"2026-03-18T04:50:09+00:00","breadcrumb":{"@id":"https:\/\/edmpco.com\/fr\/product\/mk32h\/#breadcrumb"},"inLanguage":"es-ES","potentialAction":[{"@type":"ReadAction","target":["https:\/\/edmpco.com\/fr\/product\/mk32h\/"]}]},{"@type":"ImageObject","inLanguage":"es-ES","@id":"https:\/\/edmpco.com\/fr\/product\/mk32h\/#primaryimage","url":"https:\/\/edmpco.com\/wp-content\/uploads\/2025\/11\/MK32H.jpg","contentUrl":"https:\/\/edmpco.com\/wp-content\/uploads\/2025\/11\/MK32H.jpg","width":1458,"height":1875},{"@type":"BreadcrumbList","@id":"https:\/\/edmpco.com\/fr\/product\/mk32h\/#breadcrumb","itemListElement":[{"@type":"ListItem","position":1,"name":"Home","item":"https:\/\/edmpco.com\/"},{"@type":"ListItem","position":2,"name":"Shop","item":"https:\/\/edmpco.com\/shop\/"},{"@type":"ListItem","position":3,"name":"Mk32H"}]},{"@type":"WebSite","@id":"https:\/\/edmpco.com\/#website","url":"https:\/\/edmpco.com\/","name":"Edmpco","description":"Engineering, Design, Management & Planning | Product Show","publisher":{"@id":"https:\/\/edmpco.com\/#organization"},"potentialAction":[{"@type":"SearchAction","target":{"@type":"EntryPoint","urlTemplate":"https:\/\/edmpco.com\/?s={search_term_string}"},"query-input":{"@type":"PropertyValueSpecification","valueRequired":true,"valueName":"search_term_string"}}],"inLanguage":"es-ES"},{"@type":"Organization","@id":"https:\/\/edmpco.com\/#organization","name":"Edmpco","url":"https:\/\/edmpco.com\/","logo":{"@type":"ImageObject","inLanguage":"es-ES","@id":"https:\/\/edmpco.com\/#\/schema\/logo\/image\/","url":"https:\/\/edmpco.com\/wp-content\/uploads\/2025\/10\/EDMP.svg","contentUrl":"https:\/\/edmpco.com\/wp-content\/uploads\/2025\/10\/EDMP.svg","width":350,"height":105,"caption":"Edmpco"},"image":{"@id":"https:\/\/edmpco.com\/#\/schema\/logo\/image\/"}}]}},"_links":{"self":[{"href":"https:\/\/edmpco.com\/es\/wp-json\/wp\/v2\/product\/5459","targetHints":{"allow":["GET"]}}],"collection":[{"href":"https:\/\/edmpco.com\/es\/wp-json\/wp\/v2\/product"}],"about":[{"href":"https:\/\/edmpco.com\/es\/wp-json\/wp\/v2\/types\/product"}],"replies":[{"embeddable":true,"href":"https:\/\/edmpco.com\/es\/wp-json\/wp\/v2\/comments?post=5459"}],"wp:featuredmedia":[{"embeddable":true,"href":"https:\/\/edmpco.com\/es\/wp-json\/wp\/v2\/media\/6419"}],"wp:attachment":[{"href":"https:\/\/edmpco.com\/es\/wp-json\/wp\/v2\/media?parent=5459"}],"wp:term":[{"taxonomy":"product_brand","embeddable":true,"href":"https:\/\/edmpco.com\/es\/wp-json\/wp\/v2\/product_brand?post=5459"},{"taxonomy":"product_cat","embeddable":true,"href":"https:\/\/edmpco.com\/es\/wp-json\/wp\/v2\/product_cat?post=5459"},{"taxonomy":"product_tag","embeddable":true,"href":"https:\/\/edmpco.com\/es\/wp-json\/wp\/v2\/product_tag?post=5459"}],"curies":[{"name":"wp","href":"https:\/\/api.w.org\/{rel}","templated":true}]}}