{"id":5469,"date":"2025-11-01T16:50:25","date_gmt":"2025-11-01T16:50:25","guid":{"rendered":"https:\/\/edmpco.com\/?post_type=product&#038;p=5469"},"modified":"2026-03-18T05:11:08","modified_gmt":"2026-03-18T05:11:08","slug":"magno-22-2","status":"publish","type":"product","link":"https:\/\/edmpco.com\/es\/product\/magno-22-2\/","title":{"rendered":"Magno 22+"},"content":{"rendered":"<p>Magno 22+: medidor monof\u00e1sico de doble fuente con funcionalidad de billetera dual<\/p>\n<p>El Magno 22+ es un avanzado medidor monof\u00e1sico de doble fuente dise\u00f1ado para uso residencial, equipado con rel\u00e9s integrados de 100 A compatibles con UC3 para una desconexi\u00f3n y reconexi\u00f3n remota eficiente de los servicios el\u00e9ctricos. Esta funci\u00f3n permite a las empresas de servicios p\u00fablicos administrar el consumo de energ\u00eda sin problemas y garantiza un proceso optimizado para la gesti\u00f3n del suministro de energ\u00eda. El Magno 22+ es capaz de medir el consumo de energ\u00eda de m\u00faltiples fuentes, lo que brinda a las empresas de servicios p\u00fablicos la flexibilidad para administrar y asignar energ\u00eda de manera eficiente.<\/p>\n<p>Una de las caracter\u00edsticas m\u00e1s destacadas del Magno 22+ es su funcionalidad de doble billetera, que permite opciones de pago flexibles, incluidos los sistemas de prepago. Esta caracter\u00edstica hace que el Magno 22+ sea una soluci\u00f3n ideal para las empresas de servicios p\u00fablicos que buscan ofrecer a los clientes m\u00e1s control sobre su consumo de energ\u00eda y sus pagos. Ya sea que se use en entornos residenciales o comerciales, el Magno 22+ garantiza un alto nivel de precisi\u00f3n, confiabilidad y conveniencia para los usuarios, lo que permite tanto a los consumidores como a las empresas de servicios p\u00fablicos administrar mejor los recursos energ\u00e9ticos.<\/p>\n<p>Compatible con los est\u00e1ndares STS\/CTS y utilizando el protocolo abierto DLMS\/COSEM, el Magno 22+ garantiza una integraci\u00f3n perfecta en los sistemas de servicios p\u00fablicos existentes. Esto garantiza que pueda adoptarse f\u00e1cilmente para nuevas instalaciones o integrarse con la infraestructura existente, lo que la convierte en una soluci\u00f3n preparada para el futuro para las necesidades de medici\u00f3n residenciales y comerciales. Con sus funcionalidades avanzadas, el Magno 22+ proporciona a las empresas de servicios p\u00fablicos las herramientas necesarias para mejorar la eficiencia, reducir los costos operativos y mejorar la satisfacci\u00f3n del cliente mientras mantiene un sistema de medici\u00f3n seguro y confiable.<\/p>\n","protected":false},"excerpt":{"rendered":"<p>Magno 22+: medidor monof\u00e1sico de doble fuente con funcionalidad de billetera dual<\/p>\n<p>El Magno 22+ es un avanzado medidor monof\u00e1sico de doble fuente dise\u00f1ado para uso residencial, equipado con rel\u00e9s integrados de 100 A compatibles con UC3 para una desconexi\u00f3n y reconexi\u00f3n remota eficiente de los servicios el\u00e9ctricos. Esta funci\u00f3n permite a las empresas de servicios p\u00fablicos administrar el consumo de energ\u00eda sin problemas y garantiza un proceso optimizado para la gesti\u00f3n del suministro de energ\u00eda. El Magno 22+ es capaz de medir el consumo de energ\u00eda de m\u00faltiples fuentes, lo que brinda a las empresas de servicios p\u00fablicos la flexibilidad para administrar y asignar energ\u00eda de manera eficiente.<\/p>\n<p>Una de las caracter\u00edsticas m\u00e1s destacadas del Magno 22+ es su funcionalidad de doble billetera, que permite opciones de pago flexibles, incluidos los sistemas de prepago. Esta caracter\u00edstica hace que el Magno 22+ sea una soluci\u00f3n ideal para las empresas de servicios p\u00fablicos que buscan ofrecer a los clientes m\u00e1s control sobre su consumo de energ\u00eda y sus pagos. Ya sea que se use en entornos residenciales o comerciales, el Magno 22+ garantiza un alto nivel de precisi\u00f3n, confiabilidad y conveniencia para los usuarios, lo que permite tanto a los consumidores como a las empresas de servicios p\u00fablicos administrar mejor los recursos energ\u00e9ticos.<\/p>\n<p>Compatible con los est\u00e1ndares STS\/CTS y utilizando el protocolo abierto DLMS\/COSEM, el Magno 22+ garantiza una integraci\u00f3n perfecta en los sistemas de servicios p\u00fablicos existentes. Esto garantiza que pueda adoptarse f\u00e1cilmente para nuevas instalaciones o integrarse con la infraestructura existente, lo que la convierte en una soluci\u00f3n preparada para el futuro para las necesidades de medici\u00f3n residenciales y comerciales. Con sus funcionalidades avanzadas, el Magno 22+ proporciona a las empresas de servicios p\u00fablicos las herramientas necesarias para mejorar la eficiencia, reducir los costos operativos y mejorar la satisfacci\u00f3n del cliente mientras mantiene un sistema de medici\u00f3n seguro y confiable.<\/p>\n<p><a class=\"psacp-rdmr-btn\" href=\"https:\/\/edmpco.com\/wp-content\/uploads\/2025\/11\/MAGNO-22Dual-Source-WITHOUT-IDIS.pdf\" target=\"_blank\" rel=\"noopener\">Ficha informativa<\/a><\/p>\n","protected":false},"featured_media":6563,"comment_status":"open","ping_status":"closed","template":"","meta":[],"product_brand":[],"product_cat":[15],"product_tag":[],"class_list":{"0":"post-5469","1":"product","2":"type-product","3":"status-publish","4":"has-post-thumbnail","6":"product_cat-electricity-meters","8":"first","9":"instock","10":"shipping-taxable","11":"product-type-simple"},"yoast_head":"<!-- This site is optimized with the Yoast SEO plugin v27.4 - https:\/\/yoast.com\/product\/yoast-seo-wordpress\/ -->\n<title>Magno 22+<\/title>\n<meta name=\"robots\" content=\"index, follow, max-snippet:-1, max-image-preview:large, max-video-preview:-1\" \/>\n<link rel=\"canonical\" href=\"https:\/\/edmpco.com\/es\/product\/magno-22-2\/\" \/>\n<meta property=\"og:locale\" content=\"es_ES\" \/>\n<meta property=\"og:locale:alternate\" content=\"en_US\" \/>\n<meta property=\"og:locale:alternate\" content=\"fr_FR\" \/>\n<meta property=\"og:type\" content=\"article\" \/>\n<meta property=\"og:title\" content=\"Magno 22+\" \/>\n<meta property=\"og:description\" content=\"Magno 22+: medidor monof\u00e1sico de doble fuente con funcionalidad de billetera dual  El Magno 22+ es un avanzado medidor monof\u00e1sico de doble fuente dise\u00f1ado para uso residencial, equipado con rel\u00e9s integrados de 100 A compatibles con UC3 para una desconexi\u00f3n y reconexi\u00f3n remota eficiente de los servicios el\u00e9ctricos. Esta funci\u00f3n permite a las empresas de servicios p\u00fablicos administrar el consumo de energ\u00eda sin problemas y garantiza un proceso optimizado para la gesti\u00f3n del suministro de energ\u00eda. El Magno 22+ es capaz de medir el consumo de energ\u00eda de m\u00faltiples fuentes, lo que brinda a las empresas de servicios p\u00fablicos la flexibilidad para administrar y asignar energ\u00eda de manera eficiente.  Una de las caracter\u00edsticas m\u00e1s destacadas del Magno 22+ es su funcionalidad de doble billetera, que permite opciones de pago flexibles, incluidos los sistemas de prepago. Esta caracter\u00edstica hace que el Magno 22+ sea una soluci\u00f3n ideal para las empresas de servicios p\u00fablicos que buscan ofrecer a los clientes m\u00e1s control sobre su consumo de energ\u00eda y sus pagos. Ya sea que se use en entornos residenciales o comerciales, el Magno 22+ garantiza un alto nivel de precisi\u00f3n, confiabilidad y conveniencia para los usuarios, lo que permite tanto a los consumidores como a las empresas de servicios p\u00fablicos administrar mejor los recursos energ\u00e9ticos.  Compatible con los est\u00e1ndares STS\/CTS y utilizando el protocolo abierto DLMS\/COSEM, el Magno 22+ garantiza una integraci\u00f3n perfecta en los sistemas de servicios p\u00fablicos existentes. Esto garantiza que pueda adoptarse f\u00e1cilmente para nuevas instalaciones o integrarse con la infraestructura existente, lo que la convierte en una soluci\u00f3n preparada para el futuro para las necesidades de medici\u00f3n residenciales y comerciales. Con sus funcionalidades avanzadas, el Magno 22+ proporciona a las empresas de servicios p\u00fablicos las herramientas necesarias para mejorar la eficiencia, reducir los costos operativos y mejorar la satisfacci\u00f3n del cliente mientras mantiene un sistema de medici\u00f3n seguro y confiable.  Ficha informativa\" \/>\n<meta property=\"og:url\" content=\"https:\/\/edmpco.com\/es\/product\/magno-22-2\/\" \/>\n<meta property=\"og:site_name\" content=\"Edmpco\" \/>\n<meta property=\"article:modified_time\" content=\"2026-03-18T05:11:08+00:00\" \/>\n<meta property=\"og:image\" content=\"https:\/\/edmpco.com\/wp-content\/uploads\/2025\/11\/Magno-22-2.jpg\" \/>\n\t<meta property=\"og:image:width\" content=\"1458\" \/>\n\t<meta property=\"og:image:height\" content=\"1875\" \/>\n\t<meta property=\"og:image:type\" content=\"image\/jpeg\" \/>\n<meta name=\"twitter:card\" content=\"summary_large_image\" \/>\n<meta name=\"twitter:label1\" content=\"Tiempo de lectura\" \/>\n\t<meta name=\"twitter:data1\" content=\"2 minutos\" \/>\n<script type=\"application\/ld+json\" class=\"yoast-schema-graph\">{\"@context\":\"https:\\\/\\\/schema.org\",\"@graph\":[{\"@type\":\"WebPage\",\"@id\":\"https:\\\/\\\/edmpco.com\\\/fr\\\/product\\\/magno-22-2\\\/\",\"url\":\"https:\\\/\\\/edmpco.com\\\/fr\\\/product\\\/magno-22-2\\\/\",\"name\":\"Magno 22+\",\"isPartOf\":{\"@id\":\"https:\\\/\\\/edmpco.com\\\/#website\"},\"primaryImageOfPage\":{\"@id\":\"https:\\\/\\\/edmpco.com\\\/fr\\\/product\\\/magno-22-2\\\/#primaryimage\"},\"image\":{\"@id\":\"https:\\\/\\\/edmpco.com\\\/fr\\\/product\\\/magno-22-2\\\/#primaryimage\"},\"thumbnailUrl\":\"https:\\\/\\\/edmpco.com\\\/wp-content\\\/uploads\\\/2025\\\/11\\\/Magno-22-2.jpg\",\"datePublished\":\"2025-11-01T16:50:25+00:00\",\"dateModified\":\"2026-03-18T05:11:08+00:00\",\"breadcrumb\":{\"@id\":\"https:\\\/\\\/edmpco.com\\\/fr\\\/product\\\/magno-22-2\\\/#breadcrumb\"},\"inLanguage\":\"es-ES\",\"potentialAction\":[{\"@type\":\"ReadAction\",\"target\":[\"https:\\\/\\\/edmpco.com\\\/fr\\\/product\\\/magno-22-2\\\/\"]}]},{\"@type\":\"ImageObject\",\"inLanguage\":\"es-ES\",\"@id\":\"https:\\\/\\\/edmpco.com\\\/fr\\\/product\\\/magno-22-2\\\/#primaryimage\",\"url\":\"https:\\\/\\\/edmpco.com\\\/wp-content\\\/uploads\\\/2025\\\/11\\\/Magno-22-2.jpg\",\"contentUrl\":\"https:\\\/\\\/edmpco.com\\\/wp-content\\\/uploads\\\/2025\\\/11\\\/Magno-22-2.jpg\",\"width\":1458,\"height\":1875},{\"@type\":\"BreadcrumbList\",\"@id\":\"https:\\\/\\\/edmpco.com\\\/fr\\\/product\\\/magno-22-2\\\/#breadcrumb\",\"itemListElement\":[{\"@type\":\"ListItem\",\"position\":1,\"name\":\"Home\",\"item\":\"https:\\\/\\\/edmpco.com\\\/\"},{\"@type\":\"ListItem\",\"position\":2,\"name\":\"Shop\",\"item\":\"https:\\\/\\\/edmpco.com\\\/shop\\\/\"},{\"@type\":\"ListItem\",\"position\":3,\"name\":\"Magno 22+\"}]},{\"@type\":\"WebSite\",\"@id\":\"https:\\\/\\\/edmpco.com\\\/#website\",\"url\":\"https:\\\/\\\/edmpco.com\\\/\",\"name\":\"Edmpco\",\"description\":\"Engineering, Design, Management & Planning | Product Show\",\"publisher\":{\"@id\":\"https:\\\/\\\/edmpco.com\\\/#organization\"},\"potentialAction\":[{\"@type\":\"SearchAction\",\"target\":{\"@type\":\"EntryPoint\",\"urlTemplate\":\"https:\\\/\\\/edmpco.com\\\/?s={search_term_string}\"},\"query-input\":{\"@type\":\"PropertyValueSpecification\",\"valueRequired\":true,\"valueName\":\"search_term_string\"}}],\"inLanguage\":\"es-ES\"},{\"@type\":\"Organization\",\"@id\":\"https:\\\/\\\/edmpco.com\\\/#organization\",\"name\":\"Edmpco\",\"url\":\"https:\\\/\\\/edmpco.com\\\/\",\"logo\":{\"@type\":\"ImageObject\",\"inLanguage\":\"es-ES\",\"@id\":\"https:\\\/\\\/edmpco.com\\\/#\\\/schema\\\/logo\\\/image\\\/\",\"url\":\"https:\\\/\\\/edmpco.com\\\/wp-content\\\/uploads\\\/2025\\\/10\\\/EDMP.svg\",\"contentUrl\":\"https:\\\/\\\/edmpco.com\\\/wp-content\\\/uploads\\\/2025\\\/10\\\/EDMP.svg\",\"width\":350,\"height\":105,\"caption\":\"Edmpco\"},\"image\":{\"@id\":\"https:\\\/\\\/edmpco.com\\\/#\\\/schema\\\/logo\\\/image\\\/\"}}]}<\/script>\n<!-- \/ Yoast SEO plugin. -->","yoast_head_json":{"title":"Magno 22+","robots":{"index":"index","follow":"follow","max-snippet":"max-snippet:-1","max-image-preview":"max-image-preview:large","max-video-preview":"max-video-preview:-1"},"canonical":"https:\/\/edmpco.com\/es\/product\/magno-22-2\/","og_locale":"es_ES","og_type":"article","og_title":"[:en]Magno 22+[:es]Magno 22+[:fr]Magno 22+[:] - Edmpco","og_description":"Magno 22+: medidor monof\u00e1sico de doble fuente con funcionalidad de billetera dual  El Magno 22+ es un avanzado medidor monof\u00e1sico de doble fuente dise\u00f1ado para uso residencial, equipado con rel\u00e9s integrados de 100 A compatibles con UC3 para una desconexi\u00f3n y reconexi\u00f3n remota eficiente de los servicios el\u00e9ctricos. Esta funci\u00f3n permite a las empresas de servicios p\u00fablicos administrar el consumo de energ\u00eda sin problemas y garantiza un proceso optimizado para la gesti\u00f3n del suministro de energ\u00eda. El Magno 22+ es capaz de medir el consumo de energ\u00eda de m\u00faltiples fuentes, lo que brinda a las empresas de servicios p\u00fablicos la flexibilidad para administrar y asignar energ\u00eda de manera eficiente.  Una de las caracter\u00edsticas m\u00e1s destacadas del Magno 22+ es su funcionalidad de doble billetera, que permite opciones de pago flexibles, incluidos los sistemas de prepago. Esta caracter\u00edstica hace que el Magno 22+ sea una soluci\u00f3n ideal para las empresas de servicios p\u00fablicos que buscan ofrecer a los clientes m\u00e1s control sobre su consumo de energ\u00eda y sus pagos. Ya sea que se use en entornos residenciales o comerciales, el Magno 22+ garantiza un alto nivel de precisi\u00f3n, confiabilidad y conveniencia para los usuarios, lo que permite tanto a los consumidores como a las empresas de servicios p\u00fablicos administrar mejor los recursos energ\u00e9ticos.  Compatible con los est\u00e1ndares STS\/CTS y utilizando el protocolo abierto DLMS\/COSEM, el Magno 22+ garantiza una integraci\u00f3n perfecta en los sistemas de servicios p\u00fablicos existentes. Esto garantiza que pueda adoptarse f\u00e1cilmente para nuevas instalaciones o integrarse con la infraestructura existente, lo que la convierte en una soluci\u00f3n preparada para el futuro para las necesidades de medici\u00f3n residenciales y comerciales. Con sus funcionalidades avanzadas, el Magno 22+ proporciona a las empresas de servicios p\u00fablicos las herramientas necesarias para mejorar la eficiencia, reducir los costos operativos y mejorar la satisfacci\u00f3n del cliente mientras mantiene un sistema de medici\u00f3n seguro y confiable.  Ficha informativa","og_url":"https:\/\/edmpco.com\/es\/product\/magno-22-2\/","og_site_name":"Edmpco","article_modified_time":"2026-03-18T05:11:08+00:00","og_image":[{"width":1458,"height":1875,"url":"https:\/\/edmpco.com\/wp-content\/uploads\/2025\/11\/Magno-22-2.jpg","type":"image\/jpeg"}],"twitter_card":"summary_large_image","twitter_misc":{"Tiempo de lectura":"2 minutos"},"schema":{"@context":"https:\/\/schema.org","@graph":[{"@type":"WebPage","@id":"https:\/\/edmpco.com\/fr\/product\/magno-22-2\/","url":"https:\/\/edmpco.com\/fr\/product\/magno-22-2\/","name":"Magno 22+","isPartOf":{"@id":"https:\/\/edmpco.com\/#website"},"primaryImageOfPage":{"@id":"https:\/\/edmpco.com\/fr\/product\/magno-22-2\/#primaryimage"},"image":{"@id":"https:\/\/edmpco.com\/fr\/product\/magno-22-2\/#primaryimage"},"thumbnailUrl":"https:\/\/edmpco.com\/wp-content\/uploads\/2025\/11\/Magno-22-2.jpg","datePublished":"2025-11-01T16:50:25+00:00","dateModified":"2026-03-18T05:11:08+00:00","breadcrumb":{"@id":"https:\/\/edmpco.com\/fr\/product\/magno-22-2\/#breadcrumb"},"inLanguage":"es-ES","potentialAction":[{"@type":"ReadAction","target":["https:\/\/edmpco.com\/fr\/product\/magno-22-2\/"]}]},{"@type":"ImageObject","inLanguage":"es-ES","@id":"https:\/\/edmpco.com\/fr\/product\/magno-22-2\/#primaryimage","url":"https:\/\/edmpco.com\/wp-content\/uploads\/2025\/11\/Magno-22-2.jpg","contentUrl":"https:\/\/edmpco.com\/wp-content\/uploads\/2025\/11\/Magno-22-2.jpg","width":1458,"height":1875},{"@type":"BreadcrumbList","@id":"https:\/\/edmpco.com\/fr\/product\/magno-22-2\/#breadcrumb","itemListElement":[{"@type":"ListItem","position":1,"name":"Home","item":"https:\/\/edmpco.com\/"},{"@type":"ListItem","position":2,"name":"Shop","item":"https:\/\/edmpco.com\/shop\/"},{"@type":"ListItem","position":3,"name":"Magno 22+"}]},{"@type":"WebSite","@id":"https:\/\/edmpco.com\/#website","url":"https:\/\/edmpco.com\/","name":"Edmpco","description":"Engineering, Design, Management & Planning | Product Show","publisher":{"@id":"https:\/\/edmpco.com\/#organization"},"potentialAction":[{"@type":"SearchAction","target":{"@type":"EntryPoint","urlTemplate":"https:\/\/edmpco.com\/?s={search_term_string}"},"query-input":{"@type":"PropertyValueSpecification","valueRequired":true,"valueName":"search_term_string"}}],"inLanguage":"es-ES"},{"@type":"Organization","@id":"https:\/\/edmpco.com\/#organization","name":"Edmpco","url":"https:\/\/edmpco.com\/","logo":{"@type":"ImageObject","inLanguage":"es-ES","@id":"https:\/\/edmpco.com\/#\/schema\/logo\/image\/","url":"https:\/\/edmpco.com\/wp-content\/uploads\/2025\/10\/EDMP.svg","contentUrl":"https:\/\/edmpco.com\/wp-content\/uploads\/2025\/10\/EDMP.svg","width":350,"height":105,"caption":"Edmpco"},"image":{"@id":"https:\/\/edmpco.com\/#\/schema\/logo\/image\/"}}]}},"_links":{"self":[{"href":"https:\/\/edmpco.com\/es\/wp-json\/wp\/v2\/product\/5469","targetHints":{"allow":["GET"]}}],"collection":[{"href":"https:\/\/edmpco.com\/es\/wp-json\/wp\/v2\/product"}],"about":[{"href":"https:\/\/edmpco.com\/es\/wp-json\/wp\/v2\/types\/product"}],"replies":[{"embeddable":true,"href":"https:\/\/edmpco.com\/es\/wp-json\/wp\/v2\/comments?post=5469"}],"wp:featuredmedia":[{"embeddable":true,"href":"https:\/\/edmpco.com\/es\/wp-json\/wp\/v2\/media\/6563"}],"wp:attachment":[{"href":"https:\/\/edmpco.com\/es\/wp-json\/wp\/v2\/media?parent=5469"}],"wp:term":[{"taxonomy":"product_brand","embeddable":true,"href":"https:\/\/edmpco.com\/es\/wp-json\/wp\/v2\/product_brand?post=5469"},{"taxonomy":"product_cat","embeddable":true,"href":"https:\/\/edmpco.com\/es\/wp-json\/wp\/v2\/product_cat?post=5469"},{"taxonomy":"product_tag","embeddable":true,"href":"https:\/\/edmpco.com\/es\/wp-json\/wp\/v2\/product_tag?post=5469"}],"curies":[{"name":"wp","href":"https:\/\/api.w.org\/{rel}","templated":true}]}}