{"id":5472,"date":"2025-11-01T13:59:51","date_gmt":"2025-11-01T13:59:51","guid":{"rendered":"https:\/\/edmpco.com\/?post_type=product&#038;p=5472"},"modified":"2026-03-18T05:26:29","modified_gmt":"2026-03-18T05:26:29","slug":"magno-33-ct-ctvt","status":"publish","type":"product","link":"https:\/\/edmpco.com\/es\/product\/magno-33-ct-ctvt\/","title":{"rendered":"Magno 33+ CT\/CTVT"},"content":{"rendered":"<p>Magno 33+ CT\/CTVT \u2013 Medidor inteligente trif\u00e1sico de doble fuente para aplicaciones comerciales e industriales<\/p>\n<p>El Magno 33+ CT\/CTVT es un medidor inteligente trif\u00e1sico avanzado de doble fuente dise\u00f1ado espec\u00edficamente para la gesti\u00f3n de energ\u00eda comercial e industrial, lo que lo convierte en una opci\u00f3n ideal para iniciativas de infraestructura de medici\u00f3n avanzada (AMI). Este medidor ofrece funcionalidad de doble fuente, lo que le permite medir el consumo de energ\u00eda de m\u00faltiples fuentes, lo que brinda flexibilidad en la forma en que se consume y factura la energ\u00eda.<\/p>\n<p>Equipped with dual-wallet prepayment capabilities, the Magno 33+ CT\/CTVT supports both prepaid and postpaid billing options, ensuring adaptability across various business needs. Compliant with STS\/CTS standards, this meter guarantees seamless integration with existing infrastructure while maintaining high standards of energy management.\tEquipado con capacidades de prepago de doble billetera, el Magno 33+ CT\/CTVT admite opciones de facturaci\u00f3n prepagada y pospago, lo que garantiza la adaptabilidad a diversas necesidades comerciales. Cumple con los est\u00e1ndares STS \/ CTS, este medidor garantiza una integraci\u00f3n perfecta con la infraestructura existente mientras mantiene altos est\u00e1ndares de gesti\u00f3n de energ\u00eda.<\/p>\n<p>Adem\u00e1s de la medici\u00f3n de energ\u00eda precisa y confiable, el Magno 33+ CT\/CTVT tambi\u00e9n incorpora funciones avanzadas para el monitoreo de la calidad de la energ\u00eda, la gesti\u00f3n de la carga y la generaci\u00f3n de informes automatizados. Esto mejora la capacidad de las empresas de servicios p\u00fablicos para rastrear y administrar de manera eficiente el uso de energ\u00eda, reduciendo los costos operativos y mejorando la prestaci\u00f3n de servicios. El Magno 33+ CT\/CTVT garantiza que las empresas puedan optimizar el uso de la energ\u00eda, mantener la estabilidad de la red y mejorar la eficiencia operativa, lo que lo convierte en una herramienta indispensable para los sistemas energ\u00e9ticos comerciales e industriales modernos.<\/p>\n","protected":false},"excerpt":{"rendered":"<p>Magno 33+ CT\/CTVT \u2013 Medidor inteligente trif\u00e1sico de doble fuente para aplicaciones comerciales e industriales<\/p>\n<p>El Magno 33+ CT\/CTVT es un medidor inteligente trif\u00e1sico avanzado de doble fuente dise\u00f1ado espec\u00edficamente para la gesti\u00f3n de energ\u00eda comercial e industrial, lo que lo convierte en una opci\u00f3n ideal para iniciativas de infraestructura de medici\u00f3n avanzada (AMI). Este medidor ofrece funcionalidad de doble fuente, lo que le permite medir el consumo de energ\u00eda de m\u00faltiples fuentes, lo que brinda flexibilidad en la forma en que se consume y factura la energ\u00eda.<\/p>\n<p>Equipped with dual-wallet prepayment capabilities, the Magno 33+ CT\/CTVT supports both prepaid and postpaid billing options, ensuring adaptability across various business needs. Compliant with STS\/CTS standards, this meter guarantees seamless integration with existing infrastructure while maintaining high standards of energy management.\tEquipado con capacidades de prepago de doble billetera, el Magno 33+ CT\/CTVT admite opciones de facturaci\u00f3n prepagada y pospago, lo que garantiza la adaptabilidad a diversas necesidades comerciales. Cumple con los est\u00e1ndares STS \/ CTS, este medidor garantiza una integraci\u00f3n perfecta con la infraestructura existente mientras mantiene altos est\u00e1ndares de gesti\u00f3n de energ\u00eda.<\/p>\n<p>Adem\u00e1s de la medici\u00f3n de energ\u00eda precisa y confiable, el Magno 33+ CT\/CTVT tambi\u00e9n incorpora funciones avanzadas para el monitoreo de la calidad de la energ\u00eda, la gesti\u00f3n de la carga y la generaci\u00f3n de informes automatizados. Esto mejora la capacidad de las empresas de servicios p\u00fablicos para rastrear y administrar de manera eficiente el uso de energ\u00eda, reduciendo los costos operativos y mejorando la prestaci\u00f3n de servicios. El Magno 33+ CT\/CTVT garantiza que las empresas puedan optimizar el uso de la energ\u00eda, mantener la estabilidad de la red y mejorar la eficiencia operativa, lo que lo convierte en una herramienta indispensable para los sistemas energ\u00e9ticos comerciales e industriales modernos.<\/p>\n<p><a class=\"psacp-rdmr-btn\" href=\"https:\/\/edmpco.com\/wp-content\/uploads\/2025\/11\/Magno-33-CT_CTVT-WITHOUT-IDIS.pdf\" target=\"_blank\" rel=\"noopener\">Ficha informativa<\/a><\/p>\n","protected":false},"featured_media":6567,"comment_status":"open","ping_status":"closed","template":"","meta":[],"product_brand":[],"product_cat":[15],"product_tag":[],"class_list":{"0":"post-5472","1":"product","2":"type-product","3":"status-publish","4":"has-post-thumbnail","6":"product_cat-electricity-meters","8":"first","9":"instock","10":"shipping-taxable","11":"product-type-simple"},"yoast_head":"<!-- This site is optimized with the Yoast SEO plugin v27.4 - https:\/\/yoast.com\/product\/yoast-seo-wordpress\/ -->\n<title>Magno 33+ CT\/CTVT<\/title>\n<meta name=\"robots\" content=\"index, follow, max-snippet:-1, max-image-preview:large, max-video-preview:-1\" \/>\n<link rel=\"canonical\" href=\"https:\/\/edmpco.com\/es\/product\/magno-33-ct-ctvt\/\" \/>\n<meta property=\"og:locale\" content=\"es_ES\" \/>\n<meta property=\"og:locale:alternate\" content=\"en_US\" \/>\n<meta property=\"og:locale:alternate\" content=\"fr_FR\" \/>\n<meta property=\"og:type\" content=\"article\" \/>\n<meta property=\"og:title\" content=\"Magno 33+ CT\/CTVT\" \/>\n<meta property=\"og:description\" content=\"Magno 33+ CT\/CTVT \u2013 Medidor inteligente trif\u00e1sico de doble fuente para aplicaciones comerciales e industriales  El Magno 33+ CT\/CTVT es un medidor inteligente trif\u00e1sico avanzado de doble fuente dise\u00f1ado espec\u00edficamente para la gesti\u00f3n de energ\u00eda comercial e industrial, lo que lo convierte en una opci\u00f3n ideal para iniciativas de infraestructura de medici\u00f3n avanzada (AMI). Este medidor ofrece funcionalidad de doble fuente, lo que le permite medir el consumo de energ\u00eda de m\u00faltiples fuentes, lo que brinda flexibilidad en la forma en que se consume y factura la energ\u00eda.  Equipped with dual-wallet prepayment capabilities, the Magno 33+ CT\/CTVT supports both prepaid and postpaid billing options, ensuring adaptability across various business needs. Compliant with STS\/CTS standards, this meter guarantees seamless integration with existing infrastructure while maintaining high standards of energy management. Equipado con capacidades de prepago de doble billetera, el Magno 33+ CT\/CTVT admite opciones de facturaci\u00f3n prepagada y pospago, lo que garantiza la adaptabilidad a diversas necesidades comerciales. Cumple con los est\u00e1ndares STS \/ CTS, este medidor garantiza una integraci\u00f3n perfecta con la infraestructura existente mientras mantiene altos est\u00e1ndares de gesti\u00f3n de energ\u00eda.  Adem\u00e1s de la medici\u00f3n de energ\u00eda precisa y confiable, el Magno 33+ CT\/CTVT tambi\u00e9n incorpora funciones avanzadas para el monitoreo de la calidad de la energ\u00eda, la gesti\u00f3n de la carga y la generaci\u00f3n de informes automatizados. Esto mejora la capacidad de las empresas de servicios p\u00fablicos para rastrear y administrar de manera eficiente el uso de energ\u00eda, reduciendo los costos operativos y mejorando la prestaci\u00f3n de servicios. El Magno 33+ CT\/CTVT garantiza que las empresas puedan optimizar el uso de la energ\u00eda, mantener la estabilidad de la red y mejorar la eficiencia operativa, lo que lo convierte en una herramienta indispensable para los sistemas energ\u00e9ticos comerciales e industriales modernos.   Ficha informativa\" \/>\n<meta property=\"og:url\" content=\"https:\/\/edmpco.com\/es\/product\/magno-33-ct-ctvt\/\" \/>\n<meta property=\"og:site_name\" content=\"Edmpco\" \/>\n<meta property=\"article:modified_time\" content=\"2026-03-18T05:26:29+00:00\" \/>\n<meta property=\"og:image\" content=\"https:\/\/edmpco.com\/wp-content\/uploads\/2025\/11\/Magno-33-CT-CTVT-3.jpg\" \/>\n\t<meta property=\"og:image:width\" content=\"1458\" \/>\n\t<meta property=\"og:image:height\" content=\"1875\" \/>\n\t<meta property=\"og:image:type\" content=\"image\/jpeg\" \/>\n<meta name=\"twitter:card\" content=\"summary_large_image\" \/>\n<meta name=\"twitter:label1\" content=\"Tiempo de lectura\" \/>\n\t<meta name=\"twitter:data1\" content=\"2 minutos\" \/>\n<script type=\"application\/ld+json\" class=\"yoast-schema-graph\">{\"@context\":\"https:\\\/\\\/schema.org\",\"@graph\":[{\"@type\":\"WebPage\",\"@id\":\"https:\\\/\\\/edmpco.com\\\/fr\\\/product\\\/magno-33-ct-ctvt\\\/\",\"url\":\"https:\\\/\\\/edmpco.com\\\/fr\\\/product\\\/magno-33-ct-ctvt\\\/\",\"name\":\"Magno 33+ CT\\\/CTVT\",\"isPartOf\":{\"@id\":\"https:\\\/\\\/edmpco.com\\\/#website\"},\"primaryImageOfPage\":{\"@id\":\"https:\\\/\\\/edmpco.com\\\/fr\\\/product\\\/magno-33-ct-ctvt\\\/#primaryimage\"},\"image\":{\"@id\":\"https:\\\/\\\/edmpco.com\\\/fr\\\/product\\\/magno-33-ct-ctvt\\\/#primaryimage\"},\"thumbnailUrl\":\"https:\\\/\\\/edmpco.com\\\/wp-content\\\/uploads\\\/2025\\\/11\\\/Magno-33-CT-CTVT-3.jpg\",\"datePublished\":\"2025-11-01T13:59:51+00:00\",\"dateModified\":\"2026-03-18T05:26:29+00:00\",\"breadcrumb\":{\"@id\":\"https:\\\/\\\/edmpco.com\\\/fr\\\/product\\\/magno-33-ct-ctvt\\\/#breadcrumb\"},\"inLanguage\":\"es-ES\",\"potentialAction\":[{\"@type\":\"ReadAction\",\"target\":[\"https:\\\/\\\/edmpco.com\\\/fr\\\/product\\\/magno-33-ct-ctvt\\\/\"]}]},{\"@type\":\"ImageObject\",\"inLanguage\":\"es-ES\",\"@id\":\"https:\\\/\\\/edmpco.com\\\/fr\\\/product\\\/magno-33-ct-ctvt\\\/#primaryimage\",\"url\":\"https:\\\/\\\/edmpco.com\\\/wp-content\\\/uploads\\\/2025\\\/11\\\/Magno-33-CT-CTVT-3.jpg\",\"contentUrl\":\"https:\\\/\\\/edmpco.com\\\/wp-content\\\/uploads\\\/2025\\\/11\\\/Magno-33-CT-CTVT-3.jpg\",\"width\":1458,\"height\":1875},{\"@type\":\"BreadcrumbList\",\"@id\":\"https:\\\/\\\/edmpco.com\\\/fr\\\/product\\\/magno-33-ct-ctvt\\\/#breadcrumb\",\"itemListElement\":[{\"@type\":\"ListItem\",\"position\":1,\"name\":\"Home\",\"item\":\"https:\\\/\\\/edmpco.com\\\/\"},{\"@type\":\"ListItem\",\"position\":2,\"name\":\"Shop\",\"item\":\"https:\\\/\\\/edmpco.com\\\/shop\\\/\"},{\"@type\":\"ListItem\",\"position\":3,\"name\":\"Magno 33+ CT\\\/CTVT\"}]},{\"@type\":\"WebSite\",\"@id\":\"https:\\\/\\\/edmpco.com\\\/#website\",\"url\":\"https:\\\/\\\/edmpco.com\\\/\",\"name\":\"Edmpco\",\"description\":\"Engineering, Design, Management & Planning | Product Show\",\"publisher\":{\"@id\":\"https:\\\/\\\/edmpco.com\\\/#organization\"},\"potentialAction\":[{\"@type\":\"SearchAction\",\"target\":{\"@type\":\"EntryPoint\",\"urlTemplate\":\"https:\\\/\\\/edmpco.com\\\/?s={search_term_string}\"},\"query-input\":{\"@type\":\"PropertyValueSpecification\",\"valueRequired\":true,\"valueName\":\"search_term_string\"}}],\"inLanguage\":\"es-ES\"},{\"@type\":\"Organization\",\"@id\":\"https:\\\/\\\/edmpco.com\\\/#organization\",\"name\":\"Edmpco\",\"url\":\"https:\\\/\\\/edmpco.com\\\/\",\"logo\":{\"@type\":\"ImageObject\",\"inLanguage\":\"es-ES\",\"@id\":\"https:\\\/\\\/edmpco.com\\\/#\\\/schema\\\/logo\\\/image\\\/\",\"url\":\"https:\\\/\\\/edmpco.com\\\/wp-content\\\/uploads\\\/2025\\\/10\\\/EDMP.svg\",\"contentUrl\":\"https:\\\/\\\/edmpco.com\\\/wp-content\\\/uploads\\\/2025\\\/10\\\/EDMP.svg\",\"width\":350,\"height\":105,\"caption\":\"Edmpco\"},\"image\":{\"@id\":\"https:\\\/\\\/edmpco.com\\\/#\\\/schema\\\/logo\\\/image\\\/\"}}]}<\/script>\n<!-- \/ Yoast SEO plugin. -->","yoast_head_json":{"title":"Magno 33+ CT\/CTVT","robots":{"index":"index","follow":"follow","max-snippet":"max-snippet:-1","max-image-preview":"max-image-preview:large","max-video-preview":"max-video-preview:-1"},"canonical":"https:\/\/edmpco.com\/es\/product\/magno-33-ct-ctvt\/","og_locale":"es_ES","og_type":"article","og_title":"[:en]Magno 33+ CT\/CTVT[:es]Magno 33+ CT\/CTVT[:fr]Magno 33+ CT\/CTVT[:] - Edmpco","og_description":"Magno 33+ CT\/CTVT \u2013 Medidor inteligente trif\u00e1sico de doble fuente para aplicaciones comerciales e industriales  El Magno 33+ CT\/CTVT es un medidor inteligente trif\u00e1sico avanzado de doble fuente dise\u00f1ado espec\u00edficamente para la gesti\u00f3n de energ\u00eda comercial e industrial, lo que lo convierte en una opci\u00f3n ideal para iniciativas de infraestructura de medici\u00f3n avanzada (AMI). Este medidor ofrece funcionalidad de doble fuente, lo que le permite medir el consumo de energ\u00eda de m\u00faltiples fuentes, lo que brinda flexibilidad en la forma en que se consume y factura la energ\u00eda.  Equipped with dual-wallet prepayment capabilities, the Magno 33+ CT\/CTVT supports both prepaid and postpaid billing options, ensuring adaptability across various business needs. Compliant with STS\/CTS standards, this meter guarantees seamless integration with existing infrastructure while maintaining high standards of energy management. Equipado con capacidades de prepago de doble billetera, el Magno 33+ CT\/CTVT admite opciones de facturaci\u00f3n prepagada y pospago, lo que garantiza la adaptabilidad a diversas necesidades comerciales. Cumple con los est\u00e1ndares STS \/ CTS, este medidor garantiza una integraci\u00f3n perfecta con la infraestructura existente mientras mantiene altos est\u00e1ndares de gesti\u00f3n de energ\u00eda.  Adem\u00e1s de la medici\u00f3n de energ\u00eda precisa y confiable, el Magno 33+ CT\/CTVT tambi\u00e9n incorpora funciones avanzadas para el monitoreo de la calidad de la energ\u00eda, la gesti\u00f3n de la carga y la generaci\u00f3n de informes automatizados. Esto mejora la capacidad de las empresas de servicios p\u00fablicos para rastrear y administrar de manera eficiente el uso de energ\u00eda, reduciendo los costos operativos y mejorando la prestaci\u00f3n de servicios. El Magno 33+ CT\/CTVT garantiza que las empresas puedan optimizar el uso de la energ\u00eda, mantener la estabilidad de la red y mejorar la eficiencia operativa, lo que lo convierte en una herramienta indispensable para los sistemas energ\u00e9ticos comerciales e industriales modernos.   Ficha informativa","og_url":"https:\/\/edmpco.com\/es\/product\/magno-33-ct-ctvt\/","og_site_name":"Edmpco","article_modified_time":"2026-03-18T05:26:29+00:00","og_image":[{"width":1458,"height":1875,"url":"https:\/\/edmpco.com\/wp-content\/uploads\/2025\/11\/Magno-33-CT-CTVT-3.jpg","type":"image\/jpeg"}],"twitter_card":"summary_large_image","twitter_misc":{"Tiempo de lectura":"2 minutos"},"schema":{"@context":"https:\/\/schema.org","@graph":[{"@type":"WebPage","@id":"https:\/\/edmpco.com\/fr\/product\/magno-33-ct-ctvt\/","url":"https:\/\/edmpco.com\/fr\/product\/magno-33-ct-ctvt\/","name":"Magno 33+ CT\/CTVT","isPartOf":{"@id":"https:\/\/edmpco.com\/#website"},"primaryImageOfPage":{"@id":"https:\/\/edmpco.com\/fr\/product\/magno-33-ct-ctvt\/#primaryimage"},"image":{"@id":"https:\/\/edmpco.com\/fr\/product\/magno-33-ct-ctvt\/#primaryimage"},"thumbnailUrl":"https:\/\/edmpco.com\/wp-content\/uploads\/2025\/11\/Magno-33-CT-CTVT-3.jpg","datePublished":"2025-11-01T13:59:51+00:00","dateModified":"2026-03-18T05:26:29+00:00","breadcrumb":{"@id":"https:\/\/edmpco.com\/fr\/product\/magno-33-ct-ctvt\/#breadcrumb"},"inLanguage":"es-ES","potentialAction":[{"@type":"ReadAction","target":["https:\/\/edmpco.com\/fr\/product\/magno-33-ct-ctvt\/"]}]},{"@type":"ImageObject","inLanguage":"es-ES","@id":"https:\/\/edmpco.com\/fr\/product\/magno-33-ct-ctvt\/#primaryimage","url":"https:\/\/edmpco.com\/wp-content\/uploads\/2025\/11\/Magno-33-CT-CTVT-3.jpg","contentUrl":"https:\/\/edmpco.com\/wp-content\/uploads\/2025\/11\/Magno-33-CT-CTVT-3.jpg","width":1458,"height":1875},{"@type":"BreadcrumbList","@id":"https:\/\/edmpco.com\/fr\/product\/magno-33-ct-ctvt\/#breadcrumb","itemListElement":[{"@type":"ListItem","position":1,"name":"Home","item":"https:\/\/edmpco.com\/"},{"@type":"ListItem","position":2,"name":"Shop","item":"https:\/\/edmpco.com\/shop\/"},{"@type":"ListItem","position":3,"name":"Magno 33+ CT\/CTVT"}]},{"@type":"WebSite","@id":"https:\/\/edmpco.com\/#website","url":"https:\/\/edmpco.com\/","name":"Edmpco","description":"Engineering, Design, Management & Planning | Product Show","publisher":{"@id":"https:\/\/edmpco.com\/#organization"},"potentialAction":[{"@type":"SearchAction","target":{"@type":"EntryPoint","urlTemplate":"https:\/\/edmpco.com\/?s={search_term_string}"},"query-input":{"@type":"PropertyValueSpecification","valueRequired":true,"valueName":"search_term_string"}}],"inLanguage":"es-ES"},{"@type":"Organization","@id":"https:\/\/edmpco.com\/#organization","name":"Edmpco","url":"https:\/\/edmpco.com\/","logo":{"@type":"ImageObject","inLanguage":"es-ES","@id":"https:\/\/edmpco.com\/#\/schema\/logo\/image\/","url":"https:\/\/edmpco.com\/wp-content\/uploads\/2025\/10\/EDMP.svg","contentUrl":"https:\/\/edmpco.com\/wp-content\/uploads\/2025\/10\/EDMP.svg","width":350,"height":105,"caption":"Edmpco"},"image":{"@id":"https:\/\/edmpco.com\/#\/schema\/logo\/image\/"}}]}},"_links":{"self":[{"href":"https:\/\/edmpco.com\/es\/wp-json\/wp\/v2\/product\/5472","targetHints":{"allow":["GET"]}}],"collection":[{"href":"https:\/\/edmpco.com\/es\/wp-json\/wp\/v2\/product"}],"about":[{"href":"https:\/\/edmpco.com\/es\/wp-json\/wp\/v2\/types\/product"}],"replies":[{"embeddable":true,"href":"https:\/\/edmpco.com\/es\/wp-json\/wp\/v2\/comments?post=5472"}],"wp:featuredmedia":[{"embeddable":true,"href":"https:\/\/edmpco.com\/es\/wp-json\/wp\/v2\/media\/6567"}],"wp:attachment":[{"href":"https:\/\/edmpco.com\/es\/wp-json\/wp\/v2\/media?parent=5472"}],"wp:term":[{"taxonomy":"product_brand","embeddable":true,"href":"https:\/\/edmpco.com\/es\/wp-json\/wp\/v2\/product_brand?post=5472"},{"taxonomy":"product_cat","embeddable":true,"href":"https:\/\/edmpco.com\/es\/wp-json\/wp\/v2\/product_cat?post=5472"},{"taxonomy":"product_tag","embeddable":true,"href":"https:\/\/edmpco.com\/es\/wp-json\/wp\/v2\/product_tag?post=5472"}],"curies":[{"name":"wp","href":"https:\/\/api.w.org\/{rel}","templated":true}]}}