{"id":5475,"date":"2025-11-01T15:12:25","date_gmt":"2025-11-01T15:12:25","guid":{"rendered":"https:\/\/edmpco.com\/?post_type=product&#038;p=5475"},"modified":"2026-03-18T05:30:51","modified_gmt":"2026-03-18T05:30:51","slug":"magno-33-dc","status":"publish","type":"product","link":"https:\/\/edmpco.com\/es\/product\/magno-33-dc\/","title":{"rendered":"Magno 33 DC"},"content":{"rendered":"<div class=\"Y3BBE\" data-sfc-cp=\"\" data-hveid=\"CAEIAhAA\" data-processed=\"true\" data-complete=\"true\">El Magno 33 es un contador inteligente trif\u00e1sico de conexi\u00f3n directa dise\u00f1ado para la gesti\u00f3n de energ\u00eda comercial e industrial, y es compatible con las iniciativas de Infraestructura de Medici\u00f3n Avanzada (AMI). Equipado con funciones avanzadas contra la manipulaci\u00f3n, el Magno 33 ayuda a las empresas de servicios p\u00fablicos a salvaguardar sus ingresos detectando fraudes y minimizando las p\u00e9rdidas en la l\u00ednea.<\/div>\n<div class=\"Y3BBE\" data-sfc-cp=\"\" data-hveid=\"CAEIAxAA\" data-complete=\"true\" data-processed=\"true\">Este contador de alto rendimiento cumple plenamente con los est\u00e1ndares STS\/CTS para medici\u00f3n prepago y el protocolo DLMS\/COSEM, lo que garantiza una compatibilidad perfecta con una amplia gama de sistemas. Con su rendimiento fiable y robusto, el Magno 33 es la soluci\u00f3n ideal tanto para clientes residenciales como comerciales, ofreciendo una precisi\u00f3n, seguridad y eficiencia excepcionales en la gesti\u00f3n de la energ\u00eda.<\/div>\n<p>&nbsp;<\/p>\n","protected":false},"excerpt":{"rendered":"<div class=\"Y3BBE\" data-sfc-cp=\"\" data-hveid=\"CAEIAhAA\" data-processed=\"true\" data-complete=\"true\">El Magno 33 es un contador inteligente trif\u00e1sico de conexi\u00f3n directa dise\u00f1ado para la gesti\u00f3n de energ\u00eda comercial e industrial, y es compatible con las iniciativas de Infraestructura de Medici\u00f3n Avanzada (AMI). Equipado con funciones avanzadas contra la manipulaci\u00f3n, el Magno 33 ayuda a las empresas de servicios p\u00fablicos a salvaguardar sus ingresos detectando fraudes y minimizando las p\u00e9rdidas en la l\u00ednea.<\/div>\n<div class=\"Y3BBE\" data-sfc-cp=\"\" data-hveid=\"CAEIAxAA\" data-complete=\"true\" data-processed=\"true\">Este contador de alto rendimiento cumple plenamente con los est\u00e1ndares STS\/CTS para medici\u00f3n prepago y el protocolo DLMS\/COSEM, lo que garantiza una compatibilidad perfecta con una amplia gama de sistemas. Con su rendimiento fiable y robusto, el Magno 33 es la soluci\u00f3n ideal tanto para clientes residenciales como comerciales, ofreciendo una precisi\u00f3n, seguridad y eficiencia excepcionales en la gesti\u00f3n de la energ\u00eda.<\/div>\n<div data-sfc-cp=\"\" data-hveid=\"CAEIAxAA\" data-complete=\"true\" data-processed=\"true\"><\/div>\n<p><a class=\"psacp-rdmr-btn\" href=\"https:\/\/edmpco.com\/wp-content\/uploads\/2025\/11\/Magno-33-IDIS-WITHOUT.pdf\" target=\"_blank\" rel=\"noopener\">Ficha informativa<\/a><\/p>\n","protected":false},"featured_media":6564,"comment_status":"open","ping_status":"closed","template":"","meta":[],"product_brand":[],"product_cat":[15],"product_tag":[],"class_list":{"0":"post-5475","1":"product","2":"type-product","3":"status-publish","4":"has-post-thumbnail","6":"product_cat-electricity-meters","8":"first","9":"instock","10":"shipping-taxable","11":"product-type-simple"},"yoast_head":"<!-- This site is optimized with the Yoast SEO plugin v27.4 - https:\/\/yoast.com\/product\/yoast-seo-wordpress\/ -->\n<title>Magno 33 DC<\/title>\n<meta name=\"robots\" content=\"index, follow, max-snippet:-1, max-image-preview:large, max-video-preview:-1\" \/>\n<link rel=\"canonical\" href=\"https:\/\/edmpco.com\/es\/product\/magno-33-dc\/\" \/>\n<meta property=\"og:locale\" content=\"es_ES\" \/>\n<meta property=\"og:locale:alternate\" content=\"en_US\" \/>\n<meta property=\"og:locale:alternate\" content=\"fr_FR\" \/>\n<meta property=\"og:type\" content=\"article\" \/>\n<meta property=\"og:title\" content=\"Magno 33 DC\" \/>\n<meta property=\"og:description\" content=\"El Magno 33 es un contador inteligente trif\u00e1sico de conexi\u00f3n directa dise\u00f1ado para la gesti\u00f3n de energ\u00eda comercial e industrial, y es compatible con las iniciativas de Infraestructura de Medici\u00f3n Avanzada (AMI). Equipado con funciones avanzadas contra la manipulaci\u00f3n, el Magno 33 ayuda a las empresas de servicios p\u00fablicos a salvaguardar sus ingresos detectando fraudes y minimizando las p\u00e9rdidas en la l\u00ednea. Este contador de alto rendimiento cumple plenamente con los est\u00e1ndares STS\/CTS para medici\u00f3n prepago y el protocolo DLMS\/COSEM, lo que garantiza una compatibilidad perfecta con una amplia gama de sistemas. Con su rendimiento fiable y robusto, el Magno 33 es la soluci\u00f3n ideal tanto para clientes residenciales como comerciales, ofreciendo una precisi\u00f3n, seguridad y eficiencia excepcionales en la gesti\u00f3n de la energ\u00eda.  Ficha informativa\" \/>\n<meta property=\"og:url\" content=\"https:\/\/edmpco.com\/es\/product\/magno-33-dc\/\" \/>\n<meta property=\"og:site_name\" content=\"Edmpco\" \/>\n<meta property=\"article:modified_time\" content=\"2026-03-18T05:30:51+00:00\" \/>\n<meta property=\"og:image\" content=\"https:\/\/edmpco.com\/wp-content\/uploads\/2025\/11\/Magno-33-DC-2.jpg\" \/>\n\t<meta property=\"og:image:width\" content=\"1458\" \/>\n\t<meta property=\"og:image:height\" content=\"1875\" \/>\n\t<meta property=\"og:image:type\" content=\"image\/jpeg\" \/>\n<meta name=\"twitter:card\" content=\"summary_large_image\" \/>\n<meta name=\"twitter:label1\" content=\"Tiempo de lectura\" \/>\n\t<meta name=\"twitter:data1\" content=\"1 minuto\" \/>\n<script type=\"application\/ld+json\" class=\"yoast-schema-graph\">{\"@context\":\"https:\\\/\\\/schema.org\",\"@graph\":[{\"@type\":\"WebPage\",\"@id\":\"https:\\\/\\\/edmpco.com\\\/fr\\\/product\\\/magno-33-dc\\\/\",\"url\":\"https:\\\/\\\/edmpco.com\\\/fr\\\/product\\\/magno-33-dc\\\/\",\"name\":\"Magno 33 DC\",\"isPartOf\":{\"@id\":\"https:\\\/\\\/edmpco.com\\\/#website\"},\"primaryImageOfPage\":{\"@id\":\"https:\\\/\\\/edmpco.com\\\/fr\\\/product\\\/magno-33-dc\\\/#primaryimage\"},\"image\":{\"@id\":\"https:\\\/\\\/edmpco.com\\\/fr\\\/product\\\/magno-33-dc\\\/#primaryimage\"},\"thumbnailUrl\":\"https:\\\/\\\/edmpco.com\\\/wp-content\\\/uploads\\\/2025\\\/11\\\/Magno-33-DC-2.jpg\",\"datePublished\":\"2025-11-01T15:12:25+00:00\",\"dateModified\":\"2026-03-18T05:30:51+00:00\",\"breadcrumb\":{\"@id\":\"https:\\\/\\\/edmpco.com\\\/fr\\\/product\\\/magno-33-dc\\\/#breadcrumb\"},\"inLanguage\":\"es-ES\",\"potentialAction\":[{\"@type\":\"ReadAction\",\"target\":[\"https:\\\/\\\/edmpco.com\\\/fr\\\/product\\\/magno-33-dc\\\/\"]}]},{\"@type\":\"ImageObject\",\"inLanguage\":\"es-ES\",\"@id\":\"https:\\\/\\\/edmpco.com\\\/fr\\\/product\\\/magno-33-dc\\\/#primaryimage\",\"url\":\"https:\\\/\\\/edmpco.com\\\/wp-content\\\/uploads\\\/2025\\\/11\\\/Magno-33-DC-2.jpg\",\"contentUrl\":\"https:\\\/\\\/edmpco.com\\\/wp-content\\\/uploads\\\/2025\\\/11\\\/Magno-33-DC-2.jpg\",\"width\":1458,\"height\":1875},{\"@type\":\"BreadcrumbList\",\"@id\":\"https:\\\/\\\/edmpco.com\\\/fr\\\/product\\\/magno-33-dc\\\/#breadcrumb\",\"itemListElement\":[{\"@type\":\"ListItem\",\"position\":1,\"name\":\"Home\",\"item\":\"https:\\\/\\\/edmpco.com\\\/\"},{\"@type\":\"ListItem\",\"position\":2,\"name\":\"Shop\",\"item\":\"https:\\\/\\\/edmpco.com\\\/shop\\\/\"},{\"@type\":\"ListItem\",\"position\":3,\"name\":\"Magno 33 DC\"}]},{\"@type\":\"WebSite\",\"@id\":\"https:\\\/\\\/edmpco.com\\\/#website\",\"url\":\"https:\\\/\\\/edmpco.com\\\/\",\"name\":\"Edmpco\",\"description\":\"Engineering, Design, Management & Planning | Product Show\",\"publisher\":{\"@id\":\"https:\\\/\\\/edmpco.com\\\/#organization\"},\"potentialAction\":[{\"@type\":\"SearchAction\",\"target\":{\"@type\":\"EntryPoint\",\"urlTemplate\":\"https:\\\/\\\/edmpco.com\\\/?s={search_term_string}\"},\"query-input\":{\"@type\":\"PropertyValueSpecification\",\"valueRequired\":true,\"valueName\":\"search_term_string\"}}],\"inLanguage\":\"es-ES\"},{\"@type\":\"Organization\",\"@id\":\"https:\\\/\\\/edmpco.com\\\/#organization\",\"name\":\"Edmpco\",\"url\":\"https:\\\/\\\/edmpco.com\\\/\",\"logo\":{\"@type\":\"ImageObject\",\"inLanguage\":\"es-ES\",\"@id\":\"https:\\\/\\\/edmpco.com\\\/#\\\/schema\\\/logo\\\/image\\\/\",\"url\":\"https:\\\/\\\/edmpco.com\\\/wp-content\\\/uploads\\\/2025\\\/10\\\/EDMP.svg\",\"contentUrl\":\"https:\\\/\\\/edmpco.com\\\/wp-content\\\/uploads\\\/2025\\\/10\\\/EDMP.svg\",\"width\":350,\"height\":105,\"caption\":\"Edmpco\"},\"image\":{\"@id\":\"https:\\\/\\\/edmpco.com\\\/#\\\/schema\\\/logo\\\/image\\\/\"}}]}<\/script>\n<!-- \/ Yoast SEO plugin. -->","yoast_head_json":{"title":"Magno 33 DC","robots":{"index":"index","follow":"follow","max-snippet":"max-snippet:-1","max-image-preview":"max-image-preview:large","max-video-preview":"max-video-preview:-1"},"canonical":"https:\/\/edmpco.com\/es\/product\/magno-33-dc\/","og_locale":"es_ES","og_type":"article","og_title":"[:en]Magno 33 DC[:es]Magno 33 DC[:fr]Magno 33 DC[:] - Edmpco","og_description":"El Magno 33 es un contador inteligente trif\u00e1sico de conexi\u00f3n directa dise\u00f1ado para la gesti\u00f3n de energ\u00eda comercial e industrial, y es compatible con las iniciativas de Infraestructura de Medici\u00f3n Avanzada (AMI). Equipado con funciones avanzadas contra la manipulaci\u00f3n, el Magno 33 ayuda a las empresas de servicios p\u00fablicos a salvaguardar sus ingresos detectando fraudes y minimizando las p\u00e9rdidas en la l\u00ednea. Este contador de alto rendimiento cumple plenamente con los est\u00e1ndares STS\/CTS para medici\u00f3n prepago y el protocolo DLMS\/COSEM, lo que garantiza una compatibilidad perfecta con una amplia gama de sistemas. Con su rendimiento fiable y robusto, el Magno 33 es la soluci\u00f3n ideal tanto para clientes residenciales como comerciales, ofreciendo una precisi\u00f3n, seguridad y eficiencia excepcionales en la gesti\u00f3n de la energ\u00eda.  Ficha informativa","og_url":"https:\/\/edmpco.com\/es\/product\/magno-33-dc\/","og_site_name":"Edmpco","article_modified_time":"2026-03-18T05:30:51+00:00","og_image":[{"width":1458,"height":1875,"url":"https:\/\/edmpco.com\/wp-content\/uploads\/2025\/11\/Magno-33-DC-2.jpg","type":"image\/jpeg"}],"twitter_card":"summary_large_image","twitter_misc":{"Tiempo de lectura":"1 minuto"},"schema":{"@context":"https:\/\/schema.org","@graph":[{"@type":"WebPage","@id":"https:\/\/edmpco.com\/fr\/product\/magno-33-dc\/","url":"https:\/\/edmpco.com\/fr\/product\/magno-33-dc\/","name":"Magno 33 DC","isPartOf":{"@id":"https:\/\/edmpco.com\/#website"},"primaryImageOfPage":{"@id":"https:\/\/edmpco.com\/fr\/product\/magno-33-dc\/#primaryimage"},"image":{"@id":"https:\/\/edmpco.com\/fr\/product\/magno-33-dc\/#primaryimage"},"thumbnailUrl":"https:\/\/edmpco.com\/wp-content\/uploads\/2025\/11\/Magno-33-DC-2.jpg","datePublished":"2025-11-01T15:12:25+00:00","dateModified":"2026-03-18T05:30:51+00:00","breadcrumb":{"@id":"https:\/\/edmpco.com\/fr\/product\/magno-33-dc\/#breadcrumb"},"inLanguage":"es-ES","potentialAction":[{"@type":"ReadAction","target":["https:\/\/edmpco.com\/fr\/product\/magno-33-dc\/"]}]},{"@type":"ImageObject","inLanguage":"es-ES","@id":"https:\/\/edmpco.com\/fr\/product\/magno-33-dc\/#primaryimage","url":"https:\/\/edmpco.com\/wp-content\/uploads\/2025\/11\/Magno-33-DC-2.jpg","contentUrl":"https:\/\/edmpco.com\/wp-content\/uploads\/2025\/11\/Magno-33-DC-2.jpg","width":1458,"height":1875},{"@type":"BreadcrumbList","@id":"https:\/\/edmpco.com\/fr\/product\/magno-33-dc\/#breadcrumb","itemListElement":[{"@type":"ListItem","position":1,"name":"Home","item":"https:\/\/edmpco.com\/"},{"@type":"ListItem","position":2,"name":"Shop","item":"https:\/\/edmpco.com\/shop\/"},{"@type":"ListItem","position":3,"name":"Magno 33 DC"}]},{"@type":"WebSite","@id":"https:\/\/edmpco.com\/#website","url":"https:\/\/edmpco.com\/","name":"Edmpco","description":"Engineering, Design, Management & Planning | Product Show","publisher":{"@id":"https:\/\/edmpco.com\/#organization"},"potentialAction":[{"@type":"SearchAction","target":{"@type":"EntryPoint","urlTemplate":"https:\/\/edmpco.com\/?s={search_term_string}"},"query-input":{"@type":"PropertyValueSpecification","valueRequired":true,"valueName":"search_term_string"}}],"inLanguage":"es-ES"},{"@type":"Organization","@id":"https:\/\/edmpco.com\/#organization","name":"Edmpco","url":"https:\/\/edmpco.com\/","logo":{"@type":"ImageObject","inLanguage":"es-ES","@id":"https:\/\/edmpco.com\/#\/schema\/logo\/image\/","url":"https:\/\/edmpco.com\/wp-content\/uploads\/2025\/10\/EDMP.svg","contentUrl":"https:\/\/edmpco.com\/wp-content\/uploads\/2025\/10\/EDMP.svg","width":350,"height":105,"caption":"Edmpco"},"image":{"@id":"https:\/\/edmpco.com\/#\/schema\/logo\/image\/"}}]}},"_links":{"self":[{"href":"https:\/\/edmpco.com\/es\/wp-json\/wp\/v2\/product\/5475","targetHints":{"allow":["GET"]}}],"collection":[{"href":"https:\/\/edmpco.com\/es\/wp-json\/wp\/v2\/product"}],"about":[{"href":"https:\/\/edmpco.com\/es\/wp-json\/wp\/v2\/types\/product"}],"replies":[{"embeddable":true,"href":"https:\/\/edmpco.com\/es\/wp-json\/wp\/v2\/comments?post=5475"}],"wp:featuredmedia":[{"embeddable":true,"href":"https:\/\/edmpco.com\/es\/wp-json\/wp\/v2\/media\/6564"}],"wp:attachment":[{"href":"https:\/\/edmpco.com\/es\/wp-json\/wp\/v2\/media?parent=5475"}],"wp:term":[{"taxonomy":"product_brand","embeddable":true,"href":"https:\/\/edmpco.com\/es\/wp-json\/wp\/v2\/product_brand?post=5475"},{"taxonomy":"product_cat","embeddable":true,"href":"https:\/\/edmpco.com\/es\/wp-json\/wp\/v2\/product_cat?post=5475"},{"taxonomy":"product_tag","embeddable":true,"href":"https:\/\/edmpco.com\/es\/wp-json\/wp\/v2\/product_tag?post=5475"}],"curies":[{"name":"wp","href":"https:\/\/api.w.org\/{rel}","templated":true}]}}