{"id":5478,"date":"2025-11-01T15:11:45","date_gmt":"2025-11-01T15:11:45","guid":{"rendered":"https:\/\/edmpco.com\/?post_type=product&#038;p=5478"},"modified":"2026-03-18T05:23:42","modified_gmt":"2026-03-18T05:23:42","slug":"magno-33-dc-2","status":"publish","type":"product","link":"https:\/\/edmpco.com\/es\/product\/magno-33-dc-2\/","title":{"rendered":"Magno 33+ DC"},"content":{"rendered":"<div class=\"Y3BBE\" data-sfc-cp=\"\" data-hveid=\"CAEIAhAA\" data-processed=\"true\" data-complete=\"true\">\n<div class=\"Y3BBE\" data-sfc-cp=\"\" data-hveid=\"CAEIAhAA\" data-processed=\"true\" data-complete=\"true\">Magno 33+ \u2013 Contador Trif\u00e1sico de Fuente Dual con Funcionalidad de Doble Monedero (Dual-Wallet)<\/div>\n<div class=\"Y3BBE\" data-sfc-cp=\"\" data-hveid=\"CAEIAxAA\" data-processed=\"true\" data-complete=\"true\">El Magno 33+ DC es un sofisticado contador trif\u00e1sico de fuente dual dise\u00f1ado para aplicaciones tanto residenciales como comerciales. Equipado con rel\u00e9s compatibles con 100A UC3, permite la desconexi\u00f3n y reconexi\u00f3n remota fluida de los servicios el\u00e9ctricos. Esta funcionalidad permite a las empresas de servicios p\u00fablicos gestionar la distribuci\u00f3n de energ\u00eda y garantizar un servicio fiable, especialmente en \u00e1reas con demandas de energ\u00eda fluctuantes o m\u00faltiples fuentes de energ\u00eda.<\/div>\n<div data-sfc-cp=\"\" data-hveid=\"CAEIAxAA\" data-processed=\"true\" data-complete=\"true\"><\/div>\n<div class=\"Y3BBE\" data-sfc-cp=\"\" data-hveid=\"CAEIBBAA\" data-processed=\"true\" data-complete=\"true\">Con la capacidad de medir el consumo de energ\u00eda de m\u00faltiples fuentes, el Magno 33+ DC ofrece una flexibilidad mejorada tanto para las empresas de servicios p\u00fablicos como para los clientes. Su funcionalidad de doble monedero (dual-wallet) es compatible con sistemas de prepago, proporcionando a los consumidores un mayor control sobre su uso de energ\u00eda y opciones de pago. Esto convierte al Magno 33+ DC en una soluci\u00f3n ideal para los sistemas energ\u00e9ticos modernos que requieren facturaci\u00f3n din\u00e1mica y m\u00e9todos de pago flexibles, particularmente en \u00e1reas con una alta necesidad de medici\u00f3n prepago.<\/div>\n<div data-sfc-cp=\"\" data-hveid=\"CAEIBBAA\" data-processed=\"true\" data-complete=\"true\"><\/div>\n<div class=\"Y3BBE\" data-sfc-cp=\"\" data-hveid=\"CAEIBRAA\" data-processed=\"true\" data-complete=\"true\">El Magno 33+ DC se adhiere a los est\u00e1ndares STS\/CTS y utiliza el protocolo DLMS\/COSEM, asegurando una f\u00e1cil integraci\u00f3n con la infraestructura de servicios p\u00fablicos existente y compatibilidad con otros sistemas de medici\u00f3n inteligente. Su dise\u00f1o robusto y caracter\u00edsticas avanzadas lo convierten en una opci\u00f3n fiable para aplicaciones residenciales, comerciales e industriales. Al ofrecer una medici\u00f3n de energ\u00eda precisa y en tiempo real, el Magno 33+ DC empodera a las empresas de servicios p\u00fablicos para optimizar la distribuci\u00f3n de recursos, mejorar la satisfacci\u00f3n del cliente y agilizar los procesos de gesti\u00f3n de la energ\u00eda.<\/div>\n<\/div>\n","protected":false},"excerpt":{"rendered":"<div class=\"Y3BBE\" data-sfc-cp=\"\" data-hveid=\"CAEIAhAA\" data-processed=\"true\" data-complete=\"true\">Magno 33+ \u2013 Contador Trif\u00e1sico de Fuente Dual con Funcionalidad de Doble Monedero (Dual-Wallet)<\/div>\n<div class=\"Y3BBE\" data-sfc-cp=\"\" data-hveid=\"CAEIAxAA\" data-processed=\"true\" data-complete=\"true\">El Magno 33+ DC es un sofisticado contador trif\u00e1sico de fuente dual dise\u00f1ado para aplicaciones tanto residenciales como comerciales. Equipado con rel\u00e9s compatibles con 100A UC3, permite la desconexi\u00f3n y reconexi\u00f3n remota fluida de los servicios el\u00e9ctricos. Esta funcionalidad permite a las empresas de servicios p\u00fablicos gestionar la distribuci\u00f3n de energ\u00eda y garantizar un servicio fiable, especialmente en \u00e1reas con demandas de energ\u00eda fluctuantes o m\u00faltiples fuentes de energ\u00eda.<\/div>\n<div data-sfc-cp=\"\" data-hveid=\"CAEIAxAA\" data-processed=\"true\" data-complete=\"true\"><\/div>\n<div class=\"Y3BBE\" data-sfc-cp=\"\" data-hveid=\"CAEIBBAA\" data-processed=\"true\" data-complete=\"true\">Con la capacidad de medir el consumo de energ\u00eda de m\u00faltiples fuentes, el Magno 33+ DC ofrece una flexibilidad mejorada tanto para las empresas de servicios p\u00fablicos como para los clientes. Su funcionalidad de doble monedero (dual-wallet) es compatible con sistemas de prepago, proporcionando a los consumidores un mayor control sobre su uso de energ\u00eda y opciones de pago. Esto convierte al Magno 33+ DC en una soluci\u00f3n ideal para los sistemas energ\u00e9ticos modernos que requieren facturaci\u00f3n din\u00e1mica y m\u00e9todos de pago flexibles, particularmente en \u00e1reas con una alta necesidad de medici\u00f3n prepago.<\/div>\n<div data-sfc-cp=\"\" data-hveid=\"CAEIBBAA\" data-processed=\"true\" data-complete=\"true\"><\/div>\n<div class=\"Y3BBE\" data-sfc-cp=\"\" data-hveid=\"CAEIBRAA\" data-processed=\"true\" data-complete=\"true\">El Magno 33+ DC se adhiere a los est\u00e1ndares STS\/CTS y utiliza el protocolo DLMS\/COSEM, asegurando una f\u00e1cil integraci\u00f3n con la infraestructura de servicios p\u00fablicos existente y compatibilidad con otros sistemas de medici\u00f3n inteligente. Su dise\u00f1o robusto y caracter\u00edsticas avanzadas lo convierten en una opci\u00f3n fiable para aplicaciones residenciales, comerciales e industriales. Al ofrecer una medici\u00f3n de energ\u00eda precisa y en tiempo real, el Magno 33+ DC empodera a las empresas de servicios p\u00fablicos para optimizar la distribuci\u00f3n de recursos, mejorar la satisfacci\u00f3n del cliente y agilizar los procesos de gesti\u00f3n de la energ\u00eda.<\/div>\n<div data-sfc-cp=\"\" data-hveid=\"CAEIBRAA\" data-processed=\"true\" data-complete=\"true\"><\/div>\n<p><a class=\"psacp-rdmr-btn\" href=\"https:\/\/edmpco.com\/wp-content\/uploads\/2025\/11\/Magno-33-DCDual-Source-WITHOUT-IDIS.pdf\" target=\"_blank\" rel=\"noopener\">Ficha informativa<\/a><\/p>\n","protected":false},"featured_media":6565,"comment_status":"open","ping_status":"closed","template":"","meta":[],"product_brand":[],"product_cat":[15],"product_tag":[],"class_list":{"0":"post-5478","1":"product","2":"type-product","3":"status-publish","4":"has-post-thumbnail","6":"product_cat-electricity-meters","8":"first","9":"instock","10":"shipping-taxable","11":"product-type-simple"},"yoast_head":"<!-- This site is optimized with the Yoast SEO plugin v27.4 - https:\/\/yoast.com\/product\/yoast-seo-wordpress\/ -->\n<title>Magno 33+ DC<\/title>\n<meta name=\"robots\" content=\"index, follow, max-snippet:-1, max-image-preview:large, max-video-preview:-1\" \/>\n<link rel=\"canonical\" href=\"https:\/\/edmpco.com\/es\/product\/magno-33-dc-2\/\" \/>\n<meta property=\"og:locale\" content=\"es_ES\" \/>\n<meta property=\"og:locale:alternate\" content=\"en_US\" \/>\n<meta property=\"og:locale:alternate\" content=\"fr_FR\" \/>\n<meta property=\"og:type\" content=\"article\" \/>\n<meta property=\"og:title\" content=\"Magno 33+ DC\" \/>\n<meta property=\"og:description\" content=\"Magno 33+ \u2013 Contador Trif\u00e1sico de Fuente Dual con Funcionalidad de Doble Monedero (Dual-Wallet) El Magno 33+ DC es un sofisticado contador trif\u00e1sico de fuente dual dise\u00f1ado para aplicaciones tanto residenciales como comerciales. Equipado con rel\u00e9s compatibles con 100A UC3, permite la desconexi\u00f3n y reconexi\u00f3n remota fluida de los servicios el\u00e9ctricos. Esta funcionalidad permite a las empresas de servicios p\u00fablicos gestionar la distribuci\u00f3n de energ\u00eda y garantizar un servicio fiable, especialmente en \u00e1reas con demandas de energ\u00eda fluctuantes o m\u00faltiples fuentes de energ\u00eda.  Con la capacidad de medir el consumo de energ\u00eda de m\u00faltiples fuentes, el Magno 33+ DC ofrece una flexibilidad mejorada tanto para las empresas de servicios p\u00fablicos como para los clientes. Su funcionalidad de doble monedero (dual-wallet) es compatible con sistemas de prepago, proporcionando a los consumidores un mayor control sobre su uso de energ\u00eda y opciones de pago. Esto convierte al Magno 33+ DC en una soluci\u00f3n ideal para los sistemas energ\u00e9ticos modernos que requieren facturaci\u00f3n din\u00e1mica y m\u00e9todos de pago flexibles, particularmente en \u00e1reas con una alta necesidad de medici\u00f3n prepago.  El Magno 33+ DC se adhiere a los est\u00e1ndares STS\/CTS y utiliza el protocolo DLMS\/COSEM, asegurando una f\u00e1cil integraci\u00f3n con la infraestructura de servicios p\u00fablicos existente y compatibilidad con otros sistemas de medici\u00f3n inteligente. Su dise\u00f1o robusto y caracter\u00edsticas avanzadas lo convierten en una opci\u00f3n fiable para aplicaciones residenciales, comerciales e industriales. Al ofrecer una medici\u00f3n de energ\u00eda precisa y en tiempo real, el Magno 33+ DC empodera a las empresas de servicios p\u00fablicos para optimizar la distribuci\u00f3n de recursos, mejorar la satisfacci\u00f3n del cliente y agilizar los procesos de gesti\u00f3n de la energ\u00eda.  Ficha informativa\" \/>\n<meta property=\"og:url\" content=\"https:\/\/edmpco.com\/es\/product\/magno-33-dc-2\/\" \/>\n<meta property=\"og:site_name\" content=\"Edmpco\" \/>\n<meta property=\"article:modified_time\" content=\"2026-03-18T05:23:42+00:00\" \/>\n<meta property=\"og:image\" content=\"https:\/\/edmpco.com\/wp-content\/uploads\/2025\/11\/Magno-33-DC-3.jpg\" \/>\n\t<meta property=\"og:image:width\" content=\"1458\" \/>\n\t<meta property=\"og:image:height\" content=\"1875\" \/>\n\t<meta property=\"og:image:type\" content=\"image\/jpeg\" \/>\n<meta name=\"twitter:card\" content=\"summary_large_image\" \/>\n<meta name=\"twitter:label1\" content=\"Tiempo de lectura\" \/>\n\t<meta name=\"twitter:data1\" content=\"2 minutos\" \/>\n<script type=\"application\/ld+json\" class=\"yoast-schema-graph\">{\"@context\":\"https:\\\/\\\/schema.org\",\"@graph\":[{\"@type\":\"WebPage\",\"@id\":\"https:\\\/\\\/edmpco.com\\\/fr\\\/product\\\/magno-33-dc-2\\\/\",\"url\":\"https:\\\/\\\/edmpco.com\\\/fr\\\/product\\\/magno-33-dc-2\\\/\",\"name\":\"Magno 33+ DC\",\"isPartOf\":{\"@id\":\"https:\\\/\\\/edmpco.com\\\/#website\"},\"primaryImageOfPage\":{\"@id\":\"https:\\\/\\\/edmpco.com\\\/fr\\\/product\\\/magno-33-dc-2\\\/#primaryimage\"},\"image\":{\"@id\":\"https:\\\/\\\/edmpco.com\\\/fr\\\/product\\\/magno-33-dc-2\\\/#primaryimage\"},\"thumbnailUrl\":\"https:\\\/\\\/edmpco.com\\\/wp-content\\\/uploads\\\/2025\\\/11\\\/Magno-33-DC-3.jpg\",\"datePublished\":\"2025-11-01T15:11:45+00:00\",\"dateModified\":\"2026-03-18T05:23:42+00:00\",\"breadcrumb\":{\"@id\":\"https:\\\/\\\/edmpco.com\\\/fr\\\/product\\\/magno-33-dc-2\\\/#breadcrumb\"},\"inLanguage\":\"es-ES\",\"potentialAction\":[{\"@type\":\"ReadAction\",\"target\":[\"https:\\\/\\\/edmpco.com\\\/fr\\\/product\\\/magno-33-dc-2\\\/\"]}]},{\"@type\":\"ImageObject\",\"inLanguage\":\"es-ES\",\"@id\":\"https:\\\/\\\/edmpco.com\\\/fr\\\/product\\\/magno-33-dc-2\\\/#primaryimage\",\"url\":\"https:\\\/\\\/edmpco.com\\\/wp-content\\\/uploads\\\/2025\\\/11\\\/Magno-33-DC-3.jpg\",\"contentUrl\":\"https:\\\/\\\/edmpco.com\\\/wp-content\\\/uploads\\\/2025\\\/11\\\/Magno-33-DC-3.jpg\",\"width\":1458,\"height\":1875},{\"@type\":\"BreadcrumbList\",\"@id\":\"https:\\\/\\\/edmpco.com\\\/fr\\\/product\\\/magno-33-dc-2\\\/#breadcrumb\",\"itemListElement\":[{\"@type\":\"ListItem\",\"position\":1,\"name\":\"Home\",\"item\":\"https:\\\/\\\/edmpco.com\\\/\"},{\"@type\":\"ListItem\",\"position\":2,\"name\":\"Shop\",\"item\":\"https:\\\/\\\/edmpco.com\\\/shop\\\/\"},{\"@type\":\"ListItem\",\"position\":3,\"name\":\"Magno 33+ DC\"}]},{\"@type\":\"WebSite\",\"@id\":\"https:\\\/\\\/edmpco.com\\\/#website\",\"url\":\"https:\\\/\\\/edmpco.com\\\/\",\"name\":\"Edmpco\",\"description\":\"Engineering, Design, Management & Planning | Product Show\",\"publisher\":{\"@id\":\"https:\\\/\\\/edmpco.com\\\/#organization\"},\"potentialAction\":[{\"@type\":\"SearchAction\",\"target\":{\"@type\":\"EntryPoint\",\"urlTemplate\":\"https:\\\/\\\/edmpco.com\\\/?s={search_term_string}\"},\"query-input\":{\"@type\":\"PropertyValueSpecification\",\"valueRequired\":true,\"valueName\":\"search_term_string\"}}],\"inLanguage\":\"es-ES\"},{\"@type\":\"Organization\",\"@id\":\"https:\\\/\\\/edmpco.com\\\/#organization\",\"name\":\"Edmpco\",\"url\":\"https:\\\/\\\/edmpco.com\\\/\",\"logo\":{\"@type\":\"ImageObject\",\"inLanguage\":\"es-ES\",\"@id\":\"https:\\\/\\\/edmpco.com\\\/#\\\/schema\\\/logo\\\/image\\\/\",\"url\":\"https:\\\/\\\/edmpco.com\\\/wp-content\\\/uploads\\\/2025\\\/10\\\/EDMP.svg\",\"contentUrl\":\"https:\\\/\\\/edmpco.com\\\/wp-content\\\/uploads\\\/2025\\\/10\\\/EDMP.svg\",\"width\":350,\"height\":105,\"caption\":\"Edmpco\"},\"image\":{\"@id\":\"https:\\\/\\\/edmpco.com\\\/#\\\/schema\\\/logo\\\/image\\\/\"}}]}<\/script>\n<!-- \/ Yoast SEO plugin. -->","yoast_head_json":{"title":"Magno 33+ DC","robots":{"index":"index","follow":"follow","max-snippet":"max-snippet:-1","max-image-preview":"max-image-preview:large","max-video-preview":"max-video-preview:-1"},"canonical":"https:\/\/edmpco.com\/es\/product\/magno-33-dc-2\/","og_locale":"es_ES","og_type":"article","og_title":"[:en]Magno 33+ DC[:es]Magno 33+ DC[:fr]Magno 33+ DC[:] - Edmpco","og_description":"Magno 33+ \u2013 Contador Trif\u00e1sico de Fuente Dual con Funcionalidad de Doble Monedero (Dual-Wallet) El Magno 33+ DC es un sofisticado contador trif\u00e1sico de fuente dual dise\u00f1ado para aplicaciones tanto residenciales como comerciales. Equipado con rel\u00e9s compatibles con 100A UC3, permite la desconexi\u00f3n y reconexi\u00f3n remota fluida de los servicios el\u00e9ctricos. Esta funcionalidad permite a las empresas de servicios p\u00fablicos gestionar la distribuci\u00f3n de energ\u00eda y garantizar un servicio fiable, especialmente en \u00e1reas con demandas de energ\u00eda fluctuantes o m\u00faltiples fuentes de energ\u00eda.  Con la capacidad de medir el consumo de energ\u00eda de m\u00faltiples fuentes, el Magno 33+ DC ofrece una flexibilidad mejorada tanto para las empresas de servicios p\u00fablicos como para los clientes. Su funcionalidad de doble monedero (dual-wallet) es compatible con sistemas de prepago, proporcionando a los consumidores un mayor control sobre su uso de energ\u00eda y opciones de pago. Esto convierte al Magno 33+ DC en una soluci\u00f3n ideal para los sistemas energ\u00e9ticos modernos que requieren facturaci\u00f3n din\u00e1mica y m\u00e9todos de pago flexibles, particularmente en \u00e1reas con una alta necesidad de medici\u00f3n prepago.  El Magno 33+ DC se adhiere a los est\u00e1ndares STS\/CTS y utiliza el protocolo DLMS\/COSEM, asegurando una f\u00e1cil integraci\u00f3n con la infraestructura de servicios p\u00fablicos existente y compatibilidad con otros sistemas de medici\u00f3n inteligente. Su dise\u00f1o robusto y caracter\u00edsticas avanzadas lo convierten en una opci\u00f3n fiable para aplicaciones residenciales, comerciales e industriales. Al ofrecer una medici\u00f3n de energ\u00eda precisa y en tiempo real, el Magno 33+ DC empodera a las empresas de servicios p\u00fablicos para optimizar la distribuci\u00f3n de recursos, mejorar la satisfacci\u00f3n del cliente y agilizar los procesos de gesti\u00f3n de la energ\u00eda.  Ficha informativa","og_url":"https:\/\/edmpco.com\/es\/product\/magno-33-dc-2\/","og_site_name":"Edmpco","article_modified_time":"2026-03-18T05:23:42+00:00","og_image":[{"width":1458,"height":1875,"url":"https:\/\/edmpco.com\/wp-content\/uploads\/2025\/11\/Magno-33-DC-3.jpg","type":"image\/jpeg"}],"twitter_card":"summary_large_image","twitter_misc":{"Tiempo de lectura":"2 minutos"},"schema":{"@context":"https:\/\/schema.org","@graph":[{"@type":"WebPage","@id":"https:\/\/edmpco.com\/fr\/product\/magno-33-dc-2\/","url":"https:\/\/edmpco.com\/fr\/product\/magno-33-dc-2\/","name":"Magno 33+ DC","isPartOf":{"@id":"https:\/\/edmpco.com\/#website"},"primaryImageOfPage":{"@id":"https:\/\/edmpco.com\/fr\/product\/magno-33-dc-2\/#primaryimage"},"image":{"@id":"https:\/\/edmpco.com\/fr\/product\/magno-33-dc-2\/#primaryimage"},"thumbnailUrl":"https:\/\/edmpco.com\/wp-content\/uploads\/2025\/11\/Magno-33-DC-3.jpg","datePublished":"2025-11-01T15:11:45+00:00","dateModified":"2026-03-18T05:23:42+00:00","breadcrumb":{"@id":"https:\/\/edmpco.com\/fr\/product\/magno-33-dc-2\/#breadcrumb"},"inLanguage":"es-ES","potentialAction":[{"@type":"ReadAction","target":["https:\/\/edmpco.com\/fr\/product\/magno-33-dc-2\/"]}]},{"@type":"ImageObject","inLanguage":"es-ES","@id":"https:\/\/edmpco.com\/fr\/product\/magno-33-dc-2\/#primaryimage","url":"https:\/\/edmpco.com\/wp-content\/uploads\/2025\/11\/Magno-33-DC-3.jpg","contentUrl":"https:\/\/edmpco.com\/wp-content\/uploads\/2025\/11\/Magno-33-DC-3.jpg","width":1458,"height":1875},{"@type":"BreadcrumbList","@id":"https:\/\/edmpco.com\/fr\/product\/magno-33-dc-2\/#breadcrumb","itemListElement":[{"@type":"ListItem","position":1,"name":"Home","item":"https:\/\/edmpco.com\/"},{"@type":"ListItem","position":2,"name":"Shop","item":"https:\/\/edmpco.com\/shop\/"},{"@type":"ListItem","position":3,"name":"Magno 33+ DC"}]},{"@type":"WebSite","@id":"https:\/\/edmpco.com\/#website","url":"https:\/\/edmpco.com\/","name":"Edmpco","description":"Engineering, Design, Management & Planning | Product Show","publisher":{"@id":"https:\/\/edmpco.com\/#organization"},"potentialAction":[{"@type":"SearchAction","target":{"@type":"EntryPoint","urlTemplate":"https:\/\/edmpco.com\/?s={search_term_string}"},"query-input":{"@type":"PropertyValueSpecification","valueRequired":true,"valueName":"search_term_string"}}],"inLanguage":"es-ES"},{"@type":"Organization","@id":"https:\/\/edmpco.com\/#organization","name":"Edmpco","url":"https:\/\/edmpco.com\/","logo":{"@type":"ImageObject","inLanguage":"es-ES","@id":"https:\/\/edmpco.com\/#\/schema\/logo\/image\/","url":"https:\/\/edmpco.com\/wp-content\/uploads\/2025\/10\/EDMP.svg","contentUrl":"https:\/\/edmpco.com\/wp-content\/uploads\/2025\/10\/EDMP.svg","width":350,"height":105,"caption":"Edmpco"},"image":{"@id":"https:\/\/edmpco.com\/#\/schema\/logo\/image\/"}}]}},"_links":{"self":[{"href":"https:\/\/edmpco.com\/es\/wp-json\/wp\/v2\/product\/5478","targetHints":{"allow":["GET"]}}],"collection":[{"href":"https:\/\/edmpco.com\/es\/wp-json\/wp\/v2\/product"}],"about":[{"href":"https:\/\/edmpco.com\/es\/wp-json\/wp\/v2\/types\/product"}],"replies":[{"embeddable":true,"href":"https:\/\/edmpco.com\/es\/wp-json\/wp\/v2\/comments?post=5478"}],"wp:featuredmedia":[{"embeddable":true,"href":"https:\/\/edmpco.com\/es\/wp-json\/wp\/v2\/media\/6565"}],"wp:attachment":[{"href":"https:\/\/edmpco.com\/es\/wp-json\/wp\/v2\/media?parent=5478"}],"wp:term":[{"taxonomy":"product_brand","embeddable":true,"href":"https:\/\/edmpco.com\/es\/wp-json\/wp\/v2\/product_brand?post=5478"},{"taxonomy":"product_cat","embeddable":true,"href":"https:\/\/edmpco.com\/es\/wp-json\/wp\/v2\/product_cat?post=5478"},{"taxonomy":"product_tag","embeddable":true,"href":"https:\/\/edmpco.com\/es\/wp-json\/wp\/v2\/product_tag?post=5478"}],"curies":[{"name":"wp","href":"https:\/\/api.w.org\/{rel}","templated":true}]}}