{"id":5487,"date":"2025-11-01T10:00:28","date_gmt":"2025-11-01T10:00:28","guid":{"rendered":"https:\/\/edmpco.com\/?post_type=product&#038;p=5487"},"modified":"2026-03-18T05:41:48","modified_gmt":"2026-03-18T05:41:48","slug":"mk10e","status":"publish","type":"product","link":"https:\/\/edmpco.com\/es\/product\/mk10e\/","title":{"rendered":"Mk10E"},"content":{"rendered":"<p>El Mk10E es un medidor inteligente CT\/WC trif\u00e1sico (Clase 0.5S \/ Clase 1) dise\u00f1ado por EDMI Limitad para aplicaciones avanzadas de redes inteligentes con un historial comprobado que abarca dos d\u00e9cadas. Dise\u00f1ado para brindar confiabilidad y precisi\u00f3n, ofrece un conjunto completo de funciones que incluyen una sofisticada detecci\u00f3n de fallas y anti-manipulaci\u00f3n, soporte para m\u00faltiples tecnolog\u00edas y protocolos de comunicaci\u00f3n, amplia capacidad de almacenamiento de datos y opciones de configuraci\u00f3n flexibles para adaptarse a diversas necesidades de medici\u00f3n.<\/p>\n","protected":false},"excerpt":{"rendered":"<p>El Mk10E es un medidor inteligente CT\/WC trif\u00e1sico (Clase 0.5S \/ Clase 1) dise\u00f1ado por EDMI Limitad para aplicaciones avanzadas de redes inteligentes con un historial comprobado que abarca dos d\u00e9cadas. Dise\u00f1ado para brindar confiabilidad y precisi\u00f3n, ofrece un conjunto completo de funciones que incluyen una sofisticada detecci\u00f3n de fallas y anti-manipulaci\u00f3n, soporte para m\u00faltiples tecnolog\u00edas y protocolos de comunicaci\u00f3n, amplia capacidad de almacenamiento de datos y opciones de configuraci\u00f3n flexibles para adaptarse a diversas necesidades de medici\u00f3n.<\/p>\n<p><a class=\"psacp-rdmr-btn\" href=\"https:\/\/edmpco.com\/wp-content\/uploads\/2025\/11\/MK10E.pdf\" target=\"_blank\" rel=\"noopener\">Ficha informativa<\/a><\/p>\n","protected":false},"featured_media":6573,"comment_status":"open","ping_status":"closed","template":"","meta":[],"product_brand":[],"product_cat":[15],"product_tag":[],"class_list":{"0":"post-5487","1":"product","2":"type-product","3":"status-publish","4":"has-post-thumbnail","6":"product_cat-electricity-meters","8":"first","9":"instock","10":"shipping-taxable","11":"product-type-simple"},"yoast_head":"<!-- This site is optimized with the Yoast SEO plugin v27.4 - https:\/\/yoast.com\/product\/yoast-seo-wordpress\/ -->\n<title>Mk10E<\/title>\n<meta name=\"robots\" content=\"index, follow, max-snippet:-1, max-image-preview:large, max-video-preview:-1\" \/>\n<link rel=\"canonical\" href=\"https:\/\/edmpco.com\/es\/product\/mk10e\/\" \/>\n<meta property=\"og:locale\" content=\"es_ES\" \/>\n<meta property=\"og:locale:alternate\" content=\"en_US\" \/>\n<meta property=\"og:locale:alternate\" content=\"fr_FR\" \/>\n<meta property=\"og:type\" content=\"article\" \/>\n<meta property=\"og:title\" content=\"Mk10E\" \/>\n<meta property=\"og:description\" content=\"El Mk10E es un medidor inteligente CT\/WC trif\u00e1sico (Clase 0.5S \/ Clase 1) dise\u00f1ado por EDMI Limitad para aplicaciones avanzadas de redes inteligentes con un historial comprobado que abarca dos d\u00e9cadas. Dise\u00f1ado para brindar confiabilidad y precisi\u00f3n, ofrece un conjunto completo de funciones que incluyen una sofisticada detecci\u00f3n de fallas y anti-manipulaci\u00f3n, soporte para m\u00faltiples tecnolog\u00edas y protocolos de comunicaci\u00f3n, amplia capacidad de almacenamiento de datos y opciones de configuraci\u00f3n flexibles para adaptarse a diversas necesidades de medici\u00f3n.  Ficha informativa\" \/>\n<meta property=\"og:url\" content=\"https:\/\/edmpco.com\/es\/product\/mk10e\/\" \/>\n<meta property=\"og:site_name\" content=\"Edmpco\" \/>\n<meta property=\"article:modified_time\" content=\"2026-03-18T05:41:48+00:00\" \/>\n<meta property=\"og:image\" content=\"https:\/\/edmpco.com\/wp-content\/uploads\/2025\/11\/MK10E-1.jpg\" \/>\n\t<meta property=\"og:image:width\" content=\"1458\" \/>\n\t<meta property=\"og:image:height\" content=\"1875\" \/>\n\t<meta property=\"og:image:type\" content=\"image\/jpeg\" \/>\n<meta name=\"twitter:card\" content=\"summary_large_image\" \/>\n<meta name=\"twitter:label1\" content=\"Tiempo de lectura\" \/>\n\t<meta name=\"twitter:data1\" content=\"1 minuto\" \/>\n<script type=\"application\/ld+json\" class=\"yoast-schema-graph\">{\"@context\":\"https:\\\/\\\/schema.org\",\"@graph\":[{\"@type\":\"WebPage\",\"@id\":\"https:\\\/\\\/edmpco.com\\\/fr\\\/product\\\/mk10e\\\/\",\"url\":\"https:\\\/\\\/edmpco.com\\\/fr\\\/product\\\/mk10e\\\/\",\"name\":\"Mk10E\",\"isPartOf\":{\"@id\":\"https:\\\/\\\/edmpco.com\\\/#website\"},\"primaryImageOfPage\":{\"@id\":\"https:\\\/\\\/edmpco.com\\\/fr\\\/product\\\/mk10e\\\/#primaryimage\"},\"image\":{\"@id\":\"https:\\\/\\\/edmpco.com\\\/fr\\\/product\\\/mk10e\\\/#primaryimage\"},\"thumbnailUrl\":\"https:\\\/\\\/edmpco.com\\\/wp-content\\\/uploads\\\/2025\\\/11\\\/MK10E-1.jpg\",\"datePublished\":\"2025-11-01T10:00:28+00:00\",\"dateModified\":\"2026-03-18T05:41:48+00:00\",\"breadcrumb\":{\"@id\":\"https:\\\/\\\/edmpco.com\\\/fr\\\/product\\\/mk10e\\\/#breadcrumb\"},\"inLanguage\":\"es-ES\",\"potentialAction\":[{\"@type\":\"ReadAction\",\"target\":[\"https:\\\/\\\/edmpco.com\\\/fr\\\/product\\\/mk10e\\\/\"]}]},{\"@type\":\"ImageObject\",\"inLanguage\":\"es-ES\",\"@id\":\"https:\\\/\\\/edmpco.com\\\/fr\\\/product\\\/mk10e\\\/#primaryimage\",\"url\":\"https:\\\/\\\/edmpco.com\\\/wp-content\\\/uploads\\\/2025\\\/11\\\/MK10E-1.jpg\",\"contentUrl\":\"https:\\\/\\\/edmpco.com\\\/wp-content\\\/uploads\\\/2025\\\/11\\\/MK10E-1.jpg\",\"width\":1458,\"height\":1875},{\"@type\":\"BreadcrumbList\",\"@id\":\"https:\\\/\\\/edmpco.com\\\/fr\\\/product\\\/mk10e\\\/#breadcrumb\",\"itemListElement\":[{\"@type\":\"ListItem\",\"position\":1,\"name\":\"Home\",\"item\":\"https:\\\/\\\/edmpco.com\\\/\"},{\"@type\":\"ListItem\",\"position\":2,\"name\":\"Shop\",\"item\":\"https:\\\/\\\/edmpco.com\\\/shop\\\/\"},{\"@type\":\"ListItem\",\"position\":3,\"name\":\"Mk10E\"}]},{\"@type\":\"WebSite\",\"@id\":\"https:\\\/\\\/edmpco.com\\\/#website\",\"url\":\"https:\\\/\\\/edmpco.com\\\/\",\"name\":\"Edmpco\",\"description\":\"Engineering, Design, Management & Planning | Product Show\",\"publisher\":{\"@id\":\"https:\\\/\\\/edmpco.com\\\/#organization\"},\"potentialAction\":[{\"@type\":\"SearchAction\",\"target\":{\"@type\":\"EntryPoint\",\"urlTemplate\":\"https:\\\/\\\/edmpco.com\\\/?s={search_term_string}\"},\"query-input\":{\"@type\":\"PropertyValueSpecification\",\"valueRequired\":true,\"valueName\":\"search_term_string\"}}],\"inLanguage\":\"es-ES\"},{\"@type\":\"Organization\",\"@id\":\"https:\\\/\\\/edmpco.com\\\/#organization\",\"name\":\"Edmpco\",\"url\":\"https:\\\/\\\/edmpco.com\\\/\",\"logo\":{\"@type\":\"ImageObject\",\"inLanguage\":\"es-ES\",\"@id\":\"https:\\\/\\\/edmpco.com\\\/#\\\/schema\\\/logo\\\/image\\\/\",\"url\":\"https:\\\/\\\/edmpco.com\\\/wp-content\\\/uploads\\\/2025\\\/10\\\/EDMP.svg\",\"contentUrl\":\"https:\\\/\\\/edmpco.com\\\/wp-content\\\/uploads\\\/2025\\\/10\\\/EDMP.svg\",\"width\":350,\"height\":105,\"caption\":\"Edmpco\"},\"image\":{\"@id\":\"https:\\\/\\\/edmpco.com\\\/#\\\/schema\\\/logo\\\/image\\\/\"}}]}<\/script>\n<!-- \/ Yoast SEO plugin. -->","yoast_head_json":{"title":"Mk10E","robots":{"index":"index","follow":"follow","max-snippet":"max-snippet:-1","max-image-preview":"max-image-preview:large","max-video-preview":"max-video-preview:-1"},"canonical":"https:\/\/edmpco.com\/es\/product\/mk10e\/","og_locale":"es_ES","og_type":"article","og_title":"[:en]Mk10E[:es]Mk10E[:fr]Mk10E[:] - Edmpco","og_description":"El Mk10E es un medidor inteligente CT\/WC trif\u00e1sico (Clase 0.5S \/ Clase 1) dise\u00f1ado por EDMI Limitad para aplicaciones avanzadas de redes inteligentes con un historial comprobado que abarca dos d\u00e9cadas. Dise\u00f1ado para brindar confiabilidad y precisi\u00f3n, ofrece un conjunto completo de funciones que incluyen una sofisticada detecci\u00f3n de fallas y anti-manipulaci\u00f3n, soporte para m\u00faltiples tecnolog\u00edas y protocolos de comunicaci\u00f3n, amplia capacidad de almacenamiento de datos y opciones de configuraci\u00f3n flexibles para adaptarse a diversas necesidades de medici\u00f3n.  Ficha informativa","og_url":"https:\/\/edmpco.com\/es\/product\/mk10e\/","og_site_name":"Edmpco","article_modified_time":"2026-03-18T05:41:48+00:00","og_image":[{"width":1458,"height":1875,"url":"https:\/\/edmpco.com\/wp-content\/uploads\/2025\/11\/MK10E-1.jpg","type":"image\/jpeg"}],"twitter_card":"summary_large_image","twitter_misc":{"Tiempo de lectura":"1 minuto"},"schema":{"@context":"https:\/\/schema.org","@graph":[{"@type":"WebPage","@id":"https:\/\/edmpco.com\/fr\/product\/mk10e\/","url":"https:\/\/edmpco.com\/fr\/product\/mk10e\/","name":"Mk10E","isPartOf":{"@id":"https:\/\/edmpco.com\/#website"},"primaryImageOfPage":{"@id":"https:\/\/edmpco.com\/fr\/product\/mk10e\/#primaryimage"},"image":{"@id":"https:\/\/edmpco.com\/fr\/product\/mk10e\/#primaryimage"},"thumbnailUrl":"https:\/\/edmpco.com\/wp-content\/uploads\/2025\/11\/MK10E-1.jpg","datePublished":"2025-11-01T10:00:28+00:00","dateModified":"2026-03-18T05:41:48+00:00","breadcrumb":{"@id":"https:\/\/edmpco.com\/fr\/product\/mk10e\/#breadcrumb"},"inLanguage":"es-ES","potentialAction":[{"@type":"ReadAction","target":["https:\/\/edmpco.com\/fr\/product\/mk10e\/"]}]},{"@type":"ImageObject","inLanguage":"es-ES","@id":"https:\/\/edmpco.com\/fr\/product\/mk10e\/#primaryimage","url":"https:\/\/edmpco.com\/wp-content\/uploads\/2025\/11\/MK10E-1.jpg","contentUrl":"https:\/\/edmpco.com\/wp-content\/uploads\/2025\/11\/MK10E-1.jpg","width":1458,"height":1875},{"@type":"BreadcrumbList","@id":"https:\/\/edmpco.com\/fr\/product\/mk10e\/#breadcrumb","itemListElement":[{"@type":"ListItem","position":1,"name":"Home","item":"https:\/\/edmpco.com\/"},{"@type":"ListItem","position":2,"name":"Shop","item":"https:\/\/edmpco.com\/shop\/"},{"@type":"ListItem","position":3,"name":"Mk10E"}]},{"@type":"WebSite","@id":"https:\/\/edmpco.com\/#website","url":"https:\/\/edmpco.com\/","name":"Edmpco","description":"Engineering, Design, Management & Planning | Product Show","publisher":{"@id":"https:\/\/edmpco.com\/#organization"},"potentialAction":[{"@type":"SearchAction","target":{"@type":"EntryPoint","urlTemplate":"https:\/\/edmpco.com\/?s={search_term_string}"},"query-input":{"@type":"PropertyValueSpecification","valueRequired":true,"valueName":"search_term_string"}}],"inLanguage":"es-ES"},{"@type":"Organization","@id":"https:\/\/edmpco.com\/#organization","name":"Edmpco","url":"https:\/\/edmpco.com\/","logo":{"@type":"ImageObject","inLanguage":"es-ES","@id":"https:\/\/edmpco.com\/#\/schema\/logo\/image\/","url":"https:\/\/edmpco.com\/wp-content\/uploads\/2025\/10\/EDMP.svg","contentUrl":"https:\/\/edmpco.com\/wp-content\/uploads\/2025\/10\/EDMP.svg","width":350,"height":105,"caption":"Edmpco"},"image":{"@id":"https:\/\/edmpco.com\/#\/schema\/logo\/image\/"}}]}},"_links":{"self":[{"href":"https:\/\/edmpco.com\/es\/wp-json\/wp\/v2\/product\/5487","targetHints":{"allow":["GET"]}}],"collection":[{"href":"https:\/\/edmpco.com\/es\/wp-json\/wp\/v2\/product"}],"about":[{"href":"https:\/\/edmpco.com\/es\/wp-json\/wp\/v2\/types\/product"}],"replies":[{"embeddable":true,"href":"https:\/\/edmpco.com\/es\/wp-json\/wp\/v2\/comments?post=5487"}],"wp:featuredmedia":[{"embeddable":true,"href":"https:\/\/edmpco.com\/es\/wp-json\/wp\/v2\/media\/6573"}],"wp:attachment":[{"href":"https:\/\/edmpco.com\/es\/wp-json\/wp\/v2\/media?parent=5487"}],"wp:term":[{"taxonomy":"product_brand","embeddable":true,"href":"https:\/\/edmpco.com\/es\/wp-json\/wp\/v2\/product_brand?post=5487"},{"taxonomy":"product_cat","embeddable":true,"href":"https:\/\/edmpco.com\/es\/wp-json\/wp\/v2\/product_cat?post=5487"},{"taxonomy":"product_tag","embeddable":true,"href":"https:\/\/edmpco.com\/es\/wp-json\/wp\/v2\/product_tag?post=5487"}],"curies":[{"name":"wp","href":"https:\/\/api.w.org\/{rel}","templated":true}]}}