{"id":5508,"date":"2025-11-01T12:00:27","date_gmt":"2025-11-01T12:00:27","guid":{"rendered":"https:\/\/edmpco.com\/?post_type=product&#038;p=5508"},"modified":"2026-03-18T06:00:09","modified_gmt":"2026-03-18T06:00:09","slug":"magno-34-ct","status":"publish","type":"product","link":"https:\/\/edmpco.com\/es\/product\/magno-34-ct\/","title":{"rendered":"MAGNO 34 CT"},"content":{"rendered":"<p>Magno 34 es un sofisticado TC trif\u00e1sico operado por TC Medidor prepago dise\u00f1ado para funcionalidades integrales como monitoreo de la red el\u00e9ctrica, control de carga, manipulaci\u00f3n monitoreo, vending, y monitoreo de transformadores. Incorpora una soluci\u00f3n antimanipulaci\u00f3n avanzada que apoya a las empresas de servicios p\u00fablicos en el aumento de los ingresos y la reducci\u00f3n de la l\u00ednea p\u00e9rdidas. El medidor se adhiere a los est\u00e1ndares STS \/ CTS y utiliza Protocolo abierto DLMS\/COSEM, lo que lo convierte en una opci\u00f3n inteligente Para clientes comerciales e industriales que buscan robustez soluciones de gesti\u00f3n de la energ\u00eda.<\/p>\n<p>&nbsp;<\/p>\n","protected":false},"excerpt":{"rendered":"<p>Magno 34 es un sofisticado TC trif\u00e1sico operado por TC Medidor prepago dise\u00f1ado para funcionalidades integrales como monitoreo de la red el\u00e9ctrica, control de carga, manipulaci\u00f3n monitoreo, vending, y monitoreo de transformadores. Incorpora una soluci\u00f3n antimanipulaci\u00f3n avanzada que apoya a las empresas de servicios p\u00fablicos en el aumento de los ingresos y la reducci\u00f3n de la l\u00ednea p\u00e9rdidas. El medidor se adhiere a los est\u00e1ndares STS \/ CTS y utiliza Protocolo abierto DLMS\/COSEM, lo que lo convierte en una opci\u00f3n inteligente Para clientes comerciales e industriales que buscan robustez soluciones de gesti\u00f3n de la energ\u00eda.<\/p>\n<p><a class=\"psacp-rdmr-btn\" href=\"https:\/\/edmpco.com\/wp-content\/uploads\/2025\/11\/MAGNO-34-CT.pdf\" target=\"_blank\" rel=\"noopener\">Ficha informativa<\/a><\/p>\n","protected":false},"featured_media":6569,"comment_status":"open","ping_status":"closed","template":"","meta":[],"product_brand":[],"product_cat":[15],"product_tag":[],"class_list":{"0":"post-5508","1":"product","2":"type-product","3":"status-publish","4":"has-post-thumbnail","6":"product_cat-electricity-meters","8":"first","9":"instock","10":"shipping-taxable","11":"product-type-simple"},"yoast_head":"<!-- This site is optimized with the Yoast SEO plugin v27.4 - https:\/\/yoast.com\/product\/yoast-seo-wordpress\/ -->\n<title>MAGNO 34 CT<\/title>\n<meta name=\"robots\" content=\"index, follow, max-snippet:-1, max-image-preview:large, max-video-preview:-1\" \/>\n<link rel=\"canonical\" href=\"https:\/\/edmpco.com\/es\/product\/magno-34-ct\/\" \/>\n<meta property=\"og:locale\" content=\"es_ES\" \/>\n<meta property=\"og:locale:alternate\" content=\"en_US\" \/>\n<meta property=\"og:locale:alternate\" content=\"fr_FR\" \/>\n<meta property=\"og:type\" content=\"article\" \/>\n<meta property=\"og:title\" content=\"MAGNO 34 CT\" \/>\n<meta property=\"og:description\" content=\"Magno 34 es un sofisticado TC trif\u00e1sico operado por TC Medidor prepago dise\u00f1ado para funcionalidades integrales como monitoreo de la red el\u00e9ctrica, control de carga, manipulaci\u00f3n monitoreo, vending, y monitoreo de transformadores. Incorpora una soluci\u00f3n antimanipulaci\u00f3n avanzada que apoya a las empresas de servicios p\u00fablicos en el aumento de los ingresos y la reducci\u00f3n de la l\u00ednea p\u00e9rdidas. El medidor se adhiere a los est\u00e1ndares STS \/ CTS y utiliza Protocolo abierto DLMS\/COSEM, lo que lo convierte en una opci\u00f3n inteligente Para clientes comerciales e industriales que buscan robustez soluciones de gesti\u00f3n de la energ\u00eda.  Ficha informativa\" \/>\n<meta property=\"og:url\" content=\"https:\/\/edmpco.com\/es\/product\/magno-34-ct\/\" \/>\n<meta property=\"og:site_name\" content=\"Edmpco\" \/>\n<meta property=\"article:modified_time\" content=\"2026-03-18T06:00:09+00:00\" \/>\n<meta property=\"og:image\" content=\"https:\/\/edmpco.com\/wp-content\/uploads\/2025\/11\/Magno-34-CT-1.jpg\" \/>\n\t<meta property=\"og:image:width\" content=\"1458\" \/>\n\t<meta property=\"og:image:height\" content=\"1875\" \/>\n\t<meta property=\"og:image:type\" content=\"image\/jpeg\" \/>\n<meta name=\"twitter:card\" content=\"summary_large_image\" \/>\n<meta name=\"twitter:label1\" content=\"Tiempo de lectura\" \/>\n\t<meta name=\"twitter:data1\" content=\"1 minuto\" \/>\n<script type=\"application\/ld+json\" class=\"yoast-schema-graph\">{\"@context\":\"https:\\\/\\\/schema.org\",\"@graph\":[{\"@type\":\"WebPage\",\"@id\":\"https:\\\/\\\/edmpco.com\\\/fr\\\/product\\\/magno-34-ct\\\/\",\"url\":\"https:\\\/\\\/edmpco.com\\\/fr\\\/product\\\/magno-34-ct\\\/\",\"name\":\"MAGNO 34 CT\",\"isPartOf\":{\"@id\":\"https:\\\/\\\/edmpco.com\\\/#website\"},\"primaryImageOfPage\":{\"@id\":\"https:\\\/\\\/edmpco.com\\\/fr\\\/product\\\/magno-34-ct\\\/#primaryimage\"},\"image\":{\"@id\":\"https:\\\/\\\/edmpco.com\\\/fr\\\/product\\\/magno-34-ct\\\/#primaryimage\"},\"thumbnailUrl\":\"https:\\\/\\\/edmpco.com\\\/wp-content\\\/uploads\\\/2025\\\/11\\\/Magno-34-CT-1.jpg\",\"datePublished\":\"2025-11-01T12:00:27+00:00\",\"dateModified\":\"2026-03-18T06:00:09+00:00\",\"breadcrumb\":{\"@id\":\"https:\\\/\\\/edmpco.com\\\/fr\\\/product\\\/magno-34-ct\\\/#breadcrumb\"},\"inLanguage\":\"es-ES\",\"potentialAction\":[{\"@type\":\"ReadAction\",\"target\":[\"https:\\\/\\\/edmpco.com\\\/fr\\\/product\\\/magno-34-ct\\\/\"]}]},{\"@type\":\"ImageObject\",\"inLanguage\":\"es-ES\",\"@id\":\"https:\\\/\\\/edmpco.com\\\/fr\\\/product\\\/magno-34-ct\\\/#primaryimage\",\"url\":\"https:\\\/\\\/edmpco.com\\\/wp-content\\\/uploads\\\/2025\\\/11\\\/Magno-34-CT-1.jpg\",\"contentUrl\":\"https:\\\/\\\/edmpco.com\\\/wp-content\\\/uploads\\\/2025\\\/11\\\/Magno-34-CT-1.jpg\",\"width\":1458,\"height\":1875},{\"@type\":\"BreadcrumbList\",\"@id\":\"https:\\\/\\\/edmpco.com\\\/fr\\\/product\\\/magno-34-ct\\\/#breadcrumb\",\"itemListElement\":[{\"@type\":\"ListItem\",\"position\":1,\"name\":\"Home\",\"item\":\"https:\\\/\\\/edmpco.com\\\/\"},{\"@type\":\"ListItem\",\"position\":2,\"name\":\"Shop\",\"item\":\"https:\\\/\\\/edmpco.com\\\/shop\\\/\"},{\"@type\":\"ListItem\",\"position\":3,\"name\":\"MAGNO 34 CT\"}]},{\"@type\":\"WebSite\",\"@id\":\"https:\\\/\\\/edmpco.com\\\/#website\",\"url\":\"https:\\\/\\\/edmpco.com\\\/\",\"name\":\"Edmpco\",\"description\":\"Engineering, Design, Management & Planning | Product Show\",\"publisher\":{\"@id\":\"https:\\\/\\\/edmpco.com\\\/#organization\"},\"potentialAction\":[{\"@type\":\"SearchAction\",\"target\":{\"@type\":\"EntryPoint\",\"urlTemplate\":\"https:\\\/\\\/edmpco.com\\\/?s={search_term_string}\"},\"query-input\":{\"@type\":\"PropertyValueSpecification\",\"valueRequired\":true,\"valueName\":\"search_term_string\"}}],\"inLanguage\":\"es-ES\"},{\"@type\":\"Organization\",\"@id\":\"https:\\\/\\\/edmpco.com\\\/#organization\",\"name\":\"Edmpco\",\"url\":\"https:\\\/\\\/edmpco.com\\\/\",\"logo\":{\"@type\":\"ImageObject\",\"inLanguage\":\"es-ES\",\"@id\":\"https:\\\/\\\/edmpco.com\\\/#\\\/schema\\\/logo\\\/image\\\/\",\"url\":\"https:\\\/\\\/edmpco.com\\\/wp-content\\\/uploads\\\/2025\\\/10\\\/EDMP.svg\",\"contentUrl\":\"https:\\\/\\\/edmpco.com\\\/wp-content\\\/uploads\\\/2025\\\/10\\\/EDMP.svg\",\"width\":350,\"height\":105,\"caption\":\"Edmpco\"},\"image\":{\"@id\":\"https:\\\/\\\/edmpco.com\\\/#\\\/schema\\\/logo\\\/image\\\/\"}}]}<\/script>\n<!-- \/ Yoast SEO plugin. -->","yoast_head_json":{"title":"MAGNO 34 CT","robots":{"index":"index","follow":"follow","max-snippet":"max-snippet:-1","max-image-preview":"max-image-preview:large","max-video-preview":"max-video-preview:-1"},"canonical":"https:\/\/edmpco.com\/es\/product\/magno-34-ct\/","og_locale":"es_ES","og_type":"article","og_title":"[:en]Magno 34 CT[:es]MAGNO 34 CT[:fr]MAGNO 34 CT[:] - Edmpco","og_description":"Magno 34 es un sofisticado TC trif\u00e1sico operado por TC Medidor prepago dise\u00f1ado para funcionalidades integrales como monitoreo de la red el\u00e9ctrica, control de carga, manipulaci\u00f3n monitoreo, vending, y monitoreo de transformadores. Incorpora una soluci\u00f3n antimanipulaci\u00f3n avanzada que apoya a las empresas de servicios p\u00fablicos en el aumento de los ingresos y la reducci\u00f3n de la l\u00ednea p\u00e9rdidas. El medidor se adhiere a los est\u00e1ndares STS \/ CTS y utiliza Protocolo abierto DLMS\/COSEM, lo que lo convierte en una opci\u00f3n inteligente Para clientes comerciales e industriales que buscan robustez soluciones de gesti\u00f3n de la energ\u00eda.  Ficha informativa","og_url":"https:\/\/edmpco.com\/es\/product\/magno-34-ct\/","og_site_name":"Edmpco","article_modified_time":"2026-03-18T06:00:09+00:00","og_image":[{"width":1458,"height":1875,"url":"https:\/\/edmpco.com\/wp-content\/uploads\/2025\/11\/Magno-34-CT-1.jpg","type":"image\/jpeg"}],"twitter_card":"summary_large_image","twitter_misc":{"Tiempo de lectura":"1 minuto"},"schema":{"@context":"https:\/\/schema.org","@graph":[{"@type":"WebPage","@id":"https:\/\/edmpco.com\/fr\/product\/magno-34-ct\/","url":"https:\/\/edmpco.com\/fr\/product\/magno-34-ct\/","name":"MAGNO 34 CT","isPartOf":{"@id":"https:\/\/edmpco.com\/#website"},"primaryImageOfPage":{"@id":"https:\/\/edmpco.com\/fr\/product\/magno-34-ct\/#primaryimage"},"image":{"@id":"https:\/\/edmpco.com\/fr\/product\/magno-34-ct\/#primaryimage"},"thumbnailUrl":"https:\/\/edmpco.com\/wp-content\/uploads\/2025\/11\/Magno-34-CT-1.jpg","datePublished":"2025-11-01T12:00:27+00:00","dateModified":"2026-03-18T06:00:09+00:00","breadcrumb":{"@id":"https:\/\/edmpco.com\/fr\/product\/magno-34-ct\/#breadcrumb"},"inLanguage":"es-ES","potentialAction":[{"@type":"ReadAction","target":["https:\/\/edmpco.com\/fr\/product\/magno-34-ct\/"]}]},{"@type":"ImageObject","inLanguage":"es-ES","@id":"https:\/\/edmpco.com\/fr\/product\/magno-34-ct\/#primaryimage","url":"https:\/\/edmpco.com\/wp-content\/uploads\/2025\/11\/Magno-34-CT-1.jpg","contentUrl":"https:\/\/edmpco.com\/wp-content\/uploads\/2025\/11\/Magno-34-CT-1.jpg","width":1458,"height":1875},{"@type":"BreadcrumbList","@id":"https:\/\/edmpco.com\/fr\/product\/magno-34-ct\/#breadcrumb","itemListElement":[{"@type":"ListItem","position":1,"name":"Home","item":"https:\/\/edmpco.com\/"},{"@type":"ListItem","position":2,"name":"Shop","item":"https:\/\/edmpco.com\/shop\/"},{"@type":"ListItem","position":3,"name":"MAGNO 34 CT"}]},{"@type":"WebSite","@id":"https:\/\/edmpco.com\/#website","url":"https:\/\/edmpco.com\/","name":"Edmpco","description":"Engineering, Design, Management & Planning | Product Show","publisher":{"@id":"https:\/\/edmpco.com\/#organization"},"potentialAction":[{"@type":"SearchAction","target":{"@type":"EntryPoint","urlTemplate":"https:\/\/edmpco.com\/?s={search_term_string}"},"query-input":{"@type":"PropertyValueSpecification","valueRequired":true,"valueName":"search_term_string"}}],"inLanguage":"es-ES"},{"@type":"Organization","@id":"https:\/\/edmpco.com\/#organization","name":"Edmpco","url":"https:\/\/edmpco.com\/","logo":{"@type":"ImageObject","inLanguage":"es-ES","@id":"https:\/\/edmpco.com\/#\/schema\/logo\/image\/","url":"https:\/\/edmpco.com\/wp-content\/uploads\/2025\/10\/EDMP.svg","contentUrl":"https:\/\/edmpco.com\/wp-content\/uploads\/2025\/10\/EDMP.svg","width":350,"height":105,"caption":"Edmpco"},"image":{"@id":"https:\/\/edmpco.com\/#\/schema\/logo\/image\/"}}]}},"_links":{"self":[{"href":"https:\/\/edmpco.com\/es\/wp-json\/wp\/v2\/product\/5508","targetHints":{"allow":["GET"]}}],"collection":[{"href":"https:\/\/edmpco.com\/es\/wp-json\/wp\/v2\/product"}],"about":[{"href":"https:\/\/edmpco.com\/es\/wp-json\/wp\/v2\/types\/product"}],"replies":[{"embeddable":true,"href":"https:\/\/edmpco.com\/es\/wp-json\/wp\/v2\/comments?post=5508"}],"wp:featuredmedia":[{"embeddable":true,"href":"https:\/\/edmpco.com\/es\/wp-json\/wp\/v2\/media\/6569"}],"wp:attachment":[{"href":"https:\/\/edmpco.com\/es\/wp-json\/wp\/v2\/media?parent=5508"}],"wp:term":[{"taxonomy":"product_brand","embeddable":true,"href":"https:\/\/edmpco.com\/es\/wp-json\/wp\/v2\/product_brand?post=5508"},{"taxonomy":"product_cat","embeddable":true,"href":"https:\/\/edmpco.com\/es\/wp-json\/wp\/v2\/product_cat?post=5508"},{"taxonomy":"product_tag","embeddable":true,"href":"https:\/\/edmpco.com\/es\/wp-json\/wp\/v2\/product_tag?post=5508"}],"curies":[{"name":"wp","href":"https:\/\/api.w.org\/{rel}","templated":true}]}}