{"id":5655,"date":"2025-11-01T08:00:14","date_gmt":"2025-11-01T08:00:14","guid":{"rendered":"https:\/\/edmpco.com\/?post_type=product&#038;p=5655"},"modified":"2026-03-24T06:48:13","modified_gmt":"2026-03-24T06:48:13","slug":"5655","status":"publish","type":"product","link":"https:\/\/edmpco.com\/es\/product\/5655\/","title":{"rendered":"MEGA X PQ"},"content":{"rendered":"<p>Presentamos el Mega X PQ, un medidor inteligente avanzado dise\u00f1ado espec\u00edficamente para centrales el\u00e9ctricas, subestaciones de alta y media tensi\u00f3n, y grandes aplicaciones industriales, con un enfoque principal en el monitoreo de la calidad de la energ\u00eda. Supera la IEC<br \/>\nPrecisi\u00f3n de clase 0.2S y est\u00e1ndares MID clase C, que ofrecen Precisi\u00f3n incomparable en las mediciones de calidad de la energ\u00eda. El<br \/>\nMega X PQ cumple con IEC 61000-4-30 (Edici\u00f3n 3) para An\u00e1lisis avanzado de la calidad de la energ\u00eda, que proporciona informaci\u00f3n detallada en ca\u00eddas de voltaje, arm\u00f3nicos, transitorios y parpadeo. Con 12kV protecci\u00f3n contra impulsos y cumplimiento de las normas de seguridad IEC 62052-31, Garantiza un funcionamiento fiable y seguro. Este medidor es perfecto para empresas de servicios p\u00fablicos y grandes clientes industriales que buscan monitoreo de la calidad de la energ\u00eda, que ofrece datos en tiempo real y rendimiento para optimizar la estabilidad y el funcionamiento de la red eficacia. El Mega X PQ establece un nuevo est\u00e1ndar de potencia Monitoreo de calidad en sistemas de medici\u00f3n inteligente, lo que permite mejorar toma de decisiones y garantizar la confiabilidad de la red.<\/p>\n","protected":false},"excerpt":{"rendered":"<p>Presentamos el Mega X PQ, un medidor inteligente avanzado dise\u00f1ado espec\u00edficamente para centrales el\u00e9ctricas, subestaciones de alta y media tensi\u00f3n, y grandes aplicaciones industriales, con un enfoque principal en el monitoreo de la calidad de la energ\u00eda. Supera la IEC Precisi\u00f3n de clase 0.2S y est\u00e1ndares MID clase C, que ofrecen Precisi\u00f3n incomparable en las mediciones de calidad de la energ\u00eda. El Mega X PQ cumple con IEC 61000-4-30 (Edici\u00f3n 3) para An\u00e1lisis avanzado de la calidad de la energ\u00eda, que proporciona informaci\u00f3n detallada en ca\u00eddas de voltaje, arm\u00f3nicos, transitorios y parpadeo. Con 12kV protecci\u00f3n contra impulsos y cumplimiento de las normas de seguridad IEC 62052-31, Garantiza un funcionamiento fiable y seguro. Este medidor es perfecto para empresas de servicios p\u00fablicos y grandes clientes industriales que buscan monitoreo de la calidad de la energ\u00eda, que ofrece datos en tiempo real y rendimiento para optimizar la estabilidad y el funcionamiento de la red eficacia. El Mega X PQ establece un nuevo est\u00e1ndar de potencia Monitoreo de calidad en sistemas de medici\u00f3n inteligente, lo que permite mejorar toma de decisiones y garantizar la confiabilidad de la red.<\/p>\n<p><a class=\"psacp-rdmr-btn\" href=\"https:\/\/edmpco.com\/wp-content\/uploads\/2025\/11\/Mega-X-PQ.pdf\" target=\"_blank\" rel=\"noopener\">Factsheet<\/a><\/p>\n","protected":false},"featured_media":6575,"comment_status":"open","ping_status":"closed","template":"","meta":[],"product_brand":[],"product_cat":[15],"product_tag":[],"class_list":{"0":"post-5655","1":"product","2":"type-product","3":"status-publish","4":"has-post-thumbnail","6":"product_cat-electricity-meters","8":"first","9":"instock","10":"shipping-taxable","11":"product-type-simple"},"yoast_head":"<!-- This site is optimized with the Yoast SEO plugin v27.4 - https:\/\/yoast.com\/product\/yoast-seo-wordpress\/ -->\n<title>MEGA X PQ<\/title>\n<meta name=\"robots\" content=\"index, follow, max-snippet:-1, max-image-preview:large, max-video-preview:-1\" \/>\n<link rel=\"canonical\" href=\"https:\/\/edmpco.com\/es\/product\/5655\/\" \/>\n<meta property=\"og:locale\" content=\"es_ES\" \/>\n<meta property=\"og:locale:alternate\" content=\"en_US\" \/>\n<meta property=\"og:locale:alternate\" content=\"fr_FR\" \/>\n<meta property=\"og:type\" content=\"article\" \/>\n<meta property=\"og:title\" content=\"MEGA X PQ\" \/>\n<meta property=\"og:description\" content=\"Presentamos el Mega X PQ, un medidor inteligente avanzado dise\u00f1ado espec\u00edficamente para centrales el\u00e9ctricas, subestaciones de alta y media tensi\u00f3n, y grandes aplicaciones industriales, con un enfoque principal en el monitoreo de la calidad de la energ\u00eda. Supera la IEC Precisi\u00f3n de clase 0.2S y est\u00e1ndares MID clase C, que ofrecen Precisi\u00f3n incomparable en las mediciones de calidad de la energ\u00eda. El Mega X PQ cumple con IEC 61000-4-30 (Edici\u00f3n 3) para An\u00e1lisis avanzado de la calidad de la energ\u00eda, que proporciona informaci\u00f3n detallada en ca\u00eddas de voltaje, arm\u00f3nicos, transitorios y parpadeo. Con 12kV protecci\u00f3n contra impulsos y cumplimiento de las normas de seguridad IEC 62052-31, Garantiza un funcionamiento fiable y seguro. Este medidor es perfecto para empresas de servicios p\u00fablicos y grandes clientes industriales que buscan monitoreo de la calidad de la energ\u00eda, que ofrece datos en tiempo real y rendimiento para optimizar la estabilidad y el funcionamiento de la red eficacia. El Mega X PQ establece un nuevo est\u00e1ndar de potencia Monitoreo de calidad en sistemas de medici\u00f3n inteligente, lo que permite mejorar toma de decisiones y garantizar la confiabilidad de la red.  Factsheet\" \/>\n<meta property=\"og:url\" content=\"https:\/\/edmpco.com\/es\/product\/5655\/\" \/>\n<meta property=\"og:site_name\" content=\"Edmpco\" \/>\n<meta property=\"article:modified_time\" content=\"2026-03-24T06:48:13+00:00\" \/>\n<meta property=\"og:image\" content=\"https:\/\/edmpco.com\/wp-content\/uploads\/2025\/11\/Mega-X-PQ-1.jpg\" \/>\n\t<meta property=\"og:image:width\" content=\"1458\" \/>\n\t<meta property=\"og:image:height\" content=\"1875\" \/>\n\t<meta property=\"og:image:type\" content=\"image\/jpeg\" \/>\n<meta name=\"twitter:card\" content=\"summary_large_image\" \/>\n<meta name=\"twitter:label1\" content=\"Tiempo de lectura\" \/>\n\t<meta name=\"twitter:data1\" content=\"2 minutos\" \/>\n<script type=\"application\/ld+json\" class=\"yoast-schema-graph\">{\"@context\":\"https:\\\/\\\/schema.org\",\"@graph\":[{\"@type\":\"WebPage\",\"@id\":\"https:\\\/\\\/edmpco.com\\\/fr\\\/product\\\/5655\\\/\",\"url\":\"https:\\\/\\\/edmpco.com\\\/fr\\\/product\\\/5655\\\/\",\"name\":\"MEGA X PQ\",\"isPartOf\":{\"@id\":\"https:\\\/\\\/edmpco.com\\\/#website\"},\"primaryImageOfPage\":{\"@id\":\"https:\\\/\\\/edmpco.com\\\/fr\\\/product\\\/5655\\\/#primaryimage\"},\"image\":{\"@id\":\"https:\\\/\\\/edmpco.com\\\/fr\\\/product\\\/5655\\\/#primaryimage\"},\"thumbnailUrl\":\"https:\\\/\\\/edmpco.com\\\/wp-content\\\/uploads\\\/2025\\\/11\\\/Mega-X-PQ-1.jpg\",\"datePublished\":\"2025-11-01T08:00:14+00:00\",\"dateModified\":\"2026-03-24T06:48:13+00:00\",\"breadcrumb\":{\"@id\":\"https:\\\/\\\/edmpco.com\\\/fr\\\/product\\\/5655\\\/#breadcrumb\"},\"inLanguage\":\"es-ES\",\"potentialAction\":[{\"@type\":\"ReadAction\",\"target\":[\"https:\\\/\\\/edmpco.com\\\/fr\\\/product\\\/5655\\\/\"]}]},{\"@type\":\"ImageObject\",\"inLanguage\":\"es-ES\",\"@id\":\"https:\\\/\\\/edmpco.com\\\/fr\\\/product\\\/5655\\\/#primaryimage\",\"url\":\"https:\\\/\\\/edmpco.com\\\/wp-content\\\/uploads\\\/2025\\\/11\\\/Mega-X-PQ-1.jpg\",\"contentUrl\":\"https:\\\/\\\/edmpco.com\\\/wp-content\\\/uploads\\\/2025\\\/11\\\/Mega-X-PQ-1.jpg\",\"width\":1458,\"height\":1875},{\"@type\":\"BreadcrumbList\",\"@id\":\"https:\\\/\\\/edmpco.com\\\/fr\\\/product\\\/5655\\\/#breadcrumb\",\"itemListElement\":[{\"@type\":\"ListItem\",\"position\":1,\"name\":\"Home\",\"item\":\"https:\\\/\\\/edmpco.com\\\/\"},{\"@type\":\"ListItem\",\"position\":2,\"name\":\"Shop\",\"item\":\"https:\\\/\\\/edmpco.com\\\/shop\\\/\"},{\"@type\":\"ListItem\",\"position\":3,\"name\":\"MEGA X PQ\"}]},{\"@type\":\"WebSite\",\"@id\":\"https:\\\/\\\/edmpco.com\\\/#website\",\"url\":\"https:\\\/\\\/edmpco.com\\\/\",\"name\":\"Edmpco\",\"description\":\"Engineering, Design, Management & Planning | Product Show\",\"publisher\":{\"@id\":\"https:\\\/\\\/edmpco.com\\\/#organization\"},\"potentialAction\":[{\"@type\":\"SearchAction\",\"target\":{\"@type\":\"EntryPoint\",\"urlTemplate\":\"https:\\\/\\\/edmpco.com\\\/?s={search_term_string}\"},\"query-input\":{\"@type\":\"PropertyValueSpecification\",\"valueRequired\":true,\"valueName\":\"search_term_string\"}}],\"inLanguage\":\"es-ES\"},{\"@type\":\"Organization\",\"@id\":\"https:\\\/\\\/edmpco.com\\\/#organization\",\"name\":\"Edmpco\",\"url\":\"https:\\\/\\\/edmpco.com\\\/\",\"logo\":{\"@type\":\"ImageObject\",\"inLanguage\":\"es-ES\",\"@id\":\"https:\\\/\\\/edmpco.com\\\/#\\\/schema\\\/logo\\\/image\\\/\",\"url\":\"https:\\\/\\\/edmpco.com\\\/wp-content\\\/uploads\\\/2025\\\/10\\\/EDMP.svg\",\"contentUrl\":\"https:\\\/\\\/edmpco.com\\\/wp-content\\\/uploads\\\/2025\\\/10\\\/EDMP.svg\",\"width\":350,\"height\":105,\"caption\":\"Edmpco\"},\"image\":{\"@id\":\"https:\\\/\\\/edmpco.com\\\/#\\\/schema\\\/logo\\\/image\\\/\"}}]}<\/script>\n<!-- \/ Yoast SEO plugin. -->","yoast_head_json":{"title":"MEGA X PQ","robots":{"index":"index","follow":"follow","max-snippet":"max-snippet:-1","max-image-preview":"max-image-preview:large","max-video-preview":"max-video-preview:-1"},"canonical":"https:\/\/edmpco.com\/es\/product\/5655\/","og_locale":"es_ES","og_type":"article","og_title":"[:en]Mega X PQ[:es]MEGA X PQ[:fr]MEGA X PQ[:] - Edmpco","og_description":"Presentamos el Mega X PQ, un medidor inteligente avanzado dise\u00f1ado espec\u00edficamente para centrales el\u00e9ctricas, subestaciones de alta y media tensi\u00f3n, y grandes aplicaciones industriales, con un enfoque principal en el monitoreo de la calidad de la energ\u00eda. Supera la IEC Precisi\u00f3n de clase 0.2S y est\u00e1ndares MID clase C, que ofrecen Precisi\u00f3n incomparable en las mediciones de calidad de la energ\u00eda. El Mega X PQ cumple con IEC 61000-4-30 (Edici\u00f3n 3) para An\u00e1lisis avanzado de la calidad de la energ\u00eda, que proporciona informaci\u00f3n detallada en ca\u00eddas de voltaje, arm\u00f3nicos, transitorios y parpadeo. Con 12kV protecci\u00f3n contra impulsos y cumplimiento de las normas de seguridad IEC 62052-31, Garantiza un funcionamiento fiable y seguro. Este medidor es perfecto para empresas de servicios p\u00fablicos y grandes clientes industriales que buscan monitoreo de la calidad de la energ\u00eda, que ofrece datos en tiempo real y rendimiento para optimizar la estabilidad y el funcionamiento de la red eficacia. El Mega X PQ establece un nuevo est\u00e1ndar de potencia Monitoreo de calidad en sistemas de medici\u00f3n inteligente, lo que permite mejorar toma de decisiones y garantizar la confiabilidad de la red.  Factsheet","og_url":"https:\/\/edmpco.com\/es\/product\/5655\/","og_site_name":"Edmpco","article_modified_time":"2026-03-24T06:48:13+00:00","og_image":[{"width":1458,"height":1875,"url":"https:\/\/edmpco.com\/wp-content\/uploads\/2025\/11\/Mega-X-PQ-1.jpg","type":"image\/jpeg"}],"twitter_card":"summary_large_image","twitter_misc":{"Tiempo de lectura":"2 minutos"},"schema":{"@context":"https:\/\/schema.org","@graph":[{"@type":"WebPage","@id":"https:\/\/edmpco.com\/fr\/product\/5655\/","url":"https:\/\/edmpco.com\/fr\/product\/5655\/","name":"MEGA X PQ","isPartOf":{"@id":"https:\/\/edmpco.com\/#website"},"primaryImageOfPage":{"@id":"https:\/\/edmpco.com\/fr\/product\/5655\/#primaryimage"},"image":{"@id":"https:\/\/edmpco.com\/fr\/product\/5655\/#primaryimage"},"thumbnailUrl":"https:\/\/edmpco.com\/wp-content\/uploads\/2025\/11\/Mega-X-PQ-1.jpg","datePublished":"2025-11-01T08:00:14+00:00","dateModified":"2026-03-24T06:48:13+00:00","breadcrumb":{"@id":"https:\/\/edmpco.com\/fr\/product\/5655\/#breadcrumb"},"inLanguage":"es-ES","potentialAction":[{"@type":"ReadAction","target":["https:\/\/edmpco.com\/fr\/product\/5655\/"]}]},{"@type":"ImageObject","inLanguage":"es-ES","@id":"https:\/\/edmpco.com\/fr\/product\/5655\/#primaryimage","url":"https:\/\/edmpco.com\/wp-content\/uploads\/2025\/11\/Mega-X-PQ-1.jpg","contentUrl":"https:\/\/edmpco.com\/wp-content\/uploads\/2025\/11\/Mega-X-PQ-1.jpg","width":1458,"height":1875},{"@type":"BreadcrumbList","@id":"https:\/\/edmpco.com\/fr\/product\/5655\/#breadcrumb","itemListElement":[{"@type":"ListItem","position":1,"name":"Home","item":"https:\/\/edmpco.com\/"},{"@type":"ListItem","position":2,"name":"Shop","item":"https:\/\/edmpco.com\/shop\/"},{"@type":"ListItem","position":3,"name":"MEGA X PQ"}]},{"@type":"WebSite","@id":"https:\/\/edmpco.com\/#website","url":"https:\/\/edmpco.com\/","name":"Edmpco","description":"Engineering, Design, Management & Planning | Product Show","publisher":{"@id":"https:\/\/edmpco.com\/#organization"},"potentialAction":[{"@type":"SearchAction","target":{"@type":"EntryPoint","urlTemplate":"https:\/\/edmpco.com\/?s={search_term_string}"},"query-input":{"@type":"PropertyValueSpecification","valueRequired":true,"valueName":"search_term_string"}}],"inLanguage":"es-ES"},{"@type":"Organization","@id":"https:\/\/edmpco.com\/#organization","name":"Edmpco","url":"https:\/\/edmpco.com\/","logo":{"@type":"ImageObject","inLanguage":"es-ES","@id":"https:\/\/edmpco.com\/#\/schema\/logo\/image\/","url":"https:\/\/edmpco.com\/wp-content\/uploads\/2025\/10\/EDMP.svg","contentUrl":"https:\/\/edmpco.com\/wp-content\/uploads\/2025\/10\/EDMP.svg","width":350,"height":105,"caption":"Edmpco"},"image":{"@id":"https:\/\/edmpco.com\/#\/schema\/logo\/image\/"}}]}},"_links":{"self":[{"href":"https:\/\/edmpco.com\/es\/wp-json\/wp\/v2\/product\/5655","targetHints":{"allow":["GET"]}}],"collection":[{"href":"https:\/\/edmpco.com\/es\/wp-json\/wp\/v2\/product"}],"about":[{"href":"https:\/\/edmpco.com\/es\/wp-json\/wp\/v2\/types\/product"}],"replies":[{"embeddable":true,"href":"https:\/\/edmpco.com\/es\/wp-json\/wp\/v2\/comments?post=5655"}],"wp:featuredmedia":[{"embeddable":true,"href":"https:\/\/edmpco.com\/es\/wp-json\/wp\/v2\/media\/6575"}],"wp:attachment":[{"href":"https:\/\/edmpco.com\/es\/wp-json\/wp\/v2\/media?parent=5655"}],"wp:term":[{"taxonomy":"product_brand","embeddable":true,"href":"https:\/\/edmpco.com\/es\/wp-json\/wp\/v2\/product_brand?post=5655"},{"taxonomy":"product_cat","embeddable":true,"href":"https:\/\/edmpco.com\/es\/wp-json\/wp\/v2\/product_cat?post=5655"},{"taxonomy":"product_tag","embeddable":true,"href":"https:\/\/edmpco.com\/es\/wp-json\/wp\/v2\/product_tag?post=5655"}],"curies":[{"name":"wp","href":"https:\/\/api.w.org\/{rel}","templated":true}]}}