{"id":5741,"date":"2025-11-04T09:00:54","date_gmt":"2025-11-04T09:00:54","guid":{"rendered":"https:\/\/edmpco.com\/?post_type=product&#038;p=5741"},"modified":"2026-03-24T07:29:22","modified_gmt":"2026-03-24T07:29:22","slug":"modems-g3-plc-module","status":"publish","type":"product","link":"https:\/\/edmpco.com\/es\/product\/modems-g3-plc-module\/","title":{"rendered":"M\u00f3dulo G3-PLC"},"content":{"rendered":"<p>El m\u00f3dulo G3PLC redefine la comunicaci\u00f3n por l\u00ednea el\u00e9ctrica con transferencia de datos de alta velocidad y capacidades antiinterferentes excepcionales, superando las soluciones de PLC tradicionales. G3-PLC no solo mejora la velocidad de comunicaci\u00f3n pero tambi\u00e9n minimiza los costos operativos con su bajo mantenimiento dise\u00f1o. La red autoorganizada cuenta con direccionamiento autom\u00e1tico y mantenimiento de rutas, Garantizar procesos de lectura de contadores fluidos y eficientes.<\/p>\n","protected":false},"excerpt":{"rendered":"<p>El m\u00f3dulo G3PLC redefine la comunicaci\u00f3n por l\u00ednea el\u00e9ctrica con transferencia de datos de alta velocidad y capacidades antiinterferentes excepcionales, superando las soluciones de PLC tradicionales. G3-PLC no solo mejora la velocidad de comunicaci\u00f3n pero tambi\u00e9n minimiza los costos operativos con su bajo mantenimiento dise\u00f1o. La red autoorganizada cuenta con direccionamiento autom\u00e1tico y mantenimiento de rutas, Garantizar procesos de lectura de contadores fluidos y eficientes.<\/p>\n<p><a class=\"psacp-rdmr-btn\" href=\"https:\/\/edmpco.com\/wp-content\/uploads\/2025\/11\/EDMP-G3PLC.pdf\" target=\"_blank\" rel=\"noopener\">Ficha informativa<\/a><\/p>\n","protected":false},"featured_media":6448,"comment_status":"open","ping_status":"closed","template":"","meta":[],"product_brand":[],"product_cat":[51],"product_tag":[],"class_list":{"0":"post-5741","1":"product","2":"type-product","3":"status-publish","4":"has-post-thumbnail","6":"product_cat-communication-technologies","8":"first","9":"instock","10":"shipping-taxable","11":"product-type-simple"},"yoast_head":"<!-- This site is optimized with the Yoast SEO plugin v27.4 - https:\/\/yoast.com\/product\/yoast-seo-wordpress\/ -->\n<title>M\u00f3dulo G3-PLC<\/title>\n<meta name=\"robots\" content=\"index, follow, max-snippet:-1, max-image-preview:large, max-video-preview:-1\" \/>\n<link rel=\"canonical\" href=\"https:\/\/edmpco.com\/es\/product\/modems-g3-plc-module\/\" \/>\n<meta property=\"og:locale\" content=\"es_ES\" \/>\n<meta property=\"og:locale:alternate\" content=\"en_US\" \/>\n<meta property=\"og:locale:alternate\" content=\"fr_FR\" \/>\n<meta property=\"og:type\" content=\"article\" \/>\n<meta property=\"og:title\" content=\"M\u00f3dulo G3-PLC\" \/>\n<meta property=\"og:description\" content=\"El m\u00f3dulo G3PLC redefine la comunicaci\u00f3n por l\u00ednea el\u00e9ctrica con transferencia de datos de alta velocidad y capacidades antiinterferentes excepcionales, superando las soluciones de PLC tradicionales. G3-PLC no solo mejora la velocidad de comunicaci\u00f3n pero tambi\u00e9n minimiza los costos operativos con su bajo mantenimiento dise\u00f1o. La red autoorganizada cuenta con direccionamiento autom\u00e1tico y mantenimiento de rutas, Garantizar procesos de lectura de contadores fluidos y eficientes.  Ficha informativa\" \/>\n<meta property=\"og:url\" content=\"https:\/\/edmpco.com\/es\/product\/modems-g3-plc-module\/\" \/>\n<meta property=\"og:site_name\" content=\"Edmpco\" \/>\n<meta property=\"article:modified_time\" content=\"2026-03-24T07:29:22+00:00\" \/>\n<meta property=\"og:image\" content=\"https:\/\/edmpco.com\/wp-content\/uploads\/2025\/11\/G3-PLC-Module.jpg\" \/>\n\t<meta property=\"og:image:width\" content=\"1458\" \/>\n\t<meta property=\"og:image:height\" content=\"1875\" \/>\n\t<meta property=\"og:image:type\" content=\"image\/jpeg\" \/>\n<meta name=\"twitter:card\" content=\"summary_large_image\" \/>\n<meta name=\"twitter:label1\" content=\"Tiempo de lectura\" \/>\n\t<meta name=\"twitter:data1\" content=\"1 minuto\" \/>\n<script type=\"application\/ld+json\" class=\"yoast-schema-graph\">{\"@context\":\"https:\\\/\\\/schema.org\",\"@graph\":[{\"@type\":\"WebPage\",\"@id\":\"https:\\\/\\\/edmpco.com\\\/fr\\\/product\\\/modems-g3-plc-module\\\/\",\"url\":\"https:\\\/\\\/edmpco.com\\\/fr\\\/product\\\/modems-g3-plc-module\\\/\",\"name\":\"M\u00f3dulo G3-PLC\",\"isPartOf\":{\"@id\":\"https:\\\/\\\/edmpco.com\\\/#website\"},\"primaryImageOfPage\":{\"@id\":\"https:\\\/\\\/edmpco.com\\\/fr\\\/product\\\/modems-g3-plc-module\\\/#primaryimage\"},\"image\":{\"@id\":\"https:\\\/\\\/edmpco.com\\\/fr\\\/product\\\/modems-g3-plc-module\\\/#primaryimage\"},\"thumbnailUrl\":\"https:\\\/\\\/edmpco.com\\\/wp-content\\\/uploads\\\/2025\\\/11\\\/G3-PLC-Module.jpg\",\"datePublished\":\"2025-11-04T09:00:54+00:00\",\"dateModified\":\"2026-03-24T07:29:22+00:00\",\"breadcrumb\":{\"@id\":\"https:\\\/\\\/edmpco.com\\\/fr\\\/product\\\/modems-g3-plc-module\\\/#breadcrumb\"},\"inLanguage\":\"es-ES\",\"potentialAction\":[{\"@type\":\"ReadAction\",\"target\":[\"https:\\\/\\\/edmpco.com\\\/fr\\\/product\\\/modems-g3-plc-module\\\/\"]}]},{\"@type\":\"ImageObject\",\"inLanguage\":\"es-ES\",\"@id\":\"https:\\\/\\\/edmpco.com\\\/fr\\\/product\\\/modems-g3-plc-module\\\/#primaryimage\",\"url\":\"https:\\\/\\\/edmpco.com\\\/wp-content\\\/uploads\\\/2025\\\/11\\\/G3-PLC-Module.jpg\",\"contentUrl\":\"https:\\\/\\\/edmpco.com\\\/wp-content\\\/uploads\\\/2025\\\/11\\\/G3-PLC-Module.jpg\",\"width\":1458,\"height\":1875},{\"@type\":\"BreadcrumbList\",\"@id\":\"https:\\\/\\\/edmpco.com\\\/fr\\\/product\\\/modems-g3-plc-module\\\/#breadcrumb\",\"itemListElement\":[{\"@type\":\"ListItem\",\"position\":1,\"name\":\"Home\",\"item\":\"https:\\\/\\\/edmpco.com\\\/\"},{\"@type\":\"ListItem\",\"position\":2,\"name\":\"Shop\",\"item\":\"https:\\\/\\\/edmpco.com\\\/shop\\\/\"},{\"@type\":\"ListItem\",\"position\":3,\"name\":\"G3-PLC Module\"}]},{\"@type\":\"WebSite\",\"@id\":\"https:\\\/\\\/edmpco.com\\\/#website\",\"url\":\"https:\\\/\\\/edmpco.com\\\/\",\"name\":\"Edmpco\",\"description\":\"Engineering, Design, Management & Planning | Product Show\",\"publisher\":{\"@id\":\"https:\\\/\\\/edmpco.com\\\/#organization\"},\"potentialAction\":[{\"@type\":\"SearchAction\",\"target\":{\"@type\":\"EntryPoint\",\"urlTemplate\":\"https:\\\/\\\/edmpco.com\\\/?s={search_term_string}\"},\"query-input\":{\"@type\":\"PropertyValueSpecification\",\"valueRequired\":true,\"valueName\":\"search_term_string\"}}],\"inLanguage\":\"es-ES\"},{\"@type\":\"Organization\",\"@id\":\"https:\\\/\\\/edmpco.com\\\/#organization\",\"name\":\"Edmpco\",\"url\":\"https:\\\/\\\/edmpco.com\\\/\",\"logo\":{\"@type\":\"ImageObject\",\"inLanguage\":\"es-ES\",\"@id\":\"https:\\\/\\\/edmpco.com\\\/#\\\/schema\\\/logo\\\/image\\\/\",\"url\":\"https:\\\/\\\/edmpco.com\\\/wp-content\\\/uploads\\\/2025\\\/10\\\/EDMP.svg\",\"contentUrl\":\"https:\\\/\\\/edmpco.com\\\/wp-content\\\/uploads\\\/2025\\\/10\\\/EDMP.svg\",\"width\":350,\"height\":105,\"caption\":\"Edmpco\"},\"image\":{\"@id\":\"https:\\\/\\\/edmpco.com\\\/#\\\/schema\\\/logo\\\/image\\\/\"}}]}<\/script>\n<!-- \/ Yoast SEO plugin. -->","yoast_head_json":{"title":"M\u00f3dulo G3-PLC","robots":{"index":"index","follow":"follow","max-snippet":"max-snippet:-1","max-image-preview":"max-image-preview:large","max-video-preview":"max-video-preview:-1"},"canonical":"https:\/\/edmpco.com\/es\/product\/modems-g3-plc-module\/","og_locale":"es_ES","og_type":"article","og_title":"[:en]G3-PLC Module[:es]M\u00f3dulo G3-PLC[:fr]G3-PLC Module[:] - Edmpco","og_description":"El m\u00f3dulo G3PLC redefine la comunicaci\u00f3n por l\u00ednea el\u00e9ctrica con transferencia de datos de alta velocidad y capacidades antiinterferentes excepcionales, superando las soluciones de PLC tradicionales. G3-PLC no solo mejora la velocidad de comunicaci\u00f3n pero tambi\u00e9n minimiza los costos operativos con su bajo mantenimiento dise\u00f1o. La red autoorganizada cuenta con direccionamiento autom\u00e1tico y mantenimiento de rutas, Garantizar procesos de lectura de contadores fluidos y eficientes.  Ficha informativa","og_url":"https:\/\/edmpco.com\/es\/product\/modems-g3-plc-module\/","og_site_name":"Edmpco","article_modified_time":"2026-03-24T07:29:22+00:00","og_image":[{"width":1458,"height":1875,"url":"https:\/\/edmpco.com\/wp-content\/uploads\/2025\/11\/G3-PLC-Module.jpg","type":"image\/jpeg"}],"twitter_card":"summary_large_image","twitter_misc":{"Tiempo de lectura":"1 minuto"},"schema":{"@context":"https:\/\/schema.org","@graph":[{"@type":"WebPage","@id":"https:\/\/edmpco.com\/fr\/product\/modems-g3-plc-module\/","url":"https:\/\/edmpco.com\/fr\/product\/modems-g3-plc-module\/","name":"M\u00f3dulo G3-PLC","isPartOf":{"@id":"https:\/\/edmpco.com\/#website"},"primaryImageOfPage":{"@id":"https:\/\/edmpco.com\/fr\/product\/modems-g3-plc-module\/#primaryimage"},"image":{"@id":"https:\/\/edmpco.com\/fr\/product\/modems-g3-plc-module\/#primaryimage"},"thumbnailUrl":"https:\/\/edmpco.com\/wp-content\/uploads\/2025\/11\/G3-PLC-Module.jpg","datePublished":"2025-11-04T09:00:54+00:00","dateModified":"2026-03-24T07:29:22+00:00","breadcrumb":{"@id":"https:\/\/edmpco.com\/fr\/product\/modems-g3-plc-module\/#breadcrumb"},"inLanguage":"es-ES","potentialAction":[{"@type":"ReadAction","target":["https:\/\/edmpco.com\/fr\/product\/modems-g3-plc-module\/"]}]},{"@type":"ImageObject","inLanguage":"es-ES","@id":"https:\/\/edmpco.com\/fr\/product\/modems-g3-plc-module\/#primaryimage","url":"https:\/\/edmpco.com\/wp-content\/uploads\/2025\/11\/G3-PLC-Module.jpg","contentUrl":"https:\/\/edmpco.com\/wp-content\/uploads\/2025\/11\/G3-PLC-Module.jpg","width":1458,"height":1875},{"@type":"BreadcrumbList","@id":"https:\/\/edmpco.com\/fr\/product\/modems-g3-plc-module\/#breadcrumb","itemListElement":[{"@type":"ListItem","position":1,"name":"Home","item":"https:\/\/edmpco.com\/"},{"@type":"ListItem","position":2,"name":"Shop","item":"https:\/\/edmpco.com\/shop\/"},{"@type":"ListItem","position":3,"name":"G3-PLC Module"}]},{"@type":"WebSite","@id":"https:\/\/edmpco.com\/#website","url":"https:\/\/edmpco.com\/","name":"Edmpco","description":"Engineering, Design, Management & Planning | Product Show","publisher":{"@id":"https:\/\/edmpco.com\/#organization"},"potentialAction":[{"@type":"SearchAction","target":{"@type":"EntryPoint","urlTemplate":"https:\/\/edmpco.com\/?s={search_term_string}"},"query-input":{"@type":"PropertyValueSpecification","valueRequired":true,"valueName":"search_term_string"}}],"inLanguage":"es-ES"},{"@type":"Organization","@id":"https:\/\/edmpco.com\/#organization","name":"Edmpco","url":"https:\/\/edmpco.com\/","logo":{"@type":"ImageObject","inLanguage":"es-ES","@id":"https:\/\/edmpco.com\/#\/schema\/logo\/image\/","url":"https:\/\/edmpco.com\/wp-content\/uploads\/2025\/10\/EDMP.svg","contentUrl":"https:\/\/edmpco.com\/wp-content\/uploads\/2025\/10\/EDMP.svg","width":350,"height":105,"caption":"Edmpco"},"image":{"@id":"https:\/\/edmpco.com\/#\/schema\/logo\/image\/"}}]}},"_links":{"self":[{"href":"https:\/\/edmpco.com\/es\/wp-json\/wp\/v2\/product\/5741","targetHints":{"allow":["GET"]}}],"collection":[{"href":"https:\/\/edmpco.com\/es\/wp-json\/wp\/v2\/product"}],"about":[{"href":"https:\/\/edmpco.com\/es\/wp-json\/wp\/v2\/types\/product"}],"replies":[{"embeddable":true,"href":"https:\/\/edmpco.com\/es\/wp-json\/wp\/v2\/comments?post=5741"}],"wp:featuredmedia":[{"embeddable":true,"href":"https:\/\/edmpco.com\/es\/wp-json\/wp\/v2\/media\/6448"}],"wp:attachment":[{"href":"https:\/\/edmpco.com\/es\/wp-json\/wp\/v2\/media?parent=5741"}],"wp:term":[{"taxonomy":"product_brand","embeddable":true,"href":"https:\/\/edmpco.com\/es\/wp-json\/wp\/v2\/product_brand?post=5741"},{"taxonomy":"product_cat","embeddable":true,"href":"https:\/\/edmpco.com\/es\/wp-json\/wp\/v2\/product_cat?post=5741"},{"taxonomy":"product_tag","embeddable":true,"href":"https:\/\/edmpco.com\/es\/wp-json\/wp\/v2\/product_tag?post=5741"}],"curies":[{"name":"wp","href":"https:\/\/api.w.org\/{rel}","templated":true}]}}