{"id":5764,"date":"2025-11-03T07:00:02","date_gmt":"2025-11-03T07:00:02","guid":{"rendered":"https:\/\/edmpco.com\/?post_type=product&#038;p=5764"},"modified":"2026-03-24T07:36:41","modified_gmt":"2026-03-24T07:36:41","slug":"mobilynk-magno","status":"publish","type":"product","link":"https:\/\/edmpco.com\/es\/product\/mobilynk-magno\/","title":{"rendered":"MobiLynk-Magno"},"content":{"rendered":"<p>El MobiLynk-Magno es una aplicaci\u00f3n profesionalDise\u00f1ado espec\u00edficamente para que los ingenieros de campo interact\u00faen sin problemas con medidores de energ\u00eda inteligentes. Operando en el DLMS\/COSEM, permite a los t\u00e9cnicos llevar actividades clave de medici\u00f3n de forma r\u00e1pida y fiable en el campo.<\/p>\n<p>Compatible en dispositivos Android el MobiLynk-Magno realiza tareas como la configuraci\u00f3n del medidor, Lectura de par\u00e1metros y diagn\u00f3stico de alarmas\/eventos sin conexi\u00f3n f\u00edsica. La aplicaci\u00f3n MobiLynk-Magno potencia las utilidades y proveedores de servicios para optimizar las operaciones de campo, reducir tiempo de inactividad y mejorar la prestaci\u00f3n del servicio al cliente.<\/p>\n","protected":false},"excerpt":{"rendered":"<p>El MobiLynk-Magno es una aplicaci\u00f3n profesionalDise\u00f1ado espec\u00edficamente para que los ingenieros de campo interact\u00faen sin problemas con medidores de energ\u00eda inteligentes. Operando en el DLMS\/COSEM, permite a los t\u00e9cnicos llevar actividades clave de medici\u00f3n de forma r\u00e1pida y fiable en el campo.<\/p>\n<p>Compatible en dispositivos Android el MobiLynk-Magno realiza tareas como la configuraci\u00f3n del medidor, Lectura de par\u00e1metros y diagn\u00f3stico de alarmas\/eventos sin conexi\u00f3n f\u00edsica. La aplicaci\u00f3n MobiLynk-Magno potencia las utilidades y proveedores de servicios para optimizar las operaciones de campo, reducir tiempo de inactividad y mejorar la prestaci\u00f3n del servicio al cliente.<\/p>\n<p><a class=\"psacp-rdmr-btn\" href=\"https:\/\/edmpco.com\/wp-content\/uploads\/2025\/11\/MAGNO-MOBILYNK.pdf\" target=\"_blank\" rel=\"noopener\">Ficha informativa<\/a><\/p>\n","protected":false},"featured_media":6480,"comment_status":"open","ping_status":"closed","template":"","meta":[],"product_brand":[],"product_cat":[52],"product_tag":[],"class_list":{"0":"post-5764","1":"product","2":"type-product","3":"status-publish","4":"has-post-thumbnail","6":"product_cat-system-and-software","8":"first","9":"instock","10":"shipping-taxable","11":"product-type-simple"},"yoast_head":"<!-- This site is optimized with the Yoast SEO plugin v27.4 - https:\/\/yoast.com\/product\/yoast-seo-wordpress\/ -->\n<title>MobiLynk-Magno<\/title>\n<meta name=\"robots\" content=\"index, follow, max-snippet:-1, max-image-preview:large, max-video-preview:-1\" \/>\n<link rel=\"canonical\" href=\"https:\/\/edmpco.com\/es\/product\/mobilynk-magno\/\" \/>\n<meta property=\"og:locale\" content=\"es_ES\" \/>\n<meta property=\"og:locale:alternate\" content=\"en_US\" \/>\n<meta property=\"og:locale:alternate\" content=\"fr_FR\" \/>\n<meta property=\"og:type\" content=\"article\" \/>\n<meta property=\"og:title\" content=\"MobiLynk-Magno\" \/>\n<meta property=\"og:description\" content=\"El MobiLynk-Magno es una aplicaci\u00f3n profesionalDise\u00f1ado espec\u00edficamente para que los ingenieros de campo interact\u00faen sin problemas con medidores de energ\u00eda inteligentes. Operando en el DLMS\/COSEM, permite a los t\u00e9cnicos llevar actividades clave de medici\u00f3n de forma r\u00e1pida y fiable en el campo.  Compatible en dispositivos Android el MobiLynk-Magno realiza tareas como la configuraci\u00f3n del medidor, Lectura de par\u00e1metros y diagn\u00f3stico de alarmas\/eventos sin conexi\u00f3n f\u00edsica. La aplicaci\u00f3n MobiLynk-Magno potencia las utilidades y proveedores de servicios para optimizar las operaciones de campo, reducir tiempo de inactividad y mejorar la prestaci\u00f3n del servicio al cliente.   Ficha informativa\" \/>\n<meta property=\"og:url\" content=\"https:\/\/edmpco.com\/es\/product\/mobilynk-magno\/\" \/>\n<meta property=\"og:site_name\" content=\"Edmpco\" \/>\n<meta property=\"article:modified_time\" content=\"2026-03-24T07:36:41+00:00\" \/>\n<meta property=\"og:image\" content=\"https:\/\/edmpco.com\/wp-content\/uploads\/2025\/11\/MobiLynk-Magno.jpg\" \/>\n\t<meta property=\"og:image:width\" content=\"1458\" \/>\n\t<meta property=\"og:image:height\" content=\"1875\" \/>\n\t<meta property=\"og:image:type\" content=\"image\/jpeg\" \/>\n<meta name=\"twitter:card\" content=\"summary_large_image\" \/>\n<meta name=\"twitter:label1\" content=\"Tiempo de lectura\" \/>\n\t<meta name=\"twitter:data1\" content=\"1 minuto\" \/>\n<script type=\"application\/ld+json\" class=\"yoast-schema-graph\">{\"@context\":\"https:\\\/\\\/schema.org\",\"@graph\":[{\"@type\":\"WebPage\",\"@id\":\"https:\\\/\\\/edmpco.com\\\/fr\\\/product\\\/mobilynk-magno\\\/\",\"url\":\"https:\\\/\\\/edmpco.com\\\/fr\\\/product\\\/mobilynk-magno\\\/\",\"name\":\"MobiLynk-Magno\",\"isPartOf\":{\"@id\":\"https:\\\/\\\/edmpco.com\\\/#website\"},\"primaryImageOfPage\":{\"@id\":\"https:\\\/\\\/edmpco.com\\\/fr\\\/product\\\/mobilynk-magno\\\/#primaryimage\"},\"image\":{\"@id\":\"https:\\\/\\\/edmpco.com\\\/fr\\\/product\\\/mobilynk-magno\\\/#primaryimage\"},\"thumbnailUrl\":\"https:\\\/\\\/edmpco.com\\\/wp-content\\\/uploads\\\/2025\\\/11\\\/MobiLynk-Magno.jpg\",\"datePublished\":\"2025-11-03T07:00:02+00:00\",\"dateModified\":\"2026-03-24T07:36:41+00:00\",\"breadcrumb\":{\"@id\":\"https:\\\/\\\/edmpco.com\\\/fr\\\/product\\\/mobilynk-magno\\\/#breadcrumb\"},\"inLanguage\":\"es-ES\",\"potentialAction\":[{\"@type\":\"ReadAction\",\"target\":[\"https:\\\/\\\/edmpco.com\\\/fr\\\/product\\\/mobilynk-magno\\\/\"]}]},{\"@type\":\"ImageObject\",\"inLanguage\":\"es-ES\",\"@id\":\"https:\\\/\\\/edmpco.com\\\/fr\\\/product\\\/mobilynk-magno\\\/#primaryimage\",\"url\":\"https:\\\/\\\/edmpco.com\\\/wp-content\\\/uploads\\\/2025\\\/11\\\/MobiLynk-Magno.jpg\",\"contentUrl\":\"https:\\\/\\\/edmpco.com\\\/wp-content\\\/uploads\\\/2025\\\/11\\\/MobiLynk-Magno.jpg\",\"width\":1458,\"height\":1875},{\"@type\":\"BreadcrumbList\",\"@id\":\"https:\\\/\\\/edmpco.com\\\/fr\\\/product\\\/mobilynk-magno\\\/#breadcrumb\",\"itemListElement\":[{\"@type\":\"ListItem\",\"position\":1,\"name\":\"Home\",\"item\":\"https:\\\/\\\/edmpco.com\\\/\"},{\"@type\":\"ListItem\",\"position\":2,\"name\":\"Shop\",\"item\":\"https:\\\/\\\/edmpco.com\\\/shop\\\/\"},{\"@type\":\"ListItem\",\"position\":3,\"name\":\"MobiLynk Magno\"}]},{\"@type\":\"WebSite\",\"@id\":\"https:\\\/\\\/edmpco.com\\\/#website\",\"url\":\"https:\\\/\\\/edmpco.com\\\/\",\"name\":\"Edmpco\",\"description\":\"Engineering, Design, Management & Planning | Product Show\",\"publisher\":{\"@id\":\"https:\\\/\\\/edmpco.com\\\/#organization\"},\"potentialAction\":[{\"@type\":\"SearchAction\",\"target\":{\"@type\":\"EntryPoint\",\"urlTemplate\":\"https:\\\/\\\/edmpco.com\\\/?s={search_term_string}\"},\"query-input\":{\"@type\":\"PropertyValueSpecification\",\"valueRequired\":true,\"valueName\":\"search_term_string\"}}],\"inLanguage\":\"es-ES\"},{\"@type\":\"Organization\",\"@id\":\"https:\\\/\\\/edmpco.com\\\/#organization\",\"name\":\"Edmpco\",\"url\":\"https:\\\/\\\/edmpco.com\\\/\",\"logo\":{\"@type\":\"ImageObject\",\"inLanguage\":\"es-ES\",\"@id\":\"https:\\\/\\\/edmpco.com\\\/#\\\/schema\\\/logo\\\/image\\\/\",\"url\":\"https:\\\/\\\/edmpco.com\\\/wp-content\\\/uploads\\\/2025\\\/10\\\/EDMP.svg\",\"contentUrl\":\"https:\\\/\\\/edmpco.com\\\/wp-content\\\/uploads\\\/2025\\\/10\\\/EDMP.svg\",\"width\":350,\"height\":105,\"caption\":\"Edmpco\"},\"image\":{\"@id\":\"https:\\\/\\\/edmpco.com\\\/#\\\/schema\\\/logo\\\/image\\\/\"}}]}<\/script>\n<!-- \/ Yoast SEO plugin. -->","yoast_head_json":{"title":"MobiLynk-Magno","robots":{"index":"index","follow":"follow","max-snippet":"max-snippet:-1","max-image-preview":"max-image-preview:large","max-video-preview":"max-video-preview:-1"},"canonical":"https:\/\/edmpco.com\/es\/product\/mobilynk-magno\/","og_locale":"es_ES","og_type":"article","og_title":"[:en]MobiLynk-Magno[:es]MobiLynk-Magno[:fr]MobiLynk Magno[:] - Edmpco","og_description":"El MobiLynk-Magno es una aplicaci\u00f3n profesionalDise\u00f1ado espec\u00edficamente para que los ingenieros de campo interact\u00faen sin problemas con medidores de energ\u00eda inteligentes. Operando en el DLMS\/COSEM, permite a los t\u00e9cnicos llevar actividades clave de medici\u00f3n de forma r\u00e1pida y fiable en el campo.  Compatible en dispositivos Android el MobiLynk-Magno realiza tareas como la configuraci\u00f3n del medidor, Lectura de par\u00e1metros y diagn\u00f3stico de alarmas\/eventos sin conexi\u00f3n f\u00edsica. La aplicaci\u00f3n MobiLynk-Magno potencia las utilidades y proveedores de servicios para optimizar las operaciones de campo, reducir tiempo de inactividad y mejorar la prestaci\u00f3n del servicio al cliente.   Ficha informativa","og_url":"https:\/\/edmpco.com\/es\/product\/mobilynk-magno\/","og_site_name":"Edmpco","article_modified_time":"2026-03-24T07:36:41+00:00","og_image":[{"width":1458,"height":1875,"url":"https:\/\/edmpco.com\/wp-content\/uploads\/2025\/11\/MobiLynk-Magno.jpg","type":"image\/jpeg"}],"twitter_card":"summary_large_image","twitter_misc":{"Tiempo de lectura":"1 minuto"},"schema":{"@context":"https:\/\/schema.org","@graph":[{"@type":"WebPage","@id":"https:\/\/edmpco.com\/fr\/product\/mobilynk-magno\/","url":"https:\/\/edmpco.com\/fr\/product\/mobilynk-magno\/","name":"MobiLynk-Magno","isPartOf":{"@id":"https:\/\/edmpco.com\/#website"},"primaryImageOfPage":{"@id":"https:\/\/edmpco.com\/fr\/product\/mobilynk-magno\/#primaryimage"},"image":{"@id":"https:\/\/edmpco.com\/fr\/product\/mobilynk-magno\/#primaryimage"},"thumbnailUrl":"https:\/\/edmpco.com\/wp-content\/uploads\/2025\/11\/MobiLynk-Magno.jpg","datePublished":"2025-11-03T07:00:02+00:00","dateModified":"2026-03-24T07:36:41+00:00","breadcrumb":{"@id":"https:\/\/edmpco.com\/fr\/product\/mobilynk-magno\/#breadcrumb"},"inLanguage":"es-ES","potentialAction":[{"@type":"ReadAction","target":["https:\/\/edmpco.com\/fr\/product\/mobilynk-magno\/"]}]},{"@type":"ImageObject","inLanguage":"es-ES","@id":"https:\/\/edmpco.com\/fr\/product\/mobilynk-magno\/#primaryimage","url":"https:\/\/edmpco.com\/wp-content\/uploads\/2025\/11\/MobiLynk-Magno.jpg","contentUrl":"https:\/\/edmpco.com\/wp-content\/uploads\/2025\/11\/MobiLynk-Magno.jpg","width":1458,"height":1875},{"@type":"BreadcrumbList","@id":"https:\/\/edmpco.com\/fr\/product\/mobilynk-magno\/#breadcrumb","itemListElement":[{"@type":"ListItem","position":1,"name":"Home","item":"https:\/\/edmpco.com\/"},{"@type":"ListItem","position":2,"name":"Shop","item":"https:\/\/edmpco.com\/shop\/"},{"@type":"ListItem","position":3,"name":"MobiLynk Magno"}]},{"@type":"WebSite","@id":"https:\/\/edmpco.com\/#website","url":"https:\/\/edmpco.com\/","name":"Edmpco","description":"Engineering, Design, Management & Planning | Product Show","publisher":{"@id":"https:\/\/edmpco.com\/#organization"},"potentialAction":[{"@type":"SearchAction","target":{"@type":"EntryPoint","urlTemplate":"https:\/\/edmpco.com\/?s={search_term_string}"},"query-input":{"@type":"PropertyValueSpecification","valueRequired":true,"valueName":"search_term_string"}}],"inLanguage":"es-ES"},{"@type":"Organization","@id":"https:\/\/edmpco.com\/#organization","name":"Edmpco","url":"https:\/\/edmpco.com\/","logo":{"@type":"ImageObject","inLanguage":"es-ES","@id":"https:\/\/edmpco.com\/#\/schema\/logo\/image\/","url":"https:\/\/edmpco.com\/wp-content\/uploads\/2025\/10\/EDMP.svg","contentUrl":"https:\/\/edmpco.com\/wp-content\/uploads\/2025\/10\/EDMP.svg","width":350,"height":105,"caption":"Edmpco"},"image":{"@id":"https:\/\/edmpco.com\/#\/schema\/logo\/image\/"}}]}},"_links":{"self":[{"href":"https:\/\/edmpco.com\/es\/wp-json\/wp\/v2\/product\/5764","targetHints":{"allow":["GET"]}}],"collection":[{"href":"https:\/\/edmpco.com\/es\/wp-json\/wp\/v2\/product"}],"about":[{"href":"https:\/\/edmpco.com\/es\/wp-json\/wp\/v2\/types\/product"}],"replies":[{"embeddable":true,"href":"https:\/\/edmpco.com\/es\/wp-json\/wp\/v2\/comments?post=5764"}],"wp:featuredmedia":[{"embeddable":true,"href":"https:\/\/edmpco.com\/es\/wp-json\/wp\/v2\/media\/6480"}],"wp:attachment":[{"href":"https:\/\/edmpco.com\/es\/wp-json\/wp\/v2\/media?parent=5764"}],"wp:term":[{"taxonomy":"product_brand","embeddable":true,"href":"https:\/\/edmpco.com\/es\/wp-json\/wp\/v2\/product_brand?post=5764"},{"taxonomy":"product_cat","embeddable":true,"href":"https:\/\/edmpco.com\/es\/wp-json\/wp\/v2\/product_cat?post=5764"},{"taxonomy":"product_tag","embeddable":true,"href":"https:\/\/edmpco.com\/es\/wp-json\/wp\/v2\/product_tag?post=5764"}],"curies":[{"name":"wp","href":"https:\/\/api.w.org\/{rel}","templated":true}]}}