{"id":5767,"date":"2025-11-03T06:00:17","date_gmt":"2025-11-03T06:00:17","guid":{"rendered":"https:\/\/edmpco.com\/?post_type=product&#038;p=5767"},"modified":"2026-03-24T09:40:22","modified_gmt":"2026-03-24T09:40:22","slug":"mobilynk-mk","status":"publish","type":"product","link":"https:\/\/edmpco.com\/es\/product\/mobilynk-mk\/","title":{"rendered":"MobiLynk-MK"},"content":{"rendered":"<p>La aplicaci\u00f3n de unidad port\u00e1til MobiLynk-Mk es una potente soluci\u00f3n de mantenimiento y gesti\u00f3n que combina una soluci\u00f3n basada en la web portal y aplicaci\u00f3n m\u00f3vil. Permite a las empresas de servicios p\u00fablicos e ingenieros de campo para leer datos de forma segura, configurar par\u00e1metros, realizar diagn\u00f3sticos y administre medidores inteligentes directamente a trav\u00e9s de una HHU. Con funciones como la energ\u00eda y la captura instant\u00e1nea de datos, control de rel\u00e9s, monitoreo de manipulaciones y alarmas, borrado de eventos y capacidades de exportaci\u00f3n, MobiLynk-Mk agiliza las operaciones de campo. El portal de gesti\u00f3n proporciona un control centralizado sobre las HHU, conjuntos de registro y sincronizaci\u00f3n, asegurando que solo Los usuarios autorizados pueden acceder y actualizar las configuraciones de los medidores eficientemente.<\/p>\n","protected":false},"excerpt":{"rendered":"<p>La aplicaci\u00f3n de unidad port\u00e1til MobiLynk-Mk es una potente soluci\u00f3n de mantenimiento y gesti\u00f3n que combina una soluci\u00f3n basada en la web portal y aplicaci\u00f3n m\u00f3vil. Permite a las empresas de servicios p\u00fablicos e ingenieros de campo para leer datos de forma segura, configurar par\u00e1metros, realizar diagn\u00f3sticos y administre medidores inteligentes directamente a trav\u00e9s de una HHU. Con funciones como la energ\u00eda y la captura instant\u00e1nea de datos, control de rel\u00e9s, monitoreo de manipulaciones y alarmas, borrado de eventos y capacidades de exportaci\u00f3n, MobiLynk-Mk agiliza las operaciones de campo. El portal de gesti\u00f3n proporciona un control centralizado sobre las HHU, conjuntos de registro y sincronizaci\u00f3n, asegurando que solo Los usuarios autorizados pueden acceder y actualizar las configuraciones de los medidores eficientemente.<\/p>\n<p><a class=\"psacp-rdmr-btn\" href=\"https:\/\/edmpco.com\/wp-content\/uploads\/2025\/11\/MAGNO-MOBILYNK-1.pdf\" target=\"_blank\" rel=\"noopener\">Ficha informativa<\/a><\/p>\n","protected":false},"featured_media":6481,"comment_status":"open","ping_status":"closed","template":"","meta":[],"product_brand":[],"product_cat":[52],"product_tag":[],"class_list":{"0":"post-5767","1":"product","2":"type-product","3":"status-publish","4":"has-post-thumbnail","6":"product_cat-system-and-software","8":"first","9":"instock","10":"shipping-taxable","11":"product-type-simple"},"yoast_head":"<!-- This site is optimized with the Yoast SEO plugin v27.4 - https:\/\/yoast.com\/product\/yoast-seo-wordpress\/ -->\n<title>MobiLynk-MK<\/title>\n<meta name=\"robots\" content=\"index, follow, max-snippet:-1, max-image-preview:large, max-video-preview:-1\" \/>\n<link rel=\"canonical\" href=\"https:\/\/edmpco.com\/es\/product\/mobilynk-mk\/\" \/>\n<meta property=\"og:locale\" content=\"es_ES\" \/>\n<meta property=\"og:locale:alternate\" content=\"en_US\" \/>\n<meta property=\"og:locale:alternate\" content=\"fr_FR\" \/>\n<meta property=\"og:type\" content=\"article\" \/>\n<meta property=\"og:title\" content=\"MobiLynk-MK\" \/>\n<meta property=\"og:description\" content=\"La aplicaci\u00f3n de unidad port\u00e1til MobiLynk-Mk es una potente soluci\u00f3n de mantenimiento y gesti\u00f3n que combina una soluci\u00f3n basada en la web portal y aplicaci\u00f3n m\u00f3vil. Permite a las empresas de servicios p\u00fablicos e ingenieros de campo para leer datos de forma segura, configurar par\u00e1metros, realizar diagn\u00f3sticos y administre medidores inteligentes directamente a trav\u00e9s de una HHU. Con funciones como la energ\u00eda y la captura instant\u00e1nea de datos, control de rel\u00e9s, monitoreo de manipulaciones y alarmas, borrado de eventos y capacidades de exportaci\u00f3n, MobiLynk-Mk agiliza las operaciones de campo. El portal de gesti\u00f3n proporciona un control centralizado sobre las HHU, conjuntos de registro y sincronizaci\u00f3n, asegurando que solo Los usuarios autorizados pueden acceder y actualizar las configuraciones de los medidores eficientemente.  Ficha informativa\" \/>\n<meta property=\"og:url\" content=\"https:\/\/edmpco.com\/es\/product\/mobilynk-mk\/\" \/>\n<meta property=\"og:site_name\" content=\"Edmpco\" \/>\n<meta property=\"article:modified_time\" content=\"2026-03-24T09:40:22+00:00\" \/>\n<meta property=\"og:image\" content=\"https:\/\/edmpco.com\/wp-content\/uploads\/2025\/11\/MobiLynk-Mk.jpg\" \/>\n\t<meta property=\"og:image:width\" content=\"1458\" \/>\n\t<meta property=\"og:image:height\" content=\"1875\" \/>\n\t<meta property=\"og:image:type\" content=\"image\/jpeg\" \/>\n<meta name=\"twitter:card\" content=\"summary_large_image\" \/>\n<meta name=\"twitter:label1\" content=\"Tiempo de lectura\" \/>\n\t<meta name=\"twitter:data1\" content=\"1 minuto\" \/>\n<script type=\"application\/ld+json\" class=\"yoast-schema-graph\">{\"@context\":\"https:\\\/\\\/schema.org\",\"@graph\":[{\"@type\":\"WebPage\",\"@id\":\"https:\\\/\\\/edmpco.com\\\/fr\\\/product\\\/mobilynk-mk\\\/\",\"url\":\"https:\\\/\\\/edmpco.com\\\/fr\\\/product\\\/mobilynk-mk\\\/\",\"name\":\"MobiLynk-MK\",\"isPartOf\":{\"@id\":\"https:\\\/\\\/edmpco.com\\\/#website\"},\"primaryImageOfPage\":{\"@id\":\"https:\\\/\\\/edmpco.com\\\/fr\\\/product\\\/mobilynk-mk\\\/#primaryimage\"},\"image\":{\"@id\":\"https:\\\/\\\/edmpco.com\\\/fr\\\/product\\\/mobilynk-mk\\\/#primaryimage\"},\"thumbnailUrl\":\"https:\\\/\\\/edmpco.com\\\/wp-content\\\/uploads\\\/2025\\\/11\\\/MobiLynk-Mk.jpg\",\"datePublished\":\"2025-11-03T06:00:17+00:00\",\"dateModified\":\"2026-03-24T09:40:22+00:00\",\"breadcrumb\":{\"@id\":\"https:\\\/\\\/edmpco.com\\\/fr\\\/product\\\/mobilynk-mk\\\/#breadcrumb\"},\"inLanguage\":\"es-ES\",\"potentialAction\":[{\"@type\":\"ReadAction\",\"target\":[\"https:\\\/\\\/edmpco.com\\\/fr\\\/product\\\/mobilynk-mk\\\/\"]}]},{\"@type\":\"ImageObject\",\"inLanguage\":\"es-ES\",\"@id\":\"https:\\\/\\\/edmpco.com\\\/fr\\\/product\\\/mobilynk-mk\\\/#primaryimage\",\"url\":\"https:\\\/\\\/edmpco.com\\\/wp-content\\\/uploads\\\/2025\\\/11\\\/MobiLynk-Mk.jpg\",\"contentUrl\":\"https:\\\/\\\/edmpco.com\\\/wp-content\\\/uploads\\\/2025\\\/11\\\/MobiLynk-Mk.jpg\",\"width\":1458,\"height\":1875},{\"@type\":\"BreadcrumbList\",\"@id\":\"https:\\\/\\\/edmpco.com\\\/fr\\\/product\\\/mobilynk-mk\\\/#breadcrumb\",\"itemListElement\":[{\"@type\":\"ListItem\",\"position\":1,\"name\":\"Home\",\"item\":\"https:\\\/\\\/edmpco.com\\\/\"},{\"@type\":\"ListItem\",\"position\":2,\"name\":\"Shop\",\"item\":\"https:\\\/\\\/edmpco.com\\\/shop\\\/\"},{\"@type\":\"ListItem\",\"position\":3,\"name\":\"MobiLynk-MK\"}]},{\"@type\":\"WebSite\",\"@id\":\"https:\\\/\\\/edmpco.com\\\/#website\",\"url\":\"https:\\\/\\\/edmpco.com\\\/\",\"name\":\"Edmpco\",\"description\":\"Engineering, Design, Management & Planning | Product Show\",\"publisher\":{\"@id\":\"https:\\\/\\\/edmpco.com\\\/#organization\"},\"potentialAction\":[{\"@type\":\"SearchAction\",\"target\":{\"@type\":\"EntryPoint\",\"urlTemplate\":\"https:\\\/\\\/edmpco.com\\\/?s={search_term_string}\"},\"query-input\":{\"@type\":\"PropertyValueSpecification\",\"valueRequired\":true,\"valueName\":\"search_term_string\"}}],\"inLanguage\":\"es-ES\"},{\"@type\":\"Organization\",\"@id\":\"https:\\\/\\\/edmpco.com\\\/#organization\",\"name\":\"Edmpco\",\"url\":\"https:\\\/\\\/edmpco.com\\\/\",\"logo\":{\"@type\":\"ImageObject\",\"inLanguage\":\"es-ES\",\"@id\":\"https:\\\/\\\/edmpco.com\\\/#\\\/schema\\\/logo\\\/image\\\/\",\"url\":\"https:\\\/\\\/edmpco.com\\\/wp-content\\\/uploads\\\/2025\\\/10\\\/EDMP.svg\",\"contentUrl\":\"https:\\\/\\\/edmpco.com\\\/wp-content\\\/uploads\\\/2025\\\/10\\\/EDMP.svg\",\"width\":350,\"height\":105,\"caption\":\"Edmpco\"},\"image\":{\"@id\":\"https:\\\/\\\/edmpco.com\\\/#\\\/schema\\\/logo\\\/image\\\/\"}}]}<\/script>\n<!-- \/ Yoast SEO plugin. -->","yoast_head_json":{"title":"MobiLynk-MK","robots":{"index":"index","follow":"follow","max-snippet":"max-snippet:-1","max-image-preview":"max-image-preview:large","max-video-preview":"max-video-preview:-1"},"canonical":"https:\/\/edmpco.com\/es\/product\/mobilynk-mk\/","og_locale":"es_ES","og_type":"article","og_title":"[:en]MobiLynk-MK[:es]MobiLynk-MK[:fr]MobiLynk-MK[:] - Edmpco","og_description":"La aplicaci\u00f3n de unidad port\u00e1til MobiLynk-Mk es una potente soluci\u00f3n de mantenimiento y gesti\u00f3n que combina una soluci\u00f3n basada en la web portal y aplicaci\u00f3n m\u00f3vil. Permite a las empresas de servicios p\u00fablicos e ingenieros de campo para leer datos de forma segura, configurar par\u00e1metros, realizar diagn\u00f3sticos y administre medidores inteligentes directamente a trav\u00e9s de una HHU. Con funciones como la energ\u00eda y la captura instant\u00e1nea de datos, control de rel\u00e9s, monitoreo de manipulaciones y alarmas, borrado de eventos y capacidades de exportaci\u00f3n, MobiLynk-Mk agiliza las operaciones de campo. El portal de gesti\u00f3n proporciona un control centralizado sobre las HHU, conjuntos de registro y sincronizaci\u00f3n, asegurando que solo Los usuarios autorizados pueden acceder y actualizar las configuraciones de los medidores eficientemente.  Ficha informativa","og_url":"https:\/\/edmpco.com\/es\/product\/mobilynk-mk\/","og_site_name":"Edmpco","article_modified_time":"2026-03-24T09:40:22+00:00","og_image":[{"width":1458,"height":1875,"url":"https:\/\/edmpco.com\/wp-content\/uploads\/2025\/11\/MobiLynk-Mk.jpg","type":"image\/jpeg"}],"twitter_card":"summary_large_image","twitter_misc":{"Tiempo de lectura":"1 minuto"},"schema":{"@context":"https:\/\/schema.org","@graph":[{"@type":"WebPage","@id":"https:\/\/edmpco.com\/fr\/product\/mobilynk-mk\/","url":"https:\/\/edmpco.com\/fr\/product\/mobilynk-mk\/","name":"MobiLynk-MK","isPartOf":{"@id":"https:\/\/edmpco.com\/#website"},"primaryImageOfPage":{"@id":"https:\/\/edmpco.com\/fr\/product\/mobilynk-mk\/#primaryimage"},"image":{"@id":"https:\/\/edmpco.com\/fr\/product\/mobilynk-mk\/#primaryimage"},"thumbnailUrl":"https:\/\/edmpco.com\/wp-content\/uploads\/2025\/11\/MobiLynk-Mk.jpg","datePublished":"2025-11-03T06:00:17+00:00","dateModified":"2026-03-24T09:40:22+00:00","breadcrumb":{"@id":"https:\/\/edmpco.com\/fr\/product\/mobilynk-mk\/#breadcrumb"},"inLanguage":"es-ES","potentialAction":[{"@type":"ReadAction","target":["https:\/\/edmpco.com\/fr\/product\/mobilynk-mk\/"]}]},{"@type":"ImageObject","inLanguage":"es-ES","@id":"https:\/\/edmpco.com\/fr\/product\/mobilynk-mk\/#primaryimage","url":"https:\/\/edmpco.com\/wp-content\/uploads\/2025\/11\/MobiLynk-Mk.jpg","contentUrl":"https:\/\/edmpco.com\/wp-content\/uploads\/2025\/11\/MobiLynk-Mk.jpg","width":1458,"height":1875},{"@type":"BreadcrumbList","@id":"https:\/\/edmpco.com\/fr\/product\/mobilynk-mk\/#breadcrumb","itemListElement":[{"@type":"ListItem","position":1,"name":"Home","item":"https:\/\/edmpco.com\/"},{"@type":"ListItem","position":2,"name":"Shop","item":"https:\/\/edmpco.com\/shop\/"},{"@type":"ListItem","position":3,"name":"MobiLynk-MK"}]},{"@type":"WebSite","@id":"https:\/\/edmpco.com\/#website","url":"https:\/\/edmpco.com\/","name":"Edmpco","description":"Engineering, Design, Management & Planning | Product Show","publisher":{"@id":"https:\/\/edmpco.com\/#organization"},"potentialAction":[{"@type":"SearchAction","target":{"@type":"EntryPoint","urlTemplate":"https:\/\/edmpco.com\/?s={search_term_string}"},"query-input":{"@type":"PropertyValueSpecification","valueRequired":true,"valueName":"search_term_string"}}],"inLanguage":"es-ES"},{"@type":"Organization","@id":"https:\/\/edmpco.com\/#organization","name":"Edmpco","url":"https:\/\/edmpco.com\/","logo":{"@type":"ImageObject","inLanguage":"es-ES","@id":"https:\/\/edmpco.com\/#\/schema\/logo\/image\/","url":"https:\/\/edmpco.com\/wp-content\/uploads\/2025\/10\/EDMP.svg","contentUrl":"https:\/\/edmpco.com\/wp-content\/uploads\/2025\/10\/EDMP.svg","width":350,"height":105,"caption":"Edmpco"},"image":{"@id":"https:\/\/edmpco.com\/#\/schema\/logo\/image\/"}}]}},"_links":{"self":[{"href":"https:\/\/edmpco.com\/es\/wp-json\/wp\/v2\/product\/5767","targetHints":{"allow":["GET"]}}],"collection":[{"href":"https:\/\/edmpco.com\/es\/wp-json\/wp\/v2\/product"}],"about":[{"href":"https:\/\/edmpco.com\/es\/wp-json\/wp\/v2\/types\/product"}],"replies":[{"embeddable":true,"href":"https:\/\/edmpco.com\/es\/wp-json\/wp\/v2\/comments?post=5767"}],"wp:featuredmedia":[{"embeddable":true,"href":"https:\/\/edmpco.com\/es\/wp-json\/wp\/v2\/media\/6481"}],"wp:attachment":[{"href":"https:\/\/edmpco.com\/es\/wp-json\/wp\/v2\/media?parent=5767"}],"wp:term":[{"taxonomy":"product_brand","embeddable":true,"href":"https:\/\/edmpco.com\/es\/wp-json\/wp\/v2\/product_brand?post=5767"},{"taxonomy":"product_cat","embeddable":true,"href":"https:\/\/edmpco.com\/es\/wp-json\/wp\/v2\/product_cat?post=5767"},{"taxonomy":"product_tag","embeddable":true,"href":"https:\/\/edmpco.com\/es\/wp-json\/wp\/v2\/product_tag?post=5767"}],"curies":[{"name":"wp","href":"https:\/\/api.w.org\/{rel}","templated":true}]}}