{"id":5791,"date":"2025-11-02T10:00:26","date_gmt":"2025-11-02T10:00:26","guid":{"rendered":"https:\/\/edmpco.com\/?post_type=product&#038;p=5791"},"modified":"2026-03-24T07:14:49","modified_gmt":"2026-03-24T07:14:49","slug":"medium-voltage-switchgear","status":"publish","type":"product","link":"https:\/\/edmpco.com\/es\/product\/medium-voltage-switchgear\/","title":{"rendered":"Aparamenta de media tensi\u00f3n"},"content":{"rendered":"<p>La aparamenta revestida de metal de media tensi\u00f3n de EDMP es un soluci\u00f3n interior compacta y extra\u00edble dise\u00f1ada para sistemas de CA trif\u00e1sicos de 3,6 kV a 12 kV a 50 Hz. Ideal para la transmisi\u00f3n y distribuci\u00f3n de energ\u00eda en plantas industriales, operaciones mineras, servicios p\u00fablicos y subestaciones secundarias, Admite configuraciones de bus \u00fanico y seccionalizadas. Eso tambi\u00e9n ofrece control, protecci\u00f3n y monitoreo confiables para grandes motores de alto voltaje y salidas de generadores.<\/p>\n<p><a href=\"https:\/\/edmpco.com\/wp-content\/uploads\/2025\/11\/EDMP-Medium-Voltage-Switchgear-Datasheet.pdf\">EDMP Medium Voltage Switchgear Datasheet Rev01 (1)<\/a><\/p>\n","protected":false},"excerpt":{"rendered":"<p>La aparamenta revestida de metal de media tensi\u00f3n de EDMP es un soluci\u00f3n interior compacta y extra\u00edble dise\u00f1ada para sistemas de CA trif\u00e1sicos de 3,6 kV a 12 kV a 50 Hz. Ideal para la transmisi\u00f3n y distribuci\u00f3n de energ\u00eda en plantas industriales, operaciones mineras, servicios p\u00fablicos y subestaciones secundarias, Admite configuraciones de bus \u00fanico y seccionalizadas. Eso tambi\u00e9n ofrece control, protecci\u00f3n y monitoreo confiables para grandes motores de alto voltaje y salidas de generadores.<br \/>\n<a class=\"psacp-rdmr-btn\" href=\"https:\/\/edmpco.com\/wp-content\/uploads\/2025\/11\/EDMP-Medium-Voltage-Switchgear-Datasheet-Rev01-1.pdf\" target=\"_blank\" rel=\"noopener\">Ficha informativa<\/a><\/p>\n","protected":false},"featured_media":6407,"comment_status":"open","ping_status":"closed","template":"","meta":[],"product_brand":[],"product_cat":[54],"product_tag":[],"class_list":{"0":"post-5791","1":"product","2":"type-product","3":"status-publish","4":"has-post-thumbnail","6":"product_cat-accessories","8":"first","9":"instock","10":"shipping-taxable","11":"product-type-simple"},"yoast_head":"<!-- This site is optimized with the Yoast SEO plugin v27.4 - https:\/\/yoast.com\/product\/yoast-seo-wordpress\/ -->\n<title>Aparamenta de media tensi\u00f3n<\/title>\n<meta name=\"robots\" content=\"index, follow, max-snippet:-1, max-image-preview:large, max-video-preview:-1\" \/>\n<link rel=\"canonical\" href=\"https:\/\/edmpco.com\/es\/product\/medium-voltage-switchgear\/\" \/>\n<meta property=\"og:locale\" content=\"es_ES\" \/>\n<meta property=\"og:locale:alternate\" content=\"en_US\" \/>\n<meta property=\"og:locale:alternate\" content=\"fr_FR\" \/>\n<meta property=\"og:type\" content=\"article\" \/>\n<meta property=\"og:title\" content=\"Aparamenta de media tensi\u00f3n\" \/>\n<meta property=\"og:description\" content=\"La aparamenta revestida de metal de media tensi\u00f3n de EDMP es un soluci\u00f3n interior compacta y extra\u00edble dise\u00f1ada para sistemas de CA trif\u00e1sicos de 3,6 kV a 12 kV a 50 Hz. Ideal para la transmisi\u00f3n y distribuci\u00f3n de energ\u00eda en plantas industriales, operaciones mineras, servicios p\u00fablicos y subestaciones secundarias, Admite configuraciones de bus \u00fanico y seccionalizadas. Eso tambi\u00e9n ofrece control, protecci\u00f3n y monitoreo confiables para grandes motores de alto voltaje y salidas de generadores. Ficha informativa\" \/>\n<meta property=\"og:url\" content=\"https:\/\/edmpco.com\/es\/product\/medium-voltage-switchgear\/\" \/>\n<meta property=\"og:site_name\" content=\"Edmpco\" \/>\n<meta property=\"article:modified_time\" content=\"2026-03-24T07:14:49+00:00\" \/>\n<meta property=\"og:image\" content=\"https:\/\/edmpco.com\/wp-content\/uploads\/2025\/11\/Medium-Voltage-Switchgear.jpg\" \/>\n\t<meta property=\"og:image:width\" content=\"1458\" \/>\n\t<meta property=\"og:image:height\" content=\"1875\" \/>\n\t<meta property=\"og:image:type\" content=\"image\/jpeg\" \/>\n<meta name=\"twitter:card\" content=\"summary_large_image\" \/>\n<meta name=\"twitter:label1\" content=\"Tiempo de lectura\" \/>\n\t<meta name=\"twitter:data1\" content=\"1 minuto\" \/>\n<script type=\"application\/ld+json\" class=\"yoast-schema-graph\">{\"@context\":\"https:\\\/\\\/schema.org\",\"@graph\":[{\"@type\":\"WebPage\",\"@id\":\"https:\\\/\\\/edmpco.com\\\/fr\\\/product\\\/medium-voltage-switchgear\\\/\",\"url\":\"https:\\\/\\\/edmpco.com\\\/fr\\\/product\\\/medium-voltage-switchgear\\\/\",\"name\":\"Aparamenta de media tensi\u00f3n\",\"isPartOf\":{\"@id\":\"https:\\\/\\\/edmpco.com\\\/#website\"},\"primaryImageOfPage\":{\"@id\":\"https:\\\/\\\/edmpco.com\\\/fr\\\/product\\\/medium-voltage-switchgear\\\/#primaryimage\"},\"image\":{\"@id\":\"https:\\\/\\\/edmpco.com\\\/fr\\\/product\\\/medium-voltage-switchgear\\\/#primaryimage\"},\"thumbnailUrl\":\"https:\\\/\\\/edmpco.com\\\/wp-content\\\/uploads\\\/2025\\\/11\\\/Medium-Voltage-Switchgear.jpg\",\"datePublished\":\"2025-11-02T10:00:26+00:00\",\"dateModified\":\"2026-03-24T07:14:49+00:00\",\"breadcrumb\":{\"@id\":\"https:\\\/\\\/edmpco.com\\\/fr\\\/product\\\/medium-voltage-switchgear\\\/#breadcrumb\"},\"inLanguage\":\"es-ES\",\"potentialAction\":[{\"@type\":\"ReadAction\",\"target\":[\"https:\\\/\\\/edmpco.com\\\/fr\\\/product\\\/medium-voltage-switchgear\\\/\"]}]},{\"@type\":\"ImageObject\",\"inLanguage\":\"es-ES\",\"@id\":\"https:\\\/\\\/edmpco.com\\\/fr\\\/product\\\/medium-voltage-switchgear\\\/#primaryimage\",\"url\":\"https:\\\/\\\/edmpco.com\\\/wp-content\\\/uploads\\\/2025\\\/11\\\/Medium-Voltage-Switchgear.jpg\",\"contentUrl\":\"https:\\\/\\\/edmpco.com\\\/wp-content\\\/uploads\\\/2025\\\/11\\\/Medium-Voltage-Switchgear.jpg\",\"width\":1458,\"height\":1875},{\"@type\":\"BreadcrumbList\",\"@id\":\"https:\\\/\\\/edmpco.com\\\/fr\\\/product\\\/medium-voltage-switchgear\\\/#breadcrumb\",\"itemListElement\":[{\"@type\":\"ListItem\",\"position\":1,\"name\":\"Home\",\"item\":\"https:\\\/\\\/edmpco.com\\\/\"},{\"@type\":\"ListItem\",\"position\":2,\"name\":\"Shop\",\"item\":\"https:\\\/\\\/edmpco.com\\\/shop\\\/\"},{\"@type\":\"ListItem\",\"position\":3,\"name\":\"Appareillage de commutation moyenne tension\"}]},{\"@type\":\"WebSite\",\"@id\":\"https:\\\/\\\/edmpco.com\\\/#website\",\"url\":\"https:\\\/\\\/edmpco.com\\\/\",\"name\":\"Edmpco\",\"description\":\"Engineering, Design, Management & Planning | Product Show\",\"publisher\":{\"@id\":\"https:\\\/\\\/edmpco.com\\\/#organization\"},\"potentialAction\":[{\"@type\":\"SearchAction\",\"target\":{\"@type\":\"EntryPoint\",\"urlTemplate\":\"https:\\\/\\\/edmpco.com\\\/?s={search_term_string}\"},\"query-input\":{\"@type\":\"PropertyValueSpecification\",\"valueRequired\":true,\"valueName\":\"search_term_string\"}}],\"inLanguage\":\"es-ES\"},{\"@type\":\"Organization\",\"@id\":\"https:\\\/\\\/edmpco.com\\\/#organization\",\"name\":\"Edmpco\",\"url\":\"https:\\\/\\\/edmpco.com\\\/\",\"logo\":{\"@type\":\"ImageObject\",\"inLanguage\":\"es-ES\",\"@id\":\"https:\\\/\\\/edmpco.com\\\/#\\\/schema\\\/logo\\\/image\\\/\",\"url\":\"https:\\\/\\\/edmpco.com\\\/wp-content\\\/uploads\\\/2025\\\/10\\\/EDMP.svg\",\"contentUrl\":\"https:\\\/\\\/edmpco.com\\\/wp-content\\\/uploads\\\/2025\\\/10\\\/EDMP.svg\",\"width\":350,\"height\":105,\"caption\":\"Edmpco\"},\"image\":{\"@id\":\"https:\\\/\\\/edmpco.com\\\/#\\\/schema\\\/logo\\\/image\\\/\"}}]}<\/script>\n<!-- \/ Yoast SEO plugin. -->","yoast_head_json":{"title":"Aparamenta de media tensi\u00f3n","robots":{"index":"index","follow":"follow","max-snippet":"max-snippet:-1","max-image-preview":"max-image-preview:large","max-video-preview":"max-video-preview:-1"},"canonical":"https:\/\/edmpco.com\/es\/product\/medium-voltage-switchgear\/","og_locale":"es_ES","og_type":"article","og_title":"[:en]Medium Voltage Switchgear[:es]Aparamenta de media tensi\u00f3n[:fr]Appareillage de commutation moyenne tension[:] - Edmpco","og_description":"La aparamenta revestida de metal de media tensi\u00f3n de EDMP es un soluci\u00f3n interior compacta y extra\u00edble dise\u00f1ada para sistemas de CA trif\u00e1sicos de 3,6 kV a 12 kV a 50 Hz. Ideal para la transmisi\u00f3n y distribuci\u00f3n de energ\u00eda en plantas industriales, operaciones mineras, servicios p\u00fablicos y subestaciones secundarias, Admite configuraciones de bus \u00fanico y seccionalizadas. Eso tambi\u00e9n ofrece control, protecci\u00f3n y monitoreo confiables para grandes motores de alto voltaje y salidas de generadores. Ficha informativa","og_url":"https:\/\/edmpco.com\/es\/product\/medium-voltage-switchgear\/","og_site_name":"Edmpco","article_modified_time":"2026-03-24T07:14:49+00:00","og_image":[{"width":1458,"height":1875,"url":"https:\/\/edmpco.com\/wp-content\/uploads\/2025\/11\/Medium-Voltage-Switchgear.jpg","type":"image\/jpeg"}],"twitter_card":"summary_large_image","twitter_misc":{"Tiempo de lectura":"1 minuto"},"schema":{"@context":"https:\/\/schema.org","@graph":[{"@type":"WebPage","@id":"https:\/\/edmpco.com\/fr\/product\/medium-voltage-switchgear\/","url":"https:\/\/edmpco.com\/fr\/product\/medium-voltage-switchgear\/","name":"Aparamenta de media tensi\u00f3n","isPartOf":{"@id":"https:\/\/edmpco.com\/#website"},"primaryImageOfPage":{"@id":"https:\/\/edmpco.com\/fr\/product\/medium-voltage-switchgear\/#primaryimage"},"image":{"@id":"https:\/\/edmpco.com\/fr\/product\/medium-voltage-switchgear\/#primaryimage"},"thumbnailUrl":"https:\/\/edmpco.com\/wp-content\/uploads\/2025\/11\/Medium-Voltage-Switchgear.jpg","datePublished":"2025-11-02T10:00:26+00:00","dateModified":"2026-03-24T07:14:49+00:00","breadcrumb":{"@id":"https:\/\/edmpco.com\/fr\/product\/medium-voltage-switchgear\/#breadcrumb"},"inLanguage":"es-ES","potentialAction":[{"@type":"ReadAction","target":["https:\/\/edmpco.com\/fr\/product\/medium-voltage-switchgear\/"]}]},{"@type":"ImageObject","inLanguage":"es-ES","@id":"https:\/\/edmpco.com\/fr\/product\/medium-voltage-switchgear\/#primaryimage","url":"https:\/\/edmpco.com\/wp-content\/uploads\/2025\/11\/Medium-Voltage-Switchgear.jpg","contentUrl":"https:\/\/edmpco.com\/wp-content\/uploads\/2025\/11\/Medium-Voltage-Switchgear.jpg","width":1458,"height":1875},{"@type":"BreadcrumbList","@id":"https:\/\/edmpco.com\/fr\/product\/medium-voltage-switchgear\/#breadcrumb","itemListElement":[{"@type":"ListItem","position":1,"name":"Home","item":"https:\/\/edmpco.com\/"},{"@type":"ListItem","position":2,"name":"Shop","item":"https:\/\/edmpco.com\/shop\/"},{"@type":"ListItem","position":3,"name":"Appareillage de commutation moyenne tension"}]},{"@type":"WebSite","@id":"https:\/\/edmpco.com\/#website","url":"https:\/\/edmpco.com\/","name":"Edmpco","description":"Engineering, Design, Management & Planning | Product Show","publisher":{"@id":"https:\/\/edmpco.com\/#organization"},"potentialAction":[{"@type":"SearchAction","target":{"@type":"EntryPoint","urlTemplate":"https:\/\/edmpco.com\/?s={search_term_string}"},"query-input":{"@type":"PropertyValueSpecification","valueRequired":true,"valueName":"search_term_string"}}],"inLanguage":"es-ES"},{"@type":"Organization","@id":"https:\/\/edmpco.com\/#organization","name":"Edmpco","url":"https:\/\/edmpco.com\/","logo":{"@type":"ImageObject","inLanguage":"es-ES","@id":"https:\/\/edmpco.com\/#\/schema\/logo\/image\/","url":"https:\/\/edmpco.com\/wp-content\/uploads\/2025\/10\/EDMP.svg","contentUrl":"https:\/\/edmpco.com\/wp-content\/uploads\/2025\/10\/EDMP.svg","width":350,"height":105,"caption":"Edmpco"},"image":{"@id":"https:\/\/edmpco.com\/#\/schema\/logo\/image\/"}}]}},"_links":{"self":[{"href":"https:\/\/edmpco.com\/es\/wp-json\/wp\/v2\/product\/5791","targetHints":{"allow":["GET"]}}],"collection":[{"href":"https:\/\/edmpco.com\/es\/wp-json\/wp\/v2\/product"}],"about":[{"href":"https:\/\/edmpco.com\/es\/wp-json\/wp\/v2\/types\/product"}],"replies":[{"embeddable":true,"href":"https:\/\/edmpco.com\/es\/wp-json\/wp\/v2\/comments?post=5791"}],"wp:featuredmedia":[{"embeddable":true,"href":"https:\/\/edmpco.com\/es\/wp-json\/wp\/v2\/media\/6407"}],"wp:attachment":[{"href":"https:\/\/edmpco.com\/es\/wp-json\/wp\/v2\/media?parent=5791"}],"wp:term":[{"taxonomy":"product_brand","embeddable":true,"href":"https:\/\/edmpco.com\/es\/wp-json\/wp\/v2\/product_brand?post=5791"},{"taxonomy":"product_cat","embeddable":true,"href":"https:\/\/edmpco.com\/es\/wp-json\/wp\/v2\/product_cat?post=5791"},{"taxonomy":"product_tag","embeddable":true,"href":"https:\/\/edmpco.com\/es\/wp-json\/wp\/v2\/product_tag?post=5791"}],"curies":[{"name":"wp","href":"https:\/\/api.w.org\/{rel}","templated":true}]}}