{"id":5797,"date":"2025-11-02T08:00:25","date_gmt":"2025-11-02T08:00:25","guid":{"rendered":"https:\/\/edmpco.com\/?post_type=product&#038;p=5797"},"modified":"2026-03-24T07:19:28","modified_gmt":"2026-03-24T07:19:28","slug":"remote-fault-indicator","status":"publish","type":"product","link":"https:\/\/edmpco.com\/es\/product\/remote-fault-indicator\/","title":{"rendered":"Indicador de falla remota"},"content":{"rendered":"<p>Dise\u00f1ado por EDMP, este concentrador de datos avanzado est\u00e1 dise\u00f1ada espec\u00edficamente para las redes de distribuci\u00f3n modernas. Impulsado por un RISC integrado de 32 bits de alto rendimiento, combina software inteligente y robusto hardware para ofrecer una supervisi\u00f3n fiable y en tiempo real de los fallos y detecci\u00f3n. Con memoria flash de gran capacidad y un Sistema de energ\u00eda de respaldo de larga duraci\u00f3n, garantiza una ininterrumpida registro de datos e integridad del sistema, incluso en situaciones dif\u00edciles condiciones.<\/p>\n","protected":false},"excerpt":{"rendered":"<p>Dise\u00f1ado por EDMP, este concentrador de datos avanzado est\u00e1 dise\u00f1ada espec\u00edficamente para las redes de distribuci\u00f3n modernas. Impulsado por un RISC integrado de 32 bits de alto rendimiento, combina software inteligente y robusto hardware para ofrecer una supervisi\u00f3n fiable y en tiempo real de los fallos y detecci\u00f3n. Con memoria flash de gran capacidad y un Sistema de energ\u00eda de respaldo de larga duraci\u00f3n, garantiza una ininterrumpida registro de datos e integridad del sistema, incluso en situaciones dif\u00edciles condiciones.<\/p>\n<p><a class=\"psacp-rdmr-btn\" href=\"https:\/\/edmpco.com\/wp-content\/uploads\/2025\/11\/EDMP-Remote-Fault-Indicator-Datasheet.pdf\" target=\"_blank\" rel=\"noopener\">Ficha informativa<\/a><\/p>\n","protected":false},"featured_media":6412,"comment_status":"open","ping_status":"closed","template":"","meta":[],"product_brand":[],"product_cat":[54],"product_tag":[],"class_list":{"0":"post-5797","1":"product","2":"type-product","3":"status-publish","4":"has-post-thumbnail","6":"product_cat-accessories","8":"first","9":"instock","10":"shipping-taxable","11":"product-type-simple"},"yoast_head":"<!-- This site is optimized with the Yoast SEO plugin v27.4 - https:\/\/yoast.com\/product\/yoast-seo-wordpress\/ -->\n<title>Indicador de falla remota<\/title>\n<meta name=\"robots\" content=\"index, follow, max-snippet:-1, max-image-preview:large, max-video-preview:-1\" \/>\n<link rel=\"canonical\" href=\"https:\/\/edmpco.com\/es\/product\/remote-fault-indicator\/\" \/>\n<meta property=\"og:locale\" content=\"es_ES\" \/>\n<meta property=\"og:locale:alternate\" content=\"en_US\" \/>\n<meta property=\"og:locale:alternate\" content=\"fr_FR\" \/>\n<meta property=\"og:type\" content=\"article\" \/>\n<meta property=\"og:title\" content=\"Indicador de falla remota\" \/>\n<meta property=\"og:description\" content=\"Dise\u00f1ado por EDMP, este concentrador de datos avanzado est\u00e1 dise\u00f1ada espec\u00edficamente para las redes de distribuci\u00f3n modernas. Impulsado por un RISC integrado de 32 bits de alto rendimiento, combina software inteligente y robusto hardware para ofrecer una supervisi\u00f3n fiable y en tiempo real de los fallos y detecci\u00f3n. Con memoria flash de gran capacidad y un Sistema de energ\u00eda de respaldo de larga duraci\u00f3n, garantiza una ininterrumpida registro de datos e integridad del sistema, incluso en situaciones dif\u00edciles condiciones.  Ficha informativa\" \/>\n<meta property=\"og:url\" content=\"https:\/\/edmpco.com\/es\/product\/remote-fault-indicator\/\" \/>\n<meta property=\"og:site_name\" content=\"Edmpco\" \/>\n<meta property=\"article:modified_time\" content=\"2026-03-24T07:19:28+00:00\" \/>\n<meta property=\"og:image\" content=\"https:\/\/edmpco.com\/wp-content\/uploads\/2025\/11\/Remote-Fault-Indicator.jpg\" \/>\n\t<meta property=\"og:image:width\" content=\"1458\" \/>\n\t<meta property=\"og:image:height\" content=\"1875\" \/>\n\t<meta property=\"og:image:type\" content=\"image\/jpeg\" \/>\n<meta name=\"twitter:card\" content=\"summary_large_image\" \/>\n<meta name=\"twitter:label1\" content=\"Tiempo de lectura\" \/>\n\t<meta name=\"twitter:data1\" content=\"1 minuto\" \/>\n<script type=\"application\/ld+json\" class=\"yoast-schema-graph\">{\"@context\":\"https:\\\/\\\/schema.org\",\"@graph\":[{\"@type\":\"WebPage\",\"@id\":\"https:\\\/\\\/edmpco.com\\\/fr\\\/product\\\/remote-fault-indicator\\\/\",\"url\":\"https:\\\/\\\/edmpco.com\\\/fr\\\/product\\\/remote-fault-indicator\\\/\",\"name\":\"Indicador de falla remota\",\"isPartOf\":{\"@id\":\"https:\\\/\\\/edmpco.com\\\/#website\"},\"primaryImageOfPage\":{\"@id\":\"https:\\\/\\\/edmpco.com\\\/fr\\\/product\\\/remote-fault-indicator\\\/#primaryimage\"},\"image\":{\"@id\":\"https:\\\/\\\/edmpco.com\\\/fr\\\/product\\\/remote-fault-indicator\\\/#primaryimage\"},\"thumbnailUrl\":\"https:\\\/\\\/edmpco.com\\\/wp-content\\\/uploads\\\/2025\\\/11\\\/Remote-Fault-Indicator.jpg\",\"datePublished\":\"2025-11-02T08:00:25+00:00\",\"dateModified\":\"2026-03-24T07:19:28+00:00\",\"breadcrumb\":{\"@id\":\"https:\\\/\\\/edmpco.com\\\/fr\\\/product\\\/remote-fault-indicator\\\/#breadcrumb\"},\"inLanguage\":\"es-ES\",\"potentialAction\":[{\"@type\":\"ReadAction\",\"target\":[\"https:\\\/\\\/edmpco.com\\\/fr\\\/product\\\/remote-fault-indicator\\\/\"]}]},{\"@type\":\"ImageObject\",\"inLanguage\":\"es-ES\",\"@id\":\"https:\\\/\\\/edmpco.com\\\/fr\\\/product\\\/remote-fault-indicator\\\/#primaryimage\",\"url\":\"https:\\\/\\\/edmpco.com\\\/wp-content\\\/uploads\\\/2025\\\/11\\\/Remote-Fault-Indicator.jpg\",\"contentUrl\":\"https:\\\/\\\/edmpco.com\\\/wp-content\\\/uploads\\\/2025\\\/11\\\/Remote-Fault-Indicator.jpg\",\"width\":1458,\"height\":1875},{\"@type\":\"BreadcrumbList\",\"@id\":\"https:\\\/\\\/edmpco.com\\\/fr\\\/product\\\/remote-fault-indicator\\\/#breadcrumb\",\"itemListElement\":[{\"@type\":\"ListItem\",\"position\":1,\"name\":\"Home\",\"item\":\"https:\\\/\\\/edmpco.com\\\/\"},{\"@type\":\"ListItem\",\"position\":2,\"name\":\"Shop\",\"item\":\"https:\\\/\\\/edmpco.com\\\/shop\\\/\"},{\"@type\":\"ListItem\",\"position\":3,\"name\":\"Indicateur de d\u00e9faut \u00e0 distance\"}]},{\"@type\":\"WebSite\",\"@id\":\"https:\\\/\\\/edmpco.com\\\/#website\",\"url\":\"https:\\\/\\\/edmpco.com\\\/\",\"name\":\"Edmpco\",\"description\":\"Engineering, Design, Management & Planning | Product Show\",\"publisher\":{\"@id\":\"https:\\\/\\\/edmpco.com\\\/#organization\"},\"potentialAction\":[{\"@type\":\"SearchAction\",\"target\":{\"@type\":\"EntryPoint\",\"urlTemplate\":\"https:\\\/\\\/edmpco.com\\\/?s={search_term_string}\"},\"query-input\":{\"@type\":\"PropertyValueSpecification\",\"valueRequired\":true,\"valueName\":\"search_term_string\"}}],\"inLanguage\":\"es-ES\"},{\"@type\":\"Organization\",\"@id\":\"https:\\\/\\\/edmpco.com\\\/#organization\",\"name\":\"Edmpco\",\"url\":\"https:\\\/\\\/edmpco.com\\\/\",\"logo\":{\"@type\":\"ImageObject\",\"inLanguage\":\"es-ES\",\"@id\":\"https:\\\/\\\/edmpco.com\\\/#\\\/schema\\\/logo\\\/image\\\/\",\"url\":\"https:\\\/\\\/edmpco.com\\\/wp-content\\\/uploads\\\/2025\\\/10\\\/EDMP.svg\",\"contentUrl\":\"https:\\\/\\\/edmpco.com\\\/wp-content\\\/uploads\\\/2025\\\/10\\\/EDMP.svg\",\"width\":350,\"height\":105,\"caption\":\"Edmpco\"},\"image\":{\"@id\":\"https:\\\/\\\/edmpco.com\\\/#\\\/schema\\\/logo\\\/image\\\/\"}}]}<\/script>\n<!-- \/ Yoast SEO plugin. -->","yoast_head_json":{"title":"Indicador de falla remota","robots":{"index":"index","follow":"follow","max-snippet":"max-snippet:-1","max-image-preview":"max-image-preview:large","max-video-preview":"max-video-preview:-1"},"canonical":"https:\/\/edmpco.com\/es\/product\/remote-fault-indicator\/","og_locale":"es_ES","og_type":"article","og_title":"[:en]Remote Fault Indicator[:es]Indicador de falla remota[:fr]Indicateur de d\u00e9faut \u00e0 distance[:] - Edmpco","og_description":"Dise\u00f1ado por EDMP, este concentrador de datos avanzado est\u00e1 dise\u00f1ada espec\u00edficamente para las redes de distribuci\u00f3n modernas. Impulsado por un RISC integrado de 32 bits de alto rendimiento, combina software inteligente y robusto hardware para ofrecer una supervisi\u00f3n fiable y en tiempo real de los fallos y detecci\u00f3n. Con memoria flash de gran capacidad y un Sistema de energ\u00eda de respaldo de larga duraci\u00f3n, garantiza una ininterrumpida registro de datos e integridad del sistema, incluso en situaciones dif\u00edciles condiciones.  Ficha informativa","og_url":"https:\/\/edmpco.com\/es\/product\/remote-fault-indicator\/","og_site_name":"Edmpco","article_modified_time":"2026-03-24T07:19:28+00:00","og_image":[{"width":1458,"height":1875,"url":"https:\/\/edmpco.com\/wp-content\/uploads\/2025\/11\/Remote-Fault-Indicator.jpg","type":"image\/jpeg"}],"twitter_card":"summary_large_image","twitter_misc":{"Tiempo de lectura":"1 minuto"},"schema":{"@context":"https:\/\/schema.org","@graph":[{"@type":"WebPage","@id":"https:\/\/edmpco.com\/fr\/product\/remote-fault-indicator\/","url":"https:\/\/edmpco.com\/fr\/product\/remote-fault-indicator\/","name":"Indicador de falla remota","isPartOf":{"@id":"https:\/\/edmpco.com\/#website"},"primaryImageOfPage":{"@id":"https:\/\/edmpco.com\/fr\/product\/remote-fault-indicator\/#primaryimage"},"image":{"@id":"https:\/\/edmpco.com\/fr\/product\/remote-fault-indicator\/#primaryimage"},"thumbnailUrl":"https:\/\/edmpco.com\/wp-content\/uploads\/2025\/11\/Remote-Fault-Indicator.jpg","datePublished":"2025-11-02T08:00:25+00:00","dateModified":"2026-03-24T07:19:28+00:00","breadcrumb":{"@id":"https:\/\/edmpco.com\/fr\/product\/remote-fault-indicator\/#breadcrumb"},"inLanguage":"es-ES","potentialAction":[{"@type":"ReadAction","target":["https:\/\/edmpco.com\/fr\/product\/remote-fault-indicator\/"]}]},{"@type":"ImageObject","inLanguage":"es-ES","@id":"https:\/\/edmpco.com\/fr\/product\/remote-fault-indicator\/#primaryimage","url":"https:\/\/edmpco.com\/wp-content\/uploads\/2025\/11\/Remote-Fault-Indicator.jpg","contentUrl":"https:\/\/edmpco.com\/wp-content\/uploads\/2025\/11\/Remote-Fault-Indicator.jpg","width":1458,"height":1875},{"@type":"BreadcrumbList","@id":"https:\/\/edmpco.com\/fr\/product\/remote-fault-indicator\/#breadcrumb","itemListElement":[{"@type":"ListItem","position":1,"name":"Home","item":"https:\/\/edmpco.com\/"},{"@type":"ListItem","position":2,"name":"Shop","item":"https:\/\/edmpco.com\/shop\/"},{"@type":"ListItem","position":3,"name":"Indicateur de d\u00e9faut \u00e0 distance"}]},{"@type":"WebSite","@id":"https:\/\/edmpco.com\/#website","url":"https:\/\/edmpco.com\/","name":"Edmpco","description":"Engineering, Design, Management & Planning | Product Show","publisher":{"@id":"https:\/\/edmpco.com\/#organization"},"potentialAction":[{"@type":"SearchAction","target":{"@type":"EntryPoint","urlTemplate":"https:\/\/edmpco.com\/?s={search_term_string}"},"query-input":{"@type":"PropertyValueSpecification","valueRequired":true,"valueName":"search_term_string"}}],"inLanguage":"es-ES"},{"@type":"Organization","@id":"https:\/\/edmpco.com\/#organization","name":"Edmpco","url":"https:\/\/edmpco.com\/","logo":{"@type":"ImageObject","inLanguage":"es-ES","@id":"https:\/\/edmpco.com\/#\/schema\/logo\/image\/","url":"https:\/\/edmpco.com\/wp-content\/uploads\/2025\/10\/EDMP.svg","contentUrl":"https:\/\/edmpco.com\/wp-content\/uploads\/2025\/10\/EDMP.svg","width":350,"height":105,"caption":"Edmpco"},"image":{"@id":"https:\/\/edmpco.com\/#\/schema\/logo\/image\/"}}]}},"_links":{"self":[{"href":"https:\/\/edmpco.com\/es\/wp-json\/wp\/v2\/product\/5797","targetHints":{"allow":["GET"]}}],"collection":[{"href":"https:\/\/edmpco.com\/es\/wp-json\/wp\/v2\/product"}],"about":[{"href":"https:\/\/edmpco.com\/es\/wp-json\/wp\/v2\/types\/product"}],"replies":[{"embeddable":true,"href":"https:\/\/edmpco.com\/es\/wp-json\/wp\/v2\/comments?post=5797"}],"wp:featuredmedia":[{"embeddable":true,"href":"https:\/\/edmpco.com\/es\/wp-json\/wp\/v2\/media\/6412"}],"wp:attachment":[{"href":"https:\/\/edmpco.com\/es\/wp-json\/wp\/v2\/media?parent=5797"}],"wp:term":[{"taxonomy":"product_brand","embeddable":true,"href":"https:\/\/edmpco.com\/es\/wp-json\/wp\/v2\/product_brand?post=5797"},{"taxonomy":"product_cat","embeddable":true,"href":"https:\/\/edmpco.com\/es\/wp-json\/wp\/v2\/product_cat?post=5797"},{"taxonomy":"product_tag","embeddable":true,"href":"https:\/\/edmpco.com\/es\/wp-json\/wp\/v2\/product_tag?post=5797"}],"curies":[{"name":"wp","href":"https:\/\/api.w.org\/{rel}","templated":true}]}}