{"id":5859,"date":"2025-11-03T05:00:20","date_gmt":"2025-11-03T05:00:20","guid":{"rendered":"https:\/\/edmpco.com\/?post_type=product&#038;p=5859"},"modified":"2025-11-11T12:33:48","modified_gmt":"2025-11-11T12:33:48","slug":"lynkbox","status":"publish","type":"product","link":"https:\/\/edmpco.com\/es\/product\/lynkbox\/","title":{"rendered":"LynkBox"},"content":{"rendered":"<p><strong>LynkBox<\/strong><\/p>\n<div class=\"Y3BBE\" data-sfc-cp=\"\" data-hveid=\"CAEIAhAA\" data-complete=\"true\" data-processed=\"true\">Mobile Lynk es una potente aplicaci\u00f3n m\u00f3vil dise\u00f1ada para funcionar como un Sistema de Cabecera (HES) m\u00f3vil, llevando todas las capacidades de un HES tradicional a la fuerza de trabajo m\u00f3vil de la empresa de servicios p\u00fablicos. Esta innovadora aplicaci\u00f3n permite a las empresas gestionar y recopilar datos de contadores inteligentes directamente desde el campo, proporcionando a los t\u00e9cnicos de campo todas las herramientas que necesitan para interactuar con los contadores in situ o a trav\u00e9s de Internet. Al ofrecer una conectividad fluida tanto a los contadores individuales como al HES central, Mobile Lynk permite la recopilaci\u00f3n y conciliaci\u00f3n de datos en tiempo real, garantizando informaci\u00f3n precisa y actualizada desde el campo.<\/div>\n<div data-sfc-cp=\"\" data-hveid=\"CAEIAhAA\" data-complete=\"true\" data-processed=\"true\"><\/div>\n<div class=\"Y3BBE\" data-sfc-cp=\"\" data-hveid=\"CAEIAxAA\" data-complete=\"true\" data-processed=\"true\">Caracter\u00edsticas clave de Mobile Lynk<\/div>\n<div data-sfc-cp=\"\" data-hveid=\"CAEIAxAA\" data-complete=\"true\" data-processed=\"true\"><\/div>\n<div class=\"Y3BBE\" data-sfc-cp=\"\" data-hveid=\"CAEIBBAA\" data-complete=\"true\" data-processed=\"true\">Mobile Lynk facilita la interacci\u00f3n directa con los contadores, ya sea a trav\u00e9s de una conexi\u00f3n local o mediante comunicaci\u00f3n basada en Internet, permitiendo al personal de campo leer los datos del contador de manera eficiente. La aplicaci\u00f3n puede funcionar sin conexi\u00f3n (offline), recopilando datos en \u00e1reas remotas, y se sincroniza con el HES principal una vez que hay una conexi\u00f3n disponible, asegurando que todos los datos se concilian y consolidan en una \u00fanica fuente de verdad. Mobile Lynk est\u00e1 completamente integrado con el ecosistema GridLynk, proporcionando a los equipos de servicios p\u00fablicos acceso inmediato a datos de consumo precisos y en tiempo real para la resoluci\u00f3n de problemas, diagn\u00f3sticos e informes. Al consolidar los datos recopilados en campo en el sistema central, garantiza la coherencia en todas las operaciones, mejorando la precisi\u00f3n de los datos y potenciando la eficiencia operativa.<\/div>\n<div data-sfc-cp=\"\" data-hveid=\"CAEIBBAA\" data-complete=\"true\" data-processed=\"true\"><\/div>\n<div class=\"Y3BBE\" data-sfc-cp=\"\" data-hveid=\"CAEIBRAA\" data-complete=\"true\" data-processed=\"true\">Beneficios para las Empresas de Servicios P\u00fablicos<\/div>\n<div data-sfc-cp=\"\" data-hveid=\"CAEIBRAA\" data-complete=\"true\" data-processed=\"true\"><\/div>\n<div class=\"Y3BBE\" data-sfc-cp=\"\" data-hveid=\"CAEIBhAA\" data-complete=\"true\" data-processed=\"true\">Mobile Lynk empodera a las empresas de servicios p\u00fablicos al poner toda la potencia del HES en manos de los t\u00e9cnicos de campo, mejorando su capacidad para recopilar, verificar y gestionar datos de contadores en tiempo real. Agiliza las operaciones de campo, reduce el riesgo de discrepancias de datos y mejora los tiempos de respuesta para lecturas de contadores, mantenimiento y resoluci\u00f3n de problemas. La aplicaci\u00f3n ayuda a las empresas a ahorrar tiempo y recursos al garantizar la sincronizaci\u00f3n de datos con el sistema central, ofreciendo una vista unificada de los datos de los contadores y mejorando el servicio al cliente con actualizaciones oportunas. Adem\u00e1s, Mobile Lynk contribuye a una facturaci\u00f3n m\u00e1s precisa, una monitorizaci\u00f3n del sistema mejorada y una mejor gesti\u00f3n general de los recursos energ\u00e9ticos, impulsando en \u00faltima instancia un rendimiento operativo mejorado y la satisfacci\u00f3n del cliente.<\/div>\n","protected":false},"excerpt":{"rendered":"<p><strong>LynkBox<\/strong><\/p>\n<div class=\"Y3BBE\" data-sfc-cp=\"\" data-hveid=\"CAEIAhAA\" data-complete=\"true\" data-processed=\"true\">Mobile Lynk es una potente aplicaci\u00f3n m\u00f3vil dise\u00f1ada para funcionar como un Sistema de Cabecera (HES) m\u00f3vil, llevando todas las capacidades de un HES tradicional a la fuerza de trabajo m\u00f3vil de la empresa de servicios p\u00fablicos. Esta innovadora aplicaci\u00f3n permite a las empresas gestionar y recopilar datos de contadores inteligentes directamente desde el campo, proporcionando a los t\u00e9cnicos de campo todas las herramientas que necesitan para interactuar con los contadores in situ o a trav\u00e9s de Internet. Al ofrecer una conectividad fluida tanto a los contadores individuales como al HES central, Mobile Lynk permite la recopilaci\u00f3n y conciliaci\u00f3n de datos en tiempo real, garantizando informaci\u00f3n precisa y actualizada desde el campo.<\/div>\n<div data-sfc-cp=\"\" data-hveid=\"CAEIAhAA\" data-complete=\"true\" data-processed=\"true\"><\/div>\n<div class=\"Y3BBE\" data-sfc-cp=\"\" data-hveid=\"CAEIAxAA\" data-complete=\"true\" data-processed=\"true\">Caracter\u00edsticas clave de Mobile Lynk<\/div>\n<div data-sfc-cp=\"\" data-hveid=\"CAEIAxAA\" data-complete=\"true\" data-processed=\"true\"><\/div>\n<div class=\"Y3BBE\" data-sfc-cp=\"\" data-hveid=\"CAEIBBAA\" data-complete=\"true\" data-processed=\"true\">Mobile Lynk facilita la interacci\u00f3n directa con los contadores, ya sea a trav\u00e9s de una conexi\u00f3n local o mediante comunicaci\u00f3n basada en Internet, permitiendo al personal de campo leer los datos del contador de manera eficiente. La aplicaci\u00f3n puede funcionar sin conexi\u00f3n (offline), recopilando datos en \u00e1reas remotas, y se sincroniza con el HES principal una vez que hay una conexi\u00f3n disponible, asegurando que todos los datos se concilian y consolidan en una \u00fanica fuente de verdad. Mobile Lynk est\u00e1 completamente integrado con el ecosistema GridLynk, proporcionando a los equipos de servicios p\u00fablicos acceso inmediato a datos de consumo precisos y en tiempo real para la resoluci\u00f3n de problemas, diagn\u00f3sticos e informes. Al consolidar los datos recopilados en campo en el sistema central, garantiza la coherencia en todas las operaciones, mejorando la precisi\u00f3n de los datos y potenciando la eficiencia operativa.<\/div>\n<div data-sfc-cp=\"\" data-hveid=\"CAEIBBAA\" data-complete=\"true\" data-processed=\"true\"><\/div>\n<div class=\"Y3BBE\" data-sfc-cp=\"\" data-hveid=\"CAEIBRAA\" data-complete=\"true\" data-processed=\"true\">Beneficios para las Empresas de Servicios P\u00fablicos<\/div>\n<div data-sfc-cp=\"\" data-hveid=\"CAEIBRAA\" data-complete=\"true\" data-processed=\"true\"><\/div>\n<div class=\"Y3BBE\" data-sfc-cp=\"\" data-hveid=\"CAEIBhAA\" data-complete=\"true\" data-processed=\"true\">Mobile Lynk empodera a las empresas de servicios p\u00fablicos al poner toda la potencia del HES en manos de los t\u00e9cnicos de campo, mejorando su capacidad para recopilar, verificar y gestionar datos de contadores en tiempo real. Agiliza las operaciones de campo, reduce el riesgo de discrepancias de datos y mejora los tiempos de respuesta para lecturas de contadores, mantenimiento y resoluci\u00f3n de problemas. La aplicaci\u00f3n ayuda a las empresas a ahorrar tiempo y recursos al garantizar la sincronizaci\u00f3n de datos con el sistema central, ofreciendo una vista unificada de los datos de los contadores y mejorando el servicio al cliente con actualizaciones oportunas. Adem\u00e1s, Mobile Lynk contribuye a una facturaci\u00f3n m\u00e1s precisa, una monitorizaci\u00f3n del sistema mejorada y una mejor gesti\u00f3n general de los recursos energ\u00e9ticos, impulsando en \u00faltima instancia un rendimiento operativo mejorado y la satisfacci\u00f3n del cliente.<\/div>\n","protected":false},"featured_media":6477,"comment_status":"open","ping_status":"closed","template":"","meta":[],"product_brand":[],"product_cat":[52],"product_tag":[],"class_list":{"0":"post-5859","1":"product","2":"type-product","3":"status-publish","4":"has-post-thumbnail","6":"product_cat-system-and-software","8":"first","9":"instock","10":"shipping-taxable","11":"product-type-simple"},"yoast_head":"<!-- This site is optimized with the Yoast SEO plugin v27.4 - https:\/\/yoast.com\/product\/yoast-seo-wordpress\/ -->\n<title>LynkBox<\/title>\n<meta name=\"robots\" content=\"index, follow, max-snippet:-1, max-image-preview:large, max-video-preview:-1\" \/>\n<link rel=\"canonical\" href=\"https:\/\/edmpco.com\/es\/product\/lynkbox\/\" \/>\n<meta property=\"og:locale\" content=\"es_ES\" \/>\n<meta property=\"og:locale:alternate\" content=\"en_US\" \/>\n<meta property=\"og:locale:alternate\" content=\"fr_FR\" \/>\n<meta property=\"og:type\" content=\"article\" \/>\n<meta property=\"og:title\" content=\"LynkBox\" \/>\n<meta property=\"og:description\" content=\"LynkBox Mobile Lynk es una potente aplicaci\u00f3n m\u00f3vil dise\u00f1ada para funcionar como un Sistema de Cabecera (HES) m\u00f3vil, llevando todas las capacidades de un HES tradicional a la fuerza de trabajo m\u00f3vil de la empresa de servicios p\u00fablicos. Esta innovadora aplicaci\u00f3n permite a las empresas gestionar y recopilar datos de contadores inteligentes directamente desde el campo, proporcionando a los t\u00e9cnicos de campo todas las herramientas que necesitan para interactuar con los contadores in situ o a trav\u00e9s de Internet. Al ofrecer una conectividad fluida tanto a los contadores individuales como al HES central, Mobile Lynk permite la recopilaci\u00f3n y conciliaci\u00f3n de datos en tiempo real, garantizando informaci\u00f3n precisa y actualizada desde el campo.  Caracter\u00edsticas clave de Mobile Lynk  Mobile Lynk facilita la interacci\u00f3n directa con los contadores, ya sea a trav\u00e9s de una conexi\u00f3n local o mediante comunicaci\u00f3n basada en Internet, permitiendo al personal de campo leer los datos del contador de manera eficiente. La aplicaci\u00f3n puede funcionar sin conexi\u00f3n (offline), recopilando datos en \u00e1reas remotas, y se sincroniza con el HES principal una vez que hay una conexi\u00f3n disponible, asegurando que todos los datos se concilian y consolidan en una \u00fanica fuente de verdad. Mobile Lynk est\u00e1 completamente integrado con el ecosistema GridLynk, proporcionando a los equipos de servicios p\u00fablicos acceso inmediato a datos de consumo precisos y en tiempo real para la resoluci\u00f3n de problemas, diagn\u00f3sticos e informes. Al consolidar los datos recopilados en campo en el sistema central, garantiza la coherencia en todas las operaciones, mejorando la precisi\u00f3n de los datos y potenciando la eficiencia operativa.  Beneficios para las Empresas de Servicios P\u00fablicos  Mobile Lynk empodera a las empresas de servicios p\u00fablicos al poner toda la potencia del HES en manos de los t\u00e9cnicos de campo, mejorando su capacidad para recopilar, verificar y gestionar datos de contadores en tiempo real. Agiliza las operaciones de campo, reduce el riesgo de discrepancias de datos y mejora los tiempos de respuesta para lecturas de contadores, mantenimiento y resoluci\u00f3n de problemas. La aplicaci\u00f3n ayuda a las empresas a ahorrar tiempo y recursos al garantizar la sincronizaci\u00f3n de datos con el sistema central, ofreciendo una vista unificada de los datos de los contadores y mejorando el servicio al cliente con actualizaciones oportunas. Adem\u00e1s, Mobile Lynk contribuye a una facturaci\u00f3n m\u00e1s precisa, una monitorizaci\u00f3n del sistema mejorada y una mejor gesti\u00f3n general de los recursos energ\u00e9ticos, impulsando en \u00faltima instancia un rendimiento operativo mejorado y la satisfacci\u00f3n del cliente.\" \/>\n<meta property=\"og:url\" content=\"https:\/\/edmpco.com\/es\/product\/lynkbox\/\" \/>\n<meta property=\"og:site_name\" content=\"Edmpco\" \/>\n<meta property=\"article:modified_time\" content=\"2025-11-11T12:33:48+00:00\" \/>\n<meta property=\"og:image\" content=\"https:\/\/edmpco.com\/wp-content\/uploads\/2025\/11\/LynkBox.jpg\" \/>\n\t<meta property=\"og:image:width\" content=\"1458\" \/>\n\t<meta property=\"og:image:height\" content=\"1875\" \/>\n\t<meta property=\"og:image:type\" content=\"image\/jpeg\" \/>\n<meta name=\"twitter:card\" content=\"summary_large_image\" \/>\n<meta name=\"twitter:label1\" content=\"Tiempo de lectura\" \/>\n\t<meta name=\"twitter:data1\" content=\"2 minutos\" \/>\n<script type=\"application\/ld+json\" class=\"yoast-schema-graph\">{\"@context\":\"https:\\\/\\\/schema.org\",\"@graph\":[{\"@type\":\"WebPage\",\"@id\":\"https:\\\/\\\/edmpco.com\\\/fr\\\/product\\\/lynkbox\\\/\",\"url\":\"https:\\\/\\\/edmpco.com\\\/fr\\\/product\\\/lynkbox\\\/\",\"name\":\"LynkBox\",\"isPartOf\":{\"@id\":\"https:\\\/\\\/edmpco.com\\\/#website\"},\"primaryImageOfPage\":{\"@id\":\"https:\\\/\\\/edmpco.com\\\/fr\\\/product\\\/lynkbox\\\/#primaryimage\"},\"image\":{\"@id\":\"https:\\\/\\\/edmpco.com\\\/fr\\\/product\\\/lynkbox\\\/#primaryimage\"},\"thumbnailUrl\":\"https:\\\/\\\/edmpco.com\\\/wp-content\\\/uploads\\\/2025\\\/11\\\/LynkBox.jpg\",\"datePublished\":\"2025-11-03T05:00:20+00:00\",\"dateModified\":\"2025-11-11T12:33:48+00:00\",\"breadcrumb\":{\"@id\":\"https:\\\/\\\/edmpco.com\\\/fr\\\/product\\\/lynkbox\\\/#breadcrumb\"},\"inLanguage\":\"es-ES\",\"potentialAction\":[{\"@type\":\"ReadAction\",\"target\":[\"https:\\\/\\\/edmpco.com\\\/fr\\\/product\\\/lynkbox\\\/\"]}]},{\"@type\":\"ImageObject\",\"inLanguage\":\"es-ES\",\"@id\":\"https:\\\/\\\/edmpco.com\\\/fr\\\/product\\\/lynkbox\\\/#primaryimage\",\"url\":\"https:\\\/\\\/edmpco.com\\\/wp-content\\\/uploads\\\/2025\\\/11\\\/LynkBox.jpg\",\"contentUrl\":\"https:\\\/\\\/edmpco.com\\\/wp-content\\\/uploads\\\/2025\\\/11\\\/LynkBox.jpg\",\"width\":1458,\"height\":1875},{\"@type\":\"BreadcrumbList\",\"@id\":\"https:\\\/\\\/edmpco.com\\\/fr\\\/product\\\/lynkbox\\\/#breadcrumb\",\"itemListElement\":[{\"@type\":\"ListItem\",\"position\":1,\"name\":\"Home\",\"item\":\"https:\\\/\\\/edmpco.com\\\/\"},{\"@type\":\"ListItem\",\"position\":2,\"name\":\"Shop\",\"item\":\"https:\\\/\\\/edmpco.com\\\/shop\\\/\"},{\"@type\":\"ListItem\",\"position\":3,\"name\":\"LynkBox\"}]},{\"@type\":\"WebSite\",\"@id\":\"https:\\\/\\\/edmpco.com\\\/#website\",\"url\":\"https:\\\/\\\/edmpco.com\\\/\",\"name\":\"Edmpco\",\"description\":\"Engineering, Design, Management & Planning | Product Show\",\"publisher\":{\"@id\":\"https:\\\/\\\/edmpco.com\\\/#organization\"},\"potentialAction\":[{\"@type\":\"SearchAction\",\"target\":{\"@type\":\"EntryPoint\",\"urlTemplate\":\"https:\\\/\\\/edmpco.com\\\/?s={search_term_string}\"},\"query-input\":{\"@type\":\"PropertyValueSpecification\",\"valueRequired\":true,\"valueName\":\"search_term_string\"}}],\"inLanguage\":\"es-ES\"},{\"@type\":\"Organization\",\"@id\":\"https:\\\/\\\/edmpco.com\\\/#organization\",\"name\":\"Edmpco\",\"url\":\"https:\\\/\\\/edmpco.com\\\/\",\"logo\":{\"@type\":\"ImageObject\",\"inLanguage\":\"es-ES\",\"@id\":\"https:\\\/\\\/edmpco.com\\\/#\\\/schema\\\/logo\\\/image\\\/\",\"url\":\"https:\\\/\\\/edmpco.com\\\/wp-content\\\/uploads\\\/2025\\\/10\\\/EDMP.svg\",\"contentUrl\":\"https:\\\/\\\/edmpco.com\\\/wp-content\\\/uploads\\\/2025\\\/10\\\/EDMP.svg\",\"width\":350,\"height\":105,\"caption\":\"Edmpco\"},\"image\":{\"@id\":\"https:\\\/\\\/edmpco.com\\\/#\\\/schema\\\/logo\\\/image\\\/\"}}]}<\/script>\n<!-- \/ Yoast SEO plugin. -->","yoast_head_json":{"title":"LynkBox","robots":{"index":"index","follow":"follow","max-snippet":"max-snippet:-1","max-image-preview":"max-image-preview:large","max-video-preview":"max-video-preview:-1"},"canonical":"https:\/\/edmpco.com\/es\/product\/lynkbox\/","og_locale":"es_ES","og_type":"article","og_title":"[:en]LynkBox[:es]LynkBox[:fr]LynkBox[:] - Edmpco","og_description":"LynkBox Mobile Lynk es una potente aplicaci\u00f3n m\u00f3vil dise\u00f1ada para funcionar como un Sistema de Cabecera (HES) m\u00f3vil, llevando todas las capacidades de un HES tradicional a la fuerza de trabajo m\u00f3vil de la empresa de servicios p\u00fablicos. Esta innovadora aplicaci\u00f3n permite a las empresas gestionar y recopilar datos de contadores inteligentes directamente desde el campo, proporcionando a los t\u00e9cnicos de campo todas las herramientas que necesitan para interactuar con los contadores in situ o a trav\u00e9s de Internet. Al ofrecer una conectividad fluida tanto a los contadores individuales como al HES central, Mobile Lynk permite la recopilaci\u00f3n y conciliaci\u00f3n de datos en tiempo real, garantizando informaci\u00f3n precisa y actualizada desde el campo.  Caracter\u00edsticas clave de Mobile Lynk  Mobile Lynk facilita la interacci\u00f3n directa con los contadores, ya sea a trav\u00e9s de una conexi\u00f3n local o mediante comunicaci\u00f3n basada en Internet, permitiendo al personal de campo leer los datos del contador de manera eficiente. La aplicaci\u00f3n puede funcionar sin conexi\u00f3n (offline), recopilando datos en \u00e1reas remotas, y se sincroniza con el HES principal una vez que hay una conexi\u00f3n disponible, asegurando que todos los datos se concilian y consolidan en una \u00fanica fuente de verdad. Mobile Lynk est\u00e1 completamente integrado con el ecosistema GridLynk, proporcionando a los equipos de servicios p\u00fablicos acceso inmediato a datos de consumo precisos y en tiempo real para la resoluci\u00f3n de problemas, diagn\u00f3sticos e informes. Al consolidar los datos recopilados en campo en el sistema central, garantiza la coherencia en todas las operaciones, mejorando la precisi\u00f3n de los datos y potenciando la eficiencia operativa.  Beneficios para las Empresas de Servicios P\u00fablicos  Mobile Lynk empodera a las empresas de servicios p\u00fablicos al poner toda la potencia del HES en manos de los t\u00e9cnicos de campo, mejorando su capacidad para recopilar, verificar y gestionar datos de contadores en tiempo real. Agiliza las operaciones de campo, reduce el riesgo de discrepancias de datos y mejora los tiempos de respuesta para lecturas de contadores, mantenimiento y resoluci\u00f3n de problemas. La aplicaci\u00f3n ayuda a las empresas a ahorrar tiempo y recursos al garantizar la sincronizaci\u00f3n de datos con el sistema central, ofreciendo una vista unificada de los datos de los contadores y mejorando el servicio al cliente con actualizaciones oportunas. Adem\u00e1s, Mobile Lynk contribuye a una facturaci\u00f3n m\u00e1s precisa, una monitorizaci\u00f3n del sistema mejorada y una mejor gesti\u00f3n general de los recursos energ\u00e9ticos, impulsando en \u00faltima instancia un rendimiento operativo mejorado y la satisfacci\u00f3n del cliente.","og_url":"https:\/\/edmpco.com\/es\/product\/lynkbox\/","og_site_name":"Edmpco","article_modified_time":"2025-11-11T12:33:48+00:00","og_image":[{"width":1458,"height":1875,"url":"https:\/\/edmpco.com\/wp-content\/uploads\/2025\/11\/LynkBox.jpg","type":"image\/jpeg"}],"twitter_card":"summary_large_image","twitter_misc":{"Tiempo de lectura":"2 minutos"},"schema":{"@context":"https:\/\/schema.org","@graph":[{"@type":"WebPage","@id":"https:\/\/edmpco.com\/fr\/product\/lynkbox\/","url":"https:\/\/edmpco.com\/fr\/product\/lynkbox\/","name":"LynkBox","isPartOf":{"@id":"https:\/\/edmpco.com\/#website"},"primaryImageOfPage":{"@id":"https:\/\/edmpco.com\/fr\/product\/lynkbox\/#primaryimage"},"image":{"@id":"https:\/\/edmpco.com\/fr\/product\/lynkbox\/#primaryimage"},"thumbnailUrl":"https:\/\/edmpco.com\/wp-content\/uploads\/2025\/11\/LynkBox.jpg","datePublished":"2025-11-03T05:00:20+00:00","dateModified":"2025-11-11T12:33:48+00:00","breadcrumb":{"@id":"https:\/\/edmpco.com\/fr\/product\/lynkbox\/#breadcrumb"},"inLanguage":"es-ES","potentialAction":[{"@type":"ReadAction","target":["https:\/\/edmpco.com\/fr\/product\/lynkbox\/"]}]},{"@type":"ImageObject","inLanguage":"es-ES","@id":"https:\/\/edmpco.com\/fr\/product\/lynkbox\/#primaryimage","url":"https:\/\/edmpco.com\/wp-content\/uploads\/2025\/11\/LynkBox.jpg","contentUrl":"https:\/\/edmpco.com\/wp-content\/uploads\/2025\/11\/LynkBox.jpg","width":1458,"height":1875},{"@type":"BreadcrumbList","@id":"https:\/\/edmpco.com\/fr\/product\/lynkbox\/#breadcrumb","itemListElement":[{"@type":"ListItem","position":1,"name":"Home","item":"https:\/\/edmpco.com\/"},{"@type":"ListItem","position":2,"name":"Shop","item":"https:\/\/edmpco.com\/shop\/"},{"@type":"ListItem","position":3,"name":"LynkBox"}]},{"@type":"WebSite","@id":"https:\/\/edmpco.com\/#website","url":"https:\/\/edmpco.com\/","name":"Edmpco","description":"Engineering, Design, Management & Planning | Product Show","publisher":{"@id":"https:\/\/edmpco.com\/#organization"},"potentialAction":[{"@type":"SearchAction","target":{"@type":"EntryPoint","urlTemplate":"https:\/\/edmpco.com\/?s={search_term_string}"},"query-input":{"@type":"PropertyValueSpecification","valueRequired":true,"valueName":"search_term_string"}}],"inLanguage":"es-ES"},{"@type":"Organization","@id":"https:\/\/edmpco.com\/#organization","name":"Edmpco","url":"https:\/\/edmpco.com\/","logo":{"@type":"ImageObject","inLanguage":"es-ES","@id":"https:\/\/edmpco.com\/#\/schema\/logo\/image\/","url":"https:\/\/edmpco.com\/wp-content\/uploads\/2025\/10\/EDMP.svg","contentUrl":"https:\/\/edmpco.com\/wp-content\/uploads\/2025\/10\/EDMP.svg","width":350,"height":105,"caption":"Edmpco"},"image":{"@id":"https:\/\/edmpco.com\/#\/schema\/logo\/image\/"}}]}},"_links":{"self":[{"href":"https:\/\/edmpco.com\/es\/wp-json\/wp\/v2\/product\/5859","targetHints":{"allow":["GET"]}}],"collection":[{"href":"https:\/\/edmpco.com\/es\/wp-json\/wp\/v2\/product"}],"about":[{"href":"https:\/\/edmpco.com\/es\/wp-json\/wp\/v2\/types\/product"}],"replies":[{"embeddable":true,"href":"https:\/\/edmpco.com\/es\/wp-json\/wp\/v2\/comments?post=5859"}],"wp:featuredmedia":[{"embeddable":true,"href":"https:\/\/edmpco.com\/es\/wp-json\/wp\/v2\/media\/6477"}],"wp:attachment":[{"href":"https:\/\/edmpco.com\/es\/wp-json\/wp\/v2\/media?parent=5859"}],"wp:term":[{"taxonomy":"product_brand","embeddable":true,"href":"https:\/\/edmpco.com\/es\/wp-json\/wp\/v2\/product_brand?post=5859"},{"taxonomy":"product_cat","embeddable":true,"href":"https:\/\/edmpco.com\/es\/wp-json\/wp\/v2\/product_cat?post=5859"},{"taxonomy":"product_tag","embeddable":true,"href":"https:\/\/edmpco.com\/es\/wp-json\/wp\/v2\/product_tag?post=5859"}],"curies":[{"name":"wp","href":"https:\/\/api.w.org\/{rel}","templated":true}]}}