{"id":7296,"date":"2025-11-01T15:11:52","date_gmt":"2025-11-01T15:11:52","guid":{"rendered":"https:\/\/edmpco.com\/?post_type=product&#038;p=7296"},"modified":"2026-03-18T05:33:59","modified_gmt":"2026-03-18T05:33:59","slug":"magno-33-with-keypad","status":"publish","type":"product","link":"https:\/\/edmpco.com\/es\/product\/magno-33-with-keypad\/","title":{"rendered":"MAGNO 33 (con teclado)"},"content":{"rendered":"<p>El Magno 33 con teclado es un medidor inteligente trif\u00e1sico conectado directamente Dise\u00f1ado para la gesti\u00f3n energ\u00e9tica comercial e industrial, apoyando Iniciativas de Infraestructura de Medici\u00f3n Avanzada (AMI). Equipadas con tecnolog\u00eda avanzada Gracias a sus funciones antimanipulaci\u00f3n, el Magno 33 ayuda a las empresas de servicios p\u00fablicos a proteger sus ingresos. detectando fraudes y minimizando p\u00e9rdidas de l\u00ednea.Este medidor de alto rendimiento cumple totalmente con los est\u00e1ndares STS\/CTS para Medici\u00f3n prepago mediante entrada de teclado, as\u00ed como DLMS\/COSEM, que garantiza una compatibilidad perfecta con una amplia gama de sistemas de servicios p\u00fablicos.<br \/>\nCon su rendimiento confiable y robusto, el Magno 33 con teclado es ideal Soluci\u00f3n para clientes residenciales y comerciales, que ofrece un servicio excepcional. Precisi\u00f3n, seguridad y eficiencia en la gesti\u00f3n energ\u00e9tica moderna.<\/p>\n","protected":false},"excerpt":{"rendered":"<p>El Magno 33 con teclado es un medidor inteligente trif\u00e1sico conectado directamente Dise\u00f1ado para la gesti\u00f3n energ\u00e9tica comercial e industrial, apoyando Iniciativas de Infraestructura de Medici\u00f3n Avanzada (AMI). Equipadas con tecnolog\u00eda avanzada Gracias a sus funciones antimanipulaci\u00f3n, el Magno 33 ayuda a las empresas de servicios p\u00fablicos a proteger sus ingresos. detectando fraudes y minimizando p\u00e9rdidas de l\u00ednea.Este medidor de alto rendimiento cumple totalmente con los est\u00e1ndares STS\/CTS para Medici\u00f3n prepago mediante entrada de teclado, as\u00ed como DLMS\/COSEM, que garantiza una compatibilidad perfecta con una amplia gama de sistemas de servicios p\u00fablicos.<br \/>\nCon su rendimiento confiable y robusto, el Magno 33 con teclado es ideal Soluci\u00f3n para clientes residenciales y comerciales, que ofrece un servicio excepcional. Precisi\u00f3n, seguridad y eficiencia en la gesti\u00f3n energ\u00e9tica moderna.<\/p>\n<p><a class=\"psacp-rdmr-btn\" href=\"https:\/\/edmpco.com\/wp-content\/uploads\/2025\/11\/Magno-33-with-Keypad-IDIS-Removed.pdf\" target=\"_blank\" rel=\"noopener\">Ficha informativa<\/a><\/p>\n","protected":false},"featured_media":7298,"comment_status":"open","ping_status":"closed","template":"","meta":[],"product_brand":[],"product_cat":[15],"product_tag":[],"class_list":{"0":"post-7296","1":"product","2":"type-product","3":"status-publish","4":"has-post-thumbnail","6":"product_cat-electricity-meters","8":"first","9":"instock","10":"shipping-taxable","11":"product-type-simple"},"yoast_head":"<!-- This site is optimized with the Yoast SEO plugin v27.4 - https:\/\/yoast.com\/product\/yoast-seo-wordpress\/ -->\n<title>MAGNO 33 (con teclado)<\/title>\n<meta name=\"robots\" content=\"index, follow, max-snippet:-1, max-image-preview:large, max-video-preview:-1\" \/>\n<link rel=\"canonical\" href=\"https:\/\/edmpco.com\/es\/product\/magno-33-with-keypad\/\" \/>\n<meta property=\"og:locale\" content=\"es_ES\" \/>\n<meta property=\"og:locale:alternate\" content=\"en_US\" \/>\n<meta property=\"og:locale:alternate\" content=\"fr_FR\" \/>\n<meta property=\"og:type\" content=\"article\" \/>\n<meta property=\"og:title\" content=\"MAGNO 33 (con teclado)\" \/>\n<meta property=\"og:description\" content=\"El Magno 33 con teclado es un medidor inteligente trif\u00e1sico conectado directamente Dise\u00f1ado para la gesti\u00f3n energ\u00e9tica comercial e industrial, apoyando Iniciativas de Infraestructura de Medici\u00f3n Avanzada (AMI). Equipadas con tecnolog\u00eda avanzada Gracias a sus funciones antimanipulaci\u00f3n, el Magno 33 ayuda a las empresas de servicios p\u00fablicos a proteger sus ingresos. detectando fraudes y minimizando p\u00e9rdidas de l\u00ednea.Este medidor de alto rendimiento cumple totalmente con los est\u00e1ndares STS\/CTS para Medici\u00f3n prepago mediante entrada de teclado, as\u00ed como DLMS\/COSEM, que garantiza una compatibilidad perfecta con una amplia gama de sistemas de servicios p\u00fablicos. Con su rendimiento confiable y robusto, el Magno 33 con teclado es ideal Soluci\u00f3n para clientes residenciales y comerciales, que ofrece un servicio excepcional. Precisi\u00f3n, seguridad y eficiencia en la gesti\u00f3n energ\u00e9tica moderna.  Ficha informativa\" \/>\n<meta property=\"og:url\" content=\"https:\/\/edmpco.com\/es\/product\/magno-33-with-keypad\/\" \/>\n<meta property=\"og:site_name\" content=\"Edmpco\" \/>\n<meta property=\"article:modified_time\" content=\"2026-03-18T05:33:59+00:00\" \/>\n<meta property=\"og:image\" content=\"https:\/\/edmpco.com\/wp-content\/uploads\/2025\/11\/Magno-33-DC-with.jpg\" \/>\n\t<meta property=\"og:image:width\" content=\"1458\" \/>\n\t<meta property=\"og:image:height\" content=\"1875\" \/>\n\t<meta property=\"og:image:type\" content=\"image\/jpeg\" \/>\n<meta name=\"twitter:card\" content=\"summary_large_image\" \/>\n<meta name=\"twitter:label1\" content=\"Tiempo de lectura\" \/>\n\t<meta name=\"twitter:data1\" content=\"1 minuto\" \/>\n<script type=\"application\/ld+json\" class=\"yoast-schema-graph\">{\"@context\":\"https:\\\/\\\/schema.org\",\"@graph\":[{\"@type\":\"WebPage\",\"@id\":\"https:\\\/\\\/edmpco.com\\\/fr\\\/product\\\/magno-33-with-keypad\\\/\",\"url\":\"https:\\\/\\\/edmpco.com\\\/fr\\\/product\\\/magno-33-with-keypad\\\/\",\"name\":\"MAGNO 33 (con teclado)\",\"isPartOf\":{\"@id\":\"https:\\\/\\\/edmpco.com\\\/#website\"},\"primaryImageOfPage\":{\"@id\":\"https:\\\/\\\/edmpco.com\\\/fr\\\/product\\\/magno-33-with-keypad\\\/#primaryimage\"},\"image\":{\"@id\":\"https:\\\/\\\/edmpco.com\\\/fr\\\/product\\\/magno-33-with-keypad\\\/#primaryimage\"},\"thumbnailUrl\":\"https:\\\/\\\/edmpco.com\\\/wp-content\\\/uploads\\\/2025\\\/11\\\/Magno-33-DC-with.jpg\",\"datePublished\":\"2025-11-01T15:11:52+00:00\",\"dateModified\":\"2026-03-18T05:33:59+00:00\",\"breadcrumb\":{\"@id\":\"https:\\\/\\\/edmpco.com\\\/fr\\\/product\\\/magno-33-with-keypad\\\/#breadcrumb\"},\"inLanguage\":\"es-ES\",\"potentialAction\":[{\"@type\":\"ReadAction\",\"target\":[\"https:\\\/\\\/edmpco.com\\\/fr\\\/product\\\/magno-33-with-keypad\\\/\"]}]},{\"@type\":\"ImageObject\",\"inLanguage\":\"es-ES\",\"@id\":\"https:\\\/\\\/edmpco.com\\\/fr\\\/product\\\/magno-33-with-keypad\\\/#primaryimage\",\"url\":\"https:\\\/\\\/edmpco.com\\\/wp-content\\\/uploads\\\/2025\\\/11\\\/Magno-33-DC-with.jpg\",\"contentUrl\":\"https:\\\/\\\/edmpco.com\\\/wp-content\\\/uploads\\\/2025\\\/11\\\/Magno-33-DC-with.jpg\",\"width\":1458,\"height\":1875},{\"@type\":\"BreadcrumbList\",\"@id\":\"https:\\\/\\\/edmpco.com\\\/fr\\\/product\\\/magno-33-with-keypad\\\/#breadcrumb\",\"itemListElement\":[{\"@type\":\"ListItem\",\"position\":1,\"name\":\"Home\",\"item\":\"https:\\\/\\\/edmpco.com\\\/\"},{\"@type\":\"ListItem\",\"position\":2,\"name\":\"Shop\",\"item\":\"https:\\\/\\\/edmpco.com\\\/shop\\\/\"},{\"@type\":\"ListItem\",\"position\":3,\"name\":\"MAGNO 33 (avec clavier)\"}]},{\"@type\":\"WebSite\",\"@id\":\"https:\\\/\\\/edmpco.com\\\/#website\",\"url\":\"https:\\\/\\\/edmpco.com\\\/\",\"name\":\"Edmpco\",\"description\":\"Engineering, Design, Management & Planning | Product Show\",\"publisher\":{\"@id\":\"https:\\\/\\\/edmpco.com\\\/#organization\"},\"potentialAction\":[{\"@type\":\"SearchAction\",\"target\":{\"@type\":\"EntryPoint\",\"urlTemplate\":\"https:\\\/\\\/edmpco.com\\\/?s={search_term_string}\"},\"query-input\":{\"@type\":\"PropertyValueSpecification\",\"valueRequired\":true,\"valueName\":\"search_term_string\"}}],\"inLanguage\":\"es-ES\"},{\"@type\":\"Organization\",\"@id\":\"https:\\\/\\\/edmpco.com\\\/#organization\",\"name\":\"Edmpco\",\"url\":\"https:\\\/\\\/edmpco.com\\\/\",\"logo\":{\"@type\":\"ImageObject\",\"inLanguage\":\"es-ES\",\"@id\":\"https:\\\/\\\/edmpco.com\\\/#\\\/schema\\\/logo\\\/image\\\/\",\"url\":\"https:\\\/\\\/edmpco.com\\\/wp-content\\\/uploads\\\/2025\\\/10\\\/EDMP.svg\",\"contentUrl\":\"https:\\\/\\\/edmpco.com\\\/wp-content\\\/uploads\\\/2025\\\/10\\\/EDMP.svg\",\"width\":350,\"height\":105,\"caption\":\"Edmpco\"},\"image\":{\"@id\":\"https:\\\/\\\/edmpco.com\\\/#\\\/schema\\\/logo\\\/image\\\/\"}}]}<\/script>\n<!-- \/ Yoast SEO plugin. -->","yoast_head_json":{"title":"MAGNO 33 (con teclado)","robots":{"index":"index","follow":"follow","max-snippet":"max-snippet:-1","max-image-preview":"max-image-preview:large","max-video-preview":"max-video-preview:-1"},"canonical":"https:\/\/edmpco.com\/es\/product\/magno-33-with-keypad\/","og_locale":"es_ES","og_type":"article","og_title":"[:en]Magno 33 (with keypad)[:es]MAGNO 33 (con teclado)[:fr]MAGNO 33 (avec clavier)[:] - Edmpco","og_description":"El Magno 33 con teclado es un medidor inteligente trif\u00e1sico conectado directamente Dise\u00f1ado para la gesti\u00f3n energ\u00e9tica comercial e industrial, apoyando Iniciativas de Infraestructura de Medici\u00f3n Avanzada (AMI). Equipadas con tecnolog\u00eda avanzada Gracias a sus funciones antimanipulaci\u00f3n, el Magno 33 ayuda a las empresas de servicios p\u00fablicos a proteger sus ingresos. detectando fraudes y minimizando p\u00e9rdidas de l\u00ednea.Este medidor de alto rendimiento cumple totalmente con los est\u00e1ndares STS\/CTS para Medici\u00f3n prepago mediante entrada de teclado, as\u00ed como DLMS\/COSEM, que garantiza una compatibilidad perfecta con una amplia gama de sistemas de servicios p\u00fablicos. Con su rendimiento confiable y robusto, el Magno 33 con teclado es ideal Soluci\u00f3n para clientes residenciales y comerciales, que ofrece un servicio excepcional. Precisi\u00f3n, seguridad y eficiencia en la gesti\u00f3n energ\u00e9tica moderna.  Ficha informativa","og_url":"https:\/\/edmpco.com\/es\/product\/magno-33-with-keypad\/","og_site_name":"Edmpco","article_modified_time":"2026-03-18T05:33:59+00:00","og_image":[{"width":1458,"height":1875,"url":"https:\/\/edmpco.com\/wp-content\/uploads\/2025\/11\/Magno-33-DC-with.jpg","type":"image\/jpeg"}],"twitter_card":"summary_large_image","twitter_misc":{"Tiempo de lectura":"1 minuto"},"schema":{"@context":"https:\/\/schema.org","@graph":[{"@type":"WebPage","@id":"https:\/\/edmpco.com\/fr\/product\/magno-33-with-keypad\/","url":"https:\/\/edmpco.com\/fr\/product\/magno-33-with-keypad\/","name":"MAGNO 33 (con teclado)","isPartOf":{"@id":"https:\/\/edmpco.com\/#website"},"primaryImageOfPage":{"@id":"https:\/\/edmpco.com\/fr\/product\/magno-33-with-keypad\/#primaryimage"},"image":{"@id":"https:\/\/edmpco.com\/fr\/product\/magno-33-with-keypad\/#primaryimage"},"thumbnailUrl":"https:\/\/edmpco.com\/wp-content\/uploads\/2025\/11\/Magno-33-DC-with.jpg","datePublished":"2025-11-01T15:11:52+00:00","dateModified":"2026-03-18T05:33:59+00:00","breadcrumb":{"@id":"https:\/\/edmpco.com\/fr\/product\/magno-33-with-keypad\/#breadcrumb"},"inLanguage":"es-ES","potentialAction":[{"@type":"ReadAction","target":["https:\/\/edmpco.com\/fr\/product\/magno-33-with-keypad\/"]}]},{"@type":"ImageObject","inLanguage":"es-ES","@id":"https:\/\/edmpco.com\/fr\/product\/magno-33-with-keypad\/#primaryimage","url":"https:\/\/edmpco.com\/wp-content\/uploads\/2025\/11\/Magno-33-DC-with.jpg","contentUrl":"https:\/\/edmpco.com\/wp-content\/uploads\/2025\/11\/Magno-33-DC-with.jpg","width":1458,"height":1875},{"@type":"BreadcrumbList","@id":"https:\/\/edmpco.com\/fr\/product\/magno-33-with-keypad\/#breadcrumb","itemListElement":[{"@type":"ListItem","position":1,"name":"Home","item":"https:\/\/edmpco.com\/"},{"@type":"ListItem","position":2,"name":"Shop","item":"https:\/\/edmpco.com\/shop\/"},{"@type":"ListItem","position":3,"name":"MAGNO 33 (avec clavier)"}]},{"@type":"WebSite","@id":"https:\/\/edmpco.com\/#website","url":"https:\/\/edmpco.com\/","name":"Edmpco","description":"Engineering, Design, Management & Planning | Product Show","publisher":{"@id":"https:\/\/edmpco.com\/#organization"},"potentialAction":[{"@type":"SearchAction","target":{"@type":"EntryPoint","urlTemplate":"https:\/\/edmpco.com\/?s={search_term_string}"},"query-input":{"@type":"PropertyValueSpecification","valueRequired":true,"valueName":"search_term_string"}}],"inLanguage":"es-ES"},{"@type":"Organization","@id":"https:\/\/edmpco.com\/#organization","name":"Edmpco","url":"https:\/\/edmpco.com\/","logo":{"@type":"ImageObject","inLanguage":"es-ES","@id":"https:\/\/edmpco.com\/#\/schema\/logo\/image\/","url":"https:\/\/edmpco.com\/wp-content\/uploads\/2025\/10\/EDMP.svg","contentUrl":"https:\/\/edmpco.com\/wp-content\/uploads\/2025\/10\/EDMP.svg","width":350,"height":105,"caption":"Edmpco"},"image":{"@id":"https:\/\/edmpco.com\/#\/schema\/logo\/image\/"}}]}},"_links":{"self":[{"href":"https:\/\/edmpco.com\/es\/wp-json\/wp\/v2\/product\/7296","targetHints":{"allow":["GET"]}}],"collection":[{"href":"https:\/\/edmpco.com\/es\/wp-json\/wp\/v2\/product"}],"about":[{"href":"https:\/\/edmpco.com\/es\/wp-json\/wp\/v2\/types\/product"}],"replies":[{"embeddable":true,"href":"https:\/\/edmpco.com\/es\/wp-json\/wp\/v2\/comments?post=7296"}],"wp:featuredmedia":[{"embeddable":true,"href":"https:\/\/edmpco.com\/es\/wp-json\/wp\/v2\/media\/7298"}],"wp:attachment":[{"href":"https:\/\/edmpco.com\/es\/wp-json\/wp\/v2\/media?parent=7296"}],"wp:term":[{"taxonomy":"product_brand","embeddable":true,"href":"https:\/\/edmpco.com\/es\/wp-json\/wp\/v2\/product_brand?post=7296"},{"taxonomy":"product_cat","embeddable":true,"href":"https:\/\/edmpco.com\/es\/wp-json\/wp\/v2\/product_cat?post=7296"},{"taxonomy":"product_tag","embeddable":true,"href":"https:\/\/edmpco.com\/es\/wp-json\/wp\/v2\/product_tag?post=7296"}],"curies":[{"name":"wp","href":"https:\/\/api.w.org\/{rel}","templated":true}]}}