{"id":7442,"date":"2026-03-18T08:59:57","date_gmt":"2026-03-18T08:59:57","guid":{"rendered":"https:\/\/edmpco.com\/?post_type=product&#038;p=7442"},"modified":"2026-03-30T04:42:37","modified_gmt":"2026-03-30T04:42:37","slug":"blumeter-u-series","status":"publish","type":"product","link":"https:\/\/edmpco.com\/es\/product\/blumeter-u-series\/","title":{"rendered":"BluMeter U Series"},"content":{"rendered":"<p>BluMeter U-Series es un medidor de agua ultras\u00f3nico est\u00e1tico dise\u00f1ado para aplicaciones dom\u00e9sticas y comerciales de agua potable fr\u00eda, ofreciendo mediciones fiables y precisas incluso en condiciones de red exigentes.<br \/>\nCon un rango de medici\u00f3n ampliado y alta sensibilidad a bajos caudales, la serie BluMeter U permite a las empresas de servicios capturar una amplia variedad de patrones de consumo, ayudando a reducir el agua no contabilizada y mejorar la precisi\u00f3n de la facturaci\u00f3n.<br \/>\nEl medidor utiliza tecnolog\u00eda avanzada de medici\u00f3n ultras\u00f3nica con un dise\u00f1o totalmente s\u00f3lido y sin partes mec\u00e1nicas m\u00f3viles. Esto garantiza una excelente estabilidad a largo plazo, alta resistencia a interferencias y una precisi\u00f3n de medici\u00f3n constante durante toda la vida \u00fatil del medidor. Como resultado, se minimizan los requisitos de mantenimiento mientras se maximiza la fiabilidad operativa.<\/p>\n","protected":false},"excerpt":{"rendered":"<p>BluMeter U-Series es un medidor de agua ultras\u00f3nico est\u00e1tico dise\u00f1ado para aplicaciones dom\u00e9sticas y comerciales de agua potable fr\u00eda, ofreciendo mediciones fiables y precisas incluso en condiciones de red exigentes.<br \/>\nCon un rango de medici\u00f3n ampliado y alta sensibilidad a bajos caudales, la serie BluMeter U permite a las empresas de servicios capturar una amplia variedad de patrones de consumo, ayudando a reducir el agua no contabilizada y mejorar la precisi\u00f3n de la facturaci\u00f3n.<br \/>\nEl medidor utiliza tecnolog\u00eda avanzada de medici\u00f3n ultras\u00f3nica con un dise\u00f1o totalmente s\u00f3lido y sin partes mec\u00e1nicas m\u00f3viles. Esto garantiza una excelente estabilidad a largo plazo, alta resistencia a interferencias y una precisi\u00f3n de medici\u00f3n constante durante toda la vida \u00fatil del medidor. Como resultado, se minimizan los requisitos de mantenimiento mientras se maximiza la fiabilidad operativa.<\/p>\n<p><a class=\"psacp-rdmr-btn\" href=\"https:\/\/edmpco.com\/wp-content\/uploads\/2026\/03\/BLUEMETER-U_SERIES-NEW.pdf\" target=\"_blank\" rel=\"noopener\">Ficha informativa<\/a><\/p>\n","protected":false},"featured_media":7443,"comment_status":"open","ping_status":"closed","template":"","meta":[],"product_brand":[],"product_cat":[49],"product_tag":[],"class_list":{"0":"post-7442","1":"product","2":"type-product","3":"status-publish","4":"has-post-thumbnail","6":"product_cat-water-meters","8":"first","9":"instock","10":"shipping-taxable","11":"product-type-simple"},"yoast_head":"<!-- This site is optimized with the Yoast SEO plugin v27.4 - https:\/\/yoast.com\/product\/yoast-seo-wordpress\/ -->\n<title>BluMeter U Series<\/title>\n<meta name=\"robots\" content=\"index, follow, max-snippet:-1, max-image-preview:large, max-video-preview:-1\" \/>\n<link rel=\"canonical\" href=\"https:\/\/edmpco.com\/es\/product\/blumeter-u-series\/\" \/>\n<meta property=\"og:locale\" content=\"es_ES\" \/>\n<meta property=\"og:locale:alternate\" content=\"en_US\" \/>\n<meta property=\"og:locale:alternate\" content=\"fr_FR\" \/>\n<meta property=\"og:type\" content=\"article\" \/>\n<meta property=\"og:title\" content=\"BluMeter U Series\" \/>\n<meta property=\"og:description\" content=\"BluMeter U-Series es un medidor de agua ultras\u00f3nico est\u00e1tico dise\u00f1ado para aplicaciones dom\u00e9sticas y comerciales de agua potable fr\u00eda, ofreciendo mediciones fiables y precisas incluso en condiciones de red exigentes. Con un rango de medici\u00f3n ampliado y alta sensibilidad a bajos caudales, la serie BluMeter U permite a las empresas de servicios capturar una amplia variedad de patrones de consumo, ayudando a reducir el agua no contabilizada y mejorar la precisi\u00f3n de la facturaci\u00f3n. El medidor utiliza tecnolog\u00eda avanzada de medici\u00f3n ultras\u00f3nica con un dise\u00f1o totalmente s\u00f3lido y sin partes mec\u00e1nicas m\u00f3viles. Esto garantiza una excelente estabilidad a largo plazo, alta resistencia a interferencias y una precisi\u00f3n de medici\u00f3n constante durante toda la vida \u00fatil del medidor. Como resultado, se minimizan los requisitos de mantenimiento mientras se maximiza la fiabilidad operativa.   Ficha informativa\" \/>\n<meta property=\"og:url\" content=\"https:\/\/edmpco.com\/es\/product\/blumeter-u-series\/\" \/>\n<meta property=\"og:site_name\" content=\"Edmpco\" \/>\n<meta property=\"article:modified_time\" content=\"2026-03-30T04:42:37+00:00\" \/>\n<meta property=\"og:image\" content=\"https:\/\/edmpco.com\/wp-content\/uploads\/2026\/03\/WhatsApp-Image-2026-03-18-at-8.48.28-AM.jpeg\" \/>\n\t<meta property=\"og:image:width\" content=\"853\" \/>\n\t<meta property=\"og:image:height\" content=\"1280\" \/>\n\t<meta property=\"og:image:type\" content=\"image\/jpeg\" \/>\n<meta name=\"twitter:card\" content=\"summary_large_image\" \/>\n<meta name=\"twitter:label1\" content=\"Tiempo de lectura\" \/>\n\t<meta name=\"twitter:data1\" content=\"1 minuto\" \/>\n<script type=\"application\/ld+json\" class=\"yoast-schema-graph\">{\"@context\":\"https:\\\/\\\/schema.org\",\"@graph\":[{\"@type\":\"WebPage\",\"@id\":\"https:\\\/\\\/edmpco.com\\\/fr\\\/product\\\/blumeter-u-series\\\/\",\"url\":\"https:\\\/\\\/edmpco.com\\\/fr\\\/product\\\/blumeter-u-series\\\/\",\"name\":\"BluMeter U Series\",\"isPartOf\":{\"@id\":\"https:\\\/\\\/edmpco.com\\\/#website\"},\"primaryImageOfPage\":{\"@id\":\"https:\\\/\\\/edmpco.com\\\/fr\\\/product\\\/blumeter-u-series\\\/#primaryimage\"},\"image\":{\"@id\":\"https:\\\/\\\/edmpco.com\\\/fr\\\/product\\\/blumeter-u-series\\\/#primaryimage\"},\"thumbnailUrl\":\"https:\\\/\\\/edmpco.com\\\/wp-content\\\/uploads\\\/2026\\\/03\\\/WhatsApp-Image-2026-03-18-at-8.48.28-AM.jpeg\",\"datePublished\":\"2026-03-18T08:59:57+00:00\",\"dateModified\":\"2026-03-30T04:42:37+00:00\",\"breadcrumb\":{\"@id\":\"https:\\\/\\\/edmpco.com\\\/fr\\\/product\\\/blumeter-u-series\\\/#breadcrumb\"},\"inLanguage\":\"es-ES\",\"potentialAction\":[{\"@type\":\"ReadAction\",\"target\":[\"https:\\\/\\\/edmpco.com\\\/fr\\\/product\\\/blumeter-u-series\\\/\"]}]},{\"@type\":\"ImageObject\",\"inLanguage\":\"es-ES\",\"@id\":\"https:\\\/\\\/edmpco.com\\\/fr\\\/product\\\/blumeter-u-series\\\/#primaryimage\",\"url\":\"https:\\\/\\\/edmpco.com\\\/wp-content\\\/uploads\\\/2026\\\/03\\\/WhatsApp-Image-2026-03-18-at-8.48.28-AM.jpeg\",\"contentUrl\":\"https:\\\/\\\/edmpco.com\\\/wp-content\\\/uploads\\\/2026\\\/03\\\/WhatsApp-Image-2026-03-18-at-8.48.28-AM.jpeg\",\"width\":853,\"height\":1280},{\"@type\":\"BreadcrumbList\",\"@id\":\"https:\\\/\\\/edmpco.com\\\/fr\\\/product\\\/blumeter-u-series\\\/#breadcrumb\",\"itemListElement\":[{\"@type\":\"ListItem\",\"position\":1,\"name\":\"Home\",\"item\":\"https:\\\/\\\/edmpco.com\\\/\"},{\"@type\":\"ListItem\",\"position\":2,\"name\":\"Shop\",\"item\":\"https:\\\/\\\/edmpco.com\\\/shop\\\/\"},{\"@type\":\"ListItem\",\"position\":3,\"name\":\"BluMeter U Series\"}]},{\"@type\":\"WebSite\",\"@id\":\"https:\\\/\\\/edmpco.com\\\/#website\",\"url\":\"https:\\\/\\\/edmpco.com\\\/\",\"name\":\"Edmpco\",\"description\":\"Engineering, Design, Management & Planning | Product Show\",\"publisher\":{\"@id\":\"https:\\\/\\\/edmpco.com\\\/#organization\"},\"potentialAction\":[{\"@type\":\"SearchAction\",\"target\":{\"@type\":\"EntryPoint\",\"urlTemplate\":\"https:\\\/\\\/edmpco.com\\\/?s={search_term_string}\"},\"query-input\":{\"@type\":\"PropertyValueSpecification\",\"valueRequired\":true,\"valueName\":\"search_term_string\"}}],\"inLanguage\":\"es-ES\"},{\"@type\":\"Organization\",\"@id\":\"https:\\\/\\\/edmpco.com\\\/#organization\",\"name\":\"Edmpco\",\"url\":\"https:\\\/\\\/edmpco.com\\\/\",\"logo\":{\"@type\":\"ImageObject\",\"inLanguage\":\"es-ES\",\"@id\":\"https:\\\/\\\/edmpco.com\\\/#\\\/schema\\\/logo\\\/image\\\/\",\"url\":\"https:\\\/\\\/edmpco.com\\\/wp-content\\\/uploads\\\/2025\\\/10\\\/EDMP.svg\",\"contentUrl\":\"https:\\\/\\\/edmpco.com\\\/wp-content\\\/uploads\\\/2025\\\/10\\\/EDMP.svg\",\"width\":350,\"height\":105,\"caption\":\"Edmpco\"},\"image\":{\"@id\":\"https:\\\/\\\/edmpco.com\\\/#\\\/schema\\\/logo\\\/image\\\/\"}}]}<\/script>\n<!-- \/ Yoast SEO plugin. -->","yoast_head_json":{"title":"BluMeter U Series","robots":{"index":"index","follow":"follow","max-snippet":"max-snippet:-1","max-image-preview":"max-image-preview:large","max-video-preview":"max-video-preview:-1"},"canonical":"https:\/\/edmpco.com\/es\/product\/blumeter-u-series\/","og_locale":"es_ES","og_type":"article","og_title":"[:en]BluMeter U Series[:es]BluMeter U Series[:fr]BluMeter U Series[:] - Edmpco","og_description":"BluMeter U-Series es un medidor de agua ultras\u00f3nico est\u00e1tico dise\u00f1ado para aplicaciones dom\u00e9sticas y comerciales de agua potable fr\u00eda, ofreciendo mediciones fiables y precisas incluso en condiciones de red exigentes. Con un rango de medici\u00f3n ampliado y alta sensibilidad a bajos caudales, la serie BluMeter U permite a las empresas de servicios capturar una amplia variedad de patrones de consumo, ayudando a reducir el agua no contabilizada y mejorar la precisi\u00f3n de la facturaci\u00f3n. El medidor utiliza tecnolog\u00eda avanzada de medici\u00f3n ultras\u00f3nica con un dise\u00f1o totalmente s\u00f3lido y sin partes mec\u00e1nicas m\u00f3viles. Esto garantiza una excelente estabilidad a largo plazo, alta resistencia a interferencias y una precisi\u00f3n de medici\u00f3n constante durante toda la vida \u00fatil del medidor. Como resultado, se minimizan los requisitos de mantenimiento mientras se maximiza la fiabilidad operativa.   Ficha informativa","og_url":"https:\/\/edmpco.com\/es\/product\/blumeter-u-series\/","og_site_name":"Edmpco","article_modified_time":"2026-03-30T04:42:37+00:00","og_image":[{"width":853,"height":1280,"url":"https:\/\/edmpco.com\/wp-content\/uploads\/2026\/03\/WhatsApp-Image-2026-03-18-at-8.48.28-AM.jpeg","type":"image\/jpeg"}],"twitter_card":"summary_large_image","twitter_misc":{"Tiempo de lectura":"1 minuto"},"schema":{"@context":"https:\/\/schema.org","@graph":[{"@type":"WebPage","@id":"https:\/\/edmpco.com\/fr\/product\/blumeter-u-series\/","url":"https:\/\/edmpco.com\/fr\/product\/blumeter-u-series\/","name":"BluMeter U Series","isPartOf":{"@id":"https:\/\/edmpco.com\/#website"},"primaryImageOfPage":{"@id":"https:\/\/edmpco.com\/fr\/product\/blumeter-u-series\/#primaryimage"},"image":{"@id":"https:\/\/edmpco.com\/fr\/product\/blumeter-u-series\/#primaryimage"},"thumbnailUrl":"https:\/\/edmpco.com\/wp-content\/uploads\/2026\/03\/WhatsApp-Image-2026-03-18-at-8.48.28-AM.jpeg","datePublished":"2026-03-18T08:59:57+00:00","dateModified":"2026-03-30T04:42:37+00:00","breadcrumb":{"@id":"https:\/\/edmpco.com\/fr\/product\/blumeter-u-series\/#breadcrumb"},"inLanguage":"es-ES","potentialAction":[{"@type":"ReadAction","target":["https:\/\/edmpco.com\/fr\/product\/blumeter-u-series\/"]}]},{"@type":"ImageObject","inLanguage":"es-ES","@id":"https:\/\/edmpco.com\/fr\/product\/blumeter-u-series\/#primaryimage","url":"https:\/\/edmpco.com\/wp-content\/uploads\/2026\/03\/WhatsApp-Image-2026-03-18-at-8.48.28-AM.jpeg","contentUrl":"https:\/\/edmpco.com\/wp-content\/uploads\/2026\/03\/WhatsApp-Image-2026-03-18-at-8.48.28-AM.jpeg","width":853,"height":1280},{"@type":"BreadcrumbList","@id":"https:\/\/edmpco.com\/fr\/product\/blumeter-u-series\/#breadcrumb","itemListElement":[{"@type":"ListItem","position":1,"name":"Home","item":"https:\/\/edmpco.com\/"},{"@type":"ListItem","position":2,"name":"Shop","item":"https:\/\/edmpco.com\/shop\/"},{"@type":"ListItem","position":3,"name":"BluMeter U Series"}]},{"@type":"WebSite","@id":"https:\/\/edmpco.com\/#website","url":"https:\/\/edmpco.com\/","name":"Edmpco","description":"Engineering, Design, Management & Planning | Product Show","publisher":{"@id":"https:\/\/edmpco.com\/#organization"},"potentialAction":[{"@type":"SearchAction","target":{"@type":"EntryPoint","urlTemplate":"https:\/\/edmpco.com\/?s={search_term_string}"},"query-input":{"@type":"PropertyValueSpecification","valueRequired":true,"valueName":"search_term_string"}}],"inLanguage":"es-ES"},{"@type":"Organization","@id":"https:\/\/edmpco.com\/#organization","name":"Edmpco","url":"https:\/\/edmpco.com\/","logo":{"@type":"ImageObject","inLanguage":"es-ES","@id":"https:\/\/edmpco.com\/#\/schema\/logo\/image\/","url":"https:\/\/edmpco.com\/wp-content\/uploads\/2025\/10\/EDMP.svg","contentUrl":"https:\/\/edmpco.com\/wp-content\/uploads\/2025\/10\/EDMP.svg","width":350,"height":105,"caption":"Edmpco"},"image":{"@id":"https:\/\/edmpco.com\/#\/schema\/logo\/image\/"}}]}},"_links":{"self":[{"href":"https:\/\/edmpco.com\/es\/wp-json\/wp\/v2\/product\/7442","targetHints":{"allow":["GET"]}}],"collection":[{"href":"https:\/\/edmpco.com\/es\/wp-json\/wp\/v2\/product"}],"about":[{"href":"https:\/\/edmpco.com\/es\/wp-json\/wp\/v2\/types\/product"}],"replies":[{"embeddable":true,"href":"https:\/\/edmpco.com\/es\/wp-json\/wp\/v2\/comments?post=7442"}],"wp:featuredmedia":[{"embeddable":true,"href":"https:\/\/edmpco.com\/es\/wp-json\/wp\/v2\/media\/7443"}],"wp:attachment":[{"href":"https:\/\/edmpco.com\/es\/wp-json\/wp\/v2\/media?parent=7442"}],"wp:term":[{"taxonomy":"product_brand","embeddable":true,"href":"https:\/\/edmpco.com\/es\/wp-json\/wp\/v2\/product_brand?post=7442"},{"taxonomy":"product_cat","embeddable":true,"href":"https:\/\/edmpco.com\/es\/wp-json\/wp\/v2\/product_cat?post=7442"},{"taxonomy":"product_tag","embeddable":true,"href":"https:\/\/edmpco.com\/es\/wp-json\/wp\/v2\/product_tag?post=7442"}],"curies":[{"name":"wp","href":"https:\/\/api.w.org\/{rel}","templated":true}]}}