{"id":5226,"date":"2025-10-28T05:47:22","date_gmt":"2025-10-28T05:47:22","guid":{"rendered":"https:\/\/edmpco.com\/?page_id=5226"},"modified":"2026-03-18T05:37:19","modified_gmt":"2026-03-18T05:37:19","slug":"products","status":"publish","type":"page","link":"https:\/\/edmpco.com\/fr\/products\/","title":{"rendered":"Nos produits"},"content":{"rendered":"\t\t<div data-elementor-type=\"wp-page\" data-elementor-id=\"5226\" class=\"elementor elementor-5226\">\n\t\t\t\t\t\t<section class=\"elementor-section elementor-top-section elementor-element elementor-element-dd247bf ot-traditional elementor-section-boxed elementor-section-height-default elementor-section-height-default\" data-id=\"dd247bf\" data-element_type=\"section\">\n\t\t\t\t\t\t<div class=\"elementor-container elementor-column-gap-default\">\n\t\t\t\t\t<div class=\"elementor-column elementor-col-100 elementor-top-column elementor-element elementor-element-1f4e0cb ot-flex-column-vertical\" data-id=\"1f4e0cb\" data-element_type=\"column\">\n\t\t\t<div class=\"elementor-widget-wrap elementor-element-populated\">\n\t\t\t\t\t\t<div class=\"elementor-element elementor-element-cd09ac1 elementor-widget elementor-widget-iheading\" data-id=\"cd09ac1\" data-element_type=\"widget\" data-widget_type=\"iheading.default\">\n\t\t\t\t<div class=\"elementor-widget-container\">\n\t\t\t\t\t\t\t<div class=\"ot-heading\">\r\n\t        \t            <span>\/\/ Nos produits<\/span>\r\n\t        <h2 class=\"main-heading\">Nos produits<\/h2>\t    <\/div>\r\n\t    \t\t\t\t<\/div>\n\t\t\t\t<\/div>\n\t\t\t\t<div class=\"elementor-element elementor-element-27b73fe elementor-widget elementor-widget-text-editor\" data-id=\"27b73fe\" data-element_type=\"widget\" data-widget_type=\"text-editor.default\">\n\t\t\t\t\t\t\t\t\t<p style=\"text-align: left;\">En tant qu&rsquo;entreprise travaillant dans le secteur des r\u00e9seaux intelligents et de la gestion intelligente de l&rsquo;\u00e9nergie, EDMP pourrait \u00e9galement envisager de proposer les produits suppl\u00e9mentaires suivants pour compl\u00e9ter votre portefeuille existant et am\u00e9liorer la gamme de solutions fournies aux services publics et aux clients.<\/p>\t\t\t\t\t\t\t\t<\/div>\n\t\t\t\t\t<\/div>\n\t\t<\/div>\n\t\t\t\t\t<\/div>\n\t\t<\/section>\n\t\t<div class=\"elementor-element elementor-element-f3a5def e-flex e-con-boxed e-con e-parent\" data-id=\"f3a5def\" data-element_type=\"container\">\n\t\t\t\t\t<div class=\"e-con-inner\">\n\t\t\t\t<div class=\"elementor-element elementor-element-790547d elementor-widget elementor-widget-html\" data-id=\"790547d\" data-element_type=\"widget\" data-widget_type=\"html.default\">\n\t\t\t\t\t\n\n<div id=\"ymc-smart-filter-container-1\" \r\n\t\t\t\t  class=\"ymc-smart-filter-container ymc-filter-5992 ymc-loaded-filter ymc-no-filter-layout ymc-post-layout1 ymc-pagination-load-more data-target-ymc5992-1 data-target-ymc1 edmp_products\" data-loading=\"true\"\r\n\t\t\t\t  data-params='{\"cpt\":\"product\",\"tax\":\"product_cat\",\"terms\":\"54,51,50,52,49\",\"default_terms\":\"\",\"exclude_posts\":\"off\",\"choices_posts\":\"\",\"posts_selected\":\"all\",\"preloader_icon\":\"preloader_1\",\"type_pg\":\"load-more\",\"per_page\":\"15\",\"page\":\"1\",\"page_scroll\":\"1\",\"preloader_filters\":\"none\",\"preloader_filters_rate\":\"0.5\",\"preloader_filters_custom\":\"\",\"post_animation\":\"\",\"popup_animation\":\"normal\",\"letter\":\"\",\"post_layout\":\"post-layout1\",\"filter_layout\":\"no-filter-layout\",\"filter_id\":\"5992\",\"search\":\"\",\"search_filtered_posts\":\"0\",\"carousel_params\":&quot;&quot;,\"filter_date\":\"\",\"sort_order\":\"\",\"sort_orderby\":\"\",\"meta_key\":\"\",\"meta_query\":\"\",\"date_query\":\"\",\"data_target\":\"data-target-ymc1\",\"target_id\":\"1\",\"page_id\":\"0\"}'><div class=\"container-posts container-post-layout1\"><div class=\"post-entry ymc-xs-col-1 ymc-sm-col-1 ymc-md-col-2 ymc-lg-col-3 ymc-xl-col-3 ymc-xxl-col-3 post-layout1 post-layout1-5992 post-layout1-5992-1\"><\/div><\/div><\/div>\t\t\t\t<\/div>\n\t\t\t\t\t<\/div>\n\t\t\t\t<\/div>\n\t\t\t\t<\/div>\n\t\t","protected":false},"excerpt":{"rendered":"<p>\/\/ Nos produits Nos produits En tant qu&rsquo;entreprise travaillant dans le secteur des r\u00e9seaux intelligents et de la gestion intelligente de l&rsquo;\u00e9nergie, EDMP pourrait \u00e9galement envisager de proposer les produits suppl\u00e9mentaires suivants pour compl\u00e9ter votre portefeuille existant et am\u00e9liorer la gamme de solutions fournies aux services publics et aux clients.<\/p>\n","protected":false},"author":1,"featured_media":0,"parent":0,"menu_order":0,"comment_status":"closed","ping_status":"closed","template":"","meta":{"footnotes":""},"class_list":["post-5226","page","type-page","status-publish","hentry"],"yoast_head":"<!-- This site is optimized with the Yoast SEO plugin v27.4 - https:\/\/yoast.com\/product\/yoast-seo-wordpress\/ -->\n<title>Nos produits<\/title>\n<meta name=\"robots\" content=\"index, follow, max-snippet:-1, max-image-preview:large, max-video-preview:-1\" \/>\n<link rel=\"canonical\" href=\"https:\/\/edmpco.com\/fr\/products\/\" \/>\n<meta property=\"og:locale\" content=\"fr_FR\" \/>\n<meta property=\"og:locale:alternate\" content=\"en_US\" \/>\n<meta property=\"og:locale:alternate\" content=\"es_ES\" \/>\n<meta property=\"og:type\" content=\"article\" \/>\n<meta property=\"og:title\" content=\"Nos produits\" \/>\n<meta property=\"og:description\" content=\"\/\/ Nos produits Nos produits En tant qu&rsquo;entreprise travaillant dans le secteur des r\u00e9seaux intelligents et de la gestion intelligente de l&rsquo;\u00e9nergie, EDMP pourrait \u00e9galement envisager de proposer les produits suppl\u00e9mentaires suivants pour compl\u00e9ter votre portefeuille existant et am\u00e9liorer la gamme de solutions fournies aux services publics et aux clients.\" \/>\n<meta property=\"og:url\" content=\"https:\/\/edmpco.com\/fr\/products\/\" \/>\n<meta property=\"og:site_name\" content=\"Edmpco\" \/>\n<meta property=\"article:modified_time\" content=\"2026-03-18T05:37:19+00:00\" \/>\n<meta name=\"twitter:card\" content=\"summary_large_image\" \/>\n<script type=\"application\/ld+json\" class=\"yoast-schema-graph\">{\"@context\":\"https:\\\/\\\/schema.org\",\"@graph\":[{\"@type\":\"WebPage\",\"@id\":\"https:\\\/\\\/edmpco.com\\\/products\\\/\",\"url\":\"https:\\\/\\\/edmpco.com\\\/products\\\/\",\"name\":\"Nos produits\",\"isPartOf\":{\"@id\":\"https:\\\/\\\/edmpco.com\\\/#website\"},\"datePublished\":\"2025-10-28T05:47:22+00:00\",\"dateModified\":\"2026-03-18T05:37:19+00:00\",\"breadcrumb\":{\"@id\":\"https:\\\/\\\/edmpco.com\\\/products\\\/#breadcrumb\"},\"inLanguage\":\"fr-FR\",\"potentialAction\":[{\"@type\":\"ReadAction\",\"target\":[\"https:\\\/\\\/edmpco.com\\\/products\\\/\"]}]},{\"@type\":\"BreadcrumbList\",\"@id\":\"https:\\\/\\\/edmpco.com\\\/products\\\/#breadcrumb\",\"itemListElement\":[{\"@type\":\"ListItem\",\"position\":1,\"name\":\"Home\",\"item\":\"https:\\\/\\\/edmpco.com\\\/\"},{\"@type\":\"ListItem\",\"position\":2,\"name\":\"Products\"}]},{\"@type\":\"WebSite\",\"@id\":\"https:\\\/\\\/edmpco.com\\\/#website\",\"url\":\"https:\\\/\\\/edmpco.com\\\/\",\"name\":\"Edmpco\",\"description\":\"Engineering, Design, Management & Planning | Product Show\",\"publisher\":{\"@id\":\"https:\\\/\\\/edmpco.com\\\/#organization\"},\"potentialAction\":[{\"@type\":\"SearchAction\",\"target\":{\"@type\":\"EntryPoint\",\"urlTemplate\":\"https:\\\/\\\/edmpco.com\\\/?s={search_term_string}\"},\"query-input\":{\"@type\":\"PropertyValueSpecification\",\"valueRequired\":true,\"valueName\":\"search_term_string\"}}],\"inLanguage\":\"fr-FR\"},{\"@type\":\"Organization\",\"@id\":\"https:\\\/\\\/edmpco.com\\\/#organization\",\"name\":\"Edmpco\",\"url\":\"https:\\\/\\\/edmpco.com\\\/\",\"logo\":{\"@type\":\"ImageObject\",\"inLanguage\":\"fr-FR\",\"@id\":\"https:\\\/\\\/edmpco.com\\\/#\\\/schema\\\/logo\\\/image\\\/\",\"url\":\"https:\\\/\\\/edmpco.com\\\/wp-content\\\/uploads\\\/2025\\\/10\\\/EDMP.svg\",\"contentUrl\":\"https:\\\/\\\/edmpco.com\\\/wp-content\\\/uploads\\\/2025\\\/10\\\/EDMP.svg\",\"width\":350,\"height\":105,\"caption\":\"Edmpco\"},\"image\":{\"@id\":\"https:\\\/\\\/edmpco.com\\\/#\\\/schema\\\/logo\\\/image\\\/\"}}]}<\/script>\n<!-- \/ Yoast SEO plugin. -->","yoast_head_json":{"title":"Nos produits","robots":{"index":"index","follow":"follow","max-snippet":"max-snippet:-1","max-image-preview":"max-image-preview:large","max-video-preview":"max-video-preview:-1"},"canonical":"https:\/\/edmpco.com\/fr\/products\/","og_locale":"fr_FR","og_type":"article","og_title":"[:en]Products[:es]Productos[:fr]Nos produits[:] - Edmpco","og_description":"\/\/ Nos produits Nos produits En tant qu&rsquo;entreprise travaillant dans le secteur des r\u00e9seaux intelligents et de la gestion intelligente de l&rsquo;\u00e9nergie, EDMP pourrait \u00e9galement envisager de proposer les produits suppl\u00e9mentaires suivants pour compl\u00e9ter votre portefeuille existant et am\u00e9liorer la gamme de solutions fournies aux services publics et aux clients.","og_url":"https:\/\/edmpco.com\/fr\/products\/","og_site_name":"Edmpco","article_modified_time":"2026-03-18T05:37:19+00:00","twitter_card":"summary_large_image","schema":{"@context":"https:\/\/schema.org","@graph":[{"@type":"WebPage","@id":"https:\/\/edmpco.com\/products\/","url":"https:\/\/edmpco.com\/products\/","name":"Nos produits","isPartOf":{"@id":"https:\/\/edmpco.com\/#website"},"datePublished":"2025-10-28T05:47:22+00:00","dateModified":"2026-03-18T05:37:19+00:00","breadcrumb":{"@id":"https:\/\/edmpco.com\/products\/#breadcrumb"},"inLanguage":"fr-FR","potentialAction":[{"@type":"ReadAction","target":["https:\/\/edmpco.com\/products\/"]}]},{"@type":"BreadcrumbList","@id":"https:\/\/edmpco.com\/products\/#breadcrumb","itemListElement":[{"@type":"ListItem","position":1,"name":"Home","item":"https:\/\/edmpco.com\/"},{"@type":"ListItem","position":2,"name":"Products"}]},{"@type":"WebSite","@id":"https:\/\/edmpco.com\/#website","url":"https:\/\/edmpco.com\/","name":"Edmpco","description":"Engineering, Design, Management & Planning | Product Show","publisher":{"@id":"https:\/\/edmpco.com\/#organization"},"potentialAction":[{"@type":"SearchAction","target":{"@type":"EntryPoint","urlTemplate":"https:\/\/edmpco.com\/?s={search_term_string}"},"query-input":{"@type":"PropertyValueSpecification","valueRequired":true,"valueName":"search_term_string"}}],"inLanguage":"fr-FR"},{"@type":"Organization","@id":"https:\/\/edmpco.com\/#organization","name":"Edmpco","url":"https:\/\/edmpco.com\/","logo":{"@type":"ImageObject","inLanguage":"fr-FR","@id":"https:\/\/edmpco.com\/#\/schema\/logo\/image\/","url":"https:\/\/edmpco.com\/wp-content\/uploads\/2025\/10\/EDMP.svg","contentUrl":"https:\/\/edmpco.com\/wp-content\/uploads\/2025\/10\/EDMP.svg","width":350,"height":105,"caption":"Edmpco"},"image":{"@id":"https:\/\/edmpco.com\/#\/schema\/logo\/image\/"}}]}},"rttpg_featured_image_url":null,"rttpg_author":{"display_name":"EDMP","author_link":"https:\/\/edmpco.com\/fr\/author\/administrator\/"},"rttpg_comment":0,"rttpg_category":null,"rttpg_excerpt":"\/\/ Nos produits Nos produits En tant qu&rsquo;entreprise travaillant dans le secteur des r\u00e9seaux intelligents et de la gestion intelligente de l&rsquo;\u00e9nergie, EDMP pourrait \u00e9galement envisager de proposer les produits suppl\u00e9mentaires suivants pour compl\u00e9ter votre portefeuille existant et am\u00e9liorer la gamme de solutions fournies aux services publics et aux clients.","_links":{"self":[{"href":"https:\/\/edmpco.com\/fr\/wp-json\/wp\/v2\/pages\/5226","targetHints":{"allow":["GET"]}}],"collection":[{"href":"https:\/\/edmpco.com\/fr\/wp-json\/wp\/v2\/pages"}],"about":[{"href":"https:\/\/edmpco.com\/fr\/wp-json\/wp\/v2\/types\/page"}],"author":[{"embeddable":true,"href":"https:\/\/edmpco.com\/fr\/wp-json\/wp\/v2\/users\/1"}],"replies":[{"embeddable":true,"href":"https:\/\/edmpco.com\/fr\/wp-json\/wp\/v2\/comments?post=5226"}],"version-history":[{"count":112,"href":"https:\/\/edmpco.com\/fr\/wp-json\/wp\/v2\/pages\/5226\/revisions"}],"predecessor-version":[{"id":7431,"href":"https:\/\/edmpco.com\/fr\/wp-json\/wp\/v2\/pages\/5226\/revisions\/7431"}],"wp:attachment":[{"href":"https:\/\/edmpco.com\/fr\/wp-json\/wp\/v2\/media?parent=5226"}],"curies":[{"name":"wp","href":"https:\/\/api.w.org\/{rel}","templated":true}]}}