{"id":5469,"date":"2025-11-01T16:50:25","date_gmt":"2025-11-01T16:50:25","guid":{"rendered":"https:\/\/edmpco.com\/?post_type=product&#038;p=5469"},"modified":"2026-03-18T05:11:08","modified_gmt":"2026-03-18T05:11:08","slug":"magno-22-2","status":"publish","type":"product","link":"https:\/\/edmpco.com\/fr\/product\/magno-22-2\/","title":{"rendered":"Magno 22+"},"content":{"rendered":"<p>Magno 22+ \u2013 Compteur monophas\u00e9 \u00e0 double source avec fonctionnalit\u00e9 \u00e0 double portefeuille<\/p>\n<p>The Magno 22+ is an advanced single-phase dual-source meter designed for residential use, equipped with integrated 100A UC3-compliant relays for efficient remote disconnection and reconnection of electrical services. This feature enables utilities to manage power consumption seamlessly and ensures an optimized process for energy supply management. The Magno 22+ is capable of measuring power consumption from multiple sources, providing utilities with the flexibility to manage and allocate energy efficiently.\tLe Magno 22+ est un compteur monophas\u00e9 bi-source avanc\u00e9 con\u00e7u pour un usage r\u00e9sidentiel, \u00e9quip\u00e9 de relais int\u00e9gr\u00e9s 100A conformes \u00e0 la norme UC3 pour une d\u00e9connexion \u00e0 distance et une reconnexion efficace des services \u00e9lectriques. Cette fonctionnalit\u00e9 permet aux services publics de g\u00e9rer la consommation d&rsquo;\u00e9nergie de mani\u00e8re transparente et garantit un processus optimis\u00e9 de gestion de l&rsquo;approvisionnement en \u00e9nergie. Le Magno 22+ est capable de mesurer la consommation d&rsquo;\u00e9nergie \u00e0 partir de plusieurs sources, ce qui offre aux services publics la flexibilit\u00e9 n\u00e9cessaire pour g\u00e9rer et allouer l&rsquo;\u00e9nergie de mani\u00e8re efficace.<\/p>\n<p>L&rsquo;une des caract\u00e9ristiques les plus remarquables du Magno 22+ est sa fonctionnalit\u00e9 de double portefeuille, qui permet des options de paiement flexibles, y compris des syst\u00e8mes de pr\u00e9paiement. Cette caract\u00e9ristique fait du Magno 22+ une solution id\u00e9ale pour les services publics qui cherchent \u00e0 offrir aux clients plus de contr\u00f4le sur leur consommation d&rsquo;\u00e9nergie et leurs paiements. Qu&rsquo;il soit utilis\u00e9 dans des environnements r\u00e9sidentiels ou commerciaux, le Magno 22+ garantit un haut niveau de pr\u00e9cision, de fiabilit\u00e9 et de commodit\u00e9 pour les utilisateurs, permettant aux consommateurs et aux services publics de mieux g\u00e9rer les ressources \u00e9nerg\u00e9tiques.<\/p>\n<p>Conforme aux normes STS\/CTS et utilisant le protocole ouvert DLMS\/COSEM, le Magno 22+ garantit une int\u00e9gration transparente dans les syst\u00e8mes de services publics existants. Cela garantit qu&rsquo;il peut \u00eatre facilement adopt\u00e9 pour de nouvelles installations ou int\u00e9gr\u00e9 \u00e0 l&rsquo;infrastructure existante, ce qui en fait une solution \u00e0 l&rsquo;\u00e9preuve du temps pour les besoins de comptage r\u00e9sidentiels et commerciaux. Gr\u00e2ce \u00e0 ses fonctionnalit\u00e9s avanc\u00e9es, le Magno 22+ fournit aux services publics les outils n\u00e9cessaires pour am\u00e9liorer l&rsquo;efficacit\u00e9, r\u00e9duire les co\u00fbts d&rsquo;exploitation et accro\u00eetre la satisfaction des clients tout en maintenant un syst\u00e8me de comptage s\u00fbr et fiable.<\/p>\n","protected":false},"excerpt":{"rendered":"<p>Magno 22+ \u2013 Compteur monophas\u00e9 \u00e0 double source avec fonctionnalit\u00e9 \u00e0 double portefeuille<\/p>\n<p>The Magno 22+ is an advanced single-phase dual-source meter designed for residential use, equipped with integrated 100A UC3-compliant relays for efficient remote disconnection and reconnection of electrical services. This feature enables utilities to manage power consumption seamlessly and ensures an optimized process for energy supply management. The Magno 22+ is capable of measuring power consumption from multiple sources, providing utilities with the flexibility to manage and allocate energy efficiently.\tLe Magno 22+ est un compteur monophas\u00e9 bi-source avanc\u00e9 con\u00e7u pour un usage r\u00e9sidentiel, \u00e9quip\u00e9 de relais int\u00e9gr\u00e9s 100A conformes \u00e0 la norme UC3 pour une d\u00e9connexion \u00e0 distance et une reconnexion efficace des services \u00e9lectriques. Cette fonctionnalit\u00e9 permet aux services publics de g\u00e9rer la consommation d&rsquo;\u00e9nergie de mani\u00e8re transparente et garantit un processus optimis\u00e9 de gestion de l&rsquo;approvisionnement en \u00e9nergie. Le Magno 22+ est capable de mesurer la consommation d&rsquo;\u00e9nergie \u00e0 partir de plusieurs sources, ce qui offre aux services publics la flexibilit\u00e9 n\u00e9cessaire pour g\u00e9rer et allouer l&rsquo;\u00e9nergie de mani\u00e8re efficace.<\/p>\n<p>L&rsquo;une des caract\u00e9ristiques les plus remarquables du Magno 22+ est sa fonctionnalit\u00e9 de double portefeuille, qui permet des options de paiement flexibles, y compris des syst\u00e8mes de pr\u00e9paiement. Cette caract\u00e9ristique fait du Magno 22+ une solution id\u00e9ale pour les services publics qui cherchent \u00e0 offrir aux clients plus de contr\u00f4le sur leur consommation d&rsquo;\u00e9nergie et leurs paiements. Qu&rsquo;il soit utilis\u00e9 dans des environnements r\u00e9sidentiels ou commerciaux, le Magno 22+ garantit un haut niveau de pr\u00e9cision, de fiabilit\u00e9 et de commodit\u00e9 pour les utilisateurs, permettant aux consommateurs et aux services publics de mieux g\u00e9rer les ressources \u00e9nerg\u00e9tiques.<\/p>\n<p>Conforme aux normes STS\/CTS et utilisant le protocole ouvert DLMS\/COSEM, le Magno 22+ garantit une int\u00e9gration transparente dans les syst\u00e8mes de services publics existants. Cela garantit qu&rsquo;il peut \u00eatre facilement adopt\u00e9 pour de nouvelles installations ou int\u00e9gr\u00e9 \u00e0 l&rsquo;infrastructure existante, ce qui en fait une solution \u00e0 l&rsquo;\u00e9preuve du temps pour les besoins de comptage r\u00e9sidentiels et commerciaux. Gr\u00e2ce \u00e0 ses fonctionnalit\u00e9s avanc\u00e9es, le Magno 22+ fournit aux services publics les outils n\u00e9cessaires pour am\u00e9liorer l&rsquo;efficacit\u00e9, r\u00e9duire les co\u00fbts d&rsquo;exploitation et accro\u00eetre la satisfaction des clients tout en maintenant un syst\u00e8me de comptage s\u00fbr et fiable.<\/p>\n<p><a class=\"psacp-rdmr-btn\" href=\"https:\/\/edmpco.com\/wp-content\/uploads\/2025\/11\/MAGNO-22Dual-Source-WITHOUT-IDIS.pdf\" target=\"_blank\" rel=\"noopener\">Fiche d&rsquo;information<\/a><\/p>\n","protected":false},"featured_media":6563,"comment_status":"open","ping_status":"closed","template":"","meta":[],"product_brand":[],"product_cat":[15],"product_tag":[],"class_list":{"0":"post-5469","1":"product","2":"type-product","3":"status-publish","4":"has-post-thumbnail","6":"product_cat-electricity-meters","8":"first","9":"instock","10":"shipping-taxable","11":"product-type-simple"},"yoast_head":"<!-- This site is optimized with the Yoast SEO plugin v27.4 - https:\/\/yoast.com\/product\/yoast-seo-wordpress\/ -->\n<title>Magno 22+<\/title>\n<meta name=\"robots\" content=\"index, follow, max-snippet:-1, max-image-preview:large, max-video-preview:-1\" \/>\n<link rel=\"canonical\" href=\"https:\/\/edmpco.com\/fr\/product\/magno-22-2\/\" \/>\n<meta property=\"og:locale\" content=\"fr_FR\" \/>\n<meta property=\"og:locale:alternate\" content=\"en_US\" \/>\n<meta property=\"og:locale:alternate\" content=\"es_ES\" \/>\n<meta property=\"og:type\" content=\"article\" \/>\n<meta property=\"og:title\" content=\"Magno 22+\" \/>\n<meta property=\"og:description\" content=\"Magno 22+ \u2013 Compteur monophas\u00e9 \u00e0 double source avec fonctionnalit\u00e9 \u00e0 double portefeuille  The Magno 22+ is an advanced single-phase dual-source meter designed for residential use, equipped with integrated 100A UC3-compliant relays for efficient remote disconnection and reconnection of electrical services. This feature enables utilities to manage power consumption seamlessly and ensures an optimized process for energy supply management. The Magno 22+ is capable of measuring power consumption from multiple sources, providing utilities with the flexibility to manage and allocate energy efficiently. Le Magno 22+ est un compteur monophas\u00e9 bi-source avanc\u00e9 con\u00e7u pour un usage r\u00e9sidentiel, \u00e9quip\u00e9 de relais int\u00e9gr\u00e9s 100A conformes \u00e0 la norme UC3 pour une d\u00e9connexion \u00e0 distance et une reconnexion efficace des services \u00e9lectriques. Cette fonctionnalit\u00e9 permet aux services publics de g\u00e9rer la consommation d&#039;\u00e9nergie de mani\u00e8re transparente et garantit un processus optimis\u00e9 de gestion de l&#039;approvisionnement en \u00e9nergie. Le Magno 22+ est capable de mesurer la consommation d&#039;\u00e9nergie \u00e0 partir de plusieurs sources, ce qui offre aux services publics la flexibilit\u00e9 n\u00e9cessaire pour g\u00e9rer et allouer l&#039;\u00e9nergie de mani\u00e8re efficace.  L&#039;une des caract\u00e9ristiques les plus remarquables du Magno 22+ est sa fonctionnalit\u00e9 de double portefeuille, qui permet des options de paiement flexibles, y compris des syst\u00e8mes de pr\u00e9paiement. Cette caract\u00e9ristique fait du Magno 22+ une solution id\u00e9ale pour les services publics qui cherchent \u00e0 offrir aux clients plus de contr\u00f4le sur leur consommation d&#039;\u00e9nergie et leurs paiements. Qu&#039;il soit utilis\u00e9 dans des environnements r\u00e9sidentiels ou commerciaux, le Magno 22+ garantit un haut niveau de pr\u00e9cision, de fiabilit\u00e9 et de commodit\u00e9 pour les utilisateurs, permettant aux consommateurs et aux services publics de mieux g\u00e9rer les ressources \u00e9nerg\u00e9tiques.  Conforme aux normes STS\/CTS et utilisant le protocole ouvert DLMS\/COSEM, le Magno 22+ garantit une int\u00e9gration transparente dans les syst\u00e8mes de services publics existants. Cela garantit qu&#039;il peut \u00eatre facilement adopt\u00e9 pour de nouvelles installations ou int\u00e9gr\u00e9 \u00e0 l&#039;infrastructure existante, ce qui en fait une solution \u00e0 l&#039;\u00e9preuve du temps pour les besoins de comptage r\u00e9sidentiels et commerciaux. Gr\u00e2ce \u00e0 ses fonctionnalit\u00e9s avanc\u00e9es, le Magno 22+ fournit aux services publics les outils n\u00e9cessaires pour am\u00e9liorer l&#039;efficacit\u00e9, r\u00e9duire les co\u00fbts d&#039;exploitation et accro\u00eetre la satisfaction des clients tout en maintenant un syst\u00e8me de comptage s\u00fbr et fiable.  Fiche d&#039;information\" \/>\n<meta property=\"og:url\" content=\"https:\/\/edmpco.com\/fr\/product\/magno-22-2\/\" \/>\n<meta property=\"og:site_name\" content=\"Edmpco\" \/>\n<meta property=\"article:modified_time\" content=\"2026-03-18T05:11:08+00:00\" \/>\n<meta property=\"og:image\" content=\"https:\/\/edmpco.com\/wp-content\/uploads\/2025\/11\/Magno-22-2.jpg\" \/>\n\t<meta property=\"og:image:width\" content=\"1458\" \/>\n\t<meta property=\"og:image:height\" content=\"1875\" \/>\n\t<meta property=\"og:image:type\" content=\"image\/jpeg\" \/>\n<meta name=\"twitter:card\" content=\"summary_large_image\" \/>\n<meta name=\"twitter:label1\" content=\"Dur\u00e9e de lecture estim\u00e9e\" \/>\n\t<meta name=\"twitter:data1\" content=\"2 minutes\" \/>\n<script type=\"application\/ld+json\" class=\"yoast-schema-graph\">{\"@context\":\"https:\\\/\\\/schema.org\",\"@graph\":[{\"@type\":\"WebPage\",\"@id\":\"https:\\\/\\\/edmpco.com\\\/fr\\\/product\\\/magno-22-2\\\/\",\"url\":\"https:\\\/\\\/edmpco.com\\\/fr\\\/product\\\/magno-22-2\\\/\",\"name\":\"Magno 22+\",\"isPartOf\":{\"@id\":\"https:\\\/\\\/edmpco.com\\\/#website\"},\"primaryImageOfPage\":{\"@id\":\"https:\\\/\\\/edmpco.com\\\/fr\\\/product\\\/magno-22-2\\\/#primaryimage\"},\"image\":{\"@id\":\"https:\\\/\\\/edmpco.com\\\/fr\\\/product\\\/magno-22-2\\\/#primaryimage\"},\"thumbnailUrl\":\"https:\\\/\\\/edmpco.com\\\/wp-content\\\/uploads\\\/2025\\\/11\\\/Magno-22-2.jpg\",\"datePublished\":\"2025-11-01T16:50:25+00:00\",\"dateModified\":\"2026-03-18T05:11:08+00:00\",\"breadcrumb\":{\"@id\":\"https:\\\/\\\/edmpco.com\\\/fr\\\/product\\\/magno-22-2\\\/#breadcrumb\"},\"inLanguage\":\"fr-FR\",\"potentialAction\":[{\"@type\":\"ReadAction\",\"target\":[\"https:\\\/\\\/edmpco.com\\\/fr\\\/product\\\/magno-22-2\\\/\"]}]},{\"@type\":\"ImageObject\",\"inLanguage\":\"fr-FR\",\"@id\":\"https:\\\/\\\/edmpco.com\\\/fr\\\/product\\\/magno-22-2\\\/#primaryimage\",\"url\":\"https:\\\/\\\/edmpco.com\\\/wp-content\\\/uploads\\\/2025\\\/11\\\/Magno-22-2.jpg\",\"contentUrl\":\"https:\\\/\\\/edmpco.com\\\/wp-content\\\/uploads\\\/2025\\\/11\\\/Magno-22-2.jpg\",\"width\":1458,\"height\":1875},{\"@type\":\"BreadcrumbList\",\"@id\":\"https:\\\/\\\/edmpco.com\\\/fr\\\/product\\\/magno-22-2\\\/#breadcrumb\",\"itemListElement\":[{\"@type\":\"ListItem\",\"position\":1,\"name\":\"Home\",\"item\":\"https:\\\/\\\/edmpco.com\\\/\"},{\"@type\":\"ListItem\",\"position\":2,\"name\":\"Shop\",\"item\":\"https:\\\/\\\/edmpco.com\\\/shop\\\/\"},{\"@type\":\"ListItem\",\"position\":3,\"name\":\"Magno 22+\"}]},{\"@type\":\"WebSite\",\"@id\":\"https:\\\/\\\/edmpco.com\\\/#website\",\"url\":\"https:\\\/\\\/edmpco.com\\\/\",\"name\":\"Edmpco\",\"description\":\"Engineering, Design, Management & Planning | Product Show\",\"publisher\":{\"@id\":\"https:\\\/\\\/edmpco.com\\\/#organization\"},\"potentialAction\":[{\"@type\":\"SearchAction\",\"target\":{\"@type\":\"EntryPoint\",\"urlTemplate\":\"https:\\\/\\\/edmpco.com\\\/?s={search_term_string}\"},\"query-input\":{\"@type\":\"PropertyValueSpecification\",\"valueRequired\":true,\"valueName\":\"search_term_string\"}}],\"inLanguage\":\"fr-FR\"},{\"@type\":\"Organization\",\"@id\":\"https:\\\/\\\/edmpco.com\\\/#organization\",\"name\":\"Edmpco\",\"url\":\"https:\\\/\\\/edmpco.com\\\/\",\"logo\":{\"@type\":\"ImageObject\",\"inLanguage\":\"fr-FR\",\"@id\":\"https:\\\/\\\/edmpco.com\\\/#\\\/schema\\\/logo\\\/image\\\/\",\"url\":\"https:\\\/\\\/edmpco.com\\\/wp-content\\\/uploads\\\/2025\\\/10\\\/EDMP.svg\",\"contentUrl\":\"https:\\\/\\\/edmpco.com\\\/wp-content\\\/uploads\\\/2025\\\/10\\\/EDMP.svg\",\"width\":350,\"height\":105,\"caption\":\"Edmpco\"},\"image\":{\"@id\":\"https:\\\/\\\/edmpco.com\\\/#\\\/schema\\\/logo\\\/image\\\/\"}}]}<\/script>\n<!-- \/ Yoast SEO plugin. -->","yoast_head_json":{"title":"Magno 22+","robots":{"index":"index","follow":"follow","max-snippet":"max-snippet:-1","max-image-preview":"max-image-preview:large","max-video-preview":"max-video-preview:-1"},"canonical":"https:\/\/edmpco.com\/fr\/product\/magno-22-2\/","og_locale":"fr_FR","og_type":"article","og_title":"[:en]Magno 22+[:es]Magno 22+[:fr]Magno 22+[:] - Edmpco","og_description":"Magno 22+ \u2013 Compteur monophas\u00e9 \u00e0 double source avec fonctionnalit\u00e9 \u00e0 double portefeuille  The Magno 22+ is an advanced single-phase dual-source meter designed for residential use, equipped with integrated 100A UC3-compliant relays for efficient remote disconnection and reconnection of electrical services. This feature enables utilities to manage power consumption seamlessly and ensures an optimized process for energy supply management. The Magno 22+ is capable of measuring power consumption from multiple sources, providing utilities with the flexibility to manage and allocate energy efficiently. Le Magno 22+ est un compteur monophas\u00e9 bi-source avanc\u00e9 con\u00e7u pour un usage r\u00e9sidentiel, \u00e9quip\u00e9 de relais int\u00e9gr\u00e9s 100A conformes \u00e0 la norme UC3 pour une d\u00e9connexion \u00e0 distance et une reconnexion efficace des services \u00e9lectriques. Cette fonctionnalit\u00e9 permet aux services publics de g\u00e9rer la consommation d'\u00e9nergie de mani\u00e8re transparente et garantit un processus optimis\u00e9 de gestion de l'approvisionnement en \u00e9nergie. Le Magno 22+ est capable de mesurer la consommation d'\u00e9nergie \u00e0 partir de plusieurs sources, ce qui offre aux services publics la flexibilit\u00e9 n\u00e9cessaire pour g\u00e9rer et allouer l'\u00e9nergie de mani\u00e8re efficace.  L'une des caract\u00e9ristiques les plus remarquables du Magno 22+ est sa fonctionnalit\u00e9 de double portefeuille, qui permet des options de paiement flexibles, y compris des syst\u00e8mes de pr\u00e9paiement. Cette caract\u00e9ristique fait du Magno 22+ une solution id\u00e9ale pour les services publics qui cherchent \u00e0 offrir aux clients plus de contr\u00f4le sur leur consommation d'\u00e9nergie et leurs paiements. Qu'il soit utilis\u00e9 dans des environnements r\u00e9sidentiels ou commerciaux, le Magno 22+ garantit un haut niveau de pr\u00e9cision, de fiabilit\u00e9 et de commodit\u00e9 pour les utilisateurs, permettant aux consommateurs et aux services publics de mieux g\u00e9rer les ressources \u00e9nerg\u00e9tiques.  Conforme aux normes STS\/CTS et utilisant le protocole ouvert DLMS\/COSEM, le Magno 22+ garantit une int\u00e9gration transparente dans les syst\u00e8mes de services publics existants. Cela garantit qu'il peut \u00eatre facilement adopt\u00e9 pour de nouvelles installations ou int\u00e9gr\u00e9 \u00e0 l'infrastructure existante, ce qui en fait une solution \u00e0 l'\u00e9preuve du temps pour les besoins de comptage r\u00e9sidentiels et commerciaux. Gr\u00e2ce \u00e0 ses fonctionnalit\u00e9s avanc\u00e9es, le Magno 22+ fournit aux services publics les outils n\u00e9cessaires pour am\u00e9liorer l'efficacit\u00e9, r\u00e9duire les co\u00fbts d'exploitation et accro\u00eetre la satisfaction des clients tout en maintenant un syst\u00e8me de comptage s\u00fbr et fiable.  Fiche d'information","og_url":"https:\/\/edmpco.com\/fr\/product\/magno-22-2\/","og_site_name":"Edmpco","article_modified_time":"2026-03-18T05:11:08+00:00","og_image":[{"width":1458,"height":1875,"url":"https:\/\/edmpco.com\/wp-content\/uploads\/2025\/11\/Magno-22-2.jpg","type":"image\/jpeg"}],"twitter_card":"summary_large_image","twitter_misc":{"Dur\u00e9e de lecture estim\u00e9e":"2 minutes"},"schema":{"@context":"https:\/\/schema.org","@graph":[{"@type":"WebPage","@id":"https:\/\/edmpco.com\/fr\/product\/magno-22-2\/","url":"https:\/\/edmpco.com\/fr\/product\/magno-22-2\/","name":"Magno 22+","isPartOf":{"@id":"https:\/\/edmpco.com\/#website"},"primaryImageOfPage":{"@id":"https:\/\/edmpco.com\/fr\/product\/magno-22-2\/#primaryimage"},"image":{"@id":"https:\/\/edmpco.com\/fr\/product\/magno-22-2\/#primaryimage"},"thumbnailUrl":"https:\/\/edmpco.com\/wp-content\/uploads\/2025\/11\/Magno-22-2.jpg","datePublished":"2025-11-01T16:50:25+00:00","dateModified":"2026-03-18T05:11:08+00:00","breadcrumb":{"@id":"https:\/\/edmpco.com\/fr\/product\/magno-22-2\/#breadcrumb"},"inLanguage":"fr-FR","potentialAction":[{"@type":"ReadAction","target":["https:\/\/edmpco.com\/fr\/product\/magno-22-2\/"]}]},{"@type":"ImageObject","inLanguage":"fr-FR","@id":"https:\/\/edmpco.com\/fr\/product\/magno-22-2\/#primaryimage","url":"https:\/\/edmpco.com\/wp-content\/uploads\/2025\/11\/Magno-22-2.jpg","contentUrl":"https:\/\/edmpco.com\/wp-content\/uploads\/2025\/11\/Magno-22-2.jpg","width":1458,"height":1875},{"@type":"BreadcrumbList","@id":"https:\/\/edmpco.com\/fr\/product\/magno-22-2\/#breadcrumb","itemListElement":[{"@type":"ListItem","position":1,"name":"Home","item":"https:\/\/edmpco.com\/"},{"@type":"ListItem","position":2,"name":"Shop","item":"https:\/\/edmpco.com\/shop\/"},{"@type":"ListItem","position":3,"name":"Magno 22+"}]},{"@type":"WebSite","@id":"https:\/\/edmpco.com\/#website","url":"https:\/\/edmpco.com\/","name":"Edmpco","description":"Engineering, Design, Management & Planning | Product Show","publisher":{"@id":"https:\/\/edmpco.com\/#organization"},"potentialAction":[{"@type":"SearchAction","target":{"@type":"EntryPoint","urlTemplate":"https:\/\/edmpco.com\/?s={search_term_string}"},"query-input":{"@type":"PropertyValueSpecification","valueRequired":true,"valueName":"search_term_string"}}],"inLanguage":"fr-FR"},{"@type":"Organization","@id":"https:\/\/edmpco.com\/#organization","name":"Edmpco","url":"https:\/\/edmpco.com\/","logo":{"@type":"ImageObject","inLanguage":"fr-FR","@id":"https:\/\/edmpco.com\/#\/schema\/logo\/image\/","url":"https:\/\/edmpco.com\/wp-content\/uploads\/2025\/10\/EDMP.svg","contentUrl":"https:\/\/edmpco.com\/wp-content\/uploads\/2025\/10\/EDMP.svg","width":350,"height":105,"caption":"Edmpco"},"image":{"@id":"https:\/\/edmpco.com\/#\/schema\/logo\/image\/"}}]}},"_links":{"self":[{"href":"https:\/\/edmpco.com\/fr\/wp-json\/wp\/v2\/product\/5469","targetHints":{"allow":["GET"]}}],"collection":[{"href":"https:\/\/edmpco.com\/fr\/wp-json\/wp\/v2\/product"}],"about":[{"href":"https:\/\/edmpco.com\/fr\/wp-json\/wp\/v2\/types\/product"}],"replies":[{"embeddable":true,"href":"https:\/\/edmpco.com\/fr\/wp-json\/wp\/v2\/comments?post=5469"}],"wp:featuredmedia":[{"embeddable":true,"href":"https:\/\/edmpco.com\/fr\/wp-json\/wp\/v2\/media\/6563"}],"wp:attachment":[{"href":"https:\/\/edmpco.com\/fr\/wp-json\/wp\/v2\/media?parent=5469"}],"wp:term":[{"taxonomy":"product_brand","embeddable":true,"href":"https:\/\/edmpco.com\/fr\/wp-json\/wp\/v2\/product_brand?post=5469"},{"taxonomy":"product_cat","embeddable":true,"href":"https:\/\/edmpco.com\/fr\/wp-json\/wp\/v2\/product_cat?post=5469"},{"taxonomy":"product_tag","embeddable":true,"href":"https:\/\/edmpco.com\/fr\/wp-json\/wp\/v2\/product_tag?post=5469"}],"curies":[{"name":"wp","href":"https:\/\/api.w.org\/{rel}","templated":true}]}}