{"id":5472,"date":"2025-11-01T13:59:51","date_gmt":"2025-11-01T13:59:51","guid":{"rendered":"https:\/\/edmpco.com\/?post_type=product&#038;p=5472"},"modified":"2026-03-18T05:26:29","modified_gmt":"2026-03-18T05:26:29","slug":"magno-33-ct-ctvt","status":"publish","type":"product","link":"https:\/\/edmpco.com\/fr\/product\/magno-33-ct-ctvt\/","title":{"rendered":"Magno 33+ CT\/CTVT"},"content":{"rendered":"<p>Magno 33+ CT\/CTVT \u2013 Compteur intelligent triphas\u00e9 \u00e0 double source pour les applications commerciales et industrielles<\/p>\n<p>Le Magno 33+ CT\/CTVT est un compteur intelligent triphas\u00e9 \u00e0 double source avanc\u00e9 con\u00e7u sp\u00e9cifiquement pour la gestion de l&rsquo;\u00e9nergie commerciale et industrielle, ce qui en fait un choix id\u00e9al pour les initiatives d&rsquo;infrastructure de comptage avanc\u00e9e (AMI). Ce compteur offre une fonctionnalit\u00e9 \u00e0 double source, ce qui lui permet de mesurer la consommation d&rsquo;\u00e9nergie \u00e0 partir de plusieurs sources, ce qui offre une flexibilit\u00e9 dans la fa\u00e7on dont l&rsquo;\u00e9nergie est consomm\u00e9e et factur\u00e9e.<\/p>\n<p>\u00c9quip\u00e9 de capacit\u00e9s de pr\u00e9paiement \u00e0 double portefeuille, le Magno 33+ CT\/CTVT prend en charge les options de facturation pr\u00e9pay\u00e9es et post pay\u00e9es, garantissant ainsi une adaptabilit\u00e9 \u00e0 divers besoins commerciaux. Conforme aux normes STS\/CTS, ce compteur garantit une int\u00e9gration sans faille avec les infrastructures existantes tout en maintenant des normes \u00e9lev\u00e9es de gestion de l&rsquo;\u00e9nergie.<\/p>\n<p>En plus d&rsquo;une mesure pr\u00e9cise et fiable de l&rsquo;\u00e9nergie, le Magno 33+ CT\/CTVT int\u00e8gre \u00e9galement des fonctionnalit\u00e9s avanc\u00e9es pour la surveillance de la qualit\u00e9 de l&rsquo;\u00e9nergie, la gestion de la charge et les rapports automatis\u00e9s. Cela am\u00e9liore la capacit\u00e9 des services publics \u00e0 suivre et \u00e0 g\u00e9rer efficacement la consommation d&rsquo;\u00e9nergie, ce qui r\u00e9duit les co\u00fbts d&rsquo;exploitation et am\u00e9liore la prestation de services. Le Magno 33+ CT\/CTVT permet aux entreprises d&rsquo;optimiser la consommation d&rsquo;\u00e9nergie, de maintenir la stabilit\u00e9 du r\u00e9seau et d&rsquo;am\u00e9liorer l&rsquo;efficacit\u00e9 op\u00e9rationnelle, ce qui en fait un outil indispensable pour les syst\u00e8mes \u00e9nerg\u00e9tiques commerciaux et industriels modernes.<\/p>\n","protected":false},"excerpt":{"rendered":"<p>Magno 33+ CT\/CTVT \u2013 Compteur intelligent triphas\u00e9 \u00e0 double source pour les applications commerciales et industrielles<\/p>\n<p>Le Magno 33+ CT\/CTVT est un compteur intelligent triphas\u00e9 \u00e0 double source avanc\u00e9 con\u00e7u sp\u00e9cifiquement pour la gestion de l&rsquo;\u00e9nergie commerciale et industrielle, ce qui en fait un choix id\u00e9al pour les initiatives d&rsquo;infrastructure de comptage avanc\u00e9e (AMI). Ce compteur offre une fonctionnalit\u00e9 \u00e0 double source, ce qui lui permet de mesurer la consommation d&rsquo;\u00e9nergie \u00e0 partir de plusieurs sources, ce qui offre une flexibilit\u00e9 dans la fa\u00e7on dont l&rsquo;\u00e9nergie est consomm\u00e9e et factur\u00e9e.<\/p>\n<p>\u00c9quip\u00e9 de capacit\u00e9s de pr\u00e9paiement \u00e0 double portefeuille, le Magno 33+ CT\/CTVT prend en charge les options de facturation pr\u00e9pay\u00e9es et post pay\u00e9es, garantissant ainsi une adaptabilit\u00e9 \u00e0 divers besoins commerciaux. Conforme aux normes STS\/CTS, ce compteur garantit une int\u00e9gration sans faille avec les infrastructures existantes tout en maintenant des normes \u00e9lev\u00e9es de gestion de l&rsquo;\u00e9nergie.<\/p>\n<p>En plus d&rsquo;une mesure pr\u00e9cise et fiable de l&rsquo;\u00e9nergie, le Magno 33+ CT\/CTVT int\u00e8gre \u00e9galement des fonctionnalit\u00e9s avanc\u00e9es pour la surveillance de la qualit\u00e9 de l&rsquo;\u00e9nergie, la gestion de la charge et les rapports automatis\u00e9s. Cela am\u00e9liore la capacit\u00e9 des services publics \u00e0 suivre et \u00e0 g\u00e9rer efficacement la consommation d&rsquo;\u00e9nergie, ce qui r\u00e9duit les co\u00fbts d&rsquo;exploitation et am\u00e9liore la prestation de services. Le Magno 33+ CT\/CTVT permet aux entreprises d&rsquo;optimiser la consommation d&rsquo;\u00e9nergie, de maintenir la stabilit\u00e9 du r\u00e9seau et d&rsquo;am\u00e9liorer l&rsquo;efficacit\u00e9 op\u00e9rationnelle, ce qui en fait un outil indispensable pour les syst\u00e8mes \u00e9nerg\u00e9tiques commerciaux et industriels modernes.<\/p>\n<p><a class=\"psacp-rdmr-btn\" href=\"https:\/\/edmpco.com\/wp-content\/uploads\/2025\/11\/Magno-33-CT_CTVT-WITHOUT-IDIS.pdf\" target=\"_blank\" rel=\"noopener\">Fiche d&rsquo;information<\/a><\/p>\n","protected":false},"featured_media":6567,"comment_status":"open","ping_status":"closed","template":"","meta":[],"product_brand":[],"product_cat":[15],"product_tag":[],"class_list":{"0":"post-5472","1":"product","2":"type-product","3":"status-publish","4":"has-post-thumbnail","6":"product_cat-electricity-meters","8":"first","9":"instock","10":"shipping-taxable","11":"product-type-simple"},"yoast_head":"<!-- This site is optimized with the Yoast SEO plugin v27.4 - https:\/\/yoast.com\/product\/yoast-seo-wordpress\/ -->\n<title>Magno 33+ CT\/CTVT<\/title>\n<meta name=\"robots\" content=\"index, follow, max-snippet:-1, max-image-preview:large, max-video-preview:-1\" \/>\n<link rel=\"canonical\" href=\"https:\/\/edmpco.com\/fr\/product\/magno-33-ct-ctvt\/\" \/>\n<meta property=\"og:locale\" content=\"fr_FR\" \/>\n<meta property=\"og:locale:alternate\" content=\"en_US\" \/>\n<meta property=\"og:locale:alternate\" content=\"es_ES\" \/>\n<meta property=\"og:type\" content=\"article\" \/>\n<meta property=\"og:title\" content=\"Magno 33+ CT\/CTVT\" \/>\n<meta property=\"og:description\" content=\"Magno 33+ CT\/CTVT \u2013 Compteur intelligent triphas\u00e9 \u00e0 double source pour les applications commerciales et industrielles  Le Magno 33+ CT\/CTVT est un compteur intelligent triphas\u00e9 \u00e0 double source avanc\u00e9 con\u00e7u sp\u00e9cifiquement pour la gestion de l&#039;\u00e9nergie commerciale et industrielle, ce qui en fait un choix id\u00e9al pour les initiatives d&#039;infrastructure de comptage avanc\u00e9e (AMI). Ce compteur offre une fonctionnalit\u00e9 \u00e0 double source, ce qui lui permet de mesurer la consommation d&#039;\u00e9nergie \u00e0 partir de plusieurs sources, ce qui offre une flexibilit\u00e9 dans la fa\u00e7on dont l&#039;\u00e9nergie est consomm\u00e9e et factur\u00e9e.  \u00c9quip\u00e9 de capacit\u00e9s de pr\u00e9paiement \u00e0 double portefeuille, le Magno 33+ CT\/CTVT prend en charge les options de facturation pr\u00e9pay\u00e9es et post pay\u00e9es, garantissant ainsi une adaptabilit\u00e9 \u00e0 divers besoins commerciaux. Conforme aux normes STS\/CTS, ce compteur garantit une int\u00e9gration sans faille avec les infrastructures existantes tout en maintenant des normes \u00e9lev\u00e9es de gestion de l&#039;\u00e9nergie.  En plus d&#039;une mesure pr\u00e9cise et fiable de l&#039;\u00e9nergie, le Magno 33+ CT\/CTVT int\u00e8gre \u00e9galement des fonctionnalit\u00e9s avanc\u00e9es pour la surveillance de la qualit\u00e9 de l&#039;\u00e9nergie, la gestion de la charge et les rapports automatis\u00e9s. Cela am\u00e9liore la capacit\u00e9 des services publics \u00e0 suivre et \u00e0 g\u00e9rer efficacement la consommation d&#039;\u00e9nergie, ce qui r\u00e9duit les co\u00fbts d&#039;exploitation et am\u00e9liore la prestation de services. Le Magno 33+ CT\/CTVT permet aux entreprises d&#039;optimiser la consommation d&#039;\u00e9nergie, de maintenir la stabilit\u00e9 du r\u00e9seau et d&#039;am\u00e9liorer l&#039;efficacit\u00e9 op\u00e9rationnelle, ce qui en fait un outil indispensable pour les syst\u00e8mes \u00e9nerg\u00e9tiques commerciaux et industriels modernes.  Fiche d&#039;information\" \/>\n<meta property=\"og:url\" content=\"https:\/\/edmpco.com\/fr\/product\/magno-33-ct-ctvt\/\" \/>\n<meta property=\"og:site_name\" content=\"Edmpco\" \/>\n<meta property=\"article:modified_time\" content=\"2026-03-18T05:26:29+00:00\" \/>\n<meta property=\"og:image\" content=\"https:\/\/edmpco.com\/wp-content\/uploads\/2025\/11\/Magno-33-CT-CTVT-3.jpg\" \/>\n\t<meta property=\"og:image:width\" content=\"1458\" \/>\n\t<meta property=\"og:image:height\" content=\"1875\" \/>\n\t<meta property=\"og:image:type\" content=\"image\/jpeg\" \/>\n<meta name=\"twitter:card\" content=\"summary_large_image\" \/>\n<meta name=\"twitter:label1\" content=\"Dur\u00e9e de lecture estim\u00e9e\" \/>\n\t<meta name=\"twitter:data1\" content=\"2 minutes\" \/>\n<script type=\"application\/ld+json\" class=\"yoast-schema-graph\">{\"@context\":\"https:\\\/\\\/schema.org\",\"@graph\":[{\"@type\":\"WebPage\",\"@id\":\"https:\\\/\\\/edmpco.com\\\/fr\\\/product\\\/magno-33-ct-ctvt\\\/\",\"url\":\"https:\\\/\\\/edmpco.com\\\/fr\\\/product\\\/magno-33-ct-ctvt\\\/\",\"name\":\"Magno 33+ CT\\\/CTVT\",\"isPartOf\":{\"@id\":\"https:\\\/\\\/edmpco.com\\\/#website\"},\"primaryImageOfPage\":{\"@id\":\"https:\\\/\\\/edmpco.com\\\/fr\\\/product\\\/magno-33-ct-ctvt\\\/#primaryimage\"},\"image\":{\"@id\":\"https:\\\/\\\/edmpco.com\\\/fr\\\/product\\\/magno-33-ct-ctvt\\\/#primaryimage\"},\"thumbnailUrl\":\"https:\\\/\\\/edmpco.com\\\/wp-content\\\/uploads\\\/2025\\\/11\\\/Magno-33-CT-CTVT-3.jpg\",\"datePublished\":\"2025-11-01T13:59:51+00:00\",\"dateModified\":\"2026-03-18T05:26:29+00:00\",\"breadcrumb\":{\"@id\":\"https:\\\/\\\/edmpco.com\\\/fr\\\/product\\\/magno-33-ct-ctvt\\\/#breadcrumb\"},\"inLanguage\":\"fr-FR\",\"potentialAction\":[{\"@type\":\"ReadAction\",\"target\":[\"https:\\\/\\\/edmpco.com\\\/fr\\\/product\\\/magno-33-ct-ctvt\\\/\"]}]},{\"@type\":\"ImageObject\",\"inLanguage\":\"fr-FR\",\"@id\":\"https:\\\/\\\/edmpco.com\\\/fr\\\/product\\\/magno-33-ct-ctvt\\\/#primaryimage\",\"url\":\"https:\\\/\\\/edmpco.com\\\/wp-content\\\/uploads\\\/2025\\\/11\\\/Magno-33-CT-CTVT-3.jpg\",\"contentUrl\":\"https:\\\/\\\/edmpco.com\\\/wp-content\\\/uploads\\\/2025\\\/11\\\/Magno-33-CT-CTVT-3.jpg\",\"width\":1458,\"height\":1875},{\"@type\":\"BreadcrumbList\",\"@id\":\"https:\\\/\\\/edmpco.com\\\/fr\\\/product\\\/magno-33-ct-ctvt\\\/#breadcrumb\",\"itemListElement\":[{\"@type\":\"ListItem\",\"position\":1,\"name\":\"Home\",\"item\":\"https:\\\/\\\/edmpco.com\\\/\"},{\"@type\":\"ListItem\",\"position\":2,\"name\":\"Shop\",\"item\":\"https:\\\/\\\/edmpco.com\\\/shop\\\/\"},{\"@type\":\"ListItem\",\"position\":3,\"name\":\"Magno 33+ CT\\\/CTVT\"}]},{\"@type\":\"WebSite\",\"@id\":\"https:\\\/\\\/edmpco.com\\\/#website\",\"url\":\"https:\\\/\\\/edmpco.com\\\/\",\"name\":\"Edmpco\",\"description\":\"Engineering, Design, Management & Planning | Product Show\",\"publisher\":{\"@id\":\"https:\\\/\\\/edmpco.com\\\/#organization\"},\"potentialAction\":[{\"@type\":\"SearchAction\",\"target\":{\"@type\":\"EntryPoint\",\"urlTemplate\":\"https:\\\/\\\/edmpco.com\\\/?s={search_term_string}\"},\"query-input\":{\"@type\":\"PropertyValueSpecification\",\"valueRequired\":true,\"valueName\":\"search_term_string\"}}],\"inLanguage\":\"fr-FR\"},{\"@type\":\"Organization\",\"@id\":\"https:\\\/\\\/edmpco.com\\\/#organization\",\"name\":\"Edmpco\",\"url\":\"https:\\\/\\\/edmpco.com\\\/\",\"logo\":{\"@type\":\"ImageObject\",\"inLanguage\":\"fr-FR\",\"@id\":\"https:\\\/\\\/edmpco.com\\\/#\\\/schema\\\/logo\\\/image\\\/\",\"url\":\"https:\\\/\\\/edmpco.com\\\/wp-content\\\/uploads\\\/2025\\\/10\\\/EDMP.svg\",\"contentUrl\":\"https:\\\/\\\/edmpco.com\\\/wp-content\\\/uploads\\\/2025\\\/10\\\/EDMP.svg\",\"width\":350,\"height\":105,\"caption\":\"Edmpco\"},\"image\":{\"@id\":\"https:\\\/\\\/edmpco.com\\\/#\\\/schema\\\/logo\\\/image\\\/\"}}]}<\/script>\n<!-- \/ Yoast SEO plugin. -->","yoast_head_json":{"title":"Magno 33+ CT\/CTVT","robots":{"index":"index","follow":"follow","max-snippet":"max-snippet:-1","max-image-preview":"max-image-preview:large","max-video-preview":"max-video-preview:-1"},"canonical":"https:\/\/edmpco.com\/fr\/product\/magno-33-ct-ctvt\/","og_locale":"fr_FR","og_type":"article","og_title":"[:en]Magno 33+ CT\/CTVT[:es]Magno 33+ CT\/CTVT[:fr]Magno 33+ CT\/CTVT[:] - Edmpco","og_description":"Magno 33+ CT\/CTVT \u2013 Compteur intelligent triphas\u00e9 \u00e0 double source pour les applications commerciales et industrielles  Le Magno 33+ CT\/CTVT est un compteur intelligent triphas\u00e9 \u00e0 double source avanc\u00e9 con\u00e7u sp\u00e9cifiquement pour la gestion de l'\u00e9nergie commerciale et industrielle, ce qui en fait un choix id\u00e9al pour les initiatives d'infrastructure de comptage avanc\u00e9e (AMI). Ce compteur offre une fonctionnalit\u00e9 \u00e0 double source, ce qui lui permet de mesurer la consommation d'\u00e9nergie \u00e0 partir de plusieurs sources, ce qui offre une flexibilit\u00e9 dans la fa\u00e7on dont l'\u00e9nergie est consomm\u00e9e et factur\u00e9e.  \u00c9quip\u00e9 de capacit\u00e9s de pr\u00e9paiement \u00e0 double portefeuille, le Magno 33+ CT\/CTVT prend en charge les options de facturation pr\u00e9pay\u00e9es et post pay\u00e9es, garantissant ainsi une adaptabilit\u00e9 \u00e0 divers besoins commerciaux. Conforme aux normes STS\/CTS, ce compteur garantit une int\u00e9gration sans faille avec les infrastructures existantes tout en maintenant des normes \u00e9lev\u00e9es de gestion de l'\u00e9nergie.  En plus d'une mesure pr\u00e9cise et fiable de l'\u00e9nergie, le Magno 33+ CT\/CTVT int\u00e8gre \u00e9galement des fonctionnalit\u00e9s avanc\u00e9es pour la surveillance de la qualit\u00e9 de l'\u00e9nergie, la gestion de la charge et les rapports automatis\u00e9s. Cela am\u00e9liore la capacit\u00e9 des services publics \u00e0 suivre et \u00e0 g\u00e9rer efficacement la consommation d'\u00e9nergie, ce qui r\u00e9duit les co\u00fbts d'exploitation et am\u00e9liore la prestation de services. Le Magno 33+ CT\/CTVT permet aux entreprises d'optimiser la consommation d'\u00e9nergie, de maintenir la stabilit\u00e9 du r\u00e9seau et d'am\u00e9liorer l'efficacit\u00e9 op\u00e9rationnelle, ce qui en fait un outil indispensable pour les syst\u00e8mes \u00e9nerg\u00e9tiques commerciaux et industriels modernes.  Fiche d'information","og_url":"https:\/\/edmpco.com\/fr\/product\/magno-33-ct-ctvt\/","og_site_name":"Edmpco","article_modified_time":"2026-03-18T05:26:29+00:00","og_image":[{"width":1458,"height":1875,"url":"https:\/\/edmpco.com\/wp-content\/uploads\/2025\/11\/Magno-33-CT-CTVT-3.jpg","type":"image\/jpeg"}],"twitter_card":"summary_large_image","twitter_misc":{"Dur\u00e9e de lecture estim\u00e9e":"2 minutes"},"schema":{"@context":"https:\/\/schema.org","@graph":[{"@type":"WebPage","@id":"https:\/\/edmpco.com\/fr\/product\/magno-33-ct-ctvt\/","url":"https:\/\/edmpco.com\/fr\/product\/magno-33-ct-ctvt\/","name":"Magno 33+ CT\/CTVT","isPartOf":{"@id":"https:\/\/edmpco.com\/#website"},"primaryImageOfPage":{"@id":"https:\/\/edmpco.com\/fr\/product\/magno-33-ct-ctvt\/#primaryimage"},"image":{"@id":"https:\/\/edmpco.com\/fr\/product\/magno-33-ct-ctvt\/#primaryimage"},"thumbnailUrl":"https:\/\/edmpco.com\/wp-content\/uploads\/2025\/11\/Magno-33-CT-CTVT-3.jpg","datePublished":"2025-11-01T13:59:51+00:00","dateModified":"2026-03-18T05:26:29+00:00","breadcrumb":{"@id":"https:\/\/edmpco.com\/fr\/product\/magno-33-ct-ctvt\/#breadcrumb"},"inLanguage":"fr-FR","potentialAction":[{"@type":"ReadAction","target":["https:\/\/edmpco.com\/fr\/product\/magno-33-ct-ctvt\/"]}]},{"@type":"ImageObject","inLanguage":"fr-FR","@id":"https:\/\/edmpco.com\/fr\/product\/magno-33-ct-ctvt\/#primaryimage","url":"https:\/\/edmpco.com\/wp-content\/uploads\/2025\/11\/Magno-33-CT-CTVT-3.jpg","contentUrl":"https:\/\/edmpco.com\/wp-content\/uploads\/2025\/11\/Magno-33-CT-CTVT-3.jpg","width":1458,"height":1875},{"@type":"BreadcrumbList","@id":"https:\/\/edmpco.com\/fr\/product\/magno-33-ct-ctvt\/#breadcrumb","itemListElement":[{"@type":"ListItem","position":1,"name":"Home","item":"https:\/\/edmpco.com\/"},{"@type":"ListItem","position":2,"name":"Shop","item":"https:\/\/edmpco.com\/shop\/"},{"@type":"ListItem","position":3,"name":"Magno 33+ CT\/CTVT"}]},{"@type":"WebSite","@id":"https:\/\/edmpco.com\/#website","url":"https:\/\/edmpco.com\/","name":"Edmpco","description":"Engineering, Design, Management & Planning | Product Show","publisher":{"@id":"https:\/\/edmpco.com\/#organization"},"potentialAction":[{"@type":"SearchAction","target":{"@type":"EntryPoint","urlTemplate":"https:\/\/edmpco.com\/?s={search_term_string}"},"query-input":{"@type":"PropertyValueSpecification","valueRequired":true,"valueName":"search_term_string"}}],"inLanguage":"fr-FR"},{"@type":"Organization","@id":"https:\/\/edmpco.com\/#organization","name":"Edmpco","url":"https:\/\/edmpco.com\/","logo":{"@type":"ImageObject","inLanguage":"fr-FR","@id":"https:\/\/edmpco.com\/#\/schema\/logo\/image\/","url":"https:\/\/edmpco.com\/wp-content\/uploads\/2025\/10\/EDMP.svg","contentUrl":"https:\/\/edmpco.com\/wp-content\/uploads\/2025\/10\/EDMP.svg","width":350,"height":105,"caption":"Edmpco"},"image":{"@id":"https:\/\/edmpco.com\/#\/schema\/logo\/image\/"}}]}},"_links":{"self":[{"href":"https:\/\/edmpco.com\/fr\/wp-json\/wp\/v2\/product\/5472","targetHints":{"allow":["GET"]}}],"collection":[{"href":"https:\/\/edmpco.com\/fr\/wp-json\/wp\/v2\/product"}],"about":[{"href":"https:\/\/edmpco.com\/fr\/wp-json\/wp\/v2\/types\/product"}],"replies":[{"embeddable":true,"href":"https:\/\/edmpco.com\/fr\/wp-json\/wp\/v2\/comments?post=5472"}],"wp:featuredmedia":[{"embeddable":true,"href":"https:\/\/edmpco.com\/fr\/wp-json\/wp\/v2\/media\/6567"}],"wp:attachment":[{"href":"https:\/\/edmpco.com\/fr\/wp-json\/wp\/v2\/media?parent=5472"}],"wp:term":[{"taxonomy":"product_brand","embeddable":true,"href":"https:\/\/edmpco.com\/fr\/wp-json\/wp\/v2\/product_brand?post=5472"},{"taxonomy":"product_cat","embeddable":true,"href":"https:\/\/edmpco.com\/fr\/wp-json\/wp\/v2\/product_cat?post=5472"},{"taxonomy":"product_tag","embeddable":true,"href":"https:\/\/edmpco.com\/fr\/wp-json\/wp\/v2\/product_tag?post=5472"}],"curies":[{"name":"wp","href":"https:\/\/api.w.org\/{rel}","templated":true}]}}