{"id":5475,"date":"2025-11-01T15:12:25","date_gmt":"2025-11-01T15:12:25","guid":{"rendered":"https:\/\/edmpco.com\/?post_type=product&#038;p=5475"},"modified":"2026-03-18T05:30:51","modified_gmt":"2026-03-18T05:30:51","slug":"magno-33-dc","status":"publish","type":"product","link":"https:\/\/edmpco.com\/fr\/product\/magno-33-dc\/","title":{"rendered":"Magno 33 DC"},"content":{"rendered":"<div class=\"Y3BBE\" data-sfc-cp=\"\" data-hveid=\"CAEIBhAA\" data-processed=\"true\" data-complete=\"true\">Le Magno 33 est un compteur intelligent triphas\u00e9 \u00e0 connexion directe con\u00e7u pour la gestion de l&rsquo;\u00e9nergie commerciale et industrielle, et prend en charge les initiatives d&rsquo;Infrastructure de Comptage Avanc\u00e9 (AMI). \u00c9quip\u00e9 de fonctions anti-fraude avanc\u00e9es, le Magno 33 aide les services publics \u00e0 prot\u00e9ger leurs revenus en d\u00e9tectant la fraude et en minimisant les pertes en ligne.<\/div>\n<div data-sfc-cp=\"\" data-hveid=\"CAEIBhAA\" data-processed=\"true\" data-complete=\"true\"><\/div>\n<div class=\"Y3BBE\" data-sfc-cp=\"\" data-hveid=\"CAEIBxAA\" data-complete=\"true\" data-processed=\"true\">Ce compteur haute performance est enti\u00e8rement conforme aux normes STS\/CTS pour le comptage pr\u00e9pay\u00e9 et au protocole DLMS\/COSEM, garantissant une compatibilit\u00e9 parfaite avec une large gamme de syst\u00e8mes. Avec ses performances fiables et robustes, le Magno 33 est la solution id\u00e9ale pour les clients r\u00e9sidentiels et commerciaux, offrant une pr\u00e9cision, une s\u00e9curit\u00e9 et une efficacit\u00e9 exceptionnelles dans la gestion de l&rsquo;\u00e9nergie.<\/div>\n","protected":false},"excerpt":{"rendered":"<div class=\"Y3BBE\" data-sfc-cp=\"\" data-hveid=\"CAEIBhAA\" data-processed=\"true\" data-complete=\"true\">Le Magno 33 est un compteur intelligent triphas\u00e9 \u00e0 connexion directe con\u00e7u pour la gestion de l&rsquo;\u00e9nergie commerciale et industrielle, et prend en charge les initiatives d&rsquo;Infrastructure de Comptage Avanc\u00e9 (AMI). \u00c9quip\u00e9 de fonctions anti-fraude avanc\u00e9es, le Magno 33 aide les services publics \u00e0 prot\u00e9ger leurs revenus en d\u00e9tectant la fraude et en minimisant les pertes en ligne.<\/div>\n<div data-sfc-cp=\"\" data-hveid=\"CAEIBhAA\" data-processed=\"true\" data-complete=\"true\"><\/div>\n<div class=\"Y3BBE\" data-sfc-cp=\"\" data-hveid=\"CAEIBxAA\" data-complete=\"true\" data-processed=\"true\">Ce compteur haute performance est enti\u00e8rement conforme aux normes STS\/CTS pour le comptage pr\u00e9pay\u00e9 et au protocole DLMS\/COSEM, garantissant une compatibilit\u00e9 parfaite avec une large gamme de syst\u00e8mes. Avec ses performances fiables et robustes, le Magno 33 est la solution id\u00e9ale pour les clients r\u00e9sidentiels et commerciaux, offrant une pr\u00e9cision, une s\u00e9curit\u00e9 et une efficacit\u00e9 exceptionnelles dans la gestion de l&rsquo;\u00e9nergie.<\/div>\n<div data-sfc-cp=\"\" data-hveid=\"CAEIBxAA\" data-complete=\"true\" data-processed=\"true\"><\/div>\n<p><a class=\"psacp-rdmr-btn\" href=\"https:\/\/edmpco.com\/wp-content\/uploads\/2025\/11\/Magno-33-IDIS-WITHOUT.pdf\" target=\"_blank\" rel=\"noopener\">Fiche d&rsquo;information<\/a><\/p>\n","protected":false},"featured_media":6564,"comment_status":"open","ping_status":"closed","template":"","meta":[],"product_brand":[],"product_cat":[15],"product_tag":[],"class_list":{"0":"post-5475","1":"product","2":"type-product","3":"status-publish","4":"has-post-thumbnail","6":"product_cat-electricity-meters","8":"first","9":"instock","10":"shipping-taxable","11":"product-type-simple"},"yoast_head":"<!-- This site is optimized with the Yoast SEO plugin v27.4 - https:\/\/yoast.com\/product\/yoast-seo-wordpress\/ -->\n<title>Magno 33 DC<\/title>\n<meta name=\"robots\" content=\"index, follow, max-snippet:-1, max-image-preview:large, max-video-preview:-1\" \/>\n<link rel=\"canonical\" href=\"https:\/\/edmpco.com\/fr\/product\/magno-33-dc\/\" \/>\n<meta property=\"og:locale\" content=\"fr_FR\" \/>\n<meta property=\"og:locale:alternate\" content=\"en_US\" \/>\n<meta property=\"og:locale:alternate\" content=\"es_ES\" \/>\n<meta property=\"og:type\" content=\"article\" \/>\n<meta property=\"og:title\" content=\"Magno 33 DC\" \/>\n<meta property=\"og:description\" content=\"Le Magno 33 est un compteur intelligent triphas\u00e9 \u00e0 connexion directe con\u00e7u pour la gestion de l&#039;\u00e9nergie commerciale et industrielle, et prend en charge les initiatives d&#039;Infrastructure de Comptage Avanc\u00e9 (AMI). \u00c9quip\u00e9 de fonctions anti-fraude avanc\u00e9es, le Magno 33 aide les services publics \u00e0 prot\u00e9ger leurs revenus en d\u00e9tectant la fraude et en minimisant les pertes en ligne.  Ce compteur haute performance est enti\u00e8rement conforme aux normes STS\/CTS pour le comptage pr\u00e9pay\u00e9 et au protocole DLMS\/COSEM, garantissant une compatibilit\u00e9 parfaite avec une large gamme de syst\u00e8mes. Avec ses performances fiables et robustes, le Magno 33 est la solution id\u00e9ale pour les clients r\u00e9sidentiels et commerciaux, offrant une pr\u00e9cision, une s\u00e9curit\u00e9 et une efficacit\u00e9 exceptionnelles dans la gestion de l&#039;\u00e9nergie.  Fiche d&#039;information\" \/>\n<meta property=\"og:url\" content=\"https:\/\/edmpco.com\/fr\/product\/magno-33-dc\/\" \/>\n<meta property=\"og:site_name\" content=\"Edmpco\" \/>\n<meta property=\"article:modified_time\" content=\"2026-03-18T05:30:51+00:00\" \/>\n<meta property=\"og:image\" content=\"https:\/\/edmpco.com\/wp-content\/uploads\/2025\/11\/Magno-33-DC-2.jpg\" \/>\n\t<meta property=\"og:image:width\" content=\"1458\" \/>\n\t<meta property=\"og:image:height\" content=\"1875\" \/>\n\t<meta property=\"og:image:type\" content=\"image\/jpeg\" \/>\n<meta name=\"twitter:card\" content=\"summary_large_image\" \/>\n<meta name=\"twitter:label1\" content=\"Dur\u00e9e de lecture estim\u00e9e\" \/>\n\t<meta name=\"twitter:data1\" content=\"1 minute\" \/>\n<script type=\"application\/ld+json\" class=\"yoast-schema-graph\">{\"@context\":\"https:\\\/\\\/schema.org\",\"@graph\":[{\"@type\":\"WebPage\",\"@id\":\"https:\\\/\\\/edmpco.com\\\/fr\\\/product\\\/magno-33-dc\\\/\",\"url\":\"https:\\\/\\\/edmpco.com\\\/fr\\\/product\\\/magno-33-dc\\\/\",\"name\":\"Magno 33 DC\",\"isPartOf\":{\"@id\":\"https:\\\/\\\/edmpco.com\\\/#website\"},\"primaryImageOfPage\":{\"@id\":\"https:\\\/\\\/edmpco.com\\\/fr\\\/product\\\/magno-33-dc\\\/#primaryimage\"},\"image\":{\"@id\":\"https:\\\/\\\/edmpco.com\\\/fr\\\/product\\\/magno-33-dc\\\/#primaryimage\"},\"thumbnailUrl\":\"https:\\\/\\\/edmpco.com\\\/wp-content\\\/uploads\\\/2025\\\/11\\\/Magno-33-DC-2.jpg\",\"datePublished\":\"2025-11-01T15:12:25+00:00\",\"dateModified\":\"2026-03-18T05:30:51+00:00\",\"breadcrumb\":{\"@id\":\"https:\\\/\\\/edmpco.com\\\/fr\\\/product\\\/magno-33-dc\\\/#breadcrumb\"},\"inLanguage\":\"fr-FR\",\"potentialAction\":[{\"@type\":\"ReadAction\",\"target\":[\"https:\\\/\\\/edmpco.com\\\/fr\\\/product\\\/magno-33-dc\\\/\"]}]},{\"@type\":\"ImageObject\",\"inLanguage\":\"fr-FR\",\"@id\":\"https:\\\/\\\/edmpco.com\\\/fr\\\/product\\\/magno-33-dc\\\/#primaryimage\",\"url\":\"https:\\\/\\\/edmpco.com\\\/wp-content\\\/uploads\\\/2025\\\/11\\\/Magno-33-DC-2.jpg\",\"contentUrl\":\"https:\\\/\\\/edmpco.com\\\/wp-content\\\/uploads\\\/2025\\\/11\\\/Magno-33-DC-2.jpg\",\"width\":1458,\"height\":1875},{\"@type\":\"BreadcrumbList\",\"@id\":\"https:\\\/\\\/edmpco.com\\\/fr\\\/product\\\/magno-33-dc\\\/#breadcrumb\",\"itemListElement\":[{\"@type\":\"ListItem\",\"position\":1,\"name\":\"Home\",\"item\":\"https:\\\/\\\/edmpco.com\\\/\"},{\"@type\":\"ListItem\",\"position\":2,\"name\":\"Shop\",\"item\":\"https:\\\/\\\/edmpco.com\\\/shop\\\/\"},{\"@type\":\"ListItem\",\"position\":3,\"name\":\"Magno 33 DC\"}]},{\"@type\":\"WebSite\",\"@id\":\"https:\\\/\\\/edmpco.com\\\/#website\",\"url\":\"https:\\\/\\\/edmpco.com\\\/\",\"name\":\"Edmpco\",\"description\":\"Engineering, Design, Management & Planning | Product Show\",\"publisher\":{\"@id\":\"https:\\\/\\\/edmpco.com\\\/#organization\"},\"potentialAction\":[{\"@type\":\"SearchAction\",\"target\":{\"@type\":\"EntryPoint\",\"urlTemplate\":\"https:\\\/\\\/edmpco.com\\\/?s={search_term_string}\"},\"query-input\":{\"@type\":\"PropertyValueSpecification\",\"valueRequired\":true,\"valueName\":\"search_term_string\"}}],\"inLanguage\":\"fr-FR\"},{\"@type\":\"Organization\",\"@id\":\"https:\\\/\\\/edmpco.com\\\/#organization\",\"name\":\"Edmpco\",\"url\":\"https:\\\/\\\/edmpco.com\\\/\",\"logo\":{\"@type\":\"ImageObject\",\"inLanguage\":\"fr-FR\",\"@id\":\"https:\\\/\\\/edmpco.com\\\/#\\\/schema\\\/logo\\\/image\\\/\",\"url\":\"https:\\\/\\\/edmpco.com\\\/wp-content\\\/uploads\\\/2025\\\/10\\\/EDMP.svg\",\"contentUrl\":\"https:\\\/\\\/edmpco.com\\\/wp-content\\\/uploads\\\/2025\\\/10\\\/EDMP.svg\",\"width\":350,\"height\":105,\"caption\":\"Edmpco\"},\"image\":{\"@id\":\"https:\\\/\\\/edmpco.com\\\/#\\\/schema\\\/logo\\\/image\\\/\"}}]}<\/script>\n<!-- \/ Yoast SEO plugin. -->","yoast_head_json":{"title":"Magno 33 DC","robots":{"index":"index","follow":"follow","max-snippet":"max-snippet:-1","max-image-preview":"max-image-preview:large","max-video-preview":"max-video-preview:-1"},"canonical":"https:\/\/edmpco.com\/fr\/product\/magno-33-dc\/","og_locale":"fr_FR","og_type":"article","og_title":"[:en]Magno 33 DC[:es]Magno 33 DC[:fr]Magno 33 DC[:] - Edmpco","og_description":"Le Magno 33 est un compteur intelligent triphas\u00e9 \u00e0 connexion directe con\u00e7u pour la gestion de l'\u00e9nergie commerciale et industrielle, et prend en charge les initiatives d'Infrastructure de Comptage Avanc\u00e9 (AMI). \u00c9quip\u00e9 de fonctions anti-fraude avanc\u00e9es, le Magno 33 aide les services publics \u00e0 prot\u00e9ger leurs revenus en d\u00e9tectant la fraude et en minimisant les pertes en ligne.  Ce compteur haute performance est enti\u00e8rement conforme aux normes STS\/CTS pour le comptage pr\u00e9pay\u00e9 et au protocole DLMS\/COSEM, garantissant une compatibilit\u00e9 parfaite avec une large gamme de syst\u00e8mes. Avec ses performances fiables et robustes, le Magno 33 est la solution id\u00e9ale pour les clients r\u00e9sidentiels et commerciaux, offrant une pr\u00e9cision, une s\u00e9curit\u00e9 et une efficacit\u00e9 exceptionnelles dans la gestion de l'\u00e9nergie.  Fiche d'information","og_url":"https:\/\/edmpco.com\/fr\/product\/magno-33-dc\/","og_site_name":"Edmpco","article_modified_time":"2026-03-18T05:30:51+00:00","og_image":[{"width":1458,"height":1875,"url":"https:\/\/edmpco.com\/wp-content\/uploads\/2025\/11\/Magno-33-DC-2.jpg","type":"image\/jpeg"}],"twitter_card":"summary_large_image","twitter_misc":{"Dur\u00e9e de lecture estim\u00e9e":"1 minute"},"schema":{"@context":"https:\/\/schema.org","@graph":[{"@type":"WebPage","@id":"https:\/\/edmpco.com\/fr\/product\/magno-33-dc\/","url":"https:\/\/edmpco.com\/fr\/product\/magno-33-dc\/","name":"Magno 33 DC","isPartOf":{"@id":"https:\/\/edmpco.com\/#website"},"primaryImageOfPage":{"@id":"https:\/\/edmpco.com\/fr\/product\/magno-33-dc\/#primaryimage"},"image":{"@id":"https:\/\/edmpco.com\/fr\/product\/magno-33-dc\/#primaryimage"},"thumbnailUrl":"https:\/\/edmpco.com\/wp-content\/uploads\/2025\/11\/Magno-33-DC-2.jpg","datePublished":"2025-11-01T15:12:25+00:00","dateModified":"2026-03-18T05:30:51+00:00","breadcrumb":{"@id":"https:\/\/edmpco.com\/fr\/product\/magno-33-dc\/#breadcrumb"},"inLanguage":"fr-FR","potentialAction":[{"@type":"ReadAction","target":["https:\/\/edmpco.com\/fr\/product\/magno-33-dc\/"]}]},{"@type":"ImageObject","inLanguage":"fr-FR","@id":"https:\/\/edmpco.com\/fr\/product\/magno-33-dc\/#primaryimage","url":"https:\/\/edmpco.com\/wp-content\/uploads\/2025\/11\/Magno-33-DC-2.jpg","contentUrl":"https:\/\/edmpco.com\/wp-content\/uploads\/2025\/11\/Magno-33-DC-2.jpg","width":1458,"height":1875},{"@type":"BreadcrumbList","@id":"https:\/\/edmpco.com\/fr\/product\/magno-33-dc\/#breadcrumb","itemListElement":[{"@type":"ListItem","position":1,"name":"Home","item":"https:\/\/edmpco.com\/"},{"@type":"ListItem","position":2,"name":"Shop","item":"https:\/\/edmpco.com\/shop\/"},{"@type":"ListItem","position":3,"name":"Magno 33 DC"}]},{"@type":"WebSite","@id":"https:\/\/edmpco.com\/#website","url":"https:\/\/edmpco.com\/","name":"Edmpco","description":"Engineering, Design, Management & Planning | Product Show","publisher":{"@id":"https:\/\/edmpco.com\/#organization"},"potentialAction":[{"@type":"SearchAction","target":{"@type":"EntryPoint","urlTemplate":"https:\/\/edmpco.com\/?s={search_term_string}"},"query-input":{"@type":"PropertyValueSpecification","valueRequired":true,"valueName":"search_term_string"}}],"inLanguage":"fr-FR"},{"@type":"Organization","@id":"https:\/\/edmpco.com\/#organization","name":"Edmpco","url":"https:\/\/edmpco.com\/","logo":{"@type":"ImageObject","inLanguage":"fr-FR","@id":"https:\/\/edmpco.com\/#\/schema\/logo\/image\/","url":"https:\/\/edmpco.com\/wp-content\/uploads\/2025\/10\/EDMP.svg","contentUrl":"https:\/\/edmpco.com\/wp-content\/uploads\/2025\/10\/EDMP.svg","width":350,"height":105,"caption":"Edmpco"},"image":{"@id":"https:\/\/edmpco.com\/#\/schema\/logo\/image\/"}}]}},"_links":{"self":[{"href":"https:\/\/edmpco.com\/fr\/wp-json\/wp\/v2\/product\/5475","targetHints":{"allow":["GET"]}}],"collection":[{"href":"https:\/\/edmpco.com\/fr\/wp-json\/wp\/v2\/product"}],"about":[{"href":"https:\/\/edmpco.com\/fr\/wp-json\/wp\/v2\/types\/product"}],"replies":[{"embeddable":true,"href":"https:\/\/edmpco.com\/fr\/wp-json\/wp\/v2\/comments?post=5475"}],"wp:featuredmedia":[{"embeddable":true,"href":"https:\/\/edmpco.com\/fr\/wp-json\/wp\/v2\/media\/6564"}],"wp:attachment":[{"href":"https:\/\/edmpco.com\/fr\/wp-json\/wp\/v2\/media?parent=5475"}],"wp:term":[{"taxonomy":"product_brand","embeddable":true,"href":"https:\/\/edmpco.com\/fr\/wp-json\/wp\/v2\/product_brand?post=5475"},{"taxonomy":"product_cat","embeddable":true,"href":"https:\/\/edmpco.com\/fr\/wp-json\/wp\/v2\/product_cat?post=5475"},{"taxonomy":"product_tag","embeddable":true,"href":"https:\/\/edmpco.com\/fr\/wp-json\/wp\/v2\/product_tag?post=5475"}],"curies":[{"name":"wp","href":"https:\/\/api.w.org\/{rel}","templated":true}]}}