{"id":5478,"date":"2025-11-01T15:11:45","date_gmt":"2025-11-01T15:11:45","guid":{"rendered":"https:\/\/edmpco.com\/?post_type=product&#038;p=5478"},"modified":"2026-03-18T05:23:42","modified_gmt":"2026-03-18T05:23:42","slug":"magno-33-dc-2","status":"publish","type":"product","link":"https:\/\/edmpco.com\/fr\/product\/magno-33-dc-2\/","title":{"rendered":"Magno 33+ DC"},"content":{"rendered":"<div class=\"Y3BBE\" data-sfc-cp=\"\" data-hveid=\"CAEIAhAA\" data-processed=\"true\" data-complete=\"true\">\n<div class=\"Y3BBE\" data-sfc-cp=\"\" data-hveid=\"CAEICBAA\" data-processed=\"true\" data-complete=\"true\">\u00ab\u00a0Magno 33+ \u2013 Compteur Triphas\u00e9 \u00e0 Double Source avec Fonctionnalit\u00e9 de Double Portefeuille (Dual-Wallet)<\/div>\n<div class=\"Y3BBE\" data-sfc-cp=\"\" data-hveid=\"CAEICRAA\" data-processed=\"true\" data-complete=\"true\">Le Magno 33+ DC est un compteur triphas\u00e9 sophistiqu\u00e9 \u00e0 double source con\u00e7u pour les applications r\u00e9sidentielles et commerciales. \u00c9quip\u00e9 de relais conformes \u00e0 100A UC3, il permet la d\u00e9connexion et la reconnexion \u00e0 distance fluides des services \u00e9lectriques. Cette fonctionnalit\u00e9 permet aux services publics de g\u00e9rer la distribution d&rsquo;\u00e9nergie et d&rsquo;assurer un service fiable, en particulier dans les zones o\u00f9 la demande d&rsquo;\u00e9nergie fluctue ou qui disposent de plusieurs sources d&rsquo;alimentation.<\/div>\n<div data-sfc-cp=\"\" data-hveid=\"CAEICRAA\" data-processed=\"true\" data-complete=\"true\"><\/div>\n<div class=\"Y3BBE\" data-sfc-cp=\"\" data-hveid=\"CAEIChAA\" data-processed=\"true\" data-complete=\"true\">Gr\u00e2ce \u00e0 sa capacit\u00e9 \u00e0 mesurer la consommation d&rsquo;\u00e9nergie provenant de plusieurs sources, le Magno 33+ DC offre une flexibilit\u00e9 accrue tant pour les services publics que pour les clients. Sa fonctionnalit\u00e9 de double portefeuille (dual-wallet) prend en charge les syst\u00e8mes de pr\u00e9paiement, offrant aux consommateurs un meilleur contr\u00f4le sur leur consommation d&rsquo;\u00e9nergie et leurs options de paiement. Cela fait du Magno 33+ DC une solution id\u00e9ale pour les syst\u00e8mes \u00e9nerg\u00e9tiques modernes qui n\u00e9cessitent une facturation dynamique et des m\u00e9thodes de paiement flexibles, en particulier dans les zones o\u00f9 le besoin de comptage pr\u00e9pay\u00e9 est \u00e9lev\u00e9.<\/div>\n<div data-sfc-cp=\"\" data-hveid=\"CAEIChAA\" data-processed=\"true\" data-complete=\"true\"><\/div>\n<div class=\"Y3BBE\" data-sfc-cp=\"\" data-hveid=\"CAEICxAA\" data-complete=\"true\" data-processed=\"true\">Le Magno 33+ DC respecte les normes STS\/CTS et utilise le protocole DLMS\/COSEM, garantissant une int\u00e9gration facile avec l&rsquo;infrastructure de services publics existante et une compatibilit\u00e9 avec d&rsquo;autres syst\u00e8mes de comptage intelligents. Sa conception robuste et ses fonctionnalit\u00e9s avanc\u00e9es en font un choix fiable pour les applications r\u00e9sidentielles, commerciales et industrielles. En offrant une mesure de l&rsquo;\u00e9nergie pr\u00e9cise et en temps r\u00e9el, le Magno 33+ DC permet aux services publics d&rsquo;optimiser la distribution des ressources, d&rsquo;am\u00e9liorer la satisfaction des clients et de rationaliser les processus de gestion de l&rsquo;\u00e9nergie.<\/div>\n<\/div>\n","protected":false},"excerpt":{"rendered":"<div class=\"Y3BBE\" data-sfc-cp=\"\" data-hveid=\"CAEICBAA\" data-processed=\"true\" data-complete=\"true\">\u00ab\u00a0Magno 33+ \u2013 Compteur Triphas\u00e9 \u00e0 Double Source avec Fonctionnalit\u00e9 de Double Portefeuille (Dual-Wallet)<\/div>\n<div class=\"Y3BBE\" data-sfc-cp=\"\" data-hveid=\"CAEICRAA\" data-processed=\"true\" data-complete=\"true\">Le Magno 33+ DC est un compteur triphas\u00e9 sophistiqu\u00e9 \u00e0 double source con\u00e7u pour les applications r\u00e9sidentielles et commerciales. \u00c9quip\u00e9 de relais conformes \u00e0 100A UC3, il permet la d\u00e9connexion et la reconnexion \u00e0 distance fluides des services \u00e9lectriques. Cette fonctionnalit\u00e9 permet aux services publics de g\u00e9rer la distribution d&rsquo;\u00e9nergie et d&rsquo;assurer un service fiable, en particulier dans les zones o\u00f9 la demande d&rsquo;\u00e9nergie fluctue ou qui disposent de plusieurs sources d&rsquo;alimentation.<\/div>\n<div data-sfc-cp=\"\" data-hveid=\"CAEICRAA\" data-processed=\"true\" data-complete=\"true\"><\/div>\n<div class=\"Y3BBE\" data-sfc-cp=\"\" data-hveid=\"CAEIChAA\" data-processed=\"true\" data-complete=\"true\">Gr\u00e2ce \u00e0 sa capacit\u00e9 \u00e0 mesurer la consommation d&rsquo;\u00e9nergie provenant de plusieurs sources, le Magno 33+ DC offre une flexibilit\u00e9 accrue tant pour les services publics que pour les clients. Sa fonctionnalit\u00e9 de double portefeuille (dual-wallet) prend en charge les syst\u00e8mes de pr\u00e9paiement, offrant aux consommateurs un meilleur contr\u00f4le sur leur consommation d&rsquo;\u00e9nergie et leurs options de paiement. Cela fait du Magno 33+ DC une solution id\u00e9ale pour les syst\u00e8mes \u00e9nerg\u00e9tiques modernes qui n\u00e9cessitent une facturation dynamique et des m\u00e9thodes de paiement flexibles, en particulier dans les zones o\u00f9 le besoin de comptage pr\u00e9pay\u00e9 est \u00e9lev\u00e9.<\/div>\n<div data-sfc-cp=\"\" data-hveid=\"CAEIChAA\" data-processed=\"true\" data-complete=\"true\"><\/div>\n<div class=\"Y3BBE\" data-sfc-cp=\"\" data-hveid=\"CAEICxAA\" data-complete=\"true\" data-processed=\"true\">Le Magno 33+ DC respecte les normes STS\/CTS et utilise le protocole DLMS\/COSEM, garantissant une int\u00e9gration facile avec l&rsquo;infrastructure de services publics existante et une compatibilit\u00e9 avec d&rsquo;autres syst\u00e8mes de comptage intelligents. Sa conception robuste et ses fonctionnalit\u00e9s avanc\u00e9es en font un choix fiable pour les applications r\u00e9sidentielles, commerciales et industrielles. En offrant une mesure de l&rsquo;\u00e9nergie pr\u00e9cise et en temps r\u00e9el, le Magno 33+ DC permet aux services publics d&rsquo;optimiser la distribution des ressources, d&rsquo;am\u00e9liorer la satisfaction des clients et de rationaliser les processus de gestion de l&rsquo;\u00e9nergie.<\/div>\n<div data-sfc-cp=\"\" data-hveid=\"CAEICxAA\" data-complete=\"true\" data-processed=\"true\"><\/div>\n<p><a class=\"psacp-rdmr-btn\" href=\"https:\/\/edmpco.com\/wp-content\/uploads\/2025\/11\/Magno-33-DCDual-Source-WITHOUT-IDIS.pdf\" target=\"_blank\" rel=\"noopener\">Fiche d&rsquo;information<\/a><\/p>\n","protected":false},"featured_media":6565,"comment_status":"open","ping_status":"closed","template":"","meta":[],"product_brand":[],"product_cat":[15],"product_tag":[],"class_list":{"0":"post-5478","1":"product","2":"type-product","3":"status-publish","4":"has-post-thumbnail","6":"product_cat-electricity-meters","8":"first","9":"instock","10":"shipping-taxable","11":"product-type-simple"},"yoast_head":"<!-- This site is optimized with the Yoast SEO plugin v27.4 - https:\/\/yoast.com\/product\/yoast-seo-wordpress\/ -->\n<title>Magno 33+ DC<\/title>\n<meta name=\"robots\" content=\"index, follow, max-snippet:-1, max-image-preview:large, max-video-preview:-1\" \/>\n<link rel=\"canonical\" href=\"https:\/\/edmpco.com\/fr\/product\/magno-33-dc-2\/\" \/>\n<meta property=\"og:locale\" content=\"fr_FR\" \/>\n<meta property=\"og:locale:alternate\" content=\"en_US\" \/>\n<meta property=\"og:locale:alternate\" content=\"es_ES\" \/>\n<meta property=\"og:type\" content=\"article\" \/>\n<meta property=\"og:title\" content=\"Magno 33+ DC\" \/>\n<meta property=\"og:description\" content=\"&quot;Magno 33+ \u2013 Compteur Triphas\u00e9 \u00e0 Double Source avec Fonctionnalit\u00e9 de Double Portefeuille (Dual-Wallet) Le Magno 33+ DC est un compteur triphas\u00e9 sophistiqu\u00e9 \u00e0 double source con\u00e7u pour les applications r\u00e9sidentielles et commerciales. \u00c9quip\u00e9 de relais conformes \u00e0 100A UC3, il permet la d\u00e9connexion et la reconnexion \u00e0 distance fluides des services \u00e9lectriques. Cette fonctionnalit\u00e9 permet aux services publics de g\u00e9rer la distribution d&#039;\u00e9nergie et d&#039;assurer un service fiable, en particulier dans les zones o\u00f9 la demande d&#039;\u00e9nergie fluctue ou qui disposent de plusieurs sources d&#039;alimentation.  Gr\u00e2ce \u00e0 sa capacit\u00e9 \u00e0 mesurer la consommation d&#039;\u00e9nergie provenant de plusieurs sources, le Magno 33+ DC offre une flexibilit\u00e9 accrue tant pour les services publics que pour les clients. Sa fonctionnalit\u00e9 de double portefeuille (dual-wallet) prend en charge les syst\u00e8mes de pr\u00e9paiement, offrant aux consommateurs un meilleur contr\u00f4le sur leur consommation d&#039;\u00e9nergie et leurs options de paiement. Cela fait du Magno 33+ DC une solution id\u00e9ale pour les syst\u00e8mes \u00e9nerg\u00e9tiques modernes qui n\u00e9cessitent une facturation dynamique et des m\u00e9thodes de paiement flexibles, en particulier dans les zones o\u00f9 le besoin de comptage pr\u00e9pay\u00e9 est \u00e9lev\u00e9.  Le Magno 33+ DC respecte les normes STS\/CTS et utilise le protocole DLMS\/COSEM, garantissant une int\u00e9gration facile avec l&#039;infrastructure de services publics existante et une compatibilit\u00e9 avec d&#039;autres syst\u00e8mes de comptage intelligents. Sa conception robuste et ses fonctionnalit\u00e9s avanc\u00e9es en font un choix fiable pour les applications r\u00e9sidentielles, commerciales et industrielles. En offrant une mesure de l&#039;\u00e9nergie pr\u00e9cise et en temps r\u00e9el, le Magno 33+ DC permet aux services publics d&#039;optimiser la distribution des ressources, d&#039;am\u00e9liorer la satisfaction des clients et de rationaliser les processus de gestion de l&#039;\u00e9nergie.  Fiche d&#039;information\" \/>\n<meta property=\"og:url\" content=\"https:\/\/edmpco.com\/fr\/product\/magno-33-dc-2\/\" \/>\n<meta property=\"og:site_name\" content=\"Edmpco\" \/>\n<meta property=\"article:modified_time\" content=\"2026-03-18T05:23:42+00:00\" \/>\n<meta property=\"og:image\" content=\"https:\/\/edmpco.com\/wp-content\/uploads\/2025\/11\/Magno-33-DC-3.jpg\" \/>\n\t<meta property=\"og:image:width\" content=\"1458\" \/>\n\t<meta property=\"og:image:height\" content=\"1875\" \/>\n\t<meta property=\"og:image:type\" content=\"image\/jpeg\" \/>\n<meta name=\"twitter:card\" content=\"summary_large_image\" \/>\n<meta name=\"twitter:label1\" content=\"Dur\u00e9e de lecture estim\u00e9e\" \/>\n\t<meta name=\"twitter:data1\" content=\"2 minutes\" \/>\n<script type=\"application\/ld+json\" class=\"yoast-schema-graph\">{\"@context\":\"https:\\\/\\\/schema.org\",\"@graph\":[{\"@type\":\"WebPage\",\"@id\":\"https:\\\/\\\/edmpco.com\\\/fr\\\/product\\\/magno-33-dc-2\\\/\",\"url\":\"https:\\\/\\\/edmpco.com\\\/fr\\\/product\\\/magno-33-dc-2\\\/\",\"name\":\"Magno 33+ DC\",\"isPartOf\":{\"@id\":\"https:\\\/\\\/edmpco.com\\\/#website\"},\"primaryImageOfPage\":{\"@id\":\"https:\\\/\\\/edmpco.com\\\/fr\\\/product\\\/magno-33-dc-2\\\/#primaryimage\"},\"image\":{\"@id\":\"https:\\\/\\\/edmpco.com\\\/fr\\\/product\\\/magno-33-dc-2\\\/#primaryimage\"},\"thumbnailUrl\":\"https:\\\/\\\/edmpco.com\\\/wp-content\\\/uploads\\\/2025\\\/11\\\/Magno-33-DC-3.jpg\",\"datePublished\":\"2025-11-01T15:11:45+00:00\",\"dateModified\":\"2026-03-18T05:23:42+00:00\",\"breadcrumb\":{\"@id\":\"https:\\\/\\\/edmpco.com\\\/fr\\\/product\\\/magno-33-dc-2\\\/#breadcrumb\"},\"inLanguage\":\"fr-FR\",\"potentialAction\":[{\"@type\":\"ReadAction\",\"target\":[\"https:\\\/\\\/edmpco.com\\\/fr\\\/product\\\/magno-33-dc-2\\\/\"]}]},{\"@type\":\"ImageObject\",\"inLanguage\":\"fr-FR\",\"@id\":\"https:\\\/\\\/edmpco.com\\\/fr\\\/product\\\/magno-33-dc-2\\\/#primaryimage\",\"url\":\"https:\\\/\\\/edmpco.com\\\/wp-content\\\/uploads\\\/2025\\\/11\\\/Magno-33-DC-3.jpg\",\"contentUrl\":\"https:\\\/\\\/edmpco.com\\\/wp-content\\\/uploads\\\/2025\\\/11\\\/Magno-33-DC-3.jpg\",\"width\":1458,\"height\":1875},{\"@type\":\"BreadcrumbList\",\"@id\":\"https:\\\/\\\/edmpco.com\\\/fr\\\/product\\\/magno-33-dc-2\\\/#breadcrumb\",\"itemListElement\":[{\"@type\":\"ListItem\",\"position\":1,\"name\":\"Home\",\"item\":\"https:\\\/\\\/edmpco.com\\\/\"},{\"@type\":\"ListItem\",\"position\":2,\"name\":\"Shop\",\"item\":\"https:\\\/\\\/edmpco.com\\\/shop\\\/\"},{\"@type\":\"ListItem\",\"position\":3,\"name\":\"Magno 33+ DC\"}]},{\"@type\":\"WebSite\",\"@id\":\"https:\\\/\\\/edmpco.com\\\/#website\",\"url\":\"https:\\\/\\\/edmpco.com\\\/\",\"name\":\"Edmpco\",\"description\":\"Engineering, Design, Management & Planning | Product Show\",\"publisher\":{\"@id\":\"https:\\\/\\\/edmpco.com\\\/#organization\"},\"potentialAction\":[{\"@type\":\"SearchAction\",\"target\":{\"@type\":\"EntryPoint\",\"urlTemplate\":\"https:\\\/\\\/edmpco.com\\\/?s={search_term_string}\"},\"query-input\":{\"@type\":\"PropertyValueSpecification\",\"valueRequired\":true,\"valueName\":\"search_term_string\"}}],\"inLanguage\":\"fr-FR\"},{\"@type\":\"Organization\",\"@id\":\"https:\\\/\\\/edmpco.com\\\/#organization\",\"name\":\"Edmpco\",\"url\":\"https:\\\/\\\/edmpco.com\\\/\",\"logo\":{\"@type\":\"ImageObject\",\"inLanguage\":\"fr-FR\",\"@id\":\"https:\\\/\\\/edmpco.com\\\/#\\\/schema\\\/logo\\\/image\\\/\",\"url\":\"https:\\\/\\\/edmpco.com\\\/wp-content\\\/uploads\\\/2025\\\/10\\\/EDMP.svg\",\"contentUrl\":\"https:\\\/\\\/edmpco.com\\\/wp-content\\\/uploads\\\/2025\\\/10\\\/EDMP.svg\",\"width\":350,\"height\":105,\"caption\":\"Edmpco\"},\"image\":{\"@id\":\"https:\\\/\\\/edmpco.com\\\/#\\\/schema\\\/logo\\\/image\\\/\"}}]}<\/script>\n<!-- \/ Yoast SEO plugin. -->","yoast_head_json":{"title":"Magno 33+ DC","robots":{"index":"index","follow":"follow","max-snippet":"max-snippet:-1","max-image-preview":"max-image-preview:large","max-video-preview":"max-video-preview:-1"},"canonical":"https:\/\/edmpco.com\/fr\/product\/magno-33-dc-2\/","og_locale":"fr_FR","og_type":"article","og_title":"[:en]Magno 33+ DC[:es]Magno 33+ DC[:fr]Magno 33+ DC[:] - Edmpco","og_description":"\"Magno 33+ \u2013 Compteur Triphas\u00e9 \u00e0 Double Source avec Fonctionnalit\u00e9 de Double Portefeuille (Dual-Wallet) Le Magno 33+ DC est un compteur triphas\u00e9 sophistiqu\u00e9 \u00e0 double source con\u00e7u pour les applications r\u00e9sidentielles et commerciales. \u00c9quip\u00e9 de relais conformes \u00e0 100A UC3, il permet la d\u00e9connexion et la reconnexion \u00e0 distance fluides des services \u00e9lectriques. Cette fonctionnalit\u00e9 permet aux services publics de g\u00e9rer la distribution d'\u00e9nergie et d'assurer un service fiable, en particulier dans les zones o\u00f9 la demande d'\u00e9nergie fluctue ou qui disposent de plusieurs sources d'alimentation.  Gr\u00e2ce \u00e0 sa capacit\u00e9 \u00e0 mesurer la consommation d'\u00e9nergie provenant de plusieurs sources, le Magno 33+ DC offre une flexibilit\u00e9 accrue tant pour les services publics que pour les clients. Sa fonctionnalit\u00e9 de double portefeuille (dual-wallet) prend en charge les syst\u00e8mes de pr\u00e9paiement, offrant aux consommateurs un meilleur contr\u00f4le sur leur consommation d'\u00e9nergie et leurs options de paiement. Cela fait du Magno 33+ DC une solution id\u00e9ale pour les syst\u00e8mes \u00e9nerg\u00e9tiques modernes qui n\u00e9cessitent une facturation dynamique et des m\u00e9thodes de paiement flexibles, en particulier dans les zones o\u00f9 le besoin de comptage pr\u00e9pay\u00e9 est \u00e9lev\u00e9.  Le Magno 33+ DC respecte les normes STS\/CTS et utilise le protocole DLMS\/COSEM, garantissant une int\u00e9gration facile avec l'infrastructure de services publics existante et une compatibilit\u00e9 avec d'autres syst\u00e8mes de comptage intelligents. Sa conception robuste et ses fonctionnalit\u00e9s avanc\u00e9es en font un choix fiable pour les applications r\u00e9sidentielles, commerciales et industrielles. En offrant une mesure de l'\u00e9nergie pr\u00e9cise et en temps r\u00e9el, le Magno 33+ DC permet aux services publics d'optimiser la distribution des ressources, d'am\u00e9liorer la satisfaction des clients et de rationaliser les processus de gestion de l'\u00e9nergie.  Fiche d'information","og_url":"https:\/\/edmpco.com\/fr\/product\/magno-33-dc-2\/","og_site_name":"Edmpco","article_modified_time":"2026-03-18T05:23:42+00:00","og_image":[{"width":1458,"height":1875,"url":"https:\/\/edmpco.com\/wp-content\/uploads\/2025\/11\/Magno-33-DC-3.jpg","type":"image\/jpeg"}],"twitter_card":"summary_large_image","twitter_misc":{"Dur\u00e9e de lecture estim\u00e9e":"2 minutes"},"schema":{"@context":"https:\/\/schema.org","@graph":[{"@type":"WebPage","@id":"https:\/\/edmpco.com\/fr\/product\/magno-33-dc-2\/","url":"https:\/\/edmpco.com\/fr\/product\/magno-33-dc-2\/","name":"Magno 33+ DC","isPartOf":{"@id":"https:\/\/edmpco.com\/#website"},"primaryImageOfPage":{"@id":"https:\/\/edmpco.com\/fr\/product\/magno-33-dc-2\/#primaryimage"},"image":{"@id":"https:\/\/edmpco.com\/fr\/product\/magno-33-dc-2\/#primaryimage"},"thumbnailUrl":"https:\/\/edmpco.com\/wp-content\/uploads\/2025\/11\/Magno-33-DC-3.jpg","datePublished":"2025-11-01T15:11:45+00:00","dateModified":"2026-03-18T05:23:42+00:00","breadcrumb":{"@id":"https:\/\/edmpco.com\/fr\/product\/magno-33-dc-2\/#breadcrumb"},"inLanguage":"fr-FR","potentialAction":[{"@type":"ReadAction","target":["https:\/\/edmpco.com\/fr\/product\/magno-33-dc-2\/"]}]},{"@type":"ImageObject","inLanguage":"fr-FR","@id":"https:\/\/edmpco.com\/fr\/product\/magno-33-dc-2\/#primaryimage","url":"https:\/\/edmpco.com\/wp-content\/uploads\/2025\/11\/Magno-33-DC-3.jpg","contentUrl":"https:\/\/edmpco.com\/wp-content\/uploads\/2025\/11\/Magno-33-DC-3.jpg","width":1458,"height":1875},{"@type":"BreadcrumbList","@id":"https:\/\/edmpco.com\/fr\/product\/magno-33-dc-2\/#breadcrumb","itemListElement":[{"@type":"ListItem","position":1,"name":"Home","item":"https:\/\/edmpco.com\/"},{"@type":"ListItem","position":2,"name":"Shop","item":"https:\/\/edmpco.com\/shop\/"},{"@type":"ListItem","position":3,"name":"Magno 33+ DC"}]},{"@type":"WebSite","@id":"https:\/\/edmpco.com\/#website","url":"https:\/\/edmpco.com\/","name":"Edmpco","description":"Engineering, Design, Management & Planning | Product Show","publisher":{"@id":"https:\/\/edmpco.com\/#organization"},"potentialAction":[{"@type":"SearchAction","target":{"@type":"EntryPoint","urlTemplate":"https:\/\/edmpco.com\/?s={search_term_string}"},"query-input":{"@type":"PropertyValueSpecification","valueRequired":true,"valueName":"search_term_string"}}],"inLanguage":"fr-FR"},{"@type":"Organization","@id":"https:\/\/edmpco.com\/#organization","name":"Edmpco","url":"https:\/\/edmpco.com\/","logo":{"@type":"ImageObject","inLanguage":"fr-FR","@id":"https:\/\/edmpco.com\/#\/schema\/logo\/image\/","url":"https:\/\/edmpco.com\/wp-content\/uploads\/2025\/10\/EDMP.svg","contentUrl":"https:\/\/edmpco.com\/wp-content\/uploads\/2025\/10\/EDMP.svg","width":350,"height":105,"caption":"Edmpco"},"image":{"@id":"https:\/\/edmpco.com\/#\/schema\/logo\/image\/"}}]}},"_links":{"self":[{"href":"https:\/\/edmpco.com\/fr\/wp-json\/wp\/v2\/product\/5478","targetHints":{"allow":["GET"]}}],"collection":[{"href":"https:\/\/edmpco.com\/fr\/wp-json\/wp\/v2\/product"}],"about":[{"href":"https:\/\/edmpco.com\/fr\/wp-json\/wp\/v2\/types\/product"}],"replies":[{"embeddable":true,"href":"https:\/\/edmpco.com\/fr\/wp-json\/wp\/v2\/comments?post=5478"}],"wp:featuredmedia":[{"embeddable":true,"href":"https:\/\/edmpco.com\/fr\/wp-json\/wp\/v2\/media\/6565"}],"wp:attachment":[{"href":"https:\/\/edmpco.com\/fr\/wp-json\/wp\/v2\/media?parent=5478"}],"wp:term":[{"taxonomy":"product_brand","embeddable":true,"href":"https:\/\/edmpco.com\/fr\/wp-json\/wp\/v2\/product_brand?post=5478"},{"taxonomy":"product_cat","embeddable":true,"href":"https:\/\/edmpco.com\/fr\/wp-json\/wp\/v2\/product_cat?post=5478"},{"taxonomy":"product_tag","embeddable":true,"href":"https:\/\/edmpco.com\/fr\/wp-json\/wp\/v2\/product_tag?post=5478"}],"curies":[{"name":"wp","href":"https:\/\/api.w.org\/{rel}","templated":true}]}}