{"id":5484,"date":"2025-11-01T14:00:42","date_gmt":"2025-11-01T14:00:42","guid":{"rendered":"https:\/\/edmpco.com\/?post_type=product&#038;p=5484"},"modified":"2026-03-18T05:38:11","modified_gmt":"2026-03-18T05:38:11","slug":"magno-33-ct-ctvt-2","status":"publish","type":"product","link":"https:\/\/edmpco.com\/fr\/product\/magno-33-ct-ctvt-2\/","title":{"rendered":"Magno 33 CT\/CTVT"},"content":{"rendered":"<div class=\"Y3BBE\" data-sfc-cp=\"\" data-hveid=\"CAEIBhAA\" data-processed=\"true\" data-complete=\"true\">Le Magno 33 CT\/CTVT est un compteur intelligent triphas\u00e9 tr\u00e8s polyvalent con\u00e7u sp\u00e9cifiquement pour la gestion de l&rsquo;\u00e9nergie commerciale et industrielle, offrant une solution flexible et \u00e9volutive pour vos initiatives d&rsquo;Infrastructure de Comptage Avanc\u00e9 (AMI). Ce compteur est con\u00e7u pour les applications \u00e0 grande \u00e9chelle o\u00f9 une pr\u00e9cision, une fiabilit\u00e9 et des donn\u00e9es en temps r\u00e9el \u00e9lev\u00e9es sont essentielles \u00e0 une gestion efficace de l&rsquo;\u00e9nergie.<\/div>\n<div data-sfc-cp=\"\" data-hveid=\"CAEIBhAA\" data-processed=\"true\" data-complete=\"true\"><\/div>\n<div class=\"Y3BBE\" data-sfc-cp=\"\" data-hveid=\"CAEIBxAA\" data-complete=\"true\" data-processed=\"true\">Le Magno 33 CT\/CTVT offre des fonctionnalit\u00e9s robustes, notamment une mesure d&rsquo;\u00e9nergie am\u00e9lior\u00e9e, une surveillance de la qualit\u00e9 de l&rsquo;\u00e9nergie, une gestion de la charge et des rapports automatis\u00e9s, garantissant que les entreprises peuvent optimiser leur consommation d&rsquo;\u00e9nergie et am\u00e9liorer leur efficacit\u00e9 op\u00e9rationnelle. De plus, le Magno 33 CT\/CTVT offre la flexibilit\u00e9 de fonctionner de mani\u00e8re transparente dans les syst\u00e8mes de facturation pr\u00e9pay\u00e9s et postpay\u00e9s, offrant aux services publics des solutions adaptables pour r\u00e9pondre aux divers besoins des clients.<\/div>\n","protected":false},"excerpt":{"rendered":"<div class=\"Y3BBE\" data-sfc-cp=\"\" data-hveid=\"CAEIBhAA\" data-processed=\"true\" data-complete=\"true\">Le Magno 33 CT\/CTVT est un compteur intelligent triphas\u00e9 tr\u00e8s polyvalent con\u00e7u sp\u00e9cifiquement pour la gestion de l&rsquo;\u00e9nergie commerciale et industrielle, offrant une solution flexible et \u00e9volutive pour vos initiatives d&rsquo;Infrastructure de Comptage Avanc\u00e9 (AMI). Ce compteur est con\u00e7u pour les applications \u00e0 grande \u00e9chelle o\u00f9 une pr\u00e9cision, une fiabilit\u00e9 et des donn\u00e9es en temps r\u00e9el \u00e9lev\u00e9es sont essentielles \u00e0 une gestion efficace de l&rsquo;\u00e9nergie.<\/div>\n<div data-sfc-cp=\"\" data-hveid=\"CAEIBhAA\" data-processed=\"true\" data-complete=\"true\"><\/div>\n<div class=\"Y3BBE\" data-sfc-cp=\"\" data-hveid=\"CAEIBxAA\" data-complete=\"true\" data-processed=\"true\">Le Magno 33 CT\/CTVT offre des fonctionnalit\u00e9s robustes, notamment une mesure d&rsquo;\u00e9nergie am\u00e9lior\u00e9e, une surveillance de la qualit\u00e9 de l&rsquo;\u00e9nergie, une gestion de la charge et des rapports automatis\u00e9s, garantissant que les entreprises peuvent optimiser leur consommation d&rsquo;\u00e9nergie et am\u00e9liorer leur efficacit\u00e9 op\u00e9rationnelle. De plus, le Magno 33 CT\/CTVT offre la flexibilit\u00e9 de fonctionner de mani\u00e8re transparente dans les syst\u00e8mes de facturation pr\u00e9pay\u00e9s et postpay\u00e9s, offrant aux services publics des solutions adaptables pour r\u00e9pondre aux divers besoins des clients.<\/div>\n<div data-sfc-cp=\"\" data-hveid=\"CAEIBxAA\" data-complete=\"true\" data-processed=\"true\"><\/div>\n<p><a class=\"psacp-rdmr-btn\" href=\"https:\/\/edmpco.com\/wp-content\/uploads\/2025\/11\/MAGNO-33-CTCTVT-IDIS-Removed.pdf\" target=\"_blank\" rel=\"noopener\">Fiche d&rsquo;information<\/a><\/p>\n","protected":false},"featured_media":6566,"comment_status":"open","ping_status":"closed","template":"","meta":[],"product_brand":[],"product_cat":[15],"product_tag":[],"class_list":{"0":"post-5484","1":"product","2":"type-product","3":"status-publish","4":"has-post-thumbnail","6":"product_cat-electricity-meters","8":"first","9":"instock","10":"shipping-taxable","11":"product-type-simple"},"yoast_head":"<!-- This site is optimized with the Yoast SEO plugin v27.4 - https:\/\/yoast.com\/product\/yoast-seo-wordpress\/ -->\n<title>Magno 33 CT\/CTVT<\/title>\n<meta name=\"robots\" content=\"index, follow, max-snippet:-1, max-image-preview:large, max-video-preview:-1\" \/>\n<link rel=\"canonical\" href=\"https:\/\/edmpco.com\/fr\/product\/magno-33-ct-ctvt-2\/\" \/>\n<meta property=\"og:locale\" content=\"fr_FR\" \/>\n<meta property=\"og:locale:alternate\" content=\"en_US\" \/>\n<meta property=\"og:locale:alternate\" content=\"es_ES\" \/>\n<meta property=\"og:type\" content=\"article\" \/>\n<meta property=\"og:title\" content=\"Magno 33 CT\/CTVT\" \/>\n<meta property=\"og:description\" content=\"Le Magno 33 CT\/CTVT est un compteur intelligent triphas\u00e9 tr\u00e8s polyvalent con\u00e7u sp\u00e9cifiquement pour la gestion de l&#039;\u00e9nergie commerciale et industrielle, offrant une solution flexible et \u00e9volutive pour vos initiatives d&#039;Infrastructure de Comptage Avanc\u00e9 (AMI). Ce compteur est con\u00e7u pour les applications \u00e0 grande \u00e9chelle o\u00f9 une pr\u00e9cision, une fiabilit\u00e9 et des donn\u00e9es en temps r\u00e9el \u00e9lev\u00e9es sont essentielles \u00e0 une gestion efficace de l&#039;\u00e9nergie.  Le Magno 33 CT\/CTVT offre des fonctionnalit\u00e9s robustes, notamment une mesure d&#039;\u00e9nergie am\u00e9lior\u00e9e, une surveillance de la qualit\u00e9 de l&#039;\u00e9nergie, une gestion de la charge et des rapports automatis\u00e9s, garantissant que les entreprises peuvent optimiser leur consommation d&#039;\u00e9nergie et am\u00e9liorer leur efficacit\u00e9 op\u00e9rationnelle. De plus, le Magno 33 CT\/CTVT offre la flexibilit\u00e9 de fonctionner de mani\u00e8re transparente dans les syst\u00e8mes de facturation pr\u00e9pay\u00e9s et postpay\u00e9s, offrant aux services publics des solutions adaptables pour r\u00e9pondre aux divers besoins des clients.  Fiche d&#039;information\" \/>\n<meta property=\"og:url\" content=\"https:\/\/edmpco.com\/fr\/product\/magno-33-ct-ctvt-2\/\" \/>\n<meta property=\"og:site_name\" content=\"Edmpco\" \/>\n<meta property=\"article:modified_time\" content=\"2026-03-18T05:38:11+00:00\" \/>\n<meta property=\"og:image\" content=\"https:\/\/edmpco.com\/wp-content\/uploads\/2025\/11\/Magno-33-CT-CTVT-2.jpg\" \/>\n\t<meta property=\"og:image:width\" content=\"1458\" \/>\n\t<meta property=\"og:image:height\" content=\"1875\" \/>\n\t<meta property=\"og:image:type\" content=\"image\/jpeg\" \/>\n<meta name=\"twitter:card\" content=\"summary_large_image\" \/>\n<meta name=\"twitter:label1\" content=\"Dur\u00e9e de lecture estim\u00e9e\" \/>\n\t<meta name=\"twitter:data1\" content=\"1 minute\" \/>\n<script type=\"application\/ld+json\" class=\"yoast-schema-graph\">{\"@context\":\"https:\\\/\\\/schema.org\",\"@graph\":[{\"@type\":\"WebPage\",\"@id\":\"https:\\\/\\\/edmpco.com\\\/fr\\\/product\\\/magno-33-ct-ctvt-2\\\/\",\"url\":\"https:\\\/\\\/edmpco.com\\\/fr\\\/product\\\/magno-33-ct-ctvt-2\\\/\",\"name\":\"Magno 33 CT\\\/CTVT\",\"isPartOf\":{\"@id\":\"https:\\\/\\\/edmpco.com\\\/#website\"},\"primaryImageOfPage\":{\"@id\":\"https:\\\/\\\/edmpco.com\\\/fr\\\/product\\\/magno-33-ct-ctvt-2\\\/#primaryimage\"},\"image\":{\"@id\":\"https:\\\/\\\/edmpco.com\\\/fr\\\/product\\\/magno-33-ct-ctvt-2\\\/#primaryimage\"},\"thumbnailUrl\":\"https:\\\/\\\/edmpco.com\\\/wp-content\\\/uploads\\\/2025\\\/11\\\/Magno-33-CT-CTVT-2.jpg\",\"datePublished\":\"2025-11-01T14:00:42+00:00\",\"dateModified\":\"2026-03-18T05:38:11+00:00\",\"breadcrumb\":{\"@id\":\"https:\\\/\\\/edmpco.com\\\/fr\\\/product\\\/magno-33-ct-ctvt-2\\\/#breadcrumb\"},\"inLanguage\":\"fr-FR\",\"potentialAction\":[{\"@type\":\"ReadAction\",\"target\":[\"https:\\\/\\\/edmpco.com\\\/fr\\\/product\\\/magno-33-ct-ctvt-2\\\/\"]}]},{\"@type\":\"ImageObject\",\"inLanguage\":\"fr-FR\",\"@id\":\"https:\\\/\\\/edmpco.com\\\/fr\\\/product\\\/magno-33-ct-ctvt-2\\\/#primaryimage\",\"url\":\"https:\\\/\\\/edmpco.com\\\/wp-content\\\/uploads\\\/2025\\\/11\\\/Magno-33-CT-CTVT-2.jpg\",\"contentUrl\":\"https:\\\/\\\/edmpco.com\\\/wp-content\\\/uploads\\\/2025\\\/11\\\/Magno-33-CT-CTVT-2.jpg\",\"width\":1458,\"height\":1875},{\"@type\":\"BreadcrumbList\",\"@id\":\"https:\\\/\\\/edmpco.com\\\/fr\\\/product\\\/magno-33-ct-ctvt-2\\\/#breadcrumb\",\"itemListElement\":[{\"@type\":\"ListItem\",\"position\":1,\"name\":\"Home\",\"item\":\"https:\\\/\\\/edmpco.com\\\/\"},{\"@type\":\"ListItem\",\"position\":2,\"name\":\"Shop\",\"item\":\"https:\\\/\\\/edmpco.com\\\/shop\\\/\"},{\"@type\":\"ListItem\",\"position\":3,\"name\":\"Magno 33 CT\\\/CTVT\"}]},{\"@type\":\"WebSite\",\"@id\":\"https:\\\/\\\/edmpco.com\\\/#website\",\"url\":\"https:\\\/\\\/edmpco.com\\\/\",\"name\":\"Edmpco\",\"description\":\"Engineering, Design, Management & Planning | Product Show\",\"publisher\":{\"@id\":\"https:\\\/\\\/edmpco.com\\\/#organization\"},\"potentialAction\":[{\"@type\":\"SearchAction\",\"target\":{\"@type\":\"EntryPoint\",\"urlTemplate\":\"https:\\\/\\\/edmpco.com\\\/?s={search_term_string}\"},\"query-input\":{\"@type\":\"PropertyValueSpecification\",\"valueRequired\":true,\"valueName\":\"search_term_string\"}}],\"inLanguage\":\"fr-FR\"},{\"@type\":\"Organization\",\"@id\":\"https:\\\/\\\/edmpco.com\\\/#organization\",\"name\":\"Edmpco\",\"url\":\"https:\\\/\\\/edmpco.com\\\/\",\"logo\":{\"@type\":\"ImageObject\",\"inLanguage\":\"fr-FR\",\"@id\":\"https:\\\/\\\/edmpco.com\\\/#\\\/schema\\\/logo\\\/image\\\/\",\"url\":\"https:\\\/\\\/edmpco.com\\\/wp-content\\\/uploads\\\/2025\\\/10\\\/EDMP.svg\",\"contentUrl\":\"https:\\\/\\\/edmpco.com\\\/wp-content\\\/uploads\\\/2025\\\/10\\\/EDMP.svg\",\"width\":350,\"height\":105,\"caption\":\"Edmpco\"},\"image\":{\"@id\":\"https:\\\/\\\/edmpco.com\\\/#\\\/schema\\\/logo\\\/image\\\/\"}}]}<\/script>\n<!-- \/ Yoast SEO plugin. -->","yoast_head_json":{"title":"Magno 33 CT\/CTVT","robots":{"index":"index","follow":"follow","max-snippet":"max-snippet:-1","max-image-preview":"max-image-preview:large","max-video-preview":"max-video-preview:-1"},"canonical":"https:\/\/edmpco.com\/fr\/product\/magno-33-ct-ctvt-2\/","og_locale":"fr_FR","og_type":"article","og_title":"[:en]Magno 33 CT\/CTVT[:es]Magno 33 CT\/CTVT[:fr]Magno 33 CT\/CTVT[:] - Edmpco","og_description":"Le Magno 33 CT\/CTVT est un compteur intelligent triphas\u00e9 tr\u00e8s polyvalent con\u00e7u sp\u00e9cifiquement pour la gestion de l'\u00e9nergie commerciale et industrielle, offrant une solution flexible et \u00e9volutive pour vos initiatives d'Infrastructure de Comptage Avanc\u00e9 (AMI). Ce compteur est con\u00e7u pour les applications \u00e0 grande \u00e9chelle o\u00f9 une pr\u00e9cision, une fiabilit\u00e9 et des donn\u00e9es en temps r\u00e9el \u00e9lev\u00e9es sont essentielles \u00e0 une gestion efficace de l'\u00e9nergie.  Le Magno 33 CT\/CTVT offre des fonctionnalit\u00e9s robustes, notamment une mesure d'\u00e9nergie am\u00e9lior\u00e9e, une surveillance de la qualit\u00e9 de l'\u00e9nergie, une gestion de la charge et des rapports automatis\u00e9s, garantissant que les entreprises peuvent optimiser leur consommation d'\u00e9nergie et am\u00e9liorer leur efficacit\u00e9 op\u00e9rationnelle. De plus, le Magno 33 CT\/CTVT offre la flexibilit\u00e9 de fonctionner de mani\u00e8re transparente dans les syst\u00e8mes de facturation pr\u00e9pay\u00e9s et postpay\u00e9s, offrant aux services publics des solutions adaptables pour r\u00e9pondre aux divers besoins des clients.  Fiche d'information","og_url":"https:\/\/edmpco.com\/fr\/product\/magno-33-ct-ctvt-2\/","og_site_name":"Edmpco","article_modified_time":"2026-03-18T05:38:11+00:00","og_image":[{"width":1458,"height":1875,"url":"https:\/\/edmpco.com\/wp-content\/uploads\/2025\/11\/Magno-33-CT-CTVT-2.jpg","type":"image\/jpeg"}],"twitter_card":"summary_large_image","twitter_misc":{"Dur\u00e9e de lecture estim\u00e9e":"1 minute"},"schema":{"@context":"https:\/\/schema.org","@graph":[{"@type":"WebPage","@id":"https:\/\/edmpco.com\/fr\/product\/magno-33-ct-ctvt-2\/","url":"https:\/\/edmpco.com\/fr\/product\/magno-33-ct-ctvt-2\/","name":"Magno 33 CT\/CTVT","isPartOf":{"@id":"https:\/\/edmpco.com\/#website"},"primaryImageOfPage":{"@id":"https:\/\/edmpco.com\/fr\/product\/magno-33-ct-ctvt-2\/#primaryimage"},"image":{"@id":"https:\/\/edmpco.com\/fr\/product\/magno-33-ct-ctvt-2\/#primaryimage"},"thumbnailUrl":"https:\/\/edmpco.com\/wp-content\/uploads\/2025\/11\/Magno-33-CT-CTVT-2.jpg","datePublished":"2025-11-01T14:00:42+00:00","dateModified":"2026-03-18T05:38:11+00:00","breadcrumb":{"@id":"https:\/\/edmpco.com\/fr\/product\/magno-33-ct-ctvt-2\/#breadcrumb"},"inLanguage":"fr-FR","potentialAction":[{"@type":"ReadAction","target":["https:\/\/edmpco.com\/fr\/product\/magno-33-ct-ctvt-2\/"]}]},{"@type":"ImageObject","inLanguage":"fr-FR","@id":"https:\/\/edmpco.com\/fr\/product\/magno-33-ct-ctvt-2\/#primaryimage","url":"https:\/\/edmpco.com\/wp-content\/uploads\/2025\/11\/Magno-33-CT-CTVT-2.jpg","contentUrl":"https:\/\/edmpco.com\/wp-content\/uploads\/2025\/11\/Magno-33-CT-CTVT-2.jpg","width":1458,"height":1875},{"@type":"BreadcrumbList","@id":"https:\/\/edmpco.com\/fr\/product\/magno-33-ct-ctvt-2\/#breadcrumb","itemListElement":[{"@type":"ListItem","position":1,"name":"Home","item":"https:\/\/edmpco.com\/"},{"@type":"ListItem","position":2,"name":"Shop","item":"https:\/\/edmpco.com\/shop\/"},{"@type":"ListItem","position":3,"name":"Magno 33 CT\/CTVT"}]},{"@type":"WebSite","@id":"https:\/\/edmpco.com\/#website","url":"https:\/\/edmpco.com\/","name":"Edmpco","description":"Engineering, Design, Management & Planning | Product Show","publisher":{"@id":"https:\/\/edmpco.com\/#organization"},"potentialAction":[{"@type":"SearchAction","target":{"@type":"EntryPoint","urlTemplate":"https:\/\/edmpco.com\/?s={search_term_string}"},"query-input":{"@type":"PropertyValueSpecification","valueRequired":true,"valueName":"search_term_string"}}],"inLanguage":"fr-FR"},{"@type":"Organization","@id":"https:\/\/edmpco.com\/#organization","name":"Edmpco","url":"https:\/\/edmpco.com\/","logo":{"@type":"ImageObject","inLanguage":"fr-FR","@id":"https:\/\/edmpco.com\/#\/schema\/logo\/image\/","url":"https:\/\/edmpco.com\/wp-content\/uploads\/2025\/10\/EDMP.svg","contentUrl":"https:\/\/edmpco.com\/wp-content\/uploads\/2025\/10\/EDMP.svg","width":350,"height":105,"caption":"Edmpco"},"image":{"@id":"https:\/\/edmpco.com\/#\/schema\/logo\/image\/"}}]}},"_links":{"self":[{"href":"https:\/\/edmpco.com\/fr\/wp-json\/wp\/v2\/product\/5484","targetHints":{"allow":["GET"]}}],"collection":[{"href":"https:\/\/edmpco.com\/fr\/wp-json\/wp\/v2\/product"}],"about":[{"href":"https:\/\/edmpco.com\/fr\/wp-json\/wp\/v2\/types\/product"}],"replies":[{"embeddable":true,"href":"https:\/\/edmpco.com\/fr\/wp-json\/wp\/v2\/comments?post=5484"}],"wp:featuredmedia":[{"embeddable":true,"href":"https:\/\/edmpco.com\/fr\/wp-json\/wp\/v2\/media\/6566"}],"wp:attachment":[{"href":"https:\/\/edmpco.com\/fr\/wp-json\/wp\/v2\/media?parent=5484"}],"wp:term":[{"taxonomy":"product_brand","embeddable":true,"href":"https:\/\/edmpco.com\/fr\/wp-json\/wp\/v2\/product_brand?post=5484"},{"taxonomy":"product_cat","embeddable":true,"href":"https:\/\/edmpco.com\/fr\/wp-json\/wp\/v2\/product_cat?post=5484"},{"taxonomy":"product_tag","embeddable":true,"href":"https:\/\/edmpco.com\/fr\/wp-json\/wp\/v2\/product_tag?post=5484"}],"curies":[{"name":"wp","href":"https:\/\/api.w.org\/{rel}","templated":true}]}}