{"id":5490,"date":"2025-11-01T09:00:06","date_gmt":"2025-11-01T09:00:06","guid":{"rendered":"https:\/\/edmpco.com\/?post_type=product&#038;p=5490"},"modified":"2026-03-23T11:45:55","modified_gmt":"2026-03-23T11:45:55","slug":"mega-x","status":"publish","type":"product","link":"https:\/\/edmpco.com\/fr\/product\/mega-x\/","title":{"rendered":"Mega X"},"content":{"rendered":"<p>Le M\u00e9ga X CT\/VT est un compteur de haute pr\u00e9cision (0,2 s) con\u00e7u pour les applications de sous-station, garantissant des donn\u00e9es pr\u00e9cises pour la qualit\u00e9 de l&rsquo;\u00e9nergie, la gestion de la charge et les performances du syst\u00e8me. Ses modules de communication plug-and-Play permettent une int\u00e9gration transparente avec divers syst\u00e8mes de t\u00eate de r\u00e9seau (HES), am\u00e9liorant ainsi l&rsquo;efficacit\u00e9 op\u00e9rationnelle et l&rsquo;acc\u00e8s aux donn\u00e9es en temps r\u00e9el.<\/p>\n<p>With extensive data storage, a clear LCD display, and remote firmware upgrade capabilities, the Mega X simplifies maintenance and supports in-depth analysis. Robust anti-tamper features and a durable design make it a reliable, secure, and efficient solution for modern substation metering.\tAvec un stockage de donn\u00e9es \u00e9tendu, un \u00e9cran LCD clair et des capacit\u00e9s de mise \u00e0 niveau du micrologiciel \u00e0 distance, le M\u00e9ga X simplifie la maintenance et prend en charge une analyse approfondie. Des caract\u00e9ristiques anti-effractions robustes et une conception durable en font une solution fiable, s\u00e9curis\u00e9e et efficace pour le comptage moderne des sous-stations.<\/p>\n","protected":false},"excerpt":{"rendered":"<p>Le M\u00e9ga X CT\/VT est un compteur de haute pr\u00e9cision (0,2 s) con\u00e7u pour les applications de sous-station, garantissant des donn\u00e9es pr\u00e9cises pour la qualit\u00e9 de l&rsquo;\u00e9nergie, la gestion de la charge et les performances du syst\u00e8me. Ses modules de communication plug-and-Play permettent une int\u00e9gration transparente avec divers syst\u00e8mes de t\u00eate de r\u00e9seau (HES), am\u00e9liorant ainsi l&rsquo;efficacit\u00e9 op\u00e9rationnelle et l&rsquo;acc\u00e8s aux donn\u00e9es en temps r\u00e9el.<\/p>\n<p>With extensive data storage, a clear LCD display, and remote firmware upgrade capabilities, the Mega X simplifies maintenance and supports in-depth analysis. Robust anti-tamper features and a durable design make it a reliable, secure, and efficient solution for modern substation metering.\tAvec un stockage de donn\u00e9es \u00e9tendu, un \u00e9cran LCD clair et des capacit\u00e9s de mise \u00e0 niveau du micrologiciel \u00e0 distance, le M\u00e9ga X simplifie la maintenance et prend en charge une analyse approfondie. Des caract\u00e9ristiques anti-effractions robustes et une conception durable en font une solution fiable, s\u00e9curis\u00e9e et efficace pour le comptage moderne des sous-stations.<\/p>\n<p><a class=\"psacp-rdmr-btn\" href=\"https:\/\/edmpco.com\/wp-content\/uploads\/2025\/11\/Mega-X-WITHOUT-IDIS.pdf\" target=\"_blank\" rel=\"noopener\">Fiche d&rsquo;information<\/a><\/p>\n","protected":false},"featured_media":6574,"comment_status":"open","ping_status":"closed","template":"","meta":[],"product_brand":[],"product_cat":[15],"product_tag":[],"class_list":{"0":"post-5490","1":"product","2":"type-product","3":"status-publish","4":"has-post-thumbnail","6":"product_cat-electricity-meters","8":"first","9":"instock","10":"shipping-taxable","11":"product-type-simple"},"yoast_head":"<!-- This site is optimized with the Yoast SEO plugin v27.4 - https:\/\/yoast.com\/product\/yoast-seo-wordpress\/ -->\n<title>Mega X<\/title>\n<meta name=\"robots\" content=\"index, follow, max-snippet:-1, max-image-preview:large, max-video-preview:-1\" \/>\n<link rel=\"canonical\" href=\"https:\/\/edmpco.com\/fr\/product\/mega-x\/\" \/>\n<meta property=\"og:locale\" content=\"fr_FR\" \/>\n<meta property=\"og:locale:alternate\" content=\"en_US\" \/>\n<meta property=\"og:locale:alternate\" content=\"es_ES\" \/>\n<meta property=\"og:type\" content=\"article\" \/>\n<meta property=\"og:title\" content=\"Mega X\" \/>\n<meta property=\"og:description\" content=\"Le M\u00e9ga X CT\/VT est un compteur de haute pr\u00e9cision (0,2 s) con\u00e7u pour les applications de sous-station, garantissant des donn\u00e9es pr\u00e9cises pour la qualit\u00e9 de l&#039;\u00e9nergie, la gestion de la charge et les performances du syst\u00e8me. Ses modules de communication plug-and-Play permettent une int\u00e9gration transparente avec divers syst\u00e8mes de t\u00eate de r\u00e9seau (HES), am\u00e9liorant ainsi l&#039;efficacit\u00e9 op\u00e9rationnelle et l&#039;acc\u00e8s aux donn\u00e9es en temps r\u00e9el.  With extensive data storage, a clear LCD display, and remote firmware upgrade capabilities, the Mega X simplifies maintenance and supports in-depth analysis. Robust anti-tamper features and a durable design make it a reliable, secure, and efficient solution for modern substation metering. Avec un stockage de donn\u00e9es \u00e9tendu, un \u00e9cran LCD clair et des capacit\u00e9s de mise \u00e0 niveau du micrologiciel \u00e0 distance, le M\u00e9ga X simplifie la maintenance et prend en charge une analyse approfondie. Des caract\u00e9ristiques anti-effractions robustes et une conception durable en font une solution fiable, s\u00e9curis\u00e9e et efficace pour le comptage moderne des sous-stations.  Fiche d&#039;information\" \/>\n<meta property=\"og:url\" content=\"https:\/\/edmpco.com\/fr\/product\/mega-x\/\" \/>\n<meta property=\"og:site_name\" content=\"Edmpco\" \/>\n<meta property=\"article:modified_time\" content=\"2026-03-23T11:45:55+00:00\" \/>\n<meta property=\"og:image\" content=\"https:\/\/edmpco.com\/wp-content\/uploads\/2025\/11\/Mega-x-1.jpg\" \/>\n\t<meta property=\"og:image:width\" content=\"1458\" \/>\n\t<meta property=\"og:image:height\" content=\"1875\" \/>\n\t<meta property=\"og:image:type\" content=\"image\/jpeg\" \/>\n<meta name=\"twitter:card\" content=\"summary_large_image\" \/>\n<meta name=\"twitter:label1\" content=\"Dur\u00e9e de lecture estim\u00e9e\" \/>\n\t<meta name=\"twitter:data1\" content=\"1 minute\" \/>\n<script type=\"application\/ld+json\" class=\"yoast-schema-graph\">{\"@context\":\"https:\\\/\\\/schema.org\",\"@graph\":[{\"@type\":\"WebPage\",\"@id\":\"https:\\\/\\\/edmpco.com\\\/fr\\\/product\\\/mega-x\\\/\",\"url\":\"https:\\\/\\\/edmpco.com\\\/fr\\\/product\\\/mega-x\\\/\",\"name\":\"Mega X\",\"isPartOf\":{\"@id\":\"https:\\\/\\\/edmpco.com\\\/#website\"},\"primaryImageOfPage\":{\"@id\":\"https:\\\/\\\/edmpco.com\\\/fr\\\/product\\\/mega-x\\\/#primaryimage\"},\"image\":{\"@id\":\"https:\\\/\\\/edmpco.com\\\/fr\\\/product\\\/mega-x\\\/#primaryimage\"},\"thumbnailUrl\":\"https:\\\/\\\/edmpco.com\\\/wp-content\\\/uploads\\\/2025\\\/11\\\/Mega-x-1.jpg\",\"datePublished\":\"2025-11-01T09:00:06+00:00\",\"dateModified\":\"2026-03-23T11:45:55+00:00\",\"breadcrumb\":{\"@id\":\"https:\\\/\\\/edmpco.com\\\/fr\\\/product\\\/mega-x\\\/#breadcrumb\"},\"inLanguage\":\"fr-FR\",\"potentialAction\":[{\"@type\":\"ReadAction\",\"target\":[\"https:\\\/\\\/edmpco.com\\\/fr\\\/product\\\/mega-x\\\/\"]}]},{\"@type\":\"ImageObject\",\"inLanguage\":\"fr-FR\",\"@id\":\"https:\\\/\\\/edmpco.com\\\/fr\\\/product\\\/mega-x\\\/#primaryimage\",\"url\":\"https:\\\/\\\/edmpco.com\\\/wp-content\\\/uploads\\\/2025\\\/11\\\/Mega-x-1.jpg\",\"contentUrl\":\"https:\\\/\\\/edmpco.com\\\/wp-content\\\/uploads\\\/2025\\\/11\\\/Mega-x-1.jpg\",\"width\":1458,\"height\":1875},{\"@type\":\"BreadcrumbList\",\"@id\":\"https:\\\/\\\/edmpco.com\\\/fr\\\/product\\\/mega-x\\\/#breadcrumb\",\"itemListElement\":[{\"@type\":\"ListItem\",\"position\":1,\"name\":\"Home\",\"item\":\"https:\\\/\\\/edmpco.com\\\/\"},{\"@type\":\"ListItem\",\"position\":2,\"name\":\"Shop\",\"item\":\"https:\\\/\\\/edmpco.com\\\/shop\\\/\"},{\"@type\":\"ListItem\",\"position\":3,\"name\":\"Mega X\"}]},{\"@type\":\"WebSite\",\"@id\":\"https:\\\/\\\/edmpco.com\\\/#website\",\"url\":\"https:\\\/\\\/edmpco.com\\\/\",\"name\":\"Edmpco\",\"description\":\"Engineering, Design, Management & Planning | Product Show\",\"publisher\":{\"@id\":\"https:\\\/\\\/edmpco.com\\\/#organization\"},\"potentialAction\":[{\"@type\":\"SearchAction\",\"target\":{\"@type\":\"EntryPoint\",\"urlTemplate\":\"https:\\\/\\\/edmpco.com\\\/?s={search_term_string}\"},\"query-input\":{\"@type\":\"PropertyValueSpecification\",\"valueRequired\":true,\"valueName\":\"search_term_string\"}}],\"inLanguage\":\"fr-FR\"},{\"@type\":\"Organization\",\"@id\":\"https:\\\/\\\/edmpco.com\\\/#organization\",\"name\":\"Edmpco\",\"url\":\"https:\\\/\\\/edmpco.com\\\/\",\"logo\":{\"@type\":\"ImageObject\",\"inLanguage\":\"fr-FR\",\"@id\":\"https:\\\/\\\/edmpco.com\\\/#\\\/schema\\\/logo\\\/image\\\/\",\"url\":\"https:\\\/\\\/edmpco.com\\\/wp-content\\\/uploads\\\/2025\\\/10\\\/EDMP.svg\",\"contentUrl\":\"https:\\\/\\\/edmpco.com\\\/wp-content\\\/uploads\\\/2025\\\/10\\\/EDMP.svg\",\"width\":350,\"height\":105,\"caption\":\"Edmpco\"},\"image\":{\"@id\":\"https:\\\/\\\/edmpco.com\\\/#\\\/schema\\\/logo\\\/image\\\/\"}}]}<\/script>\n<!-- \/ Yoast SEO plugin. -->","yoast_head_json":{"title":"Mega X","robots":{"index":"index","follow":"follow","max-snippet":"max-snippet:-1","max-image-preview":"max-image-preview:large","max-video-preview":"max-video-preview:-1"},"canonical":"https:\/\/edmpco.com\/fr\/product\/mega-x\/","og_locale":"fr_FR","og_type":"article","og_title":"[:en]Mega X[:es]Mega X[:fr]Mega X[:] - Edmpco","og_description":"Le M\u00e9ga X CT\/VT est un compteur de haute pr\u00e9cision (0,2 s) con\u00e7u pour les applications de sous-station, garantissant des donn\u00e9es pr\u00e9cises pour la qualit\u00e9 de l'\u00e9nergie, la gestion de la charge et les performances du syst\u00e8me. Ses modules de communication plug-and-Play permettent une int\u00e9gration transparente avec divers syst\u00e8mes de t\u00eate de r\u00e9seau (HES), am\u00e9liorant ainsi l'efficacit\u00e9 op\u00e9rationnelle et l'acc\u00e8s aux donn\u00e9es en temps r\u00e9el.  With extensive data storage, a clear LCD display, and remote firmware upgrade capabilities, the Mega X simplifies maintenance and supports in-depth analysis. Robust anti-tamper features and a durable design make it a reliable, secure, and efficient solution for modern substation metering. Avec un stockage de donn\u00e9es \u00e9tendu, un \u00e9cran LCD clair et des capacit\u00e9s de mise \u00e0 niveau du micrologiciel \u00e0 distance, le M\u00e9ga X simplifie la maintenance et prend en charge une analyse approfondie. Des caract\u00e9ristiques anti-effractions robustes et une conception durable en font une solution fiable, s\u00e9curis\u00e9e et efficace pour le comptage moderne des sous-stations.  Fiche d'information","og_url":"https:\/\/edmpco.com\/fr\/product\/mega-x\/","og_site_name":"Edmpco","article_modified_time":"2026-03-23T11:45:55+00:00","og_image":[{"width":1458,"height":1875,"url":"https:\/\/edmpco.com\/wp-content\/uploads\/2025\/11\/Mega-x-1.jpg","type":"image\/jpeg"}],"twitter_card":"summary_large_image","twitter_misc":{"Dur\u00e9e de lecture estim\u00e9e":"1 minute"},"schema":{"@context":"https:\/\/schema.org","@graph":[{"@type":"WebPage","@id":"https:\/\/edmpco.com\/fr\/product\/mega-x\/","url":"https:\/\/edmpco.com\/fr\/product\/mega-x\/","name":"Mega X","isPartOf":{"@id":"https:\/\/edmpco.com\/#website"},"primaryImageOfPage":{"@id":"https:\/\/edmpco.com\/fr\/product\/mega-x\/#primaryimage"},"image":{"@id":"https:\/\/edmpco.com\/fr\/product\/mega-x\/#primaryimage"},"thumbnailUrl":"https:\/\/edmpco.com\/wp-content\/uploads\/2025\/11\/Mega-x-1.jpg","datePublished":"2025-11-01T09:00:06+00:00","dateModified":"2026-03-23T11:45:55+00:00","breadcrumb":{"@id":"https:\/\/edmpco.com\/fr\/product\/mega-x\/#breadcrumb"},"inLanguage":"fr-FR","potentialAction":[{"@type":"ReadAction","target":["https:\/\/edmpco.com\/fr\/product\/mega-x\/"]}]},{"@type":"ImageObject","inLanguage":"fr-FR","@id":"https:\/\/edmpco.com\/fr\/product\/mega-x\/#primaryimage","url":"https:\/\/edmpco.com\/wp-content\/uploads\/2025\/11\/Mega-x-1.jpg","contentUrl":"https:\/\/edmpco.com\/wp-content\/uploads\/2025\/11\/Mega-x-1.jpg","width":1458,"height":1875},{"@type":"BreadcrumbList","@id":"https:\/\/edmpco.com\/fr\/product\/mega-x\/#breadcrumb","itemListElement":[{"@type":"ListItem","position":1,"name":"Home","item":"https:\/\/edmpco.com\/"},{"@type":"ListItem","position":2,"name":"Shop","item":"https:\/\/edmpco.com\/shop\/"},{"@type":"ListItem","position":3,"name":"Mega X"}]},{"@type":"WebSite","@id":"https:\/\/edmpco.com\/#website","url":"https:\/\/edmpco.com\/","name":"Edmpco","description":"Engineering, Design, Management & Planning | Product Show","publisher":{"@id":"https:\/\/edmpco.com\/#organization"},"potentialAction":[{"@type":"SearchAction","target":{"@type":"EntryPoint","urlTemplate":"https:\/\/edmpco.com\/?s={search_term_string}"},"query-input":{"@type":"PropertyValueSpecification","valueRequired":true,"valueName":"search_term_string"}}],"inLanguage":"fr-FR"},{"@type":"Organization","@id":"https:\/\/edmpco.com\/#organization","name":"Edmpco","url":"https:\/\/edmpco.com\/","logo":{"@type":"ImageObject","inLanguage":"fr-FR","@id":"https:\/\/edmpco.com\/#\/schema\/logo\/image\/","url":"https:\/\/edmpco.com\/wp-content\/uploads\/2025\/10\/EDMP.svg","contentUrl":"https:\/\/edmpco.com\/wp-content\/uploads\/2025\/10\/EDMP.svg","width":350,"height":105,"caption":"Edmpco"},"image":{"@id":"https:\/\/edmpco.com\/#\/schema\/logo\/image\/"}}]}},"_links":{"self":[{"href":"https:\/\/edmpco.com\/fr\/wp-json\/wp\/v2\/product\/5490","targetHints":{"allow":["GET"]}}],"collection":[{"href":"https:\/\/edmpco.com\/fr\/wp-json\/wp\/v2\/product"}],"about":[{"href":"https:\/\/edmpco.com\/fr\/wp-json\/wp\/v2\/types\/product"}],"replies":[{"embeddable":true,"href":"https:\/\/edmpco.com\/fr\/wp-json\/wp\/v2\/comments?post=5490"}],"wp:featuredmedia":[{"embeddable":true,"href":"https:\/\/edmpco.com\/fr\/wp-json\/wp\/v2\/media\/6574"}],"wp:attachment":[{"href":"https:\/\/edmpco.com\/fr\/wp-json\/wp\/v2\/media?parent=5490"}],"wp:term":[{"taxonomy":"product_brand","embeddable":true,"href":"https:\/\/edmpco.com\/fr\/wp-json\/wp\/v2\/product_brand?post=5490"},{"taxonomy":"product_cat","embeddable":true,"href":"https:\/\/edmpco.com\/fr\/wp-json\/wp\/v2\/product_cat?post=5490"},{"taxonomy":"product_tag","embeddable":true,"href":"https:\/\/edmpco.com\/fr\/wp-json\/wp\/v2\/product_tag?post=5490"}],"curies":[{"name":"wp","href":"https:\/\/api.w.org\/{rel}","templated":true}]}}