{"id":5505,"date":"2025-11-01T15:15:42","date_gmt":"2025-11-01T15:15:42","guid":{"rendered":"https:\/\/edmpco.com\/?post_type=product&#038;p=5505"},"modified":"2026-03-17T11:55:11","modified_gmt":"2026-03-17T11:55:11","slug":"magno-31","status":"publish","type":"product","link":"https:\/\/edmpco.com\/fr\/product\/magno-31\/","title":{"rendered":"MAGNO 31"},"content":{"rendered":"<p>Le Magno 31 est un compteur d&rsquo;\u00e9nergie autonome con\u00e7u pour offrent \u00e0 la fois efficacit\u00e9 et commodit\u00e9 pour la gestion de l&rsquo;\u00e9nergie. Son interface conviviale et sa conception robuste le rendent id\u00e9al pour les grands utilisateurs r\u00e9sidentiels et commerciaux. Construit en mettant l&rsquo;accent sur la s\u00e9curit\u00e9 et la durabilit\u00e9, le Magno 31 Dispose d&rsquo;une protection des donn\u00e9es de haut niveau, d&rsquo;une batterie int\u00e9gr\u00e9e en option ou supercondensateur pour la r\u00e9silience de puissance, et les ultrasons soudure pour un bo\u00eetier inviolable.<\/p>\n","protected":false},"excerpt":{"rendered":"<p>Le Magno 31 est un compteur d&rsquo;\u00e9nergie autonome con\u00e7u pour offrent \u00e0 la fois efficacit\u00e9 et commodit\u00e9 pour la gestion de l&rsquo;\u00e9nergie. Son interface conviviale et sa conception robuste le rendent id\u00e9al pour les grands utilisateurs r\u00e9sidentiels et commerciaux. Construit en mettant l&rsquo;accent sur la s\u00e9curit\u00e9 et la durabilit\u00e9, le Magno 31 Dispose d&rsquo;une protection des donn\u00e9es de haut niveau, d&rsquo;une batterie int\u00e9gr\u00e9e en option ou supercondensateur pour la r\u00e9silience de puissance, et les ultrasons soudure pour un bo\u00eetier inviolable.<\/p>\n<p><a class=\"psacp-rdmr-btn\" href=\"https:\/\/edmpco.com\/wp-content\/uploads\/2025\/11\/MAGNO-31.pdf\" target=\"_blank\" rel=\"noopener\">Fiche d&rsquo;information<\/a><\/p>\n","protected":false},"featured_media":6577,"comment_status":"open","ping_status":"closed","template":"","meta":[],"product_brand":[],"product_cat":[15],"product_tag":[],"class_list":{"0":"post-5505","1":"product","2":"type-product","3":"status-publish","4":"has-post-thumbnail","6":"product_cat-electricity-meters","8":"first","9":"instock","10":"shipping-taxable","11":"product-type-simple"},"yoast_head":"<!-- This site is optimized with the Yoast SEO plugin v27.4 - https:\/\/yoast.com\/product\/yoast-seo-wordpress\/ -->\n<title>MAGNO 31<\/title>\n<meta name=\"robots\" content=\"index, follow, max-snippet:-1, max-image-preview:large, max-video-preview:-1\" \/>\n<link rel=\"canonical\" href=\"https:\/\/edmpco.com\/fr\/product\/magno-31\/\" \/>\n<meta property=\"og:locale\" content=\"fr_FR\" \/>\n<meta property=\"og:locale:alternate\" content=\"en_US\" \/>\n<meta property=\"og:locale:alternate\" content=\"es_ES\" \/>\n<meta property=\"og:type\" content=\"article\" \/>\n<meta property=\"og:title\" content=\"MAGNO 31\" \/>\n<meta property=\"og:description\" content=\"Le Magno 31 est un compteur d&#039;\u00e9nergie autonome con\u00e7u pour offrent \u00e0 la fois efficacit\u00e9 et commodit\u00e9 pour la gestion de l&#039;\u00e9nergie. Son interface conviviale et sa conception robuste le rendent id\u00e9al pour les grands utilisateurs r\u00e9sidentiels et commerciaux. Construit en mettant l&#039;accent sur la s\u00e9curit\u00e9 et la durabilit\u00e9, le Magno 31 Dispose d&#039;une protection des donn\u00e9es de haut niveau, d&#039;une batterie int\u00e9gr\u00e9e en option ou supercondensateur pour la r\u00e9silience de puissance, et les ultrasons soudure pour un bo\u00eetier inviolable.  Fiche d&#039;information\" \/>\n<meta property=\"og:url\" content=\"https:\/\/edmpco.com\/fr\/product\/magno-31\/\" \/>\n<meta property=\"og:site_name\" content=\"Edmpco\" \/>\n<meta property=\"article:modified_time\" content=\"2026-03-17T11:55:11+00:00\" \/>\n<meta property=\"og:image\" content=\"https:\/\/edmpco.com\/wp-content\/uploads\/2025\/10\/Magno-31-1.jpg\" \/>\n\t<meta property=\"og:image:width\" content=\"1458\" \/>\n\t<meta property=\"og:image:height\" content=\"1875\" \/>\n\t<meta property=\"og:image:type\" content=\"image\/jpeg\" \/>\n<meta name=\"twitter:card\" content=\"summary_large_image\" \/>\n<meta name=\"twitter:label1\" content=\"Dur\u00e9e de lecture estim\u00e9e\" \/>\n\t<meta name=\"twitter:data1\" content=\"1 minute\" \/>\n<script type=\"application\/ld+json\" class=\"yoast-schema-graph\">{\"@context\":\"https:\\\/\\\/schema.org\",\"@graph\":[{\"@type\":\"WebPage\",\"@id\":\"https:\\\/\\\/edmpco.com\\\/fr\\\/product\\\/magno-31\\\/\",\"url\":\"https:\\\/\\\/edmpco.com\\\/fr\\\/product\\\/magno-31\\\/\",\"name\":\"MAGNO 31\",\"isPartOf\":{\"@id\":\"https:\\\/\\\/edmpco.com\\\/#website\"},\"primaryImageOfPage\":{\"@id\":\"https:\\\/\\\/edmpco.com\\\/fr\\\/product\\\/magno-31\\\/#primaryimage\"},\"image\":{\"@id\":\"https:\\\/\\\/edmpco.com\\\/fr\\\/product\\\/magno-31\\\/#primaryimage\"},\"thumbnailUrl\":\"https:\\\/\\\/edmpco.com\\\/wp-content\\\/uploads\\\/2025\\\/10\\\/Magno-31-1.jpg\",\"datePublished\":\"2025-11-01T15:15:42+00:00\",\"dateModified\":\"2026-03-17T11:55:11+00:00\",\"breadcrumb\":{\"@id\":\"https:\\\/\\\/edmpco.com\\\/fr\\\/product\\\/magno-31\\\/#breadcrumb\"},\"inLanguage\":\"fr-FR\",\"potentialAction\":[{\"@type\":\"ReadAction\",\"target\":[\"https:\\\/\\\/edmpco.com\\\/fr\\\/product\\\/magno-31\\\/\"]}]},{\"@type\":\"ImageObject\",\"inLanguage\":\"fr-FR\",\"@id\":\"https:\\\/\\\/edmpco.com\\\/fr\\\/product\\\/magno-31\\\/#primaryimage\",\"url\":\"https:\\\/\\\/edmpco.com\\\/wp-content\\\/uploads\\\/2025\\\/10\\\/Magno-31-1.jpg\",\"contentUrl\":\"https:\\\/\\\/edmpco.com\\\/wp-content\\\/uploads\\\/2025\\\/10\\\/Magno-31-1.jpg\",\"width\":1458,\"height\":1875,\"caption\":\"\"},{\"@type\":\"BreadcrumbList\",\"@id\":\"https:\\\/\\\/edmpco.com\\\/fr\\\/product\\\/magno-31\\\/#breadcrumb\",\"itemListElement\":[{\"@type\":\"ListItem\",\"position\":1,\"name\":\"Home\",\"item\":\"https:\\\/\\\/edmpco.com\\\/\"},{\"@type\":\"ListItem\",\"position\":2,\"name\":\"Shop\",\"item\":\"https:\\\/\\\/edmpco.com\\\/shop\\\/\"},{\"@type\":\"ListItem\",\"position\":3,\"name\":\"MAGNO 31\"}]},{\"@type\":\"WebSite\",\"@id\":\"https:\\\/\\\/edmpco.com\\\/#website\",\"url\":\"https:\\\/\\\/edmpco.com\\\/\",\"name\":\"Edmpco\",\"description\":\"Engineering, Design, Management & Planning | Product Show\",\"publisher\":{\"@id\":\"https:\\\/\\\/edmpco.com\\\/#organization\"},\"potentialAction\":[{\"@type\":\"SearchAction\",\"target\":{\"@type\":\"EntryPoint\",\"urlTemplate\":\"https:\\\/\\\/edmpco.com\\\/?s={search_term_string}\"},\"query-input\":{\"@type\":\"PropertyValueSpecification\",\"valueRequired\":true,\"valueName\":\"search_term_string\"}}],\"inLanguage\":\"fr-FR\"},{\"@type\":\"Organization\",\"@id\":\"https:\\\/\\\/edmpco.com\\\/#organization\",\"name\":\"Edmpco\",\"url\":\"https:\\\/\\\/edmpco.com\\\/\",\"logo\":{\"@type\":\"ImageObject\",\"inLanguage\":\"fr-FR\",\"@id\":\"https:\\\/\\\/edmpco.com\\\/#\\\/schema\\\/logo\\\/image\\\/\",\"url\":\"https:\\\/\\\/edmpco.com\\\/wp-content\\\/uploads\\\/2025\\\/10\\\/EDMP.svg\",\"contentUrl\":\"https:\\\/\\\/edmpco.com\\\/wp-content\\\/uploads\\\/2025\\\/10\\\/EDMP.svg\",\"width\":350,\"height\":105,\"caption\":\"Edmpco\"},\"image\":{\"@id\":\"https:\\\/\\\/edmpco.com\\\/#\\\/schema\\\/logo\\\/image\\\/\"}}]}<\/script>\n<!-- \/ Yoast SEO plugin. -->","yoast_head_json":{"title":"MAGNO 31","robots":{"index":"index","follow":"follow","max-snippet":"max-snippet:-1","max-image-preview":"max-image-preview:large","max-video-preview":"max-video-preview:-1"},"canonical":"https:\/\/edmpco.com\/fr\/product\/magno-31\/","og_locale":"fr_FR","og_type":"article","og_title":"[:en]Magno 31[:es]MAGNO 31[:fr]MAGNO 31[:] - Edmpco","og_description":"Le Magno 31 est un compteur d'\u00e9nergie autonome con\u00e7u pour offrent \u00e0 la fois efficacit\u00e9 et commodit\u00e9 pour la gestion de l'\u00e9nergie. Son interface conviviale et sa conception robuste le rendent id\u00e9al pour les grands utilisateurs r\u00e9sidentiels et commerciaux. Construit en mettant l'accent sur la s\u00e9curit\u00e9 et la durabilit\u00e9, le Magno 31 Dispose d'une protection des donn\u00e9es de haut niveau, d'une batterie int\u00e9gr\u00e9e en option ou supercondensateur pour la r\u00e9silience de puissance, et les ultrasons soudure pour un bo\u00eetier inviolable.  Fiche d'information","og_url":"https:\/\/edmpco.com\/fr\/product\/magno-31\/","og_site_name":"Edmpco","article_modified_time":"2026-03-17T11:55:11+00:00","og_image":[{"width":1458,"height":1875,"url":"https:\/\/edmpco.com\/wp-content\/uploads\/2025\/10\/Magno-31-1.jpg","type":"image\/jpeg"}],"twitter_card":"summary_large_image","twitter_misc":{"Dur\u00e9e de lecture estim\u00e9e":"1 minute"},"schema":{"@context":"https:\/\/schema.org","@graph":[{"@type":"WebPage","@id":"https:\/\/edmpco.com\/fr\/product\/magno-31\/","url":"https:\/\/edmpco.com\/fr\/product\/magno-31\/","name":"MAGNO 31","isPartOf":{"@id":"https:\/\/edmpco.com\/#website"},"primaryImageOfPage":{"@id":"https:\/\/edmpco.com\/fr\/product\/magno-31\/#primaryimage"},"image":{"@id":"https:\/\/edmpco.com\/fr\/product\/magno-31\/#primaryimage"},"thumbnailUrl":"https:\/\/edmpco.com\/wp-content\/uploads\/2025\/10\/Magno-31-1.jpg","datePublished":"2025-11-01T15:15:42+00:00","dateModified":"2026-03-17T11:55:11+00:00","breadcrumb":{"@id":"https:\/\/edmpco.com\/fr\/product\/magno-31\/#breadcrumb"},"inLanguage":"fr-FR","potentialAction":[{"@type":"ReadAction","target":["https:\/\/edmpco.com\/fr\/product\/magno-31\/"]}]},{"@type":"ImageObject","inLanguage":"fr-FR","@id":"https:\/\/edmpco.com\/fr\/product\/magno-31\/#primaryimage","url":"https:\/\/edmpco.com\/wp-content\/uploads\/2025\/10\/Magno-31-1.jpg","contentUrl":"https:\/\/edmpco.com\/wp-content\/uploads\/2025\/10\/Magno-31-1.jpg","width":1458,"height":1875,"caption":""},{"@type":"BreadcrumbList","@id":"https:\/\/edmpco.com\/fr\/product\/magno-31\/#breadcrumb","itemListElement":[{"@type":"ListItem","position":1,"name":"Home","item":"https:\/\/edmpco.com\/"},{"@type":"ListItem","position":2,"name":"Shop","item":"https:\/\/edmpco.com\/shop\/"},{"@type":"ListItem","position":3,"name":"MAGNO 31"}]},{"@type":"WebSite","@id":"https:\/\/edmpco.com\/#website","url":"https:\/\/edmpco.com\/","name":"Edmpco","description":"Engineering, Design, Management & Planning | Product Show","publisher":{"@id":"https:\/\/edmpco.com\/#organization"},"potentialAction":[{"@type":"SearchAction","target":{"@type":"EntryPoint","urlTemplate":"https:\/\/edmpco.com\/?s={search_term_string}"},"query-input":{"@type":"PropertyValueSpecification","valueRequired":true,"valueName":"search_term_string"}}],"inLanguage":"fr-FR"},{"@type":"Organization","@id":"https:\/\/edmpco.com\/#organization","name":"Edmpco","url":"https:\/\/edmpco.com\/","logo":{"@type":"ImageObject","inLanguage":"fr-FR","@id":"https:\/\/edmpco.com\/#\/schema\/logo\/image\/","url":"https:\/\/edmpco.com\/wp-content\/uploads\/2025\/10\/EDMP.svg","contentUrl":"https:\/\/edmpco.com\/wp-content\/uploads\/2025\/10\/EDMP.svg","width":350,"height":105,"caption":"Edmpco"},"image":{"@id":"https:\/\/edmpco.com\/#\/schema\/logo\/image\/"}}]}},"_links":{"self":[{"href":"https:\/\/edmpco.com\/fr\/wp-json\/wp\/v2\/product\/5505","targetHints":{"allow":["GET"]}}],"collection":[{"href":"https:\/\/edmpco.com\/fr\/wp-json\/wp\/v2\/product"}],"about":[{"href":"https:\/\/edmpco.com\/fr\/wp-json\/wp\/v2\/types\/product"}],"replies":[{"embeddable":true,"href":"https:\/\/edmpco.com\/fr\/wp-json\/wp\/v2\/comments?post=5505"}],"wp:featuredmedia":[{"embeddable":true,"href":"https:\/\/edmpco.com\/fr\/wp-json\/wp\/v2\/media\/6577"}],"wp:attachment":[{"href":"https:\/\/edmpco.com\/fr\/wp-json\/wp\/v2\/media?parent=5505"}],"wp:term":[{"taxonomy":"product_brand","embeddable":true,"href":"https:\/\/edmpco.com\/fr\/wp-json\/wp\/v2\/product_brand?post=5505"},{"taxonomy":"product_cat","embeddable":true,"href":"https:\/\/edmpco.com\/fr\/wp-json\/wp\/v2\/product_cat?post=5505"},{"taxonomy":"product_tag","embeddable":true,"href":"https:\/\/edmpco.com\/fr\/wp-json\/wp\/v2\/product_tag?post=5505"}],"curies":[{"name":"wp","href":"https:\/\/api.w.org\/{rel}","templated":true}]}}