{"id":5511,"date":"2025-11-01T11:00:45","date_gmt":"2025-11-01T11:00:45","guid":{"rendered":"https:\/\/edmpco.com\/?post_type=product&#038;p=5511"},"modified":"2026-03-18T06:36:56","modified_gmt":"2026-03-18T06:36:56","slug":"magno-34-ctvt","status":"publish","type":"product","link":"https:\/\/edmpco.com\/fr\/product\/magno-34-ctvt\/","title":{"rendered":"MAGNO 34 CTVT"},"content":{"rendered":"<p>Magno 34 est un CT-VT triphas\u00e9 sophistiqu\u00e9 appareil con\u00e7u pour des fonctionnalit\u00e9s compl\u00e8tes telles que surveillance du r\u00e9seau \u00e9lectrique, contr\u00f4le de charge, surveillance des sabotages, la distribution automatique et la surveillance des transformateurs. Il s&rsquo;agit dans les entreprises d&rsquo;une solution anti-effraction avanc\u00e9e qui aide les services publics \u00e0 augmenter leurs revenus et \u00e0 r\u00e9duire leurs lignes Pertes. Le compteur utilise le protocole ouvert DLMS\/COSEM, ce qui en fait un choix intelligent pour la transmission et Les clients de la distribution \u00e0 la recherche d&rsquo;une gestion de l&rsquo;\u00e9nergie robuste Solutions.<\/p>\n","protected":false},"excerpt":{"rendered":"<p>Magno 34 est un CT-VT triphas\u00e9 sophistiqu\u00e9 appareil con\u00e7u pour des fonctionnalit\u00e9s compl\u00e8tes telles que surveillance du r\u00e9seau \u00e9lectrique, contr\u00f4le de charge, surveillance des sabotages, la distribution automatique et la surveillance des transformateurs. Il s&rsquo;agit dans les entreprises d&rsquo;une solution anti-effraction avanc\u00e9e qui aide les services publics \u00e0 augmenter leurs revenus et \u00e0 r\u00e9duire leurs lignes Pertes. Le compteur utilise le protocole ouvert DLMS\/COSEM, ce qui en fait un choix intelligent pour la transmission et Les clients de la distribution \u00e0 la recherche d&rsquo;une gestion de l&rsquo;\u00e9nergie robuste Solutions.<\/p>\n<p><a class=\"psacp-rdmr-btn\" href=\"https:\/\/edmpco.com\/wp-content\/uploads\/2025\/11\/MAGNO-34-CTVT.pdf\" target=\"_blank\" rel=\"noopener\">Fiche d&rsquo;information<\/a><\/p>\n","protected":false},"featured_media":6572,"comment_status":"open","ping_status":"closed","template":"","meta":[],"product_brand":[],"product_cat":[15],"product_tag":[],"class_list":{"0":"post-5511","1":"product","2":"type-product","3":"status-publish","4":"has-post-thumbnail","6":"product_cat-electricity-meters","8":"first","9":"instock","10":"shipping-taxable","11":"product-type-simple"},"yoast_head":"<!-- This site is optimized with the Yoast SEO plugin v27.4 - https:\/\/yoast.com\/product\/yoast-seo-wordpress\/ -->\n<title>MAGNO 34 CTVT<\/title>\n<meta name=\"robots\" content=\"index, follow, max-snippet:-1, max-image-preview:large, max-video-preview:-1\" \/>\n<link rel=\"canonical\" href=\"https:\/\/edmpco.com\/fr\/product\/magno-34-ctvt\/\" \/>\n<meta property=\"og:locale\" content=\"fr_FR\" \/>\n<meta property=\"og:locale:alternate\" content=\"en_US\" \/>\n<meta property=\"og:locale:alternate\" content=\"es_ES\" \/>\n<meta property=\"og:type\" content=\"article\" \/>\n<meta property=\"og:title\" content=\"MAGNO 34 CTVT\" \/>\n<meta property=\"og:description\" content=\"Magno 34 est un CT-VT triphas\u00e9 sophistiqu\u00e9 appareil con\u00e7u pour des fonctionnalit\u00e9s compl\u00e8tes telles que surveillance du r\u00e9seau \u00e9lectrique, contr\u00f4le de charge, surveillance des sabotages, la distribution automatique et la surveillance des transformateurs. Il s&#039;agit dans les entreprises d&#039;une solution anti-effraction avanc\u00e9e qui aide les services publics \u00e0 augmenter leurs revenus et \u00e0 r\u00e9duire leurs lignes Pertes. Le compteur utilise le protocole ouvert DLMS\/COSEM, ce qui en fait un choix intelligent pour la transmission et Les clients de la distribution \u00e0 la recherche d&#039;une gestion de l&#039;\u00e9nergie robuste Solutions.   Fiche d&#039;information\" \/>\n<meta property=\"og:url\" content=\"https:\/\/edmpco.com\/fr\/product\/magno-34-ctvt\/\" \/>\n<meta property=\"og:site_name\" content=\"Edmpco\" \/>\n<meta property=\"article:modified_time\" content=\"2026-03-18T06:36:56+00:00\" \/>\n<meta property=\"og:image\" content=\"https:\/\/edmpco.com\/wp-content\/uploads\/2025\/11\/Magno-34-CTVT-1.jpg\" \/>\n\t<meta property=\"og:image:width\" content=\"1458\" \/>\n\t<meta property=\"og:image:height\" content=\"1875\" \/>\n\t<meta property=\"og:image:type\" content=\"image\/jpeg\" \/>\n<meta name=\"twitter:card\" content=\"summary_large_image\" \/>\n<meta name=\"twitter:label1\" content=\"Dur\u00e9e de lecture estim\u00e9e\" \/>\n\t<meta name=\"twitter:data1\" content=\"1 minute\" \/>\n<script type=\"application\/ld+json\" class=\"yoast-schema-graph\">{\"@context\":\"https:\\\/\\\/schema.org\",\"@graph\":[{\"@type\":\"WebPage\",\"@id\":\"https:\\\/\\\/edmpco.com\\\/fr\\\/product\\\/magno-34-ctvt\\\/\",\"url\":\"https:\\\/\\\/edmpco.com\\\/fr\\\/product\\\/magno-34-ctvt\\\/\",\"name\":\"MAGNO 34 CTVT\",\"isPartOf\":{\"@id\":\"https:\\\/\\\/edmpco.com\\\/#website\"},\"primaryImageOfPage\":{\"@id\":\"https:\\\/\\\/edmpco.com\\\/fr\\\/product\\\/magno-34-ctvt\\\/#primaryimage\"},\"image\":{\"@id\":\"https:\\\/\\\/edmpco.com\\\/fr\\\/product\\\/magno-34-ctvt\\\/#primaryimage\"},\"thumbnailUrl\":\"https:\\\/\\\/edmpco.com\\\/wp-content\\\/uploads\\\/2025\\\/11\\\/Magno-34-CTVT-1.jpg\",\"datePublished\":\"2025-11-01T11:00:45+00:00\",\"dateModified\":\"2026-03-18T06:36:56+00:00\",\"breadcrumb\":{\"@id\":\"https:\\\/\\\/edmpco.com\\\/fr\\\/product\\\/magno-34-ctvt\\\/#breadcrumb\"},\"inLanguage\":\"fr-FR\",\"potentialAction\":[{\"@type\":\"ReadAction\",\"target\":[\"https:\\\/\\\/edmpco.com\\\/fr\\\/product\\\/magno-34-ctvt\\\/\"]}]},{\"@type\":\"ImageObject\",\"inLanguage\":\"fr-FR\",\"@id\":\"https:\\\/\\\/edmpco.com\\\/fr\\\/product\\\/magno-34-ctvt\\\/#primaryimage\",\"url\":\"https:\\\/\\\/edmpco.com\\\/wp-content\\\/uploads\\\/2025\\\/11\\\/Magno-34-CTVT-1.jpg\",\"contentUrl\":\"https:\\\/\\\/edmpco.com\\\/wp-content\\\/uploads\\\/2025\\\/11\\\/Magno-34-CTVT-1.jpg\",\"width\":1458,\"height\":1875},{\"@type\":\"BreadcrumbList\",\"@id\":\"https:\\\/\\\/edmpco.com\\\/fr\\\/product\\\/magno-34-ctvt\\\/#breadcrumb\",\"itemListElement\":[{\"@type\":\"ListItem\",\"position\":1,\"name\":\"Home\",\"item\":\"https:\\\/\\\/edmpco.com\\\/\"},{\"@type\":\"ListItem\",\"position\":2,\"name\":\"Shop\",\"item\":\"https:\\\/\\\/edmpco.com\\\/shop\\\/\"},{\"@type\":\"ListItem\",\"position\":3,\"name\":\"MAGNO 34 CTVT\"}]},{\"@type\":\"WebSite\",\"@id\":\"https:\\\/\\\/edmpco.com\\\/#website\",\"url\":\"https:\\\/\\\/edmpco.com\\\/\",\"name\":\"Edmpco\",\"description\":\"Engineering, Design, Management & Planning | Product Show\",\"publisher\":{\"@id\":\"https:\\\/\\\/edmpco.com\\\/#organization\"},\"potentialAction\":[{\"@type\":\"SearchAction\",\"target\":{\"@type\":\"EntryPoint\",\"urlTemplate\":\"https:\\\/\\\/edmpco.com\\\/?s={search_term_string}\"},\"query-input\":{\"@type\":\"PropertyValueSpecification\",\"valueRequired\":true,\"valueName\":\"search_term_string\"}}],\"inLanguage\":\"fr-FR\"},{\"@type\":\"Organization\",\"@id\":\"https:\\\/\\\/edmpco.com\\\/#organization\",\"name\":\"Edmpco\",\"url\":\"https:\\\/\\\/edmpco.com\\\/\",\"logo\":{\"@type\":\"ImageObject\",\"inLanguage\":\"fr-FR\",\"@id\":\"https:\\\/\\\/edmpco.com\\\/#\\\/schema\\\/logo\\\/image\\\/\",\"url\":\"https:\\\/\\\/edmpco.com\\\/wp-content\\\/uploads\\\/2025\\\/10\\\/EDMP.svg\",\"contentUrl\":\"https:\\\/\\\/edmpco.com\\\/wp-content\\\/uploads\\\/2025\\\/10\\\/EDMP.svg\",\"width\":350,\"height\":105,\"caption\":\"Edmpco\"},\"image\":{\"@id\":\"https:\\\/\\\/edmpco.com\\\/#\\\/schema\\\/logo\\\/image\\\/\"}}]}<\/script>\n<!-- \/ Yoast SEO plugin. -->","yoast_head_json":{"title":"MAGNO 34 CTVT","robots":{"index":"index","follow":"follow","max-snippet":"max-snippet:-1","max-image-preview":"max-image-preview:large","max-video-preview":"max-video-preview:-1"},"canonical":"https:\/\/edmpco.com\/fr\/product\/magno-34-ctvt\/","og_locale":"fr_FR","og_type":"article","og_title":"[:en]Magno 34 CTVT[:es]MAGNO 34 CTVT[:fr]MAGNO 34 CTVT[:] - Edmpco","og_description":"Magno 34 est un CT-VT triphas\u00e9 sophistiqu\u00e9 appareil con\u00e7u pour des fonctionnalit\u00e9s compl\u00e8tes telles que surveillance du r\u00e9seau \u00e9lectrique, contr\u00f4le de charge, surveillance des sabotages, la distribution automatique et la surveillance des transformateurs. Il s'agit dans les entreprises d'une solution anti-effraction avanc\u00e9e qui aide les services publics \u00e0 augmenter leurs revenus et \u00e0 r\u00e9duire leurs lignes Pertes. Le compteur utilise le protocole ouvert DLMS\/COSEM, ce qui en fait un choix intelligent pour la transmission et Les clients de la distribution \u00e0 la recherche d'une gestion de l'\u00e9nergie robuste Solutions.   Fiche d'information","og_url":"https:\/\/edmpco.com\/fr\/product\/magno-34-ctvt\/","og_site_name":"Edmpco","article_modified_time":"2026-03-18T06:36:56+00:00","og_image":[{"width":1458,"height":1875,"url":"https:\/\/edmpco.com\/wp-content\/uploads\/2025\/11\/Magno-34-CTVT-1.jpg","type":"image\/jpeg"}],"twitter_card":"summary_large_image","twitter_misc":{"Dur\u00e9e de lecture estim\u00e9e":"1 minute"},"schema":{"@context":"https:\/\/schema.org","@graph":[{"@type":"WebPage","@id":"https:\/\/edmpco.com\/fr\/product\/magno-34-ctvt\/","url":"https:\/\/edmpco.com\/fr\/product\/magno-34-ctvt\/","name":"MAGNO 34 CTVT","isPartOf":{"@id":"https:\/\/edmpco.com\/#website"},"primaryImageOfPage":{"@id":"https:\/\/edmpco.com\/fr\/product\/magno-34-ctvt\/#primaryimage"},"image":{"@id":"https:\/\/edmpco.com\/fr\/product\/magno-34-ctvt\/#primaryimage"},"thumbnailUrl":"https:\/\/edmpco.com\/wp-content\/uploads\/2025\/11\/Magno-34-CTVT-1.jpg","datePublished":"2025-11-01T11:00:45+00:00","dateModified":"2026-03-18T06:36:56+00:00","breadcrumb":{"@id":"https:\/\/edmpco.com\/fr\/product\/magno-34-ctvt\/#breadcrumb"},"inLanguage":"fr-FR","potentialAction":[{"@type":"ReadAction","target":["https:\/\/edmpco.com\/fr\/product\/magno-34-ctvt\/"]}]},{"@type":"ImageObject","inLanguage":"fr-FR","@id":"https:\/\/edmpco.com\/fr\/product\/magno-34-ctvt\/#primaryimage","url":"https:\/\/edmpco.com\/wp-content\/uploads\/2025\/11\/Magno-34-CTVT-1.jpg","contentUrl":"https:\/\/edmpco.com\/wp-content\/uploads\/2025\/11\/Magno-34-CTVT-1.jpg","width":1458,"height":1875},{"@type":"BreadcrumbList","@id":"https:\/\/edmpco.com\/fr\/product\/magno-34-ctvt\/#breadcrumb","itemListElement":[{"@type":"ListItem","position":1,"name":"Home","item":"https:\/\/edmpco.com\/"},{"@type":"ListItem","position":2,"name":"Shop","item":"https:\/\/edmpco.com\/shop\/"},{"@type":"ListItem","position":3,"name":"MAGNO 34 CTVT"}]},{"@type":"WebSite","@id":"https:\/\/edmpco.com\/#website","url":"https:\/\/edmpco.com\/","name":"Edmpco","description":"Engineering, Design, Management & Planning | Product Show","publisher":{"@id":"https:\/\/edmpco.com\/#organization"},"potentialAction":[{"@type":"SearchAction","target":{"@type":"EntryPoint","urlTemplate":"https:\/\/edmpco.com\/?s={search_term_string}"},"query-input":{"@type":"PropertyValueSpecification","valueRequired":true,"valueName":"search_term_string"}}],"inLanguage":"fr-FR"},{"@type":"Organization","@id":"https:\/\/edmpco.com\/#organization","name":"Edmpco","url":"https:\/\/edmpco.com\/","logo":{"@type":"ImageObject","inLanguage":"fr-FR","@id":"https:\/\/edmpco.com\/#\/schema\/logo\/image\/","url":"https:\/\/edmpco.com\/wp-content\/uploads\/2025\/10\/EDMP.svg","contentUrl":"https:\/\/edmpco.com\/wp-content\/uploads\/2025\/10\/EDMP.svg","width":350,"height":105,"caption":"Edmpco"},"image":{"@id":"https:\/\/edmpco.com\/#\/schema\/logo\/image\/"}}]}},"_links":{"self":[{"href":"https:\/\/edmpco.com\/fr\/wp-json\/wp\/v2\/product\/5511","targetHints":{"allow":["GET"]}}],"collection":[{"href":"https:\/\/edmpco.com\/fr\/wp-json\/wp\/v2\/product"}],"about":[{"href":"https:\/\/edmpco.com\/fr\/wp-json\/wp\/v2\/types\/product"}],"replies":[{"embeddable":true,"href":"https:\/\/edmpco.com\/fr\/wp-json\/wp\/v2\/comments?post=5511"}],"wp:featuredmedia":[{"embeddable":true,"href":"https:\/\/edmpco.com\/fr\/wp-json\/wp\/v2\/media\/6572"}],"wp:attachment":[{"href":"https:\/\/edmpco.com\/fr\/wp-json\/wp\/v2\/media?parent=5511"}],"wp:term":[{"taxonomy":"product_brand","embeddable":true,"href":"https:\/\/edmpco.com\/fr\/wp-json\/wp\/v2\/product_brand?post=5511"},{"taxonomy":"product_cat","embeddable":true,"href":"https:\/\/edmpco.com\/fr\/wp-json\/wp\/v2\/product_cat?post=5511"},{"taxonomy":"product_tag","embeddable":true,"href":"https:\/\/edmpco.com\/fr\/wp-json\/wp\/v2\/product_tag?post=5511"}],"curies":[{"name":"wp","href":"https:\/\/api.w.org\/{rel}","templated":true}]}}