{"id":5646,"date":"2025-11-01T13:45:18","date_gmt":"2025-11-01T13:45:18","guid":{"rendered":"https:\/\/edmpco.com\/?post_type=product&#038;p=5646"},"modified":"2026-03-18T05:50:55","modified_gmt":"2026-03-18T05:50:55","slug":"magno-34","status":"publish","type":"product","link":"https:\/\/edmpco.com\/fr\/product\/magno-34\/","title":{"rendered":"MAGNO 34 DC"},"content":{"rendered":"<p>Magno 34 est un compteur pr\u00e9pay\u00e9 triphas\u00e9 polyvalent con\u00e7u pour pour la surveillance compl\u00e8te du r\u00e9seau \u00e9lectrique, le contr\u00f4le de la charge, d\u00e9tection d&rsquo;effraction et capacit\u00e9s de distribution automatique. Il int\u00e8gre Fonctions anti-sabotage avanc\u00e9es visant \u00e0 am\u00e9liorer l&rsquo;utilit\u00e9 revenus et la r\u00e9duction des pertes de ligne.<br \/>\nCe compteur est conforme \u00e0 la norme STS\/CTS et utilise le protocole ouvert DLMS\/COSEM, assurant la compatibilit\u00e9 et l&rsquo;interop\u00e9rabilit\u00e9 avec divers syst\u00e8mes. Il sert de solution pour les clients r\u00e9sidentiels et commerciaux, offrant des performances et une fiabilit\u00e9 robustes.<\/p>\n","protected":false},"excerpt":{"rendered":"<p>Magno 34 est un compteur pr\u00e9pay\u00e9 triphas\u00e9 polyvalent con\u00e7u pour pour la surveillance compl\u00e8te du r\u00e9seau \u00e9lectrique, le contr\u00f4le de la charge, d\u00e9tection d&rsquo;effraction et capacit\u00e9s de distribution automatique. Il int\u00e8gre Fonctions anti-sabotage avanc\u00e9es visant \u00e0 am\u00e9liorer l&rsquo;utilit\u00e9 revenus et la r\u00e9duction des pertes de ligne.<br \/>\nCe compteur est conforme \u00e0 la norme STS\/CTS et utilise le protocole ouvert DLMS\/COSEM, assurant la compatibilit\u00e9 et l&rsquo;interop\u00e9rabilit\u00e9 avec divers syst\u00e8mes. Il sert de solution pour les clients r\u00e9sidentiels et commerciaux, offrant des performances et une fiabilit\u00e9 robustes.<br \/>\n<a class=\"psacp-rdmr-btn\" href=\"https:\/\/edmpco.com\/wp-content\/uploads\/2025\/11\/MAGNO-34DC.pdf\" target=\"_blank\" rel=\"noopener\">Fiche d&rsquo;information<\/a><\/p>\n","protected":false},"featured_media":6568,"comment_status":"open","ping_status":"closed","template":"","meta":[],"product_brand":[],"product_cat":[15],"product_tag":[],"class_list":{"0":"post-5646","1":"product","2":"type-product","3":"status-publish","4":"has-post-thumbnail","6":"product_cat-electricity-meters","8":"first","9":"instock","10":"shipping-taxable","11":"product-type-simple"},"yoast_head":"<!-- This site is optimized with the Yoast SEO plugin v27.4 - https:\/\/yoast.com\/product\/yoast-seo-wordpress\/ -->\n<title>MAGNO 34 DC<\/title>\n<meta name=\"robots\" content=\"index, follow, max-snippet:-1, max-image-preview:large, max-video-preview:-1\" \/>\n<link rel=\"canonical\" href=\"https:\/\/edmpco.com\/fr\/product\/magno-34\/\" \/>\n<meta property=\"og:locale\" content=\"fr_FR\" \/>\n<meta property=\"og:locale:alternate\" content=\"en_US\" \/>\n<meta property=\"og:locale:alternate\" content=\"es_ES\" \/>\n<meta property=\"og:type\" content=\"article\" \/>\n<meta property=\"og:title\" content=\"MAGNO 34 DC\" \/>\n<meta property=\"og:description\" content=\"Magno 34 est un compteur pr\u00e9pay\u00e9 triphas\u00e9 polyvalent con\u00e7u pour pour la surveillance compl\u00e8te du r\u00e9seau \u00e9lectrique, le contr\u00f4le de la charge, d\u00e9tection d&#039;effraction et capacit\u00e9s de distribution automatique. Il int\u00e8gre Fonctions anti-sabotage avanc\u00e9es visant \u00e0 am\u00e9liorer l&#039;utilit\u00e9 revenus et la r\u00e9duction des pertes de ligne. Ce compteur est conforme \u00e0 la norme STS\/CTS et utilise le protocole ouvert DLMS\/COSEM, assurant la compatibilit\u00e9 et l&#039;interop\u00e9rabilit\u00e9 avec divers syst\u00e8mes. Il sert de solution pour les clients r\u00e9sidentiels et commerciaux, offrant des performances et une fiabilit\u00e9 robustes. Fiche d&#039;information\" \/>\n<meta property=\"og:url\" content=\"https:\/\/edmpco.com\/fr\/product\/magno-34\/\" \/>\n<meta property=\"og:site_name\" content=\"Edmpco\" \/>\n<meta property=\"article:modified_time\" content=\"2026-03-18T05:50:55+00:00\" \/>\n<meta property=\"og:image\" content=\"https:\/\/edmpco.com\/wp-content\/uploads\/2025\/11\/Magno-34-DC-1.jpg\" \/>\n\t<meta property=\"og:image:width\" content=\"1458\" \/>\n\t<meta property=\"og:image:height\" content=\"1875\" \/>\n\t<meta property=\"og:image:type\" content=\"image\/jpeg\" \/>\n<meta name=\"twitter:card\" content=\"summary_large_image\" \/>\n<meta name=\"twitter:label1\" content=\"Dur\u00e9e de lecture estim\u00e9e\" \/>\n\t<meta name=\"twitter:data1\" content=\"1 minute\" \/>\n<script type=\"application\/ld+json\" class=\"yoast-schema-graph\">{\"@context\":\"https:\\\/\\\/schema.org\",\"@graph\":[{\"@type\":\"WebPage\",\"@id\":\"https:\\\/\\\/edmpco.com\\\/fr\\\/product\\\/magno-34\\\/\",\"url\":\"https:\\\/\\\/edmpco.com\\\/fr\\\/product\\\/magno-34\\\/\",\"name\":\"MAGNO 34 DC\",\"isPartOf\":{\"@id\":\"https:\\\/\\\/edmpco.com\\\/#website\"},\"primaryImageOfPage\":{\"@id\":\"https:\\\/\\\/edmpco.com\\\/fr\\\/product\\\/magno-34\\\/#primaryimage\"},\"image\":{\"@id\":\"https:\\\/\\\/edmpco.com\\\/fr\\\/product\\\/magno-34\\\/#primaryimage\"},\"thumbnailUrl\":\"https:\\\/\\\/edmpco.com\\\/wp-content\\\/uploads\\\/2025\\\/11\\\/Magno-34-DC-1.jpg\",\"datePublished\":\"2025-11-01T13:45:18+00:00\",\"dateModified\":\"2026-03-18T05:50:55+00:00\",\"breadcrumb\":{\"@id\":\"https:\\\/\\\/edmpco.com\\\/fr\\\/product\\\/magno-34\\\/#breadcrumb\"},\"inLanguage\":\"fr-FR\",\"potentialAction\":[{\"@type\":\"ReadAction\",\"target\":[\"https:\\\/\\\/edmpco.com\\\/fr\\\/product\\\/magno-34\\\/\"]}]},{\"@type\":\"ImageObject\",\"inLanguage\":\"fr-FR\",\"@id\":\"https:\\\/\\\/edmpco.com\\\/fr\\\/product\\\/magno-34\\\/#primaryimage\",\"url\":\"https:\\\/\\\/edmpco.com\\\/wp-content\\\/uploads\\\/2025\\\/11\\\/Magno-34-DC-1.jpg\",\"contentUrl\":\"https:\\\/\\\/edmpco.com\\\/wp-content\\\/uploads\\\/2025\\\/11\\\/Magno-34-DC-1.jpg\",\"width\":1458,\"height\":1875},{\"@type\":\"BreadcrumbList\",\"@id\":\"https:\\\/\\\/edmpco.com\\\/fr\\\/product\\\/magno-34\\\/#breadcrumb\",\"itemListElement\":[{\"@type\":\"ListItem\",\"position\":1,\"name\":\"Home\",\"item\":\"https:\\\/\\\/edmpco.com\\\/\"},{\"@type\":\"ListItem\",\"position\":2,\"name\":\"Shop\",\"item\":\"https:\\\/\\\/edmpco.com\\\/shop\\\/\"},{\"@type\":\"ListItem\",\"position\":3,\"name\":\"MAGNO 34 DC\"}]},{\"@type\":\"WebSite\",\"@id\":\"https:\\\/\\\/edmpco.com\\\/#website\",\"url\":\"https:\\\/\\\/edmpco.com\\\/\",\"name\":\"Edmpco\",\"description\":\"Engineering, Design, Management & Planning | Product Show\",\"publisher\":{\"@id\":\"https:\\\/\\\/edmpco.com\\\/#organization\"},\"potentialAction\":[{\"@type\":\"SearchAction\",\"target\":{\"@type\":\"EntryPoint\",\"urlTemplate\":\"https:\\\/\\\/edmpco.com\\\/?s={search_term_string}\"},\"query-input\":{\"@type\":\"PropertyValueSpecification\",\"valueRequired\":true,\"valueName\":\"search_term_string\"}}],\"inLanguage\":\"fr-FR\"},{\"@type\":\"Organization\",\"@id\":\"https:\\\/\\\/edmpco.com\\\/#organization\",\"name\":\"Edmpco\",\"url\":\"https:\\\/\\\/edmpco.com\\\/\",\"logo\":{\"@type\":\"ImageObject\",\"inLanguage\":\"fr-FR\",\"@id\":\"https:\\\/\\\/edmpco.com\\\/#\\\/schema\\\/logo\\\/image\\\/\",\"url\":\"https:\\\/\\\/edmpco.com\\\/wp-content\\\/uploads\\\/2025\\\/10\\\/EDMP.svg\",\"contentUrl\":\"https:\\\/\\\/edmpco.com\\\/wp-content\\\/uploads\\\/2025\\\/10\\\/EDMP.svg\",\"width\":350,\"height\":105,\"caption\":\"Edmpco\"},\"image\":{\"@id\":\"https:\\\/\\\/edmpco.com\\\/#\\\/schema\\\/logo\\\/image\\\/\"}}]}<\/script>\n<!-- \/ Yoast SEO plugin. -->","yoast_head_json":{"title":"MAGNO 34 DC","robots":{"index":"index","follow":"follow","max-snippet":"max-snippet:-1","max-image-preview":"max-image-preview:large","max-video-preview":"max-video-preview:-1"},"canonical":"https:\/\/edmpco.com\/fr\/product\/magno-34\/","og_locale":"fr_FR","og_type":"article","og_title":"[:en]Magno 34 DC[:es]MAGNO 34 DC[:fr]MAGNO 34 DC[:] - Edmpco","og_description":"Magno 34 est un compteur pr\u00e9pay\u00e9 triphas\u00e9 polyvalent con\u00e7u pour pour la surveillance compl\u00e8te du r\u00e9seau \u00e9lectrique, le contr\u00f4le de la charge, d\u00e9tection d'effraction et capacit\u00e9s de distribution automatique. Il int\u00e8gre Fonctions anti-sabotage avanc\u00e9es visant \u00e0 am\u00e9liorer l'utilit\u00e9 revenus et la r\u00e9duction des pertes de ligne. Ce compteur est conforme \u00e0 la norme STS\/CTS et utilise le protocole ouvert DLMS\/COSEM, assurant la compatibilit\u00e9 et l'interop\u00e9rabilit\u00e9 avec divers syst\u00e8mes. Il sert de solution pour les clients r\u00e9sidentiels et commerciaux, offrant des performances et une fiabilit\u00e9 robustes. Fiche d'information","og_url":"https:\/\/edmpco.com\/fr\/product\/magno-34\/","og_site_name":"Edmpco","article_modified_time":"2026-03-18T05:50:55+00:00","og_image":[{"width":1458,"height":1875,"url":"https:\/\/edmpco.com\/wp-content\/uploads\/2025\/11\/Magno-34-DC-1.jpg","type":"image\/jpeg"}],"twitter_card":"summary_large_image","twitter_misc":{"Dur\u00e9e de lecture estim\u00e9e":"1 minute"},"schema":{"@context":"https:\/\/schema.org","@graph":[{"@type":"WebPage","@id":"https:\/\/edmpco.com\/fr\/product\/magno-34\/","url":"https:\/\/edmpco.com\/fr\/product\/magno-34\/","name":"MAGNO 34 DC","isPartOf":{"@id":"https:\/\/edmpco.com\/#website"},"primaryImageOfPage":{"@id":"https:\/\/edmpco.com\/fr\/product\/magno-34\/#primaryimage"},"image":{"@id":"https:\/\/edmpco.com\/fr\/product\/magno-34\/#primaryimage"},"thumbnailUrl":"https:\/\/edmpco.com\/wp-content\/uploads\/2025\/11\/Magno-34-DC-1.jpg","datePublished":"2025-11-01T13:45:18+00:00","dateModified":"2026-03-18T05:50:55+00:00","breadcrumb":{"@id":"https:\/\/edmpco.com\/fr\/product\/magno-34\/#breadcrumb"},"inLanguage":"fr-FR","potentialAction":[{"@type":"ReadAction","target":["https:\/\/edmpco.com\/fr\/product\/magno-34\/"]}]},{"@type":"ImageObject","inLanguage":"fr-FR","@id":"https:\/\/edmpco.com\/fr\/product\/magno-34\/#primaryimage","url":"https:\/\/edmpco.com\/wp-content\/uploads\/2025\/11\/Magno-34-DC-1.jpg","contentUrl":"https:\/\/edmpco.com\/wp-content\/uploads\/2025\/11\/Magno-34-DC-1.jpg","width":1458,"height":1875},{"@type":"BreadcrumbList","@id":"https:\/\/edmpco.com\/fr\/product\/magno-34\/#breadcrumb","itemListElement":[{"@type":"ListItem","position":1,"name":"Home","item":"https:\/\/edmpco.com\/"},{"@type":"ListItem","position":2,"name":"Shop","item":"https:\/\/edmpco.com\/shop\/"},{"@type":"ListItem","position":3,"name":"MAGNO 34 DC"}]},{"@type":"WebSite","@id":"https:\/\/edmpco.com\/#website","url":"https:\/\/edmpco.com\/","name":"Edmpco","description":"Engineering, Design, Management & Planning | Product Show","publisher":{"@id":"https:\/\/edmpco.com\/#organization"},"potentialAction":[{"@type":"SearchAction","target":{"@type":"EntryPoint","urlTemplate":"https:\/\/edmpco.com\/?s={search_term_string}"},"query-input":{"@type":"PropertyValueSpecification","valueRequired":true,"valueName":"search_term_string"}}],"inLanguage":"fr-FR"},{"@type":"Organization","@id":"https:\/\/edmpco.com\/#organization","name":"Edmpco","url":"https:\/\/edmpco.com\/","logo":{"@type":"ImageObject","inLanguage":"fr-FR","@id":"https:\/\/edmpco.com\/#\/schema\/logo\/image\/","url":"https:\/\/edmpco.com\/wp-content\/uploads\/2025\/10\/EDMP.svg","contentUrl":"https:\/\/edmpco.com\/wp-content\/uploads\/2025\/10\/EDMP.svg","width":350,"height":105,"caption":"Edmpco"},"image":{"@id":"https:\/\/edmpco.com\/#\/schema\/logo\/image\/"}}]}},"_links":{"self":[{"href":"https:\/\/edmpco.com\/fr\/wp-json\/wp\/v2\/product\/5646","targetHints":{"allow":["GET"]}}],"collection":[{"href":"https:\/\/edmpco.com\/fr\/wp-json\/wp\/v2\/product"}],"about":[{"href":"https:\/\/edmpco.com\/fr\/wp-json\/wp\/v2\/types\/product"}],"replies":[{"embeddable":true,"href":"https:\/\/edmpco.com\/fr\/wp-json\/wp\/v2\/comments?post=5646"}],"wp:featuredmedia":[{"embeddable":true,"href":"https:\/\/edmpco.com\/fr\/wp-json\/wp\/v2\/media\/6568"}],"wp:attachment":[{"href":"https:\/\/edmpco.com\/fr\/wp-json\/wp\/v2\/media?parent=5646"}],"wp:term":[{"taxonomy":"product_brand","embeddable":true,"href":"https:\/\/edmpco.com\/fr\/wp-json\/wp\/v2\/product_brand?post=5646"},{"taxonomy":"product_cat","embeddable":true,"href":"https:\/\/edmpco.com\/fr\/wp-json\/wp\/v2\/product_cat?post=5646"},{"taxonomy":"product_tag","embeddable":true,"href":"https:\/\/edmpco.com\/fr\/wp-json\/wp\/v2\/product_tag?post=5646"}],"curies":[{"name":"wp","href":"https:\/\/api.w.org\/{rel}","templated":true}]}}