{"id":5655,"date":"2025-11-01T08:00:14","date_gmt":"2025-11-01T08:00:14","guid":{"rendered":"https:\/\/edmpco.com\/?post_type=product&#038;p=5655"},"modified":"2026-03-24T06:48:13","modified_gmt":"2026-03-24T06:48:13","slug":"5655","status":"publish","type":"product","link":"https:\/\/edmpco.com\/fr\/product\/5655\/","title":{"rendered":"MEGA X PQ"},"content":{"rendered":"<p>Pr\u00e9sentation du Mega X PQ, un compteur intelligent avanc\u00e9 sp\u00e9cialement con\u00e7u pour les centrales \u00e9lectriques, les sous-stations HT et MT,<br \/>\nr\u00e9seau de transport d&rsquo;\u00e9lectricit\u00e9, et les grandes applications industrielles, avec un Se concentrer principalement sur la surveillance de la qualit\u00e9 de l&rsquo;\u00e9nergie. Il d\u00e9passe la CEI Pr\u00e9cision de classe 0.2S et normes MID de classe C, offrant Pr\u00e9cision in\u00e9gal\u00e9e dans les mesures de qualit\u00e9 de l&rsquo;\u00e9nergie. Le Mega X PQ est conforme \u00e0 la norme CEI 61000-4-30 (\u00e9dition 3) pour Analyse avanc\u00e9e de la qualit\u00e9 de l&rsquo;\u00e9nergie, fournissant des informations approfondies en baisses de tension, harmoniques, transitoires et scintillement. Avec 12kV<br \/>\nprotection contre les impulsions et conforme aux normes de s\u00e9curit\u00e9 CEI 62052-31, Il assure un fonctionnement fiable et s\u00fbr. Ce compteur est parfait pour les services publics et les grands clients industriels \u00e0 la recherche d&rsquo;une surveillance de la qualit\u00e9 de l&rsquo;\u00e9nergie, offrant des donn\u00e9es en temps r\u00e9el et performances pour optimiser la stabilit\u00e9 et le fonctionnement du r\u00e9seau efficacit\u00e9. Le Mega X PQ \u00e9tablit une nouvelle norme en mati\u00e8re de puissance surveillance de la qualit\u00e9 dans les syst\u00e8mes de comptage intelligents, permettant une meilleure la prise de d\u00e9cision et la garantie de la fiabilit\u00e9 du r\u00e9seau.<\/p>\n","protected":false},"excerpt":{"rendered":"<p>Pr\u00e9sentation du Mega X PQ, un compteur intelligent avanc\u00e9 sp\u00e9cialement con\u00e7u pour les centrales \u00e9lectriques, les sous-stations HT et MT, r\u00e9seau de transport d&rsquo;\u00e9lectricit\u00e9, et les grandes applications industrielles, avec un Se concentrer principalement sur la surveillance de la qualit\u00e9 de l&rsquo;\u00e9nergie. Il d\u00e9passe la CEI Pr\u00e9cision de classe 0.2S et normes MID de classe C, offrant Pr\u00e9cision in\u00e9gal\u00e9e dans les mesures de qualit\u00e9 de l&rsquo;\u00e9nergie. Le Mega X PQ est conforme \u00e0 la norme CEI 61000-4-30 (\u00e9dition 3) pour Analyse avanc\u00e9e de la qualit\u00e9 de l&rsquo;\u00e9nergie, fournissant des informations approfondies en baisses de tension, harmoniques, transitoires et scintillement. Avec 12kV protection contre les impulsions et conforme aux normes de s\u00e9curit\u00e9 CEI 62052-31, Il assure un fonctionnement fiable et s\u00fbr. Ce compteur est parfait pour les services publics et les grands clients industriels \u00e0 la recherche d&rsquo;une surveillance de la qualit\u00e9 de l&rsquo;\u00e9nergie, offrant des donn\u00e9es en temps r\u00e9el et performances pour optimiser la stabilit\u00e9 et le fonctionnement du r\u00e9seau efficacit\u00e9. Le Mega X PQ \u00e9tablit une nouvelle norme en mati\u00e8re de puissance surveillance de la qualit\u00e9 dans les syst\u00e8mes de comptage intelligents, permettant une meilleure la prise de d\u00e9cision et la garantie de la fiabilit\u00e9 du r\u00e9seau.<\/p>\n<p><a class=\"psacp-rdmr-btn\" href=\"https:\/\/edmpco.com\/wp-content\/uploads\/2025\/11\/Mega-X-PQ.pdf\" target=\"_blank\" rel=\"noopener\">Fiche d&rsquo;information<\/a><\/p>\n","protected":false},"featured_media":6575,"comment_status":"open","ping_status":"closed","template":"","meta":[],"product_brand":[],"product_cat":[15],"product_tag":[],"class_list":{"0":"post-5655","1":"product","2":"type-product","3":"status-publish","4":"has-post-thumbnail","6":"product_cat-electricity-meters","8":"first","9":"instock","10":"shipping-taxable","11":"product-type-simple"},"yoast_head":"<!-- This site is optimized with the Yoast SEO plugin v27.4 - https:\/\/yoast.com\/product\/yoast-seo-wordpress\/ -->\n<title>MEGA X PQ<\/title>\n<meta name=\"robots\" content=\"index, follow, max-snippet:-1, max-image-preview:large, max-video-preview:-1\" \/>\n<link rel=\"canonical\" href=\"https:\/\/edmpco.com\/fr\/product\/5655\/\" \/>\n<meta property=\"og:locale\" content=\"fr_FR\" \/>\n<meta property=\"og:locale:alternate\" content=\"en_US\" \/>\n<meta property=\"og:locale:alternate\" content=\"es_ES\" \/>\n<meta property=\"og:type\" content=\"article\" \/>\n<meta property=\"og:title\" content=\"MEGA X PQ\" \/>\n<meta property=\"og:description\" content=\"Pr\u00e9sentation du Mega X PQ, un compteur intelligent avanc\u00e9 sp\u00e9cialement con\u00e7u pour les centrales \u00e9lectriques, les sous-stations HT et MT, r\u00e9seau de transport d&#039;\u00e9lectricit\u00e9, et les grandes applications industrielles, avec un Se concentrer principalement sur la surveillance de la qualit\u00e9 de l&#039;\u00e9nergie. Il d\u00e9passe la CEI Pr\u00e9cision de classe 0.2S et normes MID de classe C, offrant Pr\u00e9cision in\u00e9gal\u00e9e dans les mesures de qualit\u00e9 de l&#039;\u00e9nergie. Le Mega X PQ est conforme \u00e0 la norme CEI 61000-4-30 (\u00e9dition 3) pour Analyse avanc\u00e9e de la qualit\u00e9 de l&#039;\u00e9nergie, fournissant des informations approfondies en baisses de tension, harmoniques, transitoires et scintillement. Avec 12kV protection contre les impulsions et conforme aux normes de s\u00e9curit\u00e9 CEI 62052-31, Il assure un fonctionnement fiable et s\u00fbr. Ce compteur est parfait pour les services publics et les grands clients industriels \u00e0 la recherche d&#039;une surveillance de la qualit\u00e9 de l&#039;\u00e9nergie, offrant des donn\u00e9es en temps r\u00e9el et performances pour optimiser la stabilit\u00e9 et le fonctionnement du r\u00e9seau efficacit\u00e9. Le Mega X PQ \u00e9tablit une nouvelle norme en mati\u00e8re de puissance surveillance de la qualit\u00e9 dans les syst\u00e8mes de comptage intelligents, permettant une meilleure la prise de d\u00e9cision et la garantie de la fiabilit\u00e9 du r\u00e9seau.   Fiche d&#039;information\" \/>\n<meta property=\"og:url\" content=\"https:\/\/edmpco.com\/fr\/product\/5655\/\" \/>\n<meta property=\"og:site_name\" content=\"Edmpco\" \/>\n<meta property=\"article:modified_time\" content=\"2026-03-24T06:48:13+00:00\" \/>\n<meta property=\"og:image\" content=\"https:\/\/edmpco.com\/wp-content\/uploads\/2025\/11\/Mega-X-PQ-1.jpg\" \/>\n\t<meta property=\"og:image:width\" content=\"1458\" \/>\n\t<meta property=\"og:image:height\" content=\"1875\" \/>\n\t<meta property=\"og:image:type\" content=\"image\/jpeg\" \/>\n<meta name=\"twitter:card\" content=\"summary_large_image\" \/>\n<meta name=\"twitter:label1\" content=\"Dur\u00e9e de lecture estim\u00e9e\" \/>\n\t<meta name=\"twitter:data1\" content=\"2 minutes\" \/>\n<script type=\"application\/ld+json\" class=\"yoast-schema-graph\">{\"@context\":\"https:\\\/\\\/schema.org\",\"@graph\":[{\"@type\":\"WebPage\",\"@id\":\"https:\\\/\\\/edmpco.com\\\/fr\\\/product\\\/5655\\\/\",\"url\":\"https:\\\/\\\/edmpco.com\\\/fr\\\/product\\\/5655\\\/\",\"name\":\"MEGA X PQ\",\"isPartOf\":{\"@id\":\"https:\\\/\\\/edmpco.com\\\/#website\"},\"primaryImageOfPage\":{\"@id\":\"https:\\\/\\\/edmpco.com\\\/fr\\\/product\\\/5655\\\/#primaryimage\"},\"image\":{\"@id\":\"https:\\\/\\\/edmpco.com\\\/fr\\\/product\\\/5655\\\/#primaryimage\"},\"thumbnailUrl\":\"https:\\\/\\\/edmpco.com\\\/wp-content\\\/uploads\\\/2025\\\/11\\\/Mega-X-PQ-1.jpg\",\"datePublished\":\"2025-11-01T08:00:14+00:00\",\"dateModified\":\"2026-03-24T06:48:13+00:00\",\"breadcrumb\":{\"@id\":\"https:\\\/\\\/edmpco.com\\\/fr\\\/product\\\/5655\\\/#breadcrumb\"},\"inLanguage\":\"fr-FR\",\"potentialAction\":[{\"@type\":\"ReadAction\",\"target\":[\"https:\\\/\\\/edmpco.com\\\/fr\\\/product\\\/5655\\\/\"]}]},{\"@type\":\"ImageObject\",\"inLanguage\":\"fr-FR\",\"@id\":\"https:\\\/\\\/edmpco.com\\\/fr\\\/product\\\/5655\\\/#primaryimage\",\"url\":\"https:\\\/\\\/edmpco.com\\\/wp-content\\\/uploads\\\/2025\\\/11\\\/Mega-X-PQ-1.jpg\",\"contentUrl\":\"https:\\\/\\\/edmpco.com\\\/wp-content\\\/uploads\\\/2025\\\/11\\\/Mega-X-PQ-1.jpg\",\"width\":1458,\"height\":1875},{\"@type\":\"BreadcrumbList\",\"@id\":\"https:\\\/\\\/edmpco.com\\\/fr\\\/product\\\/5655\\\/#breadcrumb\",\"itemListElement\":[{\"@type\":\"ListItem\",\"position\":1,\"name\":\"Home\",\"item\":\"https:\\\/\\\/edmpco.com\\\/\"},{\"@type\":\"ListItem\",\"position\":2,\"name\":\"Shop\",\"item\":\"https:\\\/\\\/edmpco.com\\\/shop\\\/\"},{\"@type\":\"ListItem\",\"position\":3,\"name\":\"MEGA X PQ\"}]},{\"@type\":\"WebSite\",\"@id\":\"https:\\\/\\\/edmpco.com\\\/#website\",\"url\":\"https:\\\/\\\/edmpco.com\\\/\",\"name\":\"Edmpco\",\"description\":\"Engineering, Design, Management & Planning | Product Show\",\"publisher\":{\"@id\":\"https:\\\/\\\/edmpco.com\\\/#organization\"},\"potentialAction\":[{\"@type\":\"SearchAction\",\"target\":{\"@type\":\"EntryPoint\",\"urlTemplate\":\"https:\\\/\\\/edmpco.com\\\/?s={search_term_string}\"},\"query-input\":{\"@type\":\"PropertyValueSpecification\",\"valueRequired\":true,\"valueName\":\"search_term_string\"}}],\"inLanguage\":\"fr-FR\"},{\"@type\":\"Organization\",\"@id\":\"https:\\\/\\\/edmpco.com\\\/#organization\",\"name\":\"Edmpco\",\"url\":\"https:\\\/\\\/edmpco.com\\\/\",\"logo\":{\"@type\":\"ImageObject\",\"inLanguage\":\"fr-FR\",\"@id\":\"https:\\\/\\\/edmpco.com\\\/#\\\/schema\\\/logo\\\/image\\\/\",\"url\":\"https:\\\/\\\/edmpco.com\\\/wp-content\\\/uploads\\\/2025\\\/10\\\/EDMP.svg\",\"contentUrl\":\"https:\\\/\\\/edmpco.com\\\/wp-content\\\/uploads\\\/2025\\\/10\\\/EDMP.svg\",\"width\":350,\"height\":105,\"caption\":\"Edmpco\"},\"image\":{\"@id\":\"https:\\\/\\\/edmpco.com\\\/#\\\/schema\\\/logo\\\/image\\\/\"}}]}<\/script>\n<!-- \/ Yoast SEO plugin. -->","yoast_head_json":{"title":"MEGA X PQ","robots":{"index":"index","follow":"follow","max-snippet":"max-snippet:-1","max-image-preview":"max-image-preview:large","max-video-preview":"max-video-preview:-1"},"canonical":"https:\/\/edmpco.com\/fr\/product\/5655\/","og_locale":"fr_FR","og_type":"article","og_title":"[:en]Mega X PQ[:es]MEGA X PQ[:fr]MEGA X PQ[:] - Edmpco","og_description":"Pr\u00e9sentation du Mega X PQ, un compteur intelligent avanc\u00e9 sp\u00e9cialement con\u00e7u pour les centrales \u00e9lectriques, les sous-stations HT et MT, r\u00e9seau de transport d'\u00e9lectricit\u00e9, et les grandes applications industrielles, avec un Se concentrer principalement sur la surveillance de la qualit\u00e9 de l'\u00e9nergie. Il d\u00e9passe la CEI Pr\u00e9cision de classe 0.2S et normes MID de classe C, offrant Pr\u00e9cision in\u00e9gal\u00e9e dans les mesures de qualit\u00e9 de l'\u00e9nergie. Le Mega X PQ est conforme \u00e0 la norme CEI 61000-4-30 (\u00e9dition 3) pour Analyse avanc\u00e9e de la qualit\u00e9 de l'\u00e9nergie, fournissant des informations approfondies en baisses de tension, harmoniques, transitoires et scintillement. Avec 12kV protection contre les impulsions et conforme aux normes de s\u00e9curit\u00e9 CEI 62052-31, Il assure un fonctionnement fiable et s\u00fbr. Ce compteur est parfait pour les services publics et les grands clients industriels \u00e0 la recherche d'une surveillance de la qualit\u00e9 de l'\u00e9nergie, offrant des donn\u00e9es en temps r\u00e9el et performances pour optimiser la stabilit\u00e9 et le fonctionnement du r\u00e9seau efficacit\u00e9. Le Mega X PQ \u00e9tablit une nouvelle norme en mati\u00e8re de puissance surveillance de la qualit\u00e9 dans les syst\u00e8mes de comptage intelligents, permettant une meilleure la prise de d\u00e9cision et la garantie de la fiabilit\u00e9 du r\u00e9seau.   Fiche d'information","og_url":"https:\/\/edmpco.com\/fr\/product\/5655\/","og_site_name":"Edmpco","article_modified_time":"2026-03-24T06:48:13+00:00","og_image":[{"width":1458,"height":1875,"url":"https:\/\/edmpco.com\/wp-content\/uploads\/2025\/11\/Mega-X-PQ-1.jpg","type":"image\/jpeg"}],"twitter_card":"summary_large_image","twitter_misc":{"Dur\u00e9e de lecture estim\u00e9e":"2 minutes"},"schema":{"@context":"https:\/\/schema.org","@graph":[{"@type":"WebPage","@id":"https:\/\/edmpco.com\/fr\/product\/5655\/","url":"https:\/\/edmpco.com\/fr\/product\/5655\/","name":"MEGA X PQ","isPartOf":{"@id":"https:\/\/edmpco.com\/#website"},"primaryImageOfPage":{"@id":"https:\/\/edmpco.com\/fr\/product\/5655\/#primaryimage"},"image":{"@id":"https:\/\/edmpco.com\/fr\/product\/5655\/#primaryimage"},"thumbnailUrl":"https:\/\/edmpco.com\/wp-content\/uploads\/2025\/11\/Mega-X-PQ-1.jpg","datePublished":"2025-11-01T08:00:14+00:00","dateModified":"2026-03-24T06:48:13+00:00","breadcrumb":{"@id":"https:\/\/edmpco.com\/fr\/product\/5655\/#breadcrumb"},"inLanguage":"fr-FR","potentialAction":[{"@type":"ReadAction","target":["https:\/\/edmpco.com\/fr\/product\/5655\/"]}]},{"@type":"ImageObject","inLanguage":"fr-FR","@id":"https:\/\/edmpco.com\/fr\/product\/5655\/#primaryimage","url":"https:\/\/edmpco.com\/wp-content\/uploads\/2025\/11\/Mega-X-PQ-1.jpg","contentUrl":"https:\/\/edmpco.com\/wp-content\/uploads\/2025\/11\/Mega-X-PQ-1.jpg","width":1458,"height":1875},{"@type":"BreadcrumbList","@id":"https:\/\/edmpco.com\/fr\/product\/5655\/#breadcrumb","itemListElement":[{"@type":"ListItem","position":1,"name":"Home","item":"https:\/\/edmpco.com\/"},{"@type":"ListItem","position":2,"name":"Shop","item":"https:\/\/edmpco.com\/shop\/"},{"@type":"ListItem","position":3,"name":"MEGA X PQ"}]},{"@type":"WebSite","@id":"https:\/\/edmpco.com\/#website","url":"https:\/\/edmpco.com\/","name":"Edmpco","description":"Engineering, Design, Management & Planning | Product Show","publisher":{"@id":"https:\/\/edmpco.com\/#organization"},"potentialAction":[{"@type":"SearchAction","target":{"@type":"EntryPoint","urlTemplate":"https:\/\/edmpco.com\/?s={search_term_string}"},"query-input":{"@type":"PropertyValueSpecification","valueRequired":true,"valueName":"search_term_string"}}],"inLanguage":"fr-FR"},{"@type":"Organization","@id":"https:\/\/edmpco.com\/#organization","name":"Edmpco","url":"https:\/\/edmpco.com\/","logo":{"@type":"ImageObject","inLanguage":"fr-FR","@id":"https:\/\/edmpco.com\/#\/schema\/logo\/image\/","url":"https:\/\/edmpco.com\/wp-content\/uploads\/2025\/10\/EDMP.svg","contentUrl":"https:\/\/edmpco.com\/wp-content\/uploads\/2025\/10\/EDMP.svg","width":350,"height":105,"caption":"Edmpco"},"image":{"@id":"https:\/\/edmpco.com\/#\/schema\/logo\/image\/"}}]}},"_links":{"self":[{"href":"https:\/\/edmpco.com\/fr\/wp-json\/wp\/v2\/product\/5655","targetHints":{"allow":["GET"]}}],"collection":[{"href":"https:\/\/edmpco.com\/fr\/wp-json\/wp\/v2\/product"}],"about":[{"href":"https:\/\/edmpco.com\/fr\/wp-json\/wp\/v2\/types\/product"}],"replies":[{"embeddable":true,"href":"https:\/\/edmpco.com\/fr\/wp-json\/wp\/v2\/comments?post=5655"}],"wp:featuredmedia":[{"embeddable":true,"href":"https:\/\/edmpco.com\/fr\/wp-json\/wp\/v2\/media\/6575"}],"wp:attachment":[{"href":"https:\/\/edmpco.com\/fr\/wp-json\/wp\/v2\/media?parent=5655"}],"wp:term":[{"taxonomy":"product_brand","embeddable":true,"href":"https:\/\/edmpco.com\/fr\/wp-json\/wp\/v2\/product_brand?post=5655"},{"taxonomy":"product_cat","embeddable":true,"href":"https:\/\/edmpco.com\/fr\/wp-json\/wp\/v2\/product_cat?post=5655"},{"taxonomy":"product_tag","embeddable":true,"href":"https:\/\/edmpco.com\/fr\/wp-json\/wp\/v2\/product_tag?post=5655"}],"curies":[{"name":"wp","href":"https:\/\/api.w.org\/{rel}","templated":true}]}}