{"id":5658,"date":"2025-11-01T15:16:12","date_gmt":"2025-11-01T15:16:12","guid":{"rendered":"https:\/\/edmpco.com\/?post_type=product&#038;p=5658"},"modified":"2026-03-17T10:33:25","modified_gmt":"2026-03-17T10:33:25","slug":"magno-30","status":"publish","type":"product","link":"https:\/\/edmpco.com\/fr\/product\/magno-30\/","title":{"rendered":"MAGNO 30"},"content":{"rendered":"<p>Le Magno 30 est un compteur d&rsquo;\u00e9lectricit\u00e9 intelligent de pointe con\u00e7u pour sur les normes ANSI pour l&rsquo;\u00e9nergie r\u00e9sidentielle et industrielle en fournissant une solution flexible pour les initiatives d&rsquo;AMI. Il Offre un ensemble complet de fonctionnalit\u00e9s, y compris le r\u00e9seau \u00e9lectrique surveillance, contr\u00f4le de charge, d\u00e9tection d&rsquo;effraction et distribution automatique fonctions, ce qui en fait une solution id\u00e9ale pour les applications r\u00e9sidentielles et industrielles Applications. Le Magno 30 am\u00e9liore les op\u00e9rations des services publics en fournissant des informations en temps r\u00e9el sur la consommation d&rsquo;\u00e9nergie, ce qui permet d&rsquo;en savoir plus une gestion efficace de l&rsquo;\u00e9nergie. Il est \u00e9quip\u00e9 d&rsquo;un syst\u00e8me anti-des capacit\u00e9s d&rsquo;anti-sabotage qui prot\u00e8gent contre la fraude et minimisent les files d&rsquo;attente pertes, ce qui augmente les revenus des services publics et am\u00e9liore l&rsquo;ensemble l&rsquo;int\u00e9grit\u00e9 du r\u00e9seau. Enti\u00e8rement conforme aux normes DLMS\/COSEM et ANSI C12.18, C12.19.<\/p>\n","protected":false},"excerpt":{"rendered":"<p>Le Magno 30 est un compteur d&rsquo;\u00e9lectricit\u00e9 intelligent de pointe con\u00e7u pour sur les normes ANSI pour l&rsquo;\u00e9nergie r\u00e9sidentielle et industrielle en fournissant une solution flexible pour les initiatives d&rsquo;AMI. Il Offre un ensemble complet de fonctionnalit\u00e9s, y compris le r\u00e9seau \u00e9lectrique surveillance, contr\u00f4le de charge, d\u00e9tection d&rsquo;effraction et distribution automatique fonctions, ce qui en fait une solution id\u00e9ale pour les applications r\u00e9sidentielles et industrielles Applications. Le Magno 30 am\u00e9liore les op\u00e9rations des services publics en fournissant des informations en temps r\u00e9el sur la consommation d&rsquo;\u00e9nergie, ce qui permet d&rsquo;en savoir plus une gestion efficace de l&rsquo;\u00e9nergie. Il est \u00e9quip\u00e9 d&rsquo;un syst\u00e8me anti-des capacit\u00e9s d&rsquo;anti-sabotage qui prot\u00e8gent contre la fraude et minimisent les files d&rsquo;attente pertes, ce qui augmente les revenus des services publics et am\u00e9liore l&rsquo;ensemble l&rsquo;int\u00e9grit\u00e9 du r\u00e9seau. Enti\u00e8rement conforme aux normes DLMS\/COSEM et ANSI C12.18, C12.19.<\/p>\n<p><a class=\"psacp-rdmr-btn\" href=\"https:\/\/edmpco.com\/wp-content\/uploads\/2025\/11\/Magno-30-3.pdf\" target=\"_blank\" rel=\"noopener\">Fiche d&rsquo;information<\/a><\/p>\n","protected":false},"featured_media":6576,"comment_status":"open","ping_status":"closed","template":"","meta":[],"product_brand":[],"product_cat":[15],"product_tag":[],"class_list":{"0":"post-5658","1":"product","2":"type-product","3":"status-publish","4":"has-post-thumbnail","6":"product_cat-electricity-meters","8":"first","9":"instock","10":"shipping-taxable","11":"product-type-simple"},"yoast_head":"<!-- This site is optimized with the Yoast SEO plugin v27.4 - https:\/\/yoast.com\/product\/yoast-seo-wordpress\/ -->\n<title>MAGNO 30<\/title>\n<meta name=\"robots\" content=\"index, follow, max-snippet:-1, max-image-preview:large, max-video-preview:-1\" \/>\n<link rel=\"canonical\" href=\"https:\/\/edmpco.com\/fr\/product\/magno-30\/\" \/>\n<meta property=\"og:locale\" content=\"fr_FR\" \/>\n<meta property=\"og:locale:alternate\" content=\"en_US\" \/>\n<meta property=\"og:locale:alternate\" content=\"es_ES\" \/>\n<meta property=\"og:type\" content=\"article\" \/>\n<meta property=\"og:title\" content=\"MAGNO 30\" \/>\n<meta property=\"og:description\" content=\"Le Magno 30 est un compteur d&#039;\u00e9lectricit\u00e9 intelligent de pointe con\u00e7u pour sur les normes ANSI pour l&#039;\u00e9nergie r\u00e9sidentielle et industrielle en fournissant une solution flexible pour les initiatives d&#039;AMI. Il Offre un ensemble complet de fonctionnalit\u00e9s, y compris le r\u00e9seau \u00e9lectrique surveillance, contr\u00f4le de charge, d\u00e9tection d&#039;effraction et distribution automatique fonctions, ce qui en fait une solution id\u00e9ale pour les applications r\u00e9sidentielles et industrielles Applications. Le Magno 30 am\u00e9liore les op\u00e9rations des services publics en fournissant des informations en temps r\u00e9el sur la consommation d&#039;\u00e9nergie, ce qui permet d&#039;en savoir plus une gestion efficace de l&#039;\u00e9nergie. Il est \u00e9quip\u00e9 d&#039;un syst\u00e8me anti-des capacit\u00e9s d&#039;anti-sabotage qui prot\u00e8gent contre la fraude et minimisent les files d&#039;attente pertes, ce qui augmente les revenus des services publics et am\u00e9liore l&#039;ensemble l&#039;int\u00e9grit\u00e9 du r\u00e9seau. Enti\u00e8rement conforme aux normes DLMS\/COSEM et ANSI C12.18, C12.19.   Fiche d&#039;information\" \/>\n<meta property=\"og:url\" content=\"https:\/\/edmpco.com\/fr\/product\/magno-30\/\" \/>\n<meta property=\"og:site_name\" content=\"Edmpco\" \/>\n<meta property=\"article:modified_time\" content=\"2026-03-17T10:33:25+00:00\" \/>\n<meta property=\"og:image\" content=\"https:\/\/edmpco.com\/wp-content\/uploads\/2025\/11\/Magno-30-1.jpg\" \/>\n\t<meta property=\"og:image:width\" content=\"1458\" \/>\n\t<meta property=\"og:image:height\" content=\"1875\" \/>\n\t<meta property=\"og:image:type\" content=\"image\/jpeg\" \/>\n<meta name=\"twitter:card\" content=\"summary_large_image\" \/>\n<meta name=\"twitter:label1\" content=\"Dur\u00e9e de lecture estim\u00e9e\" \/>\n\t<meta name=\"twitter:data1\" content=\"1 minute\" \/>\n<script type=\"application\/ld+json\" class=\"yoast-schema-graph\">{\"@context\":\"https:\\\/\\\/schema.org\",\"@graph\":[{\"@type\":\"WebPage\",\"@id\":\"https:\\\/\\\/edmpco.com\\\/fr\\\/product\\\/magno-30\\\/\",\"url\":\"https:\\\/\\\/edmpco.com\\\/fr\\\/product\\\/magno-30\\\/\",\"name\":\"MAGNO 30\",\"isPartOf\":{\"@id\":\"https:\\\/\\\/edmpco.com\\\/#website\"},\"primaryImageOfPage\":{\"@id\":\"https:\\\/\\\/edmpco.com\\\/fr\\\/product\\\/magno-30\\\/#primaryimage\"},\"image\":{\"@id\":\"https:\\\/\\\/edmpco.com\\\/fr\\\/product\\\/magno-30\\\/#primaryimage\"},\"thumbnailUrl\":\"https:\\\/\\\/edmpco.com\\\/wp-content\\\/uploads\\\/2025\\\/11\\\/Magno-30-1.jpg\",\"datePublished\":\"2025-11-01T15:16:12+00:00\",\"dateModified\":\"2026-03-17T10:33:25+00:00\",\"breadcrumb\":{\"@id\":\"https:\\\/\\\/edmpco.com\\\/fr\\\/product\\\/magno-30\\\/#breadcrumb\"},\"inLanguage\":\"fr-FR\",\"potentialAction\":[{\"@type\":\"ReadAction\",\"target\":[\"https:\\\/\\\/edmpco.com\\\/fr\\\/product\\\/magno-30\\\/\"]}]},{\"@type\":\"ImageObject\",\"inLanguage\":\"fr-FR\",\"@id\":\"https:\\\/\\\/edmpco.com\\\/fr\\\/product\\\/magno-30\\\/#primaryimage\",\"url\":\"https:\\\/\\\/edmpco.com\\\/wp-content\\\/uploads\\\/2025\\\/11\\\/Magno-30-1.jpg\",\"contentUrl\":\"https:\\\/\\\/edmpco.com\\\/wp-content\\\/uploads\\\/2025\\\/11\\\/Magno-30-1.jpg\",\"width\":1458,\"height\":1875},{\"@type\":\"BreadcrumbList\",\"@id\":\"https:\\\/\\\/edmpco.com\\\/fr\\\/product\\\/magno-30\\\/#breadcrumb\",\"itemListElement\":[{\"@type\":\"ListItem\",\"position\":1,\"name\":\"Home\",\"item\":\"https:\\\/\\\/edmpco.com\\\/\"},{\"@type\":\"ListItem\",\"position\":2,\"name\":\"Shop\",\"item\":\"https:\\\/\\\/edmpco.com\\\/shop\\\/\"},{\"@type\":\"ListItem\",\"position\":3,\"name\":\"MAGNO 30\"}]},{\"@type\":\"WebSite\",\"@id\":\"https:\\\/\\\/edmpco.com\\\/#website\",\"url\":\"https:\\\/\\\/edmpco.com\\\/\",\"name\":\"Edmpco\",\"description\":\"Engineering, Design, Management & Planning | Product Show\",\"publisher\":{\"@id\":\"https:\\\/\\\/edmpco.com\\\/#organization\"},\"potentialAction\":[{\"@type\":\"SearchAction\",\"target\":{\"@type\":\"EntryPoint\",\"urlTemplate\":\"https:\\\/\\\/edmpco.com\\\/?s={search_term_string}\"},\"query-input\":{\"@type\":\"PropertyValueSpecification\",\"valueRequired\":true,\"valueName\":\"search_term_string\"}}],\"inLanguage\":\"fr-FR\"},{\"@type\":\"Organization\",\"@id\":\"https:\\\/\\\/edmpco.com\\\/#organization\",\"name\":\"Edmpco\",\"url\":\"https:\\\/\\\/edmpco.com\\\/\",\"logo\":{\"@type\":\"ImageObject\",\"inLanguage\":\"fr-FR\",\"@id\":\"https:\\\/\\\/edmpco.com\\\/#\\\/schema\\\/logo\\\/image\\\/\",\"url\":\"https:\\\/\\\/edmpco.com\\\/wp-content\\\/uploads\\\/2025\\\/10\\\/EDMP.svg\",\"contentUrl\":\"https:\\\/\\\/edmpco.com\\\/wp-content\\\/uploads\\\/2025\\\/10\\\/EDMP.svg\",\"width\":350,\"height\":105,\"caption\":\"Edmpco\"},\"image\":{\"@id\":\"https:\\\/\\\/edmpco.com\\\/#\\\/schema\\\/logo\\\/image\\\/\"}}]}<\/script>\n<!-- \/ Yoast SEO plugin. -->","yoast_head_json":{"title":"MAGNO 30","robots":{"index":"index","follow":"follow","max-snippet":"max-snippet:-1","max-image-preview":"max-image-preview:large","max-video-preview":"max-video-preview:-1"},"canonical":"https:\/\/edmpco.com\/fr\/product\/magno-30\/","og_locale":"fr_FR","og_type":"article","og_title":"[:en]Magno 30[:es]MAGNO 30[:fr]MAGNO 30[:] - Edmpco","og_description":"Le Magno 30 est un compteur d'\u00e9lectricit\u00e9 intelligent de pointe con\u00e7u pour sur les normes ANSI pour l'\u00e9nergie r\u00e9sidentielle et industrielle en fournissant une solution flexible pour les initiatives d'AMI. Il Offre un ensemble complet de fonctionnalit\u00e9s, y compris le r\u00e9seau \u00e9lectrique surveillance, contr\u00f4le de charge, d\u00e9tection d'effraction et distribution automatique fonctions, ce qui en fait une solution id\u00e9ale pour les applications r\u00e9sidentielles et industrielles Applications. Le Magno 30 am\u00e9liore les op\u00e9rations des services publics en fournissant des informations en temps r\u00e9el sur la consommation d'\u00e9nergie, ce qui permet d'en savoir plus une gestion efficace de l'\u00e9nergie. Il est \u00e9quip\u00e9 d'un syst\u00e8me anti-des capacit\u00e9s d'anti-sabotage qui prot\u00e8gent contre la fraude et minimisent les files d'attente pertes, ce qui augmente les revenus des services publics et am\u00e9liore l'ensemble l'int\u00e9grit\u00e9 du r\u00e9seau. Enti\u00e8rement conforme aux normes DLMS\/COSEM et ANSI C12.18, C12.19.   Fiche d'information","og_url":"https:\/\/edmpco.com\/fr\/product\/magno-30\/","og_site_name":"Edmpco","article_modified_time":"2026-03-17T10:33:25+00:00","og_image":[{"width":1458,"height":1875,"url":"https:\/\/edmpco.com\/wp-content\/uploads\/2025\/11\/Magno-30-1.jpg","type":"image\/jpeg"}],"twitter_card":"summary_large_image","twitter_misc":{"Dur\u00e9e de lecture estim\u00e9e":"1 minute"},"schema":{"@context":"https:\/\/schema.org","@graph":[{"@type":"WebPage","@id":"https:\/\/edmpco.com\/fr\/product\/magno-30\/","url":"https:\/\/edmpco.com\/fr\/product\/magno-30\/","name":"MAGNO 30","isPartOf":{"@id":"https:\/\/edmpco.com\/#website"},"primaryImageOfPage":{"@id":"https:\/\/edmpco.com\/fr\/product\/magno-30\/#primaryimage"},"image":{"@id":"https:\/\/edmpco.com\/fr\/product\/magno-30\/#primaryimage"},"thumbnailUrl":"https:\/\/edmpco.com\/wp-content\/uploads\/2025\/11\/Magno-30-1.jpg","datePublished":"2025-11-01T15:16:12+00:00","dateModified":"2026-03-17T10:33:25+00:00","breadcrumb":{"@id":"https:\/\/edmpco.com\/fr\/product\/magno-30\/#breadcrumb"},"inLanguage":"fr-FR","potentialAction":[{"@type":"ReadAction","target":["https:\/\/edmpco.com\/fr\/product\/magno-30\/"]}]},{"@type":"ImageObject","inLanguage":"fr-FR","@id":"https:\/\/edmpco.com\/fr\/product\/magno-30\/#primaryimage","url":"https:\/\/edmpco.com\/wp-content\/uploads\/2025\/11\/Magno-30-1.jpg","contentUrl":"https:\/\/edmpco.com\/wp-content\/uploads\/2025\/11\/Magno-30-1.jpg","width":1458,"height":1875},{"@type":"BreadcrumbList","@id":"https:\/\/edmpco.com\/fr\/product\/magno-30\/#breadcrumb","itemListElement":[{"@type":"ListItem","position":1,"name":"Home","item":"https:\/\/edmpco.com\/"},{"@type":"ListItem","position":2,"name":"Shop","item":"https:\/\/edmpco.com\/shop\/"},{"@type":"ListItem","position":3,"name":"MAGNO 30"}]},{"@type":"WebSite","@id":"https:\/\/edmpco.com\/#website","url":"https:\/\/edmpco.com\/","name":"Edmpco","description":"Engineering, Design, Management & Planning | Product Show","publisher":{"@id":"https:\/\/edmpco.com\/#organization"},"potentialAction":[{"@type":"SearchAction","target":{"@type":"EntryPoint","urlTemplate":"https:\/\/edmpco.com\/?s={search_term_string}"},"query-input":{"@type":"PropertyValueSpecification","valueRequired":true,"valueName":"search_term_string"}}],"inLanguage":"fr-FR"},{"@type":"Organization","@id":"https:\/\/edmpco.com\/#organization","name":"Edmpco","url":"https:\/\/edmpco.com\/","logo":{"@type":"ImageObject","inLanguage":"fr-FR","@id":"https:\/\/edmpco.com\/#\/schema\/logo\/image\/","url":"https:\/\/edmpco.com\/wp-content\/uploads\/2025\/10\/EDMP.svg","contentUrl":"https:\/\/edmpco.com\/wp-content\/uploads\/2025\/10\/EDMP.svg","width":350,"height":105,"caption":"Edmpco"},"image":{"@id":"https:\/\/edmpco.com\/#\/schema\/logo\/image\/"}}]}},"_links":{"self":[{"href":"https:\/\/edmpco.com\/fr\/wp-json\/wp\/v2\/product\/5658","targetHints":{"allow":["GET"]}}],"collection":[{"href":"https:\/\/edmpco.com\/fr\/wp-json\/wp\/v2\/product"}],"about":[{"href":"https:\/\/edmpco.com\/fr\/wp-json\/wp\/v2\/types\/product"}],"replies":[{"embeddable":true,"href":"https:\/\/edmpco.com\/fr\/wp-json\/wp\/v2\/comments?post=5658"}],"wp:featuredmedia":[{"embeddable":true,"href":"https:\/\/edmpco.com\/fr\/wp-json\/wp\/v2\/media\/6576"}],"wp:attachment":[{"href":"https:\/\/edmpco.com\/fr\/wp-json\/wp\/v2\/media?parent=5658"}],"wp:term":[{"taxonomy":"product_brand","embeddable":true,"href":"https:\/\/edmpco.com\/fr\/wp-json\/wp\/v2\/product_brand?post=5658"},{"taxonomy":"product_cat","embeddable":true,"href":"https:\/\/edmpco.com\/fr\/wp-json\/wp\/v2\/product_cat?post=5658"},{"taxonomy":"product_tag","embeddable":true,"href":"https:\/\/edmpco.com\/fr\/wp-json\/wp\/v2\/product_tag?post=5658"}],"curies":[{"name":"wp","href":"https:\/\/api.w.org\/{rel}","templated":true}]}}