{"id":5701,"date":"2025-11-04T12:00:05","date_gmt":"2025-11-04T12:00:05","guid":{"rendered":"https:\/\/edmpco.com\/?post_type=product&#038;p=5701"},"modified":"2026-03-18T09:13:33","modified_gmt":"2026-03-18T09:13:33","slug":"gridpuls-plc","status":"publish","type":"product","link":"https:\/\/edmpco.com\/fr\/product\/gridpuls-plc\/","title":{"rendered":"GridPuls-PLC"},"content":{"rendered":"<p>Le GridPuls-PLC est un G3PLC Data avanc\u00e9 et intelligent Unit\u00e9 de concentration (DCU) con\u00e7ue pour fonctionner comme un Passerelle pour les applications de r\u00e9seaux intelligents modernes. Il comprend modem GPRS\/3G\/4G plug-and-play et Ethernet RJ45 connectivit\u00e9, permettant une communication \u00e0 distance transparente pour une gestion et un suivi efficaces des donn\u00e9es. Avec son options de r\u00e9seau flexibles, le GridPuls-PLC est capable de s&rsquo;adaptant \u00e0 diverses installations, allant du r\u00e9sidentiel aux petits environnements commerciaux, et peut prendre en charge le r\u00e9seau intelligent initiatives en toute simplicit\u00e9. Sa conception assure une int\u00e9gration en douceur dans diverses configurations de r\u00e9seau, y compris G3PLC, permet une collecte fiable et en temps r\u00e9el des donn\u00e9es de compteur une vari\u00e9t\u00e9 de cas d&rsquo;utilisation.<\/p>\n","protected":false},"excerpt":{"rendered":"<p>Le GridPuls-PLC est un G3PLC Data avanc\u00e9 et intelligent Unit\u00e9 de concentration (DCU) con\u00e7ue pour fonctionner comme un Passerelle pour les applications de r\u00e9seaux intelligents modernes. Il comprend modem GPRS\/3G\/4G plug-and-play et Ethernet RJ45 connectivit\u00e9, permettant une communication \u00e0 distance transparente pour une gestion et un suivi efficaces des donn\u00e9es. Avec son options de r\u00e9seau flexibles, le GridPuls-PLC est capable de s&rsquo;adaptant \u00e0 diverses installations, allant du r\u00e9sidentiel aux petits environnements commerciaux, et peut prendre en charge le r\u00e9seau intelligent initiatives en toute simplicit\u00e9. Sa conception assure une int\u00e9gration en douceur dans diverses configurations de r\u00e9seau, y compris G3PLC, permet une collecte fiable et en temps r\u00e9el des donn\u00e9es de compteur une vari\u00e9t\u00e9 de cas d&rsquo;utilisation.<\/p>\n<p><a class=\"psacp-rdmr-btn\" href=\"https:\/\/edmpco.com\/wp-content\/uploads\/2025\/11\/GridPuls-PLC.pdf\" target=\"_blank\" rel=\"noopener\">Ficha informativa<\/a><\/p>\n","protected":false},"featured_media":6449,"comment_status":"open","ping_status":"closed","template":"","meta":[],"product_brand":[],"product_cat":[51],"product_tag":[],"class_list":{"0":"post-5701","1":"product","2":"type-product","3":"status-publish","4":"has-post-thumbnail","6":"product_cat-communication-technologies","8":"first","9":"instock","10":"shipping-taxable","11":"product-type-simple"},"yoast_head":"<!-- This site is optimized with the Yoast SEO plugin v27.4 - https:\/\/yoast.com\/product\/yoast-seo-wordpress\/ -->\n<title>GridPuls-PLC<\/title>\n<meta name=\"robots\" content=\"index, follow, max-snippet:-1, max-image-preview:large, max-video-preview:-1\" \/>\n<link rel=\"canonical\" href=\"https:\/\/edmpco.com\/fr\/product\/gridpuls-plc\/\" \/>\n<meta property=\"og:locale\" content=\"fr_FR\" \/>\n<meta property=\"og:locale:alternate\" content=\"en_US\" \/>\n<meta property=\"og:locale:alternate\" content=\"es_ES\" \/>\n<meta property=\"og:type\" content=\"article\" \/>\n<meta property=\"og:title\" content=\"GridPuls-PLC\" \/>\n<meta property=\"og:description\" content=\"Le GridPuls-PLC est un G3PLC Data avanc\u00e9 et intelligent Unit\u00e9 de concentration (DCU) con\u00e7ue pour fonctionner comme un Passerelle pour les applications de r\u00e9seaux intelligents modernes. Il comprend modem GPRS\/3G\/4G plug-and-play et Ethernet RJ45 connectivit\u00e9, permettant une communication \u00e0 distance transparente pour une gestion et un suivi efficaces des donn\u00e9es. Avec son options de r\u00e9seau flexibles, le GridPuls-PLC est capable de s&#039;adaptant \u00e0 diverses installations, allant du r\u00e9sidentiel aux petits environnements commerciaux, et peut prendre en charge le r\u00e9seau intelligent initiatives en toute simplicit\u00e9. Sa conception assure une int\u00e9gration en douceur dans diverses configurations de r\u00e9seau, y compris G3PLC, permet une collecte fiable et en temps r\u00e9el des donn\u00e9es de compteur une vari\u00e9t\u00e9 de cas d&#039;utilisation.  Ficha informativa\" \/>\n<meta property=\"og:url\" content=\"https:\/\/edmpco.com\/fr\/product\/gridpuls-plc\/\" \/>\n<meta property=\"og:site_name\" content=\"Edmpco\" \/>\n<meta property=\"article:modified_time\" content=\"2026-03-18T09:13:33+00:00\" \/>\n<meta property=\"og:image\" content=\"https:\/\/edmpco.com\/wp-content\/uploads\/2025\/11\/GridPuls-PLC.jpg\" \/>\n\t<meta property=\"og:image:width\" content=\"1458\" \/>\n\t<meta property=\"og:image:height\" content=\"1875\" \/>\n\t<meta property=\"og:image:type\" content=\"image\/jpeg\" \/>\n<meta name=\"twitter:card\" content=\"summary_large_image\" \/>\n<meta name=\"twitter:label1\" content=\"Dur\u00e9e de lecture estim\u00e9e\" \/>\n\t<meta name=\"twitter:data1\" content=\"1 minute\" \/>\n<script type=\"application\/ld+json\" class=\"yoast-schema-graph\">{\"@context\":\"https:\\\/\\\/schema.org\",\"@graph\":[{\"@type\":\"WebPage\",\"@id\":\"https:\\\/\\\/edmpco.com\\\/fr\\\/product\\\/gridpuls-plc\\\/\",\"url\":\"https:\\\/\\\/edmpco.com\\\/fr\\\/product\\\/gridpuls-plc\\\/\",\"name\":\"GridPuls-PLC\",\"isPartOf\":{\"@id\":\"https:\\\/\\\/edmpco.com\\\/#website\"},\"primaryImageOfPage\":{\"@id\":\"https:\\\/\\\/edmpco.com\\\/fr\\\/product\\\/gridpuls-plc\\\/#primaryimage\"},\"image\":{\"@id\":\"https:\\\/\\\/edmpco.com\\\/fr\\\/product\\\/gridpuls-plc\\\/#primaryimage\"},\"thumbnailUrl\":\"https:\\\/\\\/edmpco.com\\\/wp-content\\\/uploads\\\/2025\\\/11\\\/GridPuls-PLC.jpg\",\"datePublished\":\"2025-11-04T12:00:05+00:00\",\"dateModified\":\"2026-03-18T09:13:33+00:00\",\"breadcrumb\":{\"@id\":\"https:\\\/\\\/edmpco.com\\\/fr\\\/product\\\/gridpuls-plc\\\/#breadcrumb\"},\"inLanguage\":\"fr-FR\",\"potentialAction\":[{\"@type\":\"ReadAction\",\"target\":[\"https:\\\/\\\/edmpco.com\\\/fr\\\/product\\\/gridpuls-plc\\\/\"]}]},{\"@type\":\"ImageObject\",\"inLanguage\":\"fr-FR\",\"@id\":\"https:\\\/\\\/edmpco.com\\\/fr\\\/product\\\/gridpuls-plc\\\/#primaryimage\",\"url\":\"https:\\\/\\\/edmpco.com\\\/wp-content\\\/uploads\\\/2025\\\/11\\\/GridPuls-PLC.jpg\",\"contentUrl\":\"https:\\\/\\\/edmpco.com\\\/wp-content\\\/uploads\\\/2025\\\/11\\\/GridPuls-PLC.jpg\",\"width\":1458,\"height\":1875},{\"@type\":\"BreadcrumbList\",\"@id\":\"https:\\\/\\\/edmpco.com\\\/fr\\\/product\\\/gridpuls-plc\\\/#breadcrumb\",\"itemListElement\":[{\"@type\":\"ListItem\",\"position\":1,\"name\":\"Home\",\"item\":\"https:\\\/\\\/edmpco.com\\\/\"},{\"@type\":\"ListItem\",\"position\":2,\"name\":\"Shop\",\"item\":\"https:\\\/\\\/edmpco.com\\\/shop\\\/\"},{\"@type\":\"ListItem\",\"position\":3,\"name\":\"GridPuls-PLC\"}]},{\"@type\":\"WebSite\",\"@id\":\"https:\\\/\\\/edmpco.com\\\/#website\",\"url\":\"https:\\\/\\\/edmpco.com\\\/\",\"name\":\"Edmpco\",\"description\":\"Engineering, Design, Management & Planning | Product Show\",\"publisher\":{\"@id\":\"https:\\\/\\\/edmpco.com\\\/#organization\"},\"potentialAction\":[{\"@type\":\"SearchAction\",\"target\":{\"@type\":\"EntryPoint\",\"urlTemplate\":\"https:\\\/\\\/edmpco.com\\\/?s={search_term_string}\"},\"query-input\":{\"@type\":\"PropertyValueSpecification\",\"valueRequired\":true,\"valueName\":\"search_term_string\"}}],\"inLanguage\":\"fr-FR\"},{\"@type\":\"Organization\",\"@id\":\"https:\\\/\\\/edmpco.com\\\/#organization\",\"name\":\"Edmpco\",\"url\":\"https:\\\/\\\/edmpco.com\\\/\",\"logo\":{\"@type\":\"ImageObject\",\"inLanguage\":\"fr-FR\",\"@id\":\"https:\\\/\\\/edmpco.com\\\/#\\\/schema\\\/logo\\\/image\\\/\",\"url\":\"https:\\\/\\\/edmpco.com\\\/wp-content\\\/uploads\\\/2025\\\/10\\\/EDMP.svg\",\"contentUrl\":\"https:\\\/\\\/edmpco.com\\\/wp-content\\\/uploads\\\/2025\\\/10\\\/EDMP.svg\",\"width\":350,\"height\":105,\"caption\":\"Edmpco\"},\"image\":{\"@id\":\"https:\\\/\\\/edmpco.com\\\/#\\\/schema\\\/logo\\\/image\\\/\"}}]}<\/script>\n<!-- \/ Yoast SEO plugin. -->","yoast_head_json":{"title":"GridPuls-PLC","robots":{"index":"index","follow":"follow","max-snippet":"max-snippet:-1","max-image-preview":"max-image-preview:large","max-video-preview":"max-video-preview:-1"},"canonical":"https:\/\/edmpco.com\/fr\/product\/gridpuls-plc\/","og_locale":"fr_FR","og_type":"article","og_title":"[:en]GridPuls-PLC[:es]PLC GridPuls[:fr]GridPuls-PLC[:] - Edmpco","og_description":"Le GridPuls-PLC est un G3PLC Data avanc\u00e9 et intelligent Unit\u00e9 de concentration (DCU) con\u00e7ue pour fonctionner comme un Passerelle pour les applications de r\u00e9seaux intelligents modernes. Il comprend modem GPRS\/3G\/4G plug-and-play et Ethernet RJ45 connectivit\u00e9, permettant une communication \u00e0 distance transparente pour une gestion et un suivi efficaces des donn\u00e9es. Avec son options de r\u00e9seau flexibles, le GridPuls-PLC est capable de s'adaptant \u00e0 diverses installations, allant du r\u00e9sidentiel aux petits environnements commerciaux, et peut prendre en charge le r\u00e9seau intelligent initiatives en toute simplicit\u00e9. Sa conception assure une int\u00e9gration en douceur dans diverses configurations de r\u00e9seau, y compris G3PLC, permet une collecte fiable et en temps r\u00e9el des donn\u00e9es de compteur une vari\u00e9t\u00e9 de cas d'utilisation.  Ficha informativa","og_url":"https:\/\/edmpco.com\/fr\/product\/gridpuls-plc\/","og_site_name":"Edmpco","article_modified_time":"2026-03-18T09:13:33+00:00","og_image":[{"width":1458,"height":1875,"url":"https:\/\/edmpco.com\/wp-content\/uploads\/2025\/11\/GridPuls-PLC.jpg","type":"image\/jpeg"}],"twitter_card":"summary_large_image","twitter_misc":{"Dur\u00e9e de lecture estim\u00e9e":"1 minute"},"schema":{"@context":"https:\/\/schema.org","@graph":[{"@type":"WebPage","@id":"https:\/\/edmpco.com\/fr\/product\/gridpuls-plc\/","url":"https:\/\/edmpco.com\/fr\/product\/gridpuls-plc\/","name":"GridPuls-PLC","isPartOf":{"@id":"https:\/\/edmpco.com\/#website"},"primaryImageOfPage":{"@id":"https:\/\/edmpco.com\/fr\/product\/gridpuls-plc\/#primaryimage"},"image":{"@id":"https:\/\/edmpco.com\/fr\/product\/gridpuls-plc\/#primaryimage"},"thumbnailUrl":"https:\/\/edmpco.com\/wp-content\/uploads\/2025\/11\/GridPuls-PLC.jpg","datePublished":"2025-11-04T12:00:05+00:00","dateModified":"2026-03-18T09:13:33+00:00","breadcrumb":{"@id":"https:\/\/edmpco.com\/fr\/product\/gridpuls-plc\/#breadcrumb"},"inLanguage":"fr-FR","potentialAction":[{"@type":"ReadAction","target":["https:\/\/edmpco.com\/fr\/product\/gridpuls-plc\/"]}]},{"@type":"ImageObject","inLanguage":"fr-FR","@id":"https:\/\/edmpco.com\/fr\/product\/gridpuls-plc\/#primaryimage","url":"https:\/\/edmpco.com\/wp-content\/uploads\/2025\/11\/GridPuls-PLC.jpg","contentUrl":"https:\/\/edmpco.com\/wp-content\/uploads\/2025\/11\/GridPuls-PLC.jpg","width":1458,"height":1875},{"@type":"BreadcrumbList","@id":"https:\/\/edmpco.com\/fr\/product\/gridpuls-plc\/#breadcrumb","itemListElement":[{"@type":"ListItem","position":1,"name":"Home","item":"https:\/\/edmpco.com\/"},{"@type":"ListItem","position":2,"name":"Shop","item":"https:\/\/edmpco.com\/shop\/"},{"@type":"ListItem","position":3,"name":"GridPuls-PLC"}]},{"@type":"WebSite","@id":"https:\/\/edmpco.com\/#website","url":"https:\/\/edmpco.com\/","name":"Edmpco","description":"Engineering, Design, Management & Planning | Product Show","publisher":{"@id":"https:\/\/edmpco.com\/#organization"},"potentialAction":[{"@type":"SearchAction","target":{"@type":"EntryPoint","urlTemplate":"https:\/\/edmpco.com\/?s={search_term_string}"},"query-input":{"@type":"PropertyValueSpecification","valueRequired":true,"valueName":"search_term_string"}}],"inLanguage":"fr-FR"},{"@type":"Organization","@id":"https:\/\/edmpco.com\/#organization","name":"Edmpco","url":"https:\/\/edmpco.com\/","logo":{"@type":"ImageObject","inLanguage":"fr-FR","@id":"https:\/\/edmpco.com\/#\/schema\/logo\/image\/","url":"https:\/\/edmpco.com\/wp-content\/uploads\/2025\/10\/EDMP.svg","contentUrl":"https:\/\/edmpco.com\/wp-content\/uploads\/2025\/10\/EDMP.svg","width":350,"height":105,"caption":"Edmpco"},"image":{"@id":"https:\/\/edmpco.com\/#\/schema\/logo\/image\/"}}]}},"_links":{"self":[{"href":"https:\/\/edmpco.com\/fr\/wp-json\/wp\/v2\/product\/5701","targetHints":{"allow":["GET"]}}],"collection":[{"href":"https:\/\/edmpco.com\/fr\/wp-json\/wp\/v2\/product"}],"about":[{"href":"https:\/\/edmpco.com\/fr\/wp-json\/wp\/v2\/types\/product"}],"replies":[{"embeddable":true,"href":"https:\/\/edmpco.com\/fr\/wp-json\/wp\/v2\/comments?post=5701"}],"wp:featuredmedia":[{"embeddable":true,"href":"https:\/\/edmpco.com\/fr\/wp-json\/wp\/v2\/media\/6449"}],"wp:attachment":[{"href":"https:\/\/edmpco.com\/fr\/wp-json\/wp\/v2\/media?parent=5701"}],"wp:term":[{"taxonomy":"product_brand","embeddable":true,"href":"https:\/\/edmpco.com\/fr\/wp-json\/wp\/v2\/product_brand?post=5701"},{"taxonomy":"product_cat","embeddable":true,"href":"https:\/\/edmpco.com\/fr\/wp-json\/wp\/v2\/product_cat?post=5701"},{"taxonomy":"product_tag","embeddable":true,"href":"https:\/\/edmpco.com\/fr\/wp-json\/wp\/v2\/product_tag?post=5701"}],"curies":[{"name":"wp","href":"https:\/\/api.w.org\/{rel}","templated":true}]}}