{"id":5710,"date":"2025-11-03T09:00:52","date_gmt":"2025-11-03T09:00:52","guid":{"rendered":"https:\/\/edmpco.com\/?post_type=product&#038;p=5710"},"modified":"2025-11-06T10:53:20","modified_gmt":"2025-11-06T10:53:20","slug":"gridlynk-platform","status":"publish","type":"product","link":"https:\/\/edmpco.com\/fr\/product\/gridlynk-platform\/","title":{"rendered":"Plateforme GridLynk"},"content":{"rendered":"<p class=\"p1\">GridLynk est une plate-forme logicielle int\u00e9gr\u00e9e con\u00e7ue pour offrir aux services publics une suite compl\u00e8te de solutions pour g\u00e9rer leur infrastructure \u00e9nerg\u00e9tique. Cette plate-forme tout-en-un comprend une gamme de syst\u00e8mes, chacun sp\u00e9cialement con\u00e7u pour rationaliser et am\u00e9liorer diff\u00e9rents aspects de la gestion de l&rsquo;\u00e9nergie. Qu&rsquo;il s&rsquo;agisse de collecter des donn\u00e9es, de g\u00e9rer les relations avec les clients ou d&rsquo;optimiser les performances des actifs, GridLynk fournit aux services publics les outils avanc\u00e9s dont ils ont besoin pour fonctionner efficacement, r\u00e9duire les co\u00fbts et am\u00e9liorer la prestation de services. La conception modulaire de la plate-forme permet une flexibilit\u00e9 et une \u00e9volutivit\u00e9, ce qui lui permet de s&rsquo;adapter aux besoins de n&rsquo;importe quel service public.<\/p>\n<p class=\"p3\"><strong>Composants cl\u00e9s de la plateforme GridLynk<\/strong><\/p>\n<p class=\"p1\">Les syst\u00e8mes de base de la plateforme GridLynk comprennent GridLynk HES (Head End System), qui permet une collecte de donn\u00e9es et une communication efficaces entre les compteurs intelligents et les syst\u00e8mes de services publics ; GridLynk MDM (Meter Data Management), con\u00e7u pour traiter et g\u00e9rer de grands volumes de donn\u00e9es pour une facturation, des rapports et des analyses pr\u00e9cis ; GridLynk Pr\u00e9paiement, qui offre une solution de comptage pr\u00e9pay\u00e9 transparente pour les services publics et les clients ; GridLynk Billing, un syst\u00e8me efficace qui garantit une facturation pr\u00e9cise et rapide pour les consommateurs ; et GridLynk Asset Management, qui aide les services publics \u00e0 surveiller et \u00e0 g\u00e9rer leur infrastructure. De plus, GridLynk CRM (Customer Relationship Management) am\u00e9liore le service et l&rsquo;engagement client, tandis que GridLynk WFM (Workforce Management) optimise les op\u00e9rations sur le terrain, en veillant \u00e0 ce que les ressources soient utilis\u00e9es efficacement.<\/p>\n<p class=\"p3\"><strong>Fonctionnalit\u00e9s et avantages avanc\u00e9s<\/strong><\/p>\n<p>&nbsp;<\/p>\n<p class=\"p1\">GridLynk est con\u00e7u pour am\u00e9liorer l&rsquo;efficacit\u00e9 op\u00e9rationnelle des services publics en int\u00e9grant des fonctionnalit\u00e9s d&rsquo;analyse avanc\u00e9e, de surveillance en temps r\u00e9el et de reportent. Il fournit aux services publics des informations pr\u00e9cieuses sur les mod\u00e8les de consommation d&rsquo;\u00e9nergie, la qualit\u00e9 de l&rsquo;\u00e9nergie et les performances op\u00e9rationnelles, ce qui permet une meilleure prise de d\u00e9cision et une gestion plus proactive. La capacit\u00e9 de la plateforme \u00e0 s&rsquo;int\u00e9grer de mani\u00e8re transparente aux syst\u00e8mes existants augmente sa valeur, permettant aux services publics d&rsquo;optimiser leur infrastructure existante sans interruption. Avec GridLynk, les services publics peuvent non seulement rationaliser les processus, mais aussi p\u00e9renniser leurs op\u00e9rations gr\u00e2ce \u00e0 une solution flexible et \u00e9volutive qui s&rsquo;adapte \u00e0 l&rsquo;\u00e9volution des besoins de l&rsquo;industrie.<\/p>\n<p>&nbsp;<\/p>\n","protected":false},"excerpt":{"rendered":"<p class=\"p1\">GridLynk est une plate-forme logicielle int\u00e9gr\u00e9e con\u00e7ue pour offrir aux services publics une suite compl\u00e8te de solutions pour g\u00e9rer leur infrastructure \u00e9nerg\u00e9tique. Cette plate-forme tout-en-un comprend une gamme de syst\u00e8mes, chacun sp\u00e9cialement con\u00e7u pour rationaliser et am\u00e9liorer diff\u00e9rents aspects de la gestion de l&rsquo;\u00e9nergie. Qu&rsquo;il s&rsquo;agisse de collecter des donn\u00e9es, de g\u00e9rer les relations avec les clients ou d&rsquo;optimiser les performances des actifs, GridLynk fournit aux services publics les outils avanc\u00e9s dont ils ont besoin pour fonctionner efficacement, r\u00e9duire les co\u00fbts et am\u00e9liorer la prestation de services. La conception modulaire de la plate-forme permet une flexibilit\u00e9 et une \u00e9volutivit\u00e9, ce qui lui permet de s&rsquo;adapter aux besoins de n&rsquo;importe quel service public.<\/p>\n<p class=\"p3\"><strong>Composants cl\u00e9s de la plateforme GridLynk<\/strong><\/p>\n<p class=\"p1\">Les syst\u00e8mes de base de la plateforme GridLynk comprennent GridLynk HES (Head End System), qui permet une collecte de donn\u00e9es et une communication efficaces entre les compteurs intelligents et les syst\u00e8mes de services publics ; GridLynk MDM (Meter Data Management), con\u00e7u pour traiter et g\u00e9rer de grands volumes de donn\u00e9es pour une facturation, des rapports et des analyses pr\u00e9cis ; GridLynk Pr\u00e9paiement, qui offre une solution de comptage pr\u00e9pay\u00e9 transparente pour les services publics et les clients ; GridLynk Billing, un syst\u00e8me efficace qui garantit une facturation pr\u00e9cise et rapide pour les consommateurs ; et GridLynk Asset Management, qui aide les services publics \u00e0 surveiller et \u00e0 g\u00e9rer leur infrastructure. De plus, GridLynk CRM (Customer Relationship Management) am\u00e9liore le service et l&rsquo;engagement client, tandis que GridLynk WFM (Workforce Management) optimise les op\u00e9rations sur le terrain, en veillant \u00e0 ce que les ressources soient utilis\u00e9es efficacement.<\/p>\n<p class=\"p3\"><strong>Fonctionnalit\u00e9s et avantages avanc\u00e9s<\/strong><\/p>\n<p>&nbsp;<\/p>\n<p class=\"p1\">GridLynk est con\u00e7u pour am\u00e9liorer l&rsquo;efficacit\u00e9 op\u00e9rationnelle des services publics en int\u00e9grant des fonctionnalit\u00e9s d&rsquo;analyse avanc\u00e9e, de surveillance en temps r\u00e9el et de reportent. Il fournit aux services publics des informations pr\u00e9cieuses sur les mod\u00e8les de consommation d&rsquo;\u00e9nergie, la qualit\u00e9 de l&rsquo;\u00e9nergie et les performances op\u00e9rationnelles, ce qui permet une meilleure prise de d\u00e9cision et une gestion plus proactive. La capacit\u00e9 de la plateforme \u00e0 s&rsquo;int\u00e9grer de mani\u00e8re transparente aux syst\u00e8mes existants augmente sa valeur, permettant aux services publics d&rsquo;optimiser leur infrastructure existante sans interruption. Avec GridLynk, les services publics peuvent non seulement rationaliser les processus, mais aussi p\u00e9renniser leurs op\u00e9rations gr\u00e2ce \u00e0 une solution flexible et \u00e9volutive qui s&rsquo;adapte \u00e0 l&rsquo;\u00e9volution des besoins de l&rsquo;industrie.<\/p>\n","protected":false},"featured_media":6471,"comment_status":"open","ping_status":"closed","template":"","meta":[],"product_brand":[],"product_cat":[52],"product_tag":[],"class_list":{"0":"post-5710","1":"product","2":"type-product","3":"status-publish","4":"has-post-thumbnail","6":"product_cat-system-and-software","8":"first","9":"instock","10":"shipping-taxable","11":"product-type-simple"},"yoast_head":"<!-- This site is optimized with the Yoast SEO plugin v27.4 - https:\/\/yoast.com\/product\/yoast-seo-wordpress\/ -->\n<title>Plateforme GridLynk<\/title>\n<meta name=\"robots\" content=\"index, follow, max-snippet:-1, max-image-preview:large, max-video-preview:-1\" \/>\n<link rel=\"canonical\" href=\"https:\/\/edmpco.com\/fr\/product\/gridlynk-platform\/\" \/>\n<meta property=\"og:locale\" content=\"fr_FR\" \/>\n<meta property=\"og:locale:alternate\" content=\"en_US\" \/>\n<meta property=\"og:locale:alternate\" content=\"es_ES\" \/>\n<meta property=\"og:type\" content=\"article\" \/>\n<meta property=\"og:title\" content=\"Plateforme GridLynk\" \/>\n<meta property=\"og:description\" content=\"GridLynk est une plate-forme logicielle int\u00e9gr\u00e9e con\u00e7ue pour offrir aux services publics une suite compl\u00e8te de solutions pour g\u00e9rer leur infrastructure \u00e9nerg\u00e9tique. Cette plate-forme tout-en-un comprend une gamme de syst\u00e8mes, chacun sp\u00e9cialement con\u00e7u pour rationaliser et am\u00e9liorer diff\u00e9rents aspects de la gestion de l&#039;\u00e9nergie. Qu&#039;il s&#039;agisse de collecter des donn\u00e9es, de g\u00e9rer les relations avec les clients ou d&#039;optimiser les performances des actifs, GridLynk fournit aux services publics les outils avanc\u00e9s dont ils ont besoin pour fonctionner efficacement, r\u00e9duire les co\u00fbts et am\u00e9liorer la prestation de services. La conception modulaire de la plate-forme permet une flexibilit\u00e9 et une \u00e9volutivit\u00e9, ce qui lui permet de s&#039;adapter aux besoins de n&#039;importe quel service public. Composants cl\u00e9s de la plateforme GridLynk Les syst\u00e8mes de base de la plateforme GridLynk comprennent GridLynk HES (Head End System), qui permet une collecte de donn\u00e9es et une communication efficaces entre les compteurs intelligents et les syst\u00e8mes de services publics ; GridLynk MDM (Meter Data Management), con\u00e7u pour traiter et g\u00e9rer de grands volumes de donn\u00e9es pour une facturation, des rapports et des analyses pr\u00e9cis ; GridLynk Pr\u00e9paiement, qui offre une solution de comptage pr\u00e9pay\u00e9 transparente pour les services publics et les clients ; GridLynk Billing, un syst\u00e8me efficace qui garantit une facturation pr\u00e9cise et rapide pour les consommateurs ; et GridLynk Asset Management, qui aide les services publics \u00e0 surveiller et \u00e0 g\u00e9rer leur infrastructure. De plus, GridLynk CRM (Customer Relationship Management) am\u00e9liore le service et l&#039;engagement client, tandis que GridLynk WFM (Workforce Management) optimise les op\u00e9rations sur le terrain, en veillant \u00e0 ce que les ressources soient utilis\u00e9es efficacement. Fonctionnalit\u00e9s et avantages avanc\u00e9s &nbsp; GridLynk est con\u00e7u pour am\u00e9liorer l&#039;efficacit\u00e9 op\u00e9rationnelle des services publics en int\u00e9grant des fonctionnalit\u00e9s d&#039;analyse avanc\u00e9e, de surveillance en temps r\u00e9el et de reportent. Il fournit aux services publics des informations pr\u00e9cieuses sur les mod\u00e8les de consommation d&#039;\u00e9nergie, la qualit\u00e9 de l&#039;\u00e9nergie et les performances op\u00e9rationnelles, ce qui permet une meilleure prise de d\u00e9cision et une gestion plus proactive. La capacit\u00e9 de la plateforme \u00e0 s&#039;int\u00e9grer de mani\u00e8re transparente aux syst\u00e8mes existants augmente sa valeur, permettant aux services publics d&#039;optimiser leur infrastructure existante sans interruption. Avec GridLynk, les services publics peuvent non seulement rationaliser les processus, mais aussi p\u00e9renniser leurs op\u00e9rations gr\u00e2ce \u00e0 une solution flexible et \u00e9volutive qui s&#039;adapte \u00e0 l&#039;\u00e9volution des besoins de l&#039;industrie.\" \/>\n<meta property=\"og:url\" content=\"https:\/\/edmpco.com\/fr\/product\/gridlynk-platform\/\" \/>\n<meta property=\"og:site_name\" content=\"Edmpco\" \/>\n<meta property=\"article:modified_time\" content=\"2025-11-06T10:53:20+00:00\" \/>\n<meta property=\"og:image\" content=\"https:\/\/edmpco.com\/wp-content\/uploads\/2025\/11\/GridLynk-Platform.jpg\" \/>\n\t<meta property=\"og:image:width\" content=\"1458\" \/>\n\t<meta property=\"og:image:height\" content=\"1875\" \/>\n\t<meta property=\"og:image:type\" content=\"image\/jpeg\" \/>\n<meta name=\"twitter:card\" content=\"summary_large_image\" \/>\n<meta name=\"twitter:label1\" content=\"Dur\u00e9e de lecture estim\u00e9e\" \/>\n\t<meta name=\"twitter:data1\" content=\"6 minutes\" \/>\n<script type=\"application\/ld+json\" class=\"yoast-schema-graph\">{\"@context\":\"https:\\\/\\\/schema.org\",\"@graph\":[{\"@type\":\"WebPage\",\"@id\":\"https:\\\/\\\/edmpco.com\\\/fr\\\/product\\\/gridlynk-platform\\\/\",\"url\":\"https:\\\/\\\/edmpco.com\\\/fr\\\/product\\\/gridlynk-platform\\\/\",\"name\":\"Plateforme GridLynk\",\"isPartOf\":{\"@id\":\"https:\\\/\\\/edmpco.com\\\/#website\"},\"primaryImageOfPage\":{\"@id\":\"https:\\\/\\\/edmpco.com\\\/fr\\\/product\\\/gridlynk-platform\\\/#primaryimage\"},\"image\":{\"@id\":\"https:\\\/\\\/edmpco.com\\\/fr\\\/product\\\/gridlynk-platform\\\/#primaryimage\"},\"thumbnailUrl\":\"https:\\\/\\\/edmpco.com\\\/wp-content\\\/uploads\\\/2025\\\/11\\\/GridLynk-Platform.jpg\",\"datePublished\":\"2025-11-03T09:00:52+00:00\",\"dateModified\":\"2025-11-06T10:53:20+00:00\",\"breadcrumb\":{\"@id\":\"https:\\\/\\\/edmpco.com\\\/fr\\\/product\\\/gridlynk-platform\\\/#breadcrumb\"},\"inLanguage\":\"fr-FR\",\"potentialAction\":[{\"@type\":\"ReadAction\",\"target\":[\"https:\\\/\\\/edmpco.com\\\/fr\\\/product\\\/gridlynk-platform\\\/\"]}]},{\"@type\":\"ImageObject\",\"inLanguage\":\"fr-FR\",\"@id\":\"https:\\\/\\\/edmpco.com\\\/fr\\\/product\\\/gridlynk-platform\\\/#primaryimage\",\"url\":\"https:\\\/\\\/edmpco.com\\\/wp-content\\\/uploads\\\/2025\\\/11\\\/GridLynk-Platform.jpg\",\"contentUrl\":\"https:\\\/\\\/edmpco.com\\\/wp-content\\\/uploads\\\/2025\\\/11\\\/GridLynk-Platform.jpg\",\"width\":1458,\"height\":1875},{\"@type\":\"BreadcrumbList\",\"@id\":\"https:\\\/\\\/edmpco.com\\\/fr\\\/product\\\/gridlynk-platform\\\/#breadcrumb\",\"itemListElement\":[{\"@type\":\"ListItem\",\"position\":1,\"name\":\"Home\",\"item\":\"https:\\\/\\\/edmpco.com\\\/\"},{\"@type\":\"ListItem\",\"position\":2,\"name\":\"Shop\",\"item\":\"https:\\\/\\\/edmpco.com\\\/shop\\\/\"},{\"@type\":\"ListItem\",\"position\":3,\"name\":\"GridLynk Platform\"}]},{\"@type\":\"WebSite\",\"@id\":\"https:\\\/\\\/edmpco.com\\\/#website\",\"url\":\"https:\\\/\\\/edmpco.com\\\/\",\"name\":\"Edmpco\",\"description\":\"Engineering, Design, Management & Planning | Product Show\",\"publisher\":{\"@id\":\"https:\\\/\\\/edmpco.com\\\/#organization\"},\"potentialAction\":[{\"@type\":\"SearchAction\",\"target\":{\"@type\":\"EntryPoint\",\"urlTemplate\":\"https:\\\/\\\/edmpco.com\\\/?s={search_term_string}\"},\"query-input\":{\"@type\":\"PropertyValueSpecification\",\"valueRequired\":true,\"valueName\":\"search_term_string\"}}],\"inLanguage\":\"fr-FR\"},{\"@type\":\"Organization\",\"@id\":\"https:\\\/\\\/edmpco.com\\\/#organization\",\"name\":\"Edmpco\",\"url\":\"https:\\\/\\\/edmpco.com\\\/\",\"logo\":{\"@type\":\"ImageObject\",\"inLanguage\":\"fr-FR\",\"@id\":\"https:\\\/\\\/edmpco.com\\\/#\\\/schema\\\/logo\\\/image\\\/\",\"url\":\"https:\\\/\\\/edmpco.com\\\/wp-content\\\/uploads\\\/2025\\\/10\\\/EDMP.svg\",\"contentUrl\":\"https:\\\/\\\/edmpco.com\\\/wp-content\\\/uploads\\\/2025\\\/10\\\/EDMP.svg\",\"width\":350,\"height\":105,\"caption\":\"Edmpco\"},\"image\":{\"@id\":\"https:\\\/\\\/edmpco.com\\\/#\\\/schema\\\/logo\\\/image\\\/\"}}]}<\/script>\n<!-- \/ Yoast SEO plugin. -->","yoast_head_json":{"title":"Plateforme GridLynk","robots":{"index":"index","follow":"follow","max-snippet":"max-snippet:-1","max-image-preview":"max-image-preview:large","max-video-preview":"max-video-preview:-1"},"canonical":"https:\/\/edmpco.com\/fr\/product\/gridlynk-platform\/","og_locale":"fr_FR","og_type":"article","og_title":"[:en]GridLynk Platform[:es]Plataforma GridLynk[:fr]Plateforme GridLynk[:] - Edmpco","og_description":"GridLynk est une plate-forme logicielle int\u00e9gr\u00e9e con\u00e7ue pour offrir aux services publics une suite compl\u00e8te de solutions pour g\u00e9rer leur infrastructure \u00e9nerg\u00e9tique. Cette plate-forme tout-en-un comprend une gamme de syst\u00e8mes, chacun sp\u00e9cialement con\u00e7u pour rationaliser et am\u00e9liorer diff\u00e9rents aspects de la gestion de l'\u00e9nergie. Qu'il s'agisse de collecter des donn\u00e9es, de g\u00e9rer les relations avec les clients ou d'optimiser les performances des actifs, GridLynk fournit aux services publics les outils avanc\u00e9s dont ils ont besoin pour fonctionner efficacement, r\u00e9duire les co\u00fbts et am\u00e9liorer la prestation de services. La conception modulaire de la plate-forme permet une flexibilit\u00e9 et une \u00e9volutivit\u00e9, ce qui lui permet de s'adapter aux besoins de n'importe quel service public. Composants cl\u00e9s de la plateforme GridLynk Les syst\u00e8mes de base de la plateforme GridLynk comprennent GridLynk HES (Head End System), qui permet une collecte de donn\u00e9es et une communication efficaces entre les compteurs intelligents et les syst\u00e8mes de services publics ; GridLynk MDM (Meter Data Management), con\u00e7u pour traiter et g\u00e9rer de grands volumes de donn\u00e9es pour une facturation, des rapports et des analyses pr\u00e9cis ; GridLynk Pr\u00e9paiement, qui offre une solution de comptage pr\u00e9pay\u00e9 transparente pour les services publics et les clients ; GridLynk Billing, un syst\u00e8me efficace qui garantit une facturation pr\u00e9cise et rapide pour les consommateurs ; et GridLynk Asset Management, qui aide les services publics \u00e0 surveiller et \u00e0 g\u00e9rer leur infrastructure. De plus, GridLynk CRM (Customer Relationship Management) am\u00e9liore le service et l'engagement client, tandis que GridLynk WFM (Workforce Management) optimise les op\u00e9rations sur le terrain, en veillant \u00e0 ce que les ressources soient utilis\u00e9es efficacement. Fonctionnalit\u00e9s et avantages avanc\u00e9s &nbsp; GridLynk est con\u00e7u pour am\u00e9liorer l'efficacit\u00e9 op\u00e9rationnelle des services publics en int\u00e9grant des fonctionnalit\u00e9s d'analyse avanc\u00e9e, de surveillance en temps r\u00e9el et de reportent. Il fournit aux services publics des informations pr\u00e9cieuses sur les mod\u00e8les de consommation d'\u00e9nergie, la qualit\u00e9 de l'\u00e9nergie et les performances op\u00e9rationnelles, ce qui permet une meilleure prise de d\u00e9cision et une gestion plus proactive. La capacit\u00e9 de la plateforme \u00e0 s'int\u00e9grer de mani\u00e8re transparente aux syst\u00e8mes existants augmente sa valeur, permettant aux services publics d'optimiser leur infrastructure existante sans interruption. Avec GridLynk, les services publics peuvent non seulement rationaliser les processus, mais aussi p\u00e9renniser leurs op\u00e9rations gr\u00e2ce \u00e0 une solution flexible et \u00e9volutive qui s'adapte \u00e0 l'\u00e9volution des besoins de l'industrie.","og_url":"https:\/\/edmpco.com\/fr\/product\/gridlynk-platform\/","og_site_name":"Edmpco","article_modified_time":"2025-11-06T10:53:20+00:00","og_image":[{"width":1458,"height":1875,"url":"https:\/\/edmpco.com\/wp-content\/uploads\/2025\/11\/GridLynk-Platform.jpg","type":"image\/jpeg"}],"twitter_card":"summary_large_image","twitter_misc":{"Dur\u00e9e de lecture estim\u00e9e":"6 minutes"},"schema":{"@context":"https:\/\/schema.org","@graph":[{"@type":"WebPage","@id":"https:\/\/edmpco.com\/fr\/product\/gridlynk-platform\/","url":"https:\/\/edmpco.com\/fr\/product\/gridlynk-platform\/","name":"Plateforme GridLynk","isPartOf":{"@id":"https:\/\/edmpco.com\/#website"},"primaryImageOfPage":{"@id":"https:\/\/edmpco.com\/fr\/product\/gridlynk-platform\/#primaryimage"},"image":{"@id":"https:\/\/edmpco.com\/fr\/product\/gridlynk-platform\/#primaryimage"},"thumbnailUrl":"https:\/\/edmpco.com\/wp-content\/uploads\/2025\/11\/GridLynk-Platform.jpg","datePublished":"2025-11-03T09:00:52+00:00","dateModified":"2025-11-06T10:53:20+00:00","breadcrumb":{"@id":"https:\/\/edmpco.com\/fr\/product\/gridlynk-platform\/#breadcrumb"},"inLanguage":"fr-FR","potentialAction":[{"@type":"ReadAction","target":["https:\/\/edmpco.com\/fr\/product\/gridlynk-platform\/"]}]},{"@type":"ImageObject","inLanguage":"fr-FR","@id":"https:\/\/edmpco.com\/fr\/product\/gridlynk-platform\/#primaryimage","url":"https:\/\/edmpco.com\/wp-content\/uploads\/2025\/11\/GridLynk-Platform.jpg","contentUrl":"https:\/\/edmpco.com\/wp-content\/uploads\/2025\/11\/GridLynk-Platform.jpg","width":1458,"height":1875},{"@type":"BreadcrumbList","@id":"https:\/\/edmpco.com\/fr\/product\/gridlynk-platform\/#breadcrumb","itemListElement":[{"@type":"ListItem","position":1,"name":"Home","item":"https:\/\/edmpco.com\/"},{"@type":"ListItem","position":2,"name":"Shop","item":"https:\/\/edmpco.com\/shop\/"},{"@type":"ListItem","position":3,"name":"GridLynk Platform"}]},{"@type":"WebSite","@id":"https:\/\/edmpco.com\/#website","url":"https:\/\/edmpco.com\/","name":"Edmpco","description":"Engineering, Design, Management & Planning | Product Show","publisher":{"@id":"https:\/\/edmpco.com\/#organization"},"potentialAction":[{"@type":"SearchAction","target":{"@type":"EntryPoint","urlTemplate":"https:\/\/edmpco.com\/?s={search_term_string}"},"query-input":{"@type":"PropertyValueSpecification","valueRequired":true,"valueName":"search_term_string"}}],"inLanguage":"fr-FR"},{"@type":"Organization","@id":"https:\/\/edmpco.com\/#organization","name":"Edmpco","url":"https:\/\/edmpco.com\/","logo":{"@type":"ImageObject","inLanguage":"fr-FR","@id":"https:\/\/edmpco.com\/#\/schema\/logo\/image\/","url":"https:\/\/edmpco.com\/wp-content\/uploads\/2025\/10\/EDMP.svg","contentUrl":"https:\/\/edmpco.com\/wp-content\/uploads\/2025\/10\/EDMP.svg","width":350,"height":105,"caption":"Edmpco"},"image":{"@id":"https:\/\/edmpco.com\/#\/schema\/logo\/image\/"}}]}},"_links":{"self":[{"href":"https:\/\/edmpco.com\/fr\/wp-json\/wp\/v2\/product\/5710","targetHints":{"allow":["GET"]}}],"collection":[{"href":"https:\/\/edmpco.com\/fr\/wp-json\/wp\/v2\/product"}],"about":[{"href":"https:\/\/edmpco.com\/fr\/wp-json\/wp\/v2\/types\/product"}],"replies":[{"embeddable":true,"href":"https:\/\/edmpco.com\/fr\/wp-json\/wp\/v2\/comments?post=5710"}],"wp:featuredmedia":[{"embeddable":true,"href":"https:\/\/edmpco.com\/fr\/wp-json\/wp\/v2\/media\/6471"}],"wp:attachment":[{"href":"https:\/\/edmpco.com\/fr\/wp-json\/wp\/v2\/media?parent=5710"}],"wp:term":[{"taxonomy":"product_brand","embeddable":true,"href":"https:\/\/edmpco.com\/fr\/wp-json\/wp\/v2\/product_brand?post=5710"},{"taxonomy":"product_cat","embeddable":true,"href":"https:\/\/edmpco.com\/fr\/wp-json\/wp\/v2\/product_cat?post=5710"},{"taxonomy":"product_tag","embeddable":true,"href":"https:\/\/edmpco.com\/fr\/wp-json\/wp\/v2\/product_tag?post=5710"}],"curies":[{"name":"wp","href":"https:\/\/api.w.org\/{rel}","templated":true}]}}