{"id":5712,"date":"2025-11-03T15:00:03","date_gmt":"2025-11-03T15:00:03","guid":{"rendered":"https:\/\/edmpco.com\/?post_type=product&#038;p=5712"},"modified":"2026-03-24T06:51:20","modified_gmt":"2026-03-24T06:51:20","slug":"gridlynk-hes","status":"publish","type":"product","link":"https:\/\/edmpco.com\/fr\/product\/gridlynk-hes\/","title":{"rendered":"GridLynk HES"},"content":{"rendered":"<p>GridLynk HES (Head End System) est un composant essentiel de la plateforme GridLynk, con\u00e7u pour fournir aux services publics une infrastructure de collecte de donn\u00e9es robuste et fiable. Il sert de plaque tournante de communication entre les compteurs intelligents d\u00e9ploy\u00e9s sur le r\u00e9seau et les syst\u00e8mes backend du service public. GridLynk HES permet un transfert de donn\u00e9es transparent, permettant la collecte en temps r\u00e9el de la consommation, des profils de tension et de courant, de la qualit\u00e9 de l&rsquo;\u00e9nergie et d&rsquo;autres mesures essentielles \u00e0 partir de compteurs et d&rsquo;appareils sur le terrain. Ce syst\u00e8me centralis\u00e9 garantit que les services publics ont acc\u00e8s \u00e0 des donn\u00e9es pr\u00e9cises et \u00e0 jour, ce qui leur permet de prendre des d\u00e9cisions \u00e9clair\u00e9es concernant la distribution d&rsquo;\u00e9nergie, la pr\u00e9vision de la demande et l&rsquo;efficacit\u00e9 op\u00e9rationnelle.<\/p>\n<p>Principales caract\u00e9ristiques de GridLynk HES<\/p>\n<p>GridLynk HES est con\u00e7u pour l&rsquo;\u00e9volutivit\u00e9, la fiabilit\u00e9 et l&rsquo;int\u00e9gration avec plusieurs protocoles de communication. Le syst\u00e8me prend en charge des technologies avanc\u00e9es, notamment le maillage RF, l&rsquo;API et la communication M2M, assurant une couverture maximale dans les zones urbaines, rurales et \u00e9loign\u00e9es. Il est \u00e9galement hautement s\u00e9curis\u00e9, avec un cryptage int\u00e9gr\u00e9 et des contr\u00f4les d&rsquo;acc\u00e8s bas\u00e9s sur les r\u00f4les pour prot\u00e9ger les donn\u00e9es sensibles. GridLynk HES facilite l&rsquo;int\u00e9gration transparente de divers syst\u00e8mes externes, tels que la gestion des donn\u00e9es de compteur (MDM), la gestion de la relation client (CRM) et les syst\u00e8mes de gestion des pannes (OMS), permettant aux services publics d&rsquo;avoir une vue unifi\u00e9e de leurs op\u00e9rations de r\u00e9seau. Cette int\u00e9gration permet d&rsquo;am\u00e9liorer la performance op\u00e9rationnelle et d&rsquo;assurer un r\u00e9seau \u00e9nerg\u00e9tique plus r\u00e9actif et plus efficace.<\/p>\n<p>Avantages pour les services publics<\/p>\n<p>GridLynk HES offre des avantages significatifs aux services publics en permettant l&rsquo;automatisation de la collecte des donn\u00e9es des compteurs, en r\u00e9duisant le besoin de processus manuels et en assurant une transmission de donn\u00e9es plus rapide et plus pr\u00e9cise. Il aide \u00e9galement les services publics \u00e0 am\u00e9liorer l&rsquo;efficacit\u00e9 \u00e9nerg\u00e9tique, \u00e0 r\u00e9duire les co\u00fbts d&rsquo;exploitation et \u00e0 optimiser l&rsquo;allocation des ressources. En offrant des informations en temps r\u00e9el sur les performances du r\u00e9seau, GridLynk HES permet aux services publics d&rsquo;identifier les probl\u00e8mes tels que les pannes, les d\u00e9s\u00e9quilibres de charge et les perturbations de la qualit\u00e9 de l&rsquo;\u00e9nergie avant qu&rsquo;ils n&rsquo;affectent les clients. De plus, son int\u00e9gration avec d&rsquo;autres composants GridLynk garantit que les donn\u00e9es circulent de mani\u00e8re transparente dans le syst\u00e8me, ce qui permet une analyse et un reportent complets, ce qui est essentiel pour la conformit\u00e9 r\u00e9glementaire et la prise de d\u00e9cision commerciale.<\/p>\n","protected":false},"excerpt":{"rendered":"<p>GridLynk HES (Head End System) est un composant essentiel de la plateforme GridLynk, con\u00e7u pour fournir aux services publics une infrastructure de collecte de donn\u00e9es robuste et fiable. Il sert de plaque tournante de communication entre les compteurs intelligents d\u00e9ploy\u00e9s sur le r\u00e9seau et les syst\u00e8mes backend du service public. GridLynk HES permet un transfert de donn\u00e9es transparent, permettant la collecte en temps r\u00e9el de la consommation, des profils de tension et de courant, de la qualit\u00e9 de l&rsquo;\u00e9nergie et d&rsquo;autres mesures essentielles \u00e0 partir de compteurs et d&rsquo;appareils sur le terrain. Ce syst\u00e8me centralis\u00e9 garantit que les services publics ont acc\u00e8s \u00e0 des donn\u00e9es pr\u00e9cises et \u00e0 jour, ce qui leur permet de prendre des d\u00e9cisions \u00e9clair\u00e9es concernant la distribution d&rsquo;\u00e9nergie, la pr\u00e9vision de la demande et l&rsquo;efficacit\u00e9 op\u00e9rationnelle.<\/p>\n<p>Principales caract\u00e9ristiques de GridLynk HES<\/p>\n<p>GridLynk HES est con\u00e7u pour l&rsquo;\u00e9volutivit\u00e9, la fiabilit\u00e9 et l&rsquo;int\u00e9gration avec plusieurs protocoles de communication. Le syst\u00e8me prend en charge des technologies avanc\u00e9es, notamment le maillage RF, l&rsquo;API et la communication M2M, assurant une couverture maximale dans les zones urbaines, rurales et \u00e9loign\u00e9es. Il est \u00e9galement hautement s\u00e9curis\u00e9, avec un cryptage int\u00e9gr\u00e9 et des contr\u00f4les d&rsquo;acc\u00e8s bas\u00e9s sur les r\u00f4les pour prot\u00e9ger les donn\u00e9es sensibles. GridLynk HES facilite l&rsquo;int\u00e9gration transparente de divers syst\u00e8mes externes, tels que la gestion des donn\u00e9es de compteur (MDM), la gestion de la relation client (CRM) et les syst\u00e8mes de gestion des pannes (OMS), permettant aux services publics d&rsquo;avoir une vue unifi\u00e9e de leurs op\u00e9rations de r\u00e9seau. Cette int\u00e9gration permet d&rsquo;am\u00e9liorer la performance op\u00e9rationnelle et d&rsquo;assurer un r\u00e9seau \u00e9nerg\u00e9tique plus r\u00e9actif et plus efficace.<\/p>\n<p>Avantages pour les services publics<\/p>\n<p>GridLynk HES offre des avantages significatifs aux services publics en permettant l&rsquo;automatisation de la collecte des donn\u00e9es des compteurs, en r\u00e9duisant le besoin de processus manuels et en assurant une transmission de donn\u00e9es plus rapide et plus pr\u00e9cise. Il aide \u00e9galement les services publics \u00e0 am\u00e9liorer l&rsquo;efficacit\u00e9 \u00e9nerg\u00e9tique, \u00e0 r\u00e9duire les co\u00fbts d&rsquo;exploitation et \u00e0 optimiser l&rsquo;allocation des ressources. En offrant des informations en temps r\u00e9el sur les performances du r\u00e9seau, GridLynk HES permet aux services publics d&rsquo;identifier les probl\u00e8mes tels que les pannes, les d\u00e9s\u00e9quilibres de charge et les perturbations de la qualit\u00e9 de l&rsquo;\u00e9nergie avant qu&rsquo;ils n&rsquo;affectent les clients. De plus, son int\u00e9gration avec d&rsquo;autres composants GridLynk garantit que les donn\u00e9es circulent de mani\u00e8re transparente dans le syst\u00e8me, ce qui permet une analyse et un reportent complets, ce qui est essentiel pour la conformit\u00e9 r\u00e9glementaire et la prise de d\u00e9cision commerciale.<\/p>\n<p><a class=\"psacp-rdmr-btn\" href=\"https:\/\/edmpco.com\/wp-content\/uploads\/2025\/11\/GridLynk-HES-2026.pdf\" target=\"_blank\" rel=\"noopener\">Fiche d&rsquo;information<\/a><\/p>\n","protected":false},"featured_media":6467,"comment_status":"open","ping_status":"closed","template":"","meta":[],"product_brand":[],"product_cat":[52],"product_tag":[],"class_list":{"0":"post-5712","1":"product","2":"type-product","3":"status-publish","4":"has-post-thumbnail","6":"product_cat-system-and-software","8":"first","9":"instock","10":"shipping-taxable","11":"product-type-simple"},"yoast_head":"<!-- This site is optimized with the Yoast SEO plugin v27.4 - https:\/\/yoast.com\/product\/yoast-seo-wordpress\/ -->\n<title>GridLynk HES<\/title>\n<meta name=\"robots\" content=\"index, follow, max-snippet:-1, max-image-preview:large, max-video-preview:-1\" \/>\n<link rel=\"canonical\" href=\"https:\/\/edmpco.com\/fr\/product\/gridlynk-hes\/\" \/>\n<meta property=\"og:locale\" content=\"fr_FR\" \/>\n<meta property=\"og:locale:alternate\" content=\"en_US\" \/>\n<meta property=\"og:locale:alternate\" content=\"es_ES\" \/>\n<meta property=\"og:type\" content=\"article\" \/>\n<meta property=\"og:title\" content=\"GridLynk HES\" \/>\n<meta property=\"og:description\" content=\"GridLynk HES (Head End System) est un composant essentiel de la plateforme GridLynk, con\u00e7u pour fournir aux services publics une infrastructure de collecte de donn\u00e9es robuste et fiable. Il sert de plaque tournante de communication entre les compteurs intelligents d\u00e9ploy\u00e9s sur le r\u00e9seau et les syst\u00e8mes backend du service public. GridLynk HES permet un transfert de donn\u00e9es transparent, permettant la collecte en temps r\u00e9el de la consommation, des profils de tension et de courant, de la qualit\u00e9 de l&#039;\u00e9nergie et d&#039;autres mesures essentielles \u00e0 partir de compteurs et d&#039;appareils sur le terrain. Ce syst\u00e8me centralis\u00e9 garantit que les services publics ont acc\u00e8s \u00e0 des donn\u00e9es pr\u00e9cises et \u00e0 jour, ce qui leur permet de prendre des d\u00e9cisions \u00e9clair\u00e9es concernant la distribution d&#039;\u00e9nergie, la pr\u00e9vision de la demande et l&#039;efficacit\u00e9 op\u00e9rationnelle.  Principales caract\u00e9ristiques de GridLynk HES  GridLynk HES est con\u00e7u pour l&#039;\u00e9volutivit\u00e9, la fiabilit\u00e9 et l&#039;int\u00e9gration avec plusieurs protocoles de communication. Le syst\u00e8me prend en charge des technologies avanc\u00e9es, notamment le maillage RF, l&#039;API et la communication M2M, assurant une couverture maximale dans les zones urbaines, rurales et \u00e9loign\u00e9es. Il est \u00e9galement hautement s\u00e9curis\u00e9, avec un cryptage int\u00e9gr\u00e9 et des contr\u00f4les d&#039;acc\u00e8s bas\u00e9s sur les r\u00f4les pour prot\u00e9ger les donn\u00e9es sensibles. GridLynk HES facilite l&#039;int\u00e9gration transparente de divers syst\u00e8mes externes, tels que la gestion des donn\u00e9es de compteur (MDM), la gestion de la relation client (CRM) et les syst\u00e8mes de gestion des pannes (OMS), permettant aux services publics d&#039;avoir une vue unifi\u00e9e de leurs op\u00e9rations de r\u00e9seau. Cette int\u00e9gration permet d&#039;am\u00e9liorer la performance op\u00e9rationnelle et d&#039;assurer un r\u00e9seau \u00e9nerg\u00e9tique plus r\u00e9actif et plus efficace.  Avantages pour les services publics  GridLynk HES offre des avantages significatifs aux services publics en permettant l&#039;automatisation de la collecte des donn\u00e9es des compteurs, en r\u00e9duisant le besoin de processus manuels et en assurant une transmission de donn\u00e9es plus rapide et plus pr\u00e9cise. Il aide \u00e9galement les services publics \u00e0 am\u00e9liorer l&#039;efficacit\u00e9 \u00e9nerg\u00e9tique, \u00e0 r\u00e9duire les co\u00fbts d&#039;exploitation et \u00e0 optimiser l&#039;allocation des ressources. En offrant des informations en temps r\u00e9el sur les performances du r\u00e9seau, GridLynk HES permet aux services publics d&#039;identifier les probl\u00e8mes tels que les pannes, les d\u00e9s\u00e9quilibres de charge et les perturbations de la qualit\u00e9 de l&#039;\u00e9nergie avant qu&#039;ils n&#039;affectent les clients. De plus, son int\u00e9gration avec d&#039;autres composants GridLynk garantit que les donn\u00e9es circulent de mani\u00e8re transparente dans le syst\u00e8me, ce qui permet une analyse et un reportent complets, ce qui est essentiel pour la conformit\u00e9 r\u00e9glementaire et la prise de d\u00e9cision commerciale.  Fiche d&#039;information\" \/>\n<meta property=\"og:url\" content=\"https:\/\/edmpco.com\/fr\/product\/gridlynk-hes\/\" \/>\n<meta property=\"og:site_name\" content=\"Edmpco\" \/>\n<meta property=\"article:modified_time\" content=\"2026-03-24T06:51:20+00:00\" \/>\n<meta property=\"og:image\" content=\"https:\/\/edmpco.com\/wp-content\/uploads\/2025\/11\/GridLynk-HES.jpg\" \/>\n\t<meta property=\"og:image:width\" content=\"1458\" \/>\n\t<meta property=\"og:image:height\" content=\"1875\" \/>\n\t<meta property=\"og:image:type\" content=\"image\/jpeg\" \/>\n<meta name=\"twitter:card\" content=\"summary_large_image\" \/>\n<meta name=\"twitter:label1\" content=\"Dur\u00e9e de lecture estim\u00e9e\" \/>\n\t<meta name=\"twitter:data1\" content=\"3 minutes\" \/>\n<script type=\"application\/ld+json\" class=\"yoast-schema-graph\">{\"@context\":\"https:\\\/\\\/schema.org\",\"@graph\":[{\"@type\":\"WebPage\",\"@id\":\"https:\\\/\\\/edmpco.com\\\/fr\\\/product\\\/gridlynk-hes\\\/\",\"url\":\"https:\\\/\\\/edmpco.com\\\/fr\\\/product\\\/gridlynk-hes\\\/\",\"name\":\"GridLynk HES\",\"isPartOf\":{\"@id\":\"https:\\\/\\\/edmpco.com\\\/#website\"},\"primaryImageOfPage\":{\"@id\":\"https:\\\/\\\/edmpco.com\\\/fr\\\/product\\\/gridlynk-hes\\\/#primaryimage\"},\"image\":{\"@id\":\"https:\\\/\\\/edmpco.com\\\/fr\\\/product\\\/gridlynk-hes\\\/#primaryimage\"},\"thumbnailUrl\":\"https:\\\/\\\/edmpco.com\\\/wp-content\\\/uploads\\\/2025\\\/11\\\/GridLynk-HES.jpg\",\"datePublished\":\"2025-11-03T15:00:03+00:00\",\"dateModified\":\"2026-03-24T06:51:20+00:00\",\"breadcrumb\":{\"@id\":\"https:\\\/\\\/edmpco.com\\\/fr\\\/product\\\/gridlynk-hes\\\/#breadcrumb\"},\"inLanguage\":\"fr-FR\",\"potentialAction\":[{\"@type\":\"ReadAction\",\"target\":[\"https:\\\/\\\/edmpco.com\\\/fr\\\/product\\\/gridlynk-hes\\\/\"]}]},{\"@type\":\"ImageObject\",\"inLanguage\":\"fr-FR\",\"@id\":\"https:\\\/\\\/edmpco.com\\\/fr\\\/product\\\/gridlynk-hes\\\/#primaryimage\",\"url\":\"https:\\\/\\\/edmpco.com\\\/wp-content\\\/uploads\\\/2025\\\/11\\\/GridLynk-HES.jpg\",\"contentUrl\":\"https:\\\/\\\/edmpco.com\\\/wp-content\\\/uploads\\\/2025\\\/11\\\/GridLynk-HES.jpg\",\"width\":1458,\"height\":1875},{\"@type\":\"BreadcrumbList\",\"@id\":\"https:\\\/\\\/edmpco.com\\\/fr\\\/product\\\/gridlynk-hes\\\/#breadcrumb\",\"itemListElement\":[{\"@type\":\"ListItem\",\"position\":1,\"name\":\"Home\",\"item\":\"https:\\\/\\\/edmpco.com\\\/\"},{\"@type\":\"ListItem\",\"position\":2,\"name\":\"Shop\",\"item\":\"https:\\\/\\\/edmpco.com\\\/shop\\\/\"},{\"@type\":\"ListItem\",\"position\":3,\"name\":\"GridLynk HES\"}]},{\"@type\":\"WebSite\",\"@id\":\"https:\\\/\\\/edmpco.com\\\/#website\",\"url\":\"https:\\\/\\\/edmpco.com\\\/\",\"name\":\"Edmpco\",\"description\":\"Engineering, Design, Management & Planning | Product Show\",\"publisher\":{\"@id\":\"https:\\\/\\\/edmpco.com\\\/#organization\"},\"potentialAction\":[{\"@type\":\"SearchAction\",\"target\":{\"@type\":\"EntryPoint\",\"urlTemplate\":\"https:\\\/\\\/edmpco.com\\\/?s={search_term_string}\"},\"query-input\":{\"@type\":\"PropertyValueSpecification\",\"valueRequired\":true,\"valueName\":\"search_term_string\"}}],\"inLanguage\":\"fr-FR\"},{\"@type\":\"Organization\",\"@id\":\"https:\\\/\\\/edmpco.com\\\/#organization\",\"name\":\"Edmpco\",\"url\":\"https:\\\/\\\/edmpco.com\\\/\",\"logo\":{\"@type\":\"ImageObject\",\"inLanguage\":\"fr-FR\",\"@id\":\"https:\\\/\\\/edmpco.com\\\/#\\\/schema\\\/logo\\\/image\\\/\",\"url\":\"https:\\\/\\\/edmpco.com\\\/wp-content\\\/uploads\\\/2025\\\/10\\\/EDMP.svg\",\"contentUrl\":\"https:\\\/\\\/edmpco.com\\\/wp-content\\\/uploads\\\/2025\\\/10\\\/EDMP.svg\",\"width\":350,\"height\":105,\"caption\":\"Edmpco\"},\"image\":{\"@id\":\"https:\\\/\\\/edmpco.com\\\/#\\\/schema\\\/logo\\\/image\\\/\"}}]}<\/script>\n<!-- \/ Yoast SEO plugin. -->","yoast_head_json":{"title":"GridLynk HES","robots":{"index":"index","follow":"follow","max-snippet":"max-snippet:-1","max-image-preview":"max-image-preview:large","max-video-preview":"max-video-preview:-1"},"canonical":"https:\/\/edmpco.com\/fr\/product\/gridlynk-hes\/","og_locale":"fr_FR","og_type":"article","og_title":"[:en]GridLynk HES[:es]GridLynk HES[:fr]GridLynk HES[:] - Edmpco","og_description":"GridLynk HES (Head End System) est un composant essentiel de la plateforme GridLynk, con\u00e7u pour fournir aux services publics une infrastructure de collecte de donn\u00e9es robuste et fiable. Il sert de plaque tournante de communication entre les compteurs intelligents d\u00e9ploy\u00e9s sur le r\u00e9seau et les syst\u00e8mes backend du service public. GridLynk HES permet un transfert de donn\u00e9es transparent, permettant la collecte en temps r\u00e9el de la consommation, des profils de tension et de courant, de la qualit\u00e9 de l'\u00e9nergie et d'autres mesures essentielles \u00e0 partir de compteurs et d'appareils sur le terrain. Ce syst\u00e8me centralis\u00e9 garantit que les services publics ont acc\u00e8s \u00e0 des donn\u00e9es pr\u00e9cises et \u00e0 jour, ce qui leur permet de prendre des d\u00e9cisions \u00e9clair\u00e9es concernant la distribution d'\u00e9nergie, la pr\u00e9vision de la demande et l'efficacit\u00e9 op\u00e9rationnelle.  Principales caract\u00e9ristiques de GridLynk HES  GridLynk HES est con\u00e7u pour l'\u00e9volutivit\u00e9, la fiabilit\u00e9 et l'int\u00e9gration avec plusieurs protocoles de communication. Le syst\u00e8me prend en charge des technologies avanc\u00e9es, notamment le maillage RF, l'API et la communication M2M, assurant une couverture maximale dans les zones urbaines, rurales et \u00e9loign\u00e9es. Il est \u00e9galement hautement s\u00e9curis\u00e9, avec un cryptage int\u00e9gr\u00e9 et des contr\u00f4les d'acc\u00e8s bas\u00e9s sur les r\u00f4les pour prot\u00e9ger les donn\u00e9es sensibles. GridLynk HES facilite l'int\u00e9gration transparente de divers syst\u00e8mes externes, tels que la gestion des donn\u00e9es de compteur (MDM), la gestion de la relation client (CRM) et les syst\u00e8mes de gestion des pannes (OMS), permettant aux services publics d'avoir une vue unifi\u00e9e de leurs op\u00e9rations de r\u00e9seau. Cette int\u00e9gration permet d'am\u00e9liorer la performance op\u00e9rationnelle et d'assurer un r\u00e9seau \u00e9nerg\u00e9tique plus r\u00e9actif et plus efficace.  Avantages pour les services publics  GridLynk HES offre des avantages significatifs aux services publics en permettant l'automatisation de la collecte des donn\u00e9es des compteurs, en r\u00e9duisant le besoin de processus manuels et en assurant une transmission de donn\u00e9es plus rapide et plus pr\u00e9cise. Il aide \u00e9galement les services publics \u00e0 am\u00e9liorer l'efficacit\u00e9 \u00e9nerg\u00e9tique, \u00e0 r\u00e9duire les co\u00fbts d'exploitation et \u00e0 optimiser l'allocation des ressources. En offrant des informations en temps r\u00e9el sur les performances du r\u00e9seau, GridLynk HES permet aux services publics d'identifier les probl\u00e8mes tels que les pannes, les d\u00e9s\u00e9quilibres de charge et les perturbations de la qualit\u00e9 de l'\u00e9nergie avant qu'ils n'affectent les clients. De plus, son int\u00e9gration avec d'autres composants GridLynk garantit que les donn\u00e9es circulent de mani\u00e8re transparente dans le syst\u00e8me, ce qui permet une analyse et un reportent complets, ce qui est essentiel pour la conformit\u00e9 r\u00e9glementaire et la prise de d\u00e9cision commerciale.  Fiche d'information","og_url":"https:\/\/edmpco.com\/fr\/product\/gridlynk-hes\/","og_site_name":"Edmpco","article_modified_time":"2026-03-24T06:51:20+00:00","og_image":[{"width":1458,"height":1875,"url":"https:\/\/edmpco.com\/wp-content\/uploads\/2025\/11\/GridLynk-HES.jpg","type":"image\/jpeg"}],"twitter_card":"summary_large_image","twitter_misc":{"Dur\u00e9e de lecture estim\u00e9e":"3 minutes"},"schema":{"@context":"https:\/\/schema.org","@graph":[{"@type":"WebPage","@id":"https:\/\/edmpco.com\/fr\/product\/gridlynk-hes\/","url":"https:\/\/edmpco.com\/fr\/product\/gridlynk-hes\/","name":"GridLynk HES","isPartOf":{"@id":"https:\/\/edmpco.com\/#website"},"primaryImageOfPage":{"@id":"https:\/\/edmpco.com\/fr\/product\/gridlynk-hes\/#primaryimage"},"image":{"@id":"https:\/\/edmpco.com\/fr\/product\/gridlynk-hes\/#primaryimage"},"thumbnailUrl":"https:\/\/edmpco.com\/wp-content\/uploads\/2025\/11\/GridLynk-HES.jpg","datePublished":"2025-11-03T15:00:03+00:00","dateModified":"2026-03-24T06:51:20+00:00","breadcrumb":{"@id":"https:\/\/edmpco.com\/fr\/product\/gridlynk-hes\/#breadcrumb"},"inLanguage":"fr-FR","potentialAction":[{"@type":"ReadAction","target":["https:\/\/edmpco.com\/fr\/product\/gridlynk-hes\/"]}]},{"@type":"ImageObject","inLanguage":"fr-FR","@id":"https:\/\/edmpco.com\/fr\/product\/gridlynk-hes\/#primaryimage","url":"https:\/\/edmpco.com\/wp-content\/uploads\/2025\/11\/GridLynk-HES.jpg","contentUrl":"https:\/\/edmpco.com\/wp-content\/uploads\/2025\/11\/GridLynk-HES.jpg","width":1458,"height":1875},{"@type":"BreadcrumbList","@id":"https:\/\/edmpco.com\/fr\/product\/gridlynk-hes\/#breadcrumb","itemListElement":[{"@type":"ListItem","position":1,"name":"Home","item":"https:\/\/edmpco.com\/"},{"@type":"ListItem","position":2,"name":"Shop","item":"https:\/\/edmpco.com\/shop\/"},{"@type":"ListItem","position":3,"name":"GridLynk HES"}]},{"@type":"WebSite","@id":"https:\/\/edmpco.com\/#website","url":"https:\/\/edmpco.com\/","name":"Edmpco","description":"Engineering, Design, Management & Planning | Product Show","publisher":{"@id":"https:\/\/edmpco.com\/#organization"},"potentialAction":[{"@type":"SearchAction","target":{"@type":"EntryPoint","urlTemplate":"https:\/\/edmpco.com\/?s={search_term_string}"},"query-input":{"@type":"PropertyValueSpecification","valueRequired":true,"valueName":"search_term_string"}}],"inLanguage":"fr-FR"},{"@type":"Organization","@id":"https:\/\/edmpco.com\/#organization","name":"Edmpco","url":"https:\/\/edmpco.com\/","logo":{"@type":"ImageObject","inLanguage":"fr-FR","@id":"https:\/\/edmpco.com\/#\/schema\/logo\/image\/","url":"https:\/\/edmpco.com\/wp-content\/uploads\/2025\/10\/EDMP.svg","contentUrl":"https:\/\/edmpco.com\/wp-content\/uploads\/2025\/10\/EDMP.svg","width":350,"height":105,"caption":"Edmpco"},"image":{"@id":"https:\/\/edmpco.com\/#\/schema\/logo\/image\/"}}]}},"_links":{"self":[{"href":"https:\/\/edmpco.com\/fr\/wp-json\/wp\/v2\/product\/5712","targetHints":{"allow":["GET"]}}],"collection":[{"href":"https:\/\/edmpco.com\/fr\/wp-json\/wp\/v2\/product"}],"about":[{"href":"https:\/\/edmpco.com\/fr\/wp-json\/wp\/v2\/types\/product"}],"replies":[{"embeddable":true,"href":"https:\/\/edmpco.com\/fr\/wp-json\/wp\/v2\/comments?post=5712"}],"wp:featuredmedia":[{"embeddable":true,"href":"https:\/\/edmpco.com\/fr\/wp-json\/wp\/v2\/media\/6467"}],"wp:attachment":[{"href":"https:\/\/edmpco.com\/fr\/wp-json\/wp\/v2\/media?parent=5712"}],"wp:term":[{"taxonomy":"product_brand","embeddable":true,"href":"https:\/\/edmpco.com\/fr\/wp-json\/wp\/v2\/product_brand?post=5712"},{"taxonomy":"product_cat","embeddable":true,"href":"https:\/\/edmpco.com\/fr\/wp-json\/wp\/v2\/product_cat?post=5712"},{"taxonomy":"product_tag","embeddable":true,"href":"https:\/\/edmpco.com\/fr\/wp-json\/wp\/v2\/product_tag?post=5712"}],"curies":[{"name":"wp","href":"https:\/\/api.w.org\/{rel}","templated":true}]}}