{"id":5727,"date":"2025-11-04T10:00:16","date_gmt":"2025-11-04T10:00:16","guid":{"rendered":"https:\/\/edmpco.com\/?post_type=product&#038;p=5727"},"modified":"2026-03-18T09:08:03","modified_gmt":"2026-03-18T09:08:03","slug":"gw30","status":"publish","type":"product","link":"https:\/\/edmpco.com\/fr\/product\/gw30\/","title":{"rendered":"GW30"},"content":{"rendered":"<div class=\"container pd_ovr\">\n<div class=\"row\">\n<div class=\"col-lg-12\">\n<div class=\"overview_area_inner\">\n<p>Le GW30 fournit une communication de passerelle transparente entre RF ou RS-485 (configurable) vers un maximum de 100 compteurs connect\u00e9s et un syst\u00e8me de t\u00eate de r\u00e9seau compatible. La fonctionnalit\u00e9 GPRS d&rsquo;int\u00e9gration fournit \u00e0 l&rsquo;unit\u00e9 des communications de liaison fiables, tandis que la connectivit\u00e9 locale est \u00e9tablie via RS-485. Con\u00e7u et optimis\u00e9 pour les installations sur rail DIN.<\/p>\n<\/div>\n<\/div>\n<\/div>\n<\/div>\n","protected":false},"excerpt":{"rendered":"<p>Le GW30 fournit une communication de passerelle transparente entre RF ou RS-485 (configurable) vers un maximum de 100 compteurs connect\u00e9s et un syst\u00e8me de t\u00eate de r\u00e9seau compatible. La fonctionnalit\u00e9 GPRS d&rsquo;int\u00e9gration fournit \u00e0 l&rsquo;unit\u00e9 des communications de liaison fiables, tandis que la connectivit\u00e9 locale est \u00e9tablie via RS-485. Con\u00e7u et optimis\u00e9 pour les installations sur rail DIN.<\/p>\n<p><a class=\"psacp-rdmr-btn\" href=\"https:\/\/edmpco.com\/wp-content\/uploads\/2025\/11\/GW30-GPRS-GATWAY.pdf\" target=\"_blank\" rel=\"noopener\">Fiche d&rsquo;information<\/a><\/p>\n","protected":false},"featured_media":6451,"comment_status":"open","ping_status":"closed","template":"","meta":[],"product_brand":[],"product_cat":[51],"product_tag":[],"class_list":{"0":"post-5727","1":"product","2":"type-product","3":"status-publish","4":"has-post-thumbnail","6":"product_cat-communication-technologies","8":"first","9":"instock","10":"shipping-taxable","11":"product-type-simple"},"yoast_head":"<!-- This site is optimized with the Yoast SEO plugin v27.4 - https:\/\/yoast.com\/product\/yoast-seo-wordpress\/ -->\n<title>GW30<\/title>\n<meta name=\"robots\" content=\"index, follow, max-snippet:-1, max-image-preview:large, max-video-preview:-1\" \/>\n<link rel=\"canonical\" href=\"https:\/\/edmpco.com\/fr\/product\/gw30\/\" \/>\n<meta property=\"og:locale\" content=\"fr_FR\" \/>\n<meta property=\"og:locale:alternate\" content=\"en_US\" \/>\n<meta property=\"og:locale:alternate\" content=\"es_ES\" \/>\n<meta property=\"og:type\" content=\"article\" \/>\n<meta property=\"og:title\" content=\"GW30\" \/>\n<meta property=\"og:description\" content=\"Le GW30 fournit une communication de passerelle transparente entre RF ou RS-485 (configurable) vers un maximum de 100 compteurs connect\u00e9s et un syst\u00e8me de t\u00eate de r\u00e9seau compatible. La fonctionnalit\u00e9 GPRS d&#039;int\u00e9gration fournit \u00e0 l&#039;unit\u00e9 des communications de liaison fiables, tandis que la connectivit\u00e9 locale est \u00e9tablie via RS-485. Con\u00e7u et optimis\u00e9 pour les installations sur rail DIN.  Fiche d&#039;information\" \/>\n<meta property=\"og:url\" content=\"https:\/\/edmpco.com\/fr\/product\/gw30\/\" \/>\n<meta property=\"og:site_name\" content=\"Edmpco\" \/>\n<meta property=\"article:modified_time\" content=\"2026-03-18T09:08:03+00:00\" \/>\n<meta property=\"og:image\" content=\"https:\/\/edmpco.com\/wp-content\/uploads\/2025\/11\/GW30.jpg\" \/>\n\t<meta property=\"og:image:width\" content=\"1458\" \/>\n\t<meta property=\"og:image:height\" content=\"1875\" \/>\n\t<meta property=\"og:image:type\" content=\"image\/jpeg\" \/>\n<meta name=\"twitter:card\" content=\"summary_large_image\" \/>\n<meta name=\"twitter:label1\" content=\"Dur\u00e9e de lecture estim\u00e9e\" \/>\n\t<meta name=\"twitter:data1\" content=\"1 minute\" \/>\n<script type=\"application\/ld+json\" class=\"yoast-schema-graph\">{\"@context\":\"https:\\\/\\\/schema.org\",\"@graph\":[{\"@type\":\"WebPage\",\"@id\":\"https:\\\/\\\/edmpco.com\\\/fr\\\/product\\\/gw30\\\/\",\"url\":\"https:\\\/\\\/edmpco.com\\\/fr\\\/product\\\/gw30\\\/\",\"name\":\"GW30\",\"isPartOf\":{\"@id\":\"https:\\\/\\\/edmpco.com\\\/#website\"},\"primaryImageOfPage\":{\"@id\":\"https:\\\/\\\/edmpco.com\\\/fr\\\/product\\\/gw30\\\/#primaryimage\"},\"image\":{\"@id\":\"https:\\\/\\\/edmpco.com\\\/fr\\\/product\\\/gw30\\\/#primaryimage\"},\"thumbnailUrl\":\"https:\\\/\\\/edmpco.com\\\/wp-content\\\/uploads\\\/2025\\\/11\\\/GW30.jpg\",\"datePublished\":\"2025-11-04T10:00:16+00:00\",\"dateModified\":\"2026-03-18T09:08:03+00:00\",\"breadcrumb\":{\"@id\":\"https:\\\/\\\/edmpco.com\\\/fr\\\/product\\\/gw30\\\/#breadcrumb\"},\"inLanguage\":\"fr-FR\",\"potentialAction\":[{\"@type\":\"ReadAction\",\"target\":[\"https:\\\/\\\/edmpco.com\\\/fr\\\/product\\\/gw30\\\/\"]}]},{\"@type\":\"ImageObject\",\"inLanguage\":\"fr-FR\",\"@id\":\"https:\\\/\\\/edmpco.com\\\/fr\\\/product\\\/gw30\\\/#primaryimage\",\"url\":\"https:\\\/\\\/edmpco.com\\\/wp-content\\\/uploads\\\/2025\\\/11\\\/GW30.jpg\",\"contentUrl\":\"https:\\\/\\\/edmpco.com\\\/wp-content\\\/uploads\\\/2025\\\/11\\\/GW30.jpg\",\"width\":1458,\"height\":1875},{\"@type\":\"BreadcrumbList\",\"@id\":\"https:\\\/\\\/edmpco.com\\\/fr\\\/product\\\/gw30\\\/#breadcrumb\",\"itemListElement\":[{\"@type\":\"ListItem\",\"position\":1,\"name\":\"Home\",\"item\":\"https:\\\/\\\/edmpco.com\\\/\"},{\"@type\":\"ListItem\",\"position\":2,\"name\":\"Shop\",\"item\":\"https:\\\/\\\/edmpco.com\\\/shop\\\/\"},{\"@type\":\"ListItem\",\"position\":3,\"name\":\"GW30\"}]},{\"@type\":\"WebSite\",\"@id\":\"https:\\\/\\\/edmpco.com\\\/#website\",\"url\":\"https:\\\/\\\/edmpco.com\\\/\",\"name\":\"Edmpco\",\"description\":\"Engineering, Design, Management & Planning | Product Show\",\"publisher\":{\"@id\":\"https:\\\/\\\/edmpco.com\\\/#organization\"},\"potentialAction\":[{\"@type\":\"SearchAction\",\"target\":{\"@type\":\"EntryPoint\",\"urlTemplate\":\"https:\\\/\\\/edmpco.com\\\/?s={search_term_string}\"},\"query-input\":{\"@type\":\"PropertyValueSpecification\",\"valueRequired\":true,\"valueName\":\"search_term_string\"}}],\"inLanguage\":\"fr-FR\"},{\"@type\":\"Organization\",\"@id\":\"https:\\\/\\\/edmpco.com\\\/#organization\",\"name\":\"Edmpco\",\"url\":\"https:\\\/\\\/edmpco.com\\\/\",\"logo\":{\"@type\":\"ImageObject\",\"inLanguage\":\"fr-FR\",\"@id\":\"https:\\\/\\\/edmpco.com\\\/#\\\/schema\\\/logo\\\/image\\\/\",\"url\":\"https:\\\/\\\/edmpco.com\\\/wp-content\\\/uploads\\\/2025\\\/10\\\/EDMP.svg\",\"contentUrl\":\"https:\\\/\\\/edmpco.com\\\/wp-content\\\/uploads\\\/2025\\\/10\\\/EDMP.svg\",\"width\":350,\"height\":105,\"caption\":\"Edmpco\"},\"image\":{\"@id\":\"https:\\\/\\\/edmpco.com\\\/#\\\/schema\\\/logo\\\/image\\\/\"}}]}<\/script>\n<!-- \/ Yoast SEO plugin. -->","yoast_head_json":{"title":"GW30","robots":{"index":"index","follow":"follow","max-snippet":"max-snippet:-1","max-image-preview":"max-image-preview:large","max-video-preview":"max-video-preview:-1"},"canonical":"https:\/\/edmpco.com\/fr\/product\/gw30\/","og_locale":"fr_FR","og_type":"article","og_title":"[:en]GW30[:es]GW30[:fr]GW30[:] - Edmpco","og_description":"Le GW30 fournit une communication de passerelle transparente entre RF ou RS-485 (configurable) vers un maximum de 100 compteurs connect\u00e9s et un syst\u00e8me de t\u00eate de r\u00e9seau compatible. La fonctionnalit\u00e9 GPRS d'int\u00e9gration fournit \u00e0 l'unit\u00e9 des communications de liaison fiables, tandis que la connectivit\u00e9 locale est \u00e9tablie via RS-485. Con\u00e7u et optimis\u00e9 pour les installations sur rail DIN.  Fiche d'information","og_url":"https:\/\/edmpco.com\/fr\/product\/gw30\/","og_site_name":"Edmpco","article_modified_time":"2026-03-18T09:08:03+00:00","og_image":[{"width":1458,"height":1875,"url":"https:\/\/edmpco.com\/wp-content\/uploads\/2025\/11\/GW30.jpg","type":"image\/jpeg"}],"twitter_card":"summary_large_image","twitter_misc":{"Dur\u00e9e de lecture estim\u00e9e":"1 minute"},"schema":{"@context":"https:\/\/schema.org","@graph":[{"@type":"WebPage","@id":"https:\/\/edmpco.com\/fr\/product\/gw30\/","url":"https:\/\/edmpco.com\/fr\/product\/gw30\/","name":"GW30","isPartOf":{"@id":"https:\/\/edmpco.com\/#website"},"primaryImageOfPage":{"@id":"https:\/\/edmpco.com\/fr\/product\/gw30\/#primaryimage"},"image":{"@id":"https:\/\/edmpco.com\/fr\/product\/gw30\/#primaryimage"},"thumbnailUrl":"https:\/\/edmpco.com\/wp-content\/uploads\/2025\/11\/GW30.jpg","datePublished":"2025-11-04T10:00:16+00:00","dateModified":"2026-03-18T09:08:03+00:00","breadcrumb":{"@id":"https:\/\/edmpco.com\/fr\/product\/gw30\/#breadcrumb"},"inLanguage":"fr-FR","potentialAction":[{"@type":"ReadAction","target":["https:\/\/edmpco.com\/fr\/product\/gw30\/"]}]},{"@type":"ImageObject","inLanguage":"fr-FR","@id":"https:\/\/edmpco.com\/fr\/product\/gw30\/#primaryimage","url":"https:\/\/edmpco.com\/wp-content\/uploads\/2025\/11\/GW30.jpg","contentUrl":"https:\/\/edmpco.com\/wp-content\/uploads\/2025\/11\/GW30.jpg","width":1458,"height":1875},{"@type":"BreadcrumbList","@id":"https:\/\/edmpco.com\/fr\/product\/gw30\/#breadcrumb","itemListElement":[{"@type":"ListItem","position":1,"name":"Home","item":"https:\/\/edmpco.com\/"},{"@type":"ListItem","position":2,"name":"Shop","item":"https:\/\/edmpco.com\/shop\/"},{"@type":"ListItem","position":3,"name":"GW30"}]},{"@type":"WebSite","@id":"https:\/\/edmpco.com\/#website","url":"https:\/\/edmpco.com\/","name":"Edmpco","description":"Engineering, Design, Management & Planning | Product Show","publisher":{"@id":"https:\/\/edmpco.com\/#organization"},"potentialAction":[{"@type":"SearchAction","target":{"@type":"EntryPoint","urlTemplate":"https:\/\/edmpco.com\/?s={search_term_string}"},"query-input":{"@type":"PropertyValueSpecification","valueRequired":true,"valueName":"search_term_string"}}],"inLanguage":"fr-FR"},{"@type":"Organization","@id":"https:\/\/edmpco.com\/#organization","name":"Edmpco","url":"https:\/\/edmpco.com\/","logo":{"@type":"ImageObject","inLanguage":"fr-FR","@id":"https:\/\/edmpco.com\/#\/schema\/logo\/image\/","url":"https:\/\/edmpco.com\/wp-content\/uploads\/2025\/10\/EDMP.svg","contentUrl":"https:\/\/edmpco.com\/wp-content\/uploads\/2025\/10\/EDMP.svg","width":350,"height":105,"caption":"Edmpco"},"image":{"@id":"https:\/\/edmpco.com\/#\/schema\/logo\/image\/"}}]}},"_links":{"self":[{"href":"https:\/\/edmpco.com\/fr\/wp-json\/wp\/v2\/product\/5727","targetHints":{"allow":["GET"]}}],"collection":[{"href":"https:\/\/edmpco.com\/fr\/wp-json\/wp\/v2\/product"}],"about":[{"href":"https:\/\/edmpco.com\/fr\/wp-json\/wp\/v2\/types\/product"}],"replies":[{"embeddable":true,"href":"https:\/\/edmpco.com\/fr\/wp-json\/wp\/v2\/comments?post=5727"}],"wp:featuredmedia":[{"embeddable":true,"href":"https:\/\/edmpco.com\/fr\/wp-json\/wp\/v2\/media\/6451"}],"wp:attachment":[{"href":"https:\/\/edmpco.com\/fr\/wp-json\/wp\/v2\/media?parent=5727"}],"wp:term":[{"taxonomy":"product_brand","embeddable":true,"href":"https:\/\/edmpco.com\/fr\/wp-json\/wp\/v2\/product_brand?post=5727"},{"taxonomy":"product_cat","embeddable":true,"href":"https:\/\/edmpco.com\/fr\/wp-json\/wp\/v2\/product_cat?post=5727"},{"taxonomy":"product_tag","embeddable":true,"href":"https:\/\/edmpco.com\/fr\/wp-json\/wp\/v2\/product_tag?post=5727"}],"curies":[{"name":"wp","href":"https:\/\/api.w.org\/{rel}","templated":true}]}}