{"id":5740,"date":"2025-11-01T08:35:47","date_gmt":"2025-11-01T08:35:47","guid":{"rendered":"https:\/\/edmpco.com\/?post_type=product&#038;p=5740"},"modified":"2025-11-06T11:09:06","modified_gmt":"2025-11-06T11:09:06","slug":"gridlynk-prepayment","status":"publish","type":"product","link":"https:\/\/edmpco.com\/fr\/product\/gridlynk-prepayment\/","title":{"rendered":"GridLynk Pr\u00e9paiement"},"content":{"rendered":"<p class=\"p1\">GridLynk Pr\u00e9paiement est une solution avanc\u00e9e con\u00e7ue pour g\u00e9rer et rationaliser les services de pr\u00e9paiement pour les services publics. En s\u2019int\u00e9grant de mani\u00e8re transparente aux compteurs intelligents, cette plateforme permet aux services publics d\u2019offrir des options de pr\u00e9paiement aux clients, leur permettant de payer leur consommation d\u2019\u00e9nergie \u00e0 l\u2019avance. Avec GridLynk Pr\u00e9paiement, les clients peuvent surveiller et contr\u00f4ler leur consommation d\u2019\u00e9nergie, en s\u2019assurant qu\u2019ils ne paient que ce qu\u2019ils utilisent tout en \u00e9vitant les surprises sur leurs factures. Cette solution est particuli\u00e8rement avantageuse sur les march\u00e9s o\u00f9 il est essentiel d\u2019assurer des paiements en temps opportun et de minimiser les mauvaises cr\u00e9ances.<\/p>\n<p class=\"p3\"><strong>Principales caract\u00e9ristiques de GridLynk Pr\u00e9paiement<\/strong><\/p>\n<p class=\"p1\">GridLynk Pr\u00e9paiement fournit aux services publics une plateforme efficace et \u00e9volutive pour g\u00e9rer les encaissements de pr\u00e9paiement, garantissant ainsi une exp\u00e9rience fluide et transparente pour les services publics et les clients. La plate-forme prend en charge diverses m\u00e9thodes de paiement, notamment les applications mobiles, les portails en ligne et les stations de vente, offrant aux clients plusieurs fa\u00e7ons de recharger leurs comptes. Il offre \u00e9galement un suivi du solde en temps r\u00e9el, aidant les consommateurs \u00e0 rester inform\u00e9s de leur utilisation et de leurs cr\u00e9dits restants. Gr\u00e2ce \u00e0 la possibilit\u00e9 de d\u00e9connecter et de reconnecter les compteurs \u00e0 distance, les services publics peuvent r\u00e9agir rapidement en cas de non-paiement ou d\u2019autres probl\u00e8mes, am\u00e9liorant ainsi l\u2019efficacit\u00e9 op\u00e9rationnelle et r\u00e9duisant le risque de perte de revenus.<\/p>\n<p class=\"p3\"><strong>Avantages pour les services publics<\/strong><\/p>\n<p>&nbsp;<\/p>\n<p class=\"p1\">GridLynk Pr\u00e9paiement offre aux services publics des avantages op\u00e9rationnels et financiers importants en r\u00e9duisant les cr\u00e9ances irr\u00e9couvrables et en am\u00e9liorant les flux de tr\u00e9sorerie. En collectant les paiements \u00e0 l\u2019avance, les services publics peuvent att\u00e9nuer le risque de non-paiement et \u00e9viter la n\u00e9cessit\u00e9 de processus de recouvrement co\u00fbteux. Le syst\u00e8me offre une visibilit\u00e9 en temps r\u00e9el sur la consommation d\u2019\u00e9nergie, ce qui permet une meilleure gestion de la charge et une meilleure pr\u00e9vision de la demande. De plus, GridLynk Pr\u00e9paiement am\u00e9liore la satisfaction des clients en offrant des options de paiement flexibles et un acc\u00e8s en temps r\u00e9el aux donn\u00e9es de consommation. Cette transparence aide les clients \u00e0 mieux g\u00e9rer leur consommation d\u2019\u00e9nergie et leurs finances, ce qui favorise une relation positive avec le service public et garantit des revenus fiables pour le service public.<\/p>\n","protected":false},"excerpt":{"rendered":"<p class=\"p1\">GridLynk Pr\u00e9paiement est une solution avanc\u00e9e con\u00e7ue pour g\u00e9rer et rationaliser les services de pr\u00e9paiement pour les services publics. En s\u2019int\u00e9grant de mani\u00e8re transparente aux compteurs intelligents, cette plateforme permet aux services publics d\u2019offrir des options de pr\u00e9paiement aux clients, leur permettant de payer leur consommation d\u2019\u00e9nergie \u00e0 l\u2019avance. Avec GridLynk Pr\u00e9paiement, les clients peuvent surveiller et contr\u00f4ler leur consommation d\u2019\u00e9nergie, en s\u2019assurant qu\u2019ils ne paient que ce qu\u2019ils utilisent tout en \u00e9vitant les surprises sur leurs factures. Cette solution est particuli\u00e8rement avantageuse sur les march\u00e9s o\u00f9 il est essentiel d\u2019assurer des paiements en temps opportun et de minimiser les mauvaises cr\u00e9ances.<\/p>\n<p class=\"p3\"><strong>Principales caract\u00e9ristiques de GridLynk Pr\u00e9paiement<\/strong><\/p>\n<p class=\"p1\">GridLynk Pr\u00e9paiement fournit aux services publics une plateforme efficace et \u00e9volutive pour g\u00e9rer les encaissements de pr\u00e9paiement, garantissant ainsi une exp\u00e9rience fluide et transparente pour les services publics et les clients. La plate-forme prend en charge diverses m\u00e9thodes de paiement, notamment les applications mobiles, les portails en ligne et les stations de vente, offrant aux clients plusieurs fa\u00e7ons de recharger leurs comptes. Il offre \u00e9galement un suivi du solde en temps r\u00e9el, aidant les consommateurs \u00e0 rester inform\u00e9s de leur utilisation et de leurs cr\u00e9dits restants. Gr\u00e2ce \u00e0 la possibilit\u00e9 de d\u00e9connecter et de reconnecter les compteurs \u00e0 distance, les services publics peuvent r\u00e9agir rapidement en cas de non-paiement ou d\u2019autres probl\u00e8mes, am\u00e9liorant ainsi l\u2019efficacit\u00e9 op\u00e9rationnelle et r\u00e9duisant le risque de perte de revenus.<\/p>\n<p class=\"p3\"><strong>Avantages pour les services publics<\/strong><\/p>\n<p>&nbsp;<\/p>\n<p class=\"p1\">GridLynk Pr\u00e9paiement offre aux services publics des avantages op\u00e9rationnels et financiers importants en r\u00e9duisant les cr\u00e9ances irr\u00e9couvrables et en am\u00e9liorant les flux de tr\u00e9sorerie. En collectant les paiements \u00e0 l\u2019avance, les services publics peuvent att\u00e9nuer le risque de non-paiement et \u00e9viter la n\u00e9cessit\u00e9 de processus de recouvrement co\u00fbteux. Le syst\u00e8me offre une visibilit\u00e9 en temps r\u00e9el sur la consommation d\u2019\u00e9nergie, ce qui permet une meilleure gestion de la charge et une meilleure pr\u00e9vision de la demande. De plus, GridLynk Pr\u00e9paiement am\u00e9liore la satisfaction des clients en offrant des options de paiement flexibles et un acc\u00e8s en temps r\u00e9el aux donn\u00e9es de consommation. Cette transparence aide les clients \u00e0 mieux g\u00e9rer leur consommation d\u2019\u00e9nergie et leurs finances, ce qui favorise une relation positive avec le service public et garantit des revenus fiables pour le service public.<\/p>\n","protected":false},"featured_media":5742,"comment_status":"open","ping_status":"closed","template":"","meta":[],"product_brand":[],"product_cat":[52],"product_tag":[],"class_list":{"0":"post-5740","1":"product","2":"type-product","3":"status-publish","4":"has-post-thumbnail","6":"product_cat-system-and-software","8":"first","9":"instock","10":"shipping-taxable","11":"product-type-simple"},"yoast_head":"<!-- This site is optimized with the Yoast SEO plugin v27.4 - https:\/\/yoast.com\/product\/yoast-seo-wordpress\/ -->\n<title>GridLynk Pr\u00e9paiement<\/title>\n<meta name=\"robots\" content=\"index, follow, max-snippet:-1, max-image-preview:large, max-video-preview:-1\" \/>\n<link rel=\"canonical\" href=\"https:\/\/edmpco.com\/fr\/product\/gridlynk-prepayment\/\" \/>\n<meta property=\"og:locale\" content=\"fr_FR\" \/>\n<meta property=\"og:locale:alternate\" content=\"en_US\" \/>\n<meta property=\"og:locale:alternate\" content=\"es_ES\" \/>\n<meta property=\"og:type\" content=\"article\" \/>\n<meta property=\"og:title\" content=\"GridLynk Pr\u00e9paiement\" \/>\n<meta property=\"og:description\" content=\"GridLynk Pr\u00e9paiement est une solution avanc\u00e9e con\u00e7ue pour g\u00e9rer et rationaliser les services de pr\u00e9paiement pour les services publics. En s\u2019int\u00e9grant de mani\u00e8re transparente aux compteurs intelligents, cette plateforme permet aux services publics d\u2019offrir des options de pr\u00e9paiement aux clients, leur permettant de payer leur consommation d\u2019\u00e9nergie \u00e0 l\u2019avance. Avec GridLynk Pr\u00e9paiement, les clients peuvent surveiller et contr\u00f4ler leur consommation d\u2019\u00e9nergie, en s\u2019assurant qu\u2019ils ne paient que ce qu\u2019ils utilisent tout en \u00e9vitant les surprises sur leurs factures. Cette solution est particuli\u00e8rement avantageuse sur les march\u00e9s o\u00f9 il est essentiel d\u2019assurer des paiements en temps opportun et de minimiser les mauvaises cr\u00e9ances. Principales caract\u00e9ristiques de GridLynk Pr\u00e9paiement GridLynk Pr\u00e9paiement fournit aux services publics une plateforme efficace et \u00e9volutive pour g\u00e9rer les encaissements de pr\u00e9paiement, garantissant ainsi une exp\u00e9rience fluide et transparente pour les services publics et les clients. La plate-forme prend en charge diverses m\u00e9thodes de paiement, notamment les applications mobiles, les portails en ligne et les stations de vente, offrant aux clients plusieurs fa\u00e7ons de recharger leurs comptes. Il offre \u00e9galement un suivi du solde en temps r\u00e9el, aidant les consommateurs \u00e0 rester inform\u00e9s de leur utilisation et de leurs cr\u00e9dits restants. Gr\u00e2ce \u00e0 la possibilit\u00e9 de d\u00e9connecter et de reconnecter les compteurs \u00e0 distance, les services publics peuvent r\u00e9agir rapidement en cas de non-paiement ou d\u2019autres probl\u00e8mes, am\u00e9liorant ainsi l\u2019efficacit\u00e9 op\u00e9rationnelle et r\u00e9duisant le risque de perte de revenus. Avantages pour les services publics &nbsp; GridLynk Pr\u00e9paiement offre aux services publics des avantages op\u00e9rationnels et financiers importants en r\u00e9duisant les cr\u00e9ances irr\u00e9couvrables et en am\u00e9liorant les flux de tr\u00e9sorerie. En collectant les paiements \u00e0 l\u2019avance, les services publics peuvent att\u00e9nuer le risque de non-paiement et \u00e9viter la n\u00e9cessit\u00e9 de processus de recouvrement co\u00fbteux. Le syst\u00e8me offre une visibilit\u00e9 en temps r\u00e9el sur la consommation d\u2019\u00e9nergie, ce qui permet une meilleure gestion de la charge et une meilleure pr\u00e9vision de la demande. De plus, GridLynk Pr\u00e9paiement am\u00e9liore la satisfaction des clients en offrant des options de paiement flexibles et un acc\u00e8s en temps r\u00e9el aux donn\u00e9es de consommation. Cette transparence aide les clients \u00e0 mieux g\u00e9rer leur consommation d\u2019\u00e9nergie et leurs finances, ce qui favorise une relation positive avec le service public et garantit des revenus fiables pour le service public.\" \/>\n<meta property=\"og:url\" content=\"https:\/\/edmpco.com\/fr\/product\/gridlynk-prepayment\/\" \/>\n<meta property=\"og:site_name\" content=\"Edmpco\" \/>\n<meta property=\"article:modified_time\" content=\"2025-11-06T11:09:06+00:00\" \/>\n<meta property=\"og:image\" content=\"https:\/\/edmpco.com\/wp-content\/uploads\/2025\/11\/1742213828.jpg\" \/>\n\t<meta property=\"og:image:width\" content=\"350\" \/>\n\t<meta property=\"og:image:height\" content=\"450\" \/>\n\t<meta property=\"og:image:type\" content=\"image\/jpeg\" \/>\n<meta name=\"twitter:card\" content=\"summary_large_image\" \/>\n<meta name=\"twitter:label1\" content=\"Dur\u00e9e de lecture estim\u00e9e\" \/>\n\t<meta name=\"twitter:data1\" content=\"6 minutes\" \/>\n<script type=\"application\/ld+json\" class=\"yoast-schema-graph\">{\"@context\":\"https:\\\/\\\/schema.org\",\"@graph\":[{\"@type\":\"WebPage\",\"@id\":\"https:\\\/\\\/edmpco.com\\\/fr\\\/product\\\/gridlynk-prepayment\\\/\",\"url\":\"https:\\\/\\\/edmpco.com\\\/fr\\\/product\\\/gridlynk-prepayment\\\/\",\"name\":\"GridLynk Pr\u00e9paiement\",\"isPartOf\":{\"@id\":\"https:\\\/\\\/edmpco.com\\\/#website\"},\"primaryImageOfPage\":{\"@id\":\"https:\\\/\\\/edmpco.com\\\/fr\\\/product\\\/gridlynk-prepayment\\\/#primaryimage\"},\"image\":{\"@id\":\"https:\\\/\\\/edmpco.com\\\/fr\\\/product\\\/gridlynk-prepayment\\\/#primaryimage\"},\"thumbnailUrl\":\"https:\\\/\\\/edmpco.com\\\/wp-content\\\/uploads\\\/2025\\\/11\\\/1742213828.jpg\",\"datePublished\":\"2025-11-01T08:35:47+00:00\",\"dateModified\":\"2025-11-06T11:09:06+00:00\",\"breadcrumb\":{\"@id\":\"https:\\\/\\\/edmpco.com\\\/fr\\\/product\\\/gridlynk-prepayment\\\/#breadcrumb\"},\"inLanguage\":\"fr-FR\",\"potentialAction\":[{\"@type\":\"ReadAction\",\"target\":[\"https:\\\/\\\/edmpco.com\\\/fr\\\/product\\\/gridlynk-prepayment\\\/\"]}]},{\"@type\":\"ImageObject\",\"inLanguage\":\"fr-FR\",\"@id\":\"https:\\\/\\\/edmpco.com\\\/fr\\\/product\\\/gridlynk-prepayment\\\/#primaryimage\",\"url\":\"https:\\\/\\\/edmpco.com\\\/wp-content\\\/uploads\\\/2025\\\/11\\\/1742213828.jpg\",\"contentUrl\":\"https:\\\/\\\/edmpco.com\\\/wp-content\\\/uploads\\\/2025\\\/11\\\/1742213828.jpg\",\"width\":350,\"height\":450},{\"@type\":\"BreadcrumbList\",\"@id\":\"https:\\\/\\\/edmpco.com\\\/fr\\\/product\\\/gridlynk-prepayment\\\/#breadcrumb\",\"itemListElement\":[{\"@type\":\"ListItem\",\"position\":1,\"name\":\"Home\",\"item\":\"https:\\\/\\\/edmpco.com\\\/\"},{\"@type\":\"ListItem\",\"position\":2,\"name\":\"Shop\",\"item\":\"https:\\\/\\\/edmpco.com\\\/shop\\\/\"},{\"@type\":\"ListItem\",\"position\":3,\"name\":\"GridLynk Prepayment\"}]},{\"@type\":\"WebSite\",\"@id\":\"https:\\\/\\\/edmpco.com\\\/#website\",\"url\":\"https:\\\/\\\/edmpco.com\\\/\",\"name\":\"Edmpco\",\"description\":\"Engineering, Design, Management & Planning | Product Show\",\"publisher\":{\"@id\":\"https:\\\/\\\/edmpco.com\\\/#organization\"},\"potentialAction\":[{\"@type\":\"SearchAction\",\"target\":{\"@type\":\"EntryPoint\",\"urlTemplate\":\"https:\\\/\\\/edmpco.com\\\/?s={search_term_string}\"},\"query-input\":{\"@type\":\"PropertyValueSpecification\",\"valueRequired\":true,\"valueName\":\"search_term_string\"}}],\"inLanguage\":\"fr-FR\"},{\"@type\":\"Organization\",\"@id\":\"https:\\\/\\\/edmpco.com\\\/#organization\",\"name\":\"Edmpco\",\"url\":\"https:\\\/\\\/edmpco.com\\\/\",\"logo\":{\"@type\":\"ImageObject\",\"inLanguage\":\"fr-FR\",\"@id\":\"https:\\\/\\\/edmpco.com\\\/#\\\/schema\\\/logo\\\/image\\\/\",\"url\":\"https:\\\/\\\/edmpco.com\\\/wp-content\\\/uploads\\\/2025\\\/10\\\/EDMP.svg\",\"contentUrl\":\"https:\\\/\\\/edmpco.com\\\/wp-content\\\/uploads\\\/2025\\\/10\\\/EDMP.svg\",\"width\":350,\"height\":105,\"caption\":\"Edmpco\"},\"image\":{\"@id\":\"https:\\\/\\\/edmpco.com\\\/#\\\/schema\\\/logo\\\/image\\\/\"}}]}<\/script>\n<!-- \/ Yoast SEO plugin. -->","yoast_head_json":{"title":"GridLynk Pr\u00e9paiement","robots":{"index":"index","follow":"follow","max-snippet":"max-snippet:-1","max-image-preview":"max-image-preview:large","max-video-preview":"max-video-preview:-1"},"canonical":"https:\/\/edmpco.com\/fr\/product\/gridlynk-prepayment\/","og_locale":"fr_FR","og_type":"article","og_title":"[:en]GridLynk Prepayment[:es]Prepago de GridLynk[:fr]GridLynk Pr\u00e9paiement[:] - Edmpco","og_description":"GridLynk Pr\u00e9paiement est une solution avanc\u00e9e con\u00e7ue pour g\u00e9rer et rationaliser les services de pr\u00e9paiement pour les services publics. En s\u2019int\u00e9grant de mani\u00e8re transparente aux compteurs intelligents, cette plateforme permet aux services publics d\u2019offrir des options de pr\u00e9paiement aux clients, leur permettant de payer leur consommation d\u2019\u00e9nergie \u00e0 l\u2019avance. Avec GridLynk Pr\u00e9paiement, les clients peuvent surveiller et contr\u00f4ler leur consommation d\u2019\u00e9nergie, en s\u2019assurant qu\u2019ils ne paient que ce qu\u2019ils utilisent tout en \u00e9vitant les surprises sur leurs factures. Cette solution est particuli\u00e8rement avantageuse sur les march\u00e9s o\u00f9 il est essentiel d\u2019assurer des paiements en temps opportun et de minimiser les mauvaises cr\u00e9ances. Principales caract\u00e9ristiques de GridLynk Pr\u00e9paiement GridLynk Pr\u00e9paiement fournit aux services publics une plateforme efficace et \u00e9volutive pour g\u00e9rer les encaissements de pr\u00e9paiement, garantissant ainsi une exp\u00e9rience fluide et transparente pour les services publics et les clients. La plate-forme prend en charge diverses m\u00e9thodes de paiement, notamment les applications mobiles, les portails en ligne et les stations de vente, offrant aux clients plusieurs fa\u00e7ons de recharger leurs comptes. Il offre \u00e9galement un suivi du solde en temps r\u00e9el, aidant les consommateurs \u00e0 rester inform\u00e9s de leur utilisation et de leurs cr\u00e9dits restants. Gr\u00e2ce \u00e0 la possibilit\u00e9 de d\u00e9connecter et de reconnecter les compteurs \u00e0 distance, les services publics peuvent r\u00e9agir rapidement en cas de non-paiement ou d\u2019autres probl\u00e8mes, am\u00e9liorant ainsi l\u2019efficacit\u00e9 op\u00e9rationnelle et r\u00e9duisant le risque de perte de revenus. Avantages pour les services publics &nbsp; GridLynk Pr\u00e9paiement offre aux services publics des avantages op\u00e9rationnels et financiers importants en r\u00e9duisant les cr\u00e9ances irr\u00e9couvrables et en am\u00e9liorant les flux de tr\u00e9sorerie. En collectant les paiements \u00e0 l\u2019avance, les services publics peuvent att\u00e9nuer le risque de non-paiement et \u00e9viter la n\u00e9cessit\u00e9 de processus de recouvrement co\u00fbteux. Le syst\u00e8me offre une visibilit\u00e9 en temps r\u00e9el sur la consommation d\u2019\u00e9nergie, ce qui permet une meilleure gestion de la charge et une meilleure pr\u00e9vision de la demande. De plus, GridLynk Pr\u00e9paiement am\u00e9liore la satisfaction des clients en offrant des options de paiement flexibles et un acc\u00e8s en temps r\u00e9el aux donn\u00e9es de consommation. Cette transparence aide les clients \u00e0 mieux g\u00e9rer leur consommation d\u2019\u00e9nergie et leurs finances, ce qui favorise une relation positive avec le service public et garantit des revenus fiables pour le service public.","og_url":"https:\/\/edmpco.com\/fr\/product\/gridlynk-prepayment\/","og_site_name":"Edmpco","article_modified_time":"2025-11-06T11:09:06+00:00","og_image":[{"width":350,"height":450,"url":"https:\/\/edmpco.com\/wp-content\/uploads\/2025\/11\/1742213828.jpg","type":"image\/jpeg"}],"twitter_card":"summary_large_image","twitter_misc":{"Dur\u00e9e de lecture estim\u00e9e":"6 minutes"},"schema":{"@context":"https:\/\/schema.org","@graph":[{"@type":"WebPage","@id":"https:\/\/edmpco.com\/fr\/product\/gridlynk-prepayment\/","url":"https:\/\/edmpco.com\/fr\/product\/gridlynk-prepayment\/","name":"GridLynk Pr\u00e9paiement","isPartOf":{"@id":"https:\/\/edmpco.com\/#website"},"primaryImageOfPage":{"@id":"https:\/\/edmpco.com\/fr\/product\/gridlynk-prepayment\/#primaryimage"},"image":{"@id":"https:\/\/edmpco.com\/fr\/product\/gridlynk-prepayment\/#primaryimage"},"thumbnailUrl":"https:\/\/edmpco.com\/wp-content\/uploads\/2025\/11\/1742213828.jpg","datePublished":"2025-11-01T08:35:47+00:00","dateModified":"2025-11-06T11:09:06+00:00","breadcrumb":{"@id":"https:\/\/edmpco.com\/fr\/product\/gridlynk-prepayment\/#breadcrumb"},"inLanguage":"fr-FR","potentialAction":[{"@type":"ReadAction","target":["https:\/\/edmpco.com\/fr\/product\/gridlynk-prepayment\/"]}]},{"@type":"ImageObject","inLanguage":"fr-FR","@id":"https:\/\/edmpco.com\/fr\/product\/gridlynk-prepayment\/#primaryimage","url":"https:\/\/edmpco.com\/wp-content\/uploads\/2025\/11\/1742213828.jpg","contentUrl":"https:\/\/edmpco.com\/wp-content\/uploads\/2025\/11\/1742213828.jpg","width":350,"height":450},{"@type":"BreadcrumbList","@id":"https:\/\/edmpco.com\/fr\/product\/gridlynk-prepayment\/#breadcrumb","itemListElement":[{"@type":"ListItem","position":1,"name":"Home","item":"https:\/\/edmpco.com\/"},{"@type":"ListItem","position":2,"name":"Shop","item":"https:\/\/edmpco.com\/shop\/"},{"@type":"ListItem","position":3,"name":"GridLynk Prepayment"}]},{"@type":"WebSite","@id":"https:\/\/edmpco.com\/#website","url":"https:\/\/edmpco.com\/","name":"Edmpco","description":"Engineering, Design, Management & Planning | Product Show","publisher":{"@id":"https:\/\/edmpco.com\/#organization"},"potentialAction":[{"@type":"SearchAction","target":{"@type":"EntryPoint","urlTemplate":"https:\/\/edmpco.com\/?s={search_term_string}"},"query-input":{"@type":"PropertyValueSpecification","valueRequired":true,"valueName":"search_term_string"}}],"inLanguage":"fr-FR"},{"@type":"Organization","@id":"https:\/\/edmpco.com\/#organization","name":"Edmpco","url":"https:\/\/edmpco.com\/","logo":{"@type":"ImageObject","inLanguage":"fr-FR","@id":"https:\/\/edmpco.com\/#\/schema\/logo\/image\/","url":"https:\/\/edmpco.com\/wp-content\/uploads\/2025\/10\/EDMP.svg","contentUrl":"https:\/\/edmpco.com\/wp-content\/uploads\/2025\/10\/EDMP.svg","width":350,"height":105,"caption":"Edmpco"},"image":{"@id":"https:\/\/edmpco.com\/#\/schema\/logo\/image\/"}}]}},"_links":{"self":[{"href":"https:\/\/edmpco.com\/fr\/wp-json\/wp\/v2\/product\/5740","targetHints":{"allow":["GET"]}}],"collection":[{"href":"https:\/\/edmpco.com\/fr\/wp-json\/wp\/v2\/product"}],"about":[{"href":"https:\/\/edmpco.com\/fr\/wp-json\/wp\/v2\/types\/product"}],"replies":[{"embeddable":true,"href":"https:\/\/edmpco.com\/fr\/wp-json\/wp\/v2\/comments?post=5740"}],"wp:featuredmedia":[{"embeddable":true,"href":"https:\/\/edmpco.com\/fr\/wp-json\/wp\/v2\/media\/5742"}],"wp:attachment":[{"href":"https:\/\/edmpco.com\/fr\/wp-json\/wp\/v2\/media?parent=5740"}],"wp:term":[{"taxonomy":"product_brand","embeddable":true,"href":"https:\/\/edmpco.com\/fr\/wp-json\/wp\/v2\/product_brand?post=5740"},{"taxonomy":"product_cat","embeddable":true,"href":"https:\/\/edmpco.com\/fr\/wp-json\/wp\/v2\/product_cat?post=5740"},{"taxonomy":"product_tag","embeddable":true,"href":"https:\/\/edmpco.com\/fr\/wp-json\/wp\/v2\/product_tag?post=5740"}],"curies":[{"name":"wp","href":"https:\/\/api.w.org\/{rel}","templated":true}]}}