{"id":5743,"date":"2025-11-03T12:00:53","date_gmt":"2025-11-03T12:00:53","guid":{"rendered":"https:\/\/edmpco.com\/?post_type=product&#038;p=5743"},"modified":"2025-11-06T10:27:19","modified_gmt":"2025-11-06T10:27:19","slug":"gridlynk-billing","status":"publish","type":"product","link":"https:\/\/edmpco.com\/fr\/product\/gridlynk-billing\/","title":{"rendered":"Facturation GridLynk"},"content":{"rendered":"<p>GridLynk Billing est une solution avanc\u00e9e con\u00e7ue pour rationaliser le processus de facturation des services publics, garantissant pr\u00e9cision, efficacit\u00e9 et flexibilit\u00e9. Cette plateforme s&rsquo;int\u00e8gre de mani\u00e8re transparente aux compteurs intelligents et aux syst\u00e8mes de gestion des donn\u00e9es de compteur (MDMS) pour collecter et traiter les donn\u00e9es de consommation, permettant aux services publics de g\u00e9n\u00e9rer des factures pr\u00e9cises bas\u00e9es sur l&rsquo;utilisation r\u00e9elle. Avec GridLynk Billing, les services publics peuvent g\u00e9rer \u00e0 la fois les clients pr\u00e9pay\u00e9s et post-paiement, en prenant en charge divers mod\u00e8les de facturation tels que l&rsquo;heure de consommation (TOU), les tarifs forfaitaires et la tarification \u00e9chelonn\u00e9e. Le syst\u00e8me automatise les cycles de facturation, de la collecte des donn\u00e9es \u00e0 la g\u00e9n\u00e9ration et \u00e0 la livraison des factures, minimisant ainsi les erreurs et r\u00e9duisant la charge de travail administrative.<\/p>\n<p class=\"p3\">Principales caract\u00e9ristiques de GridLynk Billing<\/p>\n<p class=\"p1\">GridLynk Billing fournit aux services publics une plateforme flexible et conviviale pour g\u00e9rer l&rsquo;ensemble de leur processus de facturation. Il prend en charge la facturation en temps r\u00e9el et les calculs tarifaires pr\u00e9cis, garantissant que les clients sont factur\u00e9s correctement en fonction de leurs habitudes de consommation. La plateforme peut g\u00e9rer des structures de facturation complexes, notamment des changements de tarifs dynamiques, une prise en charge multidevise et la facturation de services suppl\u00e9mentaires tels que la maintenance ou les frais clients. De plus, GridLynk Billing s&rsquo;int\u00e8gre \u00e0 divers syst\u00e8mes de paiement, permettant aux clients d&rsquo;effectuer des paiements via des applications mobiles, des portails en ligne et des distributeurs automatiques. La solution comprend \u00e9galement des rapports d\u00e9taill\u00e9s et des analyses pour les services publics afin de surveiller les revenus, d&rsquo;identifier les \u00e9carts et d&rsquo;optimiser les op\u00e9rations de facturation.<\/p>\n<p class=\"p3\">Avantages pour les services publics<\/p>\n<p>&nbsp;<\/p>\n<p class=\"p1\">GridLynk Billing offre de nombreux avantages aux services publics, am\u00e9liorant la collecte des revenus, l&rsquo;efficacit\u00e9 op\u00e9rationnelle et la satisfaction des clients. En automatisant le processus de facturation et en r\u00e9duisant les interventions manuelles, les services publics peuvent r\u00e9duire consid\u00e9rablement les co\u00fbts administratifs et \u00e9liminer les erreurs de facturation. La flexibilit\u00e9 du syst\u00e8me permet aux services publics de s&rsquo;adapter aux conditions changeantes du march\u00e9 et aux besoins des clients, en offrant des cycles de facturation et des options de paiement personnalisables. Gr\u00e2ce \u00e0 des donn\u00e9es en temps r\u00e9el et \u00e0 des rapports d\u00e9taill\u00e9s, les services publics obtiennent des informations pr\u00e9cieuses sur les tendances de consommation et les performances financi\u00e8res, ce qui les aide \u00e0 prendre des d\u00e9cisions fond\u00e9es sur des donn\u00e9es. Pour les clients, la possibilit\u00e9 de consulter des factures pr\u00e9cises et opportunes, associ\u00e9e \u00e0 des options de paiement pratiques, am\u00e9liore la satisfaction et la confiance dans le service public.<\/p>\n","protected":false},"excerpt":{"rendered":"<p>GridLynk Billing est une solution avanc\u00e9e con\u00e7ue pour rationaliser le processus de facturation des services publics, garantissant pr\u00e9cision, efficacit\u00e9 et flexibilit\u00e9. Cette plateforme s&rsquo;int\u00e8gre de mani\u00e8re transparente aux compteurs intelligents et aux syst\u00e8mes de gestion des donn\u00e9es de compteur (MDMS) pour collecter et traiter les donn\u00e9es de consommation, permettant aux services publics de g\u00e9n\u00e9rer des factures pr\u00e9cises bas\u00e9es sur l&rsquo;utilisation r\u00e9elle. Avec GridLynk Billing, les services publics peuvent g\u00e9rer \u00e0 la fois les clients pr\u00e9pay\u00e9s et post-paiement, en prenant en charge divers mod\u00e8les de facturation tels que l&rsquo;heure de consommation (TOU), les tarifs forfaitaires et la tarification \u00e9chelonn\u00e9e. Le syst\u00e8me automatise les cycles de facturation, de la collecte des donn\u00e9es \u00e0 la g\u00e9n\u00e9ration et \u00e0 la livraison des factures, minimisant ainsi les erreurs et r\u00e9duisant la charge de travail administrative.<\/p>\n<p class=\"p3\">Principales caract\u00e9ristiques de GridLynk Billing<\/p>\n<p class=\"p1\">GridLynk Billing fournit aux services publics une plateforme flexible et conviviale pour g\u00e9rer l&rsquo;ensemble de leur processus de facturation. Il prend en charge la facturation en temps r\u00e9el et les calculs tarifaires pr\u00e9cis, garantissant que les clients sont factur\u00e9s correctement en fonction de leurs habitudes de consommation. La plateforme peut g\u00e9rer des structures de facturation complexes, notamment des changements de tarifs dynamiques, une prise en charge multidevise et la facturation de services suppl\u00e9mentaires tels que la maintenance ou les frais clients. De plus, GridLynk Billing s&rsquo;int\u00e8gre \u00e0 divers syst\u00e8mes de paiement, permettant aux clients d&rsquo;effectuer des paiements via des applications mobiles, des portails en ligne et des distributeurs automatiques. La solution comprend \u00e9galement des rapports d\u00e9taill\u00e9s et des analyses pour les services publics afin de surveiller les revenus, d&rsquo;identifier les \u00e9carts et d&rsquo;optimiser les op\u00e9rations de facturation.<\/p>\n<p class=\"p3\">Avantages pour les services publics<\/p>\n<p>&nbsp;<\/p>\n<p class=\"p1\">GridLynk Billing offre de nombreux avantages aux services publics, am\u00e9liorant la collecte des revenus, l&rsquo;efficacit\u00e9 op\u00e9rationnelle et la satisfaction des clients. En automatisant le processus de facturation et en r\u00e9duisant les interventions manuelles, les services publics peuvent r\u00e9duire consid\u00e9rablement les co\u00fbts administratifs et \u00e9liminer les erreurs de facturation. La flexibilit\u00e9 du syst\u00e8me permet aux services publics de s&rsquo;adapter aux conditions changeantes du march\u00e9 et aux besoins des clients, en offrant des cycles de facturation et des options de paiement personnalisables. Gr\u00e2ce \u00e0 des donn\u00e9es en temps r\u00e9el et \u00e0 des rapports d\u00e9taill\u00e9s, les services publics obtiennent des informations pr\u00e9cieuses sur les tendances de consommation et les performances financi\u00e8res, ce qui les aide \u00e0 prendre des d\u00e9cisions fond\u00e9es sur des donn\u00e9es. Pour les clients, la possibilit\u00e9 de consulter des factures pr\u00e9cises et opportunes, associ\u00e9e \u00e0 des options de paiement pratiques, am\u00e9liore la satisfaction et la confiance dans le service public.<\/p>\n","protected":false},"featured_media":6463,"comment_status":"open","ping_status":"closed","template":"","meta":[],"product_brand":[],"product_cat":[52],"product_tag":[],"class_list":{"0":"post-5743","1":"product","2":"type-product","3":"status-publish","4":"has-post-thumbnail","6":"product_cat-system-and-software","8":"first","9":"instock","10":"shipping-taxable","11":"product-type-simple"},"yoast_head":"<!-- This site is optimized with the Yoast SEO plugin v27.4 - https:\/\/yoast.com\/product\/yoast-seo-wordpress\/ -->\n<title>Facturation GridLynk<\/title>\n<meta name=\"robots\" content=\"index, follow, max-snippet:-1, max-image-preview:large, max-video-preview:-1\" \/>\n<link rel=\"canonical\" href=\"https:\/\/edmpco.com\/fr\/product\/gridlynk-billing\/\" \/>\n<meta property=\"og:locale\" content=\"fr_FR\" \/>\n<meta property=\"og:locale:alternate\" content=\"en_US\" \/>\n<meta property=\"og:locale:alternate\" content=\"es_ES\" \/>\n<meta property=\"og:type\" content=\"article\" \/>\n<meta property=\"og:title\" content=\"Facturation GridLynk\" \/>\n<meta property=\"og:description\" content=\"GridLynk Billing est une solution avanc\u00e9e con\u00e7ue pour rationaliser le processus de facturation des services publics, garantissant pr\u00e9cision, efficacit\u00e9 et flexibilit\u00e9. Cette plateforme s&#039;int\u00e8gre de mani\u00e8re transparente aux compteurs intelligents et aux syst\u00e8mes de gestion des donn\u00e9es de compteur (MDMS) pour collecter et traiter les donn\u00e9es de consommation, permettant aux services publics de g\u00e9n\u00e9rer des factures pr\u00e9cises bas\u00e9es sur l&#039;utilisation r\u00e9elle. Avec GridLynk Billing, les services publics peuvent g\u00e9rer \u00e0 la fois les clients pr\u00e9pay\u00e9s et post-paiement, en prenant en charge divers mod\u00e8les de facturation tels que l&#039;heure de consommation (TOU), les tarifs forfaitaires et la tarification \u00e9chelonn\u00e9e. Le syst\u00e8me automatise les cycles de facturation, de la collecte des donn\u00e9es \u00e0 la g\u00e9n\u00e9ration et \u00e0 la livraison des factures, minimisant ainsi les erreurs et r\u00e9duisant la charge de travail administrative. Principales caract\u00e9ristiques de GridLynk Billing GridLynk Billing fournit aux services publics une plateforme flexible et conviviale pour g\u00e9rer l&#039;ensemble de leur processus de facturation. Il prend en charge la facturation en temps r\u00e9el et les calculs tarifaires pr\u00e9cis, garantissant que les clients sont factur\u00e9s correctement en fonction de leurs habitudes de consommation. La plateforme peut g\u00e9rer des structures de facturation complexes, notamment des changements de tarifs dynamiques, une prise en charge multidevise et la facturation de services suppl\u00e9mentaires tels que la maintenance ou les frais clients. De plus, GridLynk Billing s&#039;int\u00e8gre \u00e0 divers syst\u00e8mes de paiement, permettant aux clients d&#039;effectuer des paiements via des applications mobiles, des portails en ligne et des distributeurs automatiques. La solution comprend \u00e9galement des rapports d\u00e9taill\u00e9s et des analyses pour les services publics afin de surveiller les revenus, d&#039;identifier les \u00e9carts et d&#039;optimiser les op\u00e9rations de facturation. Avantages pour les services publics &nbsp; GridLynk Billing offre de nombreux avantages aux services publics, am\u00e9liorant la collecte des revenus, l&#039;efficacit\u00e9 op\u00e9rationnelle et la satisfaction des clients. En automatisant le processus de facturation et en r\u00e9duisant les interventions manuelles, les services publics peuvent r\u00e9duire consid\u00e9rablement les co\u00fbts administratifs et \u00e9liminer les erreurs de facturation. La flexibilit\u00e9 du syst\u00e8me permet aux services publics de s&#039;adapter aux conditions changeantes du march\u00e9 et aux besoins des clients, en offrant des cycles de facturation et des options de paiement personnalisables. Gr\u00e2ce \u00e0 des donn\u00e9es en temps r\u00e9el et \u00e0 des rapports d\u00e9taill\u00e9s, les services publics obtiennent des informations pr\u00e9cieuses sur les tendances de consommation et les performances financi\u00e8res, ce qui les aide \u00e0 prendre des d\u00e9cisions fond\u00e9es sur des donn\u00e9es. Pour les clients, la possibilit\u00e9 de consulter des factures pr\u00e9cises et opportunes, associ\u00e9e \u00e0 des options de paiement pratiques, am\u00e9liore la satisfaction et la confiance dans le service public.\" \/>\n<meta property=\"og:url\" content=\"https:\/\/edmpco.com\/fr\/product\/gridlynk-billing\/\" \/>\n<meta property=\"og:site_name\" content=\"Edmpco\" \/>\n<meta property=\"article:modified_time\" content=\"2025-11-06T10:27:19+00:00\" \/>\n<meta property=\"og:image\" content=\"https:\/\/edmpco.com\/wp-content\/uploads\/2025\/11\/GridLynk-Billing.jpg\" \/>\n\t<meta property=\"og:image:width\" content=\"1458\" \/>\n\t<meta property=\"og:image:height\" content=\"1875\" \/>\n\t<meta property=\"og:image:type\" content=\"image\/jpeg\" \/>\n<meta name=\"twitter:card\" content=\"summary_large_image\" \/>\n<meta name=\"twitter:label1\" content=\"Dur\u00e9e de lecture estim\u00e9e\" \/>\n\t<meta name=\"twitter:data1\" content=\"6 minutes\" \/>\n<script type=\"application\/ld+json\" class=\"yoast-schema-graph\">{\"@context\":\"https:\\\/\\\/schema.org\",\"@graph\":[{\"@type\":\"WebPage\",\"@id\":\"https:\\\/\\\/edmpco.com\\\/fr\\\/product\\\/gridlynk-billing\\\/\",\"url\":\"https:\\\/\\\/edmpco.com\\\/fr\\\/product\\\/gridlynk-billing\\\/\",\"name\":\"Facturation GridLynk\",\"isPartOf\":{\"@id\":\"https:\\\/\\\/edmpco.com\\\/#website\"},\"primaryImageOfPage\":{\"@id\":\"https:\\\/\\\/edmpco.com\\\/fr\\\/product\\\/gridlynk-billing\\\/#primaryimage\"},\"image\":{\"@id\":\"https:\\\/\\\/edmpco.com\\\/fr\\\/product\\\/gridlynk-billing\\\/#primaryimage\"},\"thumbnailUrl\":\"https:\\\/\\\/edmpco.com\\\/wp-content\\\/uploads\\\/2025\\\/11\\\/GridLynk-Billing.jpg\",\"datePublished\":\"2025-11-03T12:00:53+00:00\",\"dateModified\":\"2025-11-06T10:27:19+00:00\",\"breadcrumb\":{\"@id\":\"https:\\\/\\\/edmpco.com\\\/fr\\\/product\\\/gridlynk-billing\\\/#breadcrumb\"},\"inLanguage\":\"fr-FR\",\"potentialAction\":[{\"@type\":\"ReadAction\",\"target\":[\"https:\\\/\\\/edmpco.com\\\/fr\\\/product\\\/gridlynk-billing\\\/\"]}]},{\"@type\":\"ImageObject\",\"inLanguage\":\"fr-FR\",\"@id\":\"https:\\\/\\\/edmpco.com\\\/fr\\\/product\\\/gridlynk-billing\\\/#primaryimage\",\"url\":\"https:\\\/\\\/edmpco.com\\\/wp-content\\\/uploads\\\/2025\\\/11\\\/GridLynk-Billing.jpg\",\"contentUrl\":\"https:\\\/\\\/edmpco.com\\\/wp-content\\\/uploads\\\/2025\\\/11\\\/GridLynk-Billing.jpg\",\"width\":1458,\"height\":1875},{\"@type\":\"BreadcrumbList\",\"@id\":\"https:\\\/\\\/edmpco.com\\\/fr\\\/product\\\/gridlynk-billing\\\/#breadcrumb\",\"itemListElement\":[{\"@type\":\"ListItem\",\"position\":1,\"name\":\"Home\",\"item\":\"https:\\\/\\\/edmpco.com\\\/\"},{\"@type\":\"ListItem\",\"position\":2,\"name\":\"Shop\",\"item\":\"https:\\\/\\\/edmpco.com\\\/shop\\\/\"},{\"@type\":\"ListItem\",\"position\":3,\"name\":\"GridLynk Billing\"}]},{\"@type\":\"WebSite\",\"@id\":\"https:\\\/\\\/edmpco.com\\\/#website\",\"url\":\"https:\\\/\\\/edmpco.com\\\/\",\"name\":\"Edmpco\",\"description\":\"Engineering, Design, Management & Planning | Product Show\",\"publisher\":{\"@id\":\"https:\\\/\\\/edmpco.com\\\/#organization\"},\"potentialAction\":[{\"@type\":\"SearchAction\",\"target\":{\"@type\":\"EntryPoint\",\"urlTemplate\":\"https:\\\/\\\/edmpco.com\\\/?s={search_term_string}\"},\"query-input\":{\"@type\":\"PropertyValueSpecification\",\"valueRequired\":true,\"valueName\":\"search_term_string\"}}],\"inLanguage\":\"fr-FR\"},{\"@type\":\"Organization\",\"@id\":\"https:\\\/\\\/edmpco.com\\\/#organization\",\"name\":\"Edmpco\",\"url\":\"https:\\\/\\\/edmpco.com\\\/\",\"logo\":{\"@type\":\"ImageObject\",\"inLanguage\":\"fr-FR\",\"@id\":\"https:\\\/\\\/edmpco.com\\\/#\\\/schema\\\/logo\\\/image\\\/\",\"url\":\"https:\\\/\\\/edmpco.com\\\/wp-content\\\/uploads\\\/2025\\\/10\\\/EDMP.svg\",\"contentUrl\":\"https:\\\/\\\/edmpco.com\\\/wp-content\\\/uploads\\\/2025\\\/10\\\/EDMP.svg\",\"width\":350,\"height\":105,\"caption\":\"Edmpco\"},\"image\":{\"@id\":\"https:\\\/\\\/edmpco.com\\\/#\\\/schema\\\/logo\\\/image\\\/\"}}]}<\/script>\n<!-- \/ Yoast SEO plugin. -->","yoast_head_json":{"title":"Facturation GridLynk","robots":{"index":"index","follow":"follow","max-snippet":"max-snippet:-1","max-image-preview":"max-image-preview:large","max-video-preview":"max-video-preview:-1"},"canonical":"https:\/\/edmpco.com\/fr\/product\/gridlynk-billing\/","og_locale":"fr_FR","og_type":"article","og_title":"[:en]GridLynk Billing[:es]Facturaci\u00f3n de GridLynk[:fr]Facturation GridLynk[:] - Edmpco","og_description":"GridLynk Billing est une solution avanc\u00e9e con\u00e7ue pour rationaliser le processus de facturation des services publics, garantissant pr\u00e9cision, efficacit\u00e9 et flexibilit\u00e9. Cette plateforme s'int\u00e8gre de mani\u00e8re transparente aux compteurs intelligents et aux syst\u00e8mes de gestion des donn\u00e9es de compteur (MDMS) pour collecter et traiter les donn\u00e9es de consommation, permettant aux services publics de g\u00e9n\u00e9rer des factures pr\u00e9cises bas\u00e9es sur l'utilisation r\u00e9elle. Avec GridLynk Billing, les services publics peuvent g\u00e9rer \u00e0 la fois les clients pr\u00e9pay\u00e9s et post-paiement, en prenant en charge divers mod\u00e8les de facturation tels que l'heure de consommation (TOU), les tarifs forfaitaires et la tarification \u00e9chelonn\u00e9e. Le syst\u00e8me automatise les cycles de facturation, de la collecte des donn\u00e9es \u00e0 la g\u00e9n\u00e9ration et \u00e0 la livraison des factures, minimisant ainsi les erreurs et r\u00e9duisant la charge de travail administrative. Principales caract\u00e9ristiques de GridLynk Billing GridLynk Billing fournit aux services publics une plateforme flexible et conviviale pour g\u00e9rer l'ensemble de leur processus de facturation. Il prend en charge la facturation en temps r\u00e9el et les calculs tarifaires pr\u00e9cis, garantissant que les clients sont factur\u00e9s correctement en fonction de leurs habitudes de consommation. La plateforme peut g\u00e9rer des structures de facturation complexes, notamment des changements de tarifs dynamiques, une prise en charge multidevise et la facturation de services suppl\u00e9mentaires tels que la maintenance ou les frais clients. De plus, GridLynk Billing s'int\u00e8gre \u00e0 divers syst\u00e8mes de paiement, permettant aux clients d'effectuer des paiements via des applications mobiles, des portails en ligne et des distributeurs automatiques. La solution comprend \u00e9galement des rapports d\u00e9taill\u00e9s et des analyses pour les services publics afin de surveiller les revenus, d'identifier les \u00e9carts et d'optimiser les op\u00e9rations de facturation. Avantages pour les services publics &nbsp; GridLynk Billing offre de nombreux avantages aux services publics, am\u00e9liorant la collecte des revenus, l'efficacit\u00e9 op\u00e9rationnelle et la satisfaction des clients. En automatisant le processus de facturation et en r\u00e9duisant les interventions manuelles, les services publics peuvent r\u00e9duire consid\u00e9rablement les co\u00fbts administratifs et \u00e9liminer les erreurs de facturation. La flexibilit\u00e9 du syst\u00e8me permet aux services publics de s'adapter aux conditions changeantes du march\u00e9 et aux besoins des clients, en offrant des cycles de facturation et des options de paiement personnalisables. Gr\u00e2ce \u00e0 des donn\u00e9es en temps r\u00e9el et \u00e0 des rapports d\u00e9taill\u00e9s, les services publics obtiennent des informations pr\u00e9cieuses sur les tendances de consommation et les performances financi\u00e8res, ce qui les aide \u00e0 prendre des d\u00e9cisions fond\u00e9es sur des donn\u00e9es. Pour les clients, la possibilit\u00e9 de consulter des factures pr\u00e9cises et opportunes, associ\u00e9e \u00e0 des options de paiement pratiques, am\u00e9liore la satisfaction et la confiance dans le service public.","og_url":"https:\/\/edmpco.com\/fr\/product\/gridlynk-billing\/","og_site_name":"Edmpco","article_modified_time":"2025-11-06T10:27:19+00:00","og_image":[{"width":1458,"height":1875,"url":"https:\/\/edmpco.com\/wp-content\/uploads\/2025\/11\/GridLynk-Billing.jpg","type":"image\/jpeg"}],"twitter_card":"summary_large_image","twitter_misc":{"Dur\u00e9e de lecture estim\u00e9e":"6 minutes"},"schema":{"@context":"https:\/\/schema.org","@graph":[{"@type":"WebPage","@id":"https:\/\/edmpco.com\/fr\/product\/gridlynk-billing\/","url":"https:\/\/edmpco.com\/fr\/product\/gridlynk-billing\/","name":"Facturation GridLynk","isPartOf":{"@id":"https:\/\/edmpco.com\/#website"},"primaryImageOfPage":{"@id":"https:\/\/edmpco.com\/fr\/product\/gridlynk-billing\/#primaryimage"},"image":{"@id":"https:\/\/edmpco.com\/fr\/product\/gridlynk-billing\/#primaryimage"},"thumbnailUrl":"https:\/\/edmpco.com\/wp-content\/uploads\/2025\/11\/GridLynk-Billing.jpg","datePublished":"2025-11-03T12:00:53+00:00","dateModified":"2025-11-06T10:27:19+00:00","breadcrumb":{"@id":"https:\/\/edmpco.com\/fr\/product\/gridlynk-billing\/#breadcrumb"},"inLanguage":"fr-FR","potentialAction":[{"@type":"ReadAction","target":["https:\/\/edmpco.com\/fr\/product\/gridlynk-billing\/"]}]},{"@type":"ImageObject","inLanguage":"fr-FR","@id":"https:\/\/edmpco.com\/fr\/product\/gridlynk-billing\/#primaryimage","url":"https:\/\/edmpco.com\/wp-content\/uploads\/2025\/11\/GridLynk-Billing.jpg","contentUrl":"https:\/\/edmpco.com\/wp-content\/uploads\/2025\/11\/GridLynk-Billing.jpg","width":1458,"height":1875},{"@type":"BreadcrumbList","@id":"https:\/\/edmpco.com\/fr\/product\/gridlynk-billing\/#breadcrumb","itemListElement":[{"@type":"ListItem","position":1,"name":"Home","item":"https:\/\/edmpco.com\/"},{"@type":"ListItem","position":2,"name":"Shop","item":"https:\/\/edmpco.com\/shop\/"},{"@type":"ListItem","position":3,"name":"GridLynk Billing"}]},{"@type":"WebSite","@id":"https:\/\/edmpco.com\/#website","url":"https:\/\/edmpco.com\/","name":"Edmpco","description":"Engineering, Design, Management & Planning | Product Show","publisher":{"@id":"https:\/\/edmpco.com\/#organization"},"potentialAction":[{"@type":"SearchAction","target":{"@type":"EntryPoint","urlTemplate":"https:\/\/edmpco.com\/?s={search_term_string}"},"query-input":{"@type":"PropertyValueSpecification","valueRequired":true,"valueName":"search_term_string"}}],"inLanguage":"fr-FR"},{"@type":"Organization","@id":"https:\/\/edmpco.com\/#organization","name":"Edmpco","url":"https:\/\/edmpco.com\/","logo":{"@type":"ImageObject","inLanguage":"fr-FR","@id":"https:\/\/edmpco.com\/#\/schema\/logo\/image\/","url":"https:\/\/edmpco.com\/wp-content\/uploads\/2025\/10\/EDMP.svg","contentUrl":"https:\/\/edmpco.com\/wp-content\/uploads\/2025\/10\/EDMP.svg","width":350,"height":105,"caption":"Edmpco"},"image":{"@id":"https:\/\/edmpco.com\/#\/schema\/logo\/image\/"}}]}},"_links":{"self":[{"href":"https:\/\/edmpco.com\/fr\/wp-json\/wp\/v2\/product\/5743","targetHints":{"allow":["GET"]}}],"collection":[{"href":"https:\/\/edmpco.com\/fr\/wp-json\/wp\/v2\/product"}],"about":[{"href":"https:\/\/edmpco.com\/fr\/wp-json\/wp\/v2\/types\/product"}],"replies":[{"embeddable":true,"href":"https:\/\/edmpco.com\/fr\/wp-json\/wp\/v2\/comments?post=5743"}],"wp:featuredmedia":[{"embeddable":true,"href":"https:\/\/edmpco.com\/fr\/wp-json\/wp\/v2\/media\/6463"}],"wp:attachment":[{"href":"https:\/\/edmpco.com\/fr\/wp-json\/wp\/v2\/media?parent=5743"}],"wp:term":[{"taxonomy":"product_brand","embeddable":true,"href":"https:\/\/edmpco.com\/fr\/wp-json\/wp\/v2\/product_brand?post=5743"},{"taxonomy":"product_cat","embeddable":true,"href":"https:\/\/edmpco.com\/fr\/wp-json\/wp\/v2\/product_cat?post=5743"},{"taxonomy":"product_tag","embeddable":true,"href":"https:\/\/edmpco.com\/fr\/wp-json\/wp\/v2\/product_tag?post=5743"}],"curies":[{"name":"wp","href":"https:\/\/api.w.org\/{rel}","templated":true}]}}