{"id":5757,"date":"2025-11-03T13:00:28","date_gmt":"2025-11-03T13:00:28","guid":{"rendered":"https:\/\/edmpco.com\/?post_type=product&#038;p=5757"},"modified":"2026-03-24T06:58:28","modified_gmt":"2026-03-24T06:58:28","slug":"gridlynk-vending","status":"publish","type":"product","link":"https:\/\/edmpco.com\/fr\/product\/gridlynk-vending\/","title":{"rendered":"Distributeur automatique GridLynk"},"content":{"rendered":"<p>Le syst\u00e8me de distribution automatique GridLynk est un syst\u00e8me de Performance et multi-utilitaires syst\u00e8me qui g\u00e9n\u00e8re un jeton pour Compteurs \u00e0 pr\u00e9paiement STS. Le syst\u00e8me prend en charge tous les paiements anticip\u00e9s processus op\u00e9rationnels gr\u00e2ce \u00e0 fonctionnalit\u00e9s telles que le gestion, gestion des factures, sc\u00e9narios tarifaires souples et soutien diff\u00e9rents m\u00e9dias de distribution automatique. De plus, utile et v\u00e9rifiable Des rapports peuvent \u00eatre g\u00e9n\u00e9r\u00e9s. GridLynk (en anglais) Le syst\u00e8me de distribution automatique aide les services publics \u00e0 Am\u00e9liorez les flux de tr\u00e9sorerie et prot\u00e9gez revenu.<\/p>\n","protected":false},"excerpt":{"rendered":"<p>Le syst\u00e8me de distribution automatique GridLynk est un syst\u00e8me de Performance et multi-utilitaires syst\u00e8me qui g\u00e9n\u00e8re un jeton pour Compteurs \u00e0 pr\u00e9paiement STS. Le syst\u00e8me prend en charge tous les paiements anticip\u00e9s processus op\u00e9rationnels gr\u00e2ce \u00e0 fonctionnalit\u00e9s telles que le gestion, gestion des factures, sc\u00e9narios tarifaires souples et soutien diff\u00e9rents m\u00e9dias de distribution automatique. De plus, utile et v\u00e9rifiable Des rapports peuvent \u00eatre g\u00e9n\u00e9r\u00e9s. GridLynk (en anglais) Le syst\u00e8me de distribution automatique aide les services publics \u00e0 Am\u00e9liorez les flux de tr\u00e9sorerie et prot\u00e9gez revenu.<\/p>\n<p><a href=\"https:\/\/edmpco.com\/wp-content\/uploads\/2025\/11\/GridLynk-Vending-System-Factsheet-Revised.pdf\"class=\"psacp-rdmr-btn\" target=\"_blank\">Fiche d&rsquo;information<\/a><\/p>\n","protected":false},"featured_media":6474,"comment_status":"open","ping_status":"closed","template":"","meta":[],"product_brand":[],"product_cat":[52],"product_tag":[],"class_list":{"0":"post-5757","1":"product","2":"type-product","3":"status-publish","4":"has-post-thumbnail","6":"product_cat-system-and-software","8":"first","9":"instock","10":"shipping-taxable","11":"product-type-simple"},"yoast_head":"<!-- This site is optimized with the Yoast SEO plugin v27.4 - https:\/\/yoast.com\/product\/yoast-seo-wordpress\/ -->\n<title>Distributeur automatique GridLynk<\/title>\n<meta name=\"robots\" content=\"index, follow, max-snippet:-1, max-image-preview:large, max-video-preview:-1\" \/>\n<link rel=\"canonical\" href=\"https:\/\/edmpco.com\/fr\/product\/gridlynk-vending\/\" \/>\n<meta property=\"og:locale\" content=\"fr_FR\" \/>\n<meta property=\"og:locale:alternate\" content=\"en_US\" \/>\n<meta property=\"og:locale:alternate\" content=\"es_ES\" \/>\n<meta property=\"og:type\" content=\"article\" \/>\n<meta property=\"og:title\" content=\"Distributeur automatique GridLynk\" \/>\n<meta property=\"og:description\" content=\"Le syst\u00e8me de distribution automatique GridLynk est un syst\u00e8me de Performance et multi-utilitaires syst\u00e8me qui g\u00e9n\u00e8re un jeton pour Compteurs \u00e0 pr\u00e9paiement STS. Le syst\u00e8me prend en charge tous les paiements anticip\u00e9s processus op\u00e9rationnels gr\u00e2ce \u00e0 fonctionnalit\u00e9s telles que le gestion, gestion des factures, sc\u00e9narios tarifaires souples et soutien diff\u00e9rents m\u00e9dias de distribution automatique. De plus, utile et v\u00e9rifiable Des rapports peuvent \u00eatre g\u00e9n\u00e9r\u00e9s. GridLynk (en anglais) Le syst\u00e8me de distribution automatique aide les services publics \u00e0 Am\u00e9liorez les flux de tr\u00e9sorerie et prot\u00e9gez revenu.   Fiche d&#039;information\" \/>\n<meta property=\"og:url\" content=\"https:\/\/edmpco.com\/fr\/product\/gridlynk-vending\/\" \/>\n<meta property=\"og:site_name\" content=\"Edmpco\" \/>\n<meta property=\"article:modified_time\" content=\"2026-03-24T06:58:28+00:00\" \/>\n<meta property=\"og:image\" content=\"https:\/\/edmpco.com\/wp-content\/uploads\/2025\/11\/GridLynk-Vending.jpg\" \/>\n\t<meta property=\"og:image:width\" content=\"1458\" \/>\n\t<meta property=\"og:image:height\" content=\"1875\" \/>\n\t<meta property=\"og:image:type\" content=\"image\/jpeg\" \/>\n<meta name=\"twitter:card\" content=\"summary_large_image\" \/>\n<meta name=\"twitter:label1\" content=\"Dur\u00e9e de lecture estim\u00e9e\" \/>\n\t<meta name=\"twitter:data1\" content=\"1 minute\" \/>\n<script type=\"application\/ld+json\" class=\"yoast-schema-graph\">{\"@context\":\"https:\\\/\\\/schema.org\",\"@graph\":[{\"@type\":\"WebPage\",\"@id\":\"https:\\\/\\\/edmpco.com\\\/fr\\\/product\\\/gridlynk-vending\\\/\",\"url\":\"https:\\\/\\\/edmpco.com\\\/fr\\\/product\\\/gridlynk-vending\\\/\",\"name\":\"Distributeur automatique GridLynk\",\"isPartOf\":{\"@id\":\"https:\\\/\\\/edmpco.com\\\/#website\"},\"primaryImageOfPage\":{\"@id\":\"https:\\\/\\\/edmpco.com\\\/fr\\\/product\\\/gridlynk-vending\\\/#primaryimage\"},\"image\":{\"@id\":\"https:\\\/\\\/edmpco.com\\\/fr\\\/product\\\/gridlynk-vending\\\/#primaryimage\"},\"thumbnailUrl\":\"https:\\\/\\\/edmpco.com\\\/wp-content\\\/uploads\\\/2025\\\/11\\\/GridLynk-Vending.jpg\",\"datePublished\":\"2025-11-03T13:00:28+00:00\",\"dateModified\":\"2026-03-24T06:58:28+00:00\",\"breadcrumb\":{\"@id\":\"https:\\\/\\\/edmpco.com\\\/fr\\\/product\\\/gridlynk-vending\\\/#breadcrumb\"},\"inLanguage\":\"fr-FR\",\"potentialAction\":[{\"@type\":\"ReadAction\",\"target\":[\"https:\\\/\\\/edmpco.com\\\/fr\\\/product\\\/gridlynk-vending\\\/\"]}]},{\"@type\":\"ImageObject\",\"inLanguage\":\"fr-FR\",\"@id\":\"https:\\\/\\\/edmpco.com\\\/fr\\\/product\\\/gridlynk-vending\\\/#primaryimage\",\"url\":\"https:\\\/\\\/edmpco.com\\\/wp-content\\\/uploads\\\/2025\\\/11\\\/GridLynk-Vending.jpg\",\"contentUrl\":\"https:\\\/\\\/edmpco.com\\\/wp-content\\\/uploads\\\/2025\\\/11\\\/GridLynk-Vending.jpg\",\"width\":1458,\"height\":1875},{\"@type\":\"BreadcrumbList\",\"@id\":\"https:\\\/\\\/edmpco.com\\\/fr\\\/product\\\/gridlynk-vending\\\/#breadcrumb\",\"itemListElement\":[{\"@type\":\"ListItem\",\"position\":1,\"name\":\"Home\",\"item\":\"https:\\\/\\\/edmpco.com\\\/\"},{\"@type\":\"ListItem\",\"position\":2,\"name\":\"Shop\",\"item\":\"https:\\\/\\\/edmpco.com\\\/shop\\\/\"},{\"@type\":\"ListItem\",\"position\":3,\"name\":\"Distributeur automatique GridLynk\"}]},{\"@type\":\"WebSite\",\"@id\":\"https:\\\/\\\/edmpco.com\\\/#website\",\"url\":\"https:\\\/\\\/edmpco.com\\\/\",\"name\":\"Edmpco\",\"description\":\"Engineering, Design, Management & Planning | Product Show\",\"publisher\":{\"@id\":\"https:\\\/\\\/edmpco.com\\\/#organization\"},\"potentialAction\":[{\"@type\":\"SearchAction\",\"target\":{\"@type\":\"EntryPoint\",\"urlTemplate\":\"https:\\\/\\\/edmpco.com\\\/?s={search_term_string}\"},\"query-input\":{\"@type\":\"PropertyValueSpecification\",\"valueRequired\":true,\"valueName\":\"search_term_string\"}}],\"inLanguage\":\"fr-FR\"},{\"@type\":\"Organization\",\"@id\":\"https:\\\/\\\/edmpco.com\\\/#organization\",\"name\":\"Edmpco\",\"url\":\"https:\\\/\\\/edmpco.com\\\/\",\"logo\":{\"@type\":\"ImageObject\",\"inLanguage\":\"fr-FR\",\"@id\":\"https:\\\/\\\/edmpco.com\\\/#\\\/schema\\\/logo\\\/image\\\/\",\"url\":\"https:\\\/\\\/edmpco.com\\\/wp-content\\\/uploads\\\/2025\\\/10\\\/EDMP.svg\",\"contentUrl\":\"https:\\\/\\\/edmpco.com\\\/wp-content\\\/uploads\\\/2025\\\/10\\\/EDMP.svg\",\"width\":350,\"height\":105,\"caption\":\"Edmpco\"},\"image\":{\"@id\":\"https:\\\/\\\/edmpco.com\\\/#\\\/schema\\\/logo\\\/image\\\/\"}}]}<\/script>\n<!-- \/ Yoast SEO plugin. -->","yoast_head_json":{"title":"Distributeur automatique GridLynk","robots":{"index":"index","follow":"follow","max-snippet":"max-snippet:-1","max-image-preview":"max-image-preview:large","max-video-preview":"max-video-preview:-1"},"canonical":"https:\/\/edmpco.com\/fr\/product\/gridlynk-vending\/","og_locale":"fr_FR","og_type":"article","og_title":"[:en]GridLynk Vending[:es]Venta de GridLynk[:fr]Distributeur automatique GridLynk[:] - Edmpco","og_description":"Le syst\u00e8me de distribution automatique GridLynk est un syst\u00e8me de Performance et multi-utilitaires syst\u00e8me qui g\u00e9n\u00e8re un jeton pour Compteurs \u00e0 pr\u00e9paiement STS. Le syst\u00e8me prend en charge tous les paiements anticip\u00e9s processus op\u00e9rationnels gr\u00e2ce \u00e0 fonctionnalit\u00e9s telles que le gestion, gestion des factures, sc\u00e9narios tarifaires souples et soutien diff\u00e9rents m\u00e9dias de distribution automatique. De plus, utile et v\u00e9rifiable Des rapports peuvent \u00eatre g\u00e9n\u00e9r\u00e9s. GridLynk (en anglais) Le syst\u00e8me de distribution automatique aide les services publics \u00e0 Am\u00e9liorez les flux de tr\u00e9sorerie et prot\u00e9gez revenu.   Fiche d'information","og_url":"https:\/\/edmpco.com\/fr\/product\/gridlynk-vending\/","og_site_name":"Edmpco","article_modified_time":"2026-03-24T06:58:28+00:00","og_image":[{"width":1458,"height":1875,"url":"https:\/\/edmpco.com\/wp-content\/uploads\/2025\/11\/GridLynk-Vending.jpg","type":"image\/jpeg"}],"twitter_card":"summary_large_image","twitter_misc":{"Dur\u00e9e de lecture estim\u00e9e":"1 minute"},"schema":{"@context":"https:\/\/schema.org","@graph":[{"@type":"WebPage","@id":"https:\/\/edmpco.com\/fr\/product\/gridlynk-vending\/","url":"https:\/\/edmpco.com\/fr\/product\/gridlynk-vending\/","name":"Distributeur automatique GridLynk","isPartOf":{"@id":"https:\/\/edmpco.com\/#website"},"primaryImageOfPage":{"@id":"https:\/\/edmpco.com\/fr\/product\/gridlynk-vending\/#primaryimage"},"image":{"@id":"https:\/\/edmpco.com\/fr\/product\/gridlynk-vending\/#primaryimage"},"thumbnailUrl":"https:\/\/edmpco.com\/wp-content\/uploads\/2025\/11\/GridLynk-Vending.jpg","datePublished":"2025-11-03T13:00:28+00:00","dateModified":"2026-03-24T06:58:28+00:00","breadcrumb":{"@id":"https:\/\/edmpco.com\/fr\/product\/gridlynk-vending\/#breadcrumb"},"inLanguage":"fr-FR","potentialAction":[{"@type":"ReadAction","target":["https:\/\/edmpco.com\/fr\/product\/gridlynk-vending\/"]}]},{"@type":"ImageObject","inLanguage":"fr-FR","@id":"https:\/\/edmpco.com\/fr\/product\/gridlynk-vending\/#primaryimage","url":"https:\/\/edmpco.com\/wp-content\/uploads\/2025\/11\/GridLynk-Vending.jpg","contentUrl":"https:\/\/edmpco.com\/wp-content\/uploads\/2025\/11\/GridLynk-Vending.jpg","width":1458,"height":1875},{"@type":"BreadcrumbList","@id":"https:\/\/edmpco.com\/fr\/product\/gridlynk-vending\/#breadcrumb","itemListElement":[{"@type":"ListItem","position":1,"name":"Home","item":"https:\/\/edmpco.com\/"},{"@type":"ListItem","position":2,"name":"Shop","item":"https:\/\/edmpco.com\/shop\/"},{"@type":"ListItem","position":3,"name":"Distributeur automatique GridLynk"}]},{"@type":"WebSite","@id":"https:\/\/edmpco.com\/#website","url":"https:\/\/edmpco.com\/","name":"Edmpco","description":"Engineering, Design, Management & Planning | Product Show","publisher":{"@id":"https:\/\/edmpco.com\/#organization"},"potentialAction":[{"@type":"SearchAction","target":{"@type":"EntryPoint","urlTemplate":"https:\/\/edmpco.com\/?s={search_term_string}"},"query-input":{"@type":"PropertyValueSpecification","valueRequired":true,"valueName":"search_term_string"}}],"inLanguage":"fr-FR"},{"@type":"Organization","@id":"https:\/\/edmpco.com\/#organization","name":"Edmpco","url":"https:\/\/edmpco.com\/","logo":{"@type":"ImageObject","inLanguage":"fr-FR","@id":"https:\/\/edmpco.com\/#\/schema\/logo\/image\/","url":"https:\/\/edmpco.com\/wp-content\/uploads\/2025\/10\/EDMP.svg","contentUrl":"https:\/\/edmpco.com\/wp-content\/uploads\/2025\/10\/EDMP.svg","width":350,"height":105,"caption":"Edmpco"},"image":{"@id":"https:\/\/edmpco.com\/#\/schema\/logo\/image\/"}}]}},"_links":{"self":[{"href":"https:\/\/edmpco.com\/fr\/wp-json\/wp\/v2\/product\/5757","targetHints":{"allow":["GET"]}}],"collection":[{"href":"https:\/\/edmpco.com\/fr\/wp-json\/wp\/v2\/product"}],"about":[{"href":"https:\/\/edmpco.com\/fr\/wp-json\/wp\/v2\/types\/product"}],"replies":[{"embeddable":true,"href":"https:\/\/edmpco.com\/fr\/wp-json\/wp\/v2\/comments?post=5757"}],"wp:featuredmedia":[{"embeddable":true,"href":"https:\/\/edmpco.com\/fr\/wp-json\/wp\/v2\/media\/6474"}],"wp:attachment":[{"href":"https:\/\/edmpco.com\/fr\/wp-json\/wp\/v2\/media?parent=5757"}],"wp:term":[{"taxonomy":"product_brand","embeddable":true,"href":"https:\/\/edmpco.com\/fr\/wp-json\/wp\/v2\/product_brand?post=5757"},{"taxonomy":"product_cat","embeddable":true,"href":"https:\/\/edmpco.com\/fr\/wp-json\/wp\/v2\/product_cat?post=5757"},{"taxonomy":"product_tag","embeddable":true,"href":"https:\/\/edmpco.com\/fr\/wp-json\/wp\/v2\/product_tag?post=5757"}],"curies":[{"name":"wp","href":"https:\/\/api.w.org\/{rel}","templated":true}]}}