{"id":5767,"date":"2025-11-03T06:00:17","date_gmt":"2025-11-03T06:00:17","guid":{"rendered":"https:\/\/edmpco.com\/?post_type=product&#038;p=5767"},"modified":"2026-03-24T09:40:22","modified_gmt":"2026-03-24T09:40:22","slug":"mobilynk-mk","status":"publish","type":"product","link":"https:\/\/edmpco.com\/fr\/product\/mobilynk-mk\/","title":{"rendered":"MobiLynk-MK"},"content":{"rendered":"<p>L&rsquo;application d&rsquo;unit\u00e9 portable MobiLynk-Mk est un puissant solution de maintenance et de gestion combinant une solution portail et application mobile. Il permet aux services publics et aux ing\u00e9nieurs de terrain lire en toute s\u00e9curit\u00e9 les donn\u00e9es, configurer les param\u00e8tres, effectuer diagnostics et g\u00e9rer les compteurs intelligents directement par l&rsquo;interm\u00e9diaire d&rsquo;un HHU. Avec des fonctions telles que la capture d&rsquo;\u00e9nergie et de donn\u00e9es instantan\u00e9e, contr\u00f4le de relais, surveillance des sabotages et des alarmes, effacement des \u00e9v\u00e9nements, et capacit\u00e9s d&rsquo;exportation, MobiLynk-Mk rationalise les op\u00e9rations sur le terrain. Le portail de gestion permet un contr\u00f4le centralis\u00e9 des HHU, op\u00e9rateurs, d&rsquo;ensembles de registres et de synchronisation, garantissant que seuls Les utilisateurs autoris\u00e9s peuvent acc\u00e9der aux configurations des compteurs et les mettre \u00e0 jour efficacement.<\/p>\n","protected":false},"excerpt":{"rendered":"<p>L&rsquo;application d&rsquo;unit\u00e9 portable MobiLynk-Mk est un puissant solution de maintenance et de gestion combinant une solution portail et application mobile. Il permet aux services publics et aux ing\u00e9nieurs de terrain lire en toute s\u00e9curit\u00e9 les donn\u00e9es, configurer les param\u00e8tres, effectuer diagnostics et g\u00e9rer les compteurs intelligents directement par l&rsquo;interm\u00e9diaire d&rsquo;un HHU. Avec des fonctions telles que la capture d&rsquo;\u00e9nergie et de donn\u00e9es instantan\u00e9e, contr\u00f4le de relais, surveillance des sabotages et des alarmes, effacement des \u00e9v\u00e9nements, et capacit\u00e9s d&rsquo;exportation, MobiLynk-Mk rationalise les op\u00e9rations sur le terrain. Le portail de gestion permet un contr\u00f4le centralis\u00e9 des HHU, op\u00e9rateurs, d&rsquo;ensembles de registres et de synchronisation, garantissant que seuls Les utilisateurs autoris\u00e9s peuvent acc\u00e9der aux configurations des compteurs et les mettre \u00e0 jour efficacement.<\/p>\n<p><a class=\"psacp-rdmr-btn\" href=\"https:\/\/edmpco.com\/wp-content\/uploads\/2025\/11\/MAGNO-MOBILYNK-1.pdf\" target=\"_blank\" rel=\"noopener\">Fiche d&rsquo;information<\/a><\/p>\n","protected":false},"featured_media":6481,"comment_status":"open","ping_status":"closed","template":"","meta":[],"product_brand":[],"product_cat":[52],"product_tag":[],"class_list":{"0":"post-5767","1":"product","2":"type-product","3":"status-publish","4":"has-post-thumbnail","6":"product_cat-system-and-software","8":"first","9":"instock","10":"shipping-taxable","11":"product-type-simple"},"yoast_head":"<!-- This site is optimized with the Yoast SEO plugin v27.4 - https:\/\/yoast.com\/product\/yoast-seo-wordpress\/ -->\n<title>MobiLynk-MK<\/title>\n<meta name=\"robots\" content=\"index, follow, max-snippet:-1, max-image-preview:large, max-video-preview:-1\" \/>\n<link rel=\"canonical\" href=\"https:\/\/edmpco.com\/fr\/product\/mobilynk-mk\/\" \/>\n<meta property=\"og:locale\" content=\"fr_FR\" \/>\n<meta property=\"og:locale:alternate\" content=\"en_US\" \/>\n<meta property=\"og:locale:alternate\" content=\"es_ES\" \/>\n<meta property=\"og:type\" content=\"article\" \/>\n<meta property=\"og:title\" content=\"MobiLynk-MK\" \/>\n<meta property=\"og:description\" content=\"L&#039;application d&#039;unit\u00e9 portable MobiLynk-Mk est un puissant solution de maintenance et de gestion combinant une solution portail et application mobile. Il permet aux services publics et aux ing\u00e9nieurs de terrain lire en toute s\u00e9curit\u00e9 les donn\u00e9es, configurer les param\u00e8tres, effectuer diagnostics et g\u00e9rer les compteurs intelligents directement par l&#039;interm\u00e9diaire d&#039;un HHU. Avec des fonctions telles que la capture d&#039;\u00e9nergie et de donn\u00e9es instantan\u00e9e, contr\u00f4le de relais, surveillance des sabotages et des alarmes, effacement des \u00e9v\u00e9nements, et capacit\u00e9s d&#039;exportation, MobiLynk-Mk rationalise les op\u00e9rations sur le terrain. Le portail de gestion permet un contr\u00f4le centralis\u00e9 des HHU, op\u00e9rateurs, d&#039;ensembles de registres et de synchronisation, garantissant que seuls Les utilisateurs autoris\u00e9s peuvent acc\u00e9der aux configurations des compteurs et les mettre \u00e0 jour efficacement.  Fiche d&#039;information\" \/>\n<meta property=\"og:url\" content=\"https:\/\/edmpco.com\/fr\/product\/mobilynk-mk\/\" \/>\n<meta property=\"og:site_name\" content=\"Edmpco\" \/>\n<meta property=\"article:modified_time\" content=\"2026-03-24T09:40:22+00:00\" \/>\n<meta property=\"og:image\" content=\"https:\/\/edmpco.com\/wp-content\/uploads\/2025\/11\/MobiLynk-Mk.jpg\" \/>\n\t<meta property=\"og:image:width\" content=\"1458\" \/>\n\t<meta property=\"og:image:height\" content=\"1875\" \/>\n\t<meta property=\"og:image:type\" content=\"image\/jpeg\" \/>\n<meta name=\"twitter:card\" content=\"summary_large_image\" \/>\n<meta name=\"twitter:label1\" content=\"Dur\u00e9e de lecture estim\u00e9e\" \/>\n\t<meta name=\"twitter:data1\" content=\"1 minute\" \/>\n<script type=\"application\/ld+json\" class=\"yoast-schema-graph\">{\"@context\":\"https:\\\/\\\/schema.org\",\"@graph\":[{\"@type\":\"WebPage\",\"@id\":\"https:\\\/\\\/edmpco.com\\\/fr\\\/product\\\/mobilynk-mk\\\/\",\"url\":\"https:\\\/\\\/edmpco.com\\\/fr\\\/product\\\/mobilynk-mk\\\/\",\"name\":\"MobiLynk-MK\",\"isPartOf\":{\"@id\":\"https:\\\/\\\/edmpco.com\\\/#website\"},\"primaryImageOfPage\":{\"@id\":\"https:\\\/\\\/edmpco.com\\\/fr\\\/product\\\/mobilynk-mk\\\/#primaryimage\"},\"image\":{\"@id\":\"https:\\\/\\\/edmpco.com\\\/fr\\\/product\\\/mobilynk-mk\\\/#primaryimage\"},\"thumbnailUrl\":\"https:\\\/\\\/edmpco.com\\\/wp-content\\\/uploads\\\/2025\\\/11\\\/MobiLynk-Mk.jpg\",\"datePublished\":\"2025-11-03T06:00:17+00:00\",\"dateModified\":\"2026-03-24T09:40:22+00:00\",\"breadcrumb\":{\"@id\":\"https:\\\/\\\/edmpco.com\\\/fr\\\/product\\\/mobilynk-mk\\\/#breadcrumb\"},\"inLanguage\":\"fr-FR\",\"potentialAction\":[{\"@type\":\"ReadAction\",\"target\":[\"https:\\\/\\\/edmpco.com\\\/fr\\\/product\\\/mobilynk-mk\\\/\"]}]},{\"@type\":\"ImageObject\",\"inLanguage\":\"fr-FR\",\"@id\":\"https:\\\/\\\/edmpco.com\\\/fr\\\/product\\\/mobilynk-mk\\\/#primaryimage\",\"url\":\"https:\\\/\\\/edmpco.com\\\/wp-content\\\/uploads\\\/2025\\\/11\\\/MobiLynk-Mk.jpg\",\"contentUrl\":\"https:\\\/\\\/edmpco.com\\\/wp-content\\\/uploads\\\/2025\\\/11\\\/MobiLynk-Mk.jpg\",\"width\":1458,\"height\":1875},{\"@type\":\"BreadcrumbList\",\"@id\":\"https:\\\/\\\/edmpco.com\\\/fr\\\/product\\\/mobilynk-mk\\\/#breadcrumb\",\"itemListElement\":[{\"@type\":\"ListItem\",\"position\":1,\"name\":\"Home\",\"item\":\"https:\\\/\\\/edmpco.com\\\/\"},{\"@type\":\"ListItem\",\"position\":2,\"name\":\"Shop\",\"item\":\"https:\\\/\\\/edmpco.com\\\/shop\\\/\"},{\"@type\":\"ListItem\",\"position\":3,\"name\":\"MobiLynk-MK\"}]},{\"@type\":\"WebSite\",\"@id\":\"https:\\\/\\\/edmpco.com\\\/#website\",\"url\":\"https:\\\/\\\/edmpco.com\\\/\",\"name\":\"Edmpco\",\"description\":\"Engineering, Design, Management & Planning | Product Show\",\"publisher\":{\"@id\":\"https:\\\/\\\/edmpco.com\\\/#organization\"},\"potentialAction\":[{\"@type\":\"SearchAction\",\"target\":{\"@type\":\"EntryPoint\",\"urlTemplate\":\"https:\\\/\\\/edmpco.com\\\/?s={search_term_string}\"},\"query-input\":{\"@type\":\"PropertyValueSpecification\",\"valueRequired\":true,\"valueName\":\"search_term_string\"}}],\"inLanguage\":\"fr-FR\"},{\"@type\":\"Organization\",\"@id\":\"https:\\\/\\\/edmpco.com\\\/#organization\",\"name\":\"Edmpco\",\"url\":\"https:\\\/\\\/edmpco.com\\\/\",\"logo\":{\"@type\":\"ImageObject\",\"inLanguage\":\"fr-FR\",\"@id\":\"https:\\\/\\\/edmpco.com\\\/#\\\/schema\\\/logo\\\/image\\\/\",\"url\":\"https:\\\/\\\/edmpco.com\\\/wp-content\\\/uploads\\\/2025\\\/10\\\/EDMP.svg\",\"contentUrl\":\"https:\\\/\\\/edmpco.com\\\/wp-content\\\/uploads\\\/2025\\\/10\\\/EDMP.svg\",\"width\":350,\"height\":105,\"caption\":\"Edmpco\"},\"image\":{\"@id\":\"https:\\\/\\\/edmpco.com\\\/#\\\/schema\\\/logo\\\/image\\\/\"}}]}<\/script>\n<!-- \/ Yoast SEO plugin. -->","yoast_head_json":{"title":"MobiLynk-MK","robots":{"index":"index","follow":"follow","max-snippet":"max-snippet:-1","max-image-preview":"max-image-preview:large","max-video-preview":"max-video-preview:-1"},"canonical":"https:\/\/edmpco.com\/fr\/product\/mobilynk-mk\/","og_locale":"fr_FR","og_type":"article","og_title":"[:en]MobiLynk-MK[:es]MobiLynk-MK[:fr]MobiLynk-MK[:] - Edmpco","og_description":"L'application d'unit\u00e9 portable MobiLynk-Mk est un puissant solution de maintenance et de gestion combinant une solution portail et application mobile. Il permet aux services publics et aux ing\u00e9nieurs de terrain lire en toute s\u00e9curit\u00e9 les donn\u00e9es, configurer les param\u00e8tres, effectuer diagnostics et g\u00e9rer les compteurs intelligents directement par l'interm\u00e9diaire d'un HHU. Avec des fonctions telles que la capture d'\u00e9nergie et de donn\u00e9es instantan\u00e9e, contr\u00f4le de relais, surveillance des sabotages et des alarmes, effacement des \u00e9v\u00e9nements, et capacit\u00e9s d'exportation, MobiLynk-Mk rationalise les op\u00e9rations sur le terrain. Le portail de gestion permet un contr\u00f4le centralis\u00e9 des HHU, op\u00e9rateurs, d'ensembles de registres et de synchronisation, garantissant que seuls Les utilisateurs autoris\u00e9s peuvent acc\u00e9der aux configurations des compteurs et les mettre \u00e0 jour efficacement.  Fiche d'information","og_url":"https:\/\/edmpco.com\/fr\/product\/mobilynk-mk\/","og_site_name":"Edmpco","article_modified_time":"2026-03-24T09:40:22+00:00","og_image":[{"width":1458,"height":1875,"url":"https:\/\/edmpco.com\/wp-content\/uploads\/2025\/11\/MobiLynk-Mk.jpg","type":"image\/jpeg"}],"twitter_card":"summary_large_image","twitter_misc":{"Dur\u00e9e de lecture estim\u00e9e":"1 minute"},"schema":{"@context":"https:\/\/schema.org","@graph":[{"@type":"WebPage","@id":"https:\/\/edmpco.com\/fr\/product\/mobilynk-mk\/","url":"https:\/\/edmpco.com\/fr\/product\/mobilynk-mk\/","name":"MobiLynk-MK","isPartOf":{"@id":"https:\/\/edmpco.com\/#website"},"primaryImageOfPage":{"@id":"https:\/\/edmpco.com\/fr\/product\/mobilynk-mk\/#primaryimage"},"image":{"@id":"https:\/\/edmpco.com\/fr\/product\/mobilynk-mk\/#primaryimage"},"thumbnailUrl":"https:\/\/edmpco.com\/wp-content\/uploads\/2025\/11\/MobiLynk-Mk.jpg","datePublished":"2025-11-03T06:00:17+00:00","dateModified":"2026-03-24T09:40:22+00:00","breadcrumb":{"@id":"https:\/\/edmpco.com\/fr\/product\/mobilynk-mk\/#breadcrumb"},"inLanguage":"fr-FR","potentialAction":[{"@type":"ReadAction","target":["https:\/\/edmpco.com\/fr\/product\/mobilynk-mk\/"]}]},{"@type":"ImageObject","inLanguage":"fr-FR","@id":"https:\/\/edmpco.com\/fr\/product\/mobilynk-mk\/#primaryimage","url":"https:\/\/edmpco.com\/wp-content\/uploads\/2025\/11\/MobiLynk-Mk.jpg","contentUrl":"https:\/\/edmpco.com\/wp-content\/uploads\/2025\/11\/MobiLynk-Mk.jpg","width":1458,"height":1875},{"@type":"BreadcrumbList","@id":"https:\/\/edmpco.com\/fr\/product\/mobilynk-mk\/#breadcrumb","itemListElement":[{"@type":"ListItem","position":1,"name":"Home","item":"https:\/\/edmpco.com\/"},{"@type":"ListItem","position":2,"name":"Shop","item":"https:\/\/edmpco.com\/shop\/"},{"@type":"ListItem","position":3,"name":"MobiLynk-MK"}]},{"@type":"WebSite","@id":"https:\/\/edmpco.com\/#website","url":"https:\/\/edmpco.com\/","name":"Edmpco","description":"Engineering, Design, Management & Planning | Product Show","publisher":{"@id":"https:\/\/edmpco.com\/#organization"},"potentialAction":[{"@type":"SearchAction","target":{"@type":"EntryPoint","urlTemplate":"https:\/\/edmpco.com\/?s={search_term_string}"},"query-input":{"@type":"PropertyValueSpecification","valueRequired":true,"valueName":"search_term_string"}}],"inLanguage":"fr-FR"},{"@type":"Organization","@id":"https:\/\/edmpco.com\/#organization","name":"Edmpco","url":"https:\/\/edmpco.com\/","logo":{"@type":"ImageObject","inLanguage":"fr-FR","@id":"https:\/\/edmpco.com\/#\/schema\/logo\/image\/","url":"https:\/\/edmpco.com\/wp-content\/uploads\/2025\/10\/EDMP.svg","contentUrl":"https:\/\/edmpco.com\/wp-content\/uploads\/2025\/10\/EDMP.svg","width":350,"height":105,"caption":"Edmpco"},"image":{"@id":"https:\/\/edmpco.com\/#\/schema\/logo\/image\/"}}]}},"_links":{"self":[{"href":"https:\/\/edmpco.com\/fr\/wp-json\/wp\/v2\/product\/5767","targetHints":{"allow":["GET"]}}],"collection":[{"href":"https:\/\/edmpco.com\/fr\/wp-json\/wp\/v2\/product"}],"about":[{"href":"https:\/\/edmpco.com\/fr\/wp-json\/wp\/v2\/types\/product"}],"replies":[{"embeddable":true,"href":"https:\/\/edmpco.com\/fr\/wp-json\/wp\/v2\/comments?post=5767"}],"wp:featuredmedia":[{"embeddable":true,"href":"https:\/\/edmpco.com\/fr\/wp-json\/wp\/v2\/media\/6481"}],"wp:attachment":[{"href":"https:\/\/edmpco.com\/fr\/wp-json\/wp\/v2\/media?parent=5767"}],"wp:term":[{"taxonomy":"product_brand","embeddable":true,"href":"https:\/\/edmpco.com\/fr\/wp-json\/wp\/v2\/product_brand?post=5767"},{"taxonomy":"product_cat","embeddable":true,"href":"https:\/\/edmpco.com\/fr\/wp-json\/wp\/v2\/product_cat?post=5767"},{"taxonomy":"product_tag","embeddable":true,"href":"https:\/\/edmpco.com\/fr\/wp-json\/wp\/v2\/product_tag?post=5767"}],"curies":[{"name":"wp","href":"https:\/\/api.w.org\/{rel}","templated":true}]}}