{"id":5788,"date":"2025-11-02T09:00:58","date_gmt":"2025-11-02T09:00:58","guid":{"rendered":"https:\/\/edmpco.com\/?post_type=product&#038;p=5788"},"modified":"2026-03-24T07:10:57","modified_gmt":"2026-03-24T07:10:57","slug":"high-voltage-switchgear","status":"publish","type":"product","link":"https:\/\/edmpco.com\/fr\/product\/high-voltage-switchgear\/","title":{"rendered":"Appareillage de commutation haute tension"},"content":{"rendered":"<p>L&rsquo;appareillage de commutation \u00e0 rev\u00eatement m\u00e9tallique d&rsquo;EDMP est un solution int\u00e9rieure pour les syst\u00e8mes d&rsquo;alimentation triphas\u00e9s AC 50Hz jusqu&rsquo;\u00e0 40,5 kV. Con\u00e7u pour les sous-stations des centrales \u00e9lectriques, sites industriels, syst\u00e8mes de transport ferroviaire et tours d&rsquo;habitation b\u00e2timents, il supporte des bus simples et des tron\u00e7onnables configurations, assurant une r\u00e9ception fiable de l&rsquo;alimentation, distribution et protection du syst\u00e8me avec contr\u00f4le int\u00e9gr\u00e9 et les fonctions de surveillance.<\/p>\n","protected":false},"excerpt":{"rendered":"<p>L&rsquo;appareillage de commutation \u00e0 rev\u00eatement m\u00e9tallique d&rsquo;EDMP est un solution int\u00e9rieure pour les syst\u00e8mes d&rsquo;alimentation triphas\u00e9s AC 50Hz jusqu&rsquo;\u00e0 40,5 kV. Con\u00e7u pour les sous-stations des centrales \u00e9lectriques, sites industriels, syst\u00e8mes de transport ferroviaire et tours d&rsquo;habitation b\u00e2timents, il supporte des bus simples et des tron\u00e7onnables configurations, assurant une r\u00e9ception fiable de l&rsquo;alimentation, distribution et protection du syst\u00e8me avec contr\u00f4le int\u00e9gr\u00e9 et les fonctions de surveillance.<br \/>\n<a class=\"psacp-rdmr-btn\" href=\"https:\/\/edmpco.com\/wp-content\/uploads\/2025\/11\/EDMP-High-Voltage-Switchgear-Datasheet.pdf\" target=\"_blank\" rel=\"noopener\">Fiche d&rsquo;information<\/a><\/p>\n","protected":false},"featured_media":6405,"comment_status":"open","ping_status":"closed","template":"","meta":[],"product_brand":[],"product_cat":[54],"product_tag":[],"class_list":{"0":"post-5788","1":"product","2":"type-product","3":"status-publish","4":"has-post-thumbnail","6":"product_cat-accessories","8":"first","9":"instock","10":"shipping-taxable","11":"product-type-simple"},"yoast_head":"<!-- This site is optimized with the Yoast SEO plugin v27.4 - https:\/\/yoast.com\/product\/yoast-seo-wordpress\/ -->\n<title>Appareillage de commutation haute tension<\/title>\n<meta name=\"robots\" content=\"index, follow, max-snippet:-1, max-image-preview:large, max-video-preview:-1\" \/>\n<link rel=\"canonical\" href=\"https:\/\/edmpco.com\/fr\/product\/high-voltage-switchgear\/\" \/>\n<meta property=\"og:locale\" content=\"fr_FR\" \/>\n<meta property=\"og:locale:alternate\" content=\"en_US\" \/>\n<meta property=\"og:locale:alternate\" content=\"es_ES\" \/>\n<meta property=\"og:type\" content=\"article\" \/>\n<meta property=\"og:title\" content=\"Appareillage de commutation haute tension\" \/>\n<meta property=\"og:description\" content=\"L&#039;appareillage de commutation \u00e0 rev\u00eatement m\u00e9tallique d&#039;EDMP est un solution int\u00e9rieure pour les syst\u00e8mes d&#039;alimentation triphas\u00e9s AC 50Hz jusqu&#039;\u00e0 40,5 kV. Con\u00e7u pour les sous-stations des centrales \u00e9lectriques, sites industriels, syst\u00e8mes de transport ferroviaire et tours d&#039;habitation b\u00e2timents, il supporte des bus simples et des tron\u00e7onnables configurations, assurant une r\u00e9ception fiable de l&#039;alimentation, distribution et protection du syst\u00e8me avec contr\u00f4le int\u00e9gr\u00e9 et les fonctions de surveillance. Fiche d&#039;information\" \/>\n<meta property=\"og:url\" content=\"https:\/\/edmpco.com\/fr\/product\/high-voltage-switchgear\/\" \/>\n<meta property=\"og:site_name\" content=\"Edmpco\" \/>\n<meta property=\"article:modified_time\" content=\"2026-03-24T07:10:57+00:00\" \/>\n<meta property=\"og:image\" content=\"https:\/\/edmpco.com\/wp-content\/uploads\/2025\/11\/High-Voltage-Switchgear.jpg\" \/>\n\t<meta property=\"og:image:width\" content=\"1458\" \/>\n\t<meta property=\"og:image:height\" content=\"1875\" \/>\n\t<meta property=\"og:image:type\" content=\"image\/jpeg\" \/>\n<meta name=\"twitter:card\" content=\"summary_large_image\" \/>\n<meta name=\"twitter:label1\" content=\"Dur\u00e9e de lecture estim\u00e9e\" \/>\n\t<meta name=\"twitter:data1\" content=\"1 minute\" \/>\n<script type=\"application\/ld+json\" class=\"yoast-schema-graph\">{\"@context\":\"https:\\\/\\\/schema.org\",\"@graph\":[{\"@type\":\"WebPage\",\"@id\":\"https:\\\/\\\/edmpco.com\\\/fr\\\/product\\\/high-voltage-switchgear\\\/\",\"url\":\"https:\\\/\\\/edmpco.com\\\/fr\\\/product\\\/high-voltage-switchgear\\\/\",\"name\":\"Appareillage de commutation haute tension\",\"isPartOf\":{\"@id\":\"https:\\\/\\\/edmpco.com\\\/#website\"},\"primaryImageOfPage\":{\"@id\":\"https:\\\/\\\/edmpco.com\\\/fr\\\/product\\\/high-voltage-switchgear\\\/#primaryimage\"},\"image\":{\"@id\":\"https:\\\/\\\/edmpco.com\\\/fr\\\/product\\\/high-voltage-switchgear\\\/#primaryimage\"},\"thumbnailUrl\":\"https:\\\/\\\/edmpco.com\\\/wp-content\\\/uploads\\\/2025\\\/11\\\/High-Voltage-Switchgear.jpg\",\"datePublished\":\"2025-11-02T09:00:58+00:00\",\"dateModified\":\"2026-03-24T07:10:57+00:00\",\"breadcrumb\":{\"@id\":\"https:\\\/\\\/edmpco.com\\\/fr\\\/product\\\/high-voltage-switchgear\\\/#breadcrumb\"},\"inLanguage\":\"fr-FR\",\"potentialAction\":[{\"@type\":\"ReadAction\",\"target\":[\"https:\\\/\\\/edmpco.com\\\/fr\\\/product\\\/high-voltage-switchgear\\\/\"]}]},{\"@type\":\"ImageObject\",\"inLanguage\":\"fr-FR\",\"@id\":\"https:\\\/\\\/edmpco.com\\\/fr\\\/product\\\/high-voltage-switchgear\\\/#primaryimage\",\"url\":\"https:\\\/\\\/edmpco.com\\\/wp-content\\\/uploads\\\/2025\\\/11\\\/High-Voltage-Switchgear.jpg\",\"contentUrl\":\"https:\\\/\\\/edmpco.com\\\/wp-content\\\/uploads\\\/2025\\\/11\\\/High-Voltage-Switchgear.jpg\",\"width\":1458,\"height\":1875},{\"@type\":\"BreadcrumbList\",\"@id\":\"https:\\\/\\\/edmpco.com\\\/fr\\\/product\\\/high-voltage-switchgear\\\/#breadcrumb\",\"itemListElement\":[{\"@type\":\"ListItem\",\"position\":1,\"name\":\"Home\",\"item\":\"https:\\\/\\\/edmpco.com\\\/\"},{\"@type\":\"ListItem\",\"position\":2,\"name\":\"Shop\",\"item\":\"https:\\\/\\\/edmpco.com\\\/shop\\\/\"},{\"@type\":\"ListItem\",\"position\":3,\"name\":\"Appareillage de commutation haute tension\"}]},{\"@type\":\"WebSite\",\"@id\":\"https:\\\/\\\/edmpco.com\\\/#website\",\"url\":\"https:\\\/\\\/edmpco.com\\\/\",\"name\":\"Edmpco\",\"description\":\"Engineering, Design, Management & Planning | Product Show\",\"publisher\":{\"@id\":\"https:\\\/\\\/edmpco.com\\\/#organization\"},\"potentialAction\":[{\"@type\":\"SearchAction\",\"target\":{\"@type\":\"EntryPoint\",\"urlTemplate\":\"https:\\\/\\\/edmpco.com\\\/?s={search_term_string}\"},\"query-input\":{\"@type\":\"PropertyValueSpecification\",\"valueRequired\":true,\"valueName\":\"search_term_string\"}}],\"inLanguage\":\"fr-FR\"},{\"@type\":\"Organization\",\"@id\":\"https:\\\/\\\/edmpco.com\\\/#organization\",\"name\":\"Edmpco\",\"url\":\"https:\\\/\\\/edmpco.com\\\/\",\"logo\":{\"@type\":\"ImageObject\",\"inLanguage\":\"fr-FR\",\"@id\":\"https:\\\/\\\/edmpco.com\\\/#\\\/schema\\\/logo\\\/image\\\/\",\"url\":\"https:\\\/\\\/edmpco.com\\\/wp-content\\\/uploads\\\/2025\\\/10\\\/EDMP.svg\",\"contentUrl\":\"https:\\\/\\\/edmpco.com\\\/wp-content\\\/uploads\\\/2025\\\/10\\\/EDMP.svg\",\"width\":350,\"height\":105,\"caption\":\"Edmpco\"},\"image\":{\"@id\":\"https:\\\/\\\/edmpco.com\\\/#\\\/schema\\\/logo\\\/image\\\/\"}}]}<\/script>\n<!-- \/ Yoast SEO plugin. -->","yoast_head_json":{"title":"Appareillage de commutation haute tension","robots":{"index":"index","follow":"follow","max-snippet":"max-snippet:-1","max-image-preview":"max-image-preview:large","max-video-preview":"max-video-preview:-1"},"canonical":"https:\/\/edmpco.com\/fr\/product\/high-voltage-switchgear\/","og_locale":"fr_FR","og_type":"article","og_title":"[:en]High Voltage Switchgear[:es]Aparamenta de alto voltaje[:fr]Appareillage de commutation haute tension[:] - Edmpco","og_description":"L'appareillage de commutation \u00e0 rev\u00eatement m\u00e9tallique d'EDMP est un solution int\u00e9rieure pour les syst\u00e8mes d'alimentation triphas\u00e9s AC 50Hz jusqu'\u00e0 40,5 kV. Con\u00e7u pour les sous-stations des centrales \u00e9lectriques, sites industriels, syst\u00e8mes de transport ferroviaire et tours d'habitation b\u00e2timents, il supporte des bus simples et des tron\u00e7onnables configurations, assurant une r\u00e9ception fiable de l'alimentation, distribution et protection du syst\u00e8me avec contr\u00f4le int\u00e9gr\u00e9 et les fonctions de surveillance. Fiche d'information","og_url":"https:\/\/edmpco.com\/fr\/product\/high-voltage-switchgear\/","og_site_name":"Edmpco","article_modified_time":"2026-03-24T07:10:57+00:00","og_image":[{"width":1458,"height":1875,"url":"https:\/\/edmpco.com\/wp-content\/uploads\/2025\/11\/High-Voltage-Switchgear.jpg","type":"image\/jpeg"}],"twitter_card":"summary_large_image","twitter_misc":{"Dur\u00e9e de lecture estim\u00e9e":"1 minute"},"schema":{"@context":"https:\/\/schema.org","@graph":[{"@type":"WebPage","@id":"https:\/\/edmpco.com\/fr\/product\/high-voltage-switchgear\/","url":"https:\/\/edmpco.com\/fr\/product\/high-voltage-switchgear\/","name":"Appareillage de commutation haute tension","isPartOf":{"@id":"https:\/\/edmpco.com\/#website"},"primaryImageOfPage":{"@id":"https:\/\/edmpco.com\/fr\/product\/high-voltage-switchgear\/#primaryimage"},"image":{"@id":"https:\/\/edmpco.com\/fr\/product\/high-voltage-switchgear\/#primaryimage"},"thumbnailUrl":"https:\/\/edmpco.com\/wp-content\/uploads\/2025\/11\/High-Voltage-Switchgear.jpg","datePublished":"2025-11-02T09:00:58+00:00","dateModified":"2026-03-24T07:10:57+00:00","breadcrumb":{"@id":"https:\/\/edmpco.com\/fr\/product\/high-voltage-switchgear\/#breadcrumb"},"inLanguage":"fr-FR","potentialAction":[{"@type":"ReadAction","target":["https:\/\/edmpco.com\/fr\/product\/high-voltage-switchgear\/"]}]},{"@type":"ImageObject","inLanguage":"fr-FR","@id":"https:\/\/edmpco.com\/fr\/product\/high-voltage-switchgear\/#primaryimage","url":"https:\/\/edmpco.com\/wp-content\/uploads\/2025\/11\/High-Voltage-Switchgear.jpg","contentUrl":"https:\/\/edmpco.com\/wp-content\/uploads\/2025\/11\/High-Voltage-Switchgear.jpg","width":1458,"height":1875},{"@type":"BreadcrumbList","@id":"https:\/\/edmpco.com\/fr\/product\/high-voltage-switchgear\/#breadcrumb","itemListElement":[{"@type":"ListItem","position":1,"name":"Home","item":"https:\/\/edmpco.com\/"},{"@type":"ListItem","position":2,"name":"Shop","item":"https:\/\/edmpco.com\/shop\/"},{"@type":"ListItem","position":3,"name":"Appareillage de commutation haute tension"}]},{"@type":"WebSite","@id":"https:\/\/edmpco.com\/#website","url":"https:\/\/edmpco.com\/","name":"Edmpco","description":"Engineering, Design, Management & Planning | Product Show","publisher":{"@id":"https:\/\/edmpco.com\/#organization"},"potentialAction":[{"@type":"SearchAction","target":{"@type":"EntryPoint","urlTemplate":"https:\/\/edmpco.com\/?s={search_term_string}"},"query-input":{"@type":"PropertyValueSpecification","valueRequired":true,"valueName":"search_term_string"}}],"inLanguage":"fr-FR"},{"@type":"Organization","@id":"https:\/\/edmpco.com\/#organization","name":"Edmpco","url":"https:\/\/edmpco.com\/","logo":{"@type":"ImageObject","inLanguage":"fr-FR","@id":"https:\/\/edmpco.com\/#\/schema\/logo\/image\/","url":"https:\/\/edmpco.com\/wp-content\/uploads\/2025\/10\/EDMP.svg","contentUrl":"https:\/\/edmpco.com\/wp-content\/uploads\/2025\/10\/EDMP.svg","width":350,"height":105,"caption":"Edmpco"},"image":{"@id":"https:\/\/edmpco.com\/#\/schema\/logo\/image\/"}}]}},"_links":{"self":[{"href":"https:\/\/edmpco.com\/fr\/wp-json\/wp\/v2\/product\/5788","targetHints":{"allow":["GET"]}}],"collection":[{"href":"https:\/\/edmpco.com\/fr\/wp-json\/wp\/v2\/product"}],"about":[{"href":"https:\/\/edmpco.com\/fr\/wp-json\/wp\/v2\/types\/product"}],"replies":[{"embeddable":true,"href":"https:\/\/edmpco.com\/fr\/wp-json\/wp\/v2\/comments?post=5788"}],"wp:featuredmedia":[{"embeddable":true,"href":"https:\/\/edmpco.com\/fr\/wp-json\/wp\/v2\/media\/6405"}],"wp:attachment":[{"href":"https:\/\/edmpco.com\/fr\/wp-json\/wp\/v2\/media?parent=5788"}],"wp:term":[{"taxonomy":"product_brand","embeddable":true,"href":"https:\/\/edmpco.com\/fr\/wp-json\/wp\/v2\/product_brand?post=5788"},{"taxonomy":"product_cat","embeddable":true,"href":"https:\/\/edmpco.com\/fr\/wp-json\/wp\/v2\/product_cat?post=5788"},{"taxonomy":"product_tag","embeddable":true,"href":"https:\/\/edmpco.com\/fr\/wp-json\/wp\/v2\/product_tag?post=5788"}],"curies":[{"name":"wp","href":"https:\/\/api.w.org\/{rel}","templated":true}]}}