{"id":5791,"date":"2025-11-02T10:00:26","date_gmt":"2025-11-02T10:00:26","guid":{"rendered":"https:\/\/edmpco.com\/?post_type=product&#038;p=5791"},"modified":"2026-03-24T07:14:49","modified_gmt":"2026-03-24T07:14:49","slug":"medium-voltage-switchgear","status":"publish","type":"product","link":"https:\/\/edmpco.com\/fr\/product\/medium-voltage-switchgear\/","title":{"rendered":"Appareillage de commutation moyenne tension"},"content":{"rendered":"<p>L&rsquo;appareillage de commutation \u00e0 gaine m\u00e9tallique moyenne tension d&rsquo;EDMP est un solution d&rsquo;int\u00e9rieur compacte et d\u00e9brochable con\u00e7ue pour syst\u00e8mes triphas\u00e9s AC de 3,6 kV \u00e0 12 kV \u00e0 50 Hz. Id\u00e9al pour le transport et la distribution d&rsquo;\u00e9nergie dans les installations industrielles, les op\u00e9rations mini\u00e8res, les services publics et les sous-stations secondaires, Prend en charge les configurations \u00e0 bus unique et sectionnelles. Il Offre \u00e9galement un contr\u00f4le, une protection et une surveillance fiables pour les gros moteurs haute tension et les sorties de g\u00e9n\u00e9rateur.<\/p>\n<p><a href=\"https:\/\/edmpco.com\/wp-content\/uploads\/2025\/11\/EDMP-Medium-Voltage-Switchgear-Datasheet-Rev01-1.pdf\">EDMP Medium Voltage Switchgear Datasheet Rev01 (1)<\/a><\/p>\n","protected":false},"excerpt":{"rendered":"<p>L&rsquo;appareillage de commutation \u00e0 gaine m\u00e9tallique moyenne tension d&rsquo;EDMP est un solution d&rsquo;int\u00e9rieur compacte et d\u00e9brochable con\u00e7ue pour syst\u00e8mes triphas\u00e9s AC de 3,6 kV \u00e0 12 kV \u00e0 50 Hz. Id\u00e9al pour le transport et la distribution d&rsquo;\u00e9nergie dans les installations industrielles, les op\u00e9rations mini\u00e8res, les services publics et les sous-stations secondaires, Prend en charge les configurations \u00e0 bus unique et sectionnelles. Il Offre \u00e9galement un contr\u00f4le, une protection et une surveillance fiables pour les gros moteurs haute tension et les sorties de g\u00e9n\u00e9rateur.<br \/>\n<a class=\"psacp-rdmr-btn\" href=\"https:\/\/edmpco.com\/wp-content\/uploads\/2025\/11\/EDMP-Medium-Voltage-Switchgear-Datasheet.pdf\" target=\"_blank\" rel=\"noopener\">Fiche d&rsquo;information<\/a><\/p>\n","protected":false},"featured_media":6407,"comment_status":"open","ping_status":"closed","template":"","meta":[],"product_brand":[],"product_cat":[54],"product_tag":[],"class_list":{"0":"post-5791","1":"product","2":"type-product","3":"status-publish","4":"has-post-thumbnail","6":"product_cat-accessories","8":"first","9":"instock","10":"shipping-taxable","11":"product-type-simple"},"yoast_head":"<!-- This site is optimized with the Yoast SEO plugin v27.4 - https:\/\/yoast.com\/product\/yoast-seo-wordpress\/ -->\n<title>Appareillage de commutation moyenne tension<\/title>\n<meta name=\"robots\" content=\"index, follow, max-snippet:-1, max-image-preview:large, max-video-preview:-1\" \/>\n<link rel=\"canonical\" href=\"https:\/\/edmpco.com\/fr\/product\/medium-voltage-switchgear\/\" \/>\n<meta property=\"og:locale\" content=\"fr_FR\" \/>\n<meta property=\"og:locale:alternate\" content=\"en_US\" \/>\n<meta property=\"og:locale:alternate\" content=\"es_ES\" \/>\n<meta property=\"og:type\" content=\"article\" \/>\n<meta property=\"og:title\" content=\"Appareillage de commutation moyenne tension\" \/>\n<meta property=\"og:description\" content=\"L&#039;appareillage de commutation \u00e0 gaine m\u00e9tallique moyenne tension d&#039;EDMP est un solution d&#039;int\u00e9rieur compacte et d\u00e9brochable con\u00e7ue pour syst\u00e8mes triphas\u00e9s AC de 3,6 kV \u00e0 12 kV \u00e0 50 Hz. Id\u00e9al pour le transport et la distribution d&#039;\u00e9nergie dans les installations industrielles, les op\u00e9rations mini\u00e8res, les services publics et les sous-stations secondaires, Prend en charge les configurations \u00e0 bus unique et sectionnelles. Il Offre \u00e9galement un contr\u00f4le, une protection et une surveillance fiables pour les gros moteurs haute tension et les sorties de g\u00e9n\u00e9rateur. Fiche d&#039;information\" \/>\n<meta property=\"og:url\" content=\"https:\/\/edmpco.com\/fr\/product\/medium-voltage-switchgear\/\" \/>\n<meta property=\"og:site_name\" content=\"Edmpco\" \/>\n<meta property=\"article:modified_time\" content=\"2026-03-24T07:14:49+00:00\" \/>\n<meta property=\"og:image\" content=\"https:\/\/edmpco.com\/wp-content\/uploads\/2025\/11\/Medium-Voltage-Switchgear.jpg\" \/>\n\t<meta property=\"og:image:width\" content=\"1458\" \/>\n\t<meta property=\"og:image:height\" content=\"1875\" \/>\n\t<meta property=\"og:image:type\" content=\"image\/jpeg\" \/>\n<meta name=\"twitter:card\" content=\"summary_large_image\" \/>\n<meta name=\"twitter:label1\" content=\"Dur\u00e9e de lecture estim\u00e9e\" \/>\n\t<meta name=\"twitter:data1\" content=\"1 minute\" \/>\n<script type=\"application\/ld+json\" class=\"yoast-schema-graph\">{\"@context\":\"https:\\\/\\\/schema.org\",\"@graph\":[{\"@type\":\"WebPage\",\"@id\":\"https:\\\/\\\/edmpco.com\\\/fr\\\/product\\\/medium-voltage-switchgear\\\/\",\"url\":\"https:\\\/\\\/edmpco.com\\\/fr\\\/product\\\/medium-voltage-switchgear\\\/\",\"name\":\"Appareillage de commutation moyenne tension\",\"isPartOf\":{\"@id\":\"https:\\\/\\\/edmpco.com\\\/#website\"},\"primaryImageOfPage\":{\"@id\":\"https:\\\/\\\/edmpco.com\\\/fr\\\/product\\\/medium-voltage-switchgear\\\/#primaryimage\"},\"image\":{\"@id\":\"https:\\\/\\\/edmpco.com\\\/fr\\\/product\\\/medium-voltage-switchgear\\\/#primaryimage\"},\"thumbnailUrl\":\"https:\\\/\\\/edmpco.com\\\/wp-content\\\/uploads\\\/2025\\\/11\\\/Medium-Voltage-Switchgear.jpg\",\"datePublished\":\"2025-11-02T10:00:26+00:00\",\"dateModified\":\"2026-03-24T07:14:49+00:00\",\"breadcrumb\":{\"@id\":\"https:\\\/\\\/edmpco.com\\\/fr\\\/product\\\/medium-voltage-switchgear\\\/#breadcrumb\"},\"inLanguage\":\"fr-FR\",\"potentialAction\":[{\"@type\":\"ReadAction\",\"target\":[\"https:\\\/\\\/edmpco.com\\\/fr\\\/product\\\/medium-voltage-switchgear\\\/\"]}]},{\"@type\":\"ImageObject\",\"inLanguage\":\"fr-FR\",\"@id\":\"https:\\\/\\\/edmpco.com\\\/fr\\\/product\\\/medium-voltage-switchgear\\\/#primaryimage\",\"url\":\"https:\\\/\\\/edmpco.com\\\/wp-content\\\/uploads\\\/2025\\\/11\\\/Medium-Voltage-Switchgear.jpg\",\"contentUrl\":\"https:\\\/\\\/edmpco.com\\\/wp-content\\\/uploads\\\/2025\\\/11\\\/Medium-Voltage-Switchgear.jpg\",\"width\":1458,\"height\":1875},{\"@type\":\"BreadcrumbList\",\"@id\":\"https:\\\/\\\/edmpco.com\\\/fr\\\/product\\\/medium-voltage-switchgear\\\/#breadcrumb\",\"itemListElement\":[{\"@type\":\"ListItem\",\"position\":1,\"name\":\"Home\",\"item\":\"https:\\\/\\\/edmpco.com\\\/\"},{\"@type\":\"ListItem\",\"position\":2,\"name\":\"Shop\",\"item\":\"https:\\\/\\\/edmpco.com\\\/shop\\\/\"},{\"@type\":\"ListItem\",\"position\":3,\"name\":\"Appareillage de commutation moyenne tension\"}]},{\"@type\":\"WebSite\",\"@id\":\"https:\\\/\\\/edmpco.com\\\/#website\",\"url\":\"https:\\\/\\\/edmpco.com\\\/\",\"name\":\"Edmpco\",\"description\":\"Engineering, Design, Management & Planning | Product Show\",\"publisher\":{\"@id\":\"https:\\\/\\\/edmpco.com\\\/#organization\"},\"potentialAction\":[{\"@type\":\"SearchAction\",\"target\":{\"@type\":\"EntryPoint\",\"urlTemplate\":\"https:\\\/\\\/edmpco.com\\\/?s={search_term_string}\"},\"query-input\":{\"@type\":\"PropertyValueSpecification\",\"valueRequired\":true,\"valueName\":\"search_term_string\"}}],\"inLanguage\":\"fr-FR\"},{\"@type\":\"Organization\",\"@id\":\"https:\\\/\\\/edmpco.com\\\/#organization\",\"name\":\"Edmpco\",\"url\":\"https:\\\/\\\/edmpco.com\\\/\",\"logo\":{\"@type\":\"ImageObject\",\"inLanguage\":\"fr-FR\",\"@id\":\"https:\\\/\\\/edmpco.com\\\/#\\\/schema\\\/logo\\\/image\\\/\",\"url\":\"https:\\\/\\\/edmpco.com\\\/wp-content\\\/uploads\\\/2025\\\/10\\\/EDMP.svg\",\"contentUrl\":\"https:\\\/\\\/edmpco.com\\\/wp-content\\\/uploads\\\/2025\\\/10\\\/EDMP.svg\",\"width\":350,\"height\":105,\"caption\":\"Edmpco\"},\"image\":{\"@id\":\"https:\\\/\\\/edmpco.com\\\/#\\\/schema\\\/logo\\\/image\\\/\"}}]}<\/script>\n<!-- \/ Yoast SEO plugin. -->","yoast_head_json":{"title":"Appareillage de commutation moyenne tension","robots":{"index":"index","follow":"follow","max-snippet":"max-snippet:-1","max-image-preview":"max-image-preview:large","max-video-preview":"max-video-preview:-1"},"canonical":"https:\/\/edmpco.com\/fr\/product\/medium-voltage-switchgear\/","og_locale":"fr_FR","og_type":"article","og_title":"[:en]Medium Voltage Switchgear[:es]Aparamenta de media tensi\u00f3n[:fr]Appareillage de commutation moyenne tension[:] - Edmpco","og_description":"L'appareillage de commutation \u00e0 gaine m\u00e9tallique moyenne tension d'EDMP est un solution d'int\u00e9rieur compacte et d\u00e9brochable con\u00e7ue pour syst\u00e8mes triphas\u00e9s AC de 3,6 kV \u00e0 12 kV \u00e0 50 Hz. Id\u00e9al pour le transport et la distribution d'\u00e9nergie dans les installations industrielles, les op\u00e9rations mini\u00e8res, les services publics et les sous-stations secondaires, Prend en charge les configurations \u00e0 bus unique et sectionnelles. Il Offre \u00e9galement un contr\u00f4le, une protection et une surveillance fiables pour les gros moteurs haute tension et les sorties de g\u00e9n\u00e9rateur. Fiche d'information","og_url":"https:\/\/edmpco.com\/fr\/product\/medium-voltage-switchgear\/","og_site_name":"Edmpco","article_modified_time":"2026-03-24T07:14:49+00:00","og_image":[{"width":1458,"height":1875,"url":"https:\/\/edmpco.com\/wp-content\/uploads\/2025\/11\/Medium-Voltage-Switchgear.jpg","type":"image\/jpeg"}],"twitter_card":"summary_large_image","twitter_misc":{"Dur\u00e9e de lecture estim\u00e9e":"1 minute"},"schema":{"@context":"https:\/\/schema.org","@graph":[{"@type":"WebPage","@id":"https:\/\/edmpco.com\/fr\/product\/medium-voltage-switchgear\/","url":"https:\/\/edmpco.com\/fr\/product\/medium-voltage-switchgear\/","name":"Appareillage de commutation moyenne tension","isPartOf":{"@id":"https:\/\/edmpco.com\/#website"},"primaryImageOfPage":{"@id":"https:\/\/edmpco.com\/fr\/product\/medium-voltage-switchgear\/#primaryimage"},"image":{"@id":"https:\/\/edmpco.com\/fr\/product\/medium-voltage-switchgear\/#primaryimage"},"thumbnailUrl":"https:\/\/edmpco.com\/wp-content\/uploads\/2025\/11\/Medium-Voltage-Switchgear.jpg","datePublished":"2025-11-02T10:00:26+00:00","dateModified":"2026-03-24T07:14:49+00:00","breadcrumb":{"@id":"https:\/\/edmpco.com\/fr\/product\/medium-voltage-switchgear\/#breadcrumb"},"inLanguage":"fr-FR","potentialAction":[{"@type":"ReadAction","target":["https:\/\/edmpco.com\/fr\/product\/medium-voltage-switchgear\/"]}]},{"@type":"ImageObject","inLanguage":"fr-FR","@id":"https:\/\/edmpco.com\/fr\/product\/medium-voltage-switchgear\/#primaryimage","url":"https:\/\/edmpco.com\/wp-content\/uploads\/2025\/11\/Medium-Voltage-Switchgear.jpg","contentUrl":"https:\/\/edmpco.com\/wp-content\/uploads\/2025\/11\/Medium-Voltage-Switchgear.jpg","width":1458,"height":1875},{"@type":"BreadcrumbList","@id":"https:\/\/edmpco.com\/fr\/product\/medium-voltage-switchgear\/#breadcrumb","itemListElement":[{"@type":"ListItem","position":1,"name":"Home","item":"https:\/\/edmpco.com\/"},{"@type":"ListItem","position":2,"name":"Shop","item":"https:\/\/edmpco.com\/shop\/"},{"@type":"ListItem","position":3,"name":"Appareillage de commutation moyenne tension"}]},{"@type":"WebSite","@id":"https:\/\/edmpco.com\/#website","url":"https:\/\/edmpco.com\/","name":"Edmpco","description":"Engineering, Design, Management & Planning | Product Show","publisher":{"@id":"https:\/\/edmpco.com\/#organization"},"potentialAction":[{"@type":"SearchAction","target":{"@type":"EntryPoint","urlTemplate":"https:\/\/edmpco.com\/?s={search_term_string}"},"query-input":{"@type":"PropertyValueSpecification","valueRequired":true,"valueName":"search_term_string"}}],"inLanguage":"fr-FR"},{"@type":"Organization","@id":"https:\/\/edmpco.com\/#organization","name":"Edmpco","url":"https:\/\/edmpco.com\/","logo":{"@type":"ImageObject","inLanguage":"fr-FR","@id":"https:\/\/edmpco.com\/#\/schema\/logo\/image\/","url":"https:\/\/edmpco.com\/wp-content\/uploads\/2025\/10\/EDMP.svg","contentUrl":"https:\/\/edmpco.com\/wp-content\/uploads\/2025\/10\/EDMP.svg","width":350,"height":105,"caption":"Edmpco"},"image":{"@id":"https:\/\/edmpco.com\/#\/schema\/logo\/image\/"}}]}},"_links":{"self":[{"href":"https:\/\/edmpco.com\/fr\/wp-json\/wp\/v2\/product\/5791","targetHints":{"allow":["GET"]}}],"collection":[{"href":"https:\/\/edmpco.com\/fr\/wp-json\/wp\/v2\/product"}],"about":[{"href":"https:\/\/edmpco.com\/fr\/wp-json\/wp\/v2\/types\/product"}],"replies":[{"embeddable":true,"href":"https:\/\/edmpco.com\/fr\/wp-json\/wp\/v2\/comments?post=5791"}],"wp:featuredmedia":[{"embeddable":true,"href":"https:\/\/edmpco.com\/fr\/wp-json\/wp\/v2\/media\/6407"}],"wp:attachment":[{"href":"https:\/\/edmpco.com\/fr\/wp-json\/wp\/v2\/media?parent=5791"}],"wp:term":[{"taxonomy":"product_brand","embeddable":true,"href":"https:\/\/edmpco.com\/fr\/wp-json\/wp\/v2\/product_brand?post=5791"},{"taxonomy":"product_cat","embeddable":true,"href":"https:\/\/edmpco.com\/fr\/wp-json\/wp\/v2\/product_cat?post=5791"},{"taxonomy":"product_tag","embeddable":true,"href":"https:\/\/edmpco.com\/fr\/wp-json\/wp\/v2\/product_tag?post=5791"}],"curies":[{"name":"wp","href":"https:\/\/api.w.org\/{rel}","templated":true}]}}