{"id":5794,"date":"2025-11-02T12:00:02","date_gmt":"2025-11-02T12:00:02","guid":{"rendered":"https:\/\/edmpco.com\/?post_type=product&#038;p=5794"},"modified":"2026-03-18T09:50:22","modified_gmt":"2026-03-18T09:50:22","slug":"hv-ac-automatic-recloser","status":"publish","type":"product","link":"https:\/\/edmpco.com\/fr\/product\/hv-ac-automatic-recloser\/","title":{"rendered":"R\u00e9enclencheur automatique HV AC"},"content":{"rendered":"<p>Le r\u00e9enclencheur automatique AC haute tension ext\u00e9rieur d&rsquo;EDMP est con\u00e7u pour la distribution d&rsquo;\u00e9nergie a\u00e9rienne triphas\u00e9e en courant alternatif fonctionnant \u00e0 60\/50 Hz et des niveaux de tension 15,5 kV, 27 kV et 38 kV. Cet appareil intelligent am\u00e9liore fiabilit\u00e9 du r\u00e9seau en effectuant automatiquement l&rsquo;erreur op\u00e9rations d&rsquo;isolement et de r\u00e9enclenchement selon s\u00e9quences pr\u00e9d\u00e9finies. Il permet une segmentation rapide des pannes, r\u00e9duisant les pannes et assurant une Alimentation \u00e9lectrique continue.<\/p>\n","protected":false},"excerpt":{"rendered":"<p>Le r\u00e9enclencheur automatique AC haute tension ext\u00e9rieur d&rsquo;EDMP est con\u00e7u pour la distribution d&rsquo;\u00e9nergie a\u00e9rienne triphas\u00e9e en courant alternatif fonctionnant \u00e0 60\/50 Hz et des niveaux de tension 15,5 kV, 27 kV et 38 kV. Cet appareil intelligent am\u00e9liore fiabilit\u00e9 du r\u00e9seau en effectuant automatiquement l&rsquo;erreur op\u00e9rations d&rsquo;isolement et de r\u00e9enclenchement selon s\u00e9quences pr\u00e9d\u00e9finies. Il permet une segmentation rapide des pannes, r\u00e9duisant les pannes et assurant une Alimentation \u00e9lectrique continue.<br \/>\n<a class=\"psacp-rdmr-btn\" href=\"https:\/\/edmpco.com\/wp-content\/uploads\/2025\/11\/EDMP-Recloser-Controller.pdf\" target=\"_blank\" rel=\"noopener\">Fiche d&rsquo;information<\/a><\/p>\n","protected":false},"featured_media":6406,"comment_status":"open","ping_status":"closed","template":"","meta":[],"product_brand":[],"product_cat":[54],"product_tag":[],"class_list":{"0":"post-5794","1":"product","2":"type-product","3":"status-publish","4":"has-post-thumbnail","6":"product_cat-accessories","8":"first","9":"instock","10":"shipping-taxable","11":"product-type-simple"},"yoast_head":"<!-- This site is optimized with the Yoast SEO plugin v27.4 - https:\/\/yoast.com\/product\/yoast-seo-wordpress\/ -->\n<title>R\u00e9enclencheur automatique HV AC<\/title>\n<meta name=\"robots\" content=\"index, follow, max-snippet:-1, max-image-preview:large, max-video-preview:-1\" \/>\n<link rel=\"canonical\" href=\"https:\/\/edmpco.com\/fr\/product\/hv-ac-automatic-recloser\/\" \/>\n<meta property=\"og:locale\" content=\"fr_FR\" \/>\n<meta property=\"og:locale:alternate\" content=\"en_US\" \/>\n<meta property=\"og:locale:alternate\" content=\"es_ES\" \/>\n<meta property=\"og:type\" content=\"article\" \/>\n<meta property=\"og:title\" content=\"R\u00e9enclencheur automatique HV AC\" \/>\n<meta property=\"og:description\" content=\"Le r\u00e9enclencheur automatique AC haute tension ext\u00e9rieur d&#039;EDMP est con\u00e7u pour la distribution d&#039;\u00e9nergie a\u00e9rienne triphas\u00e9e en courant alternatif fonctionnant \u00e0 60\/50 Hz et des niveaux de tension 15,5 kV, 27 kV et 38 kV. Cet appareil intelligent am\u00e9liore fiabilit\u00e9 du r\u00e9seau en effectuant automatiquement l&#039;erreur op\u00e9rations d&#039;isolement et de r\u00e9enclenchement selon s\u00e9quences pr\u00e9d\u00e9finies. Il permet une segmentation rapide des pannes, r\u00e9duisant les pannes et assurant une Alimentation \u00e9lectrique continue. Fiche d&#039;information\" \/>\n<meta property=\"og:url\" content=\"https:\/\/edmpco.com\/fr\/product\/hv-ac-automatic-recloser\/\" \/>\n<meta property=\"og:site_name\" content=\"Edmpco\" \/>\n<meta property=\"article:modified_time\" content=\"2026-03-18T09:50:22+00:00\" \/>\n<meta property=\"og:image\" content=\"https:\/\/edmpco.com\/wp-content\/uploads\/2025\/11\/HV-AC-Automatic-Recloser.jpg\" \/>\n\t<meta property=\"og:image:width\" content=\"1458\" \/>\n\t<meta property=\"og:image:height\" content=\"1875\" \/>\n\t<meta property=\"og:image:type\" content=\"image\/jpeg\" \/>\n<meta name=\"twitter:card\" content=\"summary_large_image\" \/>\n<meta name=\"twitter:label1\" content=\"Dur\u00e9e de lecture estim\u00e9e\" \/>\n\t<meta name=\"twitter:data1\" content=\"1 minute\" \/>\n<script type=\"application\/ld+json\" class=\"yoast-schema-graph\">{\"@context\":\"https:\\\/\\\/schema.org\",\"@graph\":[{\"@type\":\"WebPage\",\"@id\":\"https:\\\/\\\/edmpco.com\\\/fr\\\/product\\\/hv-ac-automatic-recloser\\\/\",\"url\":\"https:\\\/\\\/edmpco.com\\\/fr\\\/product\\\/hv-ac-automatic-recloser\\\/\",\"name\":\"R\u00e9enclencheur automatique HV AC\",\"isPartOf\":{\"@id\":\"https:\\\/\\\/edmpco.com\\\/#website\"},\"primaryImageOfPage\":{\"@id\":\"https:\\\/\\\/edmpco.com\\\/fr\\\/product\\\/hv-ac-automatic-recloser\\\/#primaryimage\"},\"image\":{\"@id\":\"https:\\\/\\\/edmpco.com\\\/fr\\\/product\\\/hv-ac-automatic-recloser\\\/#primaryimage\"},\"thumbnailUrl\":\"https:\\\/\\\/edmpco.com\\\/wp-content\\\/uploads\\\/2025\\\/11\\\/HV-AC-Automatic-Recloser.jpg\",\"datePublished\":\"2025-11-02T12:00:02+00:00\",\"dateModified\":\"2026-03-18T09:50:22+00:00\",\"breadcrumb\":{\"@id\":\"https:\\\/\\\/edmpco.com\\\/fr\\\/product\\\/hv-ac-automatic-recloser\\\/#breadcrumb\"},\"inLanguage\":\"fr-FR\",\"potentialAction\":[{\"@type\":\"ReadAction\",\"target\":[\"https:\\\/\\\/edmpco.com\\\/fr\\\/product\\\/hv-ac-automatic-recloser\\\/\"]}]},{\"@type\":\"ImageObject\",\"inLanguage\":\"fr-FR\",\"@id\":\"https:\\\/\\\/edmpco.com\\\/fr\\\/product\\\/hv-ac-automatic-recloser\\\/#primaryimage\",\"url\":\"https:\\\/\\\/edmpco.com\\\/wp-content\\\/uploads\\\/2025\\\/11\\\/HV-AC-Automatic-Recloser.jpg\",\"contentUrl\":\"https:\\\/\\\/edmpco.com\\\/wp-content\\\/uploads\\\/2025\\\/11\\\/HV-AC-Automatic-Recloser.jpg\",\"width\":1458,\"height\":1875},{\"@type\":\"BreadcrumbList\",\"@id\":\"https:\\\/\\\/edmpco.com\\\/fr\\\/product\\\/hv-ac-automatic-recloser\\\/#breadcrumb\",\"itemListElement\":[{\"@type\":\"ListItem\",\"position\":1,\"name\":\"Home\",\"item\":\"https:\\\/\\\/edmpco.com\\\/\"},{\"@type\":\"ListItem\",\"position\":2,\"name\":\"Shop\",\"item\":\"https:\\\/\\\/edmpco.com\\\/shop\\\/\"},{\"@type\":\"ListItem\",\"position\":3,\"name\":\"R\u00e9enclencheur automatique HV AC\"}]},{\"@type\":\"WebSite\",\"@id\":\"https:\\\/\\\/edmpco.com\\\/#website\",\"url\":\"https:\\\/\\\/edmpco.com\\\/\",\"name\":\"Edmpco\",\"description\":\"Engineering, Design, Management & Planning | Product Show\",\"publisher\":{\"@id\":\"https:\\\/\\\/edmpco.com\\\/#organization\"},\"potentialAction\":[{\"@type\":\"SearchAction\",\"target\":{\"@type\":\"EntryPoint\",\"urlTemplate\":\"https:\\\/\\\/edmpco.com\\\/?s={search_term_string}\"},\"query-input\":{\"@type\":\"PropertyValueSpecification\",\"valueRequired\":true,\"valueName\":\"search_term_string\"}}],\"inLanguage\":\"fr-FR\"},{\"@type\":\"Organization\",\"@id\":\"https:\\\/\\\/edmpco.com\\\/#organization\",\"name\":\"Edmpco\",\"url\":\"https:\\\/\\\/edmpco.com\\\/\",\"logo\":{\"@type\":\"ImageObject\",\"inLanguage\":\"fr-FR\",\"@id\":\"https:\\\/\\\/edmpco.com\\\/#\\\/schema\\\/logo\\\/image\\\/\",\"url\":\"https:\\\/\\\/edmpco.com\\\/wp-content\\\/uploads\\\/2025\\\/10\\\/EDMP.svg\",\"contentUrl\":\"https:\\\/\\\/edmpco.com\\\/wp-content\\\/uploads\\\/2025\\\/10\\\/EDMP.svg\",\"width\":350,\"height\":105,\"caption\":\"Edmpco\"},\"image\":{\"@id\":\"https:\\\/\\\/edmpco.com\\\/#\\\/schema\\\/logo\\\/image\\\/\"}}]}<\/script>\n<!-- \/ Yoast SEO plugin. -->","yoast_head_json":{"title":"R\u00e9enclencheur automatique HV AC","robots":{"index":"index","follow":"follow","max-snippet":"max-snippet:-1","max-image-preview":"max-image-preview:large","max-video-preview":"max-video-preview:-1"},"canonical":"https:\/\/edmpco.com\/fr\/product\/hv-ac-automatic-recloser\/","og_locale":"fr_FR","og_type":"article","og_title":"[:en]HV AC Automatic Recloser[:es]Reconectador autom\u00e1tico de CA HV[:fr]R\u00e9enclencheur automatique HV AC[:] - Edmpco","og_description":"Le r\u00e9enclencheur automatique AC haute tension ext\u00e9rieur d'EDMP est con\u00e7u pour la distribution d'\u00e9nergie a\u00e9rienne triphas\u00e9e en courant alternatif fonctionnant \u00e0 60\/50 Hz et des niveaux de tension 15,5 kV, 27 kV et 38 kV. Cet appareil intelligent am\u00e9liore fiabilit\u00e9 du r\u00e9seau en effectuant automatiquement l'erreur op\u00e9rations d'isolement et de r\u00e9enclenchement selon s\u00e9quences pr\u00e9d\u00e9finies. Il permet une segmentation rapide des pannes, r\u00e9duisant les pannes et assurant une Alimentation \u00e9lectrique continue. Fiche d'information","og_url":"https:\/\/edmpco.com\/fr\/product\/hv-ac-automatic-recloser\/","og_site_name":"Edmpco","article_modified_time":"2026-03-18T09:50:22+00:00","og_image":[{"width":1458,"height":1875,"url":"https:\/\/edmpco.com\/wp-content\/uploads\/2025\/11\/HV-AC-Automatic-Recloser.jpg","type":"image\/jpeg"}],"twitter_card":"summary_large_image","twitter_misc":{"Dur\u00e9e de lecture estim\u00e9e":"1 minute"},"schema":{"@context":"https:\/\/schema.org","@graph":[{"@type":"WebPage","@id":"https:\/\/edmpco.com\/fr\/product\/hv-ac-automatic-recloser\/","url":"https:\/\/edmpco.com\/fr\/product\/hv-ac-automatic-recloser\/","name":"R\u00e9enclencheur automatique HV AC","isPartOf":{"@id":"https:\/\/edmpco.com\/#website"},"primaryImageOfPage":{"@id":"https:\/\/edmpco.com\/fr\/product\/hv-ac-automatic-recloser\/#primaryimage"},"image":{"@id":"https:\/\/edmpco.com\/fr\/product\/hv-ac-automatic-recloser\/#primaryimage"},"thumbnailUrl":"https:\/\/edmpco.com\/wp-content\/uploads\/2025\/11\/HV-AC-Automatic-Recloser.jpg","datePublished":"2025-11-02T12:00:02+00:00","dateModified":"2026-03-18T09:50:22+00:00","breadcrumb":{"@id":"https:\/\/edmpco.com\/fr\/product\/hv-ac-automatic-recloser\/#breadcrumb"},"inLanguage":"fr-FR","potentialAction":[{"@type":"ReadAction","target":["https:\/\/edmpco.com\/fr\/product\/hv-ac-automatic-recloser\/"]}]},{"@type":"ImageObject","inLanguage":"fr-FR","@id":"https:\/\/edmpco.com\/fr\/product\/hv-ac-automatic-recloser\/#primaryimage","url":"https:\/\/edmpco.com\/wp-content\/uploads\/2025\/11\/HV-AC-Automatic-Recloser.jpg","contentUrl":"https:\/\/edmpco.com\/wp-content\/uploads\/2025\/11\/HV-AC-Automatic-Recloser.jpg","width":1458,"height":1875},{"@type":"BreadcrumbList","@id":"https:\/\/edmpco.com\/fr\/product\/hv-ac-automatic-recloser\/#breadcrumb","itemListElement":[{"@type":"ListItem","position":1,"name":"Home","item":"https:\/\/edmpco.com\/"},{"@type":"ListItem","position":2,"name":"Shop","item":"https:\/\/edmpco.com\/shop\/"},{"@type":"ListItem","position":3,"name":"R\u00e9enclencheur automatique HV AC"}]},{"@type":"WebSite","@id":"https:\/\/edmpco.com\/#website","url":"https:\/\/edmpco.com\/","name":"Edmpco","description":"Engineering, Design, Management & Planning | Product Show","publisher":{"@id":"https:\/\/edmpco.com\/#organization"},"potentialAction":[{"@type":"SearchAction","target":{"@type":"EntryPoint","urlTemplate":"https:\/\/edmpco.com\/?s={search_term_string}"},"query-input":{"@type":"PropertyValueSpecification","valueRequired":true,"valueName":"search_term_string"}}],"inLanguage":"fr-FR"},{"@type":"Organization","@id":"https:\/\/edmpco.com\/#organization","name":"Edmpco","url":"https:\/\/edmpco.com\/","logo":{"@type":"ImageObject","inLanguage":"fr-FR","@id":"https:\/\/edmpco.com\/#\/schema\/logo\/image\/","url":"https:\/\/edmpco.com\/wp-content\/uploads\/2025\/10\/EDMP.svg","contentUrl":"https:\/\/edmpco.com\/wp-content\/uploads\/2025\/10\/EDMP.svg","width":350,"height":105,"caption":"Edmpco"},"image":{"@id":"https:\/\/edmpco.com\/#\/schema\/logo\/image\/"}}]}},"_links":{"self":[{"href":"https:\/\/edmpco.com\/fr\/wp-json\/wp\/v2\/product\/5794","targetHints":{"allow":["GET"]}}],"collection":[{"href":"https:\/\/edmpco.com\/fr\/wp-json\/wp\/v2\/product"}],"about":[{"href":"https:\/\/edmpco.com\/fr\/wp-json\/wp\/v2\/types\/product"}],"replies":[{"embeddable":true,"href":"https:\/\/edmpco.com\/fr\/wp-json\/wp\/v2\/comments?post=5794"}],"wp:featuredmedia":[{"embeddable":true,"href":"https:\/\/edmpco.com\/fr\/wp-json\/wp\/v2\/media\/6406"}],"wp:attachment":[{"href":"https:\/\/edmpco.com\/fr\/wp-json\/wp\/v2\/media?parent=5794"}],"wp:term":[{"taxonomy":"product_brand","embeddable":true,"href":"https:\/\/edmpco.com\/fr\/wp-json\/wp\/v2\/product_brand?post=5794"},{"taxonomy":"product_cat","embeddable":true,"href":"https:\/\/edmpco.com\/fr\/wp-json\/wp\/v2\/product_cat?post=5794"},{"taxonomy":"product_tag","embeddable":true,"href":"https:\/\/edmpco.com\/fr\/wp-json\/wp\/v2\/product_tag?post=5794"}],"curies":[{"name":"wp","href":"https:\/\/api.w.org\/{rel}","templated":true}]}}