{"id":5855,"date":"2025-11-03T11:00:19","date_gmt":"2025-11-03T11:00:19","guid":{"rendered":"https:\/\/edmpco.com\/?post_type=product&#038;p=5855"},"modified":"2025-11-06T10:41:24","modified_gmt":"2025-11-06T10:41:24","slug":"gridlynk-crm","status":"publish","type":"product","link":"https:\/\/edmpco.com\/fr\/product\/gridlynk-crm\/","title":{"rendered":"GridLynk CRM"},"content":{"rendered":"<p>GridLynk CRM (Customer Relationship Management) est une solution puissante con\u00e7ue pour am\u00e9liorer la relation entre les services publics et leurs clients. Il aide les services publics \u00e0 g\u00e9rer les interactions avec les clients, \u00e0 suivre les demandes de service et \u00e0 g\u00e9rer des profils clients d\u00e9taill\u00e9s. Le syst\u00e8me CRM permet aux services publics de fournir des services personnalis\u00e9s, de r\u00e9pondre aux pr\u00e9occupations des clients en temps r\u00e9el et d&rsquo;am\u00e9liorer la satisfaction globale des clients. En centralisant les donn\u00e9es des clients, GridLynk CRM permet aux services publics de rationaliser la communication, d&rsquo;am\u00e9liorer la prestation de services et d&rsquo;assurer une exp\u00e9rience client fluide.<\/p>\n<p class=\"p3\"><strong>Principales caract\u00e9ristiques de GridLynk CRM<\/strong><\/p>\n<p class=\"p1\">GridLynk CRM s&rsquo;int\u00e8gre de mani\u00e8re transparente \u00e0 d&rsquo;autres composants de la plateforme GridLynk, tels que GridLynk MDM et GridLynk Billing, pour fournir une solution compl\u00e8te de service client. La plateforme comprend des outils pour g\u00e9rer les comptes clients, suivre les demandes de service et enregistrer les interactions avec les clients sur divers canaux, notamment le t\u00e9l\u00e9phone, l&rsquo;e-mail et les portails en ligne. Il propose \u00e9galement des flux de travail automatis\u00e9s pour traiter les demandes courantes des clients, les demandes de facturation et les interruptions de service, garantissant ainsi une r\u00e9solution rapide et efficace. De plus, GridLynk CRM prend en charge les rapports et les analyses, ce qui permet aux services publics d&rsquo;identifier les tendances des clients, d&rsquo;\u00e9valuer la qualit\u00e9 du service et d&rsquo;am\u00e9liorer les strat\u00e9gies de sensibilisation des clients.<\/p>\n<p class=\"p3\">Avantages pour les services publics<\/p>\n<p>&nbsp;<\/p>\n<p class=\"p1\">GridLynk CRM permet aux services publics d&rsquo;am\u00e9liorer leur engagement client en fournissant une communication rapide, pr\u00e9cise et personnalis\u00e9e. En int\u00e9grant les donn\u00e9es des clients \u00e0 partir de plusieurs points de contact, la plateforme permet aux services publics de r\u00e9soudre les probl\u00e8mes de mani\u00e8re proactive, de r\u00e9soudre les plaintes et de proposer des solutions sur mesure. Le CRM am\u00e9liore \u00e9galement la pr\u00e9cision de la facturation en reliant directement les donn\u00e9es des clients aux syst\u00e8mes de facturation, ce qui r\u00e9duit les erreurs et am\u00e9liore la transparence. Avec GridLynk CRM, les services publics peuvent fid\u00e9liser leurs clients \u00e0 long terme, am\u00e9liorer les taux de r\u00e9tention et augmenter la satisfaction des clients, ce qui conduit finalement \u00e0 de meilleures performances commerciales et \u00e0 une perception plus positive du public.<\/p>\n","protected":false},"excerpt":{"rendered":"<p>GridLynk CRM (Customer Relationship Management) est une solution puissante con\u00e7ue pour am\u00e9liorer la relation entre les services publics et leurs clients. Il aide les services publics \u00e0 g\u00e9rer les interactions avec les clients, \u00e0 suivre les demandes de service et \u00e0 g\u00e9rer des profils clients d\u00e9taill\u00e9s. Le syst\u00e8me CRM permet aux services publics de fournir des services personnalis\u00e9s, de r\u00e9pondre aux pr\u00e9occupations des clients en temps r\u00e9el et d&rsquo;am\u00e9liorer la satisfaction globale des clients. En centralisant les donn\u00e9es des clients, GridLynk CRM permet aux services publics de rationaliser la communication, d&rsquo;am\u00e9liorer la prestation de services et d&rsquo;assurer une exp\u00e9rience client fluide.<\/p>\n<p class=\"p3\"><strong>Principales caract\u00e9ristiques de GridLynk CRM<\/strong><\/p>\n<p class=\"p1\">GridLynk CRM s&rsquo;int\u00e8gre de mani\u00e8re transparente \u00e0 d&rsquo;autres composants de la plateforme GridLynk, tels que GridLynk MDM et GridLynk Billing, pour fournir une solution compl\u00e8te de service client. La plateforme comprend des outils pour g\u00e9rer les comptes clients, suivre les demandes de service et enregistrer les interactions avec les clients sur divers canaux, notamment le t\u00e9l\u00e9phone, l&rsquo;e-mail et les portails en ligne. Il propose \u00e9galement des flux de travail automatis\u00e9s pour traiter les demandes courantes des clients, les demandes de facturation et les interruptions de service, garantissant ainsi une r\u00e9solution rapide et efficace. De plus, GridLynk CRM prend en charge les rapports et les analyses, ce qui permet aux services publics d&rsquo;identifier les tendances des clients, d&rsquo;\u00e9valuer la qualit\u00e9 du service et d&rsquo;am\u00e9liorer les strat\u00e9gies de sensibilisation des clients.<\/p>\n<p class=\"p3\">Avantages pour les services publics<\/p>\n<p>&nbsp;<\/p>\n<p class=\"p1\">GridLynk CRM permet aux services publics d&rsquo;am\u00e9liorer leur engagement client en fournissant une communication rapide, pr\u00e9cise et personnalis\u00e9e. En int\u00e9grant les donn\u00e9es des clients \u00e0 partir de plusieurs points de contact, la plateforme permet aux services publics de r\u00e9soudre les probl\u00e8mes de mani\u00e8re proactive, de r\u00e9soudre les plaintes et de proposer des solutions sur mesure. Le CRM am\u00e9liore \u00e9galement la pr\u00e9cision de la facturation en reliant directement les donn\u00e9es des clients aux syst\u00e8mes de facturation, ce qui r\u00e9duit les erreurs et am\u00e9liore la transparence. Avec GridLynk CRM, les services publics peuvent fid\u00e9liser leurs clients \u00e0 long terme, am\u00e9liorer les taux de r\u00e9tention et augmenter la satisfaction des clients, ce qui conduit finalement \u00e0 de meilleures performances commerciales et \u00e0 une perception plus positive du public.<\/p>\n","protected":false},"featured_media":6465,"comment_status":"open","ping_status":"closed","template":"","meta":[],"product_brand":[],"product_cat":[52],"product_tag":[],"class_list":{"0":"post-5855","1":"product","2":"type-product","3":"status-publish","4":"has-post-thumbnail","6":"product_cat-system-and-software","8":"first","9":"instock","10":"shipping-taxable","11":"product-type-simple"},"yoast_head":"<!-- This site is optimized with the Yoast SEO plugin v27.4 - https:\/\/yoast.com\/product\/yoast-seo-wordpress\/ -->\n<title>GridLynk CRM<\/title>\n<meta name=\"robots\" content=\"index, follow, max-snippet:-1, max-image-preview:large, max-video-preview:-1\" \/>\n<link rel=\"canonical\" href=\"https:\/\/edmpco.com\/fr\/product\/gridlynk-crm\/\" \/>\n<meta property=\"og:locale\" content=\"fr_FR\" \/>\n<meta property=\"og:locale:alternate\" content=\"en_US\" \/>\n<meta property=\"og:locale:alternate\" content=\"es_ES\" \/>\n<meta property=\"og:type\" content=\"article\" \/>\n<meta property=\"og:title\" content=\"GridLynk CRM\" \/>\n<meta property=\"og:description\" content=\"GridLynk CRM (Customer Relationship Management) est une solution puissante con\u00e7ue pour am\u00e9liorer la relation entre les services publics et leurs clients. Il aide les services publics \u00e0 g\u00e9rer les interactions avec les clients, \u00e0 suivre les demandes de service et \u00e0 g\u00e9rer des profils clients d\u00e9taill\u00e9s. Le syst\u00e8me CRM permet aux services publics de fournir des services personnalis\u00e9s, de r\u00e9pondre aux pr\u00e9occupations des clients en temps r\u00e9el et d&#039;am\u00e9liorer la satisfaction globale des clients. En centralisant les donn\u00e9es des clients, GridLynk CRM permet aux services publics de rationaliser la communication, d&#039;am\u00e9liorer la prestation de services et d&#039;assurer une exp\u00e9rience client fluide. Principales caract\u00e9ristiques de GridLynk CRM GridLynk CRM s&#039;int\u00e8gre de mani\u00e8re transparente \u00e0 d&#039;autres composants de la plateforme GridLynk, tels que GridLynk MDM et GridLynk Billing, pour fournir une solution compl\u00e8te de service client. La plateforme comprend des outils pour g\u00e9rer les comptes clients, suivre les demandes de service et enregistrer les interactions avec les clients sur divers canaux, notamment le t\u00e9l\u00e9phone, l&#039;e-mail et les portails en ligne. Il propose \u00e9galement des flux de travail automatis\u00e9s pour traiter les demandes courantes des clients, les demandes de facturation et les interruptions de service, garantissant ainsi une r\u00e9solution rapide et efficace. De plus, GridLynk CRM prend en charge les rapports et les analyses, ce qui permet aux services publics d&#039;identifier les tendances des clients, d&#039;\u00e9valuer la qualit\u00e9 du service et d&#039;am\u00e9liorer les strat\u00e9gies de sensibilisation des clients. Avantages pour les services publics &nbsp; GridLynk CRM permet aux services publics d&#039;am\u00e9liorer leur engagement client en fournissant une communication rapide, pr\u00e9cise et personnalis\u00e9e. En int\u00e9grant les donn\u00e9es des clients \u00e0 partir de plusieurs points de contact, la plateforme permet aux services publics de r\u00e9soudre les probl\u00e8mes de mani\u00e8re proactive, de r\u00e9soudre les plaintes et de proposer des solutions sur mesure. Le CRM am\u00e9liore \u00e9galement la pr\u00e9cision de la facturation en reliant directement les donn\u00e9es des clients aux syst\u00e8mes de facturation, ce qui r\u00e9duit les erreurs et am\u00e9liore la transparence. Avec GridLynk CRM, les services publics peuvent fid\u00e9liser leurs clients \u00e0 long terme, am\u00e9liorer les taux de r\u00e9tention et augmenter la satisfaction des clients, ce qui conduit finalement \u00e0 de meilleures performances commerciales et \u00e0 une perception plus positive du public.\" \/>\n<meta property=\"og:url\" content=\"https:\/\/edmpco.com\/fr\/product\/gridlynk-crm\/\" \/>\n<meta property=\"og:site_name\" content=\"Edmpco\" \/>\n<meta property=\"article:modified_time\" content=\"2025-11-06T10:41:24+00:00\" \/>\n<meta property=\"og:image\" content=\"https:\/\/edmpco.com\/wp-content\/uploads\/2025\/11\/GridLynk-CRM.jpg\" \/>\n\t<meta property=\"og:image:width\" content=\"1458\" \/>\n\t<meta property=\"og:image:height\" content=\"1875\" \/>\n\t<meta property=\"og:image:type\" content=\"image\/jpeg\" \/>\n<meta name=\"twitter:card\" content=\"summary_large_image\" \/>\n<meta name=\"twitter:label1\" content=\"Dur\u00e9e de lecture estim\u00e9e\" \/>\n\t<meta name=\"twitter:data1\" content=\"5 minutes\" \/>\n<script type=\"application\/ld+json\" class=\"yoast-schema-graph\">{\"@context\":\"https:\\\/\\\/schema.org\",\"@graph\":[{\"@type\":\"WebPage\",\"@id\":\"https:\\\/\\\/edmpco.com\\\/fr\\\/product\\\/gridlynk-crm\\\/\",\"url\":\"https:\\\/\\\/edmpco.com\\\/fr\\\/product\\\/gridlynk-crm\\\/\",\"name\":\"GridLynk CRM\",\"isPartOf\":{\"@id\":\"https:\\\/\\\/edmpco.com\\\/#website\"},\"primaryImageOfPage\":{\"@id\":\"https:\\\/\\\/edmpco.com\\\/fr\\\/product\\\/gridlynk-crm\\\/#primaryimage\"},\"image\":{\"@id\":\"https:\\\/\\\/edmpco.com\\\/fr\\\/product\\\/gridlynk-crm\\\/#primaryimage\"},\"thumbnailUrl\":\"https:\\\/\\\/edmpco.com\\\/wp-content\\\/uploads\\\/2025\\\/11\\\/GridLynk-CRM.jpg\",\"datePublished\":\"2025-11-03T11:00:19+00:00\",\"dateModified\":\"2025-11-06T10:41:24+00:00\",\"breadcrumb\":{\"@id\":\"https:\\\/\\\/edmpco.com\\\/fr\\\/product\\\/gridlynk-crm\\\/#breadcrumb\"},\"inLanguage\":\"fr-FR\",\"potentialAction\":[{\"@type\":\"ReadAction\",\"target\":[\"https:\\\/\\\/edmpco.com\\\/fr\\\/product\\\/gridlynk-crm\\\/\"]}]},{\"@type\":\"ImageObject\",\"inLanguage\":\"fr-FR\",\"@id\":\"https:\\\/\\\/edmpco.com\\\/fr\\\/product\\\/gridlynk-crm\\\/#primaryimage\",\"url\":\"https:\\\/\\\/edmpco.com\\\/wp-content\\\/uploads\\\/2025\\\/11\\\/GridLynk-CRM.jpg\",\"contentUrl\":\"https:\\\/\\\/edmpco.com\\\/wp-content\\\/uploads\\\/2025\\\/11\\\/GridLynk-CRM.jpg\",\"width\":1458,\"height\":1875},{\"@type\":\"BreadcrumbList\",\"@id\":\"https:\\\/\\\/edmpco.com\\\/fr\\\/product\\\/gridlynk-crm\\\/#breadcrumb\",\"itemListElement\":[{\"@type\":\"ListItem\",\"position\":1,\"name\":\"Home\",\"item\":\"https:\\\/\\\/edmpco.com\\\/\"},{\"@type\":\"ListItem\",\"position\":2,\"name\":\"Shop\",\"item\":\"https:\\\/\\\/edmpco.com\\\/shop\\\/\"},{\"@type\":\"ListItem\",\"position\":3,\"name\":\"GridLynk CRM\"}]},{\"@type\":\"WebSite\",\"@id\":\"https:\\\/\\\/edmpco.com\\\/#website\",\"url\":\"https:\\\/\\\/edmpco.com\\\/\",\"name\":\"Edmpco\",\"description\":\"Engineering, Design, Management & Planning | Product Show\",\"publisher\":{\"@id\":\"https:\\\/\\\/edmpco.com\\\/#organization\"},\"potentialAction\":[{\"@type\":\"SearchAction\",\"target\":{\"@type\":\"EntryPoint\",\"urlTemplate\":\"https:\\\/\\\/edmpco.com\\\/?s={search_term_string}\"},\"query-input\":{\"@type\":\"PropertyValueSpecification\",\"valueRequired\":true,\"valueName\":\"search_term_string\"}}],\"inLanguage\":\"fr-FR\"},{\"@type\":\"Organization\",\"@id\":\"https:\\\/\\\/edmpco.com\\\/#organization\",\"name\":\"Edmpco\",\"url\":\"https:\\\/\\\/edmpco.com\\\/\",\"logo\":{\"@type\":\"ImageObject\",\"inLanguage\":\"fr-FR\",\"@id\":\"https:\\\/\\\/edmpco.com\\\/#\\\/schema\\\/logo\\\/image\\\/\",\"url\":\"https:\\\/\\\/edmpco.com\\\/wp-content\\\/uploads\\\/2025\\\/10\\\/EDMP.svg\",\"contentUrl\":\"https:\\\/\\\/edmpco.com\\\/wp-content\\\/uploads\\\/2025\\\/10\\\/EDMP.svg\",\"width\":350,\"height\":105,\"caption\":\"Edmpco\"},\"image\":{\"@id\":\"https:\\\/\\\/edmpco.com\\\/#\\\/schema\\\/logo\\\/image\\\/\"}}]}<\/script>\n<!-- \/ Yoast SEO plugin. -->","yoast_head_json":{"title":"GridLynk CRM","robots":{"index":"index","follow":"follow","max-snippet":"max-snippet:-1","max-image-preview":"max-image-preview:large","max-video-preview":"max-video-preview:-1"},"canonical":"https:\/\/edmpco.com\/fr\/product\/gridlynk-crm\/","og_locale":"fr_FR","og_type":"article","og_title":"[:en]GridLynk CRM[:es]GridLynk CRM[:fr]GridLynk CRM[:] - Edmpco","og_description":"GridLynk CRM (Customer Relationship Management) est une solution puissante con\u00e7ue pour am\u00e9liorer la relation entre les services publics et leurs clients. Il aide les services publics \u00e0 g\u00e9rer les interactions avec les clients, \u00e0 suivre les demandes de service et \u00e0 g\u00e9rer des profils clients d\u00e9taill\u00e9s. Le syst\u00e8me CRM permet aux services publics de fournir des services personnalis\u00e9s, de r\u00e9pondre aux pr\u00e9occupations des clients en temps r\u00e9el et d'am\u00e9liorer la satisfaction globale des clients. En centralisant les donn\u00e9es des clients, GridLynk CRM permet aux services publics de rationaliser la communication, d'am\u00e9liorer la prestation de services et d'assurer une exp\u00e9rience client fluide. Principales caract\u00e9ristiques de GridLynk CRM GridLynk CRM s'int\u00e8gre de mani\u00e8re transparente \u00e0 d'autres composants de la plateforme GridLynk, tels que GridLynk MDM et GridLynk Billing, pour fournir une solution compl\u00e8te de service client. La plateforme comprend des outils pour g\u00e9rer les comptes clients, suivre les demandes de service et enregistrer les interactions avec les clients sur divers canaux, notamment le t\u00e9l\u00e9phone, l'e-mail et les portails en ligne. Il propose \u00e9galement des flux de travail automatis\u00e9s pour traiter les demandes courantes des clients, les demandes de facturation et les interruptions de service, garantissant ainsi une r\u00e9solution rapide et efficace. De plus, GridLynk CRM prend en charge les rapports et les analyses, ce qui permet aux services publics d'identifier les tendances des clients, d'\u00e9valuer la qualit\u00e9 du service et d'am\u00e9liorer les strat\u00e9gies de sensibilisation des clients. Avantages pour les services publics &nbsp; GridLynk CRM permet aux services publics d'am\u00e9liorer leur engagement client en fournissant une communication rapide, pr\u00e9cise et personnalis\u00e9e. En int\u00e9grant les donn\u00e9es des clients \u00e0 partir de plusieurs points de contact, la plateforme permet aux services publics de r\u00e9soudre les probl\u00e8mes de mani\u00e8re proactive, de r\u00e9soudre les plaintes et de proposer des solutions sur mesure. Le CRM am\u00e9liore \u00e9galement la pr\u00e9cision de la facturation en reliant directement les donn\u00e9es des clients aux syst\u00e8mes de facturation, ce qui r\u00e9duit les erreurs et am\u00e9liore la transparence. Avec GridLynk CRM, les services publics peuvent fid\u00e9liser leurs clients \u00e0 long terme, am\u00e9liorer les taux de r\u00e9tention et augmenter la satisfaction des clients, ce qui conduit finalement \u00e0 de meilleures performances commerciales et \u00e0 une perception plus positive du public.","og_url":"https:\/\/edmpco.com\/fr\/product\/gridlynk-crm\/","og_site_name":"Edmpco","article_modified_time":"2025-11-06T10:41:24+00:00","og_image":[{"width":1458,"height":1875,"url":"https:\/\/edmpco.com\/wp-content\/uploads\/2025\/11\/GridLynk-CRM.jpg","type":"image\/jpeg"}],"twitter_card":"summary_large_image","twitter_misc":{"Dur\u00e9e de lecture estim\u00e9e":"5 minutes"},"schema":{"@context":"https:\/\/schema.org","@graph":[{"@type":"WebPage","@id":"https:\/\/edmpco.com\/fr\/product\/gridlynk-crm\/","url":"https:\/\/edmpco.com\/fr\/product\/gridlynk-crm\/","name":"GridLynk CRM","isPartOf":{"@id":"https:\/\/edmpco.com\/#website"},"primaryImageOfPage":{"@id":"https:\/\/edmpco.com\/fr\/product\/gridlynk-crm\/#primaryimage"},"image":{"@id":"https:\/\/edmpco.com\/fr\/product\/gridlynk-crm\/#primaryimage"},"thumbnailUrl":"https:\/\/edmpco.com\/wp-content\/uploads\/2025\/11\/GridLynk-CRM.jpg","datePublished":"2025-11-03T11:00:19+00:00","dateModified":"2025-11-06T10:41:24+00:00","breadcrumb":{"@id":"https:\/\/edmpco.com\/fr\/product\/gridlynk-crm\/#breadcrumb"},"inLanguage":"fr-FR","potentialAction":[{"@type":"ReadAction","target":["https:\/\/edmpco.com\/fr\/product\/gridlynk-crm\/"]}]},{"@type":"ImageObject","inLanguage":"fr-FR","@id":"https:\/\/edmpco.com\/fr\/product\/gridlynk-crm\/#primaryimage","url":"https:\/\/edmpco.com\/wp-content\/uploads\/2025\/11\/GridLynk-CRM.jpg","contentUrl":"https:\/\/edmpco.com\/wp-content\/uploads\/2025\/11\/GridLynk-CRM.jpg","width":1458,"height":1875},{"@type":"BreadcrumbList","@id":"https:\/\/edmpco.com\/fr\/product\/gridlynk-crm\/#breadcrumb","itemListElement":[{"@type":"ListItem","position":1,"name":"Home","item":"https:\/\/edmpco.com\/"},{"@type":"ListItem","position":2,"name":"Shop","item":"https:\/\/edmpco.com\/shop\/"},{"@type":"ListItem","position":3,"name":"GridLynk CRM"}]},{"@type":"WebSite","@id":"https:\/\/edmpco.com\/#website","url":"https:\/\/edmpco.com\/","name":"Edmpco","description":"Engineering, Design, Management & Planning | Product Show","publisher":{"@id":"https:\/\/edmpco.com\/#organization"},"potentialAction":[{"@type":"SearchAction","target":{"@type":"EntryPoint","urlTemplate":"https:\/\/edmpco.com\/?s={search_term_string}"},"query-input":{"@type":"PropertyValueSpecification","valueRequired":true,"valueName":"search_term_string"}}],"inLanguage":"fr-FR"},{"@type":"Organization","@id":"https:\/\/edmpco.com\/#organization","name":"Edmpco","url":"https:\/\/edmpco.com\/","logo":{"@type":"ImageObject","inLanguage":"fr-FR","@id":"https:\/\/edmpco.com\/#\/schema\/logo\/image\/","url":"https:\/\/edmpco.com\/wp-content\/uploads\/2025\/10\/EDMP.svg","contentUrl":"https:\/\/edmpco.com\/wp-content\/uploads\/2025\/10\/EDMP.svg","width":350,"height":105,"caption":"Edmpco"},"image":{"@id":"https:\/\/edmpco.com\/#\/schema\/logo\/image\/"}}]}},"_links":{"self":[{"href":"https:\/\/edmpco.com\/fr\/wp-json\/wp\/v2\/product\/5855","targetHints":{"allow":["GET"]}}],"collection":[{"href":"https:\/\/edmpco.com\/fr\/wp-json\/wp\/v2\/product"}],"about":[{"href":"https:\/\/edmpco.com\/fr\/wp-json\/wp\/v2\/types\/product"}],"replies":[{"embeddable":true,"href":"https:\/\/edmpco.com\/fr\/wp-json\/wp\/v2\/comments?post=5855"}],"wp:featuredmedia":[{"embeddable":true,"href":"https:\/\/edmpco.com\/fr\/wp-json\/wp\/v2\/media\/6465"}],"wp:attachment":[{"href":"https:\/\/edmpco.com\/fr\/wp-json\/wp\/v2\/media?parent=5855"}],"wp:term":[{"taxonomy":"product_brand","embeddable":true,"href":"https:\/\/edmpco.com\/fr\/wp-json\/wp\/v2\/product_brand?post=5855"},{"taxonomy":"product_cat","embeddable":true,"href":"https:\/\/edmpco.com\/fr\/wp-json\/wp\/v2\/product_cat?post=5855"},{"taxonomy":"product_tag","embeddable":true,"href":"https:\/\/edmpco.com\/fr\/wp-json\/wp\/v2\/product_tag?post=5855"}],"curies":[{"name":"wp","href":"https:\/\/api.w.org\/{rel}","templated":true}]}}