{"id":5859,"date":"2025-11-03T05:00:20","date_gmt":"2025-11-03T05:00:20","guid":{"rendered":"https:\/\/edmpco.com\/?post_type=product&#038;p=5859"},"modified":"2025-11-11T12:33:48","modified_gmt":"2025-11-11T12:33:48","slug":"lynkbox","status":"publish","type":"product","link":"https:\/\/edmpco.com\/fr\/product\/lynkbox\/","title":{"rendered":"LynkBox"},"content":{"rendered":"<p><strong>LynkBox<\/strong><\/p>\n<div class=\"Y3BBE\" data-sfc-cp=\"\" data-hveid=\"CAEICRAA\" data-processed=\"true\" data-complete=\"true\">Mobile Lynk est une application mobile puissante con\u00e7ue pour servir de Syst\u00e8me de T\u00eate de R\u00e9seau (HES) mobile, apportant toutes les capacit\u00e9s d&rsquo;un HES traditionnel \u00e0 la main-d&rsquo;\u0153uvre mobile de l&rsquo;entreprise de services publics. Cette application innovante permet aux entreprises de g\u00e9rer et de collecter les donn\u00e9es des compteurs intelligents directement sur le terrain, fournissant aux techniciens de terrain tous les outils dont ils ont besoin pour interagir avec les compteurs sur site ou via Internet. En offrant une connectivit\u00e9 transparente aux compteurs individuels et au HES central, Mobile Lynk permet la collecte et la r\u00e9conciliation des donn\u00e9es en temps r\u00e9el, garantissant des informations pr\u00e9cises et \u00e0 jour depuis le terrain.<\/div>\n<div data-sfc-cp=\"\" data-hveid=\"CAEICRAA\" data-processed=\"true\" data-complete=\"true\"><\/div>\n<div class=\"Y3BBE\" data-sfc-cp=\"\" data-hveid=\"CAEIChAA\" data-processed=\"true\" data-complete=\"true\">Fonctionnalit\u00e9s cl\u00e9s de Mobile Lynk<\/div>\n<div data-sfc-cp=\"\" data-hveid=\"CAEIChAA\" data-processed=\"true\" data-complete=\"true\"><\/div>\n<div class=\"Y3BBE\" data-sfc-cp=\"\" data-hveid=\"CAEICxAA\" data-processed=\"true\" data-complete=\"true\">Mobile Lynk facilite l&rsquo;interaction directe avec les compteurs, que ce soit via une connexion locale ou via une communication bas\u00e9e sur Internet, permettant au personnel de terrain de lire efficacement les donn\u00e9es des compteurs. L&rsquo;application peut fonctionner hors ligne, collecter des donn\u00e9es dans des zones recul\u00e9es et se synchronise avec le HES principal d\u00e8s qu&rsquo;une connexion est disponible, garantissant que toutes les donn\u00e9es sont r\u00e9concili\u00e9es et consolid\u00e9es dans une source unique de v\u00e9rit\u00e9. Mobile Lynk est enti\u00e8rement int\u00e9gr\u00e9 \u00e0 l&rsquo;\u00e9cosyst\u00e8me GridLynk, offrant aux \u00e9quipes des services publics un acc\u00e8s imm\u00e9diat aux donn\u00e9es de consommation pr\u00e9cises et en temps r\u00e9el pour le d\u00e9pannage, les diagnostics et les rapports. En consolidant les donn\u00e9es collect\u00e9es sur le terrain dans le syst\u00e8me central, il assure la coh\u00e9rence des op\u00e9rations, am\u00e9liorant la pr\u00e9cision des donn\u00e9es et renfor\u00e7ant l&rsquo;efficacit\u00e9 op\u00e9rationnelle.<\/div>\n<div data-sfc-cp=\"\" data-hveid=\"CAEICxAA\" data-processed=\"true\" data-complete=\"true\"><\/div>\n<div class=\"Y3BBE\" data-sfc-cp=\"\" data-hveid=\"CAEIDBAA\" data-processed=\"true\" data-complete=\"true\">Avantages pour les Entreprises de Services Publics<\/div>\n<div data-sfc-cp=\"\" data-hveid=\"CAEIDBAA\" data-processed=\"true\" data-complete=\"true\"><\/div>\n<div class=\"Y3BBE\" data-sfc-cp=\"\" data-hveid=\"CAEIDRAA\" data-complete=\"true\" data-processed=\"true\">Mobile Lynk donne aux entreprises de services publics les moyens d&rsquo;agir en mettant toute la puissance du HES entre les mains des techniciens de terrain, am\u00e9liorant leur capacit\u00e9 \u00e0 collecter, v\u00e9rifier et g\u00e9rer les donn\u00e9es des compteurs en temps r\u00e9el. Il rationalise les op\u00e9rations sur le terrain, r\u00e9duit le risque d&rsquo;\u00e9carts de donn\u00e9es et am\u00e9liore les temps de r\u00e9ponse pour les relev\u00e9s de compteurs, la maintenance et le d\u00e9pannage. L&rsquo;application aide les entreprises \u00e0 gagner du temps et des ressources en assurant la synchronisation des donn\u00e9es avec le syst\u00e8me central, en offrant une vue unifi\u00e9e des donn\u00e9es des compteurs et en am\u00e9liorant le service client avec des mises \u00e0 jour opportunes. De plus, Mobile Lynk contribue \u00e0 une facturation plus pr\u00e9cise, une surveillance am\u00e9lior\u00e9e du syst\u00e8me et une meilleure gestion globale des ressources \u00e9nerg\u00e9tiques, stimulant en fin de compte l&rsquo;am\u00e9lioration des performances op\u00e9rationnelles et la satisfaction du client<\/div>\n","protected":false},"excerpt":{"rendered":"<p><strong>LynkBox<\/strong><\/p>\n<div class=\"Y3BBE\" data-sfc-cp=\"\" data-hveid=\"CAEICRAA\" data-processed=\"true\" data-complete=\"true\">Mobile Lynk est une application mobile puissante con\u00e7ue pour servir de Syst\u00e8me de T\u00eate de R\u00e9seau (HES) mobile, apportant toutes les capacit\u00e9s d&rsquo;un HES traditionnel \u00e0 la main-d&rsquo;\u0153uvre mobile de l&rsquo;entreprise de services publics. Cette application innovante permet aux entreprises de g\u00e9rer et de collecter les donn\u00e9es des compteurs intelligents directement sur le terrain, fournissant aux techniciens de terrain tous les outils dont ils ont besoin pour interagir avec les compteurs sur site ou via Internet. En offrant une connectivit\u00e9 transparente aux compteurs individuels et au HES central, Mobile Lynk permet la collecte et la r\u00e9conciliation des donn\u00e9es en temps r\u00e9el, garantissant des informations pr\u00e9cises et \u00e0 jour depuis le terrain.<\/div>\n<div data-sfc-cp=\"\" data-hveid=\"CAEICRAA\" data-processed=\"true\" data-complete=\"true\"><\/div>\n<div class=\"Y3BBE\" data-sfc-cp=\"\" data-hveid=\"CAEIChAA\" data-processed=\"true\" data-complete=\"true\">Fonctionnalit\u00e9s cl\u00e9s de Mobile Lynk<\/div>\n<div data-sfc-cp=\"\" data-hveid=\"CAEIChAA\" data-processed=\"true\" data-complete=\"true\"><\/div>\n<div class=\"Y3BBE\" data-sfc-cp=\"\" data-hveid=\"CAEICxAA\" data-processed=\"true\" data-complete=\"true\">Mobile Lynk facilite l&rsquo;interaction directe avec les compteurs, que ce soit via une connexion locale ou via une communication bas\u00e9e sur Internet, permettant au personnel de terrain de lire efficacement les donn\u00e9es des compteurs. L&rsquo;application peut fonctionner hors ligne, collecter des donn\u00e9es dans des zones recul\u00e9es et se synchronise avec le HES principal d\u00e8s qu&rsquo;une connexion est disponible, garantissant que toutes les donn\u00e9es sont r\u00e9concili\u00e9es et consolid\u00e9es dans une source unique de v\u00e9rit\u00e9. Mobile Lynk est enti\u00e8rement int\u00e9gr\u00e9 \u00e0 l&rsquo;\u00e9cosyst\u00e8me GridLynk, offrant aux \u00e9quipes des services publics un acc\u00e8s imm\u00e9diat aux donn\u00e9es de consommation pr\u00e9cises et en temps r\u00e9el pour le d\u00e9pannage, les diagnostics et les rapports. En consolidant les donn\u00e9es collect\u00e9es sur le terrain dans le syst\u00e8me central, il assure la coh\u00e9rence des op\u00e9rations, am\u00e9liorant la pr\u00e9cision des donn\u00e9es et renfor\u00e7ant l&rsquo;efficacit\u00e9 op\u00e9rationnelle.<\/div>\n<div data-sfc-cp=\"\" data-hveid=\"CAEICxAA\" data-processed=\"true\" data-complete=\"true\"><\/div>\n<div class=\"Y3BBE\" data-sfc-cp=\"\" data-hveid=\"CAEIDBAA\" data-processed=\"true\" data-complete=\"true\">Avantages pour les Entreprises de Services Publics<\/div>\n<div data-sfc-cp=\"\" data-hveid=\"CAEIDBAA\" data-processed=\"true\" data-complete=\"true\"><\/div>\n<div class=\"Y3BBE\" data-sfc-cp=\"\" data-hveid=\"CAEIDRAA\" data-complete=\"true\" data-processed=\"true\">Mobile Lynk donne aux entreprises de services publics les moyens d&rsquo;agir en mettant toute la puissance du HES entre les mains des techniciens de terrain, am\u00e9liorant leur capacit\u00e9 \u00e0 collecter, v\u00e9rifier et g\u00e9rer les donn\u00e9es des compteurs en temps r\u00e9el. Il rationalise les op\u00e9rations sur le terrain, r\u00e9duit le risque d&rsquo;\u00e9carts de donn\u00e9es et am\u00e9liore les temps de r\u00e9ponse pour les relev\u00e9s de compteurs, la maintenance et le d\u00e9pannage. L&rsquo;application aide les entreprises \u00e0 gagner du temps et des ressources en assurant la synchronisation des donn\u00e9es avec le syst\u00e8me central, en offrant une vue unifi\u00e9e des donn\u00e9es des compteurs et en am\u00e9liorant le service client avec des mises \u00e0 jour opportunes. De plus, Mobile Lynk contribue \u00e0 une facturation plus pr\u00e9cise, une surveillance am\u00e9lior\u00e9e du syst\u00e8me et une meilleure gestion globale des ressources \u00e9nerg\u00e9tiques, stimulant en fin de compte l&rsquo;am\u00e9lioration des performances op\u00e9rationnelles et la satisfaction du client<\/div>\n","protected":false},"featured_media":6477,"comment_status":"open","ping_status":"closed","template":"","meta":[],"product_brand":[],"product_cat":[52],"product_tag":[],"class_list":{"0":"post-5859","1":"product","2":"type-product","3":"status-publish","4":"has-post-thumbnail","6":"product_cat-system-and-software","8":"first","9":"instock","10":"shipping-taxable","11":"product-type-simple"},"yoast_head":"<!-- This site is optimized with the Yoast SEO plugin v27.4 - https:\/\/yoast.com\/product\/yoast-seo-wordpress\/ -->\n<title>LynkBox<\/title>\n<meta name=\"robots\" content=\"index, follow, max-snippet:-1, max-image-preview:large, max-video-preview:-1\" \/>\n<link rel=\"canonical\" href=\"https:\/\/edmpco.com\/fr\/product\/lynkbox\/\" \/>\n<meta property=\"og:locale\" content=\"fr_FR\" \/>\n<meta property=\"og:locale:alternate\" content=\"en_US\" \/>\n<meta property=\"og:locale:alternate\" content=\"es_ES\" \/>\n<meta property=\"og:type\" content=\"article\" \/>\n<meta property=\"og:title\" content=\"LynkBox\" \/>\n<meta property=\"og:description\" content=\"LynkBox Mobile Lynk est une application mobile puissante con\u00e7ue pour servir de Syst\u00e8me de T\u00eate de R\u00e9seau (HES) mobile, apportant toutes les capacit\u00e9s d&#039;un HES traditionnel \u00e0 la main-d&#039;\u0153uvre mobile de l&#039;entreprise de services publics. Cette application innovante permet aux entreprises de g\u00e9rer et de collecter les donn\u00e9es des compteurs intelligents directement sur le terrain, fournissant aux techniciens de terrain tous les outils dont ils ont besoin pour interagir avec les compteurs sur site ou via Internet. En offrant une connectivit\u00e9 transparente aux compteurs individuels et au HES central, Mobile Lynk permet la collecte et la r\u00e9conciliation des donn\u00e9es en temps r\u00e9el, garantissant des informations pr\u00e9cises et \u00e0 jour depuis le terrain.  Fonctionnalit\u00e9s cl\u00e9s de Mobile Lynk  Mobile Lynk facilite l&#039;interaction directe avec les compteurs, que ce soit via une connexion locale ou via une communication bas\u00e9e sur Internet, permettant au personnel de terrain de lire efficacement les donn\u00e9es des compteurs. L&#039;application peut fonctionner hors ligne, collecter des donn\u00e9es dans des zones recul\u00e9es et se synchronise avec le HES principal d\u00e8s qu&#039;une connexion est disponible, garantissant que toutes les donn\u00e9es sont r\u00e9concili\u00e9es et consolid\u00e9es dans une source unique de v\u00e9rit\u00e9. Mobile Lynk est enti\u00e8rement int\u00e9gr\u00e9 \u00e0 l&#039;\u00e9cosyst\u00e8me GridLynk, offrant aux \u00e9quipes des services publics un acc\u00e8s imm\u00e9diat aux donn\u00e9es de consommation pr\u00e9cises et en temps r\u00e9el pour le d\u00e9pannage, les diagnostics et les rapports. En consolidant les donn\u00e9es collect\u00e9es sur le terrain dans le syst\u00e8me central, il assure la coh\u00e9rence des op\u00e9rations, am\u00e9liorant la pr\u00e9cision des donn\u00e9es et renfor\u00e7ant l&#039;efficacit\u00e9 op\u00e9rationnelle.  Avantages pour les Entreprises de Services Publics  Mobile Lynk donne aux entreprises de services publics les moyens d&#039;agir en mettant toute la puissance du HES entre les mains des techniciens de terrain, am\u00e9liorant leur capacit\u00e9 \u00e0 collecter, v\u00e9rifier et g\u00e9rer les donn\u00e9es des compteurs en temps r\u00e9el. Il rationalise les op\u00e9rations sur le terrain, r\u00e9duit le risque d&#039;\u00e9carts de donn\u00e9es et am\u00e9liore les temps de r\u00e9ponse pour les relev\u00e9s de compteurs, la maintenance et le d\u00e9pannage. L&#039;application aide les entreprises \u00e0 gagner du temps et des ressources en assurant la synchronisation des donn\u00e9es avec le syst\u00e8me central, en offrant une vue unifi\u00e9e des donn\u00e9es des compteurs et en am\u00e9liorant le service client avec des mises \u00e0 jour opportunes. De plus, Mobile Lynk contribue \u00e0 une facturation plus pr\u00e9cise, une surveillance am\u00e9lior\u00e9e du syst\u00e8me et une meilleure gestion globale des ressources \u00e9nerg\u00e9tiques, stimulant en fin de compte l&#039;am\u00e9lioration des performances op\u00e9rationnelles et la satisfaction du client\" \/>\n<meta property=\"og:url\" content=\"https:\/\/edmpco.com\/fr\/product\/lynkbox\/\" \/>\n<meta property=\"og:site_name\" content=\"Edmpco\" \/>\n<meta property=\"article:modified_time\" content=\"2025-11-11T12:33:48+00:00\" \/>\n<meta property=\"og:image\" content=\"https:\/\/edmpco.com\/wp-content\/uploads\/2025\/11\/LynkBox.jpg\" \/>\n\t<meta property=\"og:image:width\" content=\"1458\" \/>\n\t<meta property=\"og:image:height\" content=\"1875\" \/>\n\t<meta property=\"og:image:type\" content=\"image\/jpeg\" \/>\n<meta name=\"twitter:card\" content=\"summary_large_image\" \/>\n<meta name=\"twitter:label1\" content=\"Dur\u00e9e de lecture estim\u00e9e\" \/>\n\t<meta name=\"twitter:data1\" content=\"2 minutes\" \/>\n<script type=\"application\/ld+json\" class=\"yoast-schema-graph\">{\"@context\":\"https:\\\/\\\/schema.org\",\"@graph\":[{\"@type\":\"WebPage\",\"@id\":\"https:\\\/\\\/edmpco.com\\\/fr\\\/product\\\/lynkbox\\\/\",\"url\":\"https:\\\/\\\/edmpco.com\\\/fr\\\/product\\\/lynkbox\\\/\",\"name\":\"LynkBox\",\"isPartOf\":{\"@id\":\"https:\\\/\\\/edmpco.com\\\/#website\"},\"primaryImageOfPage\":{\"@id\":\"https:\\\/\\\/edmpco.com\\\/fr\\\/product\\\/lynkbox\\\/#primaryimage\"},\"image\":{\"@id\":\"https:\\\/\\\/edmpco.com\\\/fr\\\/product\\\/lynkbox\\\/#primaryimage\"},\"thumbnailUrl\":\"https:\\\/\\\/edmpco.com\\\/wp-content\\\/uploads\\\/2025\\\/11\\\/LynkBox.jpg\",\"datePublished\":\"2025-11-03T05:00:20+00:00\",\"dateModified\":\"2025-11-11T12:33:48+00:00\",\"breadcrumb\":{\"@id\":\"https:\\\/\\\/edmpco.com\\\/fr\\\/product\\\/lynkbox\\\/#breadcrumb\"},\"inLanguage\":\"fr-FR\",\"potentialAction\":[{\"@type\":\"ReadAction\",\"target\":[\"https:\\\/\\\/edmpco.com\\\/fr\\\/product\\\/lynkbox\\\/\"]}]},{\"@type\":\"ImageObject\",\"inLanguage\":\"fr-FR\",\"@id\":\"https:\\\/\\\/edmpco.com\\\/fr\\\/product\\\/lynkbox\\\/#primaryimage\",\"url\":\"https:\\\/\\\/edmpco.com\\\/wp-content\\\/uploads\\\/2025\\\/11\\\/LynkBox.jpg\",\"contentUrl\":\"https:\\\/\\\/edmpco.com\\\/wp-content\\\/uploads\\\/2025\\\/11\\\/LynkBox.jpg\",\"width\":1458,\"height\":1875},{\"@type\":\"BreadcrumbList\",\"@id\":\"https:\\\/\\\/edmpco.com\\\/fr\\\/product\\\/lynkbox\\\/#breadcrumb\",\"itemListElement\":[{\"@type\":\"ListItem\",\"position\":1,\"name\":\"Home\",\"item\":\"https:\\\/\\\/edmpco.com\\\/\"},{\"@type\":\"ListItem\",\"position\":2,\"name\":\"Shop\",\"item\":\"https:\\\/\\\/edmpco.com\\\/shop\\\/\"},{\"@type\":\"ListItem\",\"position\":3,\"name\":\"LynkBox\"}]},{\"@type\":\"WebSite\",\"@id\":\"https:\\\/\\\/edmpco.com\\\/#website\",\"url\":\"https:\\\/\\\/edmpco.com\\\/\",\"name\":\"Edmpco\",\"description\":\"Engineering, Design, Management & Planning | Product Show\",\"publisher\":{\"@id\":\"https:\\\/\\\/edmpco.com\\\/#organization\"},\"potentialAction\":[{\"@type\":\"SearchAction\",\"target\":{\"@type\":\"EntryPoint\",\"urlTemplate\":\"https:\\\/\\\/edmpco.com\\\/?s={search_term_string}\"},\"query-input\":{\"@type\":\"PropertyValueSpecification\",\"valueRequired\":true,\"valueName\":\"search_term_string\"}}],\"inLanguage\":\"fr-FR\"},{\"@type\":\"Organization\",\"@id\":\"https:\\\/\\\/edmpco.com\\\/#organization\",\"name\":\"Edmpco\",\"url\":\"https:\\\/\\\/edmpco.com\\\/\",\"logo\":{\"@type\":\"ImageObject\",\"inLanguage\":\"fr-FR\",\"@id\":\"https:\\\/\\\/edmpco.com\\\/#\\\/schema\\\/logo\\\/image\\\/\",\"url\":\"https:\\\/\\\/edmpco.com\\\/wp-content\\\/uploads\\\/2025\\\/10\\\/EDMP.svg\",\"contentUrl\":\"https:\\\/\\\/edmpco.com\\\/wp-content\\\/uploads\\\/2025\\\/10\\\/EDMP.svg\",\"width\":350,\"height\":105,\"caption\":\"Edmpco\"},\"image\":{\"@id\":\"https:\\\/\\\/edmpco.com\\\/#\\\/schema\\\/logo\\\/image\\\/\"}}]}<\/script>\n<!-- \/ Yoast SEO plugin. -->","yoast_head_json":{"title":"LynkBox","robots":{"index":"index","follow":"follow","max-snippet":"max-snippet:-1","max-image-preview":"max-image-preview:large","max-video-preview":"max-video-preview:-1"},"canonical":"https:\/\/edmpco.com\/fr\/product\/lynkbox\/","og_locale":"fr_FR","og_type":"article","og_title":"[:en]LynkBox[:es]LynkBox[:fr]LynkBox[:] - Edmpco","og_description":"LynkBox Mobile Lynk est une application mobile puissante con\u00e7ue pour servir de Syst\u00e8me de T\u00eate de R\u00e9seau (HES) mobile, apportant toutes les capacit\u00e9s d'un HES traditionnel \u00e0 la main-d'\u0153uvre mobile de l'entreprise de services publics. Cette application innovante permet aux entreprises de g\u00e9rer et de collecter les donn\u00e9es des compteurs intelligents directement sur le terrain, fournissant aux techniciens de terrain tous les outils dont ils ont besoin pour interagir avec les compteurs sur site ou via Internet. En offrant une connectivit\u00e9 transparente aux compteurs individuels et au HES central, Mobile Lynk permet la collecte et la r\u00e9conciliation des donn\u00e9es en temps r\u00e9el, garantissant des informations pr\u00e9cises et \u00e0 jour depuis le terrain.  Fonctionnalit\u00e9s cl\u00e9s de Mobile Lynk  Mobile Lynk facilite l'interaction directe avec les compteurs, que ce soit via une connexion locale ou via une communication bas\u00e9e sur Internet, permettant au personnel de terrain de lire efficacement les donn\u00e9es des compteurs. L'application peut fonctionner hors ligne, collecter des donn\u00e9es dans des zones recul\u00e9es et se synchronise avec le HES principal d\u00e8s qu'une connexion est disponible, garantissant que toutes les donn\u00e9es sont r\u00e9concili\u00e9es et consolid\u00e9es dans une source unique de v\u00e9rit\u00e9. Mobile Lynk est enti\u00e8rement int\u00e9gr\u00e9 \u00e0 l'\u00e9cosyst\u00e8me GridLynk, offrant aux \u00e9quipes des services publics un acc\u00e8s imm\u00e9diat aux donn\u00e9es de consommation pr\u00e9cises et en temps r\u00e9el pour le d\u00e9pannage, les diagnostics et les rapports. En consolidant les donn\u00e9es collect\u00e9es sur le terrain dans le syst\u00e8me central, il assure la coh\u00e9rence des op\u00e9rations, am\u00e9liorant la pr\u00e9cision des donn\u00e9es et renfor\u00e7ant l'efficacit\u00e9 op\u00e9rationnelle.  Avantages pour les Entreprises de Services Publics  Mobile Lynk donne aux entreprises de services publics les moyens d'agir en mettant toute la puissance du HES entre les mains des techniciens de terrain, am\u00e9liorant leur capacit\u00e9 \u00e0 collecter, v\u00e9rifier et g\u00e9rer les donn\u00e9es des compteurs en temps r\u00e9el. Il rationalise les op\u00e9rations sur le terrain, r\u00e9duit le risque d'\u00e9carts de donn\u00e9es et am\u00e9liore les temps de r\u00e9ponse pour les relev\u00e9s de compteurs, la maintenance et le d\u00e9pannage. L'application aide les entreprises \u00e0 gagner du temps et des ressources en assurant la synchronisation des donn\u00e9es avec le syst\u00e8me central, en offrant une vue unifi\u00e9e des donn\u00e9es des compteurs et en am\u00e9liorant le service client avec des mises \u00e0 jour opportunes. De plus, Mobile Lynk contribue \u00e0 une facturation plus pr\u00e9cise, une surveillance am\u00e9lior\u00e9e du syst\u00e8me et une meilleure gestion globale des ressources \u00e9nerg\u00e9tiques, stimulant en fin de compte l'am\u00e9lioration des performances op\u00e9rationnelles et la satisfaction du client","og_url":"https:\/\/edmpco.com\/fr\/product\/lynkbox\/","og_site_name":"Edmpco","article_modified_time":"2025-11-11T12:33:48+00:00","og_image":[{"width":1458,"height":1875,"url":"https:\/\/edmpco.com\/wp-content\/uploads\/2025\/11\/LynkBox.jpg","type":"image\/jpeg"}],"twitter_card":"summary_large_image","twitter_misc":{"Dur\u00e9e de lecture estim\u00e9e":"2 minutes"},"schema":{"@context":"https:\/\/schema.org","@graph":[{"@type":"WebPage","@id":"https:\/\/edmpco.com\/fr\/product\/lynkbox\/","url":"https:\/\/edmpco.com\/fr\/product\/lynkbox\/","name":"LynkBox","isPartOf":{"@id":"https:\/\/edmpco.com\/#website"},"primaryImageOfPage":{"@id":"https:\/\/edmpco.com\/fr\/product\/lynkbox\/#primaryimage"},"image":{"@id":"https:\/\/edmpco.com\/fr\/product\/lynkbox\/#primaryimage"},"thumbnailUrl":"https:\/\/edmpco.com\/wp-content\/uploads\/2025\/11\/LynkBox.jpg","datePublished":"2025-11-03T05:00:20+00:00","dateModified":"2025-11-11T12:33:48+00:00","breadcrumb":{"@id":"https:\/\/edmpco.com\/fr\/product\/lynkbox\/#breadcrumb"},"inLanguage":"fr-FR","potentialAction":[{"@type":"ReadAction","target":["https:\/\/edmpco.com\/fr\/product\/lynkbox\/"]}]},{"@type":"ImageObject","inLanguage":"fr-FR","@id":"https:\/\/edmpco.com\/fr\/product\/lynkbox\/#primaryimage","url":"https:\/\/edmpco.com\/wp-content\/uploads\/2025\/11\/LynkBox.jpg","contentUrl":"https:\/\/edmpco.com\/wp-content\/uploads\/2025\/11\/LynkBox.jpg","width":1458,"height":1875},{"@type":"BreadcrumbList","@id":"https:\/\/edmpco.com\/fr\/product\/lynkbox\/#breadcrumb","itemListElement":[{"@type":"ListItem","position":1,"name":"Home","item":"https:\/\/edmpco.com\/"},{"@type":"ListItem","position":2,"name":"Shop","item":"https:\/\/edmpco.com\/shop\/"},{"@type":"ListItem","position":3,"name":"LynkBox"}]},{"@type":"WebSite","@id":"https:\/\/edmpco.com\/#website","url":"https:\/\/edmpco.com\/","name":"Edmpco","description":"Engineering, Design, Management & Planning | Product Show","publisher":{"@id":"https:\/\/edmpco.com\/#organization"},"potentialAction":[{"@type":"SearchAction","target":{"@type":"EntryPoint","urlTemplate":"https:\/\/edmpco.com\/?s={search_term_string}"},"query-input":{"@type":"PropertyValueSpecification","valueRequired":true,"valueName":"search_term_string"}}],"inLanguage":"fr-FR"},{"@type":"Organization","@id":"https:\/\/edmpco.com\/#organization","name":"Edmpco","url":"https:\/\/edmpco.com\/","logo":{"@type":"ImageObject","inLanguage":"fr-FR","@id":"https:\/\/edmpco.com\/#\/schema\/logo\/image\/","url":"https:\/\/edmpco.com\/wp-content\/uploads\/2025\/10\/EDMP.svg","contentUrl":"https:\/\/edmpco.com\/wp-content\/uploads\/2025\/10\/EDMP.svg","width":350,"height":105,"caption":"Edmpco"},"image":{"@id":"https:\/\/edmpco.com\/#\/schema\/logo\/image\/"}}]}},"_links":{"self":[{"href":"https:\/\/edmpco.com\/fr\/wp-json\/wp\/v2\/product\/5859","targetHints":{"allow":["GET"]}}],"collection":[{"href":"https:\/\/edmpco.com\/fr\/wp-json\/wp\/v2\/product"}],"about":[{"href":"https:\/\/edmpco.com\/fr\/wp-json\/wp\/v2\/types\/product"}],"replies":[{"embeddable":true,"href":"https:\/\/edmpco.com\/fr\/wp-json\/wp\/v2\/comments?post=5859"}],"wp:featuredmedia":[{"embeddable":true,"href":"https:\/\/edmpco.com\/fr\/wp-json\/wp\/v2\/media\/6477"}],"wp:attachment":[{"href":"https:\/\/edmpco.com\/fr\/wp-json\/wp\/v2\/media?parent=5859"}],"wp:term":[{"taxonomy":"product_brand","embeddable":true,"href":"https:\/\/edmpco.com\/fr\/wp-json\/wp\/v2\/product_brand?post=5859"},{"taxonomy":"product_cat","embeddable":true,"href":"https:\/\/edmpco.com\/fr\/wp-json\/wp\/v2\/product_cat?post=5859"},{"taxonomy":"product_tag","embeddable":true,"href":"https:\/\/edmpco.com\/fr\/wp-json\/wp\/v2\/product_tag?post=5859"}],"curies":[{"name":"wp","href":"https:\/\/api.w.org\/{rel}","templated":true}]}}