{"id":7296,"date":"2025-11-01T15:11:52","date_gmt":"2025-11-01T15:11:52","guid":{"rendered":"https:\/\/edmpco.com\/?post_type=product&#038;p=7296"},"modified":"2026-03-18T05:33:59","modified_gmt":"2026-03-18T05:33:59","slug":"magno-33-with-keypad","status":"publish","type":"product","link":"https:\/\/edmpco.com\/fr\/product\/magno-33-with-keypad\/","title":{"rendered":"MAGNO 33 (avec clavier)"},"content":{"rendered":"<p><span style=\"font-weight: 400;\">Le Magno 33 avec clavier est un compteur intelligent triphas\u00e9 \u00e0 connexion directe. <\/span><span style=\"font-weight: 400;\">con\u00e7u pour la gestion de l&rsquo;\u00e9nergie commerciale et industrielle, soutenant <\/span><span style=\"font-weight: 400;\">Initiatives d&rsquo;infrastructure de comptage avanc\u00e9e (AMI). Dot\u00e9es de technologies avanc\u00e9es <\/span><span style=\"font-weight: 400;\">Gr\u00e2ce \u00e0 ses dispositifs anti-falsification, le Magno 33 aide les entreprises de services publics \u00e0 prot\u00e9ger leurs revenus. <\/span><span style=\"font-weight: 400;\">en d\u00e9tectant les fraudes et en minimisant les pertes sur les lignes de cr\u00e9dit.<\/span><\/p>\n<p><span style=\"font-weight: 400;\">Ce compteur haute performance est enti\u00e8rement conforme aux normes STS\/CTS pour <\/span><span style=\"font-weight: 400;\">Le comptage pr\u00e9pay\u00e9 par saisie sur clavier, ainsi que les syst\u00e8mes DLMS\/COSEM<\/span><span style=\"font-weight: 400;\">, assurant une compatibilit\u00e9 parfaite avec une large gamme de syst\u00e8mes utilitaires.<\/span><\/p>\n<p><span style=\"font-weight: 400;\">Gr\u00e2ce \u00e0 ses performances fiables et robustes, le Magno 33 avec clavier est id\u00e9al <\/span><span style=\"font-weight: 400;\">une solution pour les clients r\u00e9sidentiels et commerciaux, offrant une solution exceptionnelle <\/span><span style=\"font-weight: 400;\">Pr\u00e9cision, s\u00e9curit\u00e9 et efficacit\u00e9 dans la gestion moderne de l&rsquo;\u00e9nergie.<\/span><\/p>\n","protected":false},"excerpt":{"rendered":"<p><span style=\"font-weight: 400;\">Le Magno 33 avec clavier est un compteur intelligent triphas\u00e9 \u00e0 connexion directe. <\/span><span style=\"font-weight: 400;\">con\u00e7u pour la gestion de l&rsquo;\u00e9nergie commerciale et industrielle, soutenant <\/span><span style=\"font-weight: 400;\">Initiatives d&rsquo;infrastructure de comptage avanc\u00e9e (AMI). Dot\u00e9es de technologies avanc\u00e9es <\/span><span style=\"font-weight: 400;\">Gr\u00e2ce \u00e0 ses dispositifs anti-falsification, le Magno 33 aide les entreprises de services publics \u00e0 prot\u00e9ger leurs revenus. <\/span><span style=\"font-weight: 400;\">en d\u00e9tectant les fraudes et en minimisant les pertes sur les lignes de cr\u00e9dit.<\/span><\/p>\n<p><span style=\"font-weight: 400;\">Ce compteur haute performance est enti\u00e8rement conforme aux normes STS\/CTS pour <\/span><span style=\"font-weight: 400;\">Le comptage pr\u00e9pay\u00e9 par saisie sur clavier, ainsi que les syst\u00e8mes DLMS\/COSEM<\/span><span style=\"font-weight: 400;\">, assurant une compatibilit\u00e9 parfaite avec une large gamme de syst\u00e8mes utilitaires.<\/span><\/p>\n<p><span style=\"font-weight: 400;\">Gr\u00e2ce \u00e0 ses performances fiables et robustes, le Magno 33 avec clavier est id\u00e9al <\/span><span style=\"font-weight: 400;\">une solution pour les clients r\u00e9sidentiels et commerciaux, offrant une solution exceptionnelle <\/span><span style=\"font-weight: 400;\">Pr\u00e9cision, s\u00e9curit\u00e9 et efficacit\u00e9 dans la gestion moderne de l&rsquo;\u00e9nergie.<\/span><\/p>\n<p><a class=\"psacp-rdmr-btn\" href=\"https:\/\/edmpco.com\/wp-content\/uploads\/2025\/11\/Magno-33-with-Keypad-IDIS-Removed.pdf\" target=\"_blank\" rel=\"noopener\">Fiche d&rsquo;information<\/a><\/p>\n","protected":false},"featured_media":7298,"comment_status":"open","ping_status":"closed","template":"","meta":[],"product_brand":[],"product_cat":[15],"product_tag":[],"class_list":{"0":"post-7296","1":"product","2":"type-product","3":"status-publish","4":"has-post-thumbnail","6":"product_cat-electricity-meters","8":"first","9":"instock","10":"shipping-taxable","11":"product-type-simple"},"yoast_head":"<!-- This site is optimized with the Yoast SEO plugin v27.4 - https:\/\/yoast.com\/product\/yoast-seo-wordpress\/ -->\n<title>MAGNO 33 (avec clavier)<\/title>\n<meta name=\"robots\" content=\"index, follow, max-snippet:-1, max-image-preview:large, max-video-preview:-1\" \/>\n<link rel=\"canonical\" href=\"https:\/\/edmpco.com\/fr\/product\/magno-33-with-keypad\/\" \/>\n<meta property=\"og:locale\" content=\"fr_FR\" \/>\n<meta property=\"og:locale:alternate\" content=\"en_US\" \/>\n<meta property=\"og:locale:alternate\" content=\"es_ES\" \/>\n<meta property=\"og:type\" content=\"article\" \/>\n<meta property=\"og:title\" content=\"MAGNO 33 (avec clavier)\" \/>\n<meta property=\"og:description\" content=\"Le Magno 33 avec clavier est un compteur intelligent triphas\u00e9 \u00e0 connexion directe. con\u00e7u pour la gestion de l&#039;\u00e9nergie commerciale et industrielle, soutenant Initiatives d&#039;infrastructure de comptage avanc\u00e9e (AMI). Dot\u00e9es de technologies avanc\u00e9es Gr\u00e2ce \u00e0 ses dispositifs anti-falsification, le Magno 33 aide les entreprises de services publics \u00e0 prot\u00e9ger leurs revenus. en d\u00e9tectant les fraudes et en minimisant les pertes sur les lignes de cr\u00e9dit.  Ce compteur haute performance est enti\u00e8rement conforme aux normes STS\/CTS pour Le comptage pr\u00e9pay\u00e9 par saisie sur clavier, ainsi que les syst\u00e8mes DLMS\/COSEM, assurant une compatibilit\u00e9 parfaite avec une large gamme de syst\u00e8mes utilitaires.  Gr\u00e2ce \u00e0 ses performances fiables et robustes, le Magno 33 avec clavier est id\u00e9al une solution pour les clients r\u00e9sidentiels et commerciaux, offrant une solution exceptionnelle Pr\u00e9cision, s\u00e9curit\u00e9 et efficacit\u00e9 dans la gestion moderne de l&#039;\u00e9nergie.  Fiche d&#039;information\" \/>\n<meta property=\"og:url\" content=\"https:\/\/edmpco.com\/fr\/product\/magno-33-with-keypad\/\" \/>\n<meta property=\"og:site_name\" content=\"Edmpco\" \/>\n<meta property=\"article:modified_time\" content=\"2026-03-18T05:33:59+00:00\" \/>\n<meta property=\"og:image\" content=\"https:\/\/edmpco.com\/wp-content\/uploads\/2025\/11\/Magno-33-DC-with.jpg\" \/>\n\t<meta property=\"og:image:width\" content=\"1458\" \/>\n\t<meta property=\"og:image:height\" content=\"1875\" \/>\n\t<meta property=\"og:image:type\" content=\"image\/jpeg\" \/>\n<meta name=\"twitter:card\" content=\"summary_large_image\" \/>\n<meta name=\"twitter:label1\" content=\"Dur\u00e9e de lecture estim\u00e9e\" \/>\n\t<meta name=\"twitter:data1\" content=\"1 minute\" \/>\n<script type=\"application\/ld+json\" class=\"yoast-schema-graph\">{\"@context\":\"https:\\\/\\\/schema.org\",\"@graph\":[{\"@type\":\"WebPage\",\"@id\":\"https:\\\/\\\/edmpco.com\\\/fr\\\/product\\\/magno-33-with-keypad\\\/\",\"url\":\"https:\\\/\\\/edmpco.com\\\/fr\\\/product\\\/magno-33-with-keypad\\\/\",\"name\":\"MAGNO 33 (avec clavier)\",\"isPartOf\":{\"@id\":\"https:\\\/\\\/edmpco.com\\\/#website\"},\"primaryImageOfPage\":{\"@id\":\"https:\\\/\\\/edmpco.com\\\/fr\\\/product\\\/magno-33-with-keypad\\\/#primaryimage\"},\"image\":{\"@id\":\"https:\\\/\\\/edmpco.com\\\/fr\\\/product\\\/magno-33-with-keypad\\\/#primaryimage\"},\"thumbnailUrl\":\"https:\\\/\\\/edmpco.com\\\/wp-content\\\/uploads\\\/2025\\\/11\\\/Magno-33-DC-with.jpg\",\"datePublished\":\"2025-11-01T15:11:52+00:00\",\"dateModified\":\"2026-03-18T05:33:59+00:00\",\"breadcrumb\":{\"@id\":\"https:\\\/\\\/edmpco.com\\\/fr\\\/product\\\/magno-33-with-keypad\\\/#breadcrumb\"},\"inLanguage\":\"fr-FR\",\"potentialAction\":[{\"@type\":\"ReadAction\",\"target\":[\"https:\\\/\\\/edmpco.com\\\/fr\\\/product\\\/magno-33-with-keypad\\\/\"]}]},{\"@type\":\"ImageObject\",\"inLanguage\":\"fr-FR\",\"@id\":\"https:\\\/\\\/edmpco.com\\\/fr\\\/product\\\/magno-33-with-keypad\\\/#primaryimage\",\"url\":\"https:\\\/\\\/edmpco.com\\\/wp-content\\\/uploads\\\/2025\\\/11\\\/Magno-33-DC-with.jpg\",\"contentUrl\":\"https:\\\/\\\/edmpco.com\\\/wp-content\\\/uploads\\\/2025\\\/11\\\/Magno-33-DC-with.jpg\",\"width\":1458,\"height\":1875},{\"@type\":\"BreadcrumbList\",\"@id\":\"https:\\\/\\\/edmpco.com\\\/fr\\\/product\\\/magno-33-with-keypad\\\/#breadcrumb\",\"itemListElement\":[{\"@type\":\"ListItem\",\"position\":1,\"name\":\"Home\",\"item\":\"https:\\\/\\\/edmpco.com\\\/\"},{\"@type\":\"ListItem\",\"position\":2,\"name\":\"Shop\",\"item\":\"https:\\\/\\\/edmpco.com\\\/shop\\\/\"},{\"@type\":\"ListItem\",\"position\":3,\"name\":\"MAGNO 33 (avec clavier)\"}]},{\"@type\":\"WebSite\",\"@id\":\"https:\\\/\\\/edmpco.com\\\/#website\",\"url\":\"https:\\\/\\\/edmpco.com\\\/\",\"name\":\"Edmpco\",\"description\":\"Engineering, Design, Management & Planning | Product Show\",\"publisher\":{\"@id\":\"https:\\\/\\\/edmpco.com\\\/#organization\"},\"potentialAction\":[{\"@type\":\"SearchAction\",\"target\":{\"@type\":\"EntryPoint\",\"urlTemplate\":\"https:\\\/\\\/edmpco.com\\\/?s={search_term_string}\"},\"query-input\":{\"@type\":\"PropertyValueSpecification\",\"valueRequired\":true,\"valueName\":\"search_term_string\"}}],\"inLanguage\":\"fr-FR\"},{\"@type\":\"Organization\",\"@id\":\"https:\\\/\\\/edmpco.com\\\/#organization\",\"name\":\"Edmpco\",\"url\":\"https:\\\/\\\/edmpco.com\\\/\",\"logo\":{\"@type\":\"ImageObject\",\"inLanguage\":\"fr-FR\",\"@id\":\"https:\\\/\\\/edmpco.com\\\/#\\\/schema\\\/logo\\\/image\\\/\",\"url\":\"https:\\\/\\\/edmpco.com\\\/wp-content\\\/uploads\\\/2025\\\/10\\\/EDMP.svg\",\"contentUrl\":\"https:\\\/\\\/edmpco.com\\\/wp-content\\\/uploads\\\/2025\\\/10\\\/EDMP.svg\",\"width\":350,\"height\":105,\"caption\":\"Edmpco\"},\"image\":{\"@id\":\"https:\\\/\\\/edmpco.com\\\/#\\\/schema\\\/logo\\\/image\\\/\"}}]}<\/script>\n<!-- \/ Yoast SEO plugin. -->","yoast_head_json":{"title":"MAGNO 33 (avec clavier)","robots":{"index":"index","follow":"follow","max-snippet":"max-snippet:-1","max-image-preview":"max-image-preview:large","max-video-preview":"max-video-preview:-1"},"canonical":"https:\/\/edmpco.com\/fr\/product\/magno-33-with-keypad\/","og_locale":"fr_FR","og_type":"article","og_title":"[:en]Magno 33 (with keypad)[:es]MAGNO 33 (con teclado)[:fr]MAGNO 33 (avec clavier)[:] - Edmpco","og_description":"Le Magno 33 avec clavier est un compteur intelligent triphas\u00e9 \u00e0 connexion directe. con\u00e7u pour la gestion de l'\u00e9nergie commerciale et industrielle, soutenant Initiatives d'infrastructure de comptage avanc\u00e9e (AMI). Dot\u00e9es de technologies avanc\u00e9es Gr\u00e2ce \u00e0 ses dispositifs anti-falsification, le Magno 33 aide les entreprises de services publics \u00e0 prot\u00e9ger leurs revenus. en d\u00e9tectant les fraudes et en minimisant les pertes sur les lignes de cr\u00e9dit.  Ce compteur haute performance est enti\u00e8rement conforme aux normes STS\/CTS pour Le comptage pr\u00e9pay\u00e9 par saisie sur clavier, ainsi que les syst\u00e8mes DLMS\/COSEM, assurant une compatibilit\u00e9 parfaite avec une large gamme de syst\u00e8mes utilitaires.  Gr\u00e2ce \u00e0 ses performances fiables et robustes, le Magno 33 avec clavier est id\u00e9al une solution pour les clients r\u00e9sidentiels et commerciaux, offrant une solution exceptionnelle Pr\u00e9cision, s\u00e9curit\u00e9 et efficacit\u00e9 dans la gestion moderne de l'\u00e9nergie.  Fiche d'information","og_url":"https:\/\/edmpco.com\/fr\/product\/magno-33-with-keypad\/","og_site_name":"Edmpco","article_modified_time":"2026-03-18T05:33:59+00:00","og_image":[{"width":1458,"height":1875,"url":"https:\/\/edmpco.com\/wp-content\/uploads\/2025\/11\/Magno-33-DC-with.jpg","type":"image\/jpeg"}],"twitter_card":"summary_large_image","twitter_misc":{"Dur\u00e9e de lecture estim\u00e9e":"1 minute"},"schema":{"@context":"https:\/\/schema.org","@graph":[{"@type":"WebPage","@id":"https:\/\/edmpco.com\/fr\/product\/magno-33-with-keypad\/","url":"https:\/\/edmpco.com\/fr\/product\/magno-33-with-keypad\/","name":"MAGNO 33 (avec clavier)","isPartOf":{"@id":"https:\/\/edmpco.com\/#website"},"primaryImageOfPage":{"@id":"https:\/\/edmpco.com\/fr\/product\/magno-33-with-keypad\/#primaryimage"},"image":{"@id":"https:\/\/edmpco.com\/fr\/product\/magno-33-with-keypad\/#primaryimage"},"thumbnailUrl":"https:\/\/edmpco.com\/wp-content\/uploads\/2025\/11\/Magno-33-DC-with.jpg","datePublished":"2025-11-01T15:11:52+00:00","dateModified":"2026-03-18T05:33:59+00:00","breadcrumb":{"@id":"https:\/\/edmpco.com\/fr\/product\/magno-33-with-keypad\/#breadcrumb"},"inLanguage":"fr-FR","potentialAction":[{"@type":"ReadAction","target":["https:\/\/edmpco.com\/fr\/product\/magno-33-with-keypad\/"]}]},{"@type":"ImageObject","inLanguage":"fr-FR","@id":"https:\/\/edmpco.com\/fr\/product\/magno-33-with-keypad\/#primaryimage","url":"https:\/\/edmpco.com\/wp-content\/uploads\/2025\/11\/Magno-33-DC-with.jpg","contentUrl":"https:\/\/edmpco.com\/wp-content\/uploads\/2025\/11\/Magno-33-DC-with.jpg","width":1458,"height":1875},{"@type":"BreadcrumbList","@id":"https:\/\/edmpco.com\/fr\/product\/magno-33-with-keypad\/#breadcrumb","itemListElement":[{"@type":"ListItem","position":1,"name":"Home","item":"https:\/\/edmpco.com\/"},{"@type":"ListItem","position":2,"name":"Shop","item":"https:\/\/edmpco.com\/shop\/"},{"@type":"ListItem","position":3,"name":"MAGNO 33 (avec clavier)"}]},{"@type":"WebSite","@id":"https:\/\/edmpco.com\/#website","url":"https:\/\/edmpco.com\/","name":"Edmpco","description":"Engineering, Design, Management & Planning | Product Show","publisher":{"@id":"https:\/\/edmpco.com\/#organization"},"potentialAction":[{"@type":"SearchAction","target":{"@type":"EntryPoint","urlTemplate":"https:\/\/edmpco.com\/?s={search_term_string}"},"query-input":{"@type":"PropertyValueSpecification","valueRequired":true,"valueName":"search_term_string"}}],"inLanguage":"fr-FR"},{"@type":"Organization","@id":"https:\/\/edmpco.com\/#organization","name":"Edmpco","url":"https:\/\/edmpco.com\/","logo":{"@type":"ImageObject","inLanguage":"fr-FR","@id":"https:\/\/edmpco.com\/#\/schema\/logo\/image\/","url":"https:\/\/edmpco.com\/wp-content\/uploads\/2025\/10\/EDMP.svg","contentUrl":"https:\/\/edmpco.com\/wp-content\/uploads\/2025\/10\/EDMP.svg","width":350,"height":105,"caption":"Edmpco"},"image":{"@id":"https:\/\/edmpco.com\/#\/schema\/logo\/image\/"}}]}},"_links":{"self":[{"href":"https:\/\/edmpco.com\/fr\/wp-json\/wp\/v2\/product\/7296","targetHints":{"allow":["GET"]}}],"collection":[{"href":"https:\/\/edmpco.com\/fr\/wp-json\/wp\/v2\/product"}],"about":[{"href":"https:\/\/edmpco.com\/fr\/wp-json\/wp\/v2\/types\/product"}],"replies":[{"embeddable":true,"href":"https:\/\/edmpco.com\/fr\/wp-json\/wp\/v2\/comments?post=7296"}],"wp:featuredmedia":[{"embeddable":true,"href":"https:\/\/edmpco.com\/fr\/wp-json\/wp\/v2\/media\/7298"}],"wp:attachment":[{"href":"https:\/\/edmpco.com\/fr\/wp-json\/wp\/v2\/media?parent=7296"}],"wp:term":[{"taxonomy":"product_brand","embeddable":true,"href":"https:\/\/edmpco.com\/fr\/wp-json\/wp\/v2\/product_brand?post=7296"},{"taxonomy":"product_cat","embeddable":true,"href":"https:\/\/edmpco.com\/fr\/wp-json\/wp\/v2\/product_cat?post=7296"},{"taxonomy":"product_tag","embeddable":true,"href":"https:\/\/edmpco.com\/fr\/wp-json\/wp\/v2\/product_tag?post=7296"}],"curies":[{"name":"wp","href":"https:\/\/api.w.org\/{rel}","templated":true}]}}