{"id":7299,"date":"2025-11-01T16:57:41","date_gmt":"2025-11-01T16:57:41","guid":{"rendered":"https:\/\/edmpco.com\/?post_type=product&#038;p=7299"},"modified":"2026-03-18T05:18:59","modified_gmt":"2026-03-18T05:18:59","slug":"magno-22with-keypad","status":"publish","type":"product","link":"https:\/\/edmpco.com\/fr\/product\/magno-22with-keypad\/","title":{"rendered":"MAGNO 22 (avec clavier)"},"content":{"rendered":"<p><span style=\"font-weight: 400;\">Le Magno 22 avec clavier est un appareil monophas\u00e9 de pointe. <\/span><span style=\"font-weight: 400;\">Compteur d&rsquo;\u00e9lectricit\u00e9 intelligent con\u00e7u pour prendre en charge les deux <\/span><span style=\"font-weight: 400;\">Syst\u00e8mes postpay\u00e9s et pr\u00e9pay\u00e9s. Il offre une gamme compl\u00e8te de services. <\/span><span style=\"font-weight: 400;\">suite de fonctionnalit\u00e9s, incluant la surveillance du r\u00e9seau \u00e9lectrique, <\/span><span style=\"font-weight: 400;\">fonctions de contr\u00f4le de charge, de d\u00e9tection de falsification et de distribution automatique, <\/span><span style=\"font-weight: 400;\">ce qui en fait une solution id\u00e9ale pour les applications r\u00e9sidentielles et commerciales. <\/span><span style=\"font-weight: 400;\">applications.<\/span><\/p>\n","protected":false},"excerpt":{"rendered":"<p><span style=\"font-weight: 400;\">Le Magno 22 avec clavier est un appareil monophas\u00e9 de pointe. <\/span><span style=\"font-weight: 400;\">Compteur d&rsquo;\u00e9lectricit\u00e9 intelligent con\u00e7u pour prendre en charge les deux <\/span><span style=\"font-weight: 400;\">Syst\u00e8mes postpay\u00e9s et pr\u00e9pay\u00e9s. Il offre une gamme compl\u00e8te de services. <\/span><span style=\"font-weight: 400;\">suite de fonctionnalit\u00e9s, incluant la surveillance du r\u00e9seau \u00e9lectrique, <\/span><span style=\"font-weight: 400;\">fonctions de contr\u00f4le de charge, de d\u00e9tection de falsification et de distribution automatique, <\/span><span style=\"font-weight: 400;\">ce qui en fait une solution id\u00e9ale pour les applications r\u00e9sidentielles et commerciales. <\/span><span style=\"font-weight: 400;\">applications.<\/span><\/p>\n<p><a class=\"psacp-rdmr-btn\" href=\"https:\/\/edmpco.com\/wp-content\/uploads\/2025\/11\/MAGNO-22-WITH-KEY-IDIS-REMOVED.pdf\" target=\"_blank\" rel=\"noopener\">Fiche d&rsquo;information<\/a><\/p>\n","protected":false},"featured_media":7301,"comment_status":"open","ping_status":"closed","template":"","meta":[],"product_brand":[],"product_cat":[15],"product_tag":[],"class_list":{"0":"post-7299","1":"product","2":"type-product","3":"status-publish","4":"has-post-thumbnail","6":"product_cat-electricity-meters","8":"first","9":"instock","10":"featured","11":"shipping-taxable","12":"product-type-simple"},"yoast_head":"<!-- This site is optimized with the Yoast SEO plugin v27.4 - https:\/\/yoast.com\/product\/yoast-seo-wordpress\/ -->\n<title>MAGNO 22 (avec clavier)<\/title>\n<meta name=\"robots\" content=\"index, follow, max-snippet:-1, max-image-preview:large, max-video-preview:-1\" \/>\n<link rel=\"canonical\" href=\"https:\/\/edmpco.com\/fr\/product\/magno-22with-keypad\/\" \/>\n<meta property=\"og:locale\" content=\"fr_FR\" \/>\n<meta property=\"og:locale:alternate\" content=\"en_US\" \/>\n<meta property=\"og:locale:alternate\" content=\"es_ES\" \/>\n<meta property=\"og:type\" content=\"article\" \/>\n<meta property=\"og:title\" content=\"MAGNO 22 (avec clavier)\" \/>\n<meta property=\"og:description\" content=\"Le Magno 22 avec clavier est un appareil monophas\u00e9 de pointe. Compteur d&#039;\u00e9lectricit\u00e9 intelligent con\u00e7u pour prendre en charge les deux Syst\u00e8mes postpay\u00e9s et pr\u00e9pay\u00e9s. Il offre une gamme compl\u00e8te de services. suite de fonctionnalit\u00e9s, incluant la surveillance du r\u00e9seau \u00e9lectrique, fonctions de contr\u00f4le de charge, de d\u00e9tection de falsification et de distribution automatique, ce qui en fait une solution id\u00e9ale pour les applications r\u00e9sidentielles et commerciales. applications.  Fiche d&#039;information\" \/>\n<meta property=\"og:url\" content=\"https:\/\/edmpco.com\/fr\/product\/magno-22with-keypad\/\" \/>\n<meta property=\"og:site_name\" content=\"Edmpco\" \/>\n<meta property=\"article:modified_time\" content=\"2026-03-18T05:18:59+00:00\" \/>\n<meta property=\"og:image\" content=\"https:\/\/edmpco.com\/wp-content\/uploads\/2025\/11\/Magno-22-with.jpg\" \/>\n\t<meta property=\"og:image:width\" content=\"1458\" \/>\n\t<meta property=\"og:image:height\" content=\"1875\" \/>\n\t<meta property=\"og:image:type\" content=\"image\/jpeg\" \/>\n<meta name=\"twitter:card\" content=\"summary_large_image\" \/>\n<meta name=\"twitter:label1\" content=\"Dur\u00e9e de lecture estim\u00e9e\" \/>\n\t<meta name=\"twitter:data1\" content=\"1 minute\" \/>\n<script type=\"application\/ld+json\" class=\"yoast-schema-graph\">{\"@context\":\"https:\\\/\\\/schema.org\",\"@graph\":[{\"@type\":\"WebPage\",\"@id\":\"https:\\\/\\\/edmpco.com\\\/fr\\\/product\\\/magno-22with-keypad\\\/\",\"url\":\"https:\\\/\\\/edmpco.com\\\/fr\\\/product\\\/magno-22with-keypad\\\/\",\"name\":\"MAGNO 22 (avec clavier)\",\"isPartOf\":{\"@id\":\"https:\\\/\\\/edmpco.com\\\/#website\"},\"primaryImageOfPage\":{\"@id\":\"https:\\\/\\\/edmpco.com\\\/fr\\\/product\\\/magno-22with-keypad\\\/#primaryimage\"},\"image\":{\"@id\":\"https:\\\/\\\/edmpco.com\\\/fr\\\/product\\\/magno-22with-keypad\\\/#primaryimage\"},\"thumbnailUrl\":\"https:\\\/\\\/edmpco.com\\\/wp-content\\\/uploads\\\/2025\\\/11\\\/Magno-22-with.jpg\",\"datePublished\":\"2025-11-01T16:57:41+00:00\",\"dateModified\":\"2026-03-18T05:18:59+00:00\",\"breadcrumb\":{\"@id\":\"https:\\\/\\\/edmpco.com\\\/fr\\\/product\\\/magno-22with-keypad\\\/#breadcrumb\"},\"inLanguage\":\"fr-FR\",\"potentialAction\":[{\"@type\":\"ReadAction\",\"target\":[\"https:\\\/\\\/edmpco.com\\\/fr\\\/product\\\/magno-22with-keypad\\\/\"]}]},{\"@type\":\"ImageObject\",\"inLanguage\":\"fr-FR\",\"@id\":\"https:\\\/\\\/edmpco.com\\\/fr\\\/product\\\/magno-22with-keypad\\\/#primaryimage\",\"url\":\"https:\\\/\\\/edmpco.com\\\/wp-content\\\/uploads\\\/2025\\\/11\\\/Magno-22-with.jpg\",\"contentUrl\":\"https:\\\/\\\/edmpco.com\\\/wp-content\\\/uploads\\\/2025\\\/11\\\/Magno-22-with.jpg\",\"width\":1458,\"height\":1875},{\"@type\":\"BreadcrumbList\",\"@id\":\"https:\\\/\\\/edmpco.com\\\/fr\\\/product\\\/magno-22with-keypad\\\/#breadcrumb\",\"itemListElement\":[{\"@type\":\"ListItem\",\"position\":1,\"name\":\"Home\",\"item\":\"https:\\\/\\\/edmpco.com\\\/\"},{\"@type\":\"ListItem\",\"position\":2,\"name\":\"Shop\",\"item\":\"https:\\\/\\\/edmpco.com\\\/shop\\\/\"},{\"@type\":\"ListItem\",\"position\":3,\"name\":\"MAGNO 22 (avec clavier)\"}]},{\"@type\":\"WebSite\",\"@id\":\"https:\\\/\\\/edmpco.com\\\/#website\",\"url\":\"https:\\\/\\\/edmpco.com\\\/\",\"name\":\"Edmpco\",\"description\":\"Engineering, Design, Management & Planning | Product Show\",\"publisher\":{\"@id\":\"https:\\\/\\\/edmpco.com\\\/#organization\"},\"potentialAction\":[{\"@type\":\"SearchAction\",\"target\":{\"@type\":\"EntryPoint\",\"urlTemplate\":\"https:\\\/\\\/edmpco.com\\\/?s={search_term_string}\"},\"query-input\":{\"@type\":\"PropertyValueSpecification\",\"valueRequired\":true,\"valueName\":\"search_term_string\"}}],\"inLanguage\":\"fr-FR\"},{\"@type\":\"Organization\",\"@id\":\"https:\\\/\\\/edmpco.com\\\/#organization\",\"name\":\"Edmpco\",\"url\":\"https:\\\/\\\/edmpco.com\\\/\",\"logo\":{\"@type\":\"ImageObject\",\"inLanguage\":\"fr-FR\",\"@id\":\"https:\\\/\\\/edmpco.com\\\/#\\\/schema\\\/logo\\\/image\\\/\",\"url\":\"https:\\\/\\\/edmpco.com\\\/wp-content\\\/uploads\\\/2025\\\/10\\\/EDMP.svg\",\"contentUrl\":\"https:\\\/\\\/edmpco.com\\\/wp-content\\\/uploads\\\/2025\\\/10\\\/EDMP.svg\",\"width\":350,\"height\":105,\"caption\":\"Edmpco\"},\"image\":{\"@id\":\"https:\\\/\\\/edmpco.com\\\/#\\\/schema\\\/logo\\\/image\\\/\"}}]}<\/script>\n<!-- \/ Yoast SEO plugin. -->","yoast_head_json":{"title":"MAGNO 22 (avec clavier)","robots":{"index":"index","follow":"follow","max-snippet":"max-snippet:-1","max-image-preview":"max-image-preview:large","max-video-preview":"max-video-preview:-1"},"canonical":"https:\/\/edmpco.com\/fr\/product\/magno-22with-keypad\/","og_locale":"fr_FR","og_type":"article","og_title":"[:en]Magno 22(with keypad)[:es]MAGNO 22 (con teclado)[:fr]MAGNO 22 (avec clavier)[:] - Edmpco","og_description":"Le Magno 22 avec clavier est un appareil monophas\u00e9 de pointe. Compteur d'\u00e9lectricit\u00e9 intelligent con\u00e7u pour prendre en charge les deux Syst\u00e8mes postpay\u00e9s et pr\u00e9pay\u00e9s. Il offre une gamme compl\u00e8te de services. suite de fonctionnalit\u00e9s, incluant la surveillance du r\u00e9seau \u00e9lectrique, fonctions de contr\u00f4le de charge, de d\u00e9tection de falsification et de distribution automatique, ce qui en fait une solution id\u00e9ale pour les applications r\u00e9sidentielles et commerciales. applications.  Fiche d'information","og_url":"https:\/\/edmpco.com\/fr\/product\/magno-22with-keypad\/","og_site_name":"Edmpco","article_modified_time":"2026-03-18T05:18:59+00:00","og_image":[{"width":1458,"height":1875,"url":"https:\/\/edmpco.com\/wp-content\/uploads\/2025\/11\/Magno-22-with.jpg","type":"image\/jpeg"}],"twitter_card":"summary_large_image","twitter_misc":{"Dur\u00e9e de lecture estim\u00e9e":"1 minute"},"schema":{"@context":"https:\/\/schema.org","@graph":[{"@type":"WebPage","@id":"https:\/\/edmpco.com\/fr\/product\/magno-22with-keypad\/","url":"https:\/\/edmpco.com\/fr\/product\/magno-22with-keypad\/","name":"MAGNO 22 (avec clavier)","isPartOf":{"@id":"https:\/\/edmpco.com\/#website"},"primaryImageOfPage":{"@id":"https:\/\/edmpco.com\/fr\/product\/magno-22with-keypad\/#primaryimage"},"image":{"@id":"https:\/\/edmpco.com\/fr\/product\/magno-22with-keypad\/#primaryimage"},"thumbnailUrl":"https:\/\/edmpco.com\/wp-content\/uploads\/2025\/11\/Magno-22-with.jpg","datePublished":"2025-11-01T16:57:41+00:00","dateModified":"2026-03-18T05:18:59+00:00","breadcrumb":{"@id":"https:\/\/edmpco.com\/fr\/product\/magno-22with-keypad\/#breadcrumb"},"inLanguage":"fr-FR","potentialAction":[{"@type":"ReadAction","target":["https:\/\/edmpco.com\/fr\/product\/magno-22with-keypad\/"]}]},{"@type":"ImageObject","inLanguage":"fr-FR","@id":"https:\/\/edmpco.com\/fr\/product\/magno-22with-keypad\/#primaryimage","url":"https:\/\/edmpco.com\/wp-content\/uploads\/2025\/11\/Magno-22-with.jpg","contentUrl":"https:\/\/edmpco.com\/wp-content\/uploads\/2025\/11\/Magno-22-with.jpg","width":1458,"height":1875},{"@type":"BreadcrumbList","@id":"https:\/\/edmpco.com\/fr\/product\/magno-22with-keypad\/#breadcrumb","itemListElement":[{"@type":"ListItem","position":1,"name":"Home","item":"https:\/\/edmpco.com\/"},{"@type":"ListItem","position":2,"name":"Shop","item":"https:\/\/edmpco.com\/shop\/"},{"@type":"ListItem","position":3,"name":"MAGNO 22 (avec clavier)"}]},{"@type":"WebSite","@id":"https:\/\/edmpco.com\/#website","url":"https:\/\/edmpco.com\/","name":"Edmpco","description":"Engineering, Design, Management & Planning | Product Show","publisher":{"@id":"https:\/\/edmpco.com\/#organization"},"potentialAction":[{"@type":"SearchAction","target":{"@type":"EntryPoint","urlTemplate":"https:\/\/edmpco.com\/?s={search_term_string}"},"query-input":{"@type":"PropertyValueSpecification","valueRequired":true,"valueName":"search_term_string"}}],"inLanguage":"fr-FR"},{"@type":"Organization","@id":"https:\/\/edmpco.com\/#organization","name":"Edmpco","url":"https:\/\/edmpco.com\/","logo":{"@type":"ImageObject","inLanguage":"fr-FR","@id":"https:\/\/edmpco.com\/#\/schema\/logo\/image\/","url":"https:\/\/edmpco.com\/wp-content\/uploads\/2025\/10\/EDMP.svg","contentUrl":"https:\/\/edmpco.com\/wp-content\/uploads\/2025\/10\/EDMP.svg","width":350,"height":105,"caption":"Edmpco"},"image":{"@id":"https:\/\/edmpco.com\/#\/schema\/logo\/image\/"}}]}},"_links":{"self":[{"href":"https:\/\/edmpco.com\/fr\/wp-json\/wp\/v2\/product\/7299","targetHints":{"allow":["GET"]}}],"collection":[{"href":"https:\/\/edmpco.com\/fr\/wp-json\/wp\/v2\/product"}],"about":[{"href":"https:\/\/edmpco.com\/fr\/wp-json\/wp\/v2\/types\/product"}],"replies":[{"embeddable":true,"href":"https:\/\/edmpco.com\/fr\/wp-json\/wp\/v2\/comments?post=7299"}],"wp:featuredmedia":[{"embeddable":true,"href":"https:\/\/edmpco.com\/fr\/wp-json\/wp\/v2\/media\/7301"}],"wp:attachment":[{"href":"https:\/\/edmpco.com\/fr\/wp-json\/wp\/v2\/media?parent=7299"}],"wp:term":[{"taxonomy":"product_brand","embeddable":true,"href":"https:\/\/edmpco.com\/fr\/wp-json\/wp\/v2\/product_brand?post=7299"},{"taxonomy":"product_cat","embeddable":true,"href":"https:\/\/edmpco.com\/fr\/wp-json\/wp\/v2\/product_cat?post=7299"},{"taxonomy":"product_tag","embeddable":true,"href":"https:\/\/edmpco.com\/fr\/wp-json\/wp\/v2\/product_tag?post=7299"}],"curies":[{"name":"wp","href":"https:\/\/api.w.org\/{rel}","templated":true}]}}